{"id":11571,"date":"2019-03-05T13:47:17","date_gmt":"2019-03-05T12:47:17","guid":{"rendered":"http:\/\/recarprofi.cz\/?page_id=11571"},"modified":"2024-04-25T08:15:17","modified_gmt":"2024-04-25T06:15:17","slug":"privesy-cynkomet","status":"publish","type":"page","link":"https:\/\/recarprofi.cz\/uvod\/zemedelska-technika\/doprava\/privesy-cynkomet\/","title":{"rendered":"P\u0159\u00edv\u011bsy Cynkomet"},"content":{"rendered":"\t\t<div data-elementor-type=\"wp-page\" data-elementor-id=\"11571\" class=\"elementor elementor-11571\">\n\t\t\t\t\t\t<section class=\"elementor-section elementor-top-section elementor-element elementor-element-4282a31 elementor-section-boxed elementor-section-height-default elementor-section-height-default\" data-id=\"4282a31\" data-element_type=\"section\" data-e-type=\"section\">\n\t\t\t\t\t\t<div class=\"elementor-container elementor-column-gap-default\">\n\t\t\t\t\t<div class=\"elementor-column elementor-col-100 elementor-top-column elementor-element elementor-element-78e5ca9\" data-id=\"78e5ca9\" data-element_type=\"column\" data-e-type=\"column\">\n\t\t\t<div class=\"elementor-widget-wrap elementor-element-populated\">\n\t\t\t\t\t\t<div class=\"elementor-element elementor-element-90c10d5 elementor-position-left elementor-vertical-align-top elementor-widget elementor-widget-image-box\" data-id=\"90c10d5\" data-element_type=\"widget\" data-e-type=\"widget\" data-widget_type=\"image-box.default\">\n\t\t\t\t<div class=\"elementor-widget-container\">\n\t\t\t\t\t<div class=\"elementor-image-box-wrapper\"><figure class=\"elementor-image-box-img\"><a href=\"https:\/\/recarprofi.cz\/uvod\/zemedelska-technika\/doprava\/privesy-cynkomet\/t-169-1\/\" tabindex=\"-1\"><img fetchpriority=\"high\" decoding=\"async\" width=\"1000\" height=\"667\" src=\"https:\/\/recarprofi.cz\/wp-content\/uploads\/2019\/03\/cynkomet-t169.1.jpg\" class=\"attachment-full size-full wp-image-11572\" alt=\"\" srcset=\"https:\/\/recarprofi.cz\/wp-content\/uploads\/2019\/03\/cynkomet-t169.1.jpg 1000w, https:\/\/recarprofi.cz\/wp-content\/uploads\/2019\/03\/cynkomet-t169.1-600x400.jpg 600w, https:\/\/recarprofi.cz\/wp-content\/uploads\/2019\/03\/cynkomet-t169.1-420x280.jpg 420w, https:\/\/recarprofi.cz\/wp-content\/uploads\/2019\/03\/cynkomet-t169.1-744x496.jpg 744w, https:\/\/recarprofi.cz\/wp-content\/uploads\/2019\/03\/cynkomet-t169.1-768x512.jpg 768w\" sizes=\"(max-width: 1000px) 100vw, 1000px\" \/><\/a><\/figure><div class=\"elementor-image-box-content\"><h3 class=\"elementor-image-box-title\"><a href=\"https:\/\/recarprofi.cz\/uvod\/zemedelska-technika\/doprava\/privesy-cynkomet\/t-169-1\/\">P\u0159\u00edv\u011bs Cynkomet T-169\/1<\/a><\/h3><p class=\"elementor-image-box-description\">Nosnost 4t.<\/p><\/div><\/div>\t\t\t\t<\/div>\n\t\t\t\t<\/div>\n\t\t\t\t\t<\/div>\n\t\t<\/div>\n\t\t\t\t\t<\/div>\n\t\t<\/section>\n\t\t\t\t<section class=\"elementor-section elementor-top-section elementor-element elementor-element-bd760b3 elementor-section-boxed elementor-section-height-default elementor-section-height-default\" data-id=\"bd760b3\" data-element_type=\"section\" data-e-type=\"section\">\n\t\t\t\t\t\t<div class=\"elementor-container elementor-column-gap-default\">\n\t\t\t\t\t<div class=\"elementor-column elementor-col-100 elementor-top-column elementor-element elementor-element-27a2f7f\" data-id=\"27a2f7f\" data-element_type=\"column\" data-e-type=\"column\">\n\t\t\t<div class=\"elementor-widget-wrap elementor-element-populated\">\n\t\t\t\t\t\t<div class=\"elementor-element elementor-element-0a8c752 elementor-position-left elementor-vertical-align-top elementor-widget elementor-widget-image-box\" data-id=\"0a8c752\" data-element_type=\"widget\" data-e-type=\"widget\" data-widget_type=\"image-box.default\">\n\t\t\t\t<div class=\"elementor-widget-container\">\n\t\t\t\t\t<div class=\"elementor-image-box-wrapper\"><figure class=\"elementor-image-box-img\"><a href=\"https:\/\/recarprofi.cz\/uvod\/zemedelska-technika\/doprava\/privesy-cynkomet\/t-169-2\/\" tabindex=\"-1\"><img decoding=\"async\" width=\"800\" height=\"497\" src=\"https:\/\/recarprofi.cz\/wp-content\/uploads\/2019\/03\/cynkomet-t169.21.png\" class=\"attachment-full size-full wp-image-11573\" alt=\"\" srcset=\"https:\/\/recarprofi.cz\/wp-content\/uploads\/2019\/03\/cynkomet-t169.21.png 800w, https:\/\/recarprofi.cz\/wp-content\/uploads\/2019\/03\/cynkomet-t169.21-600x373.png 600w, https:\/\/recarprofi.cz\/wp-content\/uploads\/2019\/03\/cynkomet-t169.21-420x261.png 420w, https:\/\/recarprofi.cz\/wp-content\/uploads\/2019\/03\/cynkomet-t169.21-744x462.png 744w, https:\/\/recarprofi.cz\/wp-content\/uploads\/2019\/03\/cynkomet-t169.21-768x477.png 768w\" sizes=\"(max-width: 800px) 100vw, 800px\" \/><\/a><\/figure><div class=\"elementor-image-box-content\"><h3 class=\"elementor-image-box-title\"><a href=\"https:\/\/recarprofi.cz\/uvod\/zemedelska-technika\/doprava\/privesy-cynkomet\/t-169-2\/\">P\u0159\u00edv\u011bs Cynkomet T-169\/2<\/a><\/h3><p class=\"elementor-image-box-description\">Nosnost 6t.<\/p><\/div><\/div>\t\t\t\t<\/div>\n\t\t\t\t<\/div>\n\t\t\t\t\t<\/div>\n\t\t<\/div>\n\t\t\t\t\t<\/div>\n\t\t<\/section>\n\t\t\t\t<section class=\"elementor-section elementor-top-section elementor-element elementor-element-b363b7c elementor-section-boxed elementor-section-height-default elementor-section-height-default\" data-id=\"b363b7c\" data-element_type=\"section\" data-e-type=\"section\">\n\t\t\t\t\t\t<div class=\"elementor-container elementor-column-gap-default\">\n\t\t\t\t\t<div class=\"elementor-column elementor-col-100 elementor-top-column elementor-element elementor-element-149bc09\" data-id=\"149bc09\" data-element_type=\"column\" data-e-type=\"column\">\n\t\t\t<div class=\"elementor-widget-wrap elementor-element-populated\">\n\t\t\t\t\t\t<div class=\"elementor-element elementor-element-fd332eb elementor-position-left elementor-vertical-align-top elementor-widget elementor-widget-image-box\" data-id=\"fd332eb\" data-element_type=\"widget\" data-e-type=\"widget\" data-widget_type=\"image-box.default\">\n\t\t\t\t<div class=\"elementor-widget-container\">\n\t\t\t\t\t<div class=\"elementor-image-box-wrapper\"><figure class=\"elementor-image-box-img\"><a href=\"https:\/\/recarprofi.cz\/uvod\/zemedelska-technika\/doprava\/privesy-cynkomet\/t-104-4\/\" tabindex=\"-1\"><img decoding=\"async\" width=\"1000\" height=\"667\" src=\"https:\/\/recarprofi.cz\/wp-content\/uploads\/2019\/03\/cynkomet-t104.4.jpg\" class=\"attachment-full size-full wp-image-11574\" alt=\"\" srcset=\"https:\/\/recarprofi.cz\/wp-content\/uploads\/2019\/03\/cynkomet-t104.4.jpg 1000w, https:\/\/recarprofi.cz\/wp-content\/uploads\/2019\/03\/cynkomet-t104.4-600x400.jpg 600w, https:\/\/recarprofi.cz\/wp-content\/uploads\/2019\/03\/cynkomet-t104.4-420x280.jpg 420w, https:\/\/recarprofi.cz\/wp-content\/uploads\/2019\/03\/cynkomet-t104.4-744x496.jpg 744w, https:\/\/recarprofi.cz\/wp-content\/uploads\/2019\/03\/cynkomet-t104.4-768x512.jpg 768w\" sizes=\"(max-width: 1000px) 100vw, 1000px\" \/><\/a><\/figure><div class=\"elementor-image-box-content\"><h3 class=\"elementor-image-box-title\"><a href=\"https:\/\/recarprofi.cz\/uvod\/zemedelska-technika\/doprava\/privesy-cynkomet\/t-104-4\/\">P\u0159\u00edv\u011bs Cynkomet T-104\/4<\/a><\/h3><p class=\"elementor-image-box-description\">Nosnost 8t.<\/p><\/div><\/div>\t\t\t\t<\/div>\n\t\t\t\t<\/div>\n\t\t\t\t\t<\/div>\n\t\t<\/div>\n\t\t\t\t\t<\/div>\n\t\t<\/section>\n\t\t\t\t<section class=\"elementor-section elementor-top-section elementor-element elementor-element-0338efe elementor-section-boxed elementor-section-height-default elementor-section-height-default\" data-id=\"0338efe\" data-element_type=\"section\" data-e-type=\"section\">\n\t\t\t\t\t\t<div class=\"elementor-container elementor-column-gap-default\">\n\t\t\t\t\t<div class=\"elementor-column elementor-col-100 elementor-top-column elementor-element elementor-element-8b16bf1\" data-id=\"8b16bf1\" data-element_type=\"column\" data-e-type=\"column\">\n\t\t\t<div class=\"elementor-widget-wrap elementor-element-populated\">\n\t\t\t\t\t\t<div class=\"elementor-element elementor-element-ba126a6 elementor-position-left elementor-vertical-align-top elementor-widget elementor-widget-image-box\" data-id=\"ba126a6\" data-element_type=\"widget\" data-e-type=\"widget\" data-widget_type=\"image-box.default\">\n\t\t\t\t<div class=\"elementor-widget-container\">\n\t\t\t\t\t<div class=\"elementor-image-box-wrapper\"><figure class=\"elementor-image-box-img\"><a href=\"https:\/\/recarprofi.cz\/uvod\/zemedelska-technika\/doprava\/privesy-cynkomet\/t-104-5\/\" tabindex=\"-1\"><img loading=\"lazy\" decoding=\"async\" width=\"1000\" height=\"667\" src=\"https:\/\/recarprofi.cz\/wp-content\/uploads\/2019\/03\/cynkomet-t104.5.jpg\" class=\"attachment-full size-full wp-image-11575\" alt=\"\" srcset=\"https:\/\/recarprofi.cz\/wp-content\/uploads\/2019\/03\/cynkomet-t104.5.jpg 1000w, https:\/\/recarprofi.cz\/wp-content\/uploads\/2019\/03\/cynkomet-t104.5-600x400.jpg 600w, https:\/\/recarprofi.cz\/wp-content\/uploads\/2019\/03\/cynkomet-t104.5-420x280.jpg 420w, https:\/\/recarprofi.cz\/wp-content\/uploads\/2019\/03\/cynkomet-t104.5-744x496.jpg 744w, https:\/\/recarprofi.cz\/wp-content\/uploads\/2019\/03\/cynkomet-t104.5-768x512.jpg 768w\" sizes=\"(max-width: 1000px) 100vw, 1000px\" \/><\/a><\/figure><div class=\"elementor-image-box-content\"><h3 class=\"elementor-image-box-title\"><a href=\"https:\/\/recarprofi.cz\/uvod\/zemedelska-technika\/doprava\/privesy-cynkomet\/t-104-5\/\">P\u0159\u00edv\u011bs Cynkomet T-104\/5<\/a><\/h3><p class=\"elementor-image-box-description\">Nosnost 9t.<\/p><\/div><\/div>\t\t\t\t<\/div>\n\t\t\t\t<\/div>\n\t\t\t\t\t<\/div>\n\t\t<\/div>\n\t\t\t\t\t<\/div>\n\t\t<\/section>\n\t\t\t\t<section class=\"elementor-section elementor-top-section elementor-element elementor-element-7f2dc63 elementor-section-boxed elementor-section-height-default elementor-section-height-default\" data-id=\"7f2dc63\" data-element_type=\"section\" data-e-type=\"section\">\n\t\t\t\t\t\t<div class=\"elementor-container elementor-column-gap-default\">\n\t\t\t\t\t<div class=\"elementor-column elementor-col-100 elementor-top-column elementor-element elementor-element-594621b\" data-id=\"594621b\" data-element_type=\"column\" data-e-type=\"column\">\n\t\t\t<div class=\"elementor-widget-wrap elementor-element-populated\">\n\t\t\t\t\t\t<div class=\"elementor-element elementor-element-8387594 elementor-position-left elementor-vertical-align-top elementor-widget elementor-widget-image-box\" data-id=\"8387594\" data-element_type=\"widget\" data-e-type=\"widget\" data-widget_type=\"image-box.default\">\n\t\t\t\t<div class=\"elementor-widget-container\">\n\t\t\t\t\t<div class=\"elementor-image-box-wrapper\"><figure class=\"elementor-image-box-img\"><a href=\"https:\/\/recarprofi.cz\/uvod\/zemedelska-technika\/doprava\/privesy-cynkomet\/t-104-6\/\" tabindex=\"-1\"><img loading=\"lazy\" decoding=\"async\" width=\"800\" height=\"453\" src=\"https:\/\/recarprofi.cz\/wp-content\/uploads\/2019\/03\/cynkomet-t104.6.png\" class=\"attachment-full size-full wp-image-11576\" alt=\"\" srcset=\"https:\/\/recarprofi.cz\/wp-content\/uploads\/2019\/03\/cynkomet-t104.6.png 800w, https:\/\/recarprofi.cz\/wp-content\/uploads\/2019\/03\/cynkomet-t104.6-600x340.png 600w, https:\/\/recarprofi.cz\/wp-content\/uploads\/2019\/03\/cynkomet-t104.6-420x238.png 420w, https:\/\/recarprofi.cz\/wp-content\/uploads\/2019\/03\/cynkomet-t104.6-744x421.png 744w, https:\/\/recarprofi.cz\/wp-content\/uploads\/2019\/03\/cynkomet-t104.6-768x435.png 768w\" sizes=\"(max-width: 800px) 100vw, 800px\" \/><\/a><\/figure><div class=\"elementor-image-box-content\"><h3 class=\"elementor-image-box-title\"><a href=\"https:\/\/recarprofi.cz\/uvod\/zemedelska-technika\/doprava\/privesy-cynkomet\/t-104-6\/\">P\u0159\u00edv\u011bs Cynkomet T-104\/6<\/a><\/h3><p class=\"elementor-image-box-description\">Nosnost 10t.<\/p><\/div><\/div>\t\t\t\t<\/div>\n\t\t\t\t<\/div>\n\t\t\t\t\t<\/div>\n\t\t<\/div>\n\t\t\t\t\t<\/div>\n\t\t<\/section>\n\t\t\t\t<section class=\"elementor-section elementor-top-section elementor-element elementor-element-83921be elementor-section-boxed elementor-section-height-default elementor-section-height-default\" data-id=\"83921be\" data-element_type=\"section\" data-e-type=\"section\">\n\t\t\t\t\t\t<div class=\"elementor-container elementor-column-gap-default\">\n\t\t\t\t\t<div class=\"elementor-column elementor-col-100 elementor-top-column elementor-element elementor-element-0159f71\" data-id=\"0159f71\" data-element_type=\"column\" data-e-type=\"column\">\n\t\t\t<div class=\"elementor-widget-wrap elementor-element-populated\">\n\t\t\t\t\t\t<div class=\"elementor-element elementor-element-b7907a6 elementor-position-left elementor-vertical-align-top elementor-widget elementor-widget-image-box\" data-id=\"b7907a6\" data-element_type=\"widget\" data-e-type=\"widget\" data-widget_type=\"image-box.default\">\n\t\t\t\t<div class=\"elementor-widget-container\">\n\t\t\t\t\t<div class=\"elementor-image-box-wrapper\"><figure class=\"elementor-image-box-img\"><a href=\"https:\/\/recarprofi.cz\/uvod\/zemedelska-technika\/doprava\/privesy-cynkomet\/t-149-1\/\" tabindex=\"-1\"><img loading=\"lazy\" decoding=\"async\" width=\"800\" height=\"490\" src=\"https:\/\/recarprofi.cz\/wp-content\/uploads\/2019\/03\/cynkomet-t149.2.png\" class=\"attachment-full size-full wp-image-11616\" alt=\"\" srcset=\"https:\/\/recarprofi.cz\/wp-content\/uploads\/2019\/03\/cynkomet-t149.2.png 800w, https:\/\/recarprofi.cz\/wp-content\/uploads\/2019\/03\/cynkomet-t149.2-600x368.png 600w, https:\/\/recarprofi.cz\/wp-content\/uploads\/2019\/03\/cynkomet-t149.2-420x257.png 420w, https:\/\/recarprofi.cz\/wp-content\/uploads\/2019\/03\/cynkomet-t149.2-744x456.png 744w, https:\/\/recarprofi.cz\/wp-content\/uploads\/2019\/03\/cynkomet-t149.2-768x470.png 768w\" sizes=\"(max-width: 800px) 100vw, 800px\" \/><\/a><\/figure><div class=\"elementor-image-box-content\"><h3 class=\"elementor-image-box-title\"><a href=\"https:\/\/recarprofi.cz\/uvod\/zemedelska-technika\/doprava\/privesy-cynkomet\/t-149-1\/\">P\u0159\u00edv\u011bs Cynkomet T-149\/1<\/a><\/h3><p class=\"elementor-image-box-description\">Nosnost 14t.<\/p><\/div><\/div>\t\t\t\t<\/div>\n\t\t\t\t<\/div>\n\t\t\t\t\t<\/div>\n\t\t<\/div>\n\t\t\t\t\t<\/div>\n\t\t<\/section>\n\t\t\t\t<\/div>\n\t\t","protected":false},"excerpt":{"rendered":"<p>P\u0159\u00edv\u011bs Cynkomet T-169\/1 Nosnost 4t. P\u0159\u00edv\u011bs Cynkomet T-169\/2 Nosnost 6t. P\u0159\u00edv\u011bs Cynkomet T-104\/4 Nosnost 8t. P\u0159\u00edv\u011bs Cynkomet T-104\/5 Nosnost 9t. P\u0159\u00edv\u011bs Cynkomet T-104\/6 Nosnost 10t. P\u0159\u00edv\u011bs Cynkomet T-149\/1 Nosnost 14t.<\/p>\n","protected":false},"author":1,"featured_media":11589,"parent":125,"menu_order":6,"comment_status":"closed","ping_status":"closed","template":"","meta":{"footnotes":""},"class_list":["post-11571","page","type-page","status-publish","has-post-thumbnail","hentry"],"_links":{"self":[{"href":"https:\/\/recarprofi.cz\/uvod\/wp-json\/wp\/v2\/pages\/11571","targetHints":{"allow":["GET"]}}],"collection":[{"href":"https:\/\/recarprofi.cz\/uvod\/wp-json\/wp\/v2\/pages"}],"about":[{"href":"https:\/\/recarprofi.cz\/uvod\/wp-json\/wp\/v2\/types\/page"}],"author":[{"embeddable":true,"href":"https:\/\/recarprofi.cz\/uvod\/wp-json\/wp\/v2\/users\/1"}],"replies":[{"embeddable":true,"href":"https:\/\/recarprofi.cz\/uvod\/wp-json\/wp\/v2\/comments?post=11571"}],"version-history":[{"count":43,"href":"https:\/\/recarprofi.cz\/uvod\/wp-json\/wp\/v2\/pages\/11571\/revisions"}],"predecessor-version":[{"id":30828,"href":"https:\/\/recarprofi.cz\/uvod\/wp-json\/wp\/v2\/pages\/11571\/revisions\/30828"}],"up":[{"embeddable":true,"href":"https:\/\/recarprofi.cz\/uvod\/wp-json\/wp\/v2\/pages\/125"}],"wp:featuredmedia":[{"embeddable":true,"href":"https:\/\/recarprofi.cz\/uvod\/wp-json\/wp\/v2\/media\/11589"}],"wp:attachment":[{"href":"https:\/\/recarprofi.cz\/uvod\/wp-json\/wp\/v2\/media?parent=11571"}],"curies":[{"name":"wp","href":"https:\/\/api.w.org\/{rel}","templated":true}]}}