{"id":11591,"date":"2019-03-05T14:41:20","date_gmt":"2019-03-05T13:41:20","guid":{"rendered":"http:\/\/recarprofi.cz\/?page_id=11591"},"modified":"2024-04-25T08:08:31","modified_gmt":"2024-04-25T06:08:31","slug":"t-169-2","status":"publish","type":"page","link":"https:\/\/recarprofi.cz\/uvod\/zemedelska-technika\/doprava\/privesy-cynkomet\/t-169-2\/","title":{"rendered":"P\u0159\u00edv\u011bs Cynkomet T-169\/2"},"content":{"rendered":"\t\t<div data-elementor-type=\"wp-page\" data-elementor-id=\"11591\" class=\"elementor elementor-11591\">\n\t\t\t\t\t\t<section class=\"elementor-section elementor-top-section elementor-element elementor-element-e86c4e5 elementor-section-boxed elementor-section-height-default elementor-section-height-default\" data-id=\"e86c4e5\" data-element_type=\"section\" data-e-type=\"section\">\n\t\t\t\t\t\t<div class=\"elementor-container elementor-column-gap-default\">\n\t\t\t\t\t<div class=\"elementor-column elementor-col-100 elementor-top-column elementor-element elementor-element-49e69c0c\" data-id=\"49e69c0c\" data-element_type=\"column\" data-e-type=\"column\">\n\t\t\t<div class=\"elementor-widget-wrap elementor-element-populated\">\n\t\t\t\t\t\t<div class=\"elementor-element elementor-element-467d0f05 elementor-widget elementor-widget-text-editor\" data-id=\"467d0f05\" data-element_type=\"widget\" data-e-type=\"widget\" data-widget_type=\"text-editor.default\">\n\t\t\t\t<div class=\"elementor-widget-container\">\n\t\t\t\t\t\t\t\t\t<p><a href=\"http:\/\/recarprofi.cz\/wp-content\/uploads\/2019\/03\/cynkomet-t169.21.png\"><img fetchpriority=\"high\" decoding=\"async\" class=\"aligncenter wp-image-11573 size-full\" src=\"https:\/\/recarprofi.cz\/wp-content\/uploads\/2019\/03\/cynkomet-t169.21.png\" alt=\"\" width=\"800\" height=\"497\" srcset=\"https:\/\/recarprofi.cz\/wp-content\/uploads\/2019\/03\/cynkomet-t169.21.png 800w, https:\/\/recarprofi.cz\/wp-content\/uploads\/2019\/03\/cynkomet-t169.21-600x373.png 600w, https:\/\/recarprofi.cz\/wp-content\/uploads\/2019\/03\/cynkomet-t169.21-420x261.png 420w, https:\/\/recarprofi.cz\/wp-content\/uploads\/2019\/03\/cynkomet-t169.21-744x462.png 744w, https:\/\/recarprofi.cz\/wp-content\/uploads\/2019\/03\/cynkomet-t169.21-768x477.png 768w\" sizes=\"(max-width: 800px) 100vw, 800px\" \/><\/a><\/p><p>Traktorov\u00fd p\u0159\u00edv\u011bs CYNKOMET T 169\/2 m\u00e1 t\u0159\u00edstrann\u011b sklopnou korbu. P\u0159\u00edv\u011bs m\u00e1 nosnost 6 tun. \u017d\u00e1rov\u011b pozinkovan\u00e9 bo\u010dnice, oto\u010dn\u00e9 oje a r\u00e1m. Podlaha o tlou\u0161\u0165ce 4 mm je opat\u0159ena povrchov\u00fdm n\u00e1t\u011brem. Oj typu &#8222;Y&#8220; s pevn\u00fdm okem 40 mm. Centr\u00e1ln\u00ed ji\u0161t\u011bn\u00ed bo\u010dnic. Zadn\u00ed bo\u010dnice je vybavena v\u00fdsypn\u00fdm ok\u00e9nkem. \u017deb\u0159\u00edk a vnit\u0159n\u00ed n\u00e1\u0161lapy umo\u017e\u0148uj\u00edc\u00ed vstup do korby. Zakl\u00e1dac\u00ed kl\u00edny kol.<\/p><p><strong>Technick\u00e9 parametry:<\/strong><\/p><table><tbody><tr><td>Maxim\u00e1ln\u00ed rychlost<\/td><td>30 km\/h<\/td><\/tr><tr><td>Rozchod kol<\/td><td>1700 mm<\/td><\/tr><tr><td>Nakl\u00e1dac\u00ed v\u00fd\u0161ka<\/td><td>1130 mm<\/td><\/tr><tr><td>S\u00edla podlahy\/bo\u010dnic<\/td><td>4\/2 mm<\/td><\/tr><tr><td>V\u00fd\u0161ka bo\u010dnic<\/td><td>500 mm<\/td><\/tr><tr><td>Celkov\u00e9 rozm\u011bry (dx\u0161xv]<\/td><td>6080\/2300\/1680(2180)<\/td><\/tr><tr><td>Vnit\u0159n\u00ed d\u00e9lka korby<\/td><td>4020 mm<\/td><\/tr><tr><td>Odpru\u017een\u00ed<\/td><td>parabolick\u00e9 p\u00e9ra<\/td><\/tr><tr><td>Nosnost<\/td><td>6310 kg<\/td><\/tr><tr><td>Lo\u017en\u00e1 plocha<\/td><td>6,8 m\u00b2<\/td><\/tr><tr><td>P\u0159\u00edpustn\u00e1 celkov\u00e1 hmotnost<\/td><td>8250 kg<\/td><\/tr><tr><td>Kola<\/td><td>11,5\/80-15,3 12 PR<\/td><\/tr><tr><td>Vlastn\u00ed hmotnost<\/td><td>1940 kg<\/td><\/tr><tr><td>Objem sk\u0159\u00edn\u011b<\/td><td>4,2 m\u00b3<\/td><\/tr><tr><td>Vnit\u0159n\u00ed \u0161\u00ed\u0159ka korby<\/td><td>2150 mm<\/td><\/tr><\/tbody><\/table><p><a href=\"http:\/\/recarprofi.cz\/wp-content\/uploads\/2019\/03\/cynkomet-t169.12.jpg\"><img decoding=\"async\" class=\"aligncenter wp-image-11587 size-full\" src=\"https:\/\/recarprofi.cz\/wp-content\/uploads\/2019\/03\/cynkomet-t169.12.jpg\" alt=\"\" width=\"1000\" height=\"667\" srcset=\"https:\/\/recarprofi.cz\/wp-content\/uploads\/2019\/03\/cynkomet-t169.12.jpg 1000w, https:\/\/recarprofi.cz\/wp-content\/uploads\/2019\/03\/cynkomet-t169.12-600x400.jpg 600w, https:\/\/recarprofi.cz\/wp-content\/uploads\/2019\/03\/cynkomet-t169.12-420x280.jpg 420w, https:\/\/recarprofi.cz\/wp-content\/uploads\/2019\/03\/cynkomet-t169.12-744x496.jpg 744w, https:\/\/recarprofi.cz\/wp-content\/uploads\/2019\/03\/cynkomet-t169.12-768x512.jpg 768w\" sizes=\"(max-width: 1000px) 100vw, 1000px\" \/><\/a><a href=\"http:\/\/recarprofi.cz\/wp-content\/uploads\/2019\/03\/cynkomet-t169.11.jpg\"><img decoding=\"async\" class=\"aligncenter wp-image-11586 size-full\" src=\"https:\/\/recarprofi.cz\/wp-content\/uploads\/2019\/03\/cynkomet-t169.11.jpg\" alt=\"\" width=\"1000\" height=\"667\" srcset=\"https:\/\/recarprofi.cz\/wp-content\/uploads\/2019\/03\/cynkomet-t169.11.jpg 1000w, https:\/\/recarprofi.cz\/wp-content\/uploads\/2019\/03\/cynkomet-t169.11-600x400.jpg 600w, https:\/\/recarprofi.cz\/wp-content\/uploads\/2019\/03\/cynkomet-t169.11-420x280.jpg 420w, https:\/\/recarprofi.cz\/wp-content\/uploads\/2019\/03\/cynkomet-t169.11-744x496.jpg 744w, https:\/\/recarprofi.cz\/wp-content\/uploads\/2019\/03\/cynkomet-t169.11-768x512.jpg 768w\" sizes=\"(max-width: 1000px) 100vw, 1000px\" \/><\/a><\/p><p><a href=\"http:\/\/recarprofi.cz\/wp-content\/uploads\/2019\/03\/cynkomet-t169.2.jpg\"><img loading=\"lazy\" decoding=\"async\" class=\"aligncenter wp-image-11593 size-full\" src=\"http:\/\/recarprofi.cz\/wp-content\/uploads\/2019\/03\/cynkomet-t169.2.jpg\" alt=\"\" width=\"1000\" height=\"667\" srcset=\"https:\/\/recarprofi.cz\/wp-content\/uploads\/2019\/03\/cynkomet-t169.2.jpg 1000w, https:\/\/recarprofi.cz\/wp-content\/uploads\/2019\/03\/cynkomet-t169.2-600x400.jpg 600w, https:\/\/recarprofi.cz\/wp-content\/uploads\/2019\/03\/cynkomet-t169.2-420x280.jpg 420w, https:\/\/recarprofi.cz\/wp-content\/uploads\/2019\/03\/cynkomet-t169.2-744x496.jpg 744w, https:\/\/recarprofi.cz\/wp-content\/uploads\/2019\/03\/cynkomet-t169.2-768x512.jpg 768w\" sizes=\"(max-width: 1000px) 100vw, 1000px\" \/><\/a><\/p>\t\t\t\t\t\t\t\t<\/div>\n\t\t\t\t<\/div>\n\t\t\t\t\t<\/div>\n\t\t<\/div>\n\t\t\t\t\t<\/div>\n\t\t<\/section>\n\t\t\t\t<\/div>\n\t\t","protected":false},"excerpt":{"rendered":"<p>Traktorov\u00fd p\u0159\u00edv\u011bs CYNKOMET T 169\/2 m\u00e1 t\u0159\u00edstrann\u011b sklopnou korbu. P\u0159\u00edv\u011bs m\u00e1 nosnost 6 tun. \u017d\u00e1rov\u011b pozinkovan\u00e9 bo\u010dnice, oto\u010dn\u00e9 oje a r\u00e1m. Podlaha o tlou\u0161\u0165ce 4 mm je opat\u0159ena povrchov\u00fdm n\u00e1t\u011brem. Oj typu &#8222;Y&#8220; s pevn\u00fdm&hellip;<\/p>\n","protected":false},"author":1,"featured_media":0,"parent":11571,"menu_order":2,"comment_status":"closed","ping_status":"closed","template":"","meta":{"footnotes":""},"class_list":["post-11591","page","type-page","status-publish","hentry"],"_links":{"self":[{"href":"https:\/\/recarprofi.cz\/uvod\/wp-json\/wp\/v2\/pages\/11591","targetHints":{"allow":["GET"]}}],"collection":[{"href":"https:\/\/recarprofi.cz\/uvod\/wp-json\/wp\/v2\/pages"}],"about":[{"href":"https:\/\/recarprofi.cz\/uvod\/wp-json\/wp\/v2\/types\/page"}],"author":[{"embeddable":true,"href":"https:\/\/recarprofi.cz\/uvod\/wp-json\/wp\/v2\/users\/1"}],"replies":[{"embeddable":true,"href":"https:\/\/recarprofi.cz\/uvod\/wp-json\/wp\/v2\/comments?post=11591"}],"version-history":[{"count":5,"href":"https:\/\/recarprofi.cz\/uvod\/wp-json\/wp\/v2\/pages\/11591\/revisions"}],"predecessor-version":[{"id":20881,"href":"https:\/\/recarprofi.cz\/uvod\/wp-json\/wp\/v2\/pages\/11591\/revisions\/20881"}],"up":[{"embeddable":true,"href":"https:\/\/recarprofi.cz\/uvod\/wp-json\/wp\/v2\/pages\/11571"}],"wp:attachment":[{"href":"https:\/\/recarprofi.cz\/uvod\/wp-json\/wp\/v2\/media?parent=11591"}],"curies":[{"name":"wp","href":"https:\/\/api.w.org\/{rel}","templated":true}]}}