{"id":11802,"date":"2019-03-26T13:18:07","date_gmt":"2019-03-26T12:18:07","guid":{"rendered":"http:\/\/recarprofi.cz\/?page_id=11802"},"modified":"2024-04-26T10:18:20","modified_gmt":"2024-04-26T08:18:20","slug":"unia-fenix","status":"publish","type":"page","link":"https:\/\/recarprofi.cz\/uvod\/zemedelska-technika\/puda\/seci-stroje\/unia-fenix\/","title":{"rendered":"Pneumatick\u00e9 sec\u00ed kombinace Unia Fenix"},"content":{"rendered":"\t\t<div data-elementor-type=\"wp-page\" data-elementor-id=\"11802\" class=\"elementor elementor-11802\">\n\t\t\t\t\t\t<section class=\"elementor-section elementor-top-section elementor-element elementor-element-fe989ee elementor-section-boxed elementor-section-height-default elementor-section-height-default\" data-id=\"fe989ee\" data-element_type=\"section\" data-e-type=\"section\">\n\t\t\t\t\t\t<div class=\"elementor-container elementor-column-gap-default\">\n\t\t\t\t\t<div class=\"elementor-column elementor-col-100 elementor-top-column elementor-element elementor-element-4a1f2b7\" data-id=\"4a1f2b7\" data-element_type=\"column\" data-e-type=\"column\">\n\t\t\t<div class=\"elementor-widget-wrap elementor-element-populated\">\n\t\t\t\t\t\t<div class=\"elementor-element elementor-element-00eee56 elementor-position-left elementor-vertical-align-top elementor-widget elementor-widget-image-box\" data-id=\"00eee56\" data-element_type=\"widget\" data-e-type=\"widget\" data-widget_type=\"image-box.default\">\n\t\t\t\t<div class=\"elementor-widget-container\">\n\t\t\t\t\t<div class=\"elementor-image-box-wrapper\"><figure class=\"elementor-image-box-img\"><a href=\"https:\/\/recarprofi.cz\/uvod\/zemedelska-technika\/puda\/seci-stroje\/unia-fenix\/700-3d\/\" tabindex=\"-1\"><img fetchpriority=\"high\" decoding=\"async\" width=\"1600\" height=\"1066\" src=\"https:\/\/recarprofi.cz\/wp-content\/uploads\/2019\/03\/unia-fenix-700.jpg\" class=\"attachment-full size-full wp-image-11808\" alt=\"\" srcset=\"https:\/\/recarprofi.cz\/wp-content\/uploads\/2019\/03\/unia-fenix-700.jpg 1600w, https:\/\/recarprofi.cz\/wp-content\/uploads\/2019\/03\/unia-fenix-700-600x400.jpg 600w, https:\/\/recarprofi.cz\/wp-content\/uploads\/2019\/03\/unia-fenix-700-420x280.jpg 420w, https:\/\/recarprofi.cz\/wp-content\/uploads\/2019\/03\/unia-fenix-700-744x496.jpg 744w, https:\/\/recarprofi.cz\/wp-content\/uploads\/2019\/03\/unia-fenix-700-768x512.jpg 768w, https:\/\/recarprofi.cz\/wp-content\/uploads\/2019\/03\/unia-fenix-700-1200x800.jpg 1200w\" sizes=\"(max-width: 1600px) 100vw, 1600px\" \/><\/a><\/figure><div class=\"elementor-image-box-content\"><h3 class=\"elementor-image-box-title\"><a href=\"https:\/\/recarprofi.cz\/uvod\/zemedelska-technika\/puda\/seci-stroje\/unia-fenix\/700-3d\/\">Pneumatick\u00e1 sec\u00ed kombinace Fenix 700<\/a><\/h3><p class=\"elementor-image-box-description\">Pracovn\u00ed z\u00e1b\u011br 3m.<\/p><\/div><\/div>\t\t\t\t<\/div>\n\t\t\t\t<\/div>\n\t\t\t\t\t<\/div>\n\t\t<\/div>\n\t\t\t\t\t<\/div>\n\t\t<\/section>\n\t\t\t\t<section class=\"elementor-section elementor-top-section elementor-element elementor-element-bde2f53 elementor-section-boxed elementor-section-height-default elementor-section-height-default\" data-id=\"bde2f53\" data-element_type=\"section\" data-e-type=\"section\">\n\t\t\t\t\t\t<div class=\"elementor-container elementor-column-gap-default\">\n\t\t\t\t\t<div class=\"elementor-column elementor-col-100 elementor-top-column elementor-element elementor-element-6ae0119\" data-id=\"6ae0119\" data-element_type=\"column\" data-e-type=\"column\">\n\t\t\t<div class=\"elementor-widget-wrap elementor-element-populated\">\n\t\t\t\t\t\t<div class=\"elementor-element elementor-element-710c074 elementor-position-left elementor-vertical-align-top elementor-widget elementor-widget-image-box\" data-id=\"710c074\" data-element_type=\"widget\" data-e-type=\"widget\" data-widget_type=\"image-box.default\">\n\t\t\t\t<div class=\"elementor-widget-container\">\n\t\t\t\t\t<div class=\"elementor-image-box-wrapper\"><figure class=\"elementor-image-box-img\"><a href=\"https:\/\/recarprofi.cz\/uvod\/zemedelska-technika\/puda\/seci-stroje\/unia-fenix\/3000-2\/\" tabindex=\"-1\"><img decoding=\"async\" width=\"1280\" height=\"853\" src=\"https:\/\/recarprofi.cz\/wp-content\/uploads\/2019\/03\/unia-fenix-3000.jpg\" class=\"attachment-full size-full wp-image-11805\" alt=\"\" srcset=\"https:\/\/recarprofi.cz\/wp-content\/uploads\/2019\/03\/unia-fenix-3000.jpg 1280w, https:\/\/recarprofi.cz\/wp-content\/uploads\/2019\/03\/unia-fenix-3000-600x400.jpg 600w, https:\/\/recarprofi.cz\/wp-content\/uploads\/2019\/03\/unia-fenix-3000-420x280.jpg 420w, https:\/\/recarprofi.cz\/wp-content\/uploads\/2019\/03\/unia-fenix-3000-744x496.jpg 744w, https:\/\/recarprofi.cz\/wp-content\/uploads\/2019\/03\/unia-fenix-3000-768x512.jpg 768w, https:\/\/recarprofi.cz\/wp-content\/uploads\/2019\/03\/unia-fenix-3000-1200x800.jpg 1200w\" sizes=\"(max-width: 1280px) 100vw, 1280px\" \/><\/a><\/figure><div class=\"elementor-image-box-content\"><h3 class=\"elementor-image-box-title\"><a href=\"https:\/\/recarprofi.cz\/uvod\/zemedelska-technika\/puda\/seci-stroje\/unia-fenix\/3000-2\/\">Pneumatick\u00e1 sec\u00ed kombinace Fenix 3000<\/a><\/h3><p class=\"elementor-image-box-description\">Pracovn\u00ed z\u00e1b\u011br od 3 do 6m.<\/p><\/div><\/div>\t\t\t\t<\/div>\n\t\t\t\t<\/div>\n\t\t\t\t\t<\/div>\n\t\t<\/div>\n\t\t\t\t\t<\/div>\n\t\t<\/section>\n\t\t\t\t<\/div>\n\t\t","protected":false},"excerpt":{"rendered":"<p>Pneumatick\u00e1 sec\u00ed kombinace Fenix 700 Pracovn\u00ed z\u00e1b\u011br 3m. Pneumatick\u00e1 sec\u00ed kombinace Fenix 3000 Pracovn\u00ed z\u00e1b\u011br od 3 do 6m.<\/p>\n","protected":false},"author":1,"featured_media":0,"parent":2348,"menu_order":4,"comment_status":"closed","ping_status":"closed","template":"","meta":{"footnotes":""},"class_list":["post-11802","page","type-page","status-publish","hentry"],"_links":{"self":[{"href":"https:\/\/recarprofi.cz\/uvod\/wp-json\/wp\/v2\/pages\/11802","targetHints":{"allow":["GET"]}}],"collection":[{"href":"https:\/\/recarprofi.cz\/uvod\/wp-json\/wp\/v2\/pages"}],"about":[{"href":"https:\/\/recarprofi.cz\/uvod\/wp-json\/wp\/v2\/types\/page"}],"author":[{"embeddable":true,"href":"https:\/\/recarprofi.cz\/uvod\/wp-json\/wp\/v2\/users\/1"}],"replies":[{"embeddable":true,"href":"https:\/\/recarprofi.cz\/uvod\/wp-json\/wp\/v2\/comments?post=11802"}],"version-history":[{"count":23,"href":"https:\/\/recarprofi.cz\/uvod\/wp-json\/wp\/v2\/pages\/11802\/revisions"}],"predecessor-version":[{"id":31269,"href":"https:\/\/recarprofi.cz\/uvod\/wp-json\/wp\/v2\/pages\/11802\/revisions\/31269"}],"up":[{"embeddable":true,"href":"https:\/\/recarprofi.cz\/uvod\/wp-json\/wp\/v2\/pages\/2348"}],"wp:attachment":[{"href":"https:\/\/recarprofi.cz\/uvod\/wp-json\/wp\/v2\/media?parent=11802"}],"curies":[{"name":"wp","href":"https:\/\/api.w.org\/{rel}","templated":true}]}}