{"id":13027,"date":"2019-08-07T10:53:11","date_gmt":"2019-08-07T08:53:11","guid":{"rendered":"http:\/\/recarprofi.cz\/?page_id=13027"},"modified":"2019-12-12T15:45:16","modified_gmt":"2019-12-12T14:45:16","slug":"obchodni-podminky","status":"publish","type":"page","link":"https:\/\/recarprofi.cz\/uvod\/obchodni-podminky\/","title":{"rendered":"Obchodn\u00ed podm\u00ednky"},"content":{"rendered":"\t\t<div data-elementor-type=\"wp-post\" data-elementor-id=\"13027\" class=\"elementor elementor-13027\">\n\t\t\t\t\t\t<section class=\"elementor-section elementor-top-section elementor-element elementor-element-73834c1 elementor-section-boxed elementor-section-height-default elementor-section-height-default\" data-id=\"73834c1\" data-element_type=\"section\" data-e-type=\"section\">\n\t\t\t\t\t\t<div class=\"elementor-container elementor-column-gap-default\">\n\t\t\t\t\t<div class=\"elementor-column elementor-col-100 elementor-top-column elementor-element elementor-element-ef572f9\" data-id=\"ef572f9\" data-element_type=\"column\" data-e-type=\"column\">\n\t\t\t<div class=\"elementor-widget-wrap elementor-element-populated\">\n\t\t\t\t\t\t<div class=\"elementor-element elementor-element-1092a71 elementor-widget elementor-widget-text-editor\" data-id=\"1092a71\" data-element_type=\"widget\" data-e-type=\"widget\" data-widget_type=\"text-editor.default\">\n\t\t\t\t<div class=\"elementor-widget-container\">\n\t\t\t\t\t\t\t\t\t<p>Obchodn\u00ed podm\u00ednky.<\/p><p><strong> 1. \u00davodn\u00ed ustanoven\u00ed<\/strong><\/p><p>Tyto obchodn\u00ed podm\u00ednky plat\u00ed pro n\u00e1kup v internetov\u00e9m obchod\u011b spole\u010dnost\u00ed RECAR PROFI s.r.o. Podm\u00ednky vymezuj\u00ed a up\u0159es\u0148uj\u00ed pr\u00e1va a povinnosti prod\u00e1vaj\u00edc\u00edho, kter\u00fdm je spole\u010dnost RECAR PROFI s.r.o., se s\u00eddlem Plze\u0148sk\u00e1 368, 349 01 St\u0159\u00edbro, I\u010c: 25233513, zapsan\u00e1 v obchodn\u00edm rejst\u0159\u00edku odd\u00edl C., vlo\u017eka 11251 u rejst\u0159\u00edkov\u00e9ho soudu v Plzn\u00ed a kupuj\u00edc\u00edho (z\u00e1kazn\u00edk, spot\u0159ebitel). Ve\u0161ker\u00e9 smluvn\u00ed vztahy jsou uzav\u0159eny v souladu s pr\u00e1vn\u00edm \u0159\u00e1dem \u010cesk\u00e9 republiky. Je-li smluvn\u00ed stranou spot\u0159ebitel, \u0159\u00edd\u00ed se vztahy neupraven\u00e9 obchodn\u00edmi podm\u00ednkami ob\u010dansk\u00fdm z\u00e1kon\u00edkem (\u010d. 89\/2012 Sb.) a z\u00e1konem o ochran\u011b spot\u0159ebitele (\u010d. 634\/1992 Sb.). Je-li smluvn\u00ed stranou nikoli spot\u0159ebitel, \u0159\u00edd\u00ed se vztahy neupraven\u00e9 obchodn\u00edmi podm\u00ednkami ob\u010dansk\u00fdm z\u00e1kon\u00edkem (\u010d. 89\/2012 Sb.).<\/p><p><strong>2. Definice pojm\u016f <\/strong><\/p><p>Prod\u00e1vaj\u00edc\u00ed je obchodn\u00ed spole\u010dnost RECAR PROFI s r.o., se s\u00eddlem Plze\u0148sk\u00e1 368, 349 01 St\u0159\u00edbro, I\u010c: 25233513, zapsan\u00e1 v obchodn\u00edm rejst\u0159\u00edku veden\u00e9m Krajsk\u00fdm soudem V Plzn\u00ed, odd\u00edl C., vlo\u017eka 11251. Spole\u010dnost RECAR PROFI s r.o. je osoba, kter\u00e1 p\u0159i uzav\u00edr\u00e1n\u00ed a pln\u011bn\u00ed smlouvy jedn\u00e1 v r\u00e1mci sv\u00e9 obchodn\u00ed nebo jin\u00e9 podnikatelsk\u00e9 \u010dinnosti. Je to podnikatel, kter\u00fd p\u0159\u00edmo nebo prost\u0159ednictv\u00edm jin\u00fdch podnikatel\u016f dod\u00e1v\u00e1 kupuj\u00edc\u00edmu v\u00fdrobky nebo poskytuje slu\u017eby. Z\u00e1kazn\u00edkem na\u0161eho internetov\u00e9ho obchodu je kupuj\u00edc\u00ed. Vzhledem k platn\u00e9 pr\u00e1vn\u00ed \u00faprav\u011b se rozli\u0161uje kupuj\u00edc\u00ed, kter\u00fd je spot\u0159ebitelem a kupuj\u00edc\u00ed, kter\u00fd spot\u0159ebitelem nen\u00ed. Kupuj\u00edc\u00ed spot\u0159ebitel nebo jen spot\u0159ebitel je ka\u017ed\u00fd \u010dlov\u011bk, kter\u00fd mimo r\u00e1mec sv\u00e9 podnikatelsk\u00e9 \u010dinnosti nebo mimo r\u00e1mec samostatn\u00e9ho v\u00fdkonu sv\u00e9ho povol\u00e1n\u00ed uzav\u00edr\u00e1 smlouvu s podnikatelem nebo s n\u00edm jinak jedn\u00e1. Kupuj\u00edc\u00ed, kter\u00fd nen\u00ed spot\u0159ebitel, je podnikatel. Za podnikatele se pova\u017euje tak\u00e9 ka\u017ed\u00e1 osoba, kter\u00e1 uzav\u00edr\u00e1 smlouvy souvisej\u00edc\u00ed s vlastn\u00ed obchodn\u00ed, v\u00fdrobn\u00ed nebo obdobnou \u010dinnost\u00ed \u010di p\u0159i samostatn\u00e9m v\u00fdkonu sv\u00e9ho povol\u00e1n\u00ed, pop\u0159\u00edpad\u011b osoba, kter\u00e1 jedn\u00e1 jm\u00e9nem nebo na \u00fa\u010det podnikatele.<\/p><p><strong>3. Uzav\u0159en\u00ed kupn\u00ed smlouvy<\/strong><\/p><p>Je-li kupuj\u00edc\u00edm spot\u0159ebitel, n\u00e1vrhem k uzav\u0159en\u00ed kupn\u00ed smlouvy (nab\u00eddkou) je um\u00edst\u011bn\u00ed nab\u00edzen\u00e9ho zbo\u017e\u00ed dodavatelem na str\u00e1nky, kupn\u00ed smlouva vznik\u00e1 odesl\u00e1n\u00edm objedn\u00e1vky kupuj\u00edc\u00edm spot\u0159ebitelem a p\u0159ijet\u00edm objedn\u00e1vky dodavatelem. Toto p\u0159ijet\u00ed dodavatel neprodlen\u011b potvrd\u00ed kupuj\u00edc\u00edmu informativn\u00edm e-mailem na zadan\u00fd e-mail, na vznik smlouvy v\u0161ak toto potvrzen\u00ed nem\u00e1 vliv. Vzniklou smlouvu (v\u010detn\u011b dohodnut\u00e9 ceny) lze m\u011bnit nebo ru\u0161it pouze na z\u00e1klad\u011b dohody stran nebo na z\u00e1klad\u011b z\u00e1konn\u00fdch d\u016fvod\u016f.<br \/>Fotografie zbo\u017e\u00ed jsou ilustrativn\u00ed a m\u016f\u017eou se li\u0161it (nap\u0159\u00edklad barvou, designem, dopl\u0148ky, balen\u00edm a podobn\u011b).<br \/>P\u0159ed zasl\u00e1n\u00edm objedn\u00e1vky prod\u00e1vaj\u00edc\u00edmu je kupuj\u00edc\u00edmu umo\u017en\u011bno zkontrolovat a m\u011bnit \u00fadaje, kter\u00e9 do objedn\u00e1vky kupuj\u00edc\u00ed vlo\u017eil, a to i s ohledem na mo\u017enost kupuj\u00edc\u00edho zji\u0161\u0165ovat a opravovat chyby vznikl\u00e9 p\u0159i zad\u00e1v\u00e1n\u00ed dat do objedn\u00e1vky. Objedn\u00e1vku ode\u0161le kupuj\u00edc\u00ed prod\u00e1vaj\u00edc\u00edmu kliknut\u00edm na tla\u010d\u00edtko \u201eOdeslat z\u00e1vaznou objedn\u00e1vku&#8220;.<br \/>Prod\u00e1vaj\u00edc\u00ed je v\u017edy opr\u00e1vn\u011bn v z\u00e1vislosti na charakteru objedn\u00e1vky (mno\u017estv\u00ed zbo\u017e\u00ed, v\u00fd\u0161e kupn\u00ed ceny, p\u0159edpokl\u00e1dan\u00e9 n\u00e1klady na dopravu) po\u017e\u00e1dat kupuj\u00edc\u00edho o dodate\u010dn\u00e9 potvrzen\u00ed objedn\u00e1vky (nap\u0159\u00edklad p\u00edsemn\u011b e-mailem \u010di telefonicky).<br \/>Nen\u00ed-li kupuj\u00edc\u00edm spot\u0159ebitel, n\u00e1vrhem na uzav\u0159en\u00ed kupn\u00ed smlouvy je odeslan\u00e1 objedn\u00e1vka zbo\u017e\u00ed kupuj\u00edc\u00edm a samotn\u00e1 kupn\u00ed smlouva je uzav\u0159ena momentem doru\u010den\u00ed z\u00e1vazn\u00e9ho souhlasu prod\u00e1vaj\u00edc\u00edho kupuj\u00edc\u00edmu s t\u00edmto jeho n\u00e1vrhem.<br \/>Uzav\u0159en\u00edm kupn\u00ed smlouvy kupuj\u00edc\u00ed stvrzuje, \u017ee se sezn\u00e1mil s t\u011bmito obchodn\u00edmi podm\u00ednkami, v\u010detn\u011b reklama\u010dn\u00edho \u0159\u00e1du, a \u017ee s nimi souhlas\u00ed. Na tyto obchodn\u00ed podm\u00ednky a reklama\u010dn\u00ed \u0159\u00e1d je kupuj\u00edc\u00ed dostate\u010dn\u00fdm zp\u016fsobem p\u0159ed vlastn\u00edm uskute\u010dn\u011bn\u00edm objedn\u00e1vky upozorn\u011bn a m\u00e1 mo\u017enost se s nimi sezn\u00e1mit.<br \/>B\u011bh lh\u016fty pro vy\u0159\u00edzen\u00ed reklamac\u00ed je pozastaven v p\u0159\u00edpad\u011b, \u017ee prod\u00e1vaj\u00edc\u00ed neobdr\u017eel ve\u0161ker\u00e9 podklady pot\u0159ebn\u00e9 pro vy\u0159\u00edzen\u00ed reklamace (\u010d\u00e1sti zbo\u017e\u00ed, jin\u00fdch podklad\u016f apod.). Prod\u00e1vaj\u00edc\u00ed je povinen si vy\u017e\u00e1dat dopln\u011bn\u00ed podklad\u016f od kupuj\u00edc\u00edho v nejkrat\u0161\u00ed mo\u017en\u00e9 dob\u011b. Lh\u016fta je od tohoto data pozastavena a\u017e do dod\u00e1n\u00ed vy\u017e\u00e1dan\u00fdch podklad\u016f kupuj\u00edc\u00edm.<br \/>Prod\u00e1vaj\u00edc\u00ed si mimo jin\u00e9 vyhrazuje pr\u00e1vo zru\u0161it objedn\u00e1vku nebo jej\u00ed \u010d\u00e1st p\u0159ed uzav\u0159en\u00edm kupn\u00ed smlouvy, na z\u00e1klad\u011b dohody s kupuj\u00edc\u00edm, v t\u011bchto p\u0159\u00edpadech: zbo\u017e\u00ed se ji\u017e nevyr\u00e1b\u00ed nebo nedod\u00e1v\u00e1 nebo se v\u00fdrazn\u00fdm zp\u016fsobem zm\u011bnila cena dodavatele zbo\u017e\u00ed. V p\u0159\u00edpad\u011b, \u017ee Kupuj\u00edc\u00ed zaplatil ji\u017e \u010d\u00e1st nebo celou \u010d\u00e1stku kupn\u00ed ceny, bude mu tato \u010d\u00e1stka p\u0159evedena zp\u011bt na jeho \u00fa\u010det nebo adresu a k uzav\u0159en\u00ed Kupn\u00ed smlouvy nedojde.<br \/>Vlastnick\u00e9 pr\u00e1vo p\u0159ech\u00e1z\u00ed z prod\u00e1vaj\u00edc\u00edho na kupuj\u00edc\u00edho a\u017e \u00fapln\u00fdm zaplacen\u00edm kupn\u00ed ceny (v\u00fdhrada vlastnick\u00e9ho pr\u00e1va).<br \/>Kupuj\u00edc\u00ed souhlas\u00ed s pou\u017eit\u00edm komunika\u010dn\u00edch prost\u0159edk\u016f na d\u00e1lku p\u0159i uzav\u00edr\u00e1n\u00ed kupn\u00ed smlouvy. N\u00e1klady vznikl\u00e9 kupuj\u00edc\u00edmu p\u0159i pou\u017eit\u00ed komunika\u010dn\u00edch prost\u0159edk\u016f na d\u00e1lku v souvislosti s uzav\u0159en\u00edm kupn\u00ed smlouvy (n\u00e1klady na internetov\u00e9 p\u0159ipojen\u00ed, n\u00e1klady na telefonn\u00ed hovory) si hrad\u00ed kupuj\u00edc\u00ed s\u00e1m.<\/p><p><strong>4. Pr\u00e1vo spot\u0159ebitele odstoupit od smlouvy<\/strong><\/p><p>Pokud je kupn\u00ed smlouva uzav\u0159ena pomoc\u00ed prost\u0159edk\u016f komunikace na d\u00e1lku (v internetov\u00e9m obchod\u011b), m\u00e1 spot\u0159ebitel v souladu s \u00a7 1829 odst. 1 ob\u010dansk\u00e9ho z\u00e1kon\u00edku pr\u00e1vo bez ud\u00e1n\u00ed d\u016fvodu odstoupit od smlouvy do 14 dn\u00ed od p\u0159evzet\u00ed zbo\u017e\u00ed (v p\u0159\u00edpad\u011b, \u017ee p\u0159edm\u011btem kupn\u00ed smlouvy je n\u011bkolik druh\u016f zbo\u017e\u00ed nebo dod\u00e1n\u00ed n\u011bkolika \u010d\u00e1st\u00ed, b\u011b\u017e\u00ed tato lh\u016fta ode dne p\u0159evzet\u00ed posledn\u00ed dod\u00e1vky zbo\u017e\u00ed). Odstoupen\u00ed od kupn\u00ed smlouvy mus\u00ed b\u00fdt prod\u00e1vaj\u00edc\u00edmu odesl\u00e1no ve lh\u016ft\u011b uveden\u00e9 v p\u0159edchoz\u00ed v\u011bt\u011b.<br \/>V p\u0159\u00edpad\u011b, \u017ee si spot\u0159ebitel p\u0159eje dle p\u0159edchoz\u00edho odstavce odstoupit od smlouvy ve lh\u016ft\u011b 14 dn\u016f, kontaktuje prod\u00e1vaj\u00edc\u00edho a nejl\u00e9pe p\u00edsemn\u011b uvede, \u017ee odstupuje od smlouvy ide\u00e1ln\u011b s uveden\u00edm \u010d\u00edsla objedn\u00e1vky, data n\u00e1kupu a \u010d\u00edsla \u00fa\u010dtu pro vr\u00e1cen\u00ed pen\u011bz.<br \/>Odstoupen\u00ed od kupn\u00ed smlouvy m\u016f\u017ee spot\u0159ebitel zas\u00edlat mimo jin\u00e9 na adresu provozovny prod\u00e1vaj\u00edc\u00edho \u010di na adresu elektronick\u00e9 po\u0161ty prod\u00e1vaj\u00edc\u00edho info@recarprofi.cz<br \/>V p\u0159\u00edpad\u011b, \u017ee kupuj\u00edc\u00ed dle p\u0159edchoz\u00edch odstavc\u016f odstoup\u00ed od smlouvy, vr\u00e1t\u00ed prod\u00e1vaj\u00edc\u00ed pen\u011b\u017en\u00ed prost\u0159edky p\u0159ijat\u00e9 od kupuj\u00edc\u00edho (krom\u011b \u010d\u00e1stky p\u0159edstavuj\u00edc\u00ed dodate\u010dn\u00e9 n\u00e1klady na dod\u00e1n\u00ed zbo\u017e\u00ed vznikl\u00e9 v d\u016fsledku kupuj\u00edc\u00ed zvolen\u00e9ho zp\u016fsobu dod\u00e1n\u00ed zbo\u017e\u00ed, kter\u00fd je jin\u00fd ne\u017e nejlevn\u011bj\u0161\u00ed zp\u016fsob standardn\u00edho dod\u00e1n\u00ed zbo\u017e\u00ed nab\u00edzen\u00fd prod\u00e1vaj\u00edc\u00edm) do 14 dn\u016f od odstoupen\u00ed od kupn\u00ed smlouvy kupuj\u00edc\u00edm, a to stejn\u00fdm zp\u016fsobem, jak\u00fdm je prod\u00e1vaj\u00edc\u00ed od kupuj\u00edc\u00edho p\u0159ijal, pokud kupuj\u00edc\u00ed neur\u010d\u00ed jinak. Prod\u00e1vaj\u00edc\u00ed je taky opr\u00e1vn\u011bn vr\u00e1tit pln\u011bn\u00ed poskytnut\u00e9 kupuj\u00edc\u00edm ji\u017e p\u0159i vr\u00e1cen\u00ed zbo\u017e\u00ed kupuj\u00edc\u00edm \u010di jin\u00fdm zp\u016fsobem, pokud s t\u00edm kupuj\u00edc\u00ed bude souhlasit a nevzniknou t\u00edm kupuj\u00edc\u00edmu dal\u0161\u00ed n\u00e1klady. Odstoup\u00ed-li kupuj\u00edc\u00ed od kupn\u00ed smlouvy, prod\u00e1vaj\u00edc\u00ed nen\u00ed povinen vr\u00e1tit p\u0159ijat\u00e9 pen\u011b\u017en\u00ed prost\u0159edky kupuj\u00edc\u00edmu d\u0159\u00edve, ne\u017e mu kupuj\u00edc\u00ed zbo\u017e\u00ed vr\u00e1t\u00ed nebo prok\u00e1\u017ee, \u017ee zbo\u017e\u00ed prod\u00e1vaj\u00edc\u00edmu odeslal.<br \/>Ustanoven\u00ed z\u00e1kona o odstoupen\u00ed od smlouvy ve lh\u016ft\u011b 14 dn\u016f v\u0161ak nelze brat jako mo\u017enost bezplatn\u00e9ho zap\u016fj\u010den\u00ed zbo\u017e\u00ed. Spot\u0159ebitel v p\u0159\u00edpad\u011b vyu\u017eit\u00ed pr\u00e1va na odstoupen\u00ed od smlouvy do 14 dn\u00ed od p\u0159evzet\u00ed pln\u011bn\u00ed, mus\u00ed prod\u00e1vaj\u00edc\u00edmu do 14 dn\u016f od odstoupen\u00ed od smlouvy vydat v\u0161e, co na z\u00e1klad\u011b kupn\u00ed smlouvy z\u00edskal. Pokud to ji\u017e nen\u00ed dob\u0159e mo\u017en\u00e9 (nap\u0159. v mezidob\u00ed bylo zbo\u017e\u00ed zni\u010deno nebo spot\u0159ebov\u00e1no), mus\u00ed spot\u0159ebitel poskytnout pen\u011b\u017eitou n\u00e1hradu jako protihodnotu toho, co ji\u017e nem\u016f\u017ee b\u00fdt vyd\u00e1no. Pokud je vr\u00e1cen\u00e9 zbo\u017e\u00ed po\u0161kozeno jen \u010d\u00e1ste\u010dn\u011b, m\u016f\u017ee prod\u00e1vaj\u00edc\u00ed uplatnit na spot\u0159ebiteli pr\u00e1vo na n\u00e1hradu \u0161kody a zapo\u010d\u00edst sv\u016fj n\u00e1rok na vr\u00e1cenou kupn\u00ed cenu. Prod\u00e1vaj\u00edc\u00ed je v takov\u00e9m p\u0159\u00edpad\u011b povinen vzniklou \u0161kodu prok\u00e1zat. Prod\u00e1vaj\u00edc\u00ed spot\u0159ebiteli v takov\u00e9m p\u0159\u00edpad\u011b vrac\u00ed jen takto sn\u00ed\u017eenou kupn\u00ed cenu.<br \/>Na kupn\u00ed cenu, kter\u00e1 m\u00e1 b\u00fdt kupuj\u00edc\u00edmu vr\u00e1cena, m\u016f\u017ee prod\u00e1vaj\u00edc\u00ed zapo\u010d\u00edst sv\u00e9 skute\u010dn\u011b vynalo\u017een\u00e9 n\u00e1klady spojen\u00e9 s vr\u00e1cen\u00edm zbo\u017e\u00ed.<br \/>Prod\u00e1vaj\u00edc\u00ed si vyhrazuje pr\u00e1vo na zru\u0161en\u00ed objedn\u00e1vky u zbo\u017e\u00ed ozna\u010den\u00e9ho pojmem \u201eNen\u00ed skladem\u201c v p\u0159\u00edpad\u011b, \u017ee zbo\u017e\u00ed ji\u017e nen\u00ed mo\u017en\u00e9 dodat ani nahradit jin\u00fdm modelem nebo pokud se jeho cena v\u00fdrazn\u011b zm\u011bnila a z\u00e1kazn\u00edk toto p\u0159ed samotn\u00fdm vznikem kupn\u00ed smlouvy neakceptuje. Prod\u00e1vaj\u00edc\u00ed z\u00e1kazn\u00edka o t\u00e9to situaci informuje. Byla-li \u010d\u00e1st nebo cel\u00e1 objedn\u00e1vka uhrazena, budou z\u00e1kazn\u00edkovi pen\u00edze vr\u00e1ceny na \u00fa\u010det.<\/p><p><strong> 5. Pr\u00e1va z vadn\u00e9ho pln\u011bn\u00ed <\/strong><\/p><p>Pr\u00e1va a povinnosti smluvn\u00edch stran ohledn\u011b pr\u00e1v z vadn\u00e9ho pln\u011bn\u00ed se \u0159\u00edd\u00ed p\u0159\u00edslu\u0161n\u00fdmi obecn\u011b z\u00e1vazn\u00fdmi p\u0159edpisy (zejm\u00e9na ustanoven\u00edmi \u00a7 1914 a\u017e 1925, \u00a7 2099 a\u017e 2117 a \u00a7 2161 a\u017e 2174 z\u00e1kona \u010d. 89\/2012 Sb., ob\u010dansk\u00e9ho z\u00e1kon\u00edku). Prod\u00e1vaj\u00edc\u00ed odpov\u00edd\u00e1 spot\u0159ebiteli, \u017ee v\u011bc p\u0159i p\u0159evzet\u00ed nem\u00e1 vady. Zejm\u00e9na prod\u00e1vaj\u00edc\u00ed odpov\u00edd\u00e1 spot\u0159ebiteli, \u017ee v dob\u011b, kdy spot\u0159ebitel v\u011bc p\u0159evzal, o m\u00e1 v\u011bc vlastnosti, kter\u00e9 si strany ujednaly, a chyb\u00ed-li ujedn\u00e1n\u00ed, takov\u00e9 vlastnosti, kter\u00e9 prod\u00e1vaj\u00edc\u00ed nebo v\u00fdrobce popsal nebo kter\u00e9 kupuj\u00edc\u00ed o\u010dek\u00e1val s ohledem na povahu zbo\u017e\u00ed a na z\u00e1klad\u011b reklamy jimi prov\u00e1d\u011bn\u00e9, o v\u011bc odpov\u00edd\u00e1 jakost\u00ed nebo proveden\u00edm smluven\u00e9mu vzorku nebo p\u0159edloze, byla-li jakost nebo proveden\u00ed ur\u010deno podle smluven\u00e9ho vzorku nebo p\u0159edlohy, o je v\u011bc v odpov\u00eddaj\u00edc\u00edm mno\u017estv\u00ed, m\u00ed\u0159e nebo hmotnosti, o v\u011bc vyhovuje po\u017eadavk\u016fm pr\u00e1vn\u00edch p\u0159edpis\u016f. Nem\u00e1-li v\u011bc v\u00fd\u0161e uveden\u00e9 vlastnosti, m\u016f\u017ee spot\u0159ebitel po\u017eadovat i dod\u00e1n\u00ed nov\u00e9 v\u011bci bez vad, pokud to nen\u00ed vzhledem k povaze vady nep\u0159im\u011b\u0159en\u00e9, ale pokud se vada t\u00fdk\u00e1 pouze sou\u010d\u00e1sti v\u011bci, m\u016f\u017ee spot\u0159ebitel po\u017eadovat jen v\u00fdm\u011bnu sou\u010d\u00e1sti; nen\u00ed-li to mo\u017en\u00e9, m\u016f\u017ee odstoupit od smlouvy. Je-li to v\u0161ak vzhledem k povaze vady ne\u00fam\u011brn\u00e9, zejm\u00e9na lze-li vadu odstranit bez zbyte\u010dn\u00e9ho odkladu, m\u00e1 spot\u0159ebitel pr\u00e1vo na bezplatn\u00e9 odstran\u011bn\u00ed vady. Pr\u00e1vo na dod\u00e1n\u00ed nov\u00e9 v\u011bci, nebo v\u00fdm\u011bnu sou\u010d\u00e1sti m\u00e1 spot\u0159ebitel i v p\u0159\u00edpad\u011b odstraniteln\u00e9 vady, pokud nem\u016f\u017ee v\u011bc \u0159\u00e1dn\u011b u\u017e\u00edvat pro opakovan\u00fd v\u00fdskyt vady po oprav\u011b nebo pro v\u011bt\u0161\u00ed po\u010det vad. V takov\u00e9m p\u0159\u00edpad\u011b m\u00e1 spot\u0159ebitel i pr\u00e1vo od smlouvy odstoupit. Neodstoup\u00ed-li spot\u0159ebitel od smlouvy nebo neuplatn\u00ed-li pr\u00e1vo na dod\u00e1n\u00ed nov\u00e9 v\u011bci bez vad, na v\u00fdm\u011bnu jej\u00ed sou\u010d\u00e1sti nebo na opravu v\u011bci, m\u016f\u017ee po\u017eadovat p\u0159im\u011b\u0159enou slevu. Spot\u0159ebitel m\u00e1 pr\u00e1vo na p\u0159im\u011b\u0159enou slevu i v p\u0159\u00edpad\u011b, \u017ee mu prod\u00e1vaj\u00edc\u00ed nem\u016f\u017ee dodat novou v\u011bc bez vad, vym\u011bnit jej\u00ed sou\u010d\u00e1st nebo v\u011bc opravit, jako\u017e i v p\u0159\u00edpad\u011b, \u017ee prod\u00e1vaj\u00edc\u00ed nezjedn\u00e1 n\u00e1pravu v p\u0159im\u011b\u0159en\u00e9 dob\u011b nebo \u017ee by zjedn\u00e1n\u00ed n\u00e1pravy spot\u0159ebiteli p\u016fsobilo zna\u010dn\u00e9 obt\u00ed\u017ee. Pr\u00e1vo z vadn\u00e9ho pln\u011bn\u00ed kupuj\u00edc\u00edmu nen\u00e1le\u017e\u00ed, pokud kupuj\u00edc\u00ed p\u0159ed p\u0159evzet\u00edm v\u011bci v\u011bd\u011bl, \u017ee v\u011bc m\u00e1 vadu, anebo pokud kupuj\u00edc\u00ed vadu s\u00e1m zp\u016fsobil. Spot\u0159ebitel je opr\u00e1vn\u011bn uplatnit pr\u00e1vo z vady, kter\u00e1 se vyskytne u spot\u0159ebn\u00edho zbo\u017e\u00ed v dob\u011b dvaceti \u010dty\u0159 m\u011bs\u00edc\u016f od p\u0159evzet\u00ed. Projev\u00ed-li se vada v pr\u016fb\u011bhu \u0161esti m\u011bs\u00edc\u016f od p\u0159evzet\u00ed, m\u00e1 se za to, \u017ee v\u011bc byla vadn\u00e1 ji\u017e p\u0159i p\u0159evzet\u00ed. Dal\u0161\u00ed pr\u00e1va a povinnosti stran souvisej\u00edc\u00ed s odpov\u011bdnost\u00ed prod\u00e1vaj\u00edc\u00edho za vady m\u016f\u017ee upravit reklama\u010dn\u00ed \u0159\u00e1d prod\u00e1vaj\u00edc\u00edho.<\/p><p><strong>6. Expedi\u010dn\u00ed n\u00e1klady a platebn\u00ed podm\u00ednky<\/strong><\/p><p>Objednan\u00e9 zbo\u017e\u00ed zas\u00edl\u00e1me prost\u0159ednictv\u00edm p\u0159epravn\u00ed slu\u017eby. Ceny se \u0159\u00edd\u00ed aktu\u00e1ln\u00edm sazebn\u00edkem. V p\u0159\u00edpadech, kdy: o celkov\u00e1 v\u00e1ha z\u00e1silky p\u0159ekro\u010d\u00ed 30kg o zbo\u017e\u00ed vy\u017eaduje nutnost z\u00e1lohy vratn\u00e9ho obalu o je po\u017eadov\u00e1no odesl\u00e1n\u00ed zbo\u017e\u00ed do zahrani\u010d\u00ed &#8211; bude cena t\u00e9to slu\u017eby, dle hmotnosti a vzd\u00e1lenosti, up\u0159esn\u011bna e-mailem nebo telefonicky a p\u0159ed samotnou expedic\u00ed zbo\u017e\u00ed bude vy\u017eadov\u00e1no potvrzen\u00ed t\u00e9to objedn\u00e1vky kupuj\u00edc\u00edm. Objednan\u00e9 zbo\u017e\u00ed lze zaplatit: o hotov\u011b (p\u0159i osobn\u00edm p\u0159evzet\u00ed na provozovn\u011b spole\u010dnosti) o dob\u00edrkou (p\u0159i doru\u010den\u00ed p\u0159epravn\u00ed slu\u017ebou) o bankovn\u00edm p\u0159evodem p\u0159ed odesl\u00e1n\u00edm zbo\u017e\u00ed.<\/p><p><strong> 7. Ochrana osobn\u00edch \u00fadaj\u016f<\/strong><\/p><p>Informace o z\u00e1kazn\u00edc\u00edch jsou uchov\u00e1v\u00e1ny v souladu s platn\u00fdmi z\u00e1kony \u010cesk\u00e9 republiky, zejm\u00e9na se z\u00e1konem o ochran\u011b osobn\u00edch \u00fadaj\u016f \u010d. 101\/2000 Sb. ve zn\u011bn\u00ed pozd\u011bj\u0161\u00edch dodatk\u016f a p\u0159edpis\u016f. Kupuj\u00edc\u00ed uzav\u0159en\u00edm smlouvy souhlas\u00ed se zpracov\u00e1n\u00edm a shroma\u017e\u010fov\u00e1n\u00edm sv\u00fdch osobn\u00edch \u00fadaj\u016f v datab\u00e1zi prod\u00e1vaj\u00edc\u00edho po \u00fasp\u011b\u0161n\u00e9m spln\u011bn\u00ed smlouvy a to a\u017e do doby jeho p\u00edsemn\u00e9ho vyj\u00e1d\u0159en\u00ed nesouhlasu s t\u00edmto zpracov\u00e1n\u00edm. Kupuj\u00edc\u00ed m\u00e1 pr\u00e1vo p\u0159\u00edstupu ke sv\u00fdm osobn\u00edm \u00fadaj\u016fm, pr\u00e1vo na jejich opravu v\u010detn\u011b dal\u0161\u00edch z\u00e1konn\u00fdch pr\u00e1v k t\u011bmto \u00fadaj\u016fm. Osobn\u00ed \u00fadaje je mo\u017eno na z\u00e1klad\u011b p\u00edsemn\u00e9 \u017e\u00e1dosti z\u00e1kazn\u00edka odstranit z datab\u00e1ze. Osobn\u00ed \u00fadaje z\u00e1kazn\u00edk\u016f jsou pln\u011b zabezpe\u010deny proti zneu\u017eit\u00ed. Osobn\u00ed \u00fadaje z\u00e1kazn\u00edk\u016f dodavatel nep\u0159ed\u00e1v\u00e1 \u017e\u00e1dn\u00e9 dal\u0161\u00ed osob\u011b. V\u00fdjimku p\u0159edstavuj\u00ed extern\u00ed dopravci, kter\u00fdm jsou osobn\u00ed \u00fadaje z\u00e1kazn\u00edk\u016f p\u0159ed\u00e1v\u00e1ny v minim\u00e1ln\u00edm rozsahu, kter\u00fd je nutn\u00fd pro doru\u010den\u00ed zbo\u017e\u00ed. Jednotliv\u00e9 smlouvy jsou po sv\u00e9m uzav\u0159en\u00ed provozovatelem archivov\u00e1ny, a to ve form\u011b elektronick\u00e9 a jsou p\u0159\u00edstupn\u00e9 pouze provozovateli obchodu.<\/p><p><strong>8. Z\u00e1v\u011bre\u010dn\u00e1 ustanoven\u00ed<\/strong><\/p><p>Vy\u0159izov\u00e1n\u00ed st\u00ed\u017enost\u00ed spot\u0159ebitel\u016f zaji\u0161\u0165uje prod\u00e1vaj\u00edc\u00ed prost\u0159ednictv\u00edm elektronick\u00e9 adresy info@recarprofi.cz, informaci o vy\u0159\u00edzen\u00ed st\u00ed\u017enosti kupuj\u00edc\u00edho za\u0161le prod\u00e1vaj\u00edc\u00ed na elektronickou adresu kupuj\u00edc\u00edho.<br \/>Prod\u00e1vaj\u00edc\u00ed je opr\u00e1vn\u011bn k prodeji zbo\u017e\u00ed na z\u00e1klad\u011b \u017eivnostensk\u00e9ho opr\u00e1vn\u011bn\u00ed. \u017divnostenskou kontrolu prov\u00e1d\u00ed v r\u00e1mci sv\u00e9 p\u016fsobnosti p\u0159\u00edslu\u0161n\u00fd \u017eivnostensk\u00fd \u00fa\u0159ad. Dozor nad oblast\u00ed ochrany osobn\u00edch \u00fadaj\u016f vykon\u00e1v\u00e1 \u00da\u0159ad pro ochranu osobn\u00edch \u00fadaj\u016f. \u010cesk\u00e1 obchodn\u00ed inspekce vykon\u00e1v\u00e1 ve vymezen\u00e9m rozsahu mimo jin\u00e9 dozor nad dodr\u017eov\u00e1n\u00edm z\u00e1kona \u010d. 634\/1992 Sb., o ochran\u011b spot\u0159ebitele, ve zn\u011bn\u00ed pozd\u011bj\u0161\u00edch p\u0159edpis\u016f.<br \/>Tyto obchodn\u00ed podm\u00ednky plat\u00ed ve zn\u011bn\u00ed uveden\u00e9m na internetov\u00fdch str\u00e1nk\u00e1ch prod\u00e1vaj\u00edc\u00edho www.recarprofi.cz, v den uzav\u0159en\u00ed kupn\u00ed smlouvy. Objedn\u00e1vka spot\u0159ebitele je po sv\u00e9m potvrzen\u00ed jako uzav\u0159en\u00e1 smlouva mezi kupuj\u00edc\u00edm a prod\u00e1vaj\u00edc\u00edm archivov\u00e1na za \u00fa\u010delem jej\u00edho spln\u011bn\u00ed a dal\u0161\u00ed evidence a jej\u00ed stav je p\u0159\u00edstupn\u00fd kupuj\u00edc\u00edmu. N\u00e1kupem z\u00e1kazn\u00edk souhlas\u00ed se zas\u00edl\u00e1n\u00edm obchodn\u00edch sd\u011blen\u00ed.<br \/>Momentem uzav\u0159en\u00ed kupn\u00ed smlouvy kupuj\u00edc\u00ed p\u0159ij\u00edm\u00e1 ve\u0161ker\u00e1 ustanoven\u00ed obchodn\u00edch podm\u00ednek ve zn\u011bn\u00ed platn\u00e9m v den odesl\u00e1n\u00ed objedn\u00e1vky v\u010detn\u011b ceny objednan\u00e9ho zbo\u017e\u00ed uvedenou v potvrzen\u00e9 objedn\u00e1vce, nebylo-li v konkr\u00e9tn\u00edm p\u0159\u00edpad\u011b prokazateln\u011b dohodnuto jinak.<\/p><p><br \/>Platnost podm\u00ednek od 1.08.2019<\/p>\t\t\t\t\t\t\t\t<\/div>\n\t\t\t\t<\/div>\n\t\t\t\t\t<\/div>\n\t\t<\/div>\n\t\t\t\t\t<\/div>\n\t\t<\/section>\n\t\t\t\t<\/div>\n\t\t","protected":false},"excerpt":{"rendered":"<p>Obchodn\u00ed podm\u00ednky. 1. \u00davodn\u00ed ustanoven\u00ed Tyto obchodn\u00ed podm\u00ednky plat\u00ed pro n\u00e1kup v internetov\u00e9m obchod\u011b spole\u010dnost\u00ed RECAR PROFI s.r.o. Podm\u00ednky vymezuj\u00ed a up\u0159es\u0148uj\u00ed pr\u00e1va a povinnosti prod\u00e1vaj\u00edc\u00edho, kter\u00fdm je spole\u010dnost RECAR PROFI s.r.o., se s\u00eddlem Plze\u0148sk\u00e1&hellip;<\/p>\n","protected":false},"author":1,"featured_media":0,"parent":0,"menu_order":9,"comment_status":"closed","ping_status":"closed","template":"","meta":{"footnotes":""},"class_list":["post-13027","page","type-page","status-publish","hentry"],"_links":{"self":[{"href":"https:\/\/recarprofi.cz\/uvod\/wp-json\/wp\/v2\/pages\/13027","targetHints":{"allow":["GET"]}}],"collection":[{"href":"https:\/\/recarprofi.cz\/uvod\/wp-json\/wp\/v2\/pages"}],"about":[{"href":"https:\/\/recarprofi.cz\/uvod\/wp-json\/wp\/v2\/types\/page"}],"author":[{"embeddable":true,"href":"https:\/\/recarprofi.cz\/uvod\/wp-json\/wp\/v2\/users\/1"}],"replies":[{"embeddable":true,"href":"https:\/\/recarprofi.cz\/uvod\/wp-json\/wp\/v2\/comments?post=13027"}],"version-history":[{"count":4,"href":"https:\/\/recarprofi.cz\/uvod\/wp-json\/wp\/v2\/pages\/13027\/revisions"}],"predecessor-version":[{"id":13930,"href":"https:\/\/recarprofi.cz\/uvod\/wp-json\/wp\/v2\/pages\/13027\/revisions\/13930"}],"wp:attachment":[{"href":"https:\/\/recarprofi.cz\/uvod\/wp-json\/wp\/v2\/media?parent=13027"}],"curies":[{"name":"wp","href":"https:\/\/api.w.org\/{rel}","templated":true}]}}