{"id":13048,"date":"2019-08-07T15:10:14","date_gmt":"2019-08-07T13:10:14","guid":{"rendered":"http:\/\/recarprofi.cz\/?page_id=13048"},"modified":"2023-08-08T13:51:16","modified_gmt":"2023-08-08T11:51:16","slug":"ochrana-osobnich-udaju-3","status":"publish","type":"page","link":"https:\/\/recarprofi.cz\/uvod\/ochrana-osobnich-udaju-3\/","title":{"rendered":"Ochrana osobn\u00edch \u00fadaj\u016f"},"content":{"rendered":"\t\t<div data-elementor-type=\"wp-post\" data-elementor-id=\"13048\" class=\"elementor elementor-13048\">\n\t\t\t\t\t\t<section class=\"elementor-section elementor-top-section elementor-element elementor-element-f22dd82 elementor-section-boxed elementor-section-height-default elementor-section-height-default\" data-id=\"f22dd82\" data-element_type=\"section\" data-e-type=\"section\">\n\t\t\t\t\t\t<div class=\"elementor-container elementor-column-gap-default\">\n\t\t\t\t\t<div class=\"elementor-column elementor-col-100 elementor-top-column elementor-element elementor-element-b233e65\" data-id=\"b233e65\" data-element_type=\"column\" data-e-type=\"column\">\n\t\t\t<div class=\"elementor-widget-wrap elementor-element-populated\">\n\t\t\t\t\t\t<div class=\"elementor-element elementor-element-1adca8b elementor-widget elementor-widget-text-editor\" data-id=\"1adca8b\" data-element_type=\"widget\" data-e-type=\"widget\" data-widget_type=\"text-editor.default\">\n\t\t\t\t<div class=\"elementor-widget-container\">\n\t\t\t\t\t\t\t\t\t<p><br \/><em><strong>Ochrana osobn\u00edch \u00fadaj\u016f.<\/strong><\/em><\/p><p style=\"text-align: center;\"><br \/>Spole\u010dnost RECAR PROFI s.r.o., I\u010c:25233513, se s\u00eddlem: Plze\u0148sk\u00e1 368, 349 01<br \/>St\u0159\u00edbro, zapsan\u00e1 v OR Plze\u0148, odd\u00edl C, vlo\u017eka 11251 si pln\u011b uv\u011bdomuje d\u016fle\u017eitost<br \/>ochrany osobn\u00edch \u00fadaj\u016f. Pro fungovan\u00ed obchodn\u00edch aktivit spole\u010dnosti je mo\u017en\u00e9<br \/>zpracov\u00e1vat osobn\u00ed \u00fadaje, v\u010detn\u011b \u00fadaj\u016f nezbytn\u00fdch pro identifikaci jednotlivce. Pro<br \/>bezprobl\u00e9mov\u00e9 fungov\u00e1n\u00ed v\u0161ech podnikatelsk\u00fdch aktivit spole\u010dnosti, db\u00e1me na<br \/>dodr\u017eov\u00e1n\u00ed p\u0159\u00edslu\u0161n\u00fdch legislativ. Mezi n\u011b pat\u0159\u00ed mimo jin\u00e9 i zaji\u0161t\u011bn\u00ed ochrany<br \/>osobn\u00edch \u00fadaj\u016f podle na\u0159\u00edzen\u00ed Evropsk\u00e9ho parlamentu a Rady (EU) 2016\/679 ze dne<br \/>27. 04. 2016 o ochran\u011b fyzick\u00fdch osob v souvislosti se zpracov\u00e1n\u00edm osobn\u00edch \u00fadaj\u016f<br \/>a o voln\u00e9m pohyb t\u011bchto \u00fadaj\u016f a o zru\u0161en\u00ed sm\u011brnice 95\/46\/ES (obecn\u00e9 na\u0159\u00edzen\u00ed o<br \/>ochran\u011b osobn\u00edch \u00fadaj\u016f), (d\u00e1le jen \u201eGDPR\u201c). Tento dokument obsahuje z\u00e1kladn\u00ed<br \/>informace o tom, jak\u00e9 osobn\u00ed \u00fadaje ve vztahu k na\u0161im z\u00e1kazn\u00edk\u016fm a u\u017eivatel\u016fm<br \/>webov\u00fdch str\u00e1nek zpracov\u00e1v\u00e1me, d\u00e1le informace o tom, co n\u00e1s oprav\u0148uje<br \/>k takov\u00e9mu zpracov\u00e1n\u00ed, komu m\u016f\u017eeme osobn\u00ed \u00fadaje p\u0159ed\u00e1vat a jak\u00e1 pr\u00e1va z toho<br \/>na\u0161im z\u00e1kazn\u00edk\u016fm jako subjekt\u016fm \u00fadaj\u016f vypl\u00fdvaj\u00ed.<\/p><p style=\"text-align: center;\"><br \/><em><strong>I. Na\u0161e z\u00e1sady.<\/strong><\/em><br \/>Osobn\u00ed \u00fadaje zpracov\u00e1v\u00e1me pouze v souladu se z\u00e1konem a pouze na z\u00e1klad\u011b<br \/>n\u011bkter\u00e9ho z vymezen\u00fdch pr\u00e1vn\u00edch titul\u016f ke zpracov\u00e1n\u00ed:<br \/>1. Osobn\u00ed \u00fadaje zpracov\u00e1v\u00e1me pouze ke stanoven\u00fdm \u00fa\u010del\u016fm zpracov\u00e1n\u00ed.<br \/>2. Db\u00e1me na p\u0159esnost a aktu\u00e1lnost zpracov\u00e1n\u00ed osobn\u00edch \u00fadaj\u016f.<br \/>3. Zpracov\u00e1v\u00e1me pouze osobn\u00ed \u00fadaje nezbytn\u011b nutn\u00e9.<br \/>4. Na\u0161im z\u00e1kazn\u00edk\u016fm poskytujeme v\u017edy kompletn\u00ed informace o zpracov\u00e1n\u00ed<br \/>a jejich pr\u00e1vech.<br \/>5. Zaji\u0161\u0165ujeme zpracov\u00e1van\u00fdch \u00fadaj\u016f tak, aby nemohlo doj\u00edt k jejich ztr\u00e1t\u011b,<br \/>zni\u010den\u00ed nebo jin\u00e9mu neopr\u00e1vn\u011bn\u00e9mu zach\u00e1zen\u00ed.<br \/>6. Pokud osobn\u00ed \u00fadaj nepot\u0159ebujeme k n\u011bkter\u00e9mu ze stanoven\u00fdch \u00fa\u010del\u016f,<br \/>zaji\u0161\u0165ujeme jeho bezprost\u0159edn\u00ed v\u00fdmaz v souladu se z\u00e1konem.<\/p><p style=\"text-align: center;\"><br \/><em><strong>II. Osobn\u00ed \u00fadaje, kter\u00e9 zpracov\u00e1v\u00e1me.<\/strong><\/em><br \/>Kontaktujete-li n\u00e1s p\u0159i popt\u00e1vce \u010di objedn\u00e1vce na\u0161\u00edch slu\u017eeb, budeme zpracov\u00e1vat<br \/>n\u00e1sleduj\u00edc\u00ed kategorie osobn\u00edch \u00fadaj\u016f:<br \/>1. identifika\u010dn\u00ed \u00fadaje, mezi kter\u00e9 pat\u0159\u00ed va\u0161e jm\u00e9no a p\u0159\u00edjmen\u00ed.<br \/>2. kontaktn\u00ed \u00fadaje, mezi kter\u00e9 pat\u0159\u00ed zejm\u00e9na va\u0161e e-mailov\u00e1 adresa,<br \/>telefonn\u00ed \u010d\u00edslo, adresa (pokud je uvedena), p\u0159\u00edpadn\u011b faktura\u010dn\u00ed adresa.<br \/>RECAR PROFI s.r.o. Tel\/fax: 374 696 142<br \/>Plze\u0148sk\u00e1 368 info@recarprofi.cz<br \/>349 01 St\u0159\u00edbro www.recarprofi.cz<br \/>3. informace t\u00fdkaj\u00edc\u00ed se va\u0161ich popt\u00e1vek, va\u0161e dotazy a po\u017eadavky<br \/>ohledn\u011b nab\u00edzen\u00e9ho zbo\u017e\u00ed \u010di slu\u017eeb.<br \/>4. \u00fadaje o va\u0161ich objedn\u00e1vk\u00e1ch, mezi n\u011b\u017e pat\u0159\u00ed \u00fadaje o zbo\u017e\u00ed a slu\u017eb\u00e1ch,<br \/>kter\u00e9 jste u n\u00e1s objednali, zp\u016fsob jejich doru\u010den\u00ed a platby v\u010detn\u011b \u010d\u00edsla<br \/>platebn\u00edho \u00fa\u010dtu, p\u0159\u00edpadn\u011b \u00fadaje o reklamac\u00edch \u010di vyu\u017eit\u00ed z\u00e1ru\u010dn\u00edho<br \/>servisu a souvisej\u00edc\u00edch slu\u017eeb.<br \/>5. \u00fadaje z\u00edskan\u00e9 vyu\u017eit\u00edm slu\u017eeb zam\u011bstnanc\u016f spole\u010dnosti, p\u0159\u00edpadn\u011b<br \/>\u00fadaje z\u00edskan\u00e9 po n\u00e1v\u0161t\u011bv\u011b s\u00eddla spole\u010dnosti, mezi kter\u00e9 pat\u0159\u00ed<br \/>p\u0159edev\u0161\u00edm z\u00e1znamy telefonn\u00edch hovor\u016f uskute\u010dn\u011bn\u00fdch prost\u0159ednictv\u00edm<br \/>telefonn\u00ed linky a d\u00e1le nahr\u00e1vky kamerov\u00fdch syst\u00e9m\u016f po\u0159\u00edzen\u00e9 p\u0159i<br \/>n\u00e1v\u0161t\u011bv\u011b s\u00eddla spole\u010dnosti.<\/p><p style=\"text-align: center;\"><br \/><em><strong>III. Na z\u00e1klad\u011b \u010deho zpracov\u00e1v\u00e1me osobn\u00ed \u00fadaje.<\/strong><\/em><br \/>V r\u00e1mci na\u0161\u00ed \u010dinnosti zpracov\u00e1v\u00e1me osobn\u00ed \u00fadaje pro r\u016fzn\u00e9 \u00fa\u010dely a v r\u016fzn\u00e9m<br \/>rozsahu:<br \/>1. Bez va\u0161eho souhlasu, na z\u00e1klad\u011b pr\u00e1vn\u00edho titulu pln\u011bn\u00ed smlouvy, na\u0161eho<br \/>opr\u00e1vn\u011bn\u00e9ho z\u00e1jmu nebo z d\u016fvodu pln\u011bn\u00ed pr\u00e1vn\u00ed povinnosti.<br \/>2. na z\u00e1klad\u011b va\u0161eho souhlasu.<\/p><p style=\"text-align: center;\"><br \/><em><strong>IV. N\u00e1v\u0161t\u011bva webov\u00fdch str\u00e1nek.<\/strong><\/em><br \/>P\u0159i n\u00e1v\u0161t\u011bv\u011b na\u0161ich webov\u00fdch str\u00e1nek zpracov\u00e1v\u00e1me \u00fadaje o va\u0161\u00ed aktivit\u011b na<br \/>webov\u00fdch str\u00e1nk\u00e1ch na z\u00e1klad\u011b na\u0161eho opr\u00e1vn\u011bn\u00e9ho z\u00e1jmu (tedy bez va\u0161eho<br \/>souhlasu) za \u00fa\u010delem:<br \/>1.tvorby statistik n\u00e1v\u0161t\u011bvnosti webu, v\u010detn\u011b jeho jednotliv\u00fdch str\u00e1nek a<br \/>p\u0159ehled\u016f; na\u0161\u00edm opr\u00e1vn\u011bn\u00fdm z\u00e1jmem je zde zji\u0161\u0165ov\u00e1n\u00ed efektivity<br \/>na\u0161eho webu.<br \/>2.prevence \u00fatok\u016f na webov\u00e9 str\u00e1nky, zaji\u0161t\u011bn\u00ed jeho funk\u010dnosti a<br \/>bezpe\u010dnosti dat; na\u0161\u00edm opr\u00e1vn\u011bn\u00fdm z\u00e1jmem je bezprobl\u00e9mov\u00e1<br \/>funk\u010dnost webov\u00fdch str\u00e1nek a bezpe\u010dnost dat zas\u00edlan\u00fdch u\u017eivateli.<br \/>Pro tyto \u00fa\u010dely zpracov\u00e1v\u00e1me osobn\u00ed \u00fadaje po dobu nezbytn\u011b nutnou k zaznamen\u00e1n\u00ed<br \/>statistiky n\u00e1v\u0161t\u011bvnosti, a to nejd\u00e9le po dobu 1 m\u011bs\u00edce. Proti zpracov\u00e1n\u00ed na z\u00e1klad\u011b<br \/>opr\u00e1vn\u011bn\u00e9ho z\u00e1jmu m\u00e1te pr\u00e1vo podat n\u00e1mitku.<\/p><p style=\"text-align: center;\"><br \/><em><strong>V. Zpracov\u00e1n\u00ed na z\u00e1klad\u011b pln\u011bn\u00ed smlouvy.<\/strong><\/em><br \/>Pokud u n\u00e1s vytvo\u0159\u00edte objedn\u00e1vku jako fyzick\u00e1 osoba, zpracov\u00e1v\u00e1me va\u0161e osobn\u00ed<br \/>\u00fadaje za \u00fa\u010delem p\u0159\u00edpravy, uzav\u0159en\u00ed a pln\u011bn\u00ed smlouvy, d\u00e1le tak\u00e9 va\u0161e identifika\u010dn\u00ed a<br \/>kontaktn\u00ed \u00fadaje, informace t\u00fdkaj\u00edc\u00ed se va\u0161ich po\u017eadavk\u016f a \u00fadaje o va\u0161ich<br \/>objedn\u00e1vk\u00e1ch.<br \/>RECAR PROFI s.r.o. Tel\/fax: 374 696 142<br \/>Plze\u0148sk\u00e1 368 info@recarprofi.cz<br \/>349 01 St\u0159\u00edbro www.recarprofi.cz<br \/>Jestli\u017ee u n\u00e1s vytvo\u0159\u00edte objedn\u00e1vku jako z\u00e1stupce pr\u00e1vnick\u00e9 osoby, zpracov\u00e1v\u00e1me<br \/>tyt\u00e9\u017e \u00fadaje za stejn\u00fdm \u00fa\u010delem na z\u00e1klad\u011b na\u0161eho opr\u00e1vn\u011bn\u00e9ho z\u00e1jmu spo\u010d\u00edvaj\u00edc\u00edm<br \/>v uzav\u0159en\u00ed a pln\u011bn\u00ed smlouvy s pr\u00e1vnickou osobou, kterou zastupujete.<br \/>Pro tento \u00fa\u010del osobn\u00ed \u00fadaje zpracov\u00e1v\u00e1me po dobu nezbytnou k pln\u011bn\u00ed smlouvy,<br \/>p\u0159\u00edpadn\u011b vy\u0159\u00edzen\u00ed souvisej\u00edc\u00edch po\u017eadavk\u016f jako jsou reklamace \u010di dohodnut\u00fd z\u00e1ru\u010dn\u00ed<br \/>servis. Po uplynut\u00ed t\u00e9to doby \u00fadaje d\u00e1le uchov\u00e1me na z\u00e1klad\u011b na\u0161eho opr\u00e1vn\u011bn\u00e9ho<br \/>z\u00e1jmu za \u00fa\u010delem ochrany pr\u00e1vn\u00edch n\u00e1rok\u016f a na\u0161\u00ed vnit\u0159n\u00ed evidence a kontroly, a to po<br \/>dobu trv\u00e1n\u00ed proml\u010dec\u00ed doby a 1 rok po jej\u00edm uplynut\u00ed s ohledem na n\u00e1roky uplatn\u011bn\u00e9<br \/>na konci proml\u010dec\u00ed doby.<\/p><p style=\"text-align: center;\"><br \/><em><strong>VI. Zpracov\u00e1n\u00ed na z\u00e1klad\u011b pln\u011bn\u00ed pr\u00e1vn\u00edch povinnost\u00ed.<\/strong><\/em><br \/>Spole\u010dnost d\u00e1le zpracov\u00e1v\u00e1 vybran\u00e9 osobn\u00ed \u00fadaje pro pln\u011bn\u00ed pr\u00e1vn\u00edch povinnost\u00ed<br \/>ulo\u017een\u00fdch z\u00e1konem, pro kter\u00e9 nen\u00ed t\u0159eba z\u00edsk\u00e1vat souhlas subjektu \u00fadaj\u016f. Va\u0161e<br \/>identifika\u010dn\u00ed a kontaktn\u00ed \u00fadaje, v\u010detn\u011b informace t\u00fdkaj\u00edc\u00ed se va\u0161ich po\u017eadavk\u016f a<br \/>\u00fadaje o va\u0161ich objedn\u00e1vk\u00e1ch zpracov\u00e1v\u00e1me takt\u00e9\u017e z d\u016fvodu pln\u011bn\u00ed pr\u00e1vn\u00edch<br \/>povinnost\u00ed dle n\u00e1sleduj\u00edc\u00edch p\u0159edpis\u016f:<br \/>\uf0b7 z\u00e1kona \u010d. 89\/2012 Sb., ob\u010dansk\u00fd z\u00e1kon\u00edk,<br \/>\uf0b7 z\u00e1kona \u010d. 634\/1992 Sb., o ochran\u011b spot\u0159ebitele,<br \/>\uf0b7 z\u00e1kona \u010d. 235\/2004 Sb., o dani z p\u0159idan\u00e9 hodnoty,<br \/>\uf0b7 z\u00e1kona \u010d. 563\/1991 Sb., o \u00fa\u010detnictv\u00ed.<br \/>Pro tyto \u00fa\u010dely osobn\u00ed \u00fadaje pou\u017e\u00edv\u00e1me nejd\u00e9le po dobu 10 let dle p\u0159\u00edslu\u0161n\u00fdch<br \/>da\u0148ov\u00fdch p\u0159edpis\u016f.<\/p><p style=\"text-align: center;\"><br \/><em><strong>VII. N\u00e1v\u0161t\u011bva s\u00eddla spole\u010dnosti nebo jeho okol\u00ed.<\/strong><\/em><br \/>P\u0159i n\u00e1v\u0161t\u011bv\u011b s\u00eddla spole\u010dnosti nebo jeho okol\u00ed mohou b\u00fdt po\u0159izov\u00e1ny nahr\u00e1vky<br \/>z kamerov\u00e9ho syst\u00e9mu, na nich\u017e m\u016f\u017eete b\u00fdt zachyceni. Uveden\u00e9 zpracov\u00e1n\u00ed<br \/>prob\u00edh\u00e1 na podklad\u011b opr\u00e1vn\u011bn\u00e9ho z\u00e1jmu spole\u010dnosti a to za \u00fa\u010delem ochrany na\u0161eho<br \/>majetku a d\u00e1le ochrany osob pohybuj\u00edc\u00edch se v s\u00eddle spole\u010dnosti a jej\u00edm okol\u00ed.<br \/>Osobn\u00ed \u00fadaje jsou pro tento \u00fa\u010del uchov\u00e1v\u00e1ny po dobu nezbytn\u011b nutnou, a to po dobu<br \/>14 dn\u016f.<br \/>Proti tomuto zpracov\u00e1n\u00ed m\u00e1te pr\u00e1vo uplatnit n\u00e1mitku.<\/p><p style=\"text-align: center;\"><br \/><em><strong>VIII. P\u0159ed\u00e1v\u00e1n\u00ed \u00fadaj\u016f mimo EU.<\/strong><\/em><br \/>Ke zpracov\u00e1n\u00ed osobn\u00edch \u00fadaj\u016f vyb\u00edr\u00e1me a vyu\u017e\u00edv\u00e1me dodavatele, kte\u0159\u00ed maj\u00ed s\u00eddlo<br \/>v r\u00e1mci Evropsk\u00e9 unie. Va\u0161e osobn\u00ed \u00fadaje tak nejsou p\u0159ed\u00e1v\u00e1ny mimo EU.<br \/>RECAR PROFI s.r.o. Tel\/fax: 374 696 142<br \/>Plze\u0148sk\u00e1 368 info@recarprofi.cz<br \/>349 01 St\u0159\u00edbro www.recarprofi.cz<\/p><p style=\"text-align: center;\"><br \/><em><strong>IX. Dodr\u017eujeme va\u0161e pr\u00e1va p\u0159i zpracov\u00e1n\u00ed osobn\u00edch \u00fadaj\u016f.<\/strong><\/em><br \/>V souvislosti se zpracov\u00e1n\u00edm osobn\u00edch \u00fadaj\u016f respektujeme pr\u00e1va z\u00e1kazn\u00edk\u016f jako<br \/>subjekt\u016f \u00fadaj\u016f, a to zejm\u00e9na pr\u00e1vo na p\u0159\u00edstup k osobn\u00edm \u00fadaj\u016fm, jeho\u017e sou\u010d\u00e1st\u00ed je<br \/>pr\u00e1vo na informace o zpracov\u00e1n\u00ed osobn\u00edch \u00fadaj\u016f, pr\u00e1vo na opravu, v\u00fdmaz, pr\u00e1vo na<br \/>omezen\u00ed zpracov\u00e1n\u00ed, pr\u00e1vo vzn\u00e9st n\u00e1mitku proti zpracov\u00e1n\u00ed zalo\u017een\u00e9m na<br \/>opr\u00e1vn\u011bn\u00e9m z\u00e1jmu spr\u00e1vce osobn\u00edch \u00fadaj\u016f \u010di pr\u00e1vo podat st\u00ed\u017enost.<\/p><p>\u00a0<\/p><p><em><strong>RECAR PROFI s.r.o.<\/strong><\/em><\/p>\t\t\t\t\t\t\t\t<\/div>\n\t\t\t\t<\/div>\n\t\t\t\t\t<\/div>\n\t\t<\/div>\n\t\t\t\t\t<\/div>\n\t\t<\/section>\n\t\t\t\t<\/div>\n\t\t","protected":false},"excerpt":{"rendered":"<p>Ochrana osobn\u00edch \u00fadaj\u016f. Spole\u010dnost RECAR PROFI s.r.o., I\u010c:25233513, se s\u00eddlem: Plze\u0148sk\u00e1 368, 349 01 St\u0159\u00edbro, zapsan\u00e1 v OR Plze\u0148, odd\u00edl C, vlo\u017eka 11251 si pln\u011b uv\u011bdomuje d\u016fle\u017eitost ochrany osobn\u00edch \u00fadaj\u016f. Pro fungovan\u00ed obchodn\u00edch aktivit spole\u010dnosti&hellip;<\/p>\n","protected":false},"author":1,"featured_media":0,"parent":0,"menu_order":10,"comment_status":"closed","ping_status":"closed","template":"","meta":{"footnotes":""},"class_list":["post-13048","page","type-page","status-publish","hentry"],"_links":{"self":[{"href":"https:\/\/recarprofi.cz\/uvod\/wp-json\/wp\/v2\/pages\/13048","targetHints":{"allow":["GET"]}}],"collection":[{"href":"https:\/\/recarprofi.cz\/uvod\/wp-json\/wp\/v2\/pages"}],"about":[{"href":"https:\/\/recarprofi.cz\/uvod\/wp-json\/wp\/v2\/types\/page"}],"author":[{"embeddable":true,"href":"https:\/\/recarprofi.cz\/uvod\/wp-json\/wp\/v2\/users\/1"}],"replies":[{"embeddable":true,"href":"https:\/\/recarprofi.cz\/uvod\/wp-json\/wp\/v2\/comments?post=13048"}],"version-history":[{"count":3,"href":"https:\/\/recarprofi.cz\/uvod\/wp-json\/wp\/v2\/pages\/13048\/revisions"}],"predecessor-version":[{"id":13931,"href":"https:\/\/recarprofi.cz\/uvod\/wp-json\/wp\/v2\/pages\/13048\/revisions\/13931"}],"wp:attachment":[{"href":"https:\/\/recarprofi.cz\/uvod\/wp-json\/wp\/v2\/media?parent=13048"}],"curies":[{"name":"wp","href":"https:\/\/api.w.org\/{rel}","templated":true}]}}