{"id":151,"date":"2013-01-25T14:50:31","date_gmt":"2013-01-25T13:50:31","guid":{"rendered":"http:\/\/recarprofi.cz\/?page_id=151"},"modified":"2024-04-19T11:47:34","modified_gmt":"2024-04-19T09:47:34","slug":"skladova-technika-baoli","status":"publish","type":"page","link":"https:\/\/recarprofi.cz\/uvod\/manipulacni-technika\/skladova-technika-baoli\/","title":{"rendered":"Skladov\u00e1 technika Baoli"},"content":{"rendered":"\t\t<div data-elementor-type=\"wp-page\" data-elementor-id=\"151\" class=\"elementor elementor-151\">\n\t\t\t\t\t\t<section class=\"elementor-section elementor-top-section elementor-element elementor-element-8df1e83 elementor-section-boxed elementor-section-height-default elementor-section-height-default\" data-id=\"8df1e83\" data-element_type=\"section\" data-e-type=\"section\">\n\t\t\t\t\t\t<div class=\"elementor-container elementor-column-gap-default\">\n\t\t\t\t\t<div class=\"elementor-column elementor-col-100 elementor-top-column elementor-element elementor-element-c26759b\" data-id=\"c26759b\" data-element_type=\"column\" data-e-type=\"column\">\n\t\t\t<div class=\"elementor-widget-wrap elementor-element-populated\">\n\t\t\t\t\t\t<div class=\"elementor-element elementor-element-2ad90ec elementor-position-left elementor-vertical-align-top elementor-widget elementor-widget-image-box\" data-id=\"2ad90ec\" data-element_type=\"widget\" data-e-type=\"widget\" data-widget_type=\"image-box.default\">\n\t\t\t\t<div class=\"elementor-widget-container\">\n\t\t\t\t\t<div class=\"elementor-image-box-wrapper\"><figure class=\"elementor-image-box-img\"><a href=\"https:\/\/recarprofi.cz\/uvod\/manipulacni-technika\/skladova-technika-baoli\/kbr-14-20\/\" tabindex=\"-1\"><img fetchpriority=\"high\" decoding=\"async\" width=\"2221\" height=\"2432\" src=\"https:\/\/recarprofi.cz\/wp-content\/uploads\/2024\/04\/baoli-kbr.jpg\" class=\"attachment-full size-full wp-image-30150\" alt=\"\" srcset=\"https:\/\/recarprofi.cz\/wp-content\/uploads\/2024\/04\/baoli-kbr.jpg 2221w, https:\/\/recarprofi.cz\/wp-content\/uploads\/2024\/04\/baoli-kbr-744x815.jpg 744w, https:\/\/recarprofi.cz\/wp-content\/uploads\/2024\/04\/baoli-kbr-1200x1314.jpg 1200w, https:\/\/recarprofi.cz\/wp-content\/uploads\/2024\/04\/baoli-kbr-420x460.jpg 420w, https:\/\/recarprofi.cz\/wp-content\/uploads\/2024\/04\/baoli-kbr-768x841.jpg 768w, https:\/\/recarprofi.cz\/wp-content\/uploads\/2024\/04\/baoli-kbr-1403x1536.jpg 1403w, https:\/\/recarprofi.cz\/wp-content\/uploads\/2024\/04\/baoli-kbr-1870x2048.jpg 1870w, https:\/\/recarprofi.cz\/wp-content\/uploads\/2024\/04\/baoli-kbr-1024x1121.jpg 1024w, https:\/\/recarprofi.cz\/wp-content\/uploads\/2024\/04\/baoli-kbr-986x1080.jpg 986w, https:\/\/recarprofi.cz\/wp-content\/uploads\/2024\/04\/baoli-kbr-600x657.jpg 600w\" sizes=\"(max-width: 2221px) 100vw, 2221px\" \/><\/a><\/figure><div class=\"elementor-image-box-content\"><h3 class=\"elementor-image-box-title\"><a href=\"https:\/\/recarprofi.cz\/uvod\/manipulacni-technika\/skladova-technika-baoli\/kbr-14-20\/\">Retraky Baoli<\/a><\/h3><p class=\"elementor-image-box-description\">Nosnost od 1.400 do 2.000 kg. Zdvih do 10.655 mm.<\/p><\/div><\/div>\t\t\t\t<\/div>\n\t\t\t\t<\/div>\n\t\t\t\t\t<\/div>\n\t\t<\/div>\n\t\t\t\t\t<\/div>\n\t\t<\/section>\n\t\t\t\t<section class=\"elementor-section elementor-top-section elementor-element elementor-element-994f057 elementor-section-boxed elementor-section-height-default elementor-section-height-default\" data-id=\"994f057\" data-element_type=\"section\" data-e-type=\"section\">\n\t\t\t\t\t\t<div class=\"elementor-container elementor-column-gap-default\">\n\t\t\t\t\t<div class=\"elementor-column elementor-col-100 elementor-top-column elementor-element elementor-element-52cea30\" data-id=\"52cea30\" data-element_type=\"column\" data-e-type=\"column\">\n\t\t\t<div class=\"elementor-widget-wrap elementor-element-populated\">\n\t\t\t\t\t\t<div class=\"elementor-element elementor-element-fbbc206 elementor-position-left elementor-vertical-align-top elementor-widget elementor-widget-image-box\" data-id=\"fbbc206\" data-element_type=\"widget\" data-e-type=\"widget\" data-widget_type=\"image-box.default\">\n\t\t\t\t<div class=\"elementor-widget-container\">\n\t\t\t\t\t<div class=\"elementor-image-box-wrapper\"><figure class=\"elementor-image-box-img\"><a href=\"https:\/\/recarprofi.cz\/uvod\/manipulacni-technika\/skladova-technika-baoli\/kbo-01l\/\" tabindex=\"-1\"><img decoding=\"async\" src=\"https:\/\/recarprofi.cz\/wp-content\/uploads\/elementor\/thumbs\/baoli-kbo-013-scaled-qmufwr8i1xyq5t5eujd5kwt6zzrz8g0h5yopatg4ag.jpg\" title=\"baoli kbo 013\" alt=\"baoli kbo 013\" loading=\"lazy\" \/><\/a><\/figure><div class=\"elementor-image-box-content\"><h3 class=\"elementor-image-box-title\"><a href=\"https:\/\/recarprofi.cz\/uvod\/manipulacni-technika\/skladova-technika-baoli\/kbo-01l\/\">Vychyst\u00e1vac\u00ed voz\u00edky Baoli<\/a><\/h3><\/div><\/div>\t\t\t\t<\/div>\n\t\t\t\t<\/div>\n\t\t\t\t\t<\/div>\n\t\t<\/div>\n\t\t\t\t\t<\/div>\n\t\t<\/section>\n\t\t\t\t<\/div>\n\t\t","protected":false},"excerpt":{"rendered":"<p>Retraky Baoli Nosnost od 1.400 do 2.000 kg. Zdvih do 10.655 mm. Vychyst\u00e1vac\u00ed voz\u00edky Baoli<\/p>\n","protected":false},"author":1,"featured_media":30124,"parent":71,"menu_order":9,"comment_status":"closed","ping_status":"closed","template":"","meta":{"footnotes":""},"class_list":["post-151","page","type-page","status-publish","has-post-thumbnail","hentry"],"_links":{"self":[{"href":"https:\/\/recarprofi.cz\/uvod\/wp-json\/wp\/v2\/pages\/151","targetHints":{"allow":["GET"]}}],"collection":[{"href":"https:\/\/recarprofi.cz\/uvod\/wp-json\/wp\/v2\/pages"}],"about":[{"href":"https:\/\/recarprofi.cz\/uvod\/wp-json\/wp\/v2\/types\/page"}],"author":[{"embeddable":true,"href":"https:\/\/recarprofi.cz\/uvod\/wp-json\/wp\/v2\/users\/1"}],"replies":[{"embeddable":true,"href":"https:\/\/recarprofi.cz\/uvod\/wp-json\/wp\/v2\/comments?post=151"}],"version-history":[{"count":56,"href":"https:\/\/recarprofi.cz\/uvod\/wp-json\/wp\/v2\/pages\/151\/revisions"}],"predecessor-version":[{"id":30215,"href":"https:\/\/recarprofi.cz\/uvod\/wp-json\/wp\/v2\/pages\/151\/revisions\/30215"}],"up":[{"embeddable":true,"href":"https:\/\/recarprofi.cz\/uvod\/wp-json\/wp\/v2\/pages\/71"}],"wp:featuredmedia":[{"embeddable":true,"href":"https:\/\/recarprofi.cz\/uvod\/wp-json\/wp\/v2\/media\/30124"}],"wp:attachment":[{"href":"https:\/\/recarprofi.cz\/uvod\/wp-json\/wp\/v2\/media?parent=151"}],"curies":[{"name":"wp","href":"https:\/\/api.w.org\/{rel}","templated":true}]}}