{"id":19954,"date":"2020-02-24T15:19:15","date_gmt":"2020-02-24T14:19:15","guid":{"rendered":"https:\/\/recarprofi.cz\/uvod\/?page_id=19954"},"modified":"2020-08-12T15:07:59","modified_gmt":"2020-08-12T13:07:59","slug":"muj-ucet","status":"publish","type":"page","link":"https:\/\/recarprofi.cz\/uvod\/muj-ucet\/","title":{"rendered":"M\u016fj \u00fa\u010det"},"content":{"rendered":"","protected":false},"excerpt":{"rendered":"","protected":false},"author":1,"featured_media":0,"parent":0,"menu_order":10,"comment_status":"closed","ping_status":"closed","template":"","meta":{"footnotes":""},"class_list":["post-19954","page","type-page","status-publish","hentry"],"_links":{"self":[{"href":"https:\/\/recarprofi.cz\/uvod\/wp-json\/wp\/v2\/pages\/19954","targetHints":{"allow":["GET"]}}],"collection":[{"href":"https:\/\/recarprofi.cz\/uvod\/wp-json\/wp\/v2\/pages"}],"about":[{"href":"https:\/\/recarprofi.cz\/uvod\/wp-json\/wp\/v2\/types\/page"}],"author":[{"embeddable":true,"href":"https:\/\/recarprofi.cz\/uvod\/wp-json\/wp\/v2\/users\/1"}],"replies":[{"embeddable":true,"href":"https:\/\/recarprofi.cz\/uvod\/wp-json\/wp\/v2\/comments?post=19954"}],"version-history":[{"count":7,"href":"https:\/\/recarprofi.cz\/uvod\/wp-json\/wp\/v2\/pages\/19954\/revisions"}],"predecessor-version":[{"id":22391,"href":"https:\/\/recarprofi.cz\/uvod\/wp-json\/wp\/v2\/pages\/19954\/revisions\/22391"}],"wp:attachment":[{"href":"https:\/\/recarprofi.cz\/uvod\/wp-json\/wp\/v2\/media?parent=19954"}],"curies":[{"name":"wp","href":"https:\/\/api.w.org\/{rel}","templated":true}]}}