{"id":2348,"date":"2013-02-19T07:19:17","date_gmt":"2013-02-19T06:19:17","guid":{"rendered":"http:\/\/recarprofi.cz\/?page_id=2348"},"modified":"2024-04-26T10:26:12","modified_gmt":"2024-04-26T08:26:12","slug":"seci-stroje","status":"publish","type":"page","link":"https:\/\/recarprofi.cz\/uvod\/zemedelska-technika\/puda\/seci-stroje\/","title":{"rendered":"Sec\u00ed stroje"},"content":{"rendered":"\t\t<div data-elementor-type=\"wp-page\" data-elementor-id=\"2348\" class=\"elementor elementor-2348\">\n\t\t\t\t\t\t<section class=\"elementor-section elementor-top-section elementor-element elementor-element-c28192e elementor-section-boxed elementor-section-height-default elementor-section-height-default\" data-id=\"c28192e\" data-element_type=\"section\" data-e-type=\"section\">\n\t\t\t\t\t\t<div class=\"elementor-container elementor-column-gap-default\">\n\t\t\t\t\t<div class=\"elementor-column elementor-col-100 elementor-top-column elementor-element elementor-element-8a66c87\" data-id=\"8a66c87\" data-element_type=\"column\" data-e-type=\"column\">\n\t\t\t<div class=\"elementor-widget-wrap elementor-element-populated\">\n\t\t\t\t\t\t<div class=\"elementor-element elementor-element-962e75b elementor-position-left elementor-vertical-align-top elementor-widget elementor-widget-image-box\" data-id=\"962e75b\" data-element_type=\"widget\" data-e-type=\"widget\" data-widget_type=\"image-box.default\">\n\t\t\t\t<div class=\"elementor-widget-container\">\n\t\t\t\t\t<div class=\"elementor-image-box-wrapper\"><figure class=\"elementor-image-box-img\"><a href=\"https:\/\/recarprofi.cz\/uvod\/zemedelska-technika\/puda\/seci-stroje\/poznaniak\/\" tabindex=\"-1\"><img fetchpriority=\"high\" decoding=\"async\" width=\"800\" height=\"600\" src=\"https:\/\/recarprofi.cz\/wp-content\/uploads\/2018\/03\/unia-poznaniak8.jpg\" class=\"attachment-full size-full wp-image-10335\" alt=\"\" srcset=\"https:\/\/recarprofi.cz\/wp-content\/uploads\/2018\/03\/unia-poznaniak8.jpg 800w, https:\/\/recarprofi.cz\/wp-content\/uploads\/2018\/03\/unia-poznaniak8-600x450.jpg 600w, https:\/\/recarprofi.cz\/wp-content\/uploads\/2018\/03\/unia-poznaniak8-420x315.jpg 420w, https:\/\/recarprofi.cz\/wp-content\/uploads\/2018\/03\/unia-poznaniak8-744x558.jpg 744w, https:\/\/recarprofi.cz\/wp-content\/uploads\/2018\/03\/unia-poznaniak8-768x576.jpg 768w\" sizes=\"(max-width: 800px) 100vw, 800px\" \/><\/a><\/figure><div class=\"elementor-image-box-content\"><h3 class=\"elementor-image-box-title\"><a href=\"https:\/\/recarprofi.cz\/uvod\/zemedelska-technika\/puda\/seci-stroje\/poznaniak\/\">Mechanick\u00e9 sec\u00ed stroje Unia Poznaniak <\/a><\/h3><p class=\"elementor-image-box-description\">Pracovn\u00ed z\u00e1b\u011br od 2,5 do 3m.<\/p><\/div><\/div>\t\t\t\t<\/div>\n\t\t\t\t<\/div>\n\t\t\t\t\t<\/div>\n\t\t<\/div>\n\t\t\t\t\t<\/div>\n\t\t<\/section>\n\t\t\t\t<section class=\"elementor-section elementor-top-section elementor-element elementor-element-7d77991 elementor-section-boxed elementor-section-height-default elementor-section-height-default\" data-id=\"7d77991\" data-element_type=\"section\" data-e-type=\"section\">\n\t\t\t\t\t\t<div class=\"elementor-container elementor-column-gap-default\">\n\t\t\t\t\t<div class=\"elementor-column elementor-col-100 elementor-top-column elementor-element elementor-element-78c51d7\" data-id=\"78c51d7\" data-element_type=\"column\" data-e-type=\"column\">\n\t\t\t<div class=\"elementor-widget-wrap elementor-element-populated\">\n\t\t\t\t\t\t<div class=\"elementor-element elementor-element-9238812 elementor-position-left elementor-vertical-align-top elementor-widget elementor-widget-image-box\" data-id=\"9238812\" data-element_type=\"widget\" data-e-type=\"widget\" data-widget_type=\"image-box.default\">\n\t\t\t\t<div class=\"elementor-widget-container\">\n\t\t\t\t\t<div class=\"elementor-image-box-wrapper\"><figure class=\"elementor-image-box-img\"><a href=\"https:\/\/recarprofi.cz\/uvod\/zemedelska-technika\/puda\/seci-stroje\/polonez\/\" tabindex=\"-1\"><img decoding=\"async\" width=\"640\" height=\"360\" src=\"https:\/\/recarprofi.cz\/wp-content\/uploads\/2018\/03\/unia-polonez2.jpg\" class=\"attachment-full size-full wp-image-10353\" alt=\"\" srcset=\"https:\/\/recarprofi.cz\/wp-content\/uploads\/2018\/03\/unia-polonez2.jpg 640w, https:\/\/recarprofi.cz\/wp-content\/uploads\/2018\/03\/unia-polonez2-600x338.jpg 600w\" sizes=\"(max-width: 640px) 100vw, 640px\" \/><\/a><\/figure><div class=\"elementor-image-box-content\"><h3 class=\"elementor-image-box-title\"><a href=\"https:\/\/recarprofi.cz\/uvod\/zemedelska-technika\/puda\/seci-stroje\/polonez\/\">Mechanick\u00e9 sec\u00ed stroje Unia Polonez <\/a><\/h3><p class=\"elementor-image-box-description\">Pracovn\u00ed z\u00e1b\u011br od 3 do 4m.<\/p><\/div><\/div>\t\t\t\t<\/div>\n\t\t\t\t<\/div>\n\t\t\t\t\t<\/div>\n\t\t<\/div>\n\t\t\t\t\t<\/div>\n\t\t<\/section>\n\t\t\t\t<section class=\"elementor-section elementor-top-section elementor-element elementor-element-b5a6601 elementor-section-boxed elementor-section-height-default elementor-section-height-default\" data-id=\"b5a6601\" data-element_type=\"section\" data-e-type=\"section\">\n\t\t\t\t\t\t<div class=\"elementor-container elementor-column-gap-default\">\n\t\t\t\t\t<div class=\"elementor-column elementor-col-100 elementor-top-column elementor-element elementor-element-4f16904\" data-id=\"4f16904\" data-element_type=\"column\" data-e-type=\"column\">\n\t\t\t<div class=\"elementor-widget-wrap elementor-element-populated\">\n\t\t\t\t\t\t<div class=\"elementor-element elementor-element-4b592f6 elementor-position-left elementor-vertical-align-top elementor-widget elementor-widget-image-box\" data-id=\"4b592f6\" data-element_type=\"widget\" data-e-type=\"widget\" data-widget_type=\"image-box.default\">\n\t\t\t\t<div class=\"elementor-widget-container\">\n\t\t\t\t\t<div class=\"elementor-image-box-wrapper\"><figure class=\"elementor-image-box-img\"><a href=\"https:\/\/recarprofi.cz\/uvod\/zemedelska-technika\/puda\/seci-stroje\/unia-fm-2\/\" tabindex=\"-1\"><img decoding=\"async\" width=\"500\" height=\"402\" src=\"https:\/\/recarprofi.cz\/wp-content\/uploads\/2019\/03\/unia-fm4.jpg\" class=\"attachment-full size-full wp-image-11799\" alt=\"\" srcset=\"https:\/\/recarprofi.cz\/wp-content\/uploads\/2019\/03\/unia-fm4.jpg 500w, https:\/\/recarprofi.cz\/wp-content\/uploads\/2019\/03\/unia-fm4-416x334.jpg 416w, https:\/\/recarprofi.cz\/wp-content\/uploads\/2019\/03\/unia-fm4-420x338.jpg 420w\" sizes=\"(max-width: 500px) 100vw, 500px\" \/><\/a><\/figure><div class=\"elementor-image-box-content\"><h3 class=\"elementor-image-box-title\"><a href=\"https:\/\/recarprofi.cz\/uvod\/zemedelska-technika\/puda\/seci-stroje\/unia-fm-2\/\">Mechanick\u00e9 sec\u00ed kombinace Unia FM<\/a><\/h3><p class=\"elementor-image-box-description\">Pracovn\u00ed z\u00e1b\u011br 3m.<\/p><\/div><\/div>\t\t\t\t<\/div>\n\t\t\t\t<\/div>\n\t\t\t\t\t<\/div>\n\t\t<\/div>\n\t\t\t\t\t<\/div>\n\t\t<\/section>\n\t\t\t\t<section class=\"elementor-section elementor-top-section elementor-element elementor-element-615b33a elementor-section-boxed elementor-section-height-default elementor-section-height-default\" data-id=\"615b33a\" data-element_type=\"section\" data-e-type=\"section\">\n\t\t\t\t\t\t<div class=\"elementor-container elementor-column-gap-default\">\n\t\t\t\t\t<div class=\"elementor-column elementor-col-100 elementor-top-column elementor-element elementor-element-2b80a6a\" data-id=\"2b80a6a\" data-element_type=\"column\" data-e-type=\"column\">\n\t\t\t<div class=\"elementor-widget-wrap elementor-element-populated\">\n\t\t\t\t\t\t<div class=\"elementor-element elementor-element-6096645 elementor-position-left elementor-vertical-align-top elementor-widget elementor-widget-image-box\" data-id=\"6096645\" data-element_type=\"widget\" data-e-type=\"widget\" data-widget_type=\"image-box.default\">\n\t\t\t\t<div class=\"elementor-widget-container\">\n\t\t\t\t\t<div class=\"elementor-image-box-wrapper\"><figure class=\"elementor-image-box-img\"><a href=\"https:\/\/recarprofi.cz\/uvod\/zemedelska-technika\/puda\/seci-stroje\/unia-fenix\/\" tabindex=\"-1\"><img loading=\"lazy\" decoding=\"async\" width=\"1024\" height=\"731\" src=\"https:\/\/recarprofi.cz\/wp-content\/uploads\/2019\/03\/unia-fenix1.jpg\" class=\"attachment-full size-full wp-image-11725\" alt=\"\" srcset=\"https:\/\/recarprofi.cz\/wp-content\/uploads\/2019\/03\/unia-fenix1.jpg 1024w, https:\/\/recarprofi.cz\/wp-content\/uploads\/2019\/03\/unia-fenix1-600x428.jpg 600w, https:\/\/recarprofi.cz\/wp-content\/uploads\/2019\/03\/unia-fenix1-420x300.jpg 420w, https:\/\/recarprofi.cz\/wp-content\/uploads\/2019\/03\/unia-fenix1-744x531.jpg 744w, https:\/\/recarprofi.cz\/wp-content\/uploads\/2019\/03\/unia-fenix1-768x548.jpg 768w\" sizes=\"(max-width: 1024px) 100vw, 1024px\" \/><\/a><\/figure><div class=\"elementor-image-box-content\"><h3 class=\"elementor-image-box-title\"><a href=\"https:\/\/recarprofi.cz\/uvod\/zemedelska-technika\/puda\/seci-stroje\/unia-fenix\/\">Pneumatick\u00e9 sec\u00ed kombinace Fenix<\/a><\/h3><p class=\"elementor-image-box-description\">Pracovn\u00ed z\u00e1b\u011br od 3 do 6m.<\/p><\/div><\/div>\t\t\t\t<\/div>\n\t\t\t\t<\/div>\n\t\t\t\t\t<\/div>\n\t\t<\/div>\n\t\t\t\t\t<\/div>\n\t\t<\/section>\n\t\t\t\t<section class=\"elementor-section elementor-top-section elementor-element elementor-element-1ba33dc elementor-section-boxed elementor-section-height-default elementor-section-height-default\" data-id=\"1ba33dc\" data-element_type=\"section\" data-e-type=\"section\">\n\t\t\t\t\t\t<div class=\"elementor-container elementor-column-gap-default\">\n\t\t\t\t\t<div class=\"elementor-column elementor-col-100 elementor-top-column elementor-element elementor-element-444d03f\" data-id=\"444d03f\" data-element_type=\"column\" data-e-type=\"column\">\n\t\t\t<div class=\"elementor-widget-wrap elementor-element-populated\">\n\t\t\t\t\t\t<div class=\"elementor-element elementor-element-34b480d elementor-position-left elementor-vertical-align-top elementor-widget elementor-widget-image-box\" data-id=\"34b480d\" data-element_type=\"widget\" data-e-type=\"widget\" data-widget_type=\"image-box.default\">\n\t\t\t\t<div class=\"elementor-widget-container\">\n\t\t\t\t\t<div class=\"elementor-image-box-wrapper\"><figure class=\"elementor-image-box-img\"><a href=\"https:\/\/recarprofi.cz\/uvod\/zemedelska-technika\/puda\/seci-stroje\/delta\/\" tabindex=\"-1\"><img loading=\"lazy\" decoding=\"async\" width=\"1024\" height=\"729\" src=\"https:\/\/recarprofi.cz\/wp-content\/uploads\/2017\/02\/unia-delta2.jpg\" class=\"attachment-full size-full wp-image-8813\" alt=\"\" srcset=\"https:\/\/recarprofi.cz\/wp-content\/uploads\/2017\/02\/unia-delta2.jpg 1024w, https:\/\/recarprofi.cz\/wp-content\/uploads\/2017\/02\/unia-delta2-600x427.jpg 600w, https:\/\/recarprofi.cz\/wp-content\/uploads\/2017\/02\/unia-delta2-300x214.jpg 300w, https:\/\/recarprofi.cz\/wp-content\/uploads\/2017\/02\/unia-delta2-768x547.jpg 768w\" sizes=\"(max-width: 1024px) 100vw, 1024px\" \/><\/a><\/figure><div class=\"elementor-image-box-content\"><h3 class=\"elementor-image-box-title\"><a href=\"https:\/\/recarprofi.cz\/uvod\/zemedelska-technika\/puda\/seci-stroje\/delta\/\">P\u0159esn\u00e9 sec\u00ed stroje Delta<\/a><\/h3><p class=\"elementor-image-box-description\">Pracovn\u00ed z\u00e1b\u011br od 3 do 4,5m.<\/p><\/div><\/div>\t\t\t\t<\/div>\n\t\t\t\t<\/div>\n\t\t\t\t\t<\/div>\n\t\t<\/div>\n\t\t\t\t\t<\/div>\n\t\t<\/section>\n\t\t\t\t<\/div>\n\t\t","protected":false},"excerpt":{"rendered":"<p>Mechanick\u00e9 sec\u00ed stroje Unia Poznaniak Pracovn\u00ed z\u00e1b\u011br od 2,5 do 3m. Mechanick\u00e9 sec\u00ed stroje Unia Polonez Pracovn\u00ed z\u00e1b\u011br od 3 do 4m. Mechanick\u00e9 sec\u00ed kombinace Unia FM Pracovn\u00ed z\u00e1b\u011br 3m. Pneumatick\u00e9 sec\u00ed kombinace Fenix Pracovn\u00ed&hellip;<\/p>\n","protected":false},"author":1,"featured_media":0,"parent":130,"menu_order":6,"comment_status":"closed","ping_status":"closed","template":"","meta":{"footnotes":""},"class_list":["post-2348","page","type-page","status-publish","hentry"],"_links":{"self":[{"href":"https:\/\/recarprofi.cz\/uvod\/wp-json\/wp\/v2\/pages\/2348","targetHints":{"allow":["GET"]}}],"collection":[{"href":"https:\/\/recarprofi.cz\/uvod\/wp-json\/wp\/v2\/pages"}],"about":[{"href":"https:\/\/recarprofi.cz\/uvod\/wp-json\/wp\/v2\/types\/page"}],"author":[{"embeddable":true,"href":"https:\/\/recarprofi.cz\/uvod\/wp-json\/wp\/v2\/users\/1"}],"replies":[{"embeddable":true,"href":"https:\/\/recarprofi.cz\/uvod\/wp-json\/wp\/v2\/comments?post=2348"}],"version-history":[{"count":65,"href":"https:\/\/recarprofi.cz\/uvod\/wp-json\/wp\/v2\/pages\/2348\/revisions"}],"predecessor-version":[{"id":31278,"href":"https:\/\/recarprofi.cz\/uvod\/wp-json\/wp\/v2\/pages\/2348\/revisions\/31278"}],"up":[{"embeddable":true,"href":"https:\/\/recarprofi.cz\/uvod\/wp-json\/wp\/v2\/pages\/130"}],"wp:attachment":[{"href":"https:\/\/recarprofi.cz\/uvod\/wp-json\/wp\/v2\/media?parent=2348"}],"curies":[{"name":"wp","href":"https:\/\/api.w.org\/{rel}","templated":true}]}}