{"id":2354,"date":"2013-02-19T07:37:59","date_gmt":"2013-02-19T06:37:59","guid":{"rendered":"http:\/\/recarprofi.cz\/?page_id=2354"},"modified":"2024-04-26T09:58:41","modified_gmt":"2024-04-26T07:58:41","slug":"poznaniak","status":"publish","type":"page","link":"https:\/\/recarprofi.cz\/uvod\/zemedelska-technika\/puda\/seci-stroje\/poznaniak\/","title":{"rendered":"Mechanick\u00e9 sec\u00ed stroje Poznaniak"},"content":{"rendered":"\t\t<div data-elementor-type=\"wp-page\" data-elementor-id=\"2354\" class=\"elementor elementor-2354\">\n\t\t\t\t\t\t<section class=\"elementor-section elementor-top-section elementor-element elementor-element-5145c66 elementor-section-boxed elementor-section-height-default elementor-section-height-default\" data-id=\"5145c66\" data-element_type=\"section\" data-e-type=\"section\">\n\t\t\t\t\t\t<div class=\"elementor-container elementor-column-gap-default\">\n\t\t\t\t\t<div class=\"elementor-column elementor-col-100 elementor-top-column elementor-element elementor-element-0d18192\" data-id=\"0d18192\" data-element_type=\"column\" data-e-type=\"column\">\n\t\t\t<div class=\"elementor-widget-wrap elementor-element-populated\">\n\t\t\t\t\t\t<div class=\"elementor-element elementor-element-7cf2044 elementor-widget elementor-widget-image\" data-id=\"7cf2044\" data-element_type=\"widget\" data-e-type=\"widget\" data-widget_type=\"image.default\">\n\t\t\t\t<div class=\"elementor-widget-container\">\n\t\t\t\t\t\t\t\t\t\t\t\t\t\t\t<img fetchpriority=\"high\" decoding=\"async\" width=\"800\" height=\"600\" src=\"https:\/\/recarprofi.cz\/wp-content\/uploads\/2018\/03\/unia-poznaniak8.jpg\" class=\"attachment-large size-large wp-image-10335\" alt=\"\" srcset=\"https:\/\/recarprofi.cz\/wp-content\/uploads\/2018\/03\/unia-poznaniak8.jpg 800w, https:\/\/recarprofi.cz\/wp-content\/uploads\/2018\/03\/unia-poznaniak8-600x450.jpg 600w, https:\/\/recarprofi.cz\/wp-content\/uploads\/2018\/03\/unia-poznaniak8-420x315.jpg 420w, https:\/\/recarprofi.cz\/wp-content\/uploads\/2018\/03\/unia-poznaniak8-744x558.jpg 744w, https:\/\/recarprofi.cz\/wp-content\/uploads\/2018\/03\/unia-poznaniak8-768x576.jpg 768w\" sizes=\"(max-width: 800px) 100vw, 800px\" \/>\t\t\t\t\t\t\t\t\t\t\t\t\t\t\t<\/div>\n\t\t\t\t<\/div>\n\t\t\t\t\t<\/div>\n\t\t<\/div>\n\t\t\t\t\t<\/div>\n\t\t<\/section>\n\t\t\t\t<section class=\"elementor-section elementor-top-section elementor-element elementor-element-23e43777 elementor-section-boxed elementor-section-height-default elementor-section-height-default\" data-id=\"23e43777\" data-element_type=\"section\" data-e-type=\"section\">\n\t\t\t\t\t\t<div class=\"elementor-container elementor-column-gap-default\">\n\t\t\t\t\t<div class=\"elementor-column elementor-col-100 elementor-top-column elementor-element elementor-element-1364d08c\" data-id=\"1364d08c\" data-element_type=\"column\" data-e-type=\"column\">\n\t\t\t<div class=\"elementor-widget-wrap elementor-element-populated\">\n\t\t\t\t\t\t<div class=\"elementor-element elementor-element-33103d05 elementor-widget elementor-widget-text-editor\" data-id=\"33103d05\" data-element_type=\"widget\" data-e-type=\"widget\" data-widget_type=\"text-editor.default\">\n\t\t\t\t<div class=\"elementor-widget-container\">\n\t\t\t\t\t\t\t\t\t<p>Sec\u00ed stroj POZNANIAK\u00a0 je mechanick\u00fd sec\u00ed stroj s v\u00e1le\u010dkov\u00fdm v\u00fdsevn\u00edm \u00fastroj\u00edm s plynule nastavitelnou rychlost\u00ed ot\u00e1\u010den\u00ed a nastavitelnou vzd\u00e1lenosti dna pod v\u00fdsevn\u00edmi v\u00e1le\u010dky dle velikosti semen. V\u00fdsevn\u00ed \u00fastroj\u00ed na ka\u017ed\u00e9m \u0159\u00e1dku je tvo\u0159eno v\u00e1le\u010dkem pro v\u00fdsev jemnozrn\u00fdch plodin a v\u00e1le\u010dkem pro v\u00fdsev velk\u00fdch zrn. D\u00edky tomu je sec\u00ed stroj Poznaniak vhodn\u00fd k v\u00fdsevu v\u0161ech b\u011b\u017en\u00fdch \u00fazko\u0159ad\u00fdch obilovin, olejnin, luskovin a trav. Tyto sec\u00ed stroje vynikaj\u00ed svou vysokou p\u0159esnost\u00ed v\u00fdsevku, snadnou kontrolou v\u00fdsevku, jednoduchou obsluhou s minim\u00e1ln\u00ed nutnou \u00fadr\u017ebou a konstrukc\u00ed umo\u017e\u0148uj\u00edc\u00ed agregaci i s leh\u010d\u00edmi traktory ni\u017e\u0161\u00edch v\u00fdkonu. Poznaniaky jsou rovn\u011b\u017e vhodn\u00e9 k vytvo\u0159en\u00ed sec\u00edch kombinac\u00ed.<\/p><h4>POZOR: sec\u00ed stroj v z\u00e1kladu nen\u00ed vybaven znamen\u00e1ky p\u0159ejezdu.<\/h4><p><em><strong>Standardn\u00ed v\u00fdbava:<\/strong><\/em><\/p><ul><li>t\u0159\u00edbodov\u00fdm z\u00e1v\u011bsem kat. II<\/li><li>centr\u00e1ln\u00edm regulaci hloubky v\u00fdsevu<\/li><li>centr\u00e1ln\u00edm i individu\u00e1ln\u00ed regulac\u00ed p\u0159\u00edtlaku na botky<\/li><li>dvod\u00edln\u00fdmi, integrovan\u00fdmi v\u00fdsevn\u00edmi v\u00e1le\u010dky pro v\u00fdsev nap\u0159.: obilovin i \u0159epky<\/li><li>bezstup\u0148ovou p\u0159evodovkou<\/li><li>zavla\u010dova\u010di s individu\u00e1ln\u00edm p\u0159\u00edtlakem<\/li><li>koly 165\/70 R14<\/li><li>\u010dechra\u010dem uvnit\u0159 z\u00e1sobn\u00edku<\/li><li>obslu\u017enou plo\u0161inou pro pln\u011bn\u00ed z\u00e1sobn\u00edku osivem<\/li><\/ul><p><em><strong>Technick\u00e9 parametry:<\/strong><\/em><\/p><table border=\"0\" width=\"486\" cellspacing=\"0\" cellpadding=\"2\"><tbody><tr><td width=\"66\"><p>POZNANIAK<\/p><\/td><td width=\"48\"><p>330\/2,5<\/p><\/td><td width=\"48\"><p>330\/2,5 D<\/p><\/td><td width=\"48\"><p>370\/2,7<\/p><\/td><td width=\"48\"><p>370\/2,7 D<\/p><\/td><td width=\"48\"><p>420\/3<\/p><\/td><td width=\"48\"><p>420\/3 D<\/p><\/td><td width=\"48\"><p>500\/3<\/p><\/td><td width=\"48\"><p>500\/3 D<\/p><\/td><\/tr><tr bgcolor=\"#fcfdfd\"><td width=\"66\"><p>Pracovn\u00ed z\u00e1b\u011br [m]<\/p><\/td><td width=\"48\"><p>2,5<\/p><\/td><td width=\"48\"><p>2,5<\/p><\/td><td width=\"48\"><p>2,7<\/p><\/td><td width=\"48\"><p>2,7<\/p><\/td><td width=\"48\"><p>3<\/p><\/td><td width=\"48\"><p>3<\/p><\/td><td width=\"48\"><p>3<\/p><\/td><td width=\"48\"><p>3<\/p><\/td><\/tr><tr><td width=\"66\"><p>Objem n\u00e1sypky [l]<\/p><\/td><td width=\"48\"><p>330<\/p><\/td><td width=\"48\"><p>330<\/p><\/td><td width=\"48\"><p>370<\/p><\/td><td width=\"48\"><p>370<\/p><\/td><td width=\"48\"><p>420<\/p><\/td><td width=\"48\"><p>420<\/p><\/td><td width=\"48\"><p>500<\/p><\/td><td width=\"48\"><p>500<\/p><\/td><\/tr><tr bgcolor=\"#fcfdfd\"><td width=\"66\"><p>Typ botek<\/p><\/td><td width=\"48\"><p>stopkove<\/p><\/td><td width=\"48\"><p>dvoudiskov\u00e9<\/p><\/td><td width=\"48\"><p>stopkove<\/p><\/td><td width=\"48\"><p>dvoudiskov\u00e9<\/p><\/td><td width=\"48\"><p>stopkove<\/p><\/td><td width=\"48\"><p>dvoudiskov\u00e9<\/p><\/td><td width=\"48\"><p>stopkove<\/p><\/td><td width=\"48\"><p>dvoudiskov\u00e9<\/p><\/td><\/tr><tr><td width=\"66\"><p>Po\u010det botek[ks]<\/p><\/td><td width=\"48\"><p>21<\/p><\/td><td width=\"48\"><p>21<\/p><\/td><td width=\"48\"><p>23<\/p><\/td><td width=\"48\"><p>23<\/p><\/td><td width=\"48\"><p>25<\/p><\/td><td width=\"48\"><p>25<\/p><\/td><td width=\"48\"><p>25<\/p><\/td><td width=\"48\"><p>25<\/p><\/td><\/tr><tr bgcolor=\"#fcfdfd\"><td width=\"66\"><p>Pracovn\u00ed hloubka [cm]<\/p><\/td><td width=\"48\"><p>0\u00f77<\/p><\/td><td width=\"48\"><p>0\u00f77<\/p><\/td><td width=\"48\"><p>0\u00f77<\/p><\/td><td width=\"48\"><p>0\u00f77<\/p><\/td><td width=\"48\"><p>0\u00f77<\/p><\/td><td width=\"48\"><p>0\u00f77<\/p><\/td><td width=\"48\"><p>0\u00f77<\/p><\/td><td width=\"48\"><p>0\u00f77<\/p><\/td><\/tr><tr><td width=\"66\"><p>Po\u010det \u0159ad botek [ks]<\/p><\/td><td width=\"48\"><p>2<\/p><\/td><td width=\"48\"><p>2<\/p><\/td><td width=\"48\"><p>2<\/p><\/td><td width=\"48\"><p>2<\/p><\/td><td width=\"48\"><p>2<\/p><\/td><td width=\"48\"><p>2<\/p><\/td><td width=\"48\"><p>2<\/p><\/td><td width=\"48\"><p>2<\/p><\/td><\/tr><tr bgcolor=\"#fcfdfd\"><td width=\"66\"><p>V\u00fdkon traktoru [k]<\/p><\/td><td width=\"48\"><p>45<\/p><\/td><td width=\"48\"><p>45<\/p><\/td><td width=\"48\"><p>45<\/p><\/td><td width=\"48\"><p>45<\/p><\/td><td width=\"48\"><p>60<\/p><\/td><td width=\"48\"><p>60<\/p><\/td><td width=\"48\"><p>60<\/p><\/td><td width=\"48\"><p>60<\/p><\/td><\/tr><tr><td width=\"66\"><p>Hmotnost [kg]<\/p><\/td><td width=\"48\"><p>510<\/p><\/td><td width=\"48\"><p>630<\/p><\/td><td width=\"48\"><p>550<\/p><\/td><td width=\"48\"><p>680<\/p><\/td><td width=\"48\"><p>610<\/p><\/td><td width=\"48\"><p>760<\/p><\/td><td width=\"48\"><p>620<\/p><\/td><td width=\"48\"><p>770<\/p><\/td><\/tr><\/tbody><\/table><p><em><strong>P\u0159\u00edplatkov\u00e1 v\u00fdbava:<\/strong><\/em><\/p><ul><li><em><strong>Kyp\u0159i\u010de pojezdov\u00fdch kol\u00a0 traktoru<\/strong><\/em><\/li><li><em><strong>Preemergentn\u00ed kolejov\u00e9 \u0159\u00e1dky<\/strong><\/em><\/li><li><em><strong>Hydraulick\u00e9 bo\u010dn\u00ed zna\u010dkova\u010de<\/strong><\/em><\/li><\/ul><table><tbody><tr><td width=\"155\"><p><em><strong>Ovlada\u010d Starter Seed<\/strong><\/em><\/p><p><a href=\"http:\/\/recarprofi.cz\/wp-content\/uploads\/2018\/03\/unia-poznaniak-starter.jpg\"><img decoding=\"async\" class=\"aligncenter wp-image-10341 size-thumbnail\" src=\"http:\/\/recarprofi.cz\/wp-content\/uploads\/2018\/03\/unia-poznaniak-starter-420x524.jpg\" alt=\"\" width=\"420\" height=\"524\" srcset=\"https:\/\/recarprofi.cz\/wp-content\/uploads\/2018\/03\/unia-poznaniak-starter-420x524.jpg 420w, https:\/\/recarprofi.cz\/wp-content\/uploads\/2018\/03\/unia-poznaniak-starter-300x375.jpg 300w, https:\/\/recarprofi.cz\/wp-content\/uploads\/2018\/03\/unia-poznaniak-starter-416x519.jpg 416w, https:\/\/recarprofi.cz\/wp-content\/uploads\/2018\/03\/unia-poznaniak-starter.jpg 500w\" sizes=\"(max-width: 420px) 100vw, 420px\" \/><\/a><\/p><\/td><td width=\"155\"><p><em><strong>Po\u010d\u00edta\u010d Pilot Joy<\/strong><\/em><\/p><p><em><strong><a href=\"http:\/\/recarprofi.cz\/wp-content\/uploads\/2018\/03\/unia-poznaniak-pilot.jpg\"><img decoding=\"async\" class=\"aligncenter wp-image-10342 size-thumbnail\" src=\"http:\/\/recarprofi.cz\/wp-content\/uploads\/2018\/03\/unia-poznaniak-pilot-420x630.jpg\" alt=\"\" width=\"420\" height=\"630\" srcset=\"https:\/\/recarprofi.cz\/wp-content\/uploads\/2018\/03\/unia-poznaniak-pilot-420x630.jpg 420w, https:\/\/recarprofi.cz\/wp-content\/uploads\/2018\/03\/unia-poznaniak-pilot-416x624.jpg 416w, https:\/\/recarprofi.cz\/wp-content\/uploads\/2018\/03\/unia-poznaniak-pilot.jpg 500w\" sizes=\"(max-width: 420px) 100vw, 420px\" \/><\/a>\u00a0<\/strong><\/em><\/p><\/td><td width=\"155\"><p><em><strong>Silni\u010dn\u00ed osv\u011btlen\u00ed<\/strong><\/em><\/p><p><a href=\"http:\/\/recarprofi.cz\/wp-content\/uploads\/2018\/03\/unia-poznaniak9.jpg\"><img loading=\"lazy\" decoding=\"async\" class=\"aligncenter wp-image-10343 size-thumbnail\" src=\"http:\/\/recarprofi.cz\/wp-content\/uploads\/2018\/03\/unia-poznaniak9-420x270.jpg\" alt=\"\" width=\"420\" height=\"270\" srcset=\"https:\/\/recarprofi.cz\/wp-content\/uploads\/2018\/03\/unia-poznaniak9-420x270.jpg 420w, https:\/\/recarprofi.cz\/wp-content\/uploads\/2018\/03\/unia-poznaniak9-600x386.jpg 600w, https:\/\/recarprofi.cz\/wp-content\/uploads\/2018\/03\/unia-poznaniak9.jpg 700w\" sizes=\"(max-width: 420px) 100vw, 420px\" \/><\/a><\/p><\/td><td width=\"155\"><p><b><i>Utu\u017eovac\u00ed sekce<\/i><\/b><\/p><p><a href=\"http:\/\/recarprofi.cz\/wp-content\/uploads\/2018\/03\/unia-poznaniak2.jpg\"><img loading=\"lazy\" decoding=\"async\" class=\"aligncenter wp-image-10344 size-thumbnail\" src=\"http:\/\/recarprofi.cz\/wp-content\/uploads\/2018\/03\/unia-poznaniak2-420x288.jpg\" alt=\"\" width=\"420\" height=\"288\" srcset=\"https:\/\/recarprofi.cz\/wp-content\/uploads\/2018\/03\/unia-poznaniak2-420x288.jpg 420w, https:\/\/recarprofi.cz\/wp-content\/uploads\/2018\/03\/unia-poznaniak2-416x285.jpg 416w, https:\/\/recarprofi.cz\/wp-content\/uploads\/2018\/03\/unia-poznaniak2.jpg 500w\" sizes=\"(max-width: 420px) 100vw, 420px\" \/><\/a><\/p><p><em><strong>\u00a0<\/strong><\/em><\/p><\/td><\/tr><\/tbody><\/table><p><a href=\"http:\/\/recarprofi.cz\/wp-content\/uploads\/2018\/03\/unia-poznaniak1.png\"><img loading=\"lazy\" decoding=\"async\" class=\"aligncenter wp-image-10336 size-full\" src=\"https:\/\/recarprofi.cz\/wp-content\/uploads\/2018\/03\/unia-poznaniak1.png\" alt=\"\" width=\"1190\" height=\"801\" srcset=\"https:\/\/recarprofi.cz\/wp-content\/uploads\/2018\/03\/unia-poznaniak1.png 1190w, https:\/\/recarprofi.cz\/wp-content\/uploads\/2018\/03\/unia-poznaniak1-600x404.png 600w, https:\/\/recarprofi.cz\/wp-content\/uploads\/2018\/03\/unia-poznaniak1-420x283.png 420w, https:\/\/recarprofi.cz\/wp-content\/uploads\/2018\/03\/unia-poznaniak1-744x501.png 744w, https:\/\/recarprofi.cz\/wp-content\/uploads\/2018\/03\/unia-poznaniak1-768x517.png 768w\" sizes=\"(max-width: 1190px) 100vw, 1190px\" \/><\/a><\/p><p><a href=\"http:\/\/recarprofi.cz\/wp-content\/uploads\/2018\/03\/unia-poznaniak3.jpg\"><img loading=\"lazy\" decoding=\"async\" class=\"aligncenter wp-image-10346 size-full\" src=\"https:\/\/recarprofi.cz\/wp-content\/uploads\/2018\/03\/unia-poznaniak3.jpg\" alt=\"\" width=\"500\" height=\"343\" srcset=\"https:\/\/recarprofi.cz\/wp-content\/uploads\/2018\/03\/unia-poznaniak3.jpg 500w, https:\/\/recarprofi.cz\/wp-content\/uploads\/2018\/03\/unia-poznaniak3-416x285.jpg 416w, https:\/\/recarprofi.cz\/wp-content\/uploads\/2018\/03\/unia-poznaniak3-420x288.jpg 420w\" sizes=\"(max-width: 500px) 100vw, 500px\" \/><\/a><\/p><p><a href=\"http:\/\/recarprofi.cz\/wp-content\/uploads\/2018\/03\/unia-poznaniak4.jpg\"><img loading=\"lazy\" decoding=\"async\" class=\"aligncenter wp-image-10347 size-full\" src=\"https:\/\/recarprofi.cz\/wp-content\/uploads\/2018\/03\/unia-poznaniak4.jpg\" alt=\"\" width=\"500\" height=\"343\" srcset=\"https:\/\/recarprofi.cz\/wp-content\/uploads\/2018\/03\/unia-poznaniak4.jpg 500w, https:\/\/recarprofi.cz\/wp-content\/uploads\/2018\/03\/unia-poznaniak4-416x285.jpg 416w, https:\/\/recarprofi.cz\/wp-content\/uploads\/2018\/03\/unia-poznaniak4-420x288.jpg 420w\" sizes=\"(max-width: 500px) 100vw, 500px\" \/><\/a><\/p><p><a href=\"http:\/\/recarprofi.cz\/wp-content\/uploads\/2018\/03\/unia-poznaniak.jpg\">\u00a0<\/a><a href=\"http:\/\/recarprofi.cz\/wp-content\/uploads\/2018\/03\/unia-poznaniak7.jpg\"><img loading=\"lazy\" decoding=\"async\" class=\"aligncenter wp-image-10350 size-full\" src=\"https:\/\/recarprofi.cz\/wp-content\/uploads\/2018\/03\/unia-poznaniak7.jpg\" alt=\"\" width=\"700\" height=\"450\" srcset=\"https:\/\/recarprofi.cz\/wp-content\/uploads\/2018\/03\/unia-poznaniak7.jpg 700w, https:\/\/recarprofi.cz\/wp-content\/uploads\/2018\/03\/unia-poznaniak7-600x386.jpg 600w, https:\/\/recarprofi.cz\/wp-content\/uploads\/2018\/03\/unia-poznaniak7-420x270.jpg 420w\" sizes=\"(max-width: 700px) 100vw, 700px\" \/><\/a><a href=\"http:\/\/recarprofi.cz\/wp-content\/uploads\/2018\/03\/unia-poznaniak.jpg\"><img loading=\"lazy\" decoding=\"async\" class=\"aligncenter wp-image-10349 size-large\" src=\"https:\/\/recarprofi.cz\/wp-content\/uploads\/2018\/03\/unia-poznaniak-1200x673.jpg\" alt=\"\" width=\"1140\" height=\"639\" srcset=\"https:\/\/recarprofi.cz\/wp-content\/uploads\/2018\/03\/unia-poznaniak-1200x673.jpg 1200w, https:\/\/recarprofi.cz\/wp-content\/uploads\/2018\/03\/unia-poznaniak-600x337.jpg 600w, https:\/\/recarprofi.cz\/wp-content\/uploads\/2018\/03\/unia-poznaniak-420x236.jpg 420w, https:\/\/recarprofi.cz\/wp-content\/uploads\/2018\/03\/unia-poznaniak-744x417.jpg 744w, https:\/\/recarprofi.cz\/wp-content\/uploads\/2018\/03\/unia-poznaniak-768x431.jpg 768w, https:\/\/recarprofi.cz\/wp-content\/uploads\/2018\/03\/unia-poznaniak.jpg 1920w\" sizes=\"(max-width: 1140px) 100vw, 1140px\" \/><\/a><\/p>\t\t\t\t\t\t\t\t<\/div>\n\t\t\t\t<\/div>\n\t\t\t\t\t<\/div>\n\t\t<\/div>\n\t\t\t\t\t<\/div>\n\t\t<\/section>\n\t\t\t\t<\/div>\n\t\t","protected":false},"excerpt":{"rendered":"<p>Sec\u00ed stroj POZNANIAK\u00a0 je mechanick\u00fd sec\u00ed stroj s v\u00e1le\u010dkov\u00fdm v\u00fdsevn\u00edm \u00fastroj\u00edm s plynule nastavitelnou rychlost\u00ed ot\u00e1\u010den\u00ed a nastavitelnou vzd\u00e1lenosti dna pod v\u00fdsevn\u00edmi v\u00e1le\u010dky dle velikosti semen. V\u00fdsevn\u00ed \u00fastroj\u00ed na ka\u017ed\u00e9m \u0159\u00e1dku je tvo\u0159eno v\u00e1le\u010dkem pro&hellip;<\/p>\n","protected":false},"author":1,"featured_media":0,"parent":2348,"menu_order":1,"comment_status":"closed","ping_status":"closed","template":"","meta":{"footnotes":""},"class_list":["post-2354","page","type-page","status-publish","hentry"],"_links":{"self":[{"href":"https:\/\/recarprofi.cz\/uvod\/wp-json\/wp\/v2\/pages\/2354","targetHints":{"allow":["GET"]}}],"collection":[{"href":"https:\/\/recarprofi.cz\/uvod\/wp-json\/wp\/v2\/pages"}],"about":[{"href":"https:\/\/recarprofi.cz\/uvod\/wp-json\/wp\/v2\/types\/page"}],"author":[{"embeddable":true,"href":"https:\/\/recarprofi.cz\/uvod\/wp-json\/wp\/v2\/users\/1"}],"replies":[{"embeddable":true,"href":"https:\/\/recarprofi.cz\/uvod\/wp-json\/wp\/v2\/comments?post=2354"}],"version-history":[{"count":37,"href":"https:\/\/recarprofi.cz\/uvod\/wp-json\/wp\/v2\/pages\/2354\/revisions"}],"predecessor-version":[{"id":31228,"href":"https:\/\/recarprofi.cz\/uvod\/wp-json\/wp\/v2\/pages\/2354\/revisions\/31228"}],"up":[{"embeddable":true,"href":"https:\/\/recarprofi.cz\/uvod\/wp-json\/wp\/v2\/pages\/2348"}],"wp:attachment":[{"href":"https:\/\/recarprofi.cz\/uvod\/wp-json\/wp\/v2\/media?parent=2354"}],"curies":[{"name":"wp","href":"https:\/\/api.w.org\/{rel}","templated":true}]}}