{"id":24289,"date":"2022-03-28T14:35:49","date_gmt":"2022-03-28T12:35:49","guid":{"rendered":"https:\/\/recarprofi.cz\/uvod\/?page_id=24289"},"modified":"2024-04-09T12:37:32","modified_gmt":"2024-04-09T10:37:32","slug":"elektricke","status":"publish","type":"page","link":"https:\/\/recarprofi.cz\/uvod\/manipulacni-technika\/vysokozdvizne-voziky-baoli\/elektricke\/","title":{"rendered":"Elektrick\u00e9 vysokozdvi\u017en\u00e9 voz\u00edky Baoli"},"content":{"rendered":"\t\t<div data-elementor-type=\"wp-page\" data-elementor-id=\"24289\" class=\"elementor elementor-24289\">\n\t\t\t\t\t\t<section class=\"elementor-section elementor-top-section elementor-element elementor-element-6cb6195 elementor-section-boxed elementor-section-height-default elementor-section-height-default\" data-id=\"6cb6195\" data-element_type=\"section\" data-e-type=\"section\">\n\t\t\t\t\t\t<div class=\"elementor-container elementor-column-gap-default\">\n\t\t\t\t\t<div class=\"elementor-column elementor-col-100 elementor-top-column elementor-element elementor-element-99bf400\" data-id=\"99bf400\" data-element_type=\"column\" data-e-type=\"column\">\n\t\t\t<div class=\"elementor-widget-wrap elementor-element-populated\">\n\t\t\t\t\t\t<div class=\"elementor-element elementor-element-b9ba769 elementor-position-left elementor-vertical-align-top elementor-widget elementor-widget-image-box\" data-id=\"b9ba769\" data-element_type=\"widget\" data-e-type=\"widget\" data-widget_type=\"image-box.default\">\n\t\t\t\t<div class=\"elementor-widget-container\">\n\t\t\t\t\t<div class=\"elementor-image-box-wrapper\"><figure class=\"elementor-image-box-img\"><a href=\"https:\/\/recarprofi.cz\/uvod\/manipulacni-technika\/vysokozdvizne-voziky-baoli\/elektricke\/kbet-15\/\" tabindex=\"-1\"><img fetchpriority=\"high\" decoding=\"async\" width=\"2560\" height=\"2361\" src=\"https:\/\/recarprofi.cz\/wp-content\/uploads\/2022\/03\/baoli-KBET18-scaled.jpg\" class=\"attachment-full size-full wp-image-24282\" alt=\"\" srcset=\"https:\/\/recarprofi.cz\/wp-content\/uploads\/2022\/03\/baoli-KBET18-scaled.jpg 2560w, https:\/\/recarprofi.cz\/wp-content\/uploads\/2022\/03\/baoli-KBET18-600x553.jpg 600w, https:\/\/recarprofi.cz\/wp-content\/uploads\/2022\/03\/baoli-KBET18-744x686.jpg 744w, https:\/\/recarprofi.cz\/wp-content\/uploads\/2022\/03\/baoli-KBET18-1200x1107.jpg 1200w, https:\/\/recarprofi.cz\/wp-content\/uploads\/2022\/03\/baoli-KBET18-420x387.jpg 420w, https:\/\/recarprofi.cz\/wp-content\/uploads\/2022\/03\/baoli-KBET18-768x708.jpg 768w, https:\/\/recarprofi.cz\/wp-content\/uploads\/2022\/03\/baoli-KBET18-1536x1416.jpg 1536w, https:\/\/recarprofi.cz\/wp-content\/uploads\/2022\/03\/baoli-KBET18-2048x1889.jpg 2048w, https:\/\/recarprofi.cz\/wp-content\/uploads\/2022\/03\/baoli-KBET18-65x60.jpg 65w\" sizes=\"(max-width: 2560px) 100vw, 2560px\" \/><\/a><\/figure><div class=\"elementor-image-box-content\"><h3 class=\"elementor-image-box-title\"><a href=\"https:\/\/recarprofi.cz\/uvod\/manipulacni-technika\/vysokozdvizne-voziky-baoli\/elektricke\/kbet-15\/\">Elektrick\u00e9 vysokozdvi\u017en\u00e9 voz\u00edky Baoli KBET-15<\/a><\/h3><p class=\"elementor-image-box-description\">Nosnost 1.500  kg<\/p><\/div><\/div>\t\t\t\t<\/div>\n\t\t\t\t<\/div>\n\t\t\t\t\t<\/div>\n\t\t<\/div>\n\t\t\t\t\t<\/div>\n\t\t<\/section>\n\t\t\t\t<section class=\"elementor-section elementor-top-section elementor-element elementor-element-39b75e5 elementor-section-boxed elementor-section-height-default elementor-section-height-default\" data-id=\"39b75e5\" data-element_type=\"section\" data-e-type=\"section\">\n\t\t\t\t\t\t<div class=\"elementor-container elementor-column-gap-default\">\n\t\t\t\t\t<div class=\"elementor-column elementor-col-100 elementor-top-column elementor-element elementor-element-557aec2\" data-id=\"557aec2\" data-element_type=\"column\" data-e-type=\"column\">\n\t\t\t<div class=\"elementor-widget-wrap elementor-element-populated\">\n\t\t\t\t\t\t<div class=\"elementor-element elementor-element-b559e5b elementor-position-left elementor-vertical-align-top elementor-widget elementor-widget-image-box\" data-id=\"b559e5b\" data-element_type=\"widget\" data-e-type=\"widget\" data-widget_type=\"image-box.default\">\n\t\t\t\t<div class=\"elementor-widget-container\">\n\t\t\t\t\t<div class=\"elementor-image-box-wrapper\"><figure class=\"elementor-image-box-img\"><a href=\"https:\/\/recarprofi.cz\/uvod\/manipulacni-technika\/vysokozdvizne-voziky-baoli\/elektricke\/kbet-18\/\" tabindex=\"-1\"><img fetchpriority=\"high\" decoding=\"async\" width=\"2560\" height=\"2361\" src=\"https:\/\/recarprofi.cz\/wp-content\/uploads\/2022\/03\/baoli-KBET18-scaled.jpg\" class=\"attachment-full size-full wp-image-24282\" alt=\"\" srcset=\"https:\/\/recarprofi.cz\/wp-content\/uploads\/2022\/03\/baoli-KBET18-scaled.jpg 2560w, https:\/\/recarprofi.cz\/wp-content\/uploads\/2022\/03\/baoli-KBET18-600x553.jpg 600w, https:\/\/recarprofi.cz\/wp-content\/uploads\/2022\/03\/baoli-KBET18-744x686.jpg 744w, https:\/\/recarprofi.cz\/wp-content\/uploads\/2022\/03\/baoli-KBET18-1200x1107.jpg 1200w, https:\/\/recarprofi.cz\/wp-content\/uploads\/2022\/03\/baoli-KBET18-420x387.jpg 420w, https:\/\/recarprofi.cz\/wp-content\/uploads\/2022\/03\/baoli-KBET18-768x708.jpg 768w, https:\/\/recarprofi.cz\/wp-content\/uploads\/2022\/03\/baoli-KBET18-1536x1416.jpg 1536w, https:\/\/recarprofi.cz\/wp-content\/uploads\/2022\/03\/baoli-KBET18-2048x1889.jpg 2048w, https:\/\/recarprofi.cz\/wp-content\/uploads\/2022\/03\/baoli-KBET18-65x60.jpg 65w\" sizes=\"(max-width: 2560px) 100vw, 2560px\" \/><\/a><\/figure><div class=\"elementor-image-box-content\"><h3 class=\"elementor-image-box-title\"><a href=\"https:\/\/recarprofi.cz\/uvod\/manipulacni-technika\/vysokozdvizne-voziky-baoli\/elektricke\/kbet-18\/\">Elektrick\u00e9 vysokozdvi\u017en\u00e9 voz\u00edky Baoli KBET-18<\/a><\/h3><p class=\"elementor-image-box-description\">Nosnost 1.800 kg<\/p><\/div><\/div>\t\t\t\t<\/div>\n\t\t\t\t<\/div>\n\t\t\t\t\t<\/div>\n\t\t<\/div>\n\t\t\t\t\t<\/div>\n\t\t<\/section>\n\t\t\t\t<section class=\"elementor-section elementor-top-section elementor-element elementor-element-bb91192 elementor-section-boxed elementor-section-height-default elementor-section-height-default\" data-id=\"bb91192\" data-element_type=\"section\" data-e-type=\"section\">\n\t\t\t\t\t\t<div class=\"elementor-container elementor-column-gap-default\">\n\t\t\t\t\t<div class=\"elementor-column elementor-col-100 elementor-top-column elementor-element elementor-element-9f5d56d\" data-id=\"9f5d56d\" data-element_type=\"column\" data-e-type=\"column\">\n\t\t\t<div class=\"elementor-widget-wrap elementor-element-populated\">\n\t\t\t\t\t\t<div class=\"elementor-element elementor-element-1299a26 elementor-position-left elementor-vertical-align-top elementor-widget elementor-widget-image-box\" data-id=\"1299a26\" data-element_type=\"widget\" data-e-type=\"widget\" data-widget_type=\"image-box.default\">\n\t\t\t\t<div class=\"elementor-widget-container\">\n\t\t\t\t\t<div class=\"elementor-image-box-wrapper\"><figure class=\"elementor-image-box-img\"><a href=\"https:\/\/recarprofi.cz\/uvod\/manipulacni-technika\/vysokozdvizne-voziky-baoli\/elektricke\/kbet-20\/\" tabindex=\"-1\"><img fetchpriority=\"high\" decoding=\"async\" width=\"2560\" height=\"2361\" src=\"https:\/\/recarprofi.cz\/wp-content\/uploads\/2022\/03\/baoli-KBET18-scaled.jpg\" class=\"attachment-full size-full wp-image-24282\" alt=\"\" srcset=\"https:\/\/recarprofi.cz\/wp-content\/uploads\/2022\/03\/baoli-KBET18-scaled.jpg 2560w, https:\/\/recarprofi.cz\/wp-content\/uploads\/2022\/03\/baoli-KBET18-600x553.jpg 600w, https:\/\/recarprofi.cz\/wp-content\/uploads\/2022\/03\/baoli-KBET18-744x686.jpg 744w, https:\/\/recarprofi.cz\/wp-content\/uploads\/2022\/03\/baoli-KBET18-1200x1107.jpg 1200w, https:\/\/recarprofi.cz\/wp-content\/uploads\/2022\/03\/baoli-KBET18-420x387.jpg 420w, https:\/\/recarprofi.cz\/wp-content\/uploads\/2022\/03\/baoli-KBET18-768x708.jpg 768w, https:\/\/recarprofi.cz\/wp-content\/uploads\/2022\/03\/baoli-KBET18-1536x1416.jpg 1536w, https:\/\/recarprofi.cz\/wp-content\/uploads\/2022\/03\/baoli-KBET18-2048x1889.jpg 2048w, https:\/\/recarprofi.cz\/wp-content\/uploads\/2022\/03\/baoli-KBET18-65x60.jpg 65w\" sizes=\"(max-width: 2560px) 100vw, 2560px\" \/><\/a><\/figure><div class=\"elementor-image-box-content\"><h3 class=\"elementor-image-box-title\"><a href=\"https:\/\/recarprofi.cz\/uvod\/manipulacni-technika\/vysokozdvizne-voziky-baoli\/elektricke\/kbet-20\/\">Elektrick\u00e9 vysokozdvi\u017en\u00e9 voz\u00edky Baoli KBET-20<\/a><\/h3><p class=\"elementor-image-box-description\">Nosnost 2.000 kg<\/p><\/div><\/div>\t\t\t\t<\/div>\n\t\t\t\t<\/div>\n\t\t\t\t\t<\/div>\n\t\t<\/div>\n\t\t\t\t\t<\/div>\n\t\t<\/section>\n\t\t\t\t<section class=\"elementor-section elementor-top-section elementor-element elementor-element-6497d8f elementor-section-boxed elementor-section-height-default elementor-section-height-default\" data-id=\"6497d8f\" data-element_type=\"section\" data-e-type=\"section\">\n\t\t\t\t\t\t<div class=\"elementor-container elementor-column-gap-default\">\n\t\t\t\t\t<div class=\"elementor-column elementor-col-100 elementor-top-column elementor-element elementor-element-5b755e6\" data-id=\"5b755e6\" data-element_type=\"column\" data-e-type=\"column\">\n\t\t\t<div class=\"elementor-widget-wrap elementor-element-populated\">\n\t\t\t\t\t\t<div class=\"elementor-element elementor-element-5f0d50c elementor-position-left elementor-vertical-align-top elementor-widget elementor-widget-image-box\" data-id=\"5f0d50c\" data-element_type=\"widget\" data-e-type=\"widget\" data-widget_type=\"image-box.default\">\n\t\t\t\t<div class=\"elementor-widget-container\">\n\t\t\t\t\t<div class=\"elementor-image-box-wrapper\"><figure class=\"elementor-image-box-img\"><a href=\"https:\/\/recarprofi.cz\/uvod\/manipulacni-technika\/vysokozdvizne-voziky-baoli\/elektricke\/kbe-15\/\" tabindex=\"-1\"><img decoding=\"async\" width=\"2560\" height=\"2345\" src=\"https:\/\/recarprofi.cz\/wp-content\/uploads\/2022\/03\/baoli-KBE151-scaled.jpg\" class=\"attachment-full size-full wp-image-24290\" alt=\"\" srcset=\"https:\/\/recarprofi.cz\/wp-content\/uploads\/2022\/03\/baoli-KBE151-scaled.jpg 2560w, https:\/\/recarprofi.cz\/wp-content\/uploads\/2022\/03\/baoli-KBE151-600x550.jpg 600w, https:\/\/recarprofi.cz\/wp-content\/uploads\/2022\/03\/baoli-KBE151-744x682.jpg 744w, https:\/\/recarprofi.cz\/wp-content\/uploads\/2022\/03\/baoli-KBE151-1200x1099.jpg 1200w, https:\/\/recarprofi.cz\/wp-content\/uploads\/2022\/03\/baoli-KBE151-420x385.jpg 420w, https:\/\/recarprofi.cz\/wp-content\/uploads\/2022\/03\/baoli-KBE151-768x703.jpg 768w, https:\/\/recarprofi.cz\/wp-content\/uploads\/2022\/03\/baoli-KBE151-1536x1407.jpg 1536w, https:\/\/recarprofi.cz\/wp-content\/uploads\/2022\/03\/baoli-KBE151-66x60.jpg 66w\" sizes=\"(max-width: 2560px) 100vw, 2560px\" \/><\/a><\/figure><div class=\"elementor-image-box-content\"><h3 class=\"elementor-image-box-title\"><a href=\"https:\/\/recarprofi.cz\/uvod\/manipulacni-technika\/vysokozdvizne-voziky-baoli\/elektricke\/kbe-15\/\">Elektrick\u00e9 vysokozdvi\u017en\u00e9 voz\u00edky Baoli KBE-15<\/a><\/h3><p class=\"elementor-image-box-description\">Nosnost 1.500 kg<\/p><\/div><\/div>\t\t\t\t<\/div>\n\t\t\t\t<\/div>\n\t\t\t\t\t<\/div>\n\t\t<\/div>\n\t\t\t\t\t<\/div>\n\t\t<\/section>\n\t\t\t\t<section class=\"elementor-section elementor-top-section elementor-element elementor-element-7cd4af3 elementor-section-boxed elementor-section-height-default elementor-section-height-default\" data-id=\"7cd4af3\" data-element_type=\"section\" data-e-type=\"section\">\n\t\t\t\t\t\t<div class=\"elementor-container elementor-column-gap-default\">\n\t\t\t\t\t<div class=\"elementor-column elementor-col-100 elementor-top-column elementor-element elementor-element-d332c13\" data-id=\"d332c13\" data-element_type=\"column\" data-e-type=\"column\">\n\t\t\t<div class=\"elementor-widget-wrap elementor-element-populated\">\n\t\t\t\t\t\t<div class=\"elementor-element elementor-element-d9bc04e elementor-position-left elementor-vertical-align-top elementor-widget elementor-widget-image-box\" data-id=\"d9bc04e\" data-element_type=\"widget\" data-e-type=\"widget\" data-widget_type=\"image-box.default\">\n\t\t\t\t<div class=\"elementor-widget-container\">\n\t\t\t\t\t<div class=\"elementor-image-box-wrapper\"><figure class=\"elementor-image-box-img\"><a href=\"https:\/\/recarprofi.cz\/uvod\/manipulacni-technika\/vysokozdvizne-voziky-baoli\/elektricke\/kbe-18-li\/\" tabindex=\"-1\"><img decoding=\"async\" width=\"2560\" height=\"1866\" src=\"https:\/\/recarprofi.cz\/wp-content\/uploads\/2024\/01\/baoli-kbe20li3-scaled.jpg\" class=\"attachment-full size-full wp-image-27731\" alt=\"\" srcset=\"https:\/\/recarprofi.cz\/wp-content\/uploads\/2024\/01\/baoli-kbe20li3-scaled.jpg 2560w, https:\/\/recarprofi.cz\/wp-content\/uploads\/2024\/01\/baoli-kbe20li3-744x542.jpg 744w, https:\/\/recarprofi.cz\/wp-content\/uploads\/2024\/01\/baoli-kbe20li3-1200x875.jpg 1200w, https:\/\/recarprofi.cz\/wp-content\/uploads\/2024\/01\/baoli-kbe20li3-420x306.jpg 420w, https:\/\/recarprofi.cz\/wp-content\/uploads\/2024\/01\/baoli-kbe20li3-768x560.jpg 768w, https:\/\/recarprofi.cz\/wp-content\/uploads\/2024\/01\/baoli-kbe20li3-1536x1120.jpg 1536w, https:\/\/recarprofi.cz\/wp-content\/uploads\/2024\/01\/baoli-kbe20li3-2048x1493.jpg 2048w, https:\/\/recarprofi.cz\/wp-content\/uploads\/2024\/01\/baoli-kbe20li3-1024x746.jpg 1024w, https:\/\/recarprofi.cz\/wp-content\/uploads\/2024\/01\/baoli-kbe20li3-1482x1080.jpg 1482w, https:\/\/recarprofi.cz\/wp-content\/uploads\/2024\/01\/baoli-kbe20li3-600x437.jpg 600w\" sizes=\"(max-width: 2560px) 100vw, 2560px\" \/><\/a><\/figure><div class=\"elementor-image-box-content\"><h3 class=\"elementor-image-box-title\"><a href=\"https:\/\/recarprofi.cz\/uvod\/manipulacni-technika\/vysokozdvizne-voziky-baoli\/elektricke\/kbe-18-li\/\">Elektrick\u00e9 vysokozdvi\u017en\u00e9 voz\u00edky Baoli KBE-18Li<\/a><\/h3><p class=\"elementor-image-box-description\">Nosnost 1.800 kg<\/p><\/div><\/div>\t\t\t\t<\/div>\n\t\t\t\t<\/div>\n\t\t\t\t\t<\/div>\n\t\t<\/div>\n\t\t\t\t\t<\/div>\n\t\t<\/section>\n\t\t\t\t<section class=\"elementor-section elementor-top-section elementor-element elementor-element-bc4a883 elementor-section-boxed elementor-section-height-default elementor-section-height-default\" data-id=\"bc4a883\" data-element_type=\"section\" data-e-type=\"section\">\n\t\t\t\t\t\t<div class=\"elementor-container elementor-column-gap-default\">\n\t\t\t\t\t<div class=\"elementor-column elementor-col-100 elementor-top-column elementor-element elementor-element-ae5c6a0\" data-id=\"ae5c6a0\" data-element_type=\"column\" data-e-type=\"column\">\n\t\t\t<div class=\"elementor-widget-wrap elementor-element-populated\">\n\t\t\t\t\t\t<div class=\"elementor-element elementor-element-111eea0 elementor-position-left elementor-vertical-align-top elementor-widget elementor-widget-image-box\" data-id=\"111eea0\" data-element_type=\"widget\" data-e-type=\"widget\" data-widget_type=\"image-box.default\">\n\t\t\t\t<div class=\"elementor-widget-container\">\n\t\t\t\t\t<div class=\"elementor-image-box-wrapper\"><figure class=\"elementor-image-box-img\"><a href=\"https:\/\/recarprofi.cz\/uvod\/manipulacni-technika\/vysokozdvizne-voziky-baoli\/elektricke\/kbe-20-li\/\" tabindex=\"-1\"><img decoding=\"async\" width=\"2560\" height=\"1866\" src=\"https:\/\/recarprofi.cz\/wp-content\/uploads\/2024\/01\/baoli-kbe20li3-scaled.jpg\" class=\"attachment-full size-full wp-image-27731\" alt=\"\" srcset=\"https:\/\/recarprofi.cz\/wp-content\/uploads\/2024\/01\/baoli-kbe20li3-scaled.jpg 2560w, https:\/\/recarprofi.cz\/wp-content\/uploads\/2024\/01\/baoli-kbe20li3-744x542.jpg 744w, https:\/\/recarprofi.cz\/wp-content\/uploads\/2024\/01\/baoli-kbe20li3-1200x875.jpg 1200w, https:\/\/recarprofi.cz\/wp-content\/uploads\/2024\/01\/baoli-kbe20li3-420x306.jpg 420w, https:\/\/recarprofi.cz\/wp-content\/uploads\/2024\/01\/baoli-kbe20li3-768x560.jpg 768w, https:\/\/recarprofi.cz\/wp-content\/uploads\/2024\/01\/baoli-kbe20li3-1536x1120.jpg 1536w, https:\/\/recarprofi.cz\/wp-content\/uploads\/2024\/01\/baoli-kbe20li3-2048x1493.jpg 2048w, https:\/\/recarprofi.cz\/wp-content\/uploads\/2024\/01\/baoli-kbe20li3-1024x746.jpg 1024w, https:\/\/recarprofi.cz\/wp-content\/uploads\/2024\/01\/baoli-kbe20li3-1482x1080.jpg 1482w, https:\/\/recarprofi.cz\/wp-content\/uploads\/2024\/01\/baoli-kbe20li3-600x437.jpg 600w\" sizes=\"(max-width: 2560px) 100vw, 2560px\" \/><\/a><\/figure><div class=\"elementor-image-box-content\"><h3 class=\"elementor-image-box-title\"><a href=\"https:\/\/recarprofi.cz\/uvod\/manipulacni-technika\/vysokozdvizne-voziky-baoli\/elektricke\/kbe-20-li\/\">Elektrick\u00e9 vysokozdvi\u017en\u00e9 voz\u00edky Baoli KBE-20Li <\/a><\/h3><p class=\"elementor-image-box-description\">Nosnost 2.000 kg<\/p><\/div><\/div>\t\t\t\t<\/div>\n\t\t\t\t<\/div>\n\t\t\t\t\t<\/div>\n\t\t<\/div>\n\t\t\t\t\t<\/div>\n\t\t<\/section>\n\t\t\t\t<section class=\"elementor-section elementor-top-section elementor-element elementor-element-1fec1d8 elementor-section-boxed elementor-section-height-default elementor-section-height-default\" data-id=\"1fec1d8\" data-element_type=\"section\" data-e-type=\"section\">\n\t\t\t\t\t\t<div class=\"elementor-container elementor-column-gap-default\">\n\t\t\t\t\t<div class=\"elementor-column elementor-col-100 elementor-top-column elementor-element elementor-element-6f4f4bc\" data-id=\"6f4f4bc\" data-element_type=\"column\" data-e-type=\"column\">\n\t\t\t<div class=\"elementor-widget-wrap elementor-element-populated\">\n\t\t\t\t\t\t<div class=\"elementor-element elementor-element-cbff517 elementor-position-left elementor-vertical-align-top elementor-widget elementor-widget-image-box\" data-id=\"cbff517\" data-element_type=\"widget\" data-e-type=\"widget\" data-widget_type=\"image-box.default\">\n\t\t\t\t<div class=\"elementor-widget-container\">\n\t\t\t\t\t<div class=\"elementor-image-box-wrapper\"><figure class=\"elementor-image-box-img\"><a href=\"https:\/\/recarprofi.cz\/uvod\/manipulacni-technika\/vysokozdvizne-voziky-baoli\/elektricke\/kbe-25\/\" tabindex=\"-1\"><img loading=\"lazy\" decoding=\"async\" width=\"639\" height=\"503\" src=\"https:\/\/recarprofi.cz\/wp-content\/uploads\/2023\/01\/baoli-kbe302.jpg\" class=\"attachment-full size-full wp-image-25225\" alt=\"\" srcset=\"https:\/\/recarprofi.cz\/wp-content\/uploads\/2023\/01\/baoli-kbe302.jpg 639w, https:\/\/recarprofi.cz\/wp-content\/uploads\/2023\/01\/baoli-kbe302-600x472.jpg 600w, https:\/\/recarprofi.cz\/wp-content\/uploads\/2023\/01\/baoli-kbe302-420x331.jpg 420w, https:\/\/recarprofi.cz\/wp-content\/uploads\/2023\/01\/baoli-kbe302-76x60.jpg 76w\" sizes=\"(max-width: 639px) 100vw, 639px\" \/><\/a><\/figure><div class=\"elementor-image-box-content\"><h3 class=\"elementor-image-box-title\"><a href=\"https:\/\/recarprofi.cz\/uvod\/manipulacni-technika\/vysokozdvizne-voziky-baoli\/elektricke\/kbe-25\/\">Elektrick\u00e9 vysokozdvi\u017en\u00e9 voz\u00edky Baoli KBE-25<\/a><\/h3><p class=\"elementor-image-box-description\">Nosnost 2.500 kg<\/p><\/div><\/div>\t\t\t\t<\/div>\n\t\t\t\t<\/div>\n\t\t\t\t\t<\/div>\n\t\t<\/div>\n\t\t\t\t\t<\/div>\n\t\t<\/section>\n\t\t\t\t<section class=\"elementor-section elementor-top-section elementor-element elementor-element-09be058 elementor-section-boxed elementor-section-height-default elementor-section-height-default\" data-id=\"09be058\" data-element_type=\"section\" data-e-type=\"section\">\n\t\t\t\t\t\t<div class=\"elementor-container elementor-column-gap-default\">\n\t\t\t\t\t<div class=\"elementor-column elementor-col-100 elementor-top-column elementor-element elementor-element-cf0576b\" data-id=\"cf0576b\" data-element_type=\"column\" data-e-type=\"column\">\n\t\t\t<div class=\"elementor-widget-wrap elementor-element-populated\">\n\t\t\t\t\t\t<div class=\"elementor-element elementor-element-8b97589 elementor-position-left elementor-vertical-align-top elementor-widget elementor-widget-image-box\" data-id=\"8b97589\" data-element_type=\"widget\" data-e-type=\"widget\" data-widget_type=\"image-box.default\">\n\t\t\t\t<div class=\"elementor-widget-container\">\n\t\t\t\t\t<div class=\"elementor-image-box-wrapper\"><figure class=\"elementor-image-box-img\"><a href=\"https:\/\/recarprofi.cz\/uvod\/manipulacni-technika\/vysokozdvizne-voziky-baoli\/elektricke\/kbe-30\/\" tabindex=\"-1\"><img loading=\"lazy\" decoding=\"async\" width=\"639\" height=\"503\" src=\"https:\/\/recarprofi.cz\/wp-content\/uploads\/2023\/01\/baoli-kbe302.jpg\" class=\"attachment-full size-full wp-image-25225\" alt=\"\" srcset=\"https:\/\/recarprofi.cz\/wp-content\/uploads\/2023\/01\/baoli-kbe302.jpg 639w, https:\/\/recarprofi.cz\/wp-content\/uploads\/2023\/01\/baoli-kbe302-600x472.jpg 600w, https:\/\/recarprofi.cz\/wp-content\/uploads\/2023\/01\/baoli-kbe302-420x331.jpg 420w, https:\/\/recarprofi.cz\/wp-content\/uploads\/2023\/01\/baoli-kbe302-76x60.jpg 76w\" sizes=\"(max-width: 639px) 100vw, 639px\" \/><\/a><\/figure><div class=\"elementor-image-box-content\"><h3 class=\"elementor-image-box-title\"><a href=\"https:\/\/recarprofi.cz\/uvod\/manipulacni-technika\/vysokozdvizne-voziky-baoli\/elektricke\/kbe-30\/\">Elektrick\u00e9 vysokozdvi\u017en\u00e9 voz\u00edky Baoli KBE-30<\/a><\/h3><p class=\"elementor-image-box-description\">Nosnost 3.000 kg<\/p><\/div><\/div>\t\t\t\t<\/div>\n\t\t\t\t<\/div>\n\t\t\t\t\t<\/div>\n\t\t<\/div>\n\t\t\t\t\t<\/div>\n\t\t<\/section>\n\t\t\t\t<section class=\"elementor-section elementor-top-section elementor-element elementor-element-023c362 elementor-section-boxed elementor-section-height-default elementor-section-height-default\" data-id=\"023c362\" data-element_type=\"section\" data-e-type=\"section\">\n\t\t\t\t\t\t<div class=\"elementor-container elementor-column-gap-default\">\n\t\t\t\t\t<div class=\"elementor-column elementor-col-100 elementor-top-column elementor-element elementor-element-2f59c15\" data-id=\"2f59c15\" data-element_type=\"column\" data-e-type=\"column\">\n\t\t\t<div class=\"elementor-widget-wrap elementor-element-populated\">\n\t\t\t\t\t\t<div class=\"elementor-element elementor-element-d00d6ff elementor-position-left elementor-vertical-align-top elementor-widget elementor-widget-image-box\" data-id=\"d00d6ff\" data-element_type=\"widget\" data-e-type=\"widget\" data-widget_type=\"image-box.default\">\n\t\t\t\t<div class=\"elementor-widget-container\">\n\t\t\t\t\t<div class=\"elementor-image-box-wrapper\"><figure class=\"elementor-image-box-img\"><a href=\"https:\/\/recarprofi.cz\/uvod\/manipulacni-technika\/vysokozdvizne-voziky-baoli\/elektricke\/kbe-35\/\" tabindex=\"-1\"><img loading=\"lazy\" decoding=\"async\" width=\"639\" height=\"503\" src=\"https:\/\/recarprofi.cz\/wp-content\/uploads\/2023\/01\/baoli-kbe302.jpg\" class=\"attachment-full size-full wp-image-25225\" alt=\"\" srcset=\"https:\/\/recarprofi.cz\/wp-content\/uploads\/2023\/01\/baoli-kbe302.jpg 639w, https:\/\/recarprofi.cz\/wp-content\/uploads\/2023\/01\/baoli-kbe302-600x472.jpg 600w, https:\/\/recarprofi.cz\/wp-content\/uploads\/2023\/01\/baoli-kbe302-420x331.jpg 420w, https:\/\/recarprofi.cz\/wp-content\/uploads\/2023\/01\/baoli-kbe302-76x60.jpg 76w\" sizes=\"(max-width: 639px) 100vw, 639px\" \/><\/a><\/figure><div class=\"elementor-image-box-content\"><h3 class=\"elementor-image-box-title\"><a href=\"https:\/\/recarprofi.cz\/uvod\/manipulacni-technika\/vysokozdvizne-voziky-baoli\/elektricke\/kbe-35\/\">Elektrick\u00e9 vysokozdvi\u017en\u00e9 voz\u00edky Baoli KBE-35<\/a><\/h3><p class=\"elementor-image-box-description\">Nosnost 3.500 kg<\/p><\/div><\/div>\t\t\t\t<\/div>\n\t\t\t\t<\/div>\n\t\t\t\t\t<\/div>\n\t\t<\/div>\n\t\t\t\t\t<\/div>\n\t\t<\/section>\n\t\t\t\t<\/div>\n\t\t","protected":false},"excerpt":{"rendered":"<p>Elektrick\u00e9 vysokozdvi\u017en\u00e9 voz\u00edky Baoli KBET-15 Nosnost 1.500 kg Elektrick\u00e9 vysokozdvi\u017en\u00e9 voz\u00edky Baoli KBET-18 Nosnost 1.800 kg Elektrick\u00e9 vysokozdvi\u017en\u00e9 voz\u00edky Baoli KBET-20 Nosnost 2.000 kg Elektrick\u00e9 vysokozdvi\u017en\u00e9 voz\u00edky Baoli KBE-15 Nosnost 1.500 kg Elektrick\u00e9 vysokozdvi\u017en\u00e9 voz\u00edky&hellip;<\/p>\n","protected":false},"author":1,"featured_media":25253,"parent":23700,"menu_order":3,"comment_status":"closed","ping_status":"closed","template":"","meta":{"footnotes":""},"class_list":["post-24289","page","type-page","status-publish","has-post-thumbnail","hentry"],"_links":{"self":[{"href":"https:\/\/recarprofi.cz\/uvod\/wp-json\/wp\/v2\/pages\/24289","targetHints":{"allow":["GET"]}}],"collection":[{"href":"https:\/\/recarprofi.cz\/uvod\/wp-json\/wp\/v2\/pages"}],"about":[{"href":"https:\/\/recarprofi.cz\/uvod\/wp-json\/wp\/v2\/types\/page"}],"author":[{"embeddable":true,"href":"https:\/\/recarprofi.cz\/uvod\/wp-json\/wp\/v2\/users\/1"}],"replies":[{"embeddable":true,"href":"https:\/\/recarprofi.cz\/uvod\/wp-json\/wp\/v2\/comments?post=24289"}],"version-history":[{"count":151,"href":"https:\/\/recarprofi.cz\/uvod\/wp-json\/wp\/v2\/pages\/24289\/revisions"}],"predecessor-version":[{"id":29596,"href":"https:\/\/recarprofi.cz\/uvod\/wp-json\/wp\/v2\/pages\/24289\/revisions\/29596"}],"up":[{"embeddable":true,"href":"https:\/\/recarprofi.cz\/uvod\/wp-json\/wp\/v2\/pages\/23700"}],"wp:featuredmedia":[{"embeddable":true,"href":"https:\/\/recarprofi.cz\/uvod\/wp-json\/wp\/v2\/media\/25253"}],"wp:attachment":[{"href":"https:\/\/recarprofi.cz\/uvod\/wp-json\/wp\/v2\/media?parent=24289"}],"curies":[{"name":"wp","href":"https:\/\/api.w.org\/{rel}","templated":true}]}}