{"id":24316,"date":"2022-03-29T09:46:47","date_gmt":"2022-03-29T07:46:47","guid":{"rendered":"https:\/\/recarprofi.cz\/uvod\/?page_id=24316"},"modified":"2024-04-09T12:15:20","modified_gmt":"2024-04-09T10:15:20","slug":"kbet-18","status":"publish","type":"page","link":"https:\/\/recarprofi.cz\/uvod\/manipulacni-technika\/vysokozdvizne-voziky-baoli\/elektricke\/kbet-18\/","title":{"rendered":"Elektrick\u00e9 vysokozdvi\u017en\u00e9 voz\u00edky Baoli KBET-18"},"content":{"rendered":"\t\t<div data-elementor-type=\"wp-page\" data-elementor-id=\"24316\" class=\"elementor elementor-24316\">\n\t\t\t\t\t\t<section class=\"elementor-section elementor-top-section elementor-element elementor-element-fcf8f0f elementor-section-boxed elementor-section-height-default elementor-section-height-default\" data-id=\"fcf8f0f\" data-element_type=\"section\" data-e-type=\"section\">\n\t\t\t\t\t\t<div class=\"elementor-container elementor-column-gap-default\">\n\t\t\t\t\t<div class=\"elementor-column elementor-col-100 elementor-top-column elementor-element elementor-element-afcda29\" data-id=\"afcda29\" data-element_type=\"column\" data-e-type=\"column\">\n\t\t\t<div class=\"elementor-widget-wrap elementor-element-populated\">\n\t\t\t\t\t\t<div class=\"elementor-element elementor-element-cbf5713 elementor-widget elementor-widget-image\" data-id=\"cbf5713\" data-element_type=\"widget\" data-e-type=\"widget\" data-widget_type=\"image.default\">\n\t\t\t\t<div class=\"elementor-widget-container\">\n\t\t\t\t\t\t\t\t\t\t\t\t\t\t\t<img fetchpriority=\"high\" decoding=\"async\" width=\"847\" height=\"781\" src=\"https:\/\/recarprofi.cz\/wp-content\/uploads\/2022\/01\/baoli-KBET18-1200x1107.jpg\" class=\"attachment-large size-large wp-image-23711\" alt=\"\" srcset=\"https:\/\/recarprofi.cz\/wp-content\/uploads\/2022\/01\/baoli-KBET18-1200x1107.jpg 1200w, https:\/\/recarprofi.cz\/wp-content\/uploads\/2022\/01\/baoli-KBET18-600x553.jpg 600w, https:\/\/recarprofi.cz\/wp-content\/uploads\/2022\/01\/baoli-KBET18-744x686.jpg 744w, https:\/\/recarprofi.cz\/wp-content\/uploads\/2022\/01\/baoli-KBET18-420x387.jpg 420w, https:\/\/recarprofi.cz\/wp-content\/uploads\/2022\/01\/baoli-KBET18-768x708.jpg 768w, https:\/\/recarprofi.cz\/wp-content\/uploads\/2022\/01\/baoli-KBET18-1536x1416.jpg 1536w, https:\/\/recarprofi.cz\/wp-content\/uploads\/2022\/01\/baoli-KBET18-2048x1889.jpg 2048w, https:\/\/recarprofi.cz\/wp-content\/uploads\/2022\/01\/baoli-KBET18-65x60.jpg 65w\" sizes=\"(max-width: 847px) 100vw, 847px\" \/>\t\t\t\t\t\t\t\t\t\t\t\t\t\t\t<\/div>\n\t\t\t\t<\/div>\n\t\t\t\t\t<\/div>\n\t\t<\/div>\n\t\t\t\t\t<\/div>\n\t\t<\/section>\n\t\t\t\t<section class=\"elementor-section elementor-top-section elementor-element elementor-element-ebca336 elementor-section-boxed elementor-section-height-default elementor-section-height-default\" data-id=\"ebca336\" data-element_type=\"section\" data-e-type=\"section\">\n\t\t\t\t\t\t<div class=\"elementor-container elementor-column-gap-default\">\n\t\t\t\t\t<div class=\"elementor-column elementor-col-100 elementor-top-column elementor-element elementor-element-0e9e1ae\" data-id=\"0e9e1ae\" data-element_type=\"column\" data-e-type=\"column\">\n\t\t\t<div class=\"elementor-widget-wrap elementor-element-populated\">\n\t\t\t\t\t\t<div class=\"elementor-element elementor-element-0b4b685 elementor-widget elementor-widget-button\" data-id=\"0b4b685\" data-element_type=\"widget\" data-e-type=\"widget\" data-widget_type=\"button.default\">\n\t\t\t\t<div class=\"elementor-widget-container\">\n\t\t\t\t\t\t\t\t\t<div class=\"elementor-button-wrapper\">\n\t\t\t\t\t<a class=\"elementor-button elementor-button-link elementor-size-sm\" href=\"https:\/\/recarprofi.cz\/uvod\/kategorie-produktu\/vysokozdvizne-voziky-elektricke\/\">\n\t\t\t\t\t\t<span class=\"elementor-button-content-wrapper\">\n\t\t\t\t\t\t\t\t\t<span class=\"elementor-button-text\">Vstup do eshopu<\/span>\n\t\t\t\t\t<\/span>\n\t\t\t\t\t<\/a>\n\t\t\t\t<\/div>\n\t\t\t\t\t\t\t\t<\/div>\n\t\t\t\t<\/div>\n\t\t\t\t<div class=\"elementor-element elementor-element-a848b69 elementor-widget elementor-widget-text-editor\" data-id=\"a848b69\" data-element_type=\"widget\" data-e-type=\"widget\" data-widget_type=\"text-editor.default\">\n\t\t\t\t<div class=\"elementor-widget-container\">\n\t\t\t\t\t\t\t\t\t<p>Elektrick\u00e9 voz\u00edky KBET-18 jsou 3 kolov\u00e9. Mimo\u0159\u00e1dn\u011b robustn\u00ed kabina \u0159idi\u010de poskytuj\u00edc\u00ed vynikaj\u00edc\u00ed v\u00fdhled. Elektronika, AC technologie pro trakci a zved\u00e1n\u00ed. Rekupera\u010dn\u00ed brzdov\u00fd syst\u00e9m poskytuj\u00edc\u00ed v\u011bt\u0161\u00ed bezpe\u010dnost j\u00edzdy a dob\u00edjej\u00edc\u00ed energii. \u010cidlo \u0159\u00edzen\u00ed u 3 kolov\u00fdch model\u016f automaticky sni\u017euj\u00edc\u00ed rychlost p\u0159i zat\u00e1\u010den\u00ed.<\/p>\t\t\t\t\t\t\t\t<\/div>\n\t\t\t\t<\/div>\n\t\t\t\t\t<\/div>\n\t\t<\/div>\n\t\t\t\t\t<\/div>\n\t\t<\/section>\n\t\t\t\t<section class=\"elementor-section elementor-top-section elementor-element elementor-element-11eabbe elementor-section-boxed elementor-section-height-default elementor-section-height-default\" data-id=\"11eabbe\" data-element_type=\"section\" data-e-type=\"section\">\n\t\t\t\t\t\t<div class=\"elementor-container elementor-column-gap-default\">\n\t\t\t\t\t<div class=\"elementor-column elementor-col-100 elementor-top-column elementor-element elementor-element-488e862\" data-id=\"488e862\" data-element_type=\"column\" data-e-type=\"column\">\n\t\t\t<div class=\"elementor-widget-wrap elementor-element-populated\">\n\t\t\t\t\t\t<div class=\"elementor-element elementor-element-85f375b elementor-widget elementor-widget-image\" data-id=\"85f375b\" data-element_type=\"widget\" data-e-type=\"widget\" data-widget_type=\"image.default\">\n\t\t\t\t<div class=\"elementor-widget-container\">\n\t\t\t\t\t\t\t\t\t\t\t\t\t\t\t<img decoding=\"async\" width=\"847\" height=\"565\" src=\"https:\/\/recarprofi.cz\/wp-content\/uploads\/2022\/03\/baoli-kbet182-1200x800.jpg\" class=\"attachment-large size-large wp-image-24311\" alt=\"\" srcset=\"https:\/\/recarprofi.cz\/wp-content\/uploads\/2022\/03\/baoli-kbet182-1200x800.jpg 1200w, https:\/\/recarprofi.cz\/wp-content\/uploads\/2022\/03\/baoli-kbet182-600x400.jpg 600w, https:\/\/recarprofi.cz\/wp-content\/uploads\/2022\/03\/baoli-kbet182-744x496.jpg 744w, https:\/\/recarprofi.cz\/wp-content\/uploads\/2022\/03\/baoli-kbet182-420x280.jpg 420w, https:\/\/recarprofi.cz\/wp-content\/uploads\/2022\/03\/baoli-kbet182-768x512.jpg 768w, https:\/\/recarprofi.cz\/wp-content\/uploads\/2022\/03\/baoli-kbet182-1536x1024.jpg 1536w, https:\/\/recarprofi.cz\/wp-content\/uploads\/2022\/03\/baoli-kbet182-90x60.jpg 90w, https:\/\/recarprofi.cz\/wp-content\/uploads\/2022\/03\/baoli-kbet182.jpg 2000w\" sizes=\"(max-width: 847px) 100vw, 847px\" \/>\t\t\t\t\t\t\t\t\t\t\t\t\t\t\t<\/div>\n\t\t\t\t<\/div>\n\t\t\t\t\t<\/div>\n\t\t<\/div>\n\t\t\t\t\t<\/div>\n\t\t<\/section>\n\t\t\t\t<section class=\"elementor-section elementor-top-section elementor-element elementor-element-9cb9fb0 elementor-section-boxed elementor-section-height-default elementor-section-height-default\" data-id=\"9cb9fb0\" data-element_type=\"section\" data-e-type=\"section\">\n\t\t\t\t\t\t<div class=\"elementor-container elementor-column-gap-default\">\n\t\t\t\t\t<div class=\"elementor-column elementor-col-100 elementor-top-column elementor-element elementor-element-dd3e96c\" data-id=\"dd3e96c\" data-element_type=\"column\" data-e-type=\"column\">\n\t\t\t<div class=\"elementor-widget-wrap elementor-element-populated\">\n\t\t\t\t\t\t<div class=\"elementor-element elementor-element-45b2e80 elementor-widget elementor-widget-text-editor\" data-id=\"45b2e80\" data-element_type=\"widget\" data-e-type=\"widget\" data-widget_type=\"text-editor.default\">\n\t\t\t\t<div class=\"elementor-widget-container\">\n\t\t\t\t\t\t\t\t\t<p><strong><span>Technologie a pohodl\u00ed<\/span><\/strong><\/p><ul><li><span>Nap\u00e1jec\u00ed nap\u011bt\u00ed: 48 Volt<\/span><\/li><li><span>Technologie vyvinut\u00e1 spole\u010dnost\u00ed Baoli s vyu\u017eit\u00edm technologi\u00ed KION Group<\/span><\/li><li><span>Elektronika vyroben\u00e1 v It\u00e1lii: AC technologie pro trakci i zdvih<\/span><\/li><li><span>Sn\u00edma\u010d \u0159\u00edzen\u00ed a automatick\u00e9 sni\u017eov\u00e1n\u00ed rychlosti v zat\u00e1\u010dk\u00e1ch<\/span><\/li><li><span>Regenera\u010dn\u00ed brzd\u011bn\u00ed<\/span><\/li><li><span>Mo\u017enost definov\u00e1n\u00ed r\u016fzn\u00fdch v\u00fdkonnostn\u00edch \u00farovn\u00ed vysokozdvi\u017en\u00e9ho voz\u00edku na displeji<\/span><\/li><li><span>Standardn\u00ed op\u011brka pro z\u00e1t\u011b\u017e<\/span><\/li><\/ul>\t\t\t\t\t\t\t\t<\/div>\n\t\t\t\t<\/div>\n\t\t\t\t\t<\/div>\n\t\t<\/div>\n\t\t\t\t\t<\/div>\n\t\t<\/section>\n\t\t\t\t<section class=\"elementor-section elementor-top-section elementor-element elementor-element-25f48cf elementor-section-boxed elementor-section-height-default elementor-section-height-default\" data-id=\"25f48cf\" data-element_type=\"section\" data-e-type=\"section\">\n\t\t\t\t\t\t<div class=\"elementor-container elementor-column-gap-default\">\n\t\t\t\t\t<div class=\"elementor-column elementor-col-100 elementor-top-column elementor-element elementor-element-2ee6e42\" data-id=\"2ee6e42\" data-element_type=\"column\" data-e-type=\"column\">\n\t\t\t<div class=\"elementor-widget-wrap elementor-element-populated\">\n\t\t\t\t\t\t<div class=\"elementor-element elementor-element-66d798d elementor-widget elementor-widget-image\" data-id=\"66d798d\" data-element_type=\"widget\" data-e-type=\"widget\" data-widget_type=\"image.default\">\n\t\t\t\t<div class=\"elementor-widget-container\">\n\t\t\t\t\t\t\t\t\t\t\t\t\t\t\t<img decoding=\"async\" width=\"450\" height=\"456\" src=\"https:\/\/recarprofi.cz\/wp-content\/uploads\/2022\/03\/baoli-kbet152.jpg\" class=\"attachment-large size-large wp-image-24312\" alt=\"\" srcset=\"https:\/\/recarprofi.cz\/wp-content\/uploads\/2022\/03\/baoli-kbet152.jpg 450w, https:\/\/recarprofi.cz\/wp-content\/uploads\/2022\/03\/baoli-kbet152-100x100.jpg 100w, https:\/\/recarprofi.cz\/wp-content\/uploads\/2022\/03\/baoli-kbet152-420x426.jpg 420w, https:\/\/recarprofi.cz\/wp-content\/uploads\/2022\/03\/baoli-kbet152-59x60.jpg 59w\" sizes=\"(max-width: 450px) 100vw, 450px\" \/>\t\t\t\t\t\t\t\t\t\t\t\t\t\t\t<\/div>\n\t\t\t\t<\/div>\n\t\t\t\t\t<\/div>\n\t\t<\/div>\n\t\t\t\t\t<\/div>\n\t\t<\/section>\n\t\t\t\t<section class=\"elementor-section elementor-top-section elementor-element elementor-element-b1a5650 elementor-section-boxed elementor-section-height-default elementor-section-height-default\" data-id=\"b1a5650\" data-element_type=\"section\" data-e-type=\"section\">\n\t\t\t\t\t\t<div class=\"elementor-container elementor-column-gap-default\">\n\t\t\t\t\t<div class=\"elementor-column elementor-col-100 elementor-top-column elementor-element elementor-element-059bf23\" data-id=\"059bf23\" data-element_type=\"column\" data-e-type=\"column\">\n\t\t\t<div class=\"elementor-widget-wrap elementor-element-populated\">\n\t\t\t\t\t\t<div class=\"elementor-element elementor-element-f509148 elementor-widget elementor-widget-text-editor\" data-id=\"f509148\" data-element_type=\"widget\" data-e-type=\"widget\" data-widget_type=\"text-editor.default\">\n\t\t\t\t<div class=\"elementor-widget-container\">\n\t\t\t\t\t\t\t\t\t<p><strong><span>Ergonomie<\/span><\/strong><\/p><ul><li><span>V\u00fdborn\u00e1 viditelnost ve v\u0161ech sm\u011brech j\u00edzdy<\/span><\/li><li><span>Extr\u00e9mn\u011b robustn\u00ed kabina \u0159idi\u010de poskytuj\u00edc\u00ed vynikaj\u00edc\u00ed v\u00fdhled<\/span><\/li><li><span>Elektronick\u00fd voli\u010d sm\u011bru j\u00edzdy<\/span><\/li><li><span>Digit\u00e1ln\u00ed displej s indikac\u00ed v\u0161ech hlavn\u00edch funkc\u00ed vysokozdvi\u017en\u00e9ho voz\u00edku<\/span><\/li><\/ul>\t\t\t\t\t\t\t\t<\/div>\n\t\t\t\t<\/div>\n\t\t\t\t\t<\/div>\n\t\t<\/div>\n\t\t\t\t\t<\/div>\n\t\t<\/section>\n\t\t\t\t<section class=\"elementor-section elementor-top-section elementor-element elementor-element-e416527 elementor-section-boxed elementor-section-height-default elementor-section-height-default\" data-id=\"e416527\" data-element_type=\"section\" data-e-type=\"section\">\n\t\t\t\t\t\t<div class=\"elementor-container elementor-column-gap-default\">\n\t\t\t\t\t<div class=\"elementor-column elementor-col-100 elementor-top-column elementor-element elementor-element-b9bfc8e\" data-id=\"b9bfc8e\" data-element_type=\"column\" data-e-type=\"column\">\n\t\t\t<div class=\"elementor-widget-wrap elementor-element-populated\">\n\t\t\t\t\t\t<div class=\"elementor-element elementor-element-f02f815 elementor-widget elementor-widget-image\" data-id=\"f02f815\" data-element_type=\"widget\" data-e-type=\"widget\" data-widget_type=\"image.default\">\n\t\t\t\t<div class=\"elementor-widget-container\">\n\t\t\t\t\t\t\t\t\t\t\t\t\t\t\t<img loading=\"lazy\" decoding=\"async\" width=\"650\" height=\"471\" src=\"https:\/\/recarprofi.cz\/wp-content\/uploads\/2022\/03\/baoli-kbet15.jpg\" class=\"attachment-large size-large wp-image-24317\" alt=\"\" srcset=\"https:\/\/recarprofi.cz\/wp-content\/uploads\/2022\/03\/baoli-kbet15.jpg 650w, https:\/\/recarprofi.cz\/wp-content\/uploads\/2022\/03\/baoli-kbet15-600x435.jpg 600w, https:\/\/recarprofi.cz\/wp-content\/uploads\/2022\/03\/baoli-kbet15-420x304.jpg 420w, https:\/\/recarprofi.cz\/wp-content\/uploads\/2022\/03\/baoli-kbet15-83x60.jpg 83w\" sizes=\"(max-width: 650px) 100vw, 650px\" \/>\t\t\t\t\t\t\t\t\t\t\t\t\t\t\t<\/div>\n\t\t\t\t<\/div>\n\t\t\t\t\t<\/div>\n\t\t<\/div>\n\t\t\t\t\t<\/div>\n\t\t<\/section>\n\t\t\t\t<section class=\"elementor-section elementor-top-section elementor-element elementor-element-edc1b9a elementor-section-boxed elementor-section-height-default elementor-section-height-default\" data-id=\"edc1b9a\" data-element_type=\"section\" data-e-type=\"section\">\n\t\t\t\t\t\t<div class=\"elementor-container elementor-column-gap-default\">\n\t\t\t\t\t<div class=\"elementor-column elementor-col-100 elementor-top-column elementor-element elementor-element-7a70833\" data-id=\"7a70833\" data-element_type=\"column\" data-e-type=\"column\">\n\t\t\t<div class=\"elementor-widget-wrap elementor-element-populated\">\n\t\t\t\t\t\t<div class=\"elementor-element elementor-element-cdbda8b elementor-widget elementor-widget-text-editor\" data-id=\"cdbda8b\" data-element_type=\"widget\" data-e-type=\"widget\" data-widget_type=\"text-editor.default\">\n\t\t\t\t<div class=\"elementor-widget-container\">\n\t\t\t\t\t\t\t\t\t<p><strong>Technick\u00e9 parametry:<\/strong><\/p><ul><li>V\u00fdrobce KION BAOLI\u00a0<\/li><li>Typov\u00e9 ozna\u010den\u00ed v\u00fdrobce KBET 18<\/li><li>\u00a0Pohon: elektrick\u00fd<\/li><li>Typ dle obsluhy: se sed\u00edc\u00ed obsluhou<\/li><li>Jmenovit\u00e1 nosnost\u00a0 (t) 1.8<\/li><li>\u00a0Vylo\u017een\u00ed t\u011b\u017ei\u0161t\u011b b\u0159emene (mm) 500<\/li><li>\u00a0Rozvor n\u00e1prav y (mm) 1295<\/li><li>\u00a0Vlastn\u00ed hmotnost Kg 3260\u00a0<\/li><li>Pneu: superelastick\u00e9 (SE)<\/li><li>Rozm\u011br pneu, p\u0159edn\u00ed 18\u00d77-8\u00a0<\/li><li>Rozm\u011br pneu, zadn\u00ed 16\u00d76-8<\/li><li>V\u00fd\u0161ka nad ochrann\u00fdm r\u00e1mem (kabinou) h6 (mm) 2015\u00a0<\/li><li>D\u00e9lka voz\u00edku l2 (mm) 1930<\/li><li>Celkov\u00e1 \u0161\u00ed\u0159ka (mm) 1066<\/li><li>Polom\u011br ot\u00e1\u010den\u00ed (mm) 1550<\/li><li>\u00a0Rychlost j\u00edzdy km\/h 15<\/li><li>\u00a0Maxim\u00e1ln\u00ed stoupavost\u00a0 % 20<\/li><li>Provozn\u00ed brzda elektromechanick\u00e1<\/li><li>V\u00fdkon pojezdov\u00e9ho motoru kW 2\u00d76.5<\/li><li>\u00a0V\u00fdkon zdvihov\u00e9ho motoru kW 16.5<\/li><li>\u00a0Nap\u011bt\u00ed baterie V 48<\/li><li>Hmotnost baterie kg 810~920<\/li><li>Hladina hluku v m\u00edst\u011b obsluhy dB\u00a0 \u226475\u00a0<\/li><\/ul>\t\t\t\t\t\t\t\t<\/div>\n\t\t\t\t<\/div>\n\t\t\t\t\t<\/div>\n\t\t<\/div>\n\t\t\t\t\t<\/div>\n\t\t<\/section>\n\t\t\t\t<section class=\"elementor-section elementor-top-section elementor-element elementor-element-ef8f24f elementor-section-boxed elementor-section-height-default elementor-section-height-default\" data-id=\"ef8f24f\" data-element_type=\"section\" data-e-type=\"section\">\n\t\t\t\t\t\t<div class=\"elementor-container elementor-column-gap-default\">\n\t\t\t\t\t<div class=\"elementor-column elementor-col-100 elementor-top-column elementor-element elementor-element-cd7df36\" data-id=\"cd7df36\" data-element_type=\"column\" data-e-type=\"column\">\n\t\t\t<div class=\"elementor-widget-wrap elementor-element-populated\">\n\t\t\t\t\t\t<div class=\"elementor-element elementor-element-63b9dff elementor-widget elementor-widget-video\" data-id=\"63b9dff\" data-element_type=\"widget\" data-e-type=\"widget\" data-settings=\"{&quot;youtube_url&quot;:&quot;https:\\\/\\\/youtu.be\\\/eFhLf8Z8N_Q&quot;,&quot;video_type&quot;:&quot;youtube&quot;,&quot;controls&quot;:&quot;yes&quot;}\" data-widget_type=\"video.default\">\n\t\t\t\t<div class=\"elementor-widget-container\">\n\t\t\t\t\t\t\t<div class=\"elementor-wrapper elementor-open-inline\">\n\t\t\t<div class=\"elementor-video\"><\/div>\t\t<\/div>\n\t\t\t\t\t\t<\/div>\n\t\t\t\t<\/div>\n\t\t\t\t\t<\/div>\n\t\t<\/div>\n\t\t\t\t\t<\/div>\n\t\t<\/section>\n\t\t\t\t<section class=\"elementor-section elementor-top-section elementor-element elementor-element-eced2c6 elementor-section-boxed elementor-section-height-default elementor-section-height-default\" data-id=\"eced2c6\" data-element_type=\"section\" data-e-type=\"section\">\n\t\t\t\t\t\t<div class=\"elementor-container elementor-column-gap-default\">\n\t\t\t\t\t<div class=\"elementor-column elementor-col-100 elementor-top-column elementor-element elementor-element-c69d136\" data-id=\"c69d136\" data-element_type=\"column\" data-e-type=\"column\">\n\t\t\t<div class=\"elementor-widget-wrap elementor-element-populated\">\n\t\t\t\t\t\t<div class=\"elementor-element elementor-element-5b298ce elementor-widget elementor-widget-text-editor\" data-id=\"5b298ce\" data-element_type=\"widget\" data-e-type=\"widget\" data-widget_type=\"text-editor.default\">\n\t\t\t\t<div class=\"elementor-widget-container\">\n\t\t\t\t\t\t\t\t\t<p><strong>Popt\u00e1vka:<\/strong><\/p><p>\n<div class=\"wpcf7 no-js\" id=\"wpcf7-f19912-o1\" lang=\"cs-CZ\" dir=\"ltr\" data-wpcf7-id=\"19912\">\n<div class=\"screen-reader-response\"><p role=\"status\" aria-live=\"polite\" aria-atomic=\"true\"><\/p> <ul><\/ul><\/div>\n<form action=\"\/uvod\/wp-json\/wp\/v2\/pages\/24316#wpcf7-f19912-o1\" method=\"post\" class=\"wpcf7-form init\" aria-label=\"Kontaktn\u00ed formul\u00e1\u0159\" novalidate=\"novalidate\" data-status=\"init\">\n<fieldset class=\"hidden-fields-container\"><input type=\"hidden\" name=\"_wpcf7\" value=\"19912\" \/><input type=\"hidden\" name=\"_wpcf7_version\" value=\"6.1.5\" \/><input type=\"hidden\" name=\"_wpcf7_locale\" value=\"cs_CZ\" \/><input type=\"hidden\" name=\"_wpcf7_unit_tag\" value=\"wpcf7-f19912-o1\" \/><input type=\"hidden\" name=\"_wpcf7_container_post\" value=\"0\" \/><input type=\"hidden\" name=\"_wpcf7_posted_data_hash\" value=\"\" \/>\n<\/fieldset>\n<p><label> Va\u0161e jm\u00e9no (vy\u017eadov\u00e1no)<br \/>\n<span class=\"wpcf7-form-control-wrap\" data-name=\"your-name\"><input size=\"40\" maxlength=\"400\" class=\"wpcf7-form-control wpcf7-text wpcf7-validates-as-required\" aria-required=\"true\" aria-invalid=\"false\" value=\"\" type=\"text\" name=\"your-name\" \/><\/span> <\/label>\n<\/p>\n<p><label> V\u00e1\u0161 e-mail (vy\u017eadov\u00e1no)<br \/>\n<span class=\"wpcf7-form-control-wrap\" data-name=\"your-email\"><input size=\"40\" maxlength=\"400\" class=\"wpcf7-form-control wpcf7-email wpcf7-validates-as-required wpcf7-text wpcf7-validates-as-email\" aria-required=\"true\" aria-invalid=\"false\" value=\"\" type=\"email\" name=\"your-email\" \/><\/span> <\/label>\n<\/p>\n<p><label> P\u0159edm\u011bt<br \/>\n<span class=\"wpcf7-form-control-wrap\" data-name=\"your-subject\"><input size=\"40\" maxlength=\"400\" class=\"wpcf7-form-control wpcf7-text\" aria-invalid=\"false\" value=\"\" type=\"text\" name=\"your-subject\" \/><\/span> <\/label>\n<\/p>\n<p><label> Va\u0161e zpr\u00e1va<br \/>\n<span class=\"wpcf7-form-control-wrap\" data-name=\"your-message\"><textarea cols=\"40\" rows=\"10\" maxlength=\"2000\" class=\"wpcf7-form-control wpcf7-textarea\" aria-invalid=\"false\" name=\"your-message\"><\/textarea><\/span> <\/label>\n<\/p>\n<p><input class=\"wpcf7-form-control wpcf7-submit has-spinner\" type=\"submit\" value=\"Odeslat\" \/>\n<\/p><p style=\"display: none !important;\" class=\"akismet-fields-container\" data-prefix=\"_wpcf7_ak_\"><label>&#916;<textarea name=\"_wpcf7_ak_hp_textarea\" cols=\"45\" rows=\"8\" maxlength=\"100\"><\/textarea><\/label><input type=\"hidden\" id=\"ak_js_1\" name=\"_wpcf7_ak_js\" value=\"22\"\/><script type=\"text\/javascript\">\n\/* <![CDATA[ *\/\ndocument.getElementById( \"ak_js_1\" ).setAttribute( \"value\", ( new Date() ).getTime() );\n\/* ]]> *\/\n<\/script>\n<\/p><div class=\"wpcf7-response-output\" aria-hidden=\"true\"><\/div>\n<\/form>\n<\/div>\n<\/p>\t\t\t\t\t\t\t\t<\/div>\n\t\t\t\t<\/div>\n\t\t\t\t\t<\/div>\n\t\t<\/div>\n\t\t\t\t\t<\/div>\n\t\t<\/section>\n\t\t\t\t<\/div>\n\t\t","protected":false},"excerpt":{"rendered":"<p>Vstup do eshopu Elektrick\u00e9 voz\u00edky KBET-18 jsou 3 kolov\u00e9. Mimo\u0159\u00e1dn\u011b robustn\u00ed kabina \u0159idi\u010de poskytuj\u00edc\u00ed vynikaj\u00edc\u00ed v\u00fdhled. Elektronika, AC technologie pro trakci a zved\u00e1n\u00ed. Rekupera\u010dn\u00ed brzdov\u00fd syst\u00e9m poskytuj\u00edc\u00ed v\u011bt\u0161\u00ed bezpe\u010dnost j\u00edzdy a dob\u00edjej\u00edc\u00ed energii. \u010cidlo \u0159\u00edzen\u00ed&hellip;<\/p>\n","protected":false},"author":1,"featured_media":24311,"parent":24289,"menu_order":2,"comment_status":"closed","ping_status":"closed","template":"","meta":{"footnotes":""},"class_list":["post-24316","page","type-page","status-publish","has-post-thumbnail","hentry"],"_links":{"self":[{"href":"https:\/\/recarprofi.cz\/uvod\/wp-json\/wp\/v2\/pages\/24316","targetHints":{"allow":["GET"]}}],"collection":[{"href":"https:\/\/recarprofi.cz\/uvod\/wp-json\/wp\/v2\/pages"}],"about":[{"href":"https:\/\/recarprofi.cz\/uvod\/wp-json\/wp\/v2\/types\/page"}],"author":[{"embeddable":true,"href":"https:\/\/recarprofi.cz\/uvod\/wp-json\/wp\/v2\/users\/1"}],"replies":[{"embeddable":true,"href":"https:\/\/recarprofi.cz\/uvod\/wp-json\/wp\/v2\/comments?post=24316"}],"version-history":[{"count":18,"href":"https:\/\/recarprofi.cz\/uvod\/wp-json\/wp\/v2\/pages\/24316\/revisions"}],"predecessor-version":[{"id":28614,"href":"https:\/\/recarprofi.cz\/uvod\/wp-json\/wp\/v2\/pages\/24316\/revisions\/28614"}],"up":[{"embeddable":true,"href":"https:\/\/recarprofi.cz\/uvod\/wp-json\/wp\/v2\/pages\/24289"}],"wp:featuredmedia":[{"embeddable":true,"href":"https:\/\/recarprofi.cz\/uvod\/wp-json\/wp\/v2\/media\/24311"}],"wp:attachment":[{"href":"https:\/\/recarprofi.cz\/uvod\/wp-json\/wp\/v2\/media?parent=24316"}],"curies":[{"name":"wp","href":"https:\/\/api.w.org\/{rel}","templated":true}]}}