{"id":24326,"date":"2022-03-29T12:12:05","date_gmt":"2022-03-29T10:12:05","guid":{"rendered":"https:\/\/recarprofi.cz\/uvod\/?page_id=24326"},"modified":"2024-04-09T12:17:19","modified_gmt":"2024-04-09T10:17:19","slug":"kbet-20","status":"publish","type":"page","link":"https:\/\/recarprofi.cz\/uvod\/manipulacni-technika\/vysokozdvizne-voziky-baoli\/elektricke\/kbet-20\/","title":{"rendered":"Elektrick\u00e9 vysokozdvi\u017en\u00e9 voz\u00edky Baoli KBET-20"},"content":{"rendered":"\t\t<div data-elementor-type=\"wp-page\" data-elementor-id=\"24326\" class=\"elementor elementor-24326\">\n\t\t\t\t\t\t<section class=\"elementor-section elementor-top-section elementor-element elementor-element-d35805f elementor-section-boxed elementor-section-height-default elementor-section-height-default\" data-id=\"d35805f\" data-element_type=\"section\" data-e-type=\"section\">\n\t\t\t\t\t\t<div class=\"elementor-container elementor-column-gap-default\">\n\t\t\t\t\t<div class=\"elementor-column elementor-col-100 elementor-top-column elementor-element elementor-element-3a4b9dd\" data-id=\"3a4b9dd\" data-element_type=\"column\" data-e-type=\"column\">\n\t\t\t<div class=\"elementor-widget-wrap elementor-element-populated\">\n\t\t\t\t\t\t<div class=\"elementor-element elementor-element-2eb9d78 elementor-widget elementor-widget-image\" data-id=\"2eb9d78\" data-element_type=\"widget\" data-e-type=\"widget\" data-widget_type=\"image.default\">\n\t\t\t\t<div class=\"elementor-widget-container\">\n\t\t\t\t\t\t\t\t\t\t\t\t\t\t\t<img fetchpriority=\"high\" decoding=\"async\" width=\"847\" height=\"632\" src=\"https:\/\/recarprofi.cz\/wp-content\/uploads\/2022\/03\/baoli-kbet20.jpg\" class=\"attachment-large size-large wp-image-24327\" alt=\"\" \/>\t\t\t\t\t\t\t\t\t\t\t\t\t\t\t<\/div>\n\t\t\t\t<\/div>\n\t\t\t\t<div class=\"elementor-element elementor-element-6231560 elementor-widget elementor-widget-button\" data-id=\"6231560\" data-element_type=\"widget\" data-e-type=\"widget\" data-widget_type=\"button.default\">\n\t\t\t\t<div class=\"elementor-widget-container\">\n\t\t\t\t\t\t\t\t\t<div class=\"elementor-button-wrapper\">\n\t\t\t\t\t<a class=\"elementor-button elementor-button-link elementor-size-sm\" href=\"https:\/\/recarprofi.cz\/uvod\/kategorie-produktu\/vysokozdvizne-voziky-elektricke\/\">\n\t\t\t\t\t\t<span class=\"elementor-button-content-wrapper\">\n\t\t\t\t\t\t\t\t\t<span class=\"elementor-button-text\">Vstup do eshopu<\/span>\n\t\t\t\t\t<\/span>\n\t\t\t\t\t<\/a>\n\t\t\t\t<\/div>\n\t\t\t\t\t\t\t\t<\/div>\n\t\t\t\t<\/div>\n\t\t\t\t\t<\/div>\n\t\t<\/div>\n\t\t\t\t\t<\/div>\n\t\t<\/section>\n\t\t\t\t<section class=\"elementor-section elementor-top-section elementor-element elementor-element-fdbf171 elementor-section-boxed elementor-section-height-default elementor-section-height-default\" data-id=\"fdbf171\" data-element_type=\"section\" data-e-type=\"section\">\n\t\t\t\t\t\t<div class=\"elementor-container elementor-column-gap-default\">\n\t\t\t\t\t<div class=\"elementor-column elementor-col-100 elementor-top-column elementor-element elementor-element-c137334\" data-id=\"c137334\" data-element_type=\"column\" data-e-type=\"column\">\n\t\t\t<div class=\"elementor-widget-wrap elementor-element-populated\">\n\t\t\t\t\t\t<div class=\"elementor-element elementor-element-76b5729 elementor-widget elementor-widget-text-editor\" data-id=\"76b5729\" data-element_type=\"widget\" data-e-type=\"widget\" data-widget_type=\"text-editor.default\">\n\t\t\t\t<div class=\"elementor-widget-container\">\n\t\t\t\t\t\t\t\t\t<p>Elektrick\u00e9 voz\u00edky KBET-20 jsou 3 kolov\u00e9. Mimo\u0159\u00e1dn\u011b robustn\u00ed kabina \u0159idi\u010de poskytuj\u00edc\u00ed vynikaj\u00edc\u00ed v\u00fdhled. Elektronika, AC technologie pro trakci a zved\u00e1n\u00ed. Rekupera\u010dn\u00ed brzdov\u00fd syst\u00e9m poskytuj\u00edc\u00ed v\u011bt\u0161\u00ed bezpe\u010dnost j\u00edzdy a dob\u00edjej\u00edc\u00ed energii. \u010cidlo \u0159\u00edzen\u00ed u 3 kolov\u00fdch model\u016f automaticky sni\u017euj\u00edc\u00ed rychlost p\u0159i zat\u00e1\u010den\u00ed.<\/p>\t\t\t\t\t\t\t\t<\/div>\n\t\t\t\t<\/div>\n\t\t\t\t\t<\/div>\n\t\t<\/div>\n\t\t\t\t\t<\/div>\n\t\t<\/section>\n\t\t\t\t<section class=\"elementor-section elementor-top-section elementor-element elementor-element-6fe521d elementor-section-boxed elementor-section-height-default elementor-section-height-default\" data-id=\"6fe521d\" data-element_type=\"section\" data-e-type=\"section\">\n\t\t\t\t\t\t<div class=\"elementor-container elementor-column-gap-default\">\n\t\t\t\t\t<div class=\"elementor-column elementor-col-100 elementor-top-column elementor-element elementor-element-7a7ad9c\" data-id=\"7a7ad9c\" data-element_type=\"column\" data-e-type=\"column\">\n\t\t\t<div class=\"elementor-widget-wrap elementor-element-populated\">\n\t\t\t\t\t\t<div class=\"elementor-element elementor-element-1c58fc1 elementor-widget elementor-widget-image\" data-id=\"1c58fc1\" data-element_type=\"widget\" data-e-type=\"widget\" data-widget_type=\"image.default\">\n\t\t\t\t<div class=\"elementor-widget-container\">\n\t\t\t\t\t\t\t\t\t\t\t\t\t\t\t<img decoding=\"async\" width=\"450\" height=\"456\" src=\"https:\/\/recarprofi.cz\/wp-content\/uploads\/2022\/03\/baoli-kbet152.jpg\" class=\"attachment-large size-large wp-image-24312\" alt=\"\" srcset=\"https:\/\/recarprofi.cz\/wp-content\/uploads\/2022\/03\/baoli-kbet152.jpg 450w, https:\/\/recarprofi.cz\/wp-content\/uploads\/2022\/03\/baoli-kbet152-100x100.jpg 100w, https:\/\/recarprofi.cz\/wp-content\/uploads\/2022\/03\/baoli-kbet152-420x426.jpg 420w, https:\/\/recarprofi.cz\/wp-content\/uploads\/2022\/03\/baoli-kbet152-59x60.jpg 59w\" sizes=\"(max-width: 450px) 100vw, 450px\" \/>\t\t\t\t\t\t\t\t\t\t\t\t\t\t\t<\/div>\n\t\t\t\t<\/div>\n\t\t\t\t\t<\/div>\n\t\t<\/div>\n\t\t\t\t\t<\/div>\n\t\t<\/section>\n\t\t\t\t<section class=\"elementor-section elementor-top-section elementor-element elementor-element-dcbf7db elementor-section-boxed elementor-section-height-default elementor-section-height-default\" data-id=\"dcbf7db\" data-element_type=\"section\" data-e-type=\"section\">\n\t\t\t\t\t\t<div class=\"elementor-container elementor-column-gap-default\">\n\t\t\t\t\t<div class=\"elementor-column elementor-col-100 elementor-top-column elementor-element elementor-element-facd4e3\" data-id=\"facd4e3\" data-element_type=\"column\" data-e-type=\"column\">\n\t\t\t<div class=\"elementor-widget-wrap elementor-element-populated\">\n\t\t\t\t\t\t<div class=\"elementor-element elementor-element-eda3b99 elementor-widget elementor-widget-text-editor\" data-id=\"eda3b99\" data-element_type=\"widget\" data-e-type=\"widget\" data-widget_type=\"text-editor.default\">\n\t\t\t\t<div class=\"elementor-widget-container\">\n\t\t\t\t\t\t\t\t\t<p><strong>Technologie a pohodl\u00ed<\/strong><\/p><ul><li>Nap\u00e1jec\u00ed nap\u011bt\u00ed: 48 Volt<\/li><li>Technologie vyvinut\u00e1 spole\u010dnost\u00ed Baoli s vyu\u017eit\u00edm technologi\u00ed KION Group<\/li><li>Elektronika: AC technologie pro trakci i zdvih<\/li><li>Sn\u00edma\u010d \u0159\u00edzen\u00ed a automatick\u00e9 sni\u017eov\u00e1n\u00ed rychlosti v zat\u00e1\u010dk\u00e1ch<\/li><li>Regenera\u010dn\u00ed brzd\u011bn\u00ed<\/li><li>Mo\u017enost definov\u00e1n\u00ed r\u016fzn\u00fdch v\u00fdkonnostn\u00edch \u00farovn\u00ed vysokozdvi\u017en\u00e9ho voz\u00edku na displeji<\/li><li>Standardn\u00ed op\u011brka pro z\u00e1t\u011b\u017e<\/li><\/ul>\t\t\t\t\t\t\t\t<\/div>\n\t\t\t\t<\/div>\n\t\t\t\t\t<\/div>\n\t\t<\/div>\n\t\t\t\t\t<\/div>\n\t\t<\/section>\n\t\t\t\t<section class=\"elementor-section elementor-top-section elementor-element elementor-element-c96d0fd elementor-section-boxed elementor-section-height-default elementor-section-height-default\" data-id=\"c96d0fd\" data-element_type=\"section\" data-e-type=\"section\">\n\t\t\t\t\t\t<div class=\"elementor-container elementor-column-gap-default\">\n\t\t\t\t\t<div class=\"elementor-column elementor-col-100 elementor-top-column elementor-element elementor-element-cd784b9\" data-id=\"cd784b9\" data-element_type=\"column\" data-e-type=\"column\">\n\t\t\t<div class=\"elementor-widget-wrap elementor-element-populated\">\n\t\t\t\t\t\t<div class=\"elementor-element elementor-element-ba68717 elementor-widget elementor-widget-image\" data-id=\"ba68717\" data-element_type=\"widget\" data-e-type=\"widget\" data-widget_type=\"image.default\">\n\t\t\t\t<div class=\"elementor-widget-container\">\n\t\t\t\t\t\t\t\t\t\t\t\t\t\t\t<img decoding=\"async\" width=\"847\" height=\"781\" src=\"https:\/\/recarprofi.cz\/wp-content\/uploads\/2022\/03\/baoli-KBET18-1200x1107.jpg\" class=\"attachment-large size-large wp-image-24282\" alt=\"\" srcset=\"https:\/\/recarprofi.cz\/wp-content\/uploads\/2022\/03\/baoli-KBET18-1200x1107.jpg 1200w, https:\/\/recarprofi.cz\/wp-content\/uploads\/2022\/03\/baoli-KBET18-600x553.jpg 600w, https:\/\/recarprofi.cz\/wp-content\/uploads\/2022\/03\/baoli-KBET18-744x686.jpg 744w, https:\/\/recarprofi.cz\/wp-content\/uploads\/2022\/03\/baoli-KBET18-420x387.jpg 420w, https:\/\/recarprofi.cz\/wp-content\/uploads\/2022\/03\/baoli-KBET18-768x708.jpg 768w, https:\/\/recarprofi.cz\/wp-content\/uploads\/2022\/03\/baoli-KBET18-1536x1416.jpg 1536w, https:\/\/recarprofi.cz\/wp-content\/uploads\/2022\/03\/baoli-KBET18-2048x1889.jpg 2048w, https:\/\/recarprofi.cz\/wp-content\/uploads\/2022\/03\/baoli-KBET18-65x60.jpg 65w\" sizes=\"(max-width: 847px) 100vw, 847px\" \/>\t\t\t\t\t\t\t\t\t\t\t\t\t\t\t<\/div>\n\t\t\t\t<\/div>\n\t\t\t\t\t<\/div>\n\t\t<\/div>\n\t\t\t\t\t<\/div>\n\t\t<\/section>\n\t\t\t\t<section class=\"elementor-section elementor-top-section elementor-element elementor-element-6b0be85 elementor-section-boxed elementor-section-height-default elementor-section-height-default\" data-id=\"6b0be85\" data-element_type=\"section\" data-e-type=\"section\">\n\t\t\t\t\t\t<div class=\"elementor-container elementor-column-gap-default\">\n\t\t\t\t\t<div class=\"elementor-column elementor-col-100 elementor-top-column elementor-element elementor-element-bec41d1\" data-id=\"bec41d1\" data-element_type=\"column\" data-e-type=\"column\">\n\t\t\t<div class=\"elementor-widget-wrap elementor-element-populated\">\n\t\t\t\t\t\t<div class=\"elementor-element elementor-element-070931a elementor-widget elementor-widget-text-editor\" data-id=\"070931a\" data-element_type=\"widget\" data-e-type=\"widget\" data-widget_type=\"text-editor.default\">\n\t\t\t\t<div class=\"elementor-widget-container\">\n\t\t\t\t\t\t\t\t\t<p><strong>Ergonomie<\/strong><\/p><ul><li>V\u00fdborn\u00e1 viditelnost ve v\u0161ech sm\u011brech j\u00edzdy<\/li><li>Extr\u00e9mn\u011b robustn\u00ed kabina \u0159idi\u010de poskytuj\u00edc\u00ed vynikaj\u00edc\u00ed v\u00fdhled<\/li><li>Elektronick\u00fd voli\u010d sm\u011bru j\u00edzdy<\/li><li>Digit\u00e1ln\u00ed displej s indikac\u00ed v\u0161ech hlavn\u00edch funkc\u00ed vysokozdvi\u017en\u00e9ho voz\u00edku<\/li><\/ul>\t\t\t\t\t\t\t\t<\/div>\n\t\t\t\t<\/div>\n\t\t\t\t\t<\/div>\n\t\t<\/div>\n\t\t\t\t\t<\/div>\n\t\t<\/section>\n\t\t\t\t<section class=\"elementor-section elementor-top-section elementor-element elementor-element-41f311a elementor-section-boxed elementor-section-height-default elementor-section-height-default\" data-id=\"41f311a\" data-element_type=\"section\" data-e-type=\"section\">\n\t\t\t\t\t\t<div class=\"elementor-container elementor-column-gap-default\">\n\t\t\t\t\t<div class=\"elementor-column elementor-col-100 elementor-top-column elementor-element elementor-element-088605b\" data-id=\"088605b\" data-element_type=\"column\" data-e-type=\"column\">\n\t\t\t<div class=\"elementor-widget-wrap elementor-element-populated\">\n\t\t\t\t\t\t<div class=\"elementor-element elementor-element-1d5e8ea elementor-widget elementor-widget-image\" data-id=\"1d5e8ea\" data-element_type=\"widget\" data-e-type=\"widget\" data-widget_type=\"image.default\">\n\t\t\t\t<div class=\"elementor-widget-container\">\n\t\t\t\t\t\t\t\t\t\t\t\t\t\t\t<img loading=\"lazy\" decoding=\"async\" width=\"847\" height=\"565\" src=\"https:\/\/recarprofi.cz\/wp-content\/uploads\/2022\/03\/baoli-kbet182-1200x800.jpg\" class=\"attachment-large size-large wp-image-24311\" alt=\"\" srcset=\"https:\/\/recarprofi.cz\/wp-content\/uploads\/2022\/03\/baoli-kbet182-1200x800.jpg 1200w, https:\/\/recarprofi.cz\/wp-content\/uploads\/2022\/03\/baoli-kbet182-600x400.jpg 600w, https:\/\/recarprofi.cz\/wp-content\/uploads\/2022\/03\/baoli-kbet182-744x496.jpg 744w, https:\/\/recarprofi.cz\/wp-content\/uploads\/2022\/03\/baoli-kbet182-420x280.jpg 420w, https:\/\/recarprofi.cz\/wp-content\/uploads\/2022\/03\/baoli-kbet182-768x512.jpg 768w, https:\/\/recarprofi.cz\/wp-content\/uploads\/2022\/03\/baoli-kbet182-1536x1024.jpg 1536w, https:\/\/recarprofi.cz\/wp-content\/uploads\/2022\/03\/baoli-kbet182-90x60.jpg 90w, https:\/\/recarprofi.cz\/wp-content\/uploads\/2022\/03\/baoli-kbet182.jpg 2000w\" sizes=\"(max-width: 847px) 100vw, 847px\" \/>\t\t\t\t\t\t\t\t\t\t\t\t\t\t\t<\/div>\n\t\t\t\t<\/div>\n\t\t\t\t\t<\/div>\n\t\t<\/div>\n\t\t\t\t\t<\/div>\n\t\t<\/section>\n\t\t\t\t<section class=\"elementor-section elementor-top-section elementor-element elementor-element-0daa031 elementor-section-boxed elementor-section-height-default elementor-section-height-default\" data-id=\"0daa031\" data-element_type=\"section\" data-e-type=\"section\">\n\t\t\t\t\t\t<div class=\"elementor-container elementor-column-gap-default\">\n\t\t\t\t\t<div class=\"elementor-column elementor-col-100 elementor-top-column elementor-element elementor-element-9509163\" data-id=\"9509163\" data-element_type=\"column\" data-e-type=\"column\">\n\t\t\t<div class=\"elementor-widget-wrap elementor-element-populated\">\n\t\t\t\t\t\t<div class=\"elementor-element elementor-element-4d304da elementor-widget elementor-widget-text-editor\" data-id=\"4d304da\" data-element_type=\"widget\" data-e-type=\"widget\" data-widget_type=\"text-editor.default\">\n\t\t\t\t<div class=\"elementor-widget-container\">\n\t\t\t\t\t\t\t\t\t<p><strong>Technick\u00e9 parametry:<\/strong><\/p><ul><li>V\u00fdrobce KION BAOLI\u00a0<\/li><li>Typov\u00e9 ozna\u010den\u00ed v\u00fdrobce KBET 20<\/li><li>\u00a0Pohon: elektrick\u00fd<\/li><li>Typ dle obsluhy: se sed\u00edc\u00ed obsluhou<\/li><li>Jmenovit\u00e1 nosnost\u00a0 (t) 2.0<\/li><li>\u00a0Vylo\u017een\u00ed t\u011b\u017ei\u0161t\u011b b\u0159emene (mm) 500<\/li><li>\u00a0Rozvor n\u00e1prav y (mm) 1435<\/li><li>\u00a0Vlastn\u00ed hmotnost Kg 3650\u00a0<\/li><li>Pneu: superelastick\u00e9 (SE)<\/li><li>Rozm\u011br pneu, p\u0159edn\u00ed 200\/50-10<\/li><li>Rozm\u011br pneu, zadn\u00ed 16\u00d76-8<\/li><li>V\u00fd\u0161ka nad ochrann\u00fdm r\u00e1mem (kabinou) h6 (mm) 2075\u00a0<\/li><li>D\u00e9lka voz\u00edku l2 (mm) 2042<\/li><li>Celkov\u00e1 \u0161\u00ed\u0159ka (mm) 1120<\/li><li>Polom\u011br ot\u00e1\u010den\u00ed (mm) 1640<\/li><li>\u00a0Rychlost j\u00edzdy km\/h 14<\/li><li>\u00a0Maxim\u00e1ln\u00ed stoupavost\u00a0 % 18<\/li><li>Provozn\u00ed brzda elektromechanick\u00e1<\/li><li>V\u00fdkon pojezdov\u00e9ho motoru kW 2\u00d76.5<\/li><li>\u00a0V\u00fdkon zdvihov\u00e9ho motoru kW 16.5<\/li><li>\u00a0Nap\u011bt\u00ed baterie V 48<\/li><li>Hmotnost baterie kg 940~1080<\/li><li>Hladina hluku v m\u00edst\u011b obsluhy dB\u00a0 \u226475\u00a0<\/li><\/ul>\t\t\t\t\t\t\t\t<\/div>\n\t\t\t\t<\/div>\n\t\t\t\t\t<\/div>\n\t\t<\/div>\n\t\t\t\t\t<\/div>\n\t\t<\/section>\n\t\t\t\t<section class=\"elementor-section elementor-top-section elementor-element elementor-element-312484a elementor-section-boxed elementor-section-height-default elementor-section-height-default\" data-id=\"312484a\" data-element_type=\"section\" data-e-type=\"section\">\n\t\t\t\t\t\t<div class=\"elementor-container elementor-column-gap-default\">\n\t\t\t\t\t<div class=\"elementor-column elementor-col-100 elementor-top-column elementor-element elementor-element-137bb4f\" data-id=\"137bb4f\" data-element_type=\"column\" data-e-type=\"column\">\n\t\t\t<div class=\"elementor-widget-wrap elementor-element-populated\">\n\t\t\t\t\t\t<div class=\"elementor-element elementor-element-0c95143 elementor-widget elementor-widget-video\" data-id=\"0c95143\" data-element_type=\"widget\" data-e-type=\"widget\" data-settings=\"{&quot;youtube_url&quot;:&quot;https:\\\/\\\/youtu.be\\\/eFhLf8Z8N_Q&quot;,&quot;video_type&quot;:&quot;youtube&quot;,&quot;controls&quot;:&quot;yes&quot;}\" data-widget_type=\"video.default\">\n\t\t\t\t<div class=\"elementor-widget-container\">\n\t\t\t\t\t\t\t<div class=\"elementor-wrapper elementor-open-inline\">\n\t\t\t<div class=\"elementor-video\"><\/div>\t\t<\/div>\n\t\t\t\t\t\t<\/div>\n\t\t\t\t<\/div>\n\t\t\t\t\t<\/div>\n\t\t<\/div>\n\t\t\t\t\t<\/div>\n\t\t<\/section>\n\t\t\t\t<section class=\"elementor-section elementor-top-section elementor-element elementor-element-e27c1c6 elementor-section-boxed elementor-section-height-default elementor-section-height-default\" data-id=\"e27c1c6\" data-element_type=\"section\" data-e-type=\"section\">\n\t\t\t\t\t\t<div class=\"elementor-container elementor-column-gap-default\">\n\t\t\t\t\t<div class=\"elementor-column elementor-col-100 elementor-top-column elementor-element elementor-element-f5cd07c\" data-id=\"f5cd07c\" data-element_type=\"column\" data-e-type=\"column\">\n\t\t\t<div class=\"elementor-widget-wrap elementor-element-populated\">\n\t\t\t\t\t\t<div class=\"elementor-element elementor-element-10acbc0 elementor-widget elementor-widget-text-editor\" data-id=\"10acbc0\" data-element_type=\"widget\" data-e-type=\"widget\" data-widget_type=\"text-editor.default\">\n\t\t\t\t<div class=\"elementor-widget-container\">\n\t\t\t\t\t\t\t\t\t<p><strong>Popt\u00e1vka:<\/strong><\/p><p>\n<div class=\"wpcf7 no-js\" id=\"wpcf7-f19912-o1\" lang=\"cs-CZ\" dir=\"ltr\" data-wpcf7-id=\"19912\">\n<div class=\"screen-reader-response\"><p role=\"status\" aria-live=\"polite\" aria-atomic=\"true\"><\/p> <ul><\/ul><\/div>\n<form action=\"\/uvod\/wp-json\/wp\/v2\/pages\/24326#wpcf7-f19912-o1\" method=\"post\" class=\"wpcf7-form init\" aria-label=\"Kontaktn\u00ed formul\u00e1\u0159\" novalidate=\"novalidate\" data-status=\"init\">\n<fieldset class=\"hidden-fields-container\"><input type=\"hidden\" name=\"_wpcf7\" value=\"19912\" \/><input type=\"hidden\" name=\"_wpcf7_version\" value=\"6.1.5\" \/><input type=\"hidden\" name=\"_wpcf7_locale\" value=\"cs_CZ\" \/><input type=\"hidden\" name=\"_wpcf7_unit_tag\" value=\"wpcf7-f19912-o1\" \/><input type=\"hidden\" name=\"_wpcf7_container_post\" value=\"0\" \/><input type=\"hidden\" name=\"_wpcf7_posted_data_hash\" value=\"\" \/>\n<\/fieldset>\n<p><label> Va\u0161e jm\u00e9no (vy\u017eadov\u00e1no)<br \/>\n<span class=\"wpcf7-form-control-wrap\" data-name=\"your-name\"><input size=\"40\" maxlength=\"400\" class=\"wpcf7-form-control wpcf7-text wpcf7-validates-as-required\" aria-required=\"true\" aria-invalid=\"false\" value=\"\" type=\"text\" name=\"your-name\" \/><\/span> <\/label>\n<\/p>\n<p><label> V\u00e1\u0161 e-mail (vy\u017eadov\u00e1no)<br \/>\n<span class=\"wpcf7-form-control-wrap\" data-name=\"your-email\"><input size=\"40\" maxlength=\"400\" class=\"wpcf7-form-control wpcf7-email wpcf7-validates-as-required wpcf7-text wpcf7-validates-as-email\" aria-required=\"true\" aria-invalid=\"false\" value=\"\" type=\"email\" name=\"your-email\" \/><\/span> <\/label>\n<\/p>\n<p><label> P\u0159edm\u011bt<br \/>\n<span class=\"wpcf7-form-control-wrap\" data-name=\"your-subject\"><input size=\"40\" maxlength=\"400\" class=\"wpcf7-form-control wpcf7-text\" aria-invalid=\"false\" value=\"\" type=\"text\" name=\"your-subject\" \/><\/span> <\/label>\n<\/p>\n<p><label> Va\u0161e zpr\u00e1va<br \/>\n<span class=\"wpcf7-form-control-wrap\" data-name=\"your-message\"><textarea cols=\"40\" rows=\"10\" maxlength=\"2000\" class=\"wpcf7-form-control wpcf7-textarea\" aria-invalid=\"false\" name=\"your-message\"><\/textarea><\/span> <\/label>\n<\/p>\n<p><input class=\"wpcf7-form-control wpcf7-submit has-spinner\" type=\"submit\" value=\"Odeslat\" \/>\n<\/p><p style=\"display: none !important;\" class=\"akismet-fields-container\" data-prefix=\"_wpcf7_ak_\"><label>&#916;<textarea name=\"_wpcf7_ak_hp_textarea\" cols=\"45\" rows=\"8\" maxlength=\"100\"><\/textarea><\/label><input type=\"hidden\" id=\"ak_js_1\" name=\"_wpcf7_ak_js\" value=\"28\"\/><script type=\"text\/javascript\">\n\/* <![CDATA[ *\/\ndocument.getElementById( \"ak_js_1\" ).setAttribute( \"value\", ( new Date() ).getTime() );\n\/* ]]> *\/\n<\/script>\n<\/p><div class=\"wpcf7-response-output\" aria-hidden=\"true\"><\/div>\n<\/form>\n<\/div>\n<\/p>\t\t\t\t\t\t\t\t<\/div>\n\t\t\t\t<\/div>\n\t\t\t\t\t<\/div>\n\t\t<\/div>\n\t\t\t\t\t<\/div>\n\t\t<\/section>\n\t\t\t\t<\/div>\n\t\t","protected":false},"excerpt":{"rendered":"<p>Vstup do eshopu Elektrick\u00e9 voz\u00edky KBET-20 jsou 3 kolov\u00e9. Mimo\u0159\u00e1dn\u011b robustn\u00ed kabina \u0159idi\u010de poskytuj\u00edc\u00ed vynikaj\u00edc\u00ed v\u00fdhled. Elektronika, AC technologie pro trakci a zved\u00e1n\u00ed. Rekupera\u010dn\u00ed brzdov\u00fd syst\u00e9m poskytuj\u00edc\u00ed v\u011bt\u0161\u00ed bezpe\u010dnost j\u00edzdy a dob\u00edjej\u00edc\u00ed energii. \u010cidlo \u0159\u00edzen\u00ed&hellip;<\/p>\n","protected":false},"author":1,"featured_media":24350,"parent":24289,"menu_order":3,"comment_status":"closed","ping_status":"closed","template":"","meta":{"footnotes":""},"class_list":["post-24326","page","type-page","status-publish","has-post-thumbnail","hentry"],"_links":{"self":[{"href":"https:\/\/recarprofi.cz\/uvod\/wp-json\/wp\/v2\/pages\/24326","targetHints":{"allow":["GET"]}}],"collection":[{"href":"https:\/\/recarprofi.cz\/uvod\/wp-json\/wp\/v2\/pages"}],"about":[{"href":"https:\/\/recarprofi.cz\/uvod\/wp-json\/wp\/v2\/types\/page"}],"author":[{"embeddable":true,"href":"https:\/\/recarprofi.cz\/uvod\/wp-json\/wp\/v2\/users\/1"}],"replies":[{"embeddable":true,"href":"https:\/\/recarprofi.cz\/uvod\/wp-json\/wp\/v2\/comments?post=24326"}],"version-history":[{"count":18,"href":"https:\/\/recarprofi.cz\/uvod\/wp-json\/wp\/v2\/pages\/24326\/revisions"}],"predecessor-version":[{"id":28618,"href":"https:\/\/recarprofi.cz\/uvod\/wp-json\/wp\/v2\/pages\/24326\/revisions\/28618"}],"up":[{"embeddable":true,"href":"https:\/\/recarprofi.cz\/uvod\/wp-json\/wp\/v2\/pages\/24289"}],"wp:featuredmedia":[{"embeddable":true,"href":"https:\/\/recarprofi.cz\/uvod\/wp-json\/wp\/v2\/media\/24350"}],"wp:attachment":[{"href":"https:\/\/recarprofi.cz\/uvod\/wp-json\/wp\/v2\/media?parent=24326"}],"curies":[{"name":"wp","href":"https:\/\/api.w.org\/{rel}","templated":true}]}}