{"id":24345,"date":"2022-03-29T15:19:04","date_gmt":"2022-03-29T13:19:04","guid":{"rendered":"https:\/\/recarprofi.cz\/uvod\/?page_id=24345"},"modified":"2024-04-09T12:18:35","modified_gmt":"2024-04-09T10:18:35","slug":"kbe-15","status":"publish","type":"page","link":"https:\/\/recarprofi.cz\/uvod\/manipulacni-technika\/vysokozdvizne-voziky-baoli\/elektricke\/kbe-15\/","title":{"rendered":"Elektrick\u00e9 vysokozdvi\u017en\u00e9 voz\u00edky Baoli KBE-15"},"content":{"rendered":"\t\t<div data-elementor-type=\"wp-page\" data-elementor-id=\"24345\" class=\"elementor elementor-24345\">\n\t\t\t\t\t\t<section class=\"elementor-section elementor-top-section elementor-element elementor-element-2b541b8 elementor-section-boxed elementor-section-height-default elementor-section-height-default\" data-id=\"2b541b8\" data-element_type=\"section\" data-e-type=\"section\">\n\t\t\t\t\t\t<div class=\"elementor-container elementor-column-gap-default\">\n\t\t\t\t\t<div class=\"elementor-column elementor-col-100 elementor-top-column elementor-element elementor-element-6088385\" data-id=\"6088385\" data-element_type=\"column\" data-e-type=\"column\">\n\t\t\t<div class=\"elementor-widget-wrap elementor-element-populated\">\n\t\t\t\t\t\t<div class=\"elementor-element elementor-element-361d4ef elementor-widget elementor-widget-image\" data-id=\"361d4ef\" data-element_type=\"widget\" data-e-type=\"widget\" data-widget_type=\"image.default\">\n\t\t\t\t<div class=\"elementor-widget-container\">\n\t\t\t\t\t\t\t\t\t\t\t\t\t\t\t<img fetchpriority=\"high\" decoding=\"async\" width=\"847\" height=\"776\" src=\"https:\/\/recarprofi.cz\/wp-content\/uploads\/2022\/03\/baoli-KBE151-1-1200x1099.jpg\" class=\"attachment-large size-large wp-image-24348\" alt=\"\" srcset=\"https:\/\/recarprofi.cz\/wp-content\/uploads\/2022\/03\/baoli-KBE151-1-1200x1099.jpg 1200w, https:\/\/recarprofi.cz\/wp-content\/uploads\/2022\/03\/baoli-KBE151-1-600x550.jpg 600w, https:\/\/recarprofi.cz\/wp-content\/uploads\/2022\/03\/baoli-KBE151-1-744x682.jpg 744w, https:\/\/recarprofi.cz\/wp-content\/uploads\/2022\/03\/baoli-KBE151-1-420x385.jpg 420w, https:\/\/recarprofi.cz\/wp-content\/uploads\/2022\/03\/baoli-KBE151-1-768x703.jpg 768w, https:\/\/recarprofi.cz\/wp-content\/uploads\/2022\/03\/baoli-KBE151-1-1536x1407.jpg 1536w, https:\/\/recarprofi.cz\/wp-content\/uploads\/2022\/03\/baoli-KBE151-1-66x60.jpg 66w\" sizes=\"(max-width: 847px) 100vw, 847px\" \/>\t\t\t\t\t\t\t\t\t\t\t\t\t\t\t<\/div>\n\t\t\t\t<\/div>\n\t\t\t\t\t<\/div>\n\t\t<\/div>\n\t\t\t\t\t<\/div>\n\t\t<\/section>\n\t\t\t\t<section class=\"elementor-section elementor-top-section elementor-element elementor-element-49e6413 elementor-section-boxed elementor-section-height-default elementor-section-height-default\" data-id=\"49e6413\" data-element_type=\"section\" data-e-type=\"section\">\n\t\t\t\t\t\t<div class=\"elementor-container elementor-column-gap-default\">\n\t\t\t\t\t<div class=\"elementor-column elementor-col-100 elementor-top-column elementor-element elementor-element-dd8253d\" data-id=\"dd8253d\" data-element_type=\"column\" data-e-type=\"column\">\n\t\t\t<div class=\"elementor-widget-wrap elementor-element-populated\">\n\t\t\t\t\t\t<div class=\"elementor-element elementor-element-155bc1d elementor-widget elementor-widget-button\" data-id=\"155bc1d\" data-element_type=\"widget\" data-e-type=\"widget\" data-widget_type=\"button.default\">\n\t\t\t\t<div class=\"elementor-widget-container\">\n\t\t\t\t\t\t\t\t\t<div class=\"elementor-button-wrapper\">\n\t\t\t\t\t<a class=\"elementor-button elementor-button-link elementor-size-sm\" href=\"https:\/\/recarprofi.cz\/uvod\/kategorie-produktu\/vysokozdvizne-voziky-elektricke\/\">\n\t\t\t\t\t\t<span class=\"elementor-button-content-wrapper\">\n\t\t\t\t\t\t\t\t\t<span class=\"elementor-button-text\">Vstup do eshopu<\/span>\n\t\t\t\t\t<\/span>\n\t\t\t\t\t<\/a>\n\t\t\t\t<\/div>\n\t\t\t\t\t\t\t\t<\/div>\n\t\t\t\t<\/div>\n\t\t\t\t<div class=\"elementor-element elementor-element-ae4e2e7 elementor-widget elementor-widget-text-editor\" data-id=\"ae4e2e7\" data-element_type=\"widget\" data-e-type=\"widget\" data-widget_type=\"text-editor.default\">\n\t\t\t\t<div class=\"elementor-widget-container\">\n\t\t\t\t\t\t\t\t\t<p><span>Vysokozdvi\u017en\u00e9 voz\u00edky \u0159ady KBE zaru\u010duj\u00ed vynikaj\u00edc\u00ed v\u00fdhled ve v\u0161ech sm\u011brech j\u00edzdy. Nav\u00edc jsou vybaveny n\u00edzk\u00fdm sedadlem \u0159idi\u010de poskytuj\u00edc\u00ed extr\u00e9mn\u011b vysok\u00fd komfort \u0159idi\u010d\u016fm, kte\u0159\u00ed jsou z provozn\u00edch d\u016fvod\u016f nuceni \u010dasto vystupovat a nastupovat z vysokozdvi\u017en\u00e9ho voz\u00edku. <\/span><span>Jsou k dispozici tak\u00e9 s polokabinou a kompletn\u00ed kabinou a ve verzi pro chlad\u00edrny. <\/span><span>Opravdu jednoduch\u00e9 konstruk\u010dn\u00ed uspo\u0159\u00e1d\u00e1n\u00ed zaji\u0161\u0165uje optim\u00e1ln\u00ed a snadn\u00fd p\u0159\u00edstup ke v\u0161em komponent\u016fm pro maxim\u00e1ln\u00ed efektivitu p\u0159i \u00fadr\u017eb\u011b.<\/span><\/p>\t\t\t\t\t\t\t\t<\/div>\n\t\t\t\t<\/div>\n\t\t\t\t\t<\/div>\n\t\t<\/div>\n\t\t\t\t\t<\/div>\n\t\t<\/section>\n\t\t\t\t<section class=\"elementor-section elementor-top-section elementor-element elementor-element-0e00b0d elementor-section-boxed elementor-section-height-default elementor-section-height-default\" data-id=\"0e00b0d\" data-element_type=\"section\" data-e-type=\"section\">\n\t\t\t\t\t\t<div class=\"elementor-container elementor-column-gap-default\">\n\t\t\t\t\t<div class=\"elementor-column elementor-col-100 elementor-top-column elementor-element elementor-element-db2f563\" data-id=\"db2f563\" data-element_type=\"column\" data-e-type=\"column\">\n\t\t\t<div class=\"elementor-widget-wrap elementor-element-populated\">\n\t\t\t\t\t\t<div class=\"elementor-element elementor-element-c55c9c2 elementor-widget elementor-widget-image\" data-id=\"c55c9c2\" data-element_type=\"widget\" data-e-type=\"widget\" data-widget_type=\"image.default\">\n\t\t\t\t<div class=\"elementor-widget-container\">\n\t\t\t\t\t\t\t\t\t\t\t\t\t\t\t<img decoding=\"async\" width=\"600\" height=\"423\" src=\"https:\/\/recarprofi.cz\/wp-content\/uploads\/2022\/03\/baoli-kbe15-1.jpg\" class=\"attachment-large size-large wp-image-24347\" alt=\"\" srcset=\"https:\/\/recarprofi.cz\/wp-content\/uploads\/2022\/03\/baoli-kbe15-1.jpg 600w, https:\/\/recarprofi.cz\/wp-content\/uploads\/2022\/03\/baoli-kbe15-1-420x296.jpg 420w, https:\/\/recarprofi.cz\/wp-content\/uploads\/2022\/03\/baoli-kbe15-1-85x60.jpg 85w\" sizes=\"(max-width: 600px) 100vw, 600px\" \/>\t\t\t\t\t\t\t\t\t\t\t\t\t\t\t<\/div>\n\t\t\t\t<\/div>\n\t\t\t\t\t<\/div>\n\t\t<\/div>\n\t\t\t\t\t<\/div>\n\t\t<\/section>\n\t\t\t\t<section class=\"elementor-section elementor-top-section elementor-element elementor-element-b11144f elementor-section-boxed elementor-section-height-default elementor-section-height-default\" data-id=\"b11144f\" data-element_type=\"section\" data-e-type=\"section\">\n\t\t\t\t\t\t<div class=\"elementor-container elementor-column-gap-default\">\n\t\t\t\t\t<div class=\"elementor-column elementor-col-100 elementor-top-column elementor-element elementor-element-f2f6b8f\" data-id=\"f2f6b8f\" data-element_type=\"column\" data-e-type=\"column\">\n\t\t\t<div class=\"elementor-widget-wrap elementor-element-populated\">\n\t\t\t\t\t\t<div class=\"elementor-element elementor-element-f8a72d7 elementor-widget elementor-widget-text-editor\" data-id=\"f8a72d7\" data-element_type=\"widget\" data-e-type=\"widget\" data-widget_type=\"text-editor.default\">\n\t\t\t\t<div class=\"elementor-widget-container\">\n\t\t\t\t\t\t\t\t\t<p><strong><span>Technologie a pohodl\u00ed<\/span><\/strong><\/p><ul><li><span>Nap\u00e1jec\u00ed nap\u011bt\u00ed: 48 Volt<\/span><\/li><li><span>Technologie vyvinut\u00e1 spole\u010dnost\u00ed Baoli s vyu\u017eit\u00edm technologi\u00ed KION Group<\/span><\/li><li><span>Elektronika: AC technologie pro trakci i zdvih<\/span><\/li><li><span>Sn\u00edma\u010d \u0159\u00edzen\u00ed a automatick\u00e9 sni\u017eov\u00e1n\u00ed rychlosti v zat\u00e1\u010dk\u00e1ch<\/span><\/li><li><span>Regenera\u010dn\u00ed brzd\u011bn\u00ed<\/span><\/li><li><span>Mo\u017enost definov\u00e1n\u00ed r\u016fzn\u00fdch v\u00fdkonnostn\u00edch \u00farovn\u00ed vysokozdvi\u017en\u00e9ho voz\u00edku na displeji<\/span><\/li><li><span>Standardn\u00ed op\u011brka pro z\u00e1t\u011b\u017e<\/span><\/li><\/ul>\t\t\t\t\t\t\t\t<\/div>\n\t\t\t\t<\/div>\n\t\t\t\t\t<\/div>\n\t\t<\/div>\n\t\t\t\t\t<\/div>\n\t\t<\/section>\n\t\t\t\t<section class=\"elementor-section elementor-top-section elementor-element elementor-element-9c4e692 elementor-section-boxed elementor-section-height-default elementor-section-height-default\" data-id=\"9c4e692\" data-element_type=\"section\" data-e-type=\"section\">\n\t\t\t\t\t\t<div class=\"elementor-container elementor-column-gap-default\">\n\t\t\t\t\t<div class=\"elementor-column elementor-col-100 elementor-top-column elementor-element elementor-element-482b0a4\" data-id=\"482b0a4\" data-element_type=\"column\" data-e-type=\"column\">\n\t\t\t<div class=\"elementor-widget-wrap elementor-element-populated\">\n\t\t\t\t\t\t<div class=\"elementor-element elementor-element-4aa82d3 elementor-widget elementor-widget-image\" data-id=\"4aa82d3\" data-element_type=\"widget\" data-e-type=\"widget\" data-widget_type=\"image.default\">\n\t\t\t\t<div class=\"elementor-widget-container\">\n\t\t\t\t\t\t\t\t\t\t\t\t\t\t\t<img decoding=\"async\" width=\"847\" height=\"747\" src=\"https:\/\/recarprofi.cz\/wp-content\/uploads\/2022\/03\/baoli-KBE_20-25N_3-1200x1058.png\" class=\"attachment-large size-large wp-image-24349\" alt=\"\" srcset=\"https:\/\/recarprofi.cz\/wp-content\/uploads\/2022\/03\/baoli-KBE_20-25N_3-1200x1058.png 1200w, https:\/\/recarprofi.cz\/wp-content\/uploads\/2022\/03\/baoli-KBE_20-25N_3-600x529.png 600w, https:\/\/recarprofi.cz\/wp-content\/uploads\/2022\/03\/baoli-KBE_20-25N_3-744x656.png 744w, https:\/\/recarprofi.cz\/wp-content\/uploads\/2022\/03\/baoli-KBE_20-25N_3-420x370.png 420w, https:\/\/recarprofi.cz\/wp-content\/uploads\/2022\/03\/baoli-KBE_20-25N_3-768x677.png 768w, https:\/\/recarprofi.cz\/wp-content\/uploads\/2022\/03\/baoli-KBE_20-25N_3-1536x1355.png 1536w, https:\/\/recarprofi.cz\/wp-content\/uploads\/2022\/03\/baoli-KBE_20-25N_3-2048x1806.png 2048w, https:\/\/recarprofi.cz\/wp-content\/uploads\/2022\/03\/baoli-KBE_20-25N_3-68x60.png 68w\" sizes=\"(max-width: 847px) 100vw, 847px\" \/>\t\t\t\t\t\t\t\t\t\t\t\t\t\t\t<\/div>\n\t\t\t\t<\/div>\n\t\t\t\t\t<\/div>\n\t\t<\/div>\n\t\t\t\t\t<\/div>\n\t\t<\/section>\n\t\t\t\t<section class=\"elementor-section elementor-top-section elementor-element elementor-element-e97a819 elementor-section-boxed elementor-section-height-default elementor-section-height-default\" data-id=\"e97a819\" data-element_type=\"section\" data-e-type=\"section\">\n\t\t\t\t\t\t<div class=\"elementor-container elementor-column-gap-default\">\n\t\t\t\t\t<div class=\"elementor-column elementor-col-100 elementor-top-column elementor-element elementor-element-a1867ab\" data-id=\"a1867ab\" data-element_type=\"column\" data-e-type=\"column\">\n\t\t\t<div class=\"elementor-widget-wrap elementor-element-populated\">\n\t\t\t\t\t\t<div class=\"elementor-element elementor-element-2119a8d elementor-widget elementor-widget-text-editor\" data-id=\"2119a8d\" data-element_type=\"widget\" data-e-type=\"widget\" data-widget_type=\"text-editor.default\">\n\t\t\t\t<div class=\"elementor-widget-container\">\n\t\t\t\t\t\t\t\t\t<p><strong><span>Ergonomie<\/span><\/strong><\/p><ul><li><span>V\u00fdborn\u00e1 viditelnost ve v\u0161ech sm\u011brech j\u00edzdy<\/span><\/li><li><span>Extr\u00e9mn\u011b robustn\u00ed kabina \u0159idi\u010de poskytuj\u00edc\u00ed vynikaj\u00edc\u00ed v\u00fdhled<\/span><\/li><li><span>Elektronick\u00fd voli\u010d sm\u011bru j\u00edzdy<\/span><\/li><li><span>Digit\u00e1ln\u00ed displej s indikac\u00ed v\u0161ech hlavn\u00edch funkc\u00ed vysokozdvi\u017en\u00e9ho voz\u00edku<\/span><\/li><\/ul>\t\t\t\t\t\t\t\t<\/div>\n\t\t\t\t<\/div>\n\t\t\t\t\t<\/div>\n\t\t<\/div>\n\t\t\t\t\t<\/div>\n\t\t<\/section>\n\t\t\t\t<section class=\"elementor-section elementor-top-section elementor-element elementor-element-b70e1bd elementor-section-boxed elementor-section-height-default elementor-section-height-default\" data-id=\"b70e1bd\" data-element_type=\"section\" data-e-type=\"section\">\n\t\t\t\t\t\t<div class=\"elementor-container elementor-column-gap-default\">\n\t\t\t\t\t<div class=\"elementor-column elementor-col-100 elementor-top-column elementor-element elementor-element-5b2194a\" data-id=\"5b2194a\" data-element_type=\"column\" data-e-type=\"column\">\n\t\t\t<div class=\"elementor-widget-wrap elementor-element-populated\">\n\t\t\t\t\t\t<div class=\"elementor-element elementor-element-819692d elementor-widget elementor-widget-image\" data-id=\"819692d\" data-element_type=\"widget\" data-e-type=\"widget\" data-widget_type=\"image.default\">\n\t\t\t\t<div class=\"elementor-widget-container\">\n\t\t\t\t\t\t\t\t\t\t\t\t\t\t\t<img loading=\"lazy\" decoding=\"async\" width=\"800\" height=\"640\" src=\"https:\/\/recarprofi.cz\/wp-content\/uploads\/2022\/04\/baoli-kbe181.jpg\" class=\"attachment-large size-large wp-image-24372\" alt=\"\" srcset=\"https:\/\/recarprofi.cz\/wp-content\/uploads\/2022\/04\/baoli-kbe181.jpg 800w, https:\/\/recarprofi.cz\/wp-content\/uploads\/2022\/04\/baoli-kbe181-600x480.jpg 600w, https:\/\/recarprofi.cz\/wp-content\/uploads\/2022\/04\/baoli-kbe181-744x595.jpg 744w, https:\/\/recarprofi.cz\/wp-content\/uploads\/2022\/04\/baoli-kbe181-420x336.jpg 420w, https:\/\/recarprofi.cz\/wp-content\/uploads\/2022\/04\/baoli-kbe181-768x614.jpg 768w, https:\/\/recarprofi.cz\/wp-content\/uploads\/2022\/04\/baoli-kbe181-75x60.jpg 75w\" sizes=\"(max-width: 800px) 100vw, 800px\" \/>\t\t\t\t\t\t\t\t\t\t\t\t\t\t\t<\/div>\n\t\t\t\t<\/div>\n\t\t\t\t\t<\/div>\n\t\t<\/div>\n\t\t\t\t\t<\/div>\n\t\t<\/section>\n\t\t\t\t<section class=\"elementor-section elementor-top-section elementor-element elementor-element-49ce5f6 elementor-section-boxed elementor-section-height-default elementor-section-height-default\" data-id=\"49ce5f6\" data-element_type=\"section\" data-e-type=\"section\">\n\t\t\t\t\t\t<div class=\"elementor-container elementor-column-gap-default\">\n\t\t\t\t\t<div class=\"elementor-column elementor-col-100 elementor-top-column elementor-element elementor-element-7f0dbf2\" data-id=\"7f0dbf2\" data-element_type=\"column\" data-e-type=\"column\">\n\t\t\t<div class=\"elementor-widget-wrap elementor-element-populated\">\n\t\t\t\t\t\t<div class=\"elementor-element elementor-element-33a3e40 elementor-widget elementor-widget-text-editor\" data-id=\"33a3e40\" data-element_type=\"widget\" data-e-type=\"widget\" data-widget_type=\"text-editor.default\">\n\t\t\t\t<div class=\"elementor-widget-container\">\n\t\t\t\t\t\t\t\t\t<p><strong>Technick\u00e9 parametry:<\/strong><\/p><ul><li>V\u00fdrobce KION BAOLI\u00a0<\/li><li>Typov\u00e9 ozna\u010den\u00ed v\u00fdrobce KBE 15<\/li><li>\u00a0Pohon: elektrick\u00fd<\/li><li>Typ dle obsluhy: se sed\u00edc\u00ed obsluhou<\/li><li>Jmenovit\u00e1 nosnost\u00a0 (t) 1.5<\/li><li>\u00a0Vylo\u017een\u00ed t\u011b\u017ei\u0161t\u011b b\u0159emene (mm) 500<\/li><li>\u00a0Rozvor n\u00e1prav y (mm) 1250<\/li><li>\u00a0Vlastn\u00ed hmotnost Kg 3060\u00a0<\/li><li>Pneu: superelastick\u00e9 (SE)<\/li><li>Rozm\u011br pneu, p\u0159edn\u00ed 6.50-10<\/li><li>Rozm\u011br pneu, zadn\u00ed 5.00-8<\/li><li>V\u00fd\u0161ka nad ochrann\u00fdm r\u00e1mem (kabinou) h6 (mm) 2199\u00a0<\/li><li>D\u00e9lka voz\u00edku l2 (mm) 2040<\/li><li>Celkov\u00e1 \u0161\u00ed\u0159ka (mm) 1090<\/li><li>Polom\u011br ot\u00e1\u010den\u00ed (mm) 1894<\/li><li>\u00a0Rychlost j\u00edzdy km\/h 15<\/li><li>\u00a0Maxim\u00e1ln\u00ed stoupavost\u00a0 % 15<\/li><li>Provozn\u00ed brzda elektromechanick\u00e1<\/li><li>V\u00fdkon pojezdov\u00e9ho motoru kW 8<\/li><li>\u00a0V\u00fdkon zdvihov\u00e9ho motoru kW 10<\/li><li>\u00a0Nap\u011bt\u00ed baterie V 48<\/li><li>Hmotnost baterie kg 680~820<\/li><li>Hladina hluku v m\u00edst\u011b obsluhy dB\u00a0 \u226475\u00a0<\/li><\/ul>\t\t\t\t\t\t\t\t<\/div>\n\t\t\t\t<\/div>\n\t\t\t\t\t<\/div>\n\t\t<\/div>\n\t\t\t\t\t<\/div>\n\t\t<\/section>\n\t\t\t\t<section class=\"elementor-section elementor-top-section elementor-element elementor-element-3b11c07 elementor-section-boxed elementor-section-height-default elementor-section-height-default\" data-id=\"3b11c07\" data-element_type=\"section\" data-e-type=\"section\">\n\t\t\t\t\t\t<div class=\"elementor-container elementor-column-gap-default\">\n\t\t\t\t\t<div class=\"elementor-column elementor-col-100 elementor-top-column elementor-element elementor-element-4115024\" data-id=\"4115024\" data-element_type=\"column\" data-e-type=\"column\">\n\t\t\t<div class=\"elementor-widget-wrap elementor-element-populated\">\n\t\t\t\t\t\t<div class=\"elementor-element elementor-element-9d71b9c elementor-widget elementor-widget-text-editor\" data-id=\"9d71b9c\" data-element_type=\"widget\" data-e-type=\"widget\" data-widget_type=\"text-editor.default\">\n\t\t\t\t<div class=\"elementor-widget-container\">\n\t\t\t\t\t\t\t\t\t<p><strong>Popt\u00e1vka:<\/strong><\/p><p>\n<div class=\"wpcf7 no-js\" id=\"wpcf7-f19912-o1\" lang=\"cs-CZ\" dir=\"ltr\" data-wpcf7-id=\"19912\">\n<div class=\"screen-reader-response\"><p role=\"status\" aria-live=\"polite\" aria-atomic=\"true\"><\/p> <ul><\/ul><\/div>\n<form action=\"\/uvod\/wp-json\/wp\/v2\/pages\/24345#wpcf7-f19912-o1\" method=\"post\" class=\"wpcf7-form init\" aria-label=\"Kontaktn\u00ed formul\u00e1\u0159\" novalidate=\"novalidate\" data-status=\"init\">\n<fieldset class=\"hidden-fields-container\"><input type=\"hidden\" name=\"_wpcf7\" value=\"19912\" \/><input type=\"hidden\" name=\"_wpcf7_version\" value=\"6.1.5\" \/><input type=\"hidden\" name=\"_wpcf7_locale\" value=\"cs_CZ\" \/><input type=\"hidden\" name=\"_wpcf7_unit_tag\" value=\"wpcf7-f19912-o1\" \/><input type=\"hidden\" name=\"_wpcf7_container_post\" value=\"0\" \/><input type=\"hidden\" name=\"_wpcf7_posted_data_hash\" value=\"\" \/>\n<\/fieldset>\n<p><label> Va\u0161e jm\u00e9no (vy\u017eadov\u00e1no)<br \/>\n<span class=\"wpcf7-form-control-wrap\" data-name=\"your-name\"><input size=\"40\" maxlength=\"400\" class=\"wpcf7-form-control wpcf7-text wpcf7-validates-as-required\" aria-required=\"true\" aria-invalid=\"false\" value=\"\" type=\"text\" name=\"your-name\" \/><\/span> <\/label>\n<\/p>\n<p><label> V\u00e1\u0161 e-mail (vy\u017eadov\u00e1no)<br \/>\n<span class=\"wpcf7-form-control-wrap\" data-name=\"your-email\"><input size=\"40\" maxlength=\"400\" class=\"wpcf7-form-control wpcf7-email wpcf7-validates-as-required wpcf7-text wpcf7-validates-as-email\" aria-required=\"true\" aria-invalid=\"false\" value=\"\" type=\"email\" name=\"your-email\" \/><\/span> <\/label>\n<\/p>\n<p><label> P\u0159edm\u011bt<br \/>\n<span class=\"wpcf7-form-control-wrap\" data-name=\"your-subject\"><input size=\"40\" maxlength=\"400\" class=\"wpcf7-form-control wpcf7-text\" aria-invalid=\"false\" value=\"\" type=\"text\" name=\"your-subject\" \/><\/span> <\/label>\n<\/p>\n<p><label> Va\u0161e zpr\u00e1va<br \/>\n<span class=\"wpcf7-form-control-wrap\" data-name=\"your-message\"><textarea cols=\"40\" rows=\"10\" maxlength=\"2000\" class=\"wpcf7-form-control wpcf7-textarea\" aria-invalid=\"false\" name=\"your-message\"><\/textarea><\/span> <\/label>\n<\/p>\n<p><input class=\"wpcf7-form-control wpcf7-submit has-spinner\" type=\"submit\" value=\"Odeslat\" \/>\n<\/p><p style=\"display: none !important;\" class=\"akismet-fields-container\" data-prefix=\"_wpcf7_ak_\"><label>&#916;<textarea name=\"_wpcf7_ak_hp_textarea\" cols=\"45\" rows=\"8\" maxlength=\"100\"><\/textarea><\/label><input type=\"hidden\" id=\"ak_js_1\" name=\"_wpcf7_ak_js\" value=\"61\"\/><script type=\"text\/javascript\">\n\/* <![CDATA[ *\/\ndocument.getElementById( \"ak_js_1\" ).setAttribute( \"value\", ( new Date() ).getTime() );\n\/* ]]> *\/\n<\/script>\n<\/p><div class=\"wpcf7-response-output\" aria-hidden=\"true\"><\/div>\n<\/form>\n<\/div>\n<\/p>\t\t\t\t\t\t\t\t<\/div>\n\t\t\t\t<\/div>\n\t\t\t\t\t<\/div>\n\t\t<\/div>\n\t\t\t\t\t<\/div>\n\t\t<\/section>\n\t\t\t\t<\/div>\n\t\t","protected":false},"excerpt":{"rendered":"<p>Vstup do eshopu Vysokozdvi\u017en\u00e9 voz\u00edky \u0159ady KBE zaru\u010duj\u00ed vynikaj\u00edc\u00ed v\u00fdhled ve v\u0161ech sm\u011brech j\u00edzdy. Nav\u00edc jsou vybaveny n\u00edzk\u00fdm sedadlem \u0159idi\u010de poskytuj\u00edc\u00ed extr\u00e9mn\u011b vysok\u00fd komfort \u0159idi\u010d\u016fm, kte\u0159\u00ed jsou z provozn\u00edch d\u016fvod\u016f nuceni \u010dasto vystupovat a nastupovat&hellip;<\/p>\n","protected":false},"author":1,"featured_media":24290,"parent":24289,"menu_order":4,"comment_status":"closed","ping_status":"closed","template":"","meta":{"footnotes":""},"class_list":["post-24345","page","type-page","status-publish","has-post-thumbnail","hentry"],"_links":{"self":[{"href":"https:\/\/recarprofi.cz\/uvod\/wp-json\/wp\/v2\/pages\/24345","targetHints":{"allow":["GET"]}}],"collection":[{"href":"https:\/\/recarprofi.cz\/uvod\/wp-json\/wp\/v2\/pages"}],"about":[{"href":"https:\/\/recarprofi.cz\/uvod\/wp-json\/wp\/v2\/types\/page"}],"author":[{"embeddable":true,"href":"https:\/\/recarprofi.cz\/uvod\/wp-json\/wp\/v2\/users\/1"}],"replies":[{"embeddable":true,"href":"https:\/\/recarprofi.cz\/uvod\/wp-json\/wp\/v2\/comments?post=24345"}],"version-history":[{"count":18,"href":"https:\/\/recarprofi.cz\/uvod\/wp-json\/wp\/v2\/pages\/24345\/revisions"}],"predecessor-version":[{"id":28622,"href":"https:\/\/recarprofi.cz\/uvod\/wp-json\/wp\/v2\/pages\/24345\/revisions\/28622"}],"up":[{"embeddable":true,"href":"https:\/\/recarprofi.cz\/uvod\/wp-json\/wp\/v2\/pages\/24289"}],"wp:featuredmedia":[{"embeddable":true,"href":"https:\/\/recarprofi.cz\/uvod\/wp-json\/wp\/v2\/media\/24290"}],"wp:attachment":[{"href":"https:\/\/recarprofi.cz\/uvod\/wp-json\/wp\/v2\/media?parent=24345"}],"curies":[{"name":"wp","href":"https:\/\/api.w.org\/{rel}","templated":true}]}}