{"id":24394,"date":"2022-04-26T13:08:21","date_gmt":"2022-04-26T11:08:21","guid":{"rendered":"https:\/\/recarprofi.cz\/uvod\/?page_id=24394"},"modified":"2024-04-09T12:20:10","modified_gmt":"2024-04-09T10:20:10","slug":"kbe-18-li","status":"publish","type":"page","link":"https:\/\/recarprofi.cz\/uvod\/manipulacni-technika\/vysokozdvizne-voziky-baoli\/elektricke\/kbe-18-li\/","title":{"rendered":"Elektrick\u00e9 vysokozdvi\u017en\u00e9 voz\u00edky Baoli KBE-18Li"},"content":{"rendered":"\t\t<div data-elementor-type=\"wp-page\" data-elementor-id=\"24394\" class=\"elementor elementor-24394\">\n\t\t\t\t\t\t<section class=\"elementor-section elementor-top-section elementor-element elementor-element-a663bfe elementor-section-boxed elementor-section-height-default elementor-section-height-default\" data-id=\"a663bfe\" data-element_type=\"section\" data-e-type=\"section\">\n\t\t\t\t\t\t<div class=\"elementor-container elementor-column-gap-default\">\n\t\t\t\t\t<div class=\"elementor-column elementor-col-100 elementor-top-column elementor-element elementor-element-42b9385\" data-id=\"42b9385\" data-element_type=\"column\" data-e-type=\"column\">\n\t\t\t<div class=\"elementor-widget-wrap elementor-element-populated\">\n\t\t\t\t\t\t<div class=\"elementor-element elementor-element-6c52c71 elementor-widget elementor-widget-image\" data-id=\"6c52c71\" data-element_type=\"widget\" data-e-type=\"widget\" data-widget_type=\"image.default\">\n\t\t\t\t<div class=\"elementor-widget-container\">\n\t\t\t\t\t\t\t\t\t\t\t\t\t\t\t<img fetchpriority=\"high\" decoding=\"async\" width=\"847\" height=\"618\" src=\"https:\/\/recarprofi.cz\/wp-content\/uploads\/2024\/01\/baoli-kbe20li3-1200x875.jpg\" class=\"attachment-large size-large wp-image-27731\" alt=\"\" srcset=\"https:\/\/recarprofi.cz\/wp-content\/uploads\/2024\/01\/baoli-kbe20li3-1200x875.jpg 1200w, https:\/\/recarprofi.cz\/wp-content\/uploads\/2024\/01\/baoli-kbe20li3-744x542.jpg 744w, https:\/\/recarprofi.cz\/wp-content\/uploads\/2024\/01\/baoli-kbe20li3-420x306.jpg 420w, https:\/\/recarprofi.cz\/wp-content\/uploads\/2024\/01\/baoli-kbe20li3-768x560.jpg 768w, https:\/\/recarprofi.cz\/wp-content\/uploads\/2024\/01\/baoli-kbe20li3-1536x1120.jpg 1536w, https:\/\/recarprofi.cz\/wp-content\/uploads\/2024\/01\/baoli-kbe20li3-2048x1493.jpg 2048w, https:\/\/recarprofi.cz\/wp-content\/uploads\/2024\/01\/baoli-kbe20li3-1024x746.jpg 1024w, https:\/\/recarprofi.cz\/wp-content\/uploads\/2024\/01\/baoli-kbe20li3-1482x1080.jpg 1482w, https:\/\/recarprofi.cz\/wp-content\/uploads\/2024\/01\/baoli-kbe20li3-600x437.jpg 600w\" sizes=\"(max-width: 847px) 100vw, 847px\" \/>\t\t\t\t\t\t\t\t\t\t\t\t\t\t\t<\/div>\n\t\t\t\t<\/div>\n\t\t\t\t\t<\/div>\n\t\t<\/div>\n\t\t\t\t\t<\/div>\n\t\t<\/section>\n\t\t\t\t<section class=\"elementor-section elementor-top-section elementor-element elementor-element-459681f elementor-section-boxed elementor-section-height-default elementor-section-height-default\" data-id=\"459681f\" data-element_type=\"section\" data-e-type=\"section\">\n\t\t\t\t\t\t<div class=\"elementor-container elementor-column-gap-default\">\n\t\t\t\t\t<div class=\"elementor-column elementor-col-100 elementor-top-column elementor-element elementor-element-8a85028\" data-id=\"8a85028\" data-element_type=\"column\" data-e-type=\"column\">\n\t\t\t<div class=\"elementor-widget-wrap elementor-element-populated\">\n\t\t\t\t\t\t<div class=\"elementor-element elementor-element-5725f07 elementor-widget elementor-widget-button\" data-id=\"5725f07\" data-element_type=\"widget\" data-e-type=\"widget\" data-widget_type=\"button.default\">\n\t\t\t\t<div class=\"elementor-widget-container\">\n\t\t\t\t\t\t\t\t\t<div class=\"elementor-button-wrapper\">\n\t\t\t\t\t<a class=\"elementor-button elementor-button-link elementor-size-sm\" href=\"https:\/\/recarprofi.cz\/uvod\/kategorie-produktu\/vysokozdvizne-voziky-elektricke\/\">\n\t\t\t\t\t\t<span class=\"elementor-button-content-wrapper\">\n\t\t\t\t\t\t\t\t\t<span class=\"elementor-button-text\">Vstup do eshopu<\/span>\n\t\t\t\t\t<\/span>\n\t\t\t\t\t<\/a>\n\t\t\t\t<\/div>\n\t\t\t\t\t\t\t\t<\/div>\n\t\t\t\t<\/div>\n\t\t\t\t<div class=\"elementor-element elementor-element-8968368 elementor-widget elementor-widget-text-editor\" data-id=\"8968368\" data-element_type=\"widget\" data-e-type=\"widget\" data-widget_type=\"text-editor.default\">\n\t\t\t\t<div class=\"elementor-widget-container\">\n\t\t\t\t\t\t\t\t\t<p><span>KBE 18Li s nosnost\u00ed 1,8 tuny a maxim\u00e1ln\u00ed v\u00fd\u0161kou zdvihu 6,5 metru jsou d\u00edky nulov\u00fdm emis\u00edm a n\u00edzk\u00e9 hladin\u011b hluku ide\u00e1ln\u00ed pro logistiku a pr\u016fmysl, zejm\u00e9na ve vnit\u0159n\u00edch prostor\u00e1ch. Tyto voz\u00edky vynikaj\u00ed v lehk\u00fdch a\u017e st\u0159edn\u011b t\u011b\u017ek\u00fdch provozech a vyzna\u010duj\u00ed se kompaktn\u00edm designem pro snadnou manipulaci v \u00fazk\u00fdch prostor\u00e1ch.<\/span><\/p><p><span>Jsou vybaveny <strong>lithium-iontov\u00fdmi<\/strong> bateriemi, kter\u00e9 nab\u00edzej\u00ed \u010detn\u00e9 v\u00fdhody; umo\u017e\u0148uj\u00ed kr\u00e1tk\u00e9 provizorn\u00ed nab\u00edjen\u00ed, zaji\u0161\u0165uj\u00edc\u00ed zv\u00fd\u0161enou dostupnost voz\u00edku, jsou prakticky bez\u00fadr\u017ebov\u00e9 a eliminuj\u00ed riziko nebezpe\u010dn\u00fdch plyn\u016f p\u0159i nab\u00edjen\u00ed.<\/span><\/p>\t\t\t\t\t\t\t\t<\/div>\n\t\t\t\t<\/div>\n\t\t\t\t\t<\/div>\n\t\t<\/div>\n\t\t\t\t\t<\/div>\n\t\t<\/section>\n\t\t\t\t<section class=\"elementor-section elementor-top-section elementor-element elementor-element-6d2ee98 elementor-section-boxed elementor-section-height-default elementor-section-height-default\" data-id=\"6d2ee98\" data-element_type=\"section\" data-e-type=\"section\">\n\t\t\t\t\t\t<div class=\"elementor-container elementor-column-gap-default\">\n\t\t\t\t\t<div class=\"elementor-column elementor-col-100 elementor-top-column elementor-element elementor-element-4e6de20\" data-id=\"4e6de20\" data-element_type=\"column\" data-e-type=\"column\">\n\t\t\t<div class=\"elementor-widget-wrap elementor-element-populated\">\n\t\t\t\t\t\t<div class=\"elementor-element elementor-element-c410cfc elementor-widget elementor-widget-image\" data-id=\"c410cfc\" data-element_type=\"widget\" data-e-type=\"widget\" data-widget_type=\"image.default\">\n\t\t\t\t<div class=\"elementor-widget-container\">\n\t\t\t\t\t\t\t\t\t\t\t\t\t\t\t<img decoding=\"async\" width=\"847\" height=\"635\" src=\"https:\/\/recarprofi.cz\/wp-content\/uploads\/2024\/01\/baoli-kbe20li1-1200x900.jpg\" class=\"attachment-large size-large wp-image-27738\" alt=\"\" srcset=\"https:\/\/recarprofi.cz\/wp-content\/uploads\/2024\/01\/baoli-kbe20li1-1200x900.jpg 1200w, https:\/\/recarprofi.cz\/wp-content\/uploads\/2024\/01\/baoli-kbe20li1-744x558.jpg 744w, https:\/\/recarprofi.cz\/wp-content\/uploads\/2024\/01\/baoli-kbe20li1-420x315.jpg 420w, https:\/\/recarprofi.cz\/wp-content\/uploads\/2024\/01\/baoli-kbe20li1-768x576.jpg 768w, https:\/\/recarprofi.cz\/wp-content\/uploads\/2024\/01\/baoli-kbe20li1-1536x1152.jpg 1536w, https:\/\/recarprofi.cz\/wp-content\/uploads\/2024\/01\/baoli-kbe20li1-2048x1536.jpg 2048w, https:\/\/recarprofi.cz\/wp-content\/uploads\/2024\/01\/baoli-kbe20li1-1024x768.jpg 1024w, https:\/\/recarprofi.cz\/wp-content\/uploads\/2024\/01\/baoli-kbe20li1-1440x1080.jpg 1440w, https:\/\/recarprofi.cz\/wp-content\/uploads\/2024\/01\/baoli-kbe20li1-600x450.jpg 600w\" sizes=\"(max-width: 847px) 100vw, 847px\" \/>\t\t\t\t\t\t\t\t\t\t\t\t\t\t\t<\/div>\n\t\t\t\t<\/div>\n\t\t\t\t\t<\/div>\n\t\t<\/div>\n\t\t\t\t\t<\/div>\n\t\t<\/section>\n\t\t\t\t<section class=\"elementor-section elementor-top-section elementor-element elementor-element-3ee8bff elementor-section-boxed elementor-section-height-default elementor-section-height-default\" data-id=\"3ee8bff\" data-element_type=\"section\" data-e-type=\"section\">\n\t\t\t\t\t\t<div class=\"elementor-container elementor-column-gap-default\">\n\t\t\t\t\t<div class=\"elementor-column elementor-col-100 elementor-top-column elementor-element elementor-element-af41361\" data-id=\"af41361\" data-element_type=\"column\" data-e-type=\"column\">\n\t\t\t<div class=\"elementor-widget-wrap elementor-element-populated\">\n\t\t\t\t\t\t<div class=\"elementor-element elementor-element-966b423 elementor-widget elementor-widget-text-editor\" data-id=\"966b423\" data-element_type=\"widget\" data-e-type=\"widget\" data-widget_type=\"text-editor.default\">\n\t\t\t\t<div class=\"elementor-widget-container\">\n\t\t\t\t\t\t\t\t\t<p><span>Motory s technologi\u00ed AC zaji\u0161\u0165uj\u00ed bez\u00fadr\u017ebov\u00fd provoz.<\/span><\/p><p><span>D\u00edky v\u00fdkonn\u011bj\u0161\u00edm motor\u016fm dosahuje KBE 18Li vy\u0161\u0161\u00edch pojezdov\u00fdch rychlost\u00ed a snadno p\u0159ekon\u00e1v\u00e1 strm\u011bj\u0161\u00ed n\u00e1jezdy.<\/span><\/p><p><span>Krom\u011b toho, nab\u00edz\u00ed pozoruhodn\u00e9 zlep\u0161en\u00ed spot\u0159eby energie ve srovn\u00e1n\u00ed s p\u0159edchoz\u00edmi modely, co\u017e tak\u00e9 ukazuje z\u00e1vazek k udr\u017eitelnosti.<\/span><\/p><p><span>Voz\u00edky jsou vybaveny mokr\u00fdmi brzdami, kter\u00e9 nab\u00edzej\u00ed hlavn\u00ed v\u00fdhodu v\u00fdrazn\u011b ni\u017e\u0161\u00edch n\u00e1rok\u016f na \u00fadr\u017ebu ve srovn\u00e1n\u00ed s voz\u00edky s bubnov\u00fdmi brzdami.<\/span><\/p><p><span>Kabina byla navr\u017eena s d\u016frazem na bezpe\u010dnost a pohodl\u00ed.<\/span><\/p>\t\t\t\t\t\t\t\t<\/div>\n\t\t\t\t<\/div>\n\t\t\t\t\t<\/div>\n\t\t<\/div>\n\t\t\t\t\t<\/div>\n\t\t<\/section>\n\t\t\t\t<section class=\"elementor-section elementor-top-section elementor-element elementor-element-5fa5edd elementor-section-boxed elementor-section-height-default elementor-section-height-default\" data-id=\"5fa5edd\" data-element_type=\"section\" data-e-type=\"section\">\n\t\t\t\t\t\t<div class=\"elementor-container elementor-column-gap-default\">\n\t\t\t\t\t<div class=\"elementor-column elementor-col-100 elementor-top-column elementor-element elementor-element-089ab58\" data-id=\"089ab58\" data-element_type=\"column\" data-e-type=\"column\">\n\t\t\t<div class=\"elementor-widget-wrap elementor-element-populated\">\n\t\t\t\t\t\t<div class=\"elementor-element elementor-element-ffdace1 elementor-widget elementor-widget-image\" data-id=\"ffdace1\" data-element_type=\"widget\" data-e-type=\"widget\" data-widget_type=\"image.default\">\n\t\t\t\t<div class=\"elementor-widget-container\">\n\t\t\t\t\t\t\t\t\t\t\t\t\t\t\t<img decoding=\"async\" width=\"847\" height=\"635\" src=\"https:\/\/recarprofi.cz\/wp-content\/uploads\/2024\/01\/baoli-kbe20li-1200x900.jpg\" class=\"attachment-large size-large wp-image-27730\" alt=\"\" srcset=\"https:\/\/recarprofi.cz\/wp-content\/uploads\/2024\/01\/baoli-kbe20li-1200x900.jpg 1200w, https:\/\/recarprofi.cz\/wp-content\/uploads\/2024\/01\/baoli-kbe20li-744x558.jpg 744w, https:\/\/recarprofi.cz\/wp-content\/uploads\/2024\/01\/baoli-kbe20li-420x315.jpg 420w, https:\/\/recarprofi.cz\/wp-content\/uploads\/2024\/01\/baoli-kbe20li-768x576.jpg 768w, https:\/\/recarprofi.cz\/wp-content\/uploads\/2024\/01\/baoli-kbe20li-1536x1152.jpg 1536w, https:\/\/recarprofi.cz\/wp-content\/uploads\/2024\/01\/baoli-kbe20li-2048x1536.jpg 2048w, https:\/\/recarprofi.cz\/wp-content\/uploads\/2024\/01\/baoli-kbe20li-1024x768.jpg 1024w, https:\/\/recarprofi.cz\/wp-content\/uploads\/2024\/01\/baoli-kbe20li-1440x1080.jpg 1440w, https:\/\/recarprofi.cz\/wp-content\/uploads\/2024\/01\/baoli-kbe20li-600x450.jpg 600w\" sizes=\"(max-width: 847px) 100vw, 847px\" \/>\t\t\t\t\t\t\t\t\t\t\t\t\t\t\t<\/div>\n\t\t\t\t<\/div>\n\t\t\t\t\t<\/div>\n\t\t<\/div>\n\t\t\t\t\t<\/div>\n\t\t<\/section>\n\t\t\t\t<section class=\"elementor-section elementor-top-section elementor-element elementor-element-1931696 elementor-section-boxed elementor-section-height-default elementor-section-height-default\" data-id=\"1931696\" data-element_type=\"section\" data-e-type=\"section\">\n\t\t\t\t\t\t<div class=\"elementor-container elementor-column-gap-default\">\n\t\t\t\t\t<div class=\"elementor-column elementor-col-100 elementor-top-column elementor-element elementor-element-7ed2b70\" data-id=\"7ed2b70\" data-element_type=\"column\" data-e-type=\"column\">\n\t\t\t<div class=\"elementor-widget-wrap elementor-element-populated\">\n\t\t\t\t\t\t<div class=\"elementor-element elementor-element-d3ae4bf elementor-widget elementor-widget-text-editor\" data-id=\"d3ae4bf\" data-element_type=\"widget\" data-e-type=\"widget\" data-widget_type=\"text-editor.default\">\n\t\t\t\t<div class=\"elementor-widget-container\">\n\t\t\t\t\t\t\t\t\t<p><span>Voz\u00edky jsou standardn\u011b vybaveny parkovac\u00ed brzdou aktivovanou nohou;\u00a0ve srovn\u00e1n\u00ed s tradi\u010dn\u00ed ru\u010dn\u00ed parkovac\u00ed brzdou vy\u017eaduje konstrukce aktivovan\u00e1 nohou m\u00e9n\u011b \u00fasil\u00ed p\u0159i zap\u00edn\u00e1n\u00ed a vyp\u00edn\u00e1n\u00ed a zaji\u0161\u0165uje snadn\u011bj\u0161\u00ed nastupov\u00e1n\u00ed a vystupov\u00e1n\u00ed z prostoru \u0159idi\u010de.<\/span><\/p><p><span>Barevn\u00fd displej, kter\u00fd poskytuje v\u0161echny kl\u00ed\u010dov\u00e9 informace na prvn\u00ed pohled, umo\u017e\u0148uje snadnou a rychlou kontrolu nad stavem voz\u00edku.<\/span><\/p>\t\t\t\t\t\t\t\t<\/div>\n\t\t\t\t<\/div>\n\t\t\t\t\t<\/div>\n\t\t<\/div>\n\t\t\t\t\t<\/div>\n\t\t<\/section>\n\t\t\t\t<section class=\"elementor-section elementor-top-section elementor-element elementor-element-e98e8ed elementor-section-boxed elementor-section-height-default elementor-section-height-default\" data-id=\"e98e8ed\" data-element_type=\"section\" data-e-type=\"section\">\n\t\t\t\t\t\t<div class=\"elementor-container elementor-column-gap-default\">\n\t\t\t\t\t<div class=\"elementor-column elementor-col-100 elementor-top-column elementor-element elementor-element-e2d3e7b\" data-id=\"e2d3e7b\" data-element_type=\"column\" data-e-type=\"column\">\n\t\t\t<div class=\"elementor-widget-wrap elementor-element-populated\">\n\t\t\t\t\t\t<div class=\"elementor-element elementor-element-5046670 elementor-widget elementor-widget-image\" data-id=\"5046670\" data-element_type=\"widget\" data-e-type=\"widget\" data-widget_type=\"image.default\">\n\t\t\t\t<div class=\"elementor-widget-container\">\n\t\t\t\t\t\t\t\t\t\t\t\t\t\t\t<img loading=\"lazy\" decoding=\"async\" width=\"847\" height=\"635\" src=\"https:\/\/recarprofi.cz\/wp-content\/uploads\/2024\/01\/baoli-kbe20li4-1200x900.jpg\" class=\"attachment-large size-large wp-image-27736\" alt=\"\" srcset=\"https:\/\/recarprofi.cz\/wp-content\/uploads\/2024\/01\/baoli-kbe20li4-1200x900.jpg 1200w, https:\/\/recarprofi.cz\/wp-content\/uploads\/2024\/01\/baoli-kbe20li4-744x558.jpg 744w, https:\/\/recarprofi.cz\/wp-content\/uploads\/2024\/01\/baoli-kbe20li4-420x315.jpg 420w, https:\/\/recarprofi.cz\/wp-content\/uploads\/2024\/01\/baoli-kbe20li4-768x576.jpg 768w, https:\/\/recarprofi.cz\/wp-content\/uploads\/2024\/01\/baoli-kbe20li4-1536x1152.jpg 1536w, https:\/\/recarprofi.cz\/wp-content\/uploads\/2024\/01\/baoli-kbe20li4-2048x1536.jpg 2048w, https:\/\/recarprofi.cz\/wp-content\/uploads\/2024\/01\/baoli-kbe20li4-1024x768.jpg 1024w, https:\/\/recarprofi.cz\/wp-content\/uploads\/2024\/01\/baoli-kbe20li4-1440x1080.jpg 1440w, https:\/\/recarprofi.cz\/wp-content\/uploads\/2024\/01\/baoli-kbe20li4-600x450.jpg 600w\" sizes=\"(max-width: 847px) 100vw, 847px\" \/>\t\t\t\t\t\t\t\t\t\t\t\t\t\t\t<\/div>\n\t\t\t\t<\/div>\n\t\t\t\t\t<\/div>\n\t\t<\/div>\n\t\t\t\t\t<\/div>\n\t\t<\/section>\n\t\t\t\t<section class=\"elementor-section elementor-top-section elementor-element elementor-element-2c12c8f elementor-section-boxed elementor-section-height-default elementor-section-height-default\" data-id=\"2c12c8f\" data-element_type=\"section\" data-e-type=\"section\">\n\t\t\t\t\t\t<div class=\"elementor-container elementor-column-gap-default\">\n\t\t\t\t\t<div class=\"elementor-column elementor-col-100 elementor-top-column elementor-element elementor-element-53ad500\" data-id=\"53ad500\" data-element_type=\"column\" data-e-type=\"column\">\n\t\t\t<div class=\"elementor-widget-wrap elementor-element-populated\">\n\t\t\t\t\t\t<div class=\"elementor-element elementor-element-3e2395e elementor-widget elementor-widget-text-editor\" data-id=\"3e2395e\" data-element_type=\"widget\" data-e-type=\"widget\" data-widget_type=\"text-editor.default\">\n\t\t\t\t<div class=\"elementor-widget-container\">\n\t\t\t\t\t\t\t\t\t<div class=\"content-text-image__body-text content-text-image__body-text__industrial-trucks\"><ul><li><span>Kompaktn\u00ed rozm\u011bry pro man\u00e9vrov\u00e1n\u00ed v \u00fazk\u00fdch prostorech.<\/span><\/li><li>Lithium-iontov\u00e1 baterie pro zv\u00fd\u0161enou dostupnost voz\u00edku.<\/li><li>Bez\u00fadr\u017ebov\u00e1 baterie.<\/li><li>B\u011bhem nab\u00edjen\u00ed se neuvol\u0148uj\u00ed \u017e\u00e1dn\u00e9 nebezpe\u010dn\u00e9 plyny.<\/li><li>Motory s technologi\u00ed AC pro bez\u00fadr\u017ebov\u00fd provoz.<\/li><li>V\u00fdkonn\u00e9 motory pro vy\u0161\u0161\u00ed v\u00fdkon.<\/li><li>Ni\u017e\u0161\u00ed spot\u0159eba energie.<\/li><li>Mokr\u00e9 brzdy zaji\u0161\u0165uj\u00edc\u00ed n\u00edzk\u00e9 n\u00e1klady na \u00fadr\u017ebu.<\/li><li>Kovov\u00fd m\u0159\u00ed\u017ekov\u00fd sch\u016fdek a velk\u00e9 madlo pro bezpe\u010dn\u00fd n\u00e1stup a v\u00fdstup z kabiny \u0159idi\u010de.<\/li><li>Elektronick\u00fd sp\u00edna\u010d vp\u0159ed\/vzad pro rychl\u00e9 a snadn\u00e9 zm\u011bny sm\u011bru j\u00edzdy.<\/li><li>Zadn\u00ed madlo s klaksonem pro bezpe\u010dn\u00e9 couv\u00e1n\u00ed.<\/li><li>Parkovac\u00ed brzda aktivovan\u00e1 nohou: men\u0161\u00ed \u00fasil\u00ed p\u0159i zap\u00edn\u00e1n\u00ed\/vyp\u00edn\u00e1n\u00ed, snadn\u011bj\u0161\u00ed p\u0159\u00edstup do prostoru \u0159idi\u010de.<\/li><li>Barevn\u00fd displej pro rychl\u00fd p\u0159\u00edstup ke kl\u00ed\u010dov\u00fdm informac\u00edm o n\u00e1kladn\u00edm vozidle, co\u017e zaji\u0161\u0165uje snadn\u00e9 ovl\u00e1d\u00e1n\u00ed.<\/li><\/ul><\/div>\t\t\t\t\t\t\t\t<\/div>\n\t\t\t\t<\/div>\n\t\t\t\t\t<\/div>\n\t\t<\/div>\n\t\t\t\t\t<\/div>\n\t\t<\/section>\n\t\t\t\t<section class=\"elementor-section elementor-top-section elementor-element elementor-element-bfca62c elementor-section-boxed elementor-section-height-default elementor-section-height-default\" data-id=\"bfca62c\" data-element_type=\"section\" data-e-type=\"section\">\n\t\t\t\t\t\t<div class=\"elementor-container elementor-column-gap-default\">\n\t\t\t\t\t<div class=\"elementor-column elementor-col-100 elementor-top-column elementor-element elementor-element-5b63a99\" data-id=\"5b63a99\" data-element_type=\"column\" data-e-type=\"column\">\n\t\t\t<div class=\"elementor-widget-wrap elementor-element-populated\">\n\t\t\t\t\t\t<div class=\"elementor-element elementor-element-9bd8a6f elementor-widget elementor-widget-text-editor\" data-id=\"9bd8a6f\" data-element_type=\"widget\" data-e-type=\"widget\" data-widget_type=\"text-editor.default\">\n\t\t\t\t<div class=\"elementor-widget-container\">\n\t\t\t\t\t\t\t\t\t<p><strong>Popt\u00e1vka:<\/strong><\/p><p>\n<div class=\"wpcf7 no-js\" id=\"wpcf7-f19912-o1\" lang=\"cs-CZ\" dir=\"ltr\" data-wpcf7-id=\"19912\">\n<div class=\"screen-reader-response\"><p role=\"status\" aria-live=\"polite\" aria-atomic=\"true\"><\/p> <ul><\/ul><\/div>\n<form action=\"\/uvod\/wp-json\/wp\/v2\/pages\/24394#wpcf7-f19912-o1\" method=\"post\" class=\"wpcf7-form init\" aria-label=\"Kontaktn\u00ed formul\u00e1\u0159\" novalidate=\"novalidate\" data-status=\"init\">\n<fieldset class=\"hidden-fields-container\"><input type=\"hidden\" name=\"_wpcf7\" value=\"19912\" \/><input type=\"hidden\" name=\"_wpcf7_version\" value=\"6.1.5\" \/><input type=\"hidden\" name=\"_wpcf7_locale\" value=\"cs_CZ\" \/><input type=\"hidden\" name=\"_wpcf7_unit_tag\" value=\"wpcf7-f19912-o1\" \/><input type=\"hidden\" name=\"_wpcf7_container_post\" value=\"0\" \/><input type=\"hidden\" name=\"_wpcf7_posted_data_hash\" value=\"\" \/>\n<\/fieldset>\n<p><label> Va\u0161e jm\u00e9no (vy\u017eadov\u00e1no)<br \/>\n<span class=\"wpcf7-form-control-wrap\" data-name=\"your-name\"><input size=\"40\" maxlength=\"400\" class=\"wpcf7-form-control wpcf7-text wpcf7-validates-as-required\" aria-required=\"true\" aria-invalid=\"false\" value=\"\" type=\"text\" name=\"your-name\" \/><\/span> <\/label>\n<\/p>\n<p><label> V\u00e1\u0161 e-mail (vy\u017eadov\u00e1no)<br \/>\n<span class=\"wpcf7-form-control-wrap\" data-name=\"your-email\"><input size=\"40\" maxlength=\"400\" class=\"wpcf7-form-control wpcf7-email wpcf7-validates-as-required wpcf7-text wpcf7-validates-as-email\" aria-required=\"true\" aria-invalid=\"false\" value=\"\" type=\"email\" name=\"your-email\" \/><\/span> <\/label>\n<\/p>\n<p><label> P\u0159edm\u011bt<br \/>\n<span class=\"wpcf7-form-control-wrap\" data-name=\"your-subject\"><input size=\"40\" maxlength=\"400\" class=\"wpcf7-form-control wpcf7-text\" aria-invalid=\"false\" value=\"\" type=\"text\" name=\"your-subject\" \/><\/span> <\/label>\n<\/p>\n<p><label> Va\u0161e zpr\u00e1va<br \/>\n<span class=\"wpcf7-form-control-wrap\" data-name=\"your-message\"><textarea cols=\"40\" rows=\"10\" maxlength=\"2000\" class=\"wpcf7-form-control wpcf7-textarea\" aria-invalid=\"false\" name=\"your-message\"><\/textarea><\/span> <\/label>\n<\/p>\n<p><input class=\"wpcf7-form-control wpcf7-submit has-spinner\" type=\"submit\" value=\"Odeslat\" \/>\n<\/p><p style=\"display: none !important;\" class=\"akismet-fields-container\" data-prefix=\"_wpcf7_ak_\"><label>&#916;<textarea name=\"_wpcf7_ak_hp_textarea\" cols=\"45\" rows=\"8\" maxlength=\"100\"><\/textarea><\/label><input type=\"hidden\" id=\"ak_js_1\" name=\"_wpcf7_ak_js\" value=\"58\"\/><script type=\"text\/javascript\">\n\/* <![CDATA[ *\/\ndocument.getElementById( \"ak_js_1\" ).setAttribute( \"value\", ( new Date() ).getTime() );\n\/* ]]> *\/\n<\/script>\n<\/p><div class=\"wpcf7-response-output\" aria-hidden=\"true\"><\/div>\n<\/form>\n<\/div>\n<\/p>\t\t\t\t\t\t\t\t<\/div>\n\t\t\t\t<\/div>\n\t\t\t\t\t<\/div>\n\t\t<\/div>\n\t\t\t\t\t<\/div>\n\t\t<\/section>\n\t\t\t\t<\/div>\n\t\t","protected":false},"excerpt":{"rendered":"<p>Vstup do eshopu KBE 18Li s nosnost\u00ed 1,8 tuny a maxim\u00e1ln\u00ed v\u00fd\u0161kou zdvihu 6,5 metru jsou d\u00edky nulov\u00fdm emis\u00edm a n\u00edzk\u00e9 hladin\u011b hluku ide\u00e1ln\u00ed pro logistiku a pr\u016fmysl, zejm\u00e9na ve vnit\u0159n\u00edch prostor\u00e1ch. Tyto voz\u00edky vynikaj\u00ed&hellip;<\/p>\n","protected":false},"author":1,"featured_media":27736,"parent":24289,"menu_order":5,"comment_status":"closed","ping_status":"closed","template":"","meta":{"footnotes":""},"class_list":["post-24394","page","type-page","status-publish","has-post-thumbnail","hentry"],"_links":{"self":[{"href":"https:\/\/recarprofi.cz\/uvod\/wp-json\/wp\/v2\/pages\/24394","targetHints":{"allow":["GET"]}}],"collection":[{"href":"https:\/\/recarprofi.cz\/uvod\/wp-json\/wp\/v2\/pages"}],"about":[{"href":"https:\/\/recarprofi.cz\/uvod\/wp-json\/wp\/v2\/types\/page"}],"author":[{"embeddable":true,"href":"https:\/\/recarprofi.cz\/uvod\/wp-json\/wp\/v2\/users\/1"}],"replies":[{"embeddable":true,"href":"https:\/\/recarprofi.cz\/uvod\/wp-json\/wp\/v2\/comments?post=24394"}],"version-history":[{"count":16,"href":"https:\/\/recarprofi.cz\/uvod\/wp-json\/wp\/v2\/pages\/24394\/revisions"}],"predecessor-version":[{"id":28630,"href":"https:\/\/recarprofi.cz\/uvod\/wp-json\/wp\/v2\/pages\/24394\/revisions\/28630"}],"up":[{"embeddable":true,"href":"https:\/\/recarprofi.cz\/uvod\/wp-json\/wp\/v2\/pages\/24289"}],"wp:featuredmedia":[{"embeddable":true,"href":"https:\/\/recarprofi.cz\/uvod\/wp-json\/wp\/v2\/media\/27736"}],"wp:attachment":[{"href":"https:\/\/recarprofi.cz\/uvod\/wp-json\/wp\/v2\/media?parent=24394"}],"curies":[{"name":"wp","href":"https:\/\/api.w.org\/{rel}","templated":true}]}}