{"id":25075,"date":"2022-12-09T12:48:14","date_gmt":"2022-12-09T11:48:14","guid":{"rendered":"https:\/\/recarprofi.cz\/uvod\/?page_id=25075"},"modified":"2024-04-17T13:52:16","modified_gmt":"2024-04-17T11:52:16","slug":"ep-15-03","status":"publish","type":"page","link":"https:\/\/recarprofi.cz\/uvod\/manipulacni-technika\/rucne-vedene-voziky-baoli\/ep-15-03\/","title":{"rendered":"N\u00edzkozdvi\u017en\u00e9 voz\u00edky Baoli EP 15-03"},"content":{"rendered":"\t\t<div data-elementor-type=\"wp-page\" data-elementor-id=\"25075\" class=\"elementor elementor-25075\">\n\t\t\t\t\t\t<section class=\"elementor-section elementor-top-section elementor-element elementor-element-bdb7949 elementor-section-boxed elementor-section-height-default elementor-section-height-default\" data-id=\"bdb7949\" data-element_type=\"section\" data-e-type=\"section\">\n\t\t\t\t\t\t<div class=\"elementor-container elementor-column-gap-default\">\n\t\t\t\t\t<div class=\"elementor-column elementor-col-100 elementor-top-column elementor-element elementor-element-f3df0d2\" data-id=\"f3df0d2\" data-element_type=\"column\" data-e-type=\"column\">\n\t\t\t<div class=\"elementor-widget-wrap elementor-element-populated\">\n\t\t\t\t\t\t<div class=\"elementor-element elementor-element-9a4a640 elementor-widget elementor-widget-image\" data-id=\"9a4a640\" data-element_type=\"widget\" data-e-type=\"widget\" data-widget_type=\"image.default\">\n\t\t\t\t<div class=\"elementor-widget-container\">\n\t\t\t\t\t\t\t\t\t\t\t\t\t\t\t<img fetchpriority=\"high\" decoding=\"async\" width=\"847\" height=\"564\" src=\"https:\/\/recarprofi.cz\/wp-content\/uploads\/2022\/12\/baoli-ep15.jpg\" class=\"attachment-large size-large wp-image-25038\" alt=\"\" srcset=\"https:\/\/recarprofi.cz\/wp-content\/uploads\/2022\/12\/baoli-ep15.jpg 1024w, https:\/\/recarprofi.cz\/wp-content\/uploads\/2022\/12\/baoli-ep15-600x400.jpg 600w, https:\/\/recarprofi.cz\/wp-content\/uploads\/2022\/12\/baoli-ep15-744x496.jpg 744w, https:\/\/recarprofi.cz\/wp-content\/uploads\/2022\/12\/baoli-ep15-420x280.jpg 420w, https:\/\/recarprofi.cz\/wp-content\/uploads\/2022\/12\/baoli-ep15-768x512.jpg 768w, https:\/\/recarprofi.cz\/wp-content\/uploads\/2022\/12\/baoli-ep15-90x60.jpg 90w\" sizes=\"(max-width: 847px) 100vw, 847px\" \/>\t\t\t\t\t\t\t\t\t\t\t\t\t\t\t<\/div>\n\t\t\t\t<\/div>\n\t\t\t\t\t<\/div>\n\t\t<\/div>\n\t\t\t\t\t<\/div>\n\t\t<\/section>\n\t\t\t\t<section class=\"elementor-section elementor-top-section elementor-element elementor-element-7594655 elementor-section-boxed elementor-section-height-default elementor-section-height-default\" data-id=\"7594655\" data-element_type=\"section\" data-e-type=\"section\">\n\t\t\t\t\t\t<div class=\"elementor-container elementor-column-gap-default\">\n\t\t\t\t\t<div class=\"elementor-column elementor-col-100 elementor-top-column elementor-element elementor-element-2509e05\" data-id=\"2509e05\" data-element_type=\"column\" data-e-type=\"column\">\n\t\t\t<div class=\"elementor-widget-wrap elementor-element-populated\">\n\t\t\t\t\t\t<div class=\"elementor-element elementor-element-8384316 elementor-widget elementor-widget-button\" data-id=\"8384316\" data-element_type=\"widget\" data-e-type=\"widget\" data-widget_type=\"button.default\">\n\t\t\t\t<div class=\"elementor-widget-container\">\n\t\t\t\t\t\t\t\t\t<div class=\"elementor-button-wrapper\">\n\t\t\t\t\t<a class=\"elementor-button elementor-button-link elementor-size-sm\" href=\"https:\/\/recarprofi.cz\/uvod\/kategorie-produktu\/rucne-vedene-elektricke-voziky\/\">\n\t\t\t\t\t\t<span class=\"elementor-button-content-wrapper\">\n\t\t\t\t\t\t\t\t\t<span class=\"elementor-button-text\">Vstup do eshopu<\/span>\n\t\t\t\t\t<\/span>\n\t\t\t\t\t<\/a>\n\t\t\t\t<\/div>\n\t\t\t\t\t\t\t\t<\/div>\n\t\t\t\t<\/div>\n\t\t\t\t<div class=\"elementor-element elementor-element-7a91d5b elementor-widget elementor-widget-text-editor\" data-id=\"7a91d5b\" data-element_type=\"widget\" data-e-type=\"widget\" data-widget_type=\"text-editor.default\">\n\t\t\t\t<div class=\"elementor-widget-container\">\n\t\t\t\t\t\t\t\t\t<p><span>Baoli EP 15-03 je v\u00fdkonn\u00fd a v\u0161estrann\u00fd paletov\u00fd voz\u00edk vhodn\u00fd pro ekonomickou a bez\u00fanavovou p\u0159epravu zbo\u017e\u00ed.\u00a0Je to dobr\u00e1 volba pro uskladn\u011bn\u00ed a vyzvednut\u00ed zbo\u017e\u00ed.<\/span><\/p><p><span>Snadnou manipulaci zaji\u0161\u0165uj\u00ed bez\u00fadr\u017ebov\u00e9 lithium-iontov\u00e9 baterie 24 V \/ 20 Ah.\u00a0Lze je kdykoli dob\u00edt ve standardn\u00ed 220V z\u00e1suvce.<\/span><\/p><p><span>EP 15-03 je ide\u00e1ln\u00ed pro t\u00e9m\u011b\u0159 jakoukoli vnit\u0159n\u00ed p\u0159epravu zbo\u017e\u00ed v mal\u00fdch a st\u0159edn\u011b velk\u00fdch skladech, zejm\u00e9na pro velkoobchod a maloobchod.\u00a0Tento paletov\u00fd voz\u00edk je obzvl\u00e1\u0161t\u011b robustn\u00ed a ide\u00e1ln\u00ed pro dlouhodob\u00e9 pou\u017e\u00edv\u00e1n\u00ed.<\/span><\/p><p><span>S nosnost\u00ed 1500 kg a vlastn\u00ed hmotnost\u00ed pouh\u00fdch 120 kg pracuje EP 15-03 efektivn\u011b i na zadn\u00edch plo\u0161in\u00e1ch nebo n\u00e1kladn\u00edch zdvi\u017e\u00edch.<\/span><\/p><p><span>EP15-03 zaujme sv\u00fdm intuitivn\u00edm ovl\u00e1d\u00e1n\u00edm.\u00a0V\u0161echny funkce j\u00edzdy a zdvihu jsou ovl\u00e1d\u00e1ny elektricky.\u00a0Ru\u010dn\u011b ovl\u00e1dan\u00e1 spou\u0161t\u011bc\u00ed rukoje\u0165 zaji\u0161\u0165uje hladk\u00fd proces spou\u0161t\u011bn\u00ed.\u00a0Extra n\u00edzko ulo\u017een\u00e1 oj sni\u017euje n\u00e1mahu pot\u0159ebnou k \u0159\u00edzen\u00ed.<\/span><\/p><p><span>Kompaktn\u00ed rozm\u011bry, mal\u00fd polom\u011br ot\u00e1\u010den\u00ed a mo\u017enost pracovat s oj\u00ed ve svisl\u00e9 poloze \u010din\u00ed z EP 15-03 ide\u00e1ln\u00ed \u0159e\u0161en\u00ed i pro st\u00edsn\u011bn\u00e9 prostory.<\/span><\/p>\t\t\t\t\t\t\t\t<\/div>\n\t\t\t\t<\/div>\n\t\t\t\t\t<\/div>\n\t\t<\/div>\n\t\t\t\t\t<\/div>\n\t\t<\/section>\n\t\t\t\t<section class=\"elementor-section elementor-top-section elementor-element elementor-element-454bdaa elementor-section-boxed elementor-section-height-default elementor-section-height-default\" data-id=\"454bdaa\" data-element_type=\"section\" data-e-type=\"section\">\n\t\t\t\t\t\t<div class=\"elementor-container elementor-column-gap-default\">\n\t\t\t\t\t<div class=\"elementor-column elementor-col-100 elementor-top-column elementor-element elementor-element-fb9083a\" data-id=\"fb9083a\" data-element_type=\"column\" data-e-type=\"column\">\n\t\t\t<div class=\"elementor-widget-wrap elementor-element-populated\">\n\t\t\t\t\t\t<div class=\"elementor-element elementor-element-864aba0 elementor-widget elementor-widget-video\" data-id=\"864aba0\" data-element_type=\"widget\" data-e-type=\"widget\" data-settings=\"{&quot;youtube_url&quot;:&quot;https:\\\/\\\/youtu.be\\\/TW5xF__cBNI&quot;,&quot;video_type&quot;:&quot;youtube&quot;,&quot;controls&quot;:&quot;yes&quot;}\" data-widget_type=\"video.default\">\n\t\t\t\t<div class=\"elementor-widget-container\">\n\t\t\t\t\t\t\t<div class=\"elementor-wrapper elementor-open-inline\">\n\t\t\t<div class=\"elementor-video\"><\/div>\t\t<\/div>\n\t\t\t\t\t\t<\/div>\n\t\t\t\t<\/div>\n\t\t\t\t\t<\/div>\n\t\t<\/div>\n\t\t\t\t\t<\/div>\n\t\t<\/section>\n\t\t\t\t<section class=\"elementor-section elementor-top-section elementor-element elementor-element-f791d43 elementor-section-boxed elementor-section-height-default elementor-section-height-default\" data-id=\"f791d43\" data-element_type=\"section\" data-e-type=\"section\">\n\t\t\t\t\t\t<div class=\"elementor-container elementor-column-gap-default\">\n\t\t\t\t\t<div class=\"elementor-column elementor-col-100 elementor-top-column elementor-element elementor-element-5b63998\" data-id=\"5b63998\" data-element_type=\"column\" data-e-type=\"column\">\n\t\t\t<div class=\"elementor-widget-wrap elementor-element-populated\">\n\t\t\t\t\t\t<div class=\"elementor-element elementor-element-f26fc6c elementor-widget elementor-widget-text-editor\" data-id=\"f26fc6c\" data-element_type=\"widget\" data-e-type=\"widget\" data-widget_type=\"text-editor.default\">\n\t\t\t\t<div class=\"elementor-widget-container\">\n\t\t\t\t\t\t\t\t\t<h2 class=\"content-text-image__body-headline\"><span>Technologie a funkce<\/span><\/h2><div class=\"content-text-image__body-text content-text-image__body-text__industrial-trucks\"><ul><li><span>Li-ion technologie<\/span><\/li><li>Bez\u00fadr\u017ebov\u00e1 baterie<\/li><li>Snadn\u00fd syst\u00e9m v\u00fdm\u011bny baterie Plug &amp; Pla<\/li><li>Extern\u00ed nab\u00edje\u010dka bateri\u00ed<\/li><li>K dispozici jsou vidlice s celkovou \u0161\u00ed\u0159kou 560 nebo 685 mm<\/li><li>Elektromagnetick\u00e1 parkovac\u00ed brzda<\/li><li>Sp\u00edna\u010d plaziv\u00e9 rychlosti pro aktivaci oje ve vertik\u00e1ln\u00ed poloze<\/li><li>Provozn\u00ed hmotnost pouze 120 kg<\/li><li>Kovov\u00fd kryt hnac\u00edho kola pro ochranu nohou oper\u00e1tora<\/li><li>\u017d\u00e1dn\u00e9 emise plynu<\/li><\/ul><\/div>\t\t\t\t\t\t\t\t<\/div>\n\t\t\t\t<\/div>\n\t\t\t\t\t<\/div>\n\t\t<\/div>\n\t\t\t\t\t<\/div>\n\t\t<\/section>\n\t\t\t\t<section class=\"elementor-section elementor-top-section elementor-element elementor-element-8410a40 elementor-section-boxed elementor-section-height-default elementor-section-height-default\" data-id=\"8410a40\" data-element_type=\"section\" data-e-type=\"section\">\n\t\t\t\t\t\t<div class=\"elementor-container elementor-column-gap-default\">\n\t\t\t\t\t<div class=\"elementor-column elementor-col-100 elementor-top-column elementor-element elementor-element-50c2554\" data-id=\"50c2554\" data-element_type=\"column\" data-e-type=\"column\">\n\t\t\t<div class=\"elementor-widget-wrap elementor-element-populated\">\n\t\t\t\t\t\t<div class=\"elementor-element elementor-element-326e627 elementor-widget elementor-widget-image\" data-id=\"326e627\" data-element_type=\"widget\" data-e-type=\"widget\" data-widget_type=\"image.default\">\n\t\t\t\t<div class=\"elementor-widget-container\">\n\t\t\t\t\t\t\t\t\t\t\t\t\t\t\t<img decoding=\"async\" width=\"847\" height=\"612\" src=\"https:\/\/recarprofi.cz\/wp-content\/uploads\/2022\/12\/baoli-ep151-1200x867.png\" class=\"attachment-large size-large wp-image-25076\" alt=\"\" srcset=\"https:\/\/recarprofi.cz\/wp-content\/uploads\/2022\/12\/baoli-ep151-1200x867.png 1200w, https:\/\/recarprofi.cz\/wp-content\/uploads\/2022\/12\/baoli-ep151-600x433.png 600w, https:\/\/recarprofi.cz\/wp-content\/uploads\/2022\/12\/baoli-ep151-744x537.png 744w, https:\/\/recarprofi.cz\/wp-content\/uploads\/2022\/12\/baoli-ep151-420x303.png 420w, https:\/\/recarprofi.cz\/wp-content\/uploads\/2022\/12\/baoli-ep151-768x555.png 768w, https:\/\/recarprofi.cz\/wp-content\/uploads\/2022\/12\/baoli-ep151-1536x1109.png 1536w, https:\/\/recarprofi.cz\/wp-content\/uploads\/2022\/12\/baoli-ep151-2048x1479.png 2048w, https:\/\/recarprofi.cz\/wp-content\/uploads\/2022\/12\/baoli-ep151-83x60.png 83w\" sizes=\"(max-width: 847px) 100vw, 847px\" \/>\t\t\t\t\t\t\t\t\t\t\t\t\t\t\t<\/div>\n\t\t\t\t<\/div>\n\t\t\t\t\t<\/div>\n\t\t<\/div>\n\t\t\t\t\t<\/div>\n\t\t<\/section>\n\t\t\t\t<\/div>\n\t\t","protected":false},"excerpt":{"rendered":"<p>Vstup do eshopu Baoli EP 15-03 je v\u00fdkonn\u00fd a v\u0161estrann\u00fd paletov\u00fd voz\u00edk vhodn\u00fd pro ekonomickou a bez\u00fanavovou p\u0159epravu zbo\u017e\u00ed.\u00a0Je to dobr\u00e1 volba pro uskladn\u011bn\u00ed a vyzvednut\u00ed zbo\u017e\u00ed. Snadnou manipulaci zaji\u0161\u0165uj\u00ed bez\u00fadr\u017ebov\u00e9 lithium-iontov\u00e9 baterie 24 V&hellip;<\/p>\n","protected":false},"author":1,"featured_media":25038,"parent":25037,"menu_order":1,"comment_status":"closed","ping_status":"closed","template":"","meta":{"footnotes":""},"class_list":["post-25075","page","type-page","status-publish","has-post-thumbnail","hentry"],"_links":{"self":[{"href":"https:\/\/recarprofi.cz\/uvod\/wp-json\/wp\/v2\/pages\/25075","targetHints":{"allow":["GET"]}}],"collection":[{"href":"https:\/\/recarprofi.cz\/uvod\/wp-json\/wp\/v2\/pages"}],"about":[{"href":"https:\/\/recarprofi.cz\/uvod\/wp-json\/wp\/v2\/types\/page"}],"author":[{"embeddable":true,"href":"https:\/\/recarprofi.cz\/uvod\/wp-json\/wp\/v2\/users\/1"}],"replies":[{"embeddable":true,"href":"https:\/\/recarprofi.cz\/uvod\/wp-json\/wp\/v2\/comments?post=25075"}],"version-history":[{"count":9,"href":"https:\/\/recarprofi.cz\/uvod\/wp-json\/wp\/v2\/pages\/25075\/revisions"}],"predecessor-version":[{"id":28747,"href":"https:\/\/recarprofi.cz\/uvod\/wp-json\/wp\/v2\/pages\/25075\/revisions\/28747"}],"up":[{"embeddable":true,"href":"https:\/\/recarprofi.cz\/uvod\/wp-json\/wp\/v2\/pages\/25037"}],"wp:featuredmedia":[{"embeddable":true,"href":"https:\/\/recarprofi.cz\/uvod\/wp-json\/wp\/v2\/media\/25038"}],"wp:attachment":[{"href":"https:\/\/recarprofi.cz\/uvod\/wp-json\/wp\/v2\/media?parent=25075"}],"curies":[{"name":"wp","href":"https:\/\/api.w.org\/{rel}","templated":true}]}}