{"id":25112,"date":"2022-12-09T13:38:28","date_gmt":"2022-12-09T12:38:28","guid":{"rendered":"https:\/\/recarprofi.cz\/uvod\/?page_id=25112"},"modified":"2024-04-17T14:14:47","modified_gmt":"2024-04-17T12:14:47","slug":"ep-20-n04","status":"publish","type":"page","link":"https:\/\/recarprofi.cz\/uvod\/manipulacni-technika\/rucne-vedene-voziky-baoli\/ep-20-n04\/","title":{"rendered":"N\u00edzkozdvi\u017en\u00e9 voz\u00edky Baoli EP 20-N04"},"content":{"rendered":"\t\t<div data-elementor-type=\"wp-page\" data-elementor-id=\"25112\" class=\"elementor elementor-25112\">\n\t\t\t\t\t\t<section class=\"elementor-section elementor-top-section elementor-element elementor-element-f179cf7 elementor-section-boxed elementor-section-height-default elementor-section-height-default\" data-id=\"f179cf7\" data-element_type=\"section\" data-e-type=\"section\">\n\t\t\t\t\t\t<div class=\"elementor-container elementor-column-gap-default\">\n\t\t\t\t\t<div class=\"elementor-column elementor-col-100 elementor-top-column elementor-element elementor-element-a63e821\" data-id=\"a63e821\" data-element_type=\"column\" data-e-type=\"column\">\n\t\t\t<div class=\"elementor-widget-wrap elementor-element-populated\">\n\t\t\t\t\t\t<div class=\"elementor-element elementor-element-43af602 elementor-widget elementor-widget-image\" data-id=\"43af602\" data-element_type=\"widget\" data-e-type=\"widget\" data-widget_type=\"image.default\">\n\t\t\t\t<div class=\"elementor-widget-container\">\n\t\t\t\t\t\t\t\t\t\t\t\t\t\t\t<img fetchpriority=\"high\" decoding=\"async\" width=\"651\" height=\"477\" src=\"https:\/\/recarprofi.cz\/wp-content\/uploads\/2022\/12\/baoli-ep202.jpg\" class=\"attachment-large size-large wp-image-25040\" alt=\"\" srcset=\"https:\/\/recarprofi.cz\/wp-content\/uploads\/2022\/12\/baoli-ep202.jpg 651w, https:\/\/recarprofi.cz\/wp-content\/uploads\/2022\/12\/baoli-ep202-600x440.jpg 600w, https:\/\/recarprofi.cz\/wp-content\/uploads\/2022\/12\/baoli-ep202-420x308.jpg 420w, https:\/\/recarprofi.cz\/wp-content\/uploads\/2022\/12\/baoli-ep202-82x60.jpg 82w\" sizes=\"(max-width: 651px) 100vw, 651px\" \/>\t\t\t\t\t\t\t\t\t\t\t\t\t\t\t<\/div>\n\t\t\t\t<\/div>\n\t\t\t\t\t<\/div>\n\t\t<\/div>\n\t\t\t\t\t<\/div>\n\t\t<\/section>\n\t\t\t\t<section class=\"elementor-section elementor-top-section elementor-element elementor-element-3ed0e1c elementor-section-boxed elementor-section-height-default elementor-section-height-default\" data-id=\"3ed0e1c\" data-element_type=\"section\" data-e-type=\"section\">\n\t\t\t\t\t\t<div class=\"elementor-container elementor-column-gap-default\">\n\t\t\t\t\t<div class=\"elementor-column elementor-col-100 elementor-top-column elementor-element elementor-element-deda9cd\" data-id=\"deda9cd\" data-element_type=\"column\" data-e-type=\"column\">\n\t\t\t<div class=\"elementor-widget-wrap elementor-element-populated\">\n\t\t\t\t\t\t<div class=\"elementor-element elementor-element-8c65d47 elementor-widget elementor-widget-button\" data-id=\"8c65d47\" data-element_type=\"widget\" data-e-type=\"widget\" data-widget_type=\"button.default\">\n\t\t\t\t<div class=\"elementor-widget-container\">\n\t\t\t\t\t\t\t\t\t<div class=\"elementor-button-wrapper\">\n\t\t\t\t\t<a class=\"elementor-button elementor-button-link elementor-size-sm\" href=\"https:\/\/recarprofi.cz\/uvod\/kategorie-produktu\/rucne-vedene-elektricke-voziky\/\">\n\t\t\t\t\t\t<span class=\"elementor-button-content-wrapper\">\n\t\t\t\t\t\t\t\t\t<span class=\"elementor-button-text\">Vstup do eshopu<\/span>\n\t\t\t\t\t<\/span>\n\t\t\t\t\t<\/a>\n\t\t\t\t<\/div>\n\t\t\t\t\t\t\t\t<\/div>\n\t\t\t\t<\/div>\n\t\t\t\t<div class=\"elementor-element elementor-element-59a6acf elementor-widget elementor-widget-text-editor\" data-id=\"59a6acf\" data-element_type=\"widget\" data-e-type=\"widget\" data-widget_type=\"text-editor.default\">\n\t\t\t\t<div class=\"elementor-widget-container\">\n\t\t\t\t\t\t\t\t\t<p><span>Paletov\u00e9 voz\u00edky EP 20-N04\u00a0 s\u00a0 nosnost\u00ed 2000 kg jsou ide\u00e1ln\u00ed pro nakl\u00e1dku a vykl\u00e1dku vozidel a pro jak\u00fdkoli typ st\u0159edn\u011b intenzivn\u00ed manipulace. Vysok\u00e1 kvalita konstrukce, vynikaj\u00edc\u00ed technologick\u00fd obsah \u010din\u00ed tyto paletov\u00e9 voz\u00edky skute\u010dn\u00fdm m\u011b\u0159\u00edtkem ve sv\u00e9m oboru a zaru\u010duj\u00ed maxim\u00e1ln\u00ed \u00fa\u010dinnost a sn\u00ed\u017een\u00e9 n\u00e1klady na \u00fadr\u017ebu.<\/span><\/p><p><span>Dlouh\u00e1 oj poskytuje optim\u00e1ln\u00ed a vysoce ergonomick\u00e9 ovl\u00e1d\u00e1n\u00ed vozidla.\u00a0Vy\u017eaduje men\u0161\u00ed ovl\u00e1dac\u00ed s\u00edlu a umo\u017e\u0148uje \u0159idi\u010di udr\u017eovat optim\u00e1ln\u00ed vzd\u00e1lenost od vozidla.<\/span><\/p><p><span>Vysoce kvalitn\u00ed komponenty, robustn\u00ed konstrukce a zjednodu\u0161en\u00e1 \u00fadr\u017eba d\u011blaj\u00ed z paletov\u00fdch voz\u00edk\u016f t\u00e9to \u0159ady spolehliv\u00e9 partnery pro jak\u00fdkoli druh pou\u017eit\u00ed.<\/span><\/p>\t\t\t\t\t\t\t\t<\/div>\n\t\t\t\t<\/div>\n\t\t\t\t\t<\/div>\n\t\t<\/div>\n\t\t\t\t\t<\/div>\n\t\t<\/section>\n\t\t\t\t<section class=\"elementor-section elementor-top-section elementor-element elementor-element-a3efa5e elementor-section-boxed elementor-section-height-default elementor-section-height-default\" data-id=\"a3efa5e\" data-element_type=\"section\" data-e-type=\"section\">\n\t\t\t\t\t\t<div class=\"elementor-container elementor-column-gap-default\">\n\t\t\t\t\t<div class=\"elementor-column elementor-col-100 elementor-top-column elementor-element elementor-element-f9b4b6a\" data-id=\"f9b4b6a\" data-element_type=\"column\" data-e-type=\"column\">\n\t\t\t<div class=\"elementor-widget-wrap elementor-element-populated\">\n\t\t\t\t\t\t<div class=\"elementor-element elementor-element-782bba9 elementor-widget elementor-widget-video\" data-id=\"782bba9\" data-element_type=\"widget\" data-e-type=\"widget\" data-settings=\"{&quot;youtube_url&quot;:&quot;https:\\\/\\\/youtu.be\\\/2t_ao_ZtrAQ&quot;,&quot;video_type&quot;:&quot;youtube&quot;,&quot;controls&quot;:&quot;yes&quot;}\" data-widget_type=\"video.default\">\n\t\t\t\t<div class=\"elementor-widget-container\">\n\t\t\t\t\t\t\t<div class=\"elementor-wrapper elementor-open-inline\">\n\t\t\t<div class=\"elementor-video\"><\/div>\t\t<\/div>\n\t\t\t\t\t\t<\/div>\n\t\t\t\t<\/div>\n\t\t\t\t\t<\/div>\n\t\t<\/div>\n\t\t\t\t\t<\/div>\n\t\t<\/section>\n\t\t\t\t<section class=\"elementor-section elementor-top-section elementor-element elementor-element-805f75b elementor-section-boxed elementor-section-height-default elementor-section-height-default\" data-id=\"805f75b\" data-element_type=\"section\" data-e-type=\"section\">\n\t\t\t\t\t\t<div class=\"elementor-container elementor-column-gap-default\">\n\t\t\t\t\t<div class=\"elementor-column elementor-col-100 elementor-top-column elementor-element elementor-element-9376546\" data-id=\"9376546\" data-element_type=\"column\" data-e-type=\"column\">\n\t\t\t<div class=\"elementor-widget-wrap elementor-element-populated\">\n\t\t\t\t\t\t<div class=\"elementor-element elementor-element-80a6abb elementor-widget elementor-widget-text-editor\" data-id=\"80a6abb\" data-element_type=\"widget\" data-e-type=\"widget\" data-widget_type=\"text-editor.default\">\n\t\t\t\t<div class=\"elementor-widget-container\">\n\t\t\t\t\t\t\t\t\t<h2 class=\"content-text-image__body-headline\"><span>Technologie a funkce<\/span><\/h2><div class=\"content-text-image__body-text content-text-image__body-text__industrial-trucks\"><ul><li><span>AC technologie<\/span><\/li><li>Vysoce kvalitn\u00ed komponenty<\/li><li>Elektronika chr\u00e1n\u011bn\u00e1 proti vod\u011b a ne\u010distot\u00e1m<\/li><li>Dobr\u00e1 modulace j\u00edzdy<\/li><li>Robustn\u00ed konstrukce<\/li><li>Pojezdov\u00e1 kola pro lep\u0161\u00ed stabilitu voz\u00edku<\/li><li>K dispozici jsou vidlice s celkovou \u0161\u00ed\u0159kou 560 nebo 685 mm<\/li><li>K dispozici jsou jednoduch\u00e9 nebo dvojit\u00e9 z\u00e1t\u011b\u017eov\u00e9 v\u00e1lce<\/li><li>D\u00e9lka vidlice a\u017e 2400 mm (2 palety)<\/li><li>N\u00edzko ulo\u017een\u00e1 oj pro men\u0161\u00ed n\u00e1mahu p\u0159i man\u00e9vrov\u00e1n\u00ed<\/li><\/ul><\/div>\t\t\t\t\t\t\t\t<\/div>\n\t\t\t\t<\/div>\n\t\t\t\t\t<\/div>\n\t\t<\/div>\n\t\t\t\t\t<\/div>\n\t\t<\/section>\n\t\t\t\t<section class=\"elementor-section elementor-top-section elementor-element elementor-element-e461e21 elementor-section-boxed elementor-section-height-default elementor-section-height-default\" data-id=\"e461e21\" data-element_type=\"section\" data-e-type=\"section\">\n\t\t\t\t\t\t<div class=\"elementor-container elementor-column-gap-default\">\n\t\t\t\t\t<div class=\"elementor-column elementor-col-100 elementor-top-column elementor-element elementor-element-beae7a6\" data-id=\"beae7a6\" data-element_type=\"column\" data-e-type=\"column\">\n\t\t\t<div class=\"elementor-widget-wrap elementor-element-populated\">\n\t\t\t\t\t\t<div class=\"elementor-element elementor-element-3bd72b4 elementor-widget elementor-widget-image\" data-id=\"3bd72b4\" data-element_type=\"widget\" data-e-type=\"widget\" data-widget_type=\"image.default\">\n\t\t\t\t<div class=\"elementor-widget-container\">\n\t\t\t\t\t\t\t\t\t\t\t\t\t\t\t<img decoding=\"async\" width=\"1140\" height=\"826\" src=\"https:\/\/recarprofi.cz\/wp-content\/uploads\/2022\/12\/baoli-ep161.jpg\" class=\"attachment-large size-large wp-image-25102\" alt=\"\" srcset=\"https:\/\/recarprofi.cz\/wp-content\/uploads\/2022\/12\/baoli-ep161.jpg 1200w, https:\/\/recarprofi.cz\/wp-content\/uploads\/2022\/12\/baoli-ep161-600x435.jpg 600w, https:\/\/recarprofi.cz\/wp-content\/uploads\/2022\/12\/baoli-ep161-744x539.jpg 744w, https:\/\/recarprofi.cz\/wp-content\/uploads\/2022\/12\/baoli-ep161-420x304.jpg 420w, https:\/\/recarprofi.cz\/wp-content\/uploads\/2022\/12\/baoli-ep161-768x556.jpg 768w, https:\/\/recarprofi.cz\/wp-content\/uploads\/2022\/12\/baoli-ep161-83x60.jpg 83w\" sizes=\"(max-width: 1140px) 100vw, 1140px\" \/>\t\t\t\t\t\t\t\t\t\t\t\t\t\t\t<\/div>\n\t\t\t\t<\/div>\n\t\t\t\t\t<\/div>\n\t\t<\/div>\n\t\t\t\t\t<\/div>\n\t\t<\/section>\n\t\t\t\t<\/div>\n\t\t","protected":false},"excerpt":{"rendered":"<p>Vstup do eshopu Paletov\u00e9 voz\u00edky EP 20-N04\u00a0 s\u00a0 nosnost\u00ed 2000 kg jsou ide\u00e1ln\u00ed pro nakl\u00e1dku a vykl\u00e1dku vozidel a pro jak\u00fdkoli typ st\u0159edn\u011b intenzivn\u00ed manipulace. Vysok\u00e1 kvalita konstrukce, vynikaj\u00edc\u00ed technologick\u00fd obsah \u010din\u00ed tyto paletov\u00e9 voz\u00edky&hellip;<\/p>\n","protected":false},"author":1,"featured_media":25042,"parent":25037,"menu_order":4,"comment_status":"closed","ping_status":"closed","template":"","meta":{"footnotes":""},"class_list":["post-25112","page","type-page","status-publish","has-post-thumbnail","hentry"],"_links":{"self":[{"href":"https:\/\/recarprofi.cz\/uvod\/wp-json\/wp\/v2\/pages\/25112","targetHints":{"allow":["GET"]}}],"collection":[{"href":"https:\/\/recarprofi.cz\/uvod\/wp-json\/wp\/v2\/pages"}],"about":[{"href":"https:\/\/recarprofi.cz\/uvod\/wp-json\/wp\/v2\/types\/page"}],"author":[{"embeddable":true,"href":"https:\/\/recarprofi.cz\/uvod\/wp-json\/wp\/v2\/users\/1"}],"replies":[{"embeddable":true,"href":"https:\/\/recarprofi.cz\/uvod\/wp-json\/wp\/v2\/comments?post=25112"}],"version-history":[{"count":8,"href":"https:\/\/recarprofi.cz\/uvod\/wp-json\/wp\/v2\/pages\/25112\/revisions"}],"predecessor-version":[{"id":28759,"href":"https:\/\/recarprofi.cz\/uvod\/wp-json\/wp\/v2\/pages\/25112\/revisions\/28759"}],"up":[{"embeddable":true,"href":"https:\/\/recarprofi.cz\/uvod\/wp-json\/wp\/v2\/pages\/25037"}],"wp:featuredmedia":[{"embeddable":true,"href":"https:\/\/recarprofi.cz\/uvod\/wp-json\/wp\/v2\/media\/25042"}],"wp:attachment":[{"href":"https:\/\/recarprofi.cz\/uvod\/wp-json\/wp\/v2\/media?parent=25112"}],"curies":[{"name":"wp","href":"https:\/\/api.w.org\/{rel}","templated":true}]}}