{"id":25208,"date":"2023-01-05T15:07:53","date_gmt":"2023-01-05T14:07:53","guid":{"rendered":"https:\/\/recarprofi.cz\/uvod\/?page_id=25208"},"modified":"2024-04-09T12:23:23","modified_gmt":"2024-04-09T10:23:23","slug":"kbe-25","status":"publish","type":"page","link":"https:\/\/recarprofi.cz\/uvod\/manipulacni-technika\/vysokozdvizne-voziky-baoli\/elektricke\/kbe-25\/","title":{"rendered":"Elektrick\u00e9 vysokozdvi\u017en\u00e9 voz\u00edky Baoli KBE-25"},"content":{"rendered":"\t\t<div data-elementor-type=\"wp-page\" data-elementor-id=\"25208\" class=\"elementor elementor-25208\">\n\t\t\t\t\t\t<section class=\"elementor-section elementor-top-section elementor-element elementor-element-7999352 elementor-section-boxed elementor-section-height-default elementor-section-height-default\" data-id=\"7999352\" data-element_type=\"section\" data-e-type=\"section\">\n\t\t\t\t\t\t<div class=\"elementor-container elementor-column-gap-default\">\n\t\t\t\t\t<div class=\"elementor-column elementor-col-100 elementor-top-column elementor-element elementor-element-6e274e3\" data-id=\"6e274e3\" data-element_type=\"column\" data-e-type=\"column\">\n\t\t\t<div class=\"elementor-widget-wrap elementor-element-populated\">\n\t\t\t\t\t\t<div class=\"elementor-element elementor-element-f0aea1b elementor-widget elementor-widget-image\" data-id=\"f0aea1b\" data-element_type=\"widget\" data-e-type=\"widget\" data-widget_type=\"image.default\">\n\t\t\t\t<div class=\"elementor-widget-container\">\n\t\t\t\t\t\t\t\t\t\t\t\t\t\t\t<img fetchpriority=\"high\" decoding=\"async\" width=\"639\" height=\"503\" src=\"https:\/\/recarprofi.cz\/wp-content\/uploads\/2023\/01\/baoli-kbe302.jpg\" class=\"attachment-large size-large wp-image-25225\" alt=\"\" srcset=\"https:\/\/recarprofi.cz\/wp-content\/uploads\/2023\/01\/baoli-kbe302.jpg 639w, https:\/\/recarprofi.cz\/wp-content\/uploads\/2023\/01\/baoli-kbe302-600x472.jpg 600w, https:\/\/recarprofi.cz\/wp-content\/uploads\/2023\/01\/baoli-kbe302-420x331.jpg 420w, https:\/\/recarprofi.cz\/wp-content\/uploads\/2023\/01\/baoli-kbe302-76x60.jpg 76w\" sizes=\"(max-width: 639px) 100vw, 639px\" \/>\t\t\t\t\t\t\t\t\t\t\t\t\t\t\t<\/div>\n\t\t\t\t<\/div>\n\t\t\t\t<div class=\"elementor-element elementor-element-94fca61 elementor-widget elementor-widget-button\" data-id=\"94fca61\" data-element_type=\"widget\" data-e-type=\"widget\" data-widget_type=\"button.default\">\n\t\t\t\t<div class=\"elementor-widget-container\">\n\t\t\t\t\t\t\t\t\t<div class=\"elementor-button-wrapper\">\n\t\t\t\t\t<a class=\"elementor-button elementor-button-link elementor-size-sm\" href=\"https:\/\/recarprofi.cz\/uvod\/kategorie-produktu\/vysokozdvizne-voziky-elektricke\/\">\n\t\t\t\t\t\t<span class=\"elementor-button-content-wrapper\">\n\t\t\t\t\t\t\t\t\t<span class=\"elementor-button-text\">Vstup do eshopu<\/span>\n\t\t\t\t\t<\/span>\n\t\t\t\t\t<\/a>\n\t\t\t\t<\/div>\n\t\t\t\t\t\t\t\t<\/div>\n\t\t\t\t<\/div>\n\t\t\t\t\t<\/div>\n\t\t<\/div>\n\t\t\t\t\t<\/div>\n\t\t<\/section>\n\t\t\t\t<section class=\"elementor-section elementor-top-section elementor-element elementor-element-220d378 elementor-section-boxed elementor-section-height-default elementor-section-height-default\" data-id=\"220d378\" data-element_type=\"section\" data-e-type=\"section\">\n\t\t\t\t\t\t<div class=\"elementor-container elementor-column-gap-default\">\n\t\t\t\t\t<div class=\"elementor-column elementor-col-100 elementor-top-column elementor-element elementor-element-d4128ca\" data-id=\"d4128ca\" data-element_type=\"column\" data-e-type=\"column\">\n\t\t\t<div class=\"elementor-widget-wrap elementor-element-populated\">\n\t\t\t\t\t\t<div class=\"elementor-element elementor-element-abc6bb5 elementor-widget elementor-widget-text-editor\" data-id=\"abc6bb5\" data-element_type=\"widget\" data-e-type=\"widget\" data-widget_type=\"text-editor.default\">\n\t\t\t\t<div class=\"elementor-widget-container\">\n\t\t\t\t\t\t\t\t\t<p>Nov\u00e9 elektrick\u00e9 vysokozdvi\u017en\u00e9 voz\u00edky KBE 25 maj\u00ed nosnost 2.500 kg a v\u00fd\u0161ku zdvihu a\u017e 6,5 m. Voz\u00edky KBE 25 uspokojuj\u00ed pot\u0159eby jak oper\u00e1tor\u016f, kte\u0159\u00ed vy\u017eaduj\u00ed spolehliv\u00fd a robustn\u00ed produkt pro standardn\u00ed provoz, tak i t\u011bch, kte\u0159\u00ed hledaj\u00ed vysok\u00fd v\u00fdkon. Kvalitn\u00ed p\u0159evodovka zaji\u0161\u0165uje perfektn\u00ed ovladatelnost.\u00a0<\/p><p>Voz\u00edky KBE jsou vybaveny automatick\u00fdm elektrick\u00fdm brzdov\u00fdm syst\u00e9mem. Zaru\u010duje bezpe\u010dnost j\u00edzdy a rekuperuje \u010d\u00e1st brzdn\u00e9 energie.\u00a0Nov\u00e9 vysokozdvi\u017en\u00e9 voz\u00edky jsou osazeny vysoce kvalitn\u00edmi komponenty od nejlep\u0161\u00edch mezin\u00e1rodn\u00edch zna\u010dek, kter\u00e9 zaru\u010duj\u00ed spolehlivost voz\u00edk\u016f.<\/p>\t\t\t\t\t\t\t\t<\/div>\n\t\t\t\t<\/div>\n\t\t\t\t\t<\/div>\n\t\t<\/div>\n\t\t\t\t\t<\/div>\n\t\t<\/section>\n\t\t\t\t<section class=\"elementor-section elementor-top-section elementor-element elementor-element-97f7635 elementor-section-boxed elementor-section-height-default elementor-section-height-default\" data-id=\"97f7635\" data-element_type=\"section\" data-e-type=\"section\">\n\t\t\t\t\t\t<div class=\"elementor-container elementor-column-gap-default\">\n\t\t\t\t\t<div class=\"elementor-column elementor-col-100 elementor-top-column elementor-element elementor-element-3d26147\" data-id=\"3d26147\" data-element_type=\"column\" data-e-type=\"column\">\n\t\t\t<div class=\"elementor-widget-wrap elementor-element-populated\">\n\t\t\t\t\t\t<div class=\"elementor-element elementor-element-c013b1d elementor-widget elementor-widget-image\" data-id=\"c013b1d\" data-element_type=\"widget\" data-e-type=\"widget\" data-widget_type=\"image.default\">\n\t\t\t\t<div class=\"elementor-widget-container\">\n\t\t\t\t\t\t\t\t\t\t\t\t\t\t\t<img decoding=\"async\" width=\"847\" height=\"563\" src=\"https:\/\/recarprofi.cz\/wp-content\/uploads\/2023\/01\/baoli-kbe352.jpg\" class=\"attachment-large size-large wp-image-25227\" alt=\"\" srcset=\"https:\/\/recarprofi.cz\/wp-content\/uploads\/2023\/01\/baoli-kbe352.jpg 1200w, https:\/\/recarprofi.cz\/wp-content\/uploads\/2023\/01\/baoli-kbe352-600x399.jpg 600w, https:\/\/recarprofi.cz\/wp-content\/uploads\/2023\/01\/baoli-kbe352-744x494.jpg 744w, https:\/\/recarprofi.cz\/wp-content\/uploads\/2023\/01\/baoli-kbe352-420x279.jpg 420w, https:\/\/recarprofi.cz\/wp-content\/uploads\/2023\/01\/baoli-kbe352-768x510.jpg 768w, https:\/\/recarprofi.cz\/wp-content\/uploads\/2023\/01\/baoli-kbe352-90x60.jpg 90w\" sizes=\"(max-width: 847px) 100vw, 847px\" \/>\t\t\t\t\t\t\t\t\t\t\t\t\t\t\t<\/div>\n\t\t\t\t<\/div>\n\t\t\t\t\t<\/div>\n\t\t<\/div>\n\t\t\t\t\t<\/div>\n\t\t<\/section>\n\t\t\t\t<section class=\"elementor-section elementor-top-section elementor-element elementor-element-2f079a8 elementor-section-boxed elementor-section-height-default elementor-section-height-default\" data-id=\"2f079a8\" data-element_type=\"section\" data-e-type=\"section\">\n\t\t\t\t\t\t<div class=\"elementor-container elementor-column-gap-default\">\n\t\t\t\t\t<div class=\"elementor-column elementor-col-100 elementor-top-column elementor-element elementor-element-3282edc\" data-id=\"3282edc\" data-element_type=\"column\" data-e-type=\"column\">\n\t\t\t<div class=\"elementor-widget-wrap elementor-element-populated\">\n\t\t\t\t\t\t<div class=\"elementor-element elementor-element-6ff9f60 elementor-widget elementor-widget-text-editor\" data-id=\"6ff9f60\" data-element_type=\"widget\" data-e-type=\"widget\" data-widget_type=\"text-editor.default\">\n\t\t\t\t<div class=\"elementor-widget-container\">\n\t\t\t\t\t\t\t\t\t<h2 class=\"content-text-image__body-headline\">Technologie<\/h2><div class=\"content-text-image__body-text content-text-image__body-text__industrial-trucks\"><ul><li>Bez\u00fadr\u017ebov\u00e1 technologie AC<\/li><li>Nov\u00e1 generace ovlada\u010de KION<\/li><li>Vysoce kvalitn\u00ed elektromotory a hydraulick\u00e9 komponenty<\/li><li>\u0160irok\u00e1 \u0161k\u00e1la informac\u00ed o stavu voz\u00edku na displeji<\/li><li>3 voliteln\u00e9 j\u00edzdn\u00ed programy: hospod\u00e1rnost, \u00fa\u010dinnost, v\u00fdkon<\/li><li>Nov\u00fd diagnostick\u00fd n\u00e1stroj provozovan\u00fd s jak\u00fdmkoli standardn\u00edm mobiln\u00edm telefonem d\u00edky aplikaci KEYS pro mobiln\u00ed za\u0159\u00edzen\u00ed<\/li><li>Regenera\u010dn\u00ed brzd\u011bn\u00ed<\/li><li>Mo\u017enost definov\u00e1n\u00ed r\u016fzn\u00fdch v\u00fdkonnostn\u00edch \u00farovn\u00ed vysokozdvi\u017en\u00e9ho voz\u00edku na displeji<\/li><li>Mo\u017enosti robustn\u00edho sto\u017e\u00e1ru: Dvoustup\u0148ov\u00fd, dvoustup\u0148ov\u00fd voln\u00fd zdvih, t\u0159\u00edstup\u0148ov\u00fd voln\u00fd zdvih<\/li><li>Sn\u00ed\u017een\u00ed rychlosti vidlice p\u0159i spou\u0161t\u011bn\u00ed<\/li><li>Z\u00e1v\u011bsn\u00fd nebo integrovan\u00fd bo\u010dn\u00ed posuv: Rychl\u00e9 nakl\u00e1d\u00e1n\u00ed a vykl\u00e1d\u00e1n\u00ed<\/li><li>Vysoce viditeln\u00e1 LED sv\u011btla<\/li><li>Parkovac\u00ed brzda aktivovan\u00e1 nohou<\/li><\/ul><\/div>\t\t\t\t\t\t\t\t<\/div>\n\t\t\t\t<\/div>\n\t\t\t\t\t<\/div>\n\t\t<\/div>\n\t\t\t\t\t<\/div>\n\t\t<\/section>\n\t\t\t\t<section class=\"elementor-section elementor-top-section elementor-element elementor-element-f5e62e1 elementor-section-boxed elementor-section-height-default elementor-section-height-default\" data-id=\"f5e62e1\" data-element_type=\"section\" data-e-type=\"section\">\n\t\t\t\t\t\t<div class=\"elementor-container elementor-column-gap-default\">\n\t\t\t\t\t<div class=\"elementor-column elementor-col-100 elementor-top-column elementor-element elementor-element-454268e\" data-id=\"454268e\" data-element_type=\"column\" data-e-type=\"column\">\n\t\t\t<div class=\"elementor-widget-wrap elementor-element-populated\">\n\t\t\t\t\t\t<div class=\"elementor-element elementor-element-6c9b7fe elementor-widget elementor-widget-image\" data-id=\"6c9b7fe\" data-element_type=\"widget\" data-e-type=\"widget\" data-widget_type=\"image.default\">\n\t\t\t\t<div class=\"elementor-widget-container\">\n\t\t\t\t\t\t\t\t\t\t\t\t\t\t\t<img decoding=\"async\" width=\"847\" height=\"565\" src=\"https:\/\/recarprofi.cz\/wp-content\/uploads\/2024\/01\/baoli-kbe35li-1200x800.jpg\" class=\"attachment-large size-large wp-image-27691\" alt=\"\" srcset=\"https:\/\/recarprofi.cz\/wp-content\/uploads\/2024\/01\/baoli-kbe35li-1200x800.jpg 1200w, https:\/\/recarprofi.cz\/wp-content\/uploads\/2024\/01\/baoli-kbe35li-744x496.jpg 744w, https:\/\/recarprofi.cz\/wp-content\/uploads\/2024\/01\/baoli-kbe35li-420x280.jpg 420w, https:\/\/recarprofi.cz\/wp-content\/uploads\/2024\/01\/baoli-kbe35li-768x512.jpg 768w, https:\/\/recarprofi.cz\/wp-content\/uploads\/2024\/01\/baoli-kbe35li-1536x1024.jpg 1536w, https:\/\/recarprofi.cz\/wp-content\/uploads\/2024\/01\/baoli-kbe35li-2048x1365.jpg 2048w, https:\/\/recarprofi.cz\/wp-content\/uploads\/2024\/01\/baoli-kbe35li-1024x683.jpg 1024w, https:\/\/recarprofi.cz\/wp-content\/uploads\/2024\/01\/baoli-kbe35li-1620x1080.jpg 1620w, https:\/\/recarprofi.cz\/wp-content\/uploads\/2024\/01\/baoli-kbe35li-600x400.jpg 600w\" sizes=\"(max-width: 847px) 100vw, 847px\" \/>\t\t\t\t\t\t\t\t\t\t\t\t\t\t\t<\/div>\n\t\t\t\t<\/div>\n\t\t\t\t\t<\/div>\n\t\t<\/div>\n\t\t\t\t\t<\/div>\n\t\t<\/section>\n\t\t\t\t<section class=\"elementor-section elementor-top-section elementor-element elementor-element-f3f7f5e elementor-section-boxed elementor-section-height-default elementor-section-height-default\" data-id=\"f3f7f5e\" data-element_type=\"section\" data-e-type=\"section\">\n\t\t\t\t\t\t<div class=\"elementor-container elementor-column-gap-default\">\n\t\t\t\t\t<div class=\"elementor-column elementor-col-100 elementor-top-column elementor-element elementor-element-767ea60\" data-id=\"767ea60\" data-element_type=\"column\" data-e-type=\"column\">\n\t\t\t<div class=\"elementor-widget-wrap elementor-element-populated\">\n\t\t\t\t\t\t<div class=\"elementor-element elementor-element-a6fb3e0 elementor-widget elementor-widget-text-editor\" data-id=\"a6fb3e0\" data-element_type=\"widget\" data-e-type=\"widget\" data-widget_type=\"text-editor.default\">\n\t\t\t\t<div class=\"elementor-widget-container\">\n\t\t\t\t\t\t\t\t\t<div class=\"content-text-image__body-text content-text-image__body-text__industrial-trucks\"><ul><li><span>Bez\u00fadr\u017ebov\u00e1 technologie AC<\/span><\/li><li>Nov\u00e1 generace ovlada\u010de KION<\/li><li>K dispozici <strong>lithium-iontov\u00e1<\/strong> baterie: zv\u00fd\u0161en\u00e1 dostupnost voz\u00edku, \u017e\u00e1dn\u00e1 \u00fadr\u017eba, \u017e\u00e1dn\u00e9 nebezpe\u010dn\u00e9 plyny b\u011bhem nab\u00edjen\u00ed<\/li><li>Vysoce kvalitn\u00ed elektromotory a hydraulick\u00e9 komponenty<\/li><li>\u0160irok\u00e1 \u0161k\u00e1la informac\u00ed o stavu voz\u00edku na displeji<\/li><li>3 voliteln\u00e9 j\u00edzdn\u00ed programy: hospod\u00e1rnost, \u00fa\u010dinnost, v\u00fdkon<\/li><li>Nov\u00fd diagnostick\u00fd n\u00e1stroj provozovan\u00fd s jak\u00fdmkoli standardn\u00edm mobiln\u00edm telefonem d\u00edky aplikaci KEYS pro mobiln\u00ed za\u0159\u00edzen\u00ed<\/li><li>Regenera\u010dn\u00ed brzd\u011bn\u00ed<\/li><li>Mo\u017enost definov\u00e1n\u00ed r\u016fzn\u00fdch v\u00fdkonnostn\u00edch \u00farovn\u00ed vysokozdvi\u017en\u00e9ho voz\u00edku na displeji<\/li><li>Mo\u017enosti robustn\u00edho sto\u017e\u00e1ru: Dvoustup\u0148ov\u00fd, dvoustup\u0148ov\u00fd voln\u00fd zdvih, t\u0159\u00edstup\u0148ov\u00fd voln\u00fd zdvih<\/li><li>Sn\u00ed\u017een\u00ed rychlosti vidlice p\u0159i spou\u0161t\u011bn\u00ed<\/li><li>Z\u00e1v\u011bsn\u00fd nebo integrovan\u00fd bo\u010dn\u00ed posuv: Rychl\u00e9 nakl\u00e1d\u00e1n\u00ed a vykl\u00e1d\u00e1n\u00ed<\/li><li>Vysoce viditeln\u00e1 LED sv\u011btla<\/li><li>Parkovac\u00ed brzda aktivovan\u00e1 nohou<\/li><\/ul><\/div>\t\t\t\t\t\t\t\t<\/div>\n\t\t\t\t<\/div>\n\t\t\t\t\t<\/div>\n\t\t<\/div>\n\t\t\t\t\t<\/div>\n\t\t<\/section>\n\t\t\t\t<section class=\"elementor-section elementor-top-section elementor-element elementor-element-a3ec4a3 elementor-section-boxed elementor-section-height-default elementor-section-height-default\" data-id=\"a3ec4a3\" data-element_type=\"section\" data-e-type=\"section\">\n\t\t\t\t\t\t<div class=\"elementor-container elementor-column-gap-default\">\n\t\t\t\t\t<div class=\"elementor-column elementor-col-100 elementor-top-column elementor-element elementor-element-8886a64\" data-id=\"8886a64\" data-element_type=\"column\" data-e-type=\"column\">\n\t\t\t<div class=\"elementor-widget-wrap elementor-element-populated\">\n\t\t\t\t\t\t<div class=\"elementor-element elementor-element-1bbd3a1 elementor-widget elementor-widget-text-editor\" data-id=\"1bbd3a1\" data-element_type=\"widget\" data-e-type=\"widget\" data-widget_type=\"text-editor.default\">\n\t\t\t\t<div class=\"elementor-widget-container\">\n\t\t\t\t\t\t\t\t\t<p>Popt\u00e1vka:<\/p><p>\n<div class=\"wpcf7 no-js\" id=\"wpcf7-f19912-o1\" lang=\"cs-CZ\" dir=\"ltr\" data-wpcf7-id=\"19912\">\n<div class=\"screen-reader-response\"><p role=\"status\" aria-live=\"polite\" aria-atomic=\"true\"><\/p> <ul><\/ul><\/div>\n<form action=\"\/uvod\/wp-json\/wp\/v2\/pages\/25208#wpcf7-f19912-o1\" method=\"post\" class=\"wpcf7-form init\" aria-label=\"Kontaktn\u00ed formul\u00e1\u0159\" novalidate=\"novalidate\" data-status=\"init\">\n<fieldset class=\"hidden-fields-container\"><input type=\"hidden\" name=\"_wpcf7\" value=\"19912\" \/><input type=\"hidden\" name=\"_wpcf7_version\" value=\"6.1.5\" \/><input type=\"hidden\" name=\"_wpcf7_locale\" value=\"cs_CZ\" \/><input type=\"hidden\" name=\"_wpcf7_unit_tag\" value=\"wpcf7-f19912-o1\" \/><input type=\"hidden\" name=\"_wpcf7_container_post\" value=\"0\" \/><input type=\"hidden\" name=\"_wpcf7_posted_data_hash\" value=\"\" \/>\n<\/fieldset>\n<p><label> Va\u0161e jm\u00e9no (vy\u017eadov\u00e1no)<br \/>\n<span class=\"wpcf7-form-control-wrap\" data-name=\"your-name\"><input size=\"40\" maxlength=\"400\" class=\"wpcf7-form-control wpcf7-text wpcf7-validates-as-required\" aria-required=\"true\" aria-invalid=\"false\" value=\"\" type=\"text\" name=\"your-name\" \/><\/span> <\/label>\n<\/p>\n<p><label> V\u00e1\u0161 e-mail (vy\u017eadov\u00e1no)<br \/>\n<span class=\"wpcf7-form-control-wrap\" data-name=\"your-email\"><input size=\"40\" maxlength=\"400\" class=\"wpcf7-form-control wpcf7-email wpcf7-validates-as-required wpcf7-text wpcf7-validates-as-email\" aria-required=\"true\" aria-invalid=\"false\" value=\"\" type=\"email\" name=\"your-email\" \/><\/span> <\/label>\n<\/p>\n<p><label> P\u0159edm\u011bt<br \/>\n<span class=\"wpcf7-form-control-wrap\" data-name=\"your-subject\"><input size=\"40\" maxlength=\"400\" class=\"wpcf7-form-control wpcf7-text\" aria-invalid=\"false\" value=\"\" type=\"text\" name=\"your-subject\" \/><\/span> <\/label>\n<\/p>\n<p><label> Va\u0161e zpr\u00e1va<br \/>\n<span class=\"wpcf7-form-control-wrap\" data-name=\"your-message\"><textarea cols=\"40\" rows=\"10\" maxlength=\"2000\" class=\"wpcf7-form-control wpcf7-textarea\" aria-invalid=\"false\" name=\"your-message\"><\/textarea><\/span> <\/label>\n<\/p>\n<p><input class=\"wpcf7-form-control wpcf7-submit has-spinner\" type=\"submit\" value=\"Odeslat\" \/>\n<\/p><p style=\"display: none !important;\" class=\"akismet-fields-container\" data-prefix=\"_wpcf7_ak_\"><label>&#916;<textarea name=\"_wpcf7_ak_hp_textarea\" cols=\"45\" rows=\"8\" maxlength=\"100\"><\/textarea><\/label><input type=\"hidden\" id=\"ak_js_1\" name=\"_wpcf7_ak_js\" value=\"27\"\/><script type=\"text\/javascript\">\n\/* <![CDATA[ *\/\ndocument.getElementById( \"ak_js_1\" ).setAttribute( \"value\", ( new Date() ).getTime() );\n\/* ]]> *\/\n<\/script>\n<\/p><div class=\"wpcf7-response-output\" aria-hidden=\"true\"><\/div>\n<\/form>\n<\/div>\n<\/p>\t\t\t\t\t\t\t\t<\/div>\n\t\t\t\t<\/div>\n\t\t\t\t\t<\/div>\n\t\t<\/div>\n\t\t\t\t\t<\/div>\n\t\t<\/section>\n\t\t\t\t<\/div>\n\t\t","protected":false},"excerpt":{"rendered":"<p>Vstup do eshopu Nov\u00e9 elektrick\u00e9 vysokozdvi\u017en\u00e9 voz\u00edky KBE 25 maj\u00ed nosnost 2.500 kg a v\u00fd\u0161ku zdvihu a\u017e 6,5 m. Voz\u00edky KBE 25 uspokojuj\u00ed pot\u0159eby jak oper\u00e1tor\u016f, kte\u0159\u00ed vy\u017eaduj\u00ed spolehliv\u00fd a robustn\u00ed produkt pro standardn\u00ed provoz,&hellip;<\/p>\n","protected":false},"author":1,"featured_media":25225,"parent":24289,"menu_order":7,"comment_status":"closed","ping_status":"closed","template":"","meta":{"footnotes":""},"class_list":["post-25208","page","type-page","status-publish","has-post-thumbnail","hentry"],"_links":{"self":[{"href":"https:\/\/recarprofi.cz\/uvod\/wp-json\/wp\/v2\/pages\/25208","targetHints":{"allow":["GET"]}}],"collection":[{"href":"https:\/\/recarprofi.cz\/uvod\/wp-json\/wp\/v2\/pages"}],"about":[{"href":"https:\/\/recarprofi.cz\/uvod\/wp-json\/wp\/v2\/types\/page"}],"author":[{"embeddable":true,"href":"https:\/\/recarprofi.cz\/uvod\/wp-json\/wp\/v2\/users\/1"}],"replies":[{"embeddable":true,"href":"https:\/\/recarprofi.cz\/uvod\/wp-json\/wp\/v2\/comments?post=25208"}],"version-history":[{"count":18,"href":"https:\/\/recarprofi.cz\/uvod\/wp-json\/wp\/v2\/pages\/25208\/revisions"}],"predecessor-version":[{"id":28660,"href":"https:\/\/recarprofi.cz\/uvod\/wp-json\/wp\/v2\/pages\/25208\/revisions\/28660"}],"up":[{"embeddable":true,"href":"https:\/\/recarprofi.cz\/uvod\/wp-json\/wp\/v2\/pages\/24289"}],"wp:featuredmedia":[{"embeddable":true,"href":"https:\/\/recarprofi.cz\/uvod\/wp-json\/wp\/v2\/media\/25225"}],"wp:attachment":[{"href":"https:\/\/recarprofi.cz\/uvod\/wp-json\/wp\/v2\/media?parent=25208"}],"curies":[{"name":"wp","href":"https:\/\/api.w.org\/{rel}","templated":true}]}}