{"id":25224,"date":"2023-01-05T15:21:06","date_gmt":"2023-01-05T14:21:06","guid":{"rendered":"https:\/\/recarprofi.cz\/uvod\/?page_id=25224"},"modified":"2024-04-09T12:24:46","modified_gmt":"2024-04-09T10:24:46","slug":"kbe-30","status":"publish","type":"page","link":"https:\/\/recarprofi.cz\/uvod\/manipulacni-technika\/vysokozdvizne-voziky-baoli\/elektricke\/kbe-30\/","title":{"rendered":"Elektrick\u00e9 vysokozdvi\u017en\u00e9 voz\u00edky Baoli KBE-30"},"content":{"rendered":"\t\t<div data-elementor-type=\"wp-page\" data-elementor-id=\"25224\" class=\"elementor elementor-25224\">\n\t\t\t\t\t\t<section class=\"elementor-section elementor-top-section elementor-element elementor-element-3c5abc3 elementor-section-boxed elementor-section-height-default elementor-section-height-default\" data-id=\"3c5abc3\" data-element_type=\"section\" data-e-type=\"section\">\n\t\t\t\t\t\t<div class=\"elementor-container elementor-column-gap-default\">\n\t\t\t\t\t<div class=\"elementor-column elementor-col-100 elementor-top-column elementor-element elementor-element-d48d097\" data-id=\"d48d097\" data-element_type=\"column\" data-e-type=\"column\">\n\t\t\t<div class=\"elementor-widget-wrap elementor-element-populated\">\n\t\t\t\t\t\t<div class=\"elementor-element elementor-element-2dd6b86 elementor-widget elementor-widget-image\" data-id=\"2dd6b86\" data-element_type=\"widget\" data-e-type=\"widget\" data-widget_type=\"image.default\">\n\t\t\t\t<div class=\"elementor-widget-container\">\n\t\t\t\t\t\t\t\t\t\t\t\t\t\t\t<img fetchpriority=\"high\" decoding=\"async\" width=\"639\" height=\"503\" src=\"https:\/\/recarprofi.cz\/wp-content\/uploads\/2023\/01\/baoli-kbe302.jpg\" class=\"attachment-large size-large wp-image-25225\" alt=\"\" srcset=\"https:\/\/recarprofi.cz\/wp-content\/uploads\/2023\/01\/baoli-kbe302.jpg 639w, https:\/\/recarprofi.cz\/wp-content\/uploads\/2023\/01\/baoli-kbe302-600x472.jpg 600w, https:\/\/recarprofi.cz\/wp-content\/uploads\/2023\/01\/baoli-kbe302-420x331.jpg 420w, https:\/\/recarprofi.cz\/wp-content\/uploads\/2023\/01\/baoli-kbe302-76x60.jpg 76w\" sizes=\"(max-width: 639px) 100vw, 639px\" \/>\t\t\t\t\t\t\t\t\t\t\t\t\t\t\t<\/div>\n\t\t\t\t<\/div>\n\t\t\t\t\t<\/div>\n\t\t<\/div>\n\t\t\t\t\t<\/div>\n\t\t<\/section>\n\t\t\t\t<section class=\"elementor-section elementor-top-section elementor-element elementor-element-ecc8630 elementor-section-boxed elementor-section-height-default elementor-section-height-default\" data-id=\"ecc8630\" data-element_type=\"section\" data-e-type=\"section\">\n\t\t\t\t\t\t<div class=\"elementor-container elementor-column-gap-default\">\n\t\t\t\t\t<div class=\"elementor-column elementor-col-100 elementor-top-column elementor-element elementor-element-64a612e\" data-id=\"64a612e\" data-element_type=\"column\" data-e-type=\"column\">\n\t\t\t<div class=\"elementor-widget-wrap elementor-element-populated\">\n\t\t\t\t\t\t<div class=\"elementor-element elementor-element-579edc9 elementor-widget elementor-widget-button\" data-id=\"579edc9\" data-element_type=\"widget\" data-e-type=\"widget\" data-widget_type=\"button.default\">\n\t\t\t\t<div class=\"elementor-widget-container\">\n\t\t\t\t\t\t\t\t\t<div class=\"elementor-button-wrapper\">\n\t\t\t\t\t<a class=\"elementor-button elementor-button-link elementor-size-sm\" href=\"https:\/\/recarprofi.cz\/uvod\/kategorie-produktu\/vysokozdvizne-voziky-elektricke\/\">\n\t\t\t\t\t\t<span class=\"elementor-button-content-wrapper\">\n\t\t\t\t\t\t\t\t\t<span class=\"elementor-button-text\">Vstup do eshopu<\/span>\n\t\t\t\t\t<\/span>\n\t\t\t\t\t<\/a>\n\t\t\t\t<\/div>\n\t\t\t\t\t\t\t\t<\/div>\n\t\t\t\t<\/div>\n\t\t\t\t<div class=\"elementor-element elementor-element-f83bd14 elementor-widget elementor-widget-text-editor\" data-id=\"f83bd14\" data-element_type=\"widget\" data-e-type=\"widget\" data-widget_type=\"text-editor.default\">\n\t\t\t\t<div class=\"elementor-widget-container\">\n\t\t\t\t\t\t\t\t\t<p><span>\u0158ada KBE 30 je perfektn\u00ed voz\u00edk pro v\u0161echny standardn\u00ed aplikace, spojuje produktivitu, vysokou kvalitu a efektivitu n\u00e1klad\u016f. Je <\/span><span>vyr\u00e1b\u011bn\u00fd v \u201enejmodern\u011bj\u0161\u00edm\u201c v\u00fdrobn\u00edm z\u00e1vod\u011b KION a je perfektn\u00ed volbou pro t\u00e9m\u011b\u0159 v\u0161echna pr\u016fmyslov\u00e1 odv\u011btvi.\u00a0<\/span><span>Vysoce kvalitn\u00ed elektromotory a hydraulick\u00e9 komponenty, snadno \u010diteln\u00fd displej, kter\u00fd \u0159idi\u010di poskytuje d\u016fle\u017eit\u00e9 informace o stavu voz\u00edku, zaru\u010duj\u00ed dal\u0161\u00ed komfort a spolehlivost.<\/span><\/p>\t\t\t\t\t\t\t\t<\/div>\n\t\t\t\t<\/div>\n\t\t\t\t\t<\/div>\n\t\t<\/div>\n\t\t\t\t\t<\/div>\n\t\t<\/section>\n\t\t\t\t<section class=\"elementor-section elementor-top-section elementor-element elementor-element-37f15b1 elementor-section-boxed elementor-section-height-default elementor-section-height-default\" data-id=\"37f15b1\" data-element_type=\"section\" data-e-type=\"section\">\n\t\t\t\t\t\t<div class=\"elementor-container elementor-column-gap-default\">\n\t\t\t\t\t<div class=\"elementor-column elementor-col-100 elementor-top-column elementor-element elementor-element-48db3c7\" data-id=\"48db3c7\" data-element_type=\"column\" data-e-type=\"column\">\n\t\t\t<div class=\"elementor-widget-wrap elementor-element-populated\">\n\t\t\t\t\t\t<div class=\"elementor-element elementor-element-ed5221a elementor-widget elementor-widget-image\" data-id=\"ed5221a\" data-element_type=\"widget\" data-e-type=\"widget\" data-widget_type=\"image.default\">\n\t\t\t\t<div class=\"elementor-widget-container\">\n\t\t\t\t\t\t\t\t\t\t\t\t\t\t\t<img decoding=\"async\" width=\"847\" height=\"665\" src=\"https:\/\/recarprofi.cz\/wp-content\/uploads\/2023\/01\/baoli-kbe351.jpg\" class=\"attachment-large size-large wp-image-25226\" alt=\"\" srcset=\"https:\/\/recarprofi.cz\/wp-content\/uploads\/2023\/01\/baoli-kbe351.jpg 1200w, https:\/\/recarprofi.cz\/wp-content\/uploads\/2023\/01\/baoli-kbe351-600x471.jpg 600w, https:\/\/recarprofi.cz\/wp-content\/uploads\/2023\/01\/baoli-kbe351-744x584.jpg 744w, https:\/\/recarprofi.cz\/wp-content\/uploads\/2023\/01\/baoli-kbe351-420x330.jpg 420w, https:\/\/recarprofi.cz\/wp-content\/uploads\/2023\/01\/baoli-kbe351-768x603.jpg 768w, https:\/\/recarprofi.cz\/wp-content\/uploads\/2023\/01\/baoli-kbe351-76x60.jpg 76w\" sizes=\"(max-width: 847px) 100vw, 847px\" \/>\t\t\t\t\t\t\t\t\t\t\t\t\t\t\t<\/div>\n\t\t\t\t<\/div>\n\t\t\t\t\t<\/div>\n\t\t<\/div>\n\t\t\t\t\t<\/div>\n\t\t<\/section>\n\t\t\t\t<section class=\"elementor-section elementor-top-section elementor-element elementor-element-b9bac09 elementor-section-boxed elementor-section-height-default elementor-section-height-default\" data-id=\"b9bac09\" data-element_type=\"section\" data-e-type=\"section\">\n\t\t\t\t\t\t<div class=\"elementor-container elementor-column-gap-default\">\n\t\t\t\t\t<div class=\"elementor-column elementor-col-100 elementor-top-column elementor-element elementor-element-279f740\" data-id=\"279f740\" data-element_type=\"column\" data-e-type=\"column\">\n\t\t\t<div class=\"elementor-widget-wrap elementor-element-populated\">\n\t\t\t\t\t\t<div class=\"elementor-element elementor-element-24479e9 elementor-widget elementor-widget-text-editor\" data-id=\"24479e9\" data-element_type=\"widget\" data-e-type=\"widget\" data-widget_type=\"text-editor.default\">\n\t\t\t\t<div class=\"elementor-widget-container\">\n\t\t\t\t\t\t\t\t\t<h2 class=\"content-text-image__body-headline\"><span>Technologie<\/span><\/h2><div class=\"content-text-image__body-text content-text-image__body-text__industrial-trucks\"><ul><li><span>Bez\u00fadr\u017ebov\u00e1 technologie AC<\/span><\/li><li>Nov\u00e1 generace ovlada\u010de KION<\/li><li>Vysoce kvalitn\u00ed elektromotory a hydraulick\u00e9 komponenty<\/li><li>\u0160irok\u00e1 \u0161k\u00e1la informac\u00ed o stavu voz\u00edku na displeji<\/li><li>3 voliteln\u00e9 j\u00edzdn\u00ed programy: hospod\u00e1rnost, \u00fa\u010dinnost, v\u00fdkon<\/li><li>Nov\u00fd diagnostick\u00fd n\u00e1stroj provozovan\u00fd s jak\u00fdmkoli standardn\u00edm mobiln\u00edm telefonem d\u00edky aplikaci KEYS pro mobiln\u00ed za\u0159\u00edzen\u00ed<\/li><li>Regenera\u010dn\u00ed brzd\u011bn\u00ed<\/li><li>Mo\u017enost definov\u00e1n\u00ed r\u016fzn\u00fdch v\u00fdkonnostn\u00edch \u00farovn\u00ed vysokozdvi\u017en\u00e9ho voz\u00edku na displeji<\/li><li>Mo\u017enosti robustn\u00edho sto\u017e\u00e1ru: Dvoustup\u0148ov\u00fd, dvoustup\u0148ov\u00fd voln\u00fd zdvih, t\u0159\u00edstup\u0148ov\u00fd voln\u00fd zdvih<\/li><li>Sn\u00ed\u017een\u00ed rychlosti vidlice p\u0159i spou\u0161t\u011bn\u00ed<\/li><li>Z\u00e1v\u011bsn\u00fd nebo integrovan\u00fd bo\u010dn\u00ed posuv: Rychl\u00e9 nakl\u00e1d\u00e1n\u00ed a vykl\u00e1d\u00e1n\u00ed<\/li><li>Vysoce viditeln\u00e1 LED sv\u011btla<\/li><li>Parkovac\u00ed brzda aktivovan\u00e1 nohou<\/li><\/ul><\/div>\t\t\t\t\t\t\t\t<\/div>\n\t\t\t\t<\/div>\n\t\t\t\t\t<\/div>\n\t\t<\/div>\n\t\t\t\t\t<\/div>\n\t\t<\/section>\n\t\t\t\t<section class=\"elementor-section elementor-top-section elementor-element elementor-element-8be97be elementor-section-boxed elementor-section-height-default elementor-section-height-default\" data-id=\"8be97be\" data-element_type=\"section\" data-e-type=\"section\">\n\t\t\t\t\t\t<div class=\"elementor-container elementor-column-gap-default\">\n\t\t\t\t\t<div class=\"elementor-column elementor-col-100 elementor-top-column elementor-element elementor-element-60c75d6\" data-id=\"60c75d6\" data-element_type=\"column\" data-e-type=\"column\">\n\t\t\t<div class=\"elementor-widget-wrap elementor-element-populated\">\n\t\t\t\t\t\t<div class=\"elementor-element elementor-element-5ab6e29 elementor-widget elementor-widget-image\" data-id=\"5ab6e29\" data-element_type=\"widget\" data-e-type=\"widget\" data-widget_type=\"image.default\">\n\t\t\t\t<div class=\"elementor-widget-container\">\n\t\t\t\t\t\t\t\t\t\t\t\t\t\t\t<img decoding=\"async\" width=\"847\" height=\"563\" src=\"https:\/\/recarprofi.cz\/wp-content\/uploads\/2023\/01\/baoli-kbe352.jpg\" class=\"attachment-large size-large wp-image-25227\" alt=\"\" srcset=\"https:\/\/recarprofi.cz\/wp-content\/uploads\/2023\/01\/baoli-kbe352.jpg 1200w, https:\/\/recarprofi.cz\/wp-content\/uploads\/2023\/01\/baoli-kbe352-600x399.jpg 600w, https:\/\/recarprofi.cz\/wp-content\/uploads\/2023\/01\/baoli-kbe352-744x494.jpg 744w, https:\/\/recarprofi.cz\/wp-content\/uploads\/2023\/01\/baoli-kbe352-420x279.jpg 420w, https:\/\/recarprofi.cz\/wp-content\/uploads\/2023\/01\/baoli-kbe352-768x510.jpg 768w, https:\/\/recarprofi.cz\/wp-content\/uploads\/2023\/01\/baoli-kbe352-90x60.jpg 90w\" sizes=\"(max-width: 847px) 100vw, 847px\" \/>\t\t\t\t\t\t\t\t\t\t\t\t\t\t\t<\/div>\n\t\t\t\t<\/div>\n\t\t\t\t\t<\/div>\n\t\t<\/div>\n\t\t\t\t\t<\/div>\n\t\t<\/section>\n\t\t\t\t<section class=\"elementor-section elementor-top-section elementor-element elementor-element-79cc3c5 elementor-section-boxed elementor-section-height-default elementor-section-height-default\" data-id=\"79cc3c5\" data-element_type=\"section\" data-e-type=\"section\">\n\t\t\t\t\t\t<div class=\"elementor-container elementor-column-gap-default\">\n\t\t\t\t\t<div class=\"elementor-column elementor-col-100 elementor-top-column elementor-element elementor-element-0b65a91\" data-id=\"0b65a91\" data-element_type=\"column\" data-e-type=\"column\">\n\t\t\t<div class=\"elementor-widget-wrap elementor-element-populated\">\n\t\t\t\t\t\t<div class=\"elementor-element elementor-element-37abfba elementor-widget elementor-widget-text-editor\" data-id=\"37abfba\" data-element_type=\"widget\" data-e-type=\"widget\" data-widget_type=\"text-editor.default\">\n\t\t\t\t<div class=\"elementor-widget-container\">\n\t\t\t\t\t\t\t\t\t<p>Technick\u00e9 parametry:<\/p><p>1.1 V\u00fdrobce KION BAOLI<br \/>1.2 Typov\u00e9 ozna\u010den\u00ed v\u00fdrobce KBE 30<br \/>1.3 Pohon: elektrick\u00fd<br \/>1.5 Jmenovit\u00e1 nosnost\u00a0 kg 3000<br \/>1.6 Vylo\u017een\u00ed t\u011b\u017ei\u0161t\u011b mm 500<br \/>1.9 Rozvor n\u00e1prav mm 1785<br \/>2.1 Vlastn\u00ed hmotnost kg 4970<br \/>3.2 Rozm\u011br pneu, p\u0159edn\u00ed 28\u00d79-15<br \/>3.3 Rozm\u011br pneu, zadn\u00ed 6.50-10<br \/>4.4 Zdvih h3 (mm) 3000-6500<br \/>4.7 V\u00fd\u0161ka nad ochrann\u00fdm r\u00e1mem (kabinou) h6 (mm) 2230<br \/>4.20 D\u00e9lka k pat\u011b vidlic l2 (mm) 2667<br \/>4.21 Celkov\u00e1 \u0161\u00ed\u0159ka b1\/b2 (mm) 1268<br \/>4.35 Polom\u011br ot\u00e1\u010den\u00ed Wa (mm) 2330<br \/>5.1 Rychlost j\u00edzdy km\/h 15<br \/>5.8 Maxim\u00e1ln\u00ed stoupavost s b\u0159emenem\/bez b\u0159emene % 18\/20<br \/>6.1 V\u00fdkon pojezdov\u00e9ho motoru kW 13,6<br \/>6.2 V\u00fdkon zdvihov\u00e9ho motoru kW 21<br \/>6.4 Nap\u011bt\u00ed baterie \/ jmenovit\u00e1 kapacita baterie V\/Ah\u00a0 80 \/ 500<br \/>6.5 Hmotnost baterie kg 1470<br \/>10.7 Hladina hluku v m\u00edst\u011b obsluhy dB (A) \u226468<\/p>\t\t\t\t\t\t\t\t<\/div>\n\t\t\t\t<\/div>\n\t\t\t\t\t<\/div>\n\t\t<\/div>\n\t\t\t\t\t<\/div>\n\t\t<\/section>\n\t\t\t\t<section class=\"elementor-section elementor-top-section elementor-element elementor-element-b7e59ac elementor-section-boxed elementor-section-height-default elementor-section-height-default\" data-id=\"b7e59ac\" data-element_type=\"section\" data-e-type=\"section\">\n\t\t\t\t\t\t<div class=\"elementor-container elementor-column-gap-default\">\n\t\t\t\t\t<div class=\"elementor-column elementor-col-100 elementor-top-column elementor-element elementor-element-3bddaad\" data-id=\"3bddaad\" data-element_type=\"column\" data-e-type=\"column\">\n\t\t\t<div class=\"elementor-widget-wrap elementor-element-populated\">\n\t\t\t\t\t\t<div class=\"elementor-element elementor-element-8bab70e elementor-widget elementor-widget-video\" data-id=\"8bab70e\" data-element_type=\"widget\" data-e-type=\"widget\" data-settings=\"{&quot;youtube_url&quot;:&quot;https:\\\/\\\/youtu.be\\\/h-mYMuJl3aY&quot;,&quot;video_type&quot;:&quot;youtube&quot;,&quot;controls&quot;:&quot;yes&quot;}\" data-widget_type=\"video.default\">\n\t\t\t\t<div class=\"elementor-widget-container\">\n\t\t\t\t\t\t\t<div class=\"elementor-wrapper elementor-open-inline\">\n\t\t\t<div class=\"elementor-video\"><\/div>\t\t<\/div>\n\t\t\t\t\t\t<\/div>\n\t\t\t\t<\/div>\n\t\t\t\t\t<\/div>\n\t\t<\/div>\n\t\t\t\t\t<\/div>\n\t\t<\/section>\n\t\t\t\t<section class=\"elementor-section elementor-top-section elementor-element elementor-element-5086d56 elementor-section-boxed elementor-section-height-default elementor-section-height-default\" data-id=\"5086d56\" data-element_type=\"section\" data-e-type=\"section\">\n\t\t\t\t\t\t<div class=\"elementor-container elementor-column-gap-default\">\n\t\t\t\t\t<div class=\"elementor-column elementor-col-100 elementor-top-column elementor-element elementor-element-2e912b0\" data-id=\"2e912b0\" data-element_type=\"column\" data-e-type=\"column\">\n\t\t\t<div class=\"elementor-widget-wrap elementor-element-populated\">\n\t\t\t\t\t\t<div class=\"elementor-element elementor-element-33751b3 elementor-widget elementor-widget-text-editor\" data-id=\"33751b3\" data-element_type=\"widget\" data-e-type=\"widget\" data-widget_type=\"text-editor.default\">\n\t\t\t\t<div class=\"elementor-widget-container\">\n\t\t\t\t\t\t\t\t\t<p>Popt\u00e1vkov\u00fd formul\u00e1\u0159:<\/p><p>\n<div class=\"wpcf7 no-js\" id=\"wpcf7-f19897-o1\" lang=\"cs-CZ\" dir=\"ltr\" data-wpcf7-id=\"19897\">\n<div class=\"screen-reader-response\"><p role=\"status\" aria-live=\"polite\" aria-atomic=\"true\"><\/p> <ul><\/ul><\/div>\n<form action=\"\/uvod\/wp-json\/wp\/v2\/pages\/25224#wpcf7-f19897-o1\" method=\"post\" class=\"wpcf7-form init\" aria-label=\"Kontaktn\u00ed formul\u00e1\u0159\" novalidate=\"novalidate\" data-status=\"init\">\n<fieldset class=\"hidden-fields-container\"><input type=\"hidden\" name=\"_wpcf7\" value=\"19897\" \/><input type=\"hidden\" name=\"_wpcf7_version\" value=\"6.1.5\" \/><input type=\"hidden\" name=\"_wpcf7_locale\" value=\"cs_CZ\" \/><input type=\"hidden\" name=\"_wpcf7_unit_tag\" value=\"wpcf7-f19897-o1\" \/><input type=\"hidden\" name=\"_wpcf7_container_post\" value=\"0\" \/><input type=\"hidden\" name=\"_wpcf7_posted_data_hash\" value=\"\" \/>\n<\/fieldset>\n<p><label> Va\u0161e jm\u00e9no (vy\u017eadov\u00e1no)<br \/>\n<span class=\"wpcf7-form-control-wrap\" data-name=\"your-name\"><input size=\"40\" maxlength=\"400\" class=\"wpcf7-form-control wpcf7-text wpcf7-validates-as-required\" aria-required=\"true\" aria-invalid=\"false\" value=\"\" type=\"text\" name=\"your-name\" \/><\/span> <\/label>\n<\/p>\n<p><label> V\u00e1\u0161 e-mail (vy\u017eadov\u00e1no)<br \/>\n<span class=\"wpcf7-form-control-wrap\" data-name=\"your-email\"><input size=\"40\" maxlength=\"400\" class=\"wpcf7-form-control wpcf7-email wpcf7-validates-as-required wpcf7-text wpcf7-validates-as-email\" aria-required=\"true\" aria-invalid=\"false\" value=\"\" type=\"email\" name=\"your-email\" \/><\/span> <\/label>\n<\/p>\n<p><label> P\u0159edm\u011bt<br \/>\n<span class=\"wpcf7-form-control-wrap\" data-name=\"your-subject\"><input size=\"40\" maxlength=\"400\" class=\"wpcf7-form-control wpcf7-text\" aria-invalid=\"false\" value=\"\" type=\"text\" name=\"your-subject\" \/><\/span> <\/label>\n<\/p>\n<p><label> Va\u0161e zpr\u00e1va<br \/>\n<span class=\"wpcf7-form-control-wrap\" data-name=\"your-message\"><textarea cols=\"40\" rows=\"10\" maxlength=\"2000\" class=\"wpcf7-form-control wpcf7-textarea\" aria-invalid=\"false\" name=\"your-message\"><\/textarea><\/span> <\/label>\n<\/p>\n<p><input class=\"wpcf7-form-control wpcf7-submit has-spinner\" type=\"submit\" value=\"Odeslat\" \/>\n<\/p><p style=\"display: none !important;\" class=\"akismet-fields-container\" data-prefix=\"_wpcf7_ak_\"><label>&#916;<textarea name=\"_wpcf7_ak_hp_textarea\" cols=\"45\" rows=\"8\" maxlength=\"100\"><\/textarea><\/label><input type=\"hidden\" id=\"ak_js_1\" name=\"_wpcf7_ak_js\" value=\"163\"\/><script type=\"text\/javascript\">\n\/* <![CDATA[ *\/\ndocument.getElementById( \"ak_js_1\" ).setAttribute( \"value\", ( new Date() ).getTime() );\n\/* ]]> *\/\n<\/script>\n<\/p><div class=\"wpcf7-response-output\" aria-hidden=\"true\"><\/div>\n<\/form>\n<\/div>\n<\/p>\t\t\t\t\t\t\t\t<\/div>\n\t\t\t\t<\/div>\n\t\t\t\t\t<\/div>\n\t\t<\/div>\n\t\t\t\t\t<\/div>\n\t\t<\/section>\n\t\t\t\t<\/div>\n\t\t","protected":false},"excerpt":{"rendered":"<p>Vstup do eshopu \u0158ada KBE 30 je perfektn\u00ed voz\u00edk pro v\u0161echny standardn\u00ed aplikace, spojuje produktivitu, vysokou kvalitu a efektivitu n\u00e1klad\u016f. Je vyr\u00e1b\u011bn\u00fd v \u201enejmodern\u011bj\u0161\u00edm\u201c v\u00fdrobn\u00edm z\u00e1vod\u011b KION a je perfektn\u00ed volbou pro t\u00e9m\u011b\u0159 v\u0161echna pr\u016fmyslov\u00e1&hellip;<\/p>\n","protected":false},"author":1,"featured_media":25253,"parent":24289,"menu_order":8,"comment_status":"closed","ping_status":"closed","template":"","meta":{"footnotes":""},"class_list":["post-25224","page","type-page","status-publish","has-post-thumbnail","hentry"],"_links":{"self":[{"href":"https:\/\/recarprofi.cz\/uvod\/wp-json\/wp\/v2\/pages\/25224","targetHints":{"allow":["GET"]}}],"collection":[{"href":"https:\/\/recarprofi.cz\/uvod\/wp-json\/wp\/v2\/pages"}],"about":[{"href":"https:\/\/recarprofi.cz\/uvod\/wp-json\/wp\/v2\/types\/page"}],"author":[{"embeddable":true,"href":"https:\/\/recarprofi.cz\/uvod\/wp-json\/wp\/v2\/users\/1"}],"replies":[{"embeddable":true,"href":"https:\/\/recarprofi.cz\/uvod\/wp-json\/wp\/v2\/comments?post=25224"}],"version-history":[{"count":12,"href":"https:\/\/recarprofi.cz\/uvod\/wp-json\/wp\/v2\/pages\/25224\/revisions"}],"predecessor-version":[{"id":28664,"href":"https:\/\/recarprofi.cz\/uvod\/wp-json\/wp\/v2\/pages\/25224\/revisions\/28664"}],"up":[{"embeddable":true,"href":"https:\/\/recarprofi.cz\/uvod\/wp-json\/wp\/v2\/pages\/24289"}],"wp:featuredmedia":[{"embeddable":true,"href":"https:\/\/recarprofi.cz\/uvod\/wp-json\/wp\/v2\/media\/25253"}],"wp:attachment":[{"href":"https:\/\/recarprofi.cz\/uvod\/wp-json\/wp\/v2\/media?parent=25224"}],"curies":[{"name":"wp","href":"https:\/\/api.w.org\/{rel}","templated":true}]}}