{"id":2559,"date":"2013-02-20T17:02:03","date_gmt":"2013-02-20T16:02:03","guid":{"rendered":"http:\/\/recarprofi.cz\/?page_id=2559"},"modified":"2026-01-13T08:11:59","modified_gmt":"2026-01-13T07:11:59","slug":"zaci-stroje","status":"publish","type":"page","link":"https:\/\/recarprofi.cz\/uvod\/zemedelska-technika\/picniny\/zaci-stroje\/","title":{"rendered":"\u017dac\u00ed stroje"},"content":{"rendered":"\t\t<div data-elementor-type=\"wp-page\" data-elementor-id=\"2559\" class=\"elementor elementor-2559\">\n\t\t\t\t\t\t<section class=\"elementor-section elementor-top-section elementor-element elementor-element-607a111 elementor-section-boxed elementor-section-height-default elementor-section-height-default\" data-id=\"607a111\" data-element_type=\"section\" data-e-type=\"section\">\n\t\t\t\t\t\t<div class=\"elementor-container elementor-column-gap-default\">\n\t\t\t\t\t<div class=\"elementor-column elementor-col-100 elementor-top-column elementor-element elementor-element-3a021ce\" data-id=\"3a021ce\" data-element_type=\"column\" data-e-type=\"column\">\n\t\t\t<div class=\"elementor-widget-wrap elementor-element-populated\">\n\t\t\t\t\t\t<div class=\"elementor-element elementor-element-d62b8f1 elementor-position-left elementor-vertical-align-top elementor-widget elementor-widget-image-box\" data-id=\"d62b8f1\" data-element_type=\"widget\" data-e-type=\"widget\" data-widget_type=\"image-box.default\">\n\t\t\t\t<div class=\"elementor-widget-container\">\n\t\t\t\t\t<div class=\"elementor-image-box-wrapper\"><figure class=\"elementor-image-box-img\"><a href=\"https:\/\/recarprofi.cz\/uvod\/zemedelska-technika\/picniny\/zaci-stroje\/celni-unia\/\" tabindex=\"-1\"><img fetchpriority=\"high\" decoding=\"async\" width=\"1000\" height=\"750\" src=\"https:\/\/recarprofi.cz\/wp-content\/uploads\/2019\/10\/unia-alka-xl-c.jpg\" class=\"attachment-full size-full wp-image-15052\" alt=\"\" srcset=\"https:\/\/recarprofi.cz\/wp-content\/uploads\/2019\/10\/unia-alka-xl-c.jpg 1000w, https:\/\/recarprofi.cz\/wp-content\/uploads\/2019\/10\/unia-alka-xl-c-600x450.jpg 600w, https:\/\/recarprofi.cz\/wp-content\/uploads\/2019\/10\/unia-alka-xl-c-420x315.jpg 420w, https:\/\/recarprofi.cz\/wp-content\/uploads\/2019\/10\/unia-alka-xl-c-744x558.jpg 744w, https:\/\/recarprofi.cz\/wp-content\/uploads\/2019\/10\/unia-alka-xl-c-768x576.jpg 768w\" sizes=\"(max-width: 1000px) 100vw, 1000px\" \/><\/a><\/figure><div class=\"elementor-image-box-content\"><h3 class=\"elementor-image-box-title\"><a href=\"https:\/\/recarprofi.cz\/uvod\/zemedelska-technika\/picniny\/zaci-stroje\/celni-unia\/\">\u010celn\u00ed diskov\u00e9 \u017eac\u00ed stroje Unia<\/a><\/h3><p class=\"elementor-image-box-description\">Hydropneumatick\u00e9 odpru\u017een\u00ed, parcovn\u00ed z\u00e1b\u011br 3,2m.<\/p><\/div><\/div>\t\t\t\t<\/div>\n\t\t\t\t<\/div>\n\t\t\t\t\t<\/div>\n\t\t<\/div>\n\t\t\t\t\t<\/div>\n\t\t<\/section>\n\t\t\t\t<section class=\"elementor-section elementor-top-section elementor-element elementor-element-441988f elementor-section-boxed elementor-section-height-default elementor-section-height-default\" data-id=\"441988f\" data-element_type=\"section\" data-e-type=\"section\">\n\t\t\t\t\t\t<div class=\"elementor-container elementor-column-gap-default\">\n\t\t\t\t\t<div class=\"elementor-column elementor-col-100 elementor-top-column elementor-element elementor-element-9d09750\" data-id=\"9d09750\" data-element_type=\"column\" data-e-type=\"column\">\n\t\t\t<div class=\"elementor-widget-wrap elementor-element-populated\">\n\t\t\t\t\t\t<div class=\"elementor-element elementor-element-d1d7141 elementor-position-left elementor-vertical-align-top elementor-widget elementor-widget-image-box\" data-id=\"d1d7141\" data-element_type=\"widget\" data-e-type=\"widget\" data-widget_type=\"image-box.default\">\n\t\t\t\t<div class=\"elementor-widget-container\">\n\t\t\t\t\t<div class=\"elementor-image-box-wrapper\"><figure class=\"elementor-image-box-img\"><a href=\"https:\/\/recarprofi.cz\/uvod\/zemedelska-technika\/picniny\/zaci-stroje\/diskove-unia-l\/\" tabindex=\"-1\"><img decoding=\"async\" width=\"1659\" height=\"719\" src=\"https:\/\/recarprofi.cz\/wp-content\/uploads\/2018\/07\/unia-alka-l3.png\" class=\"attachment-full size-full wp-image-10609\" alt=\"\" srcset=\"https:\/\/recarprofi.cz\/wp-content\/uploads\/2018\/07\/unia-alka-l3.png 1659w, https:\/\/recarprofi.cz\/wp-content\/uploads\/2018\/07\/unia-alka-l3-600x260.png 600w\" sizes=\"(max-width: 1659px) 100vw, 1659px\" \/><\/a><\/figure><div class=\"elementor-image-box-content\"><h3 class=\"elementor-image-box-title\"><a href=\"https:\/\/recarprofi.cz\/uvod\/zemedelska-technika\/picniny\/zaci-stroje\/diskove-unia-l\/\">Diskov\u00e9 \u017eac\u00ed stroje Unia \u0159ady L<\/a><\/h3><p class=\"elementor-image-box-description\">Pracovn\u00ed z\u00e1ber od 2,1 do 2,8m.<\/p><\/div><\/div>\t\t\t\t<\/div>\n\t\t\t\t<\/div>\n\t\t\t\t\t<\/div>\n\t\t<\/div>\n\t\t\t\t\t<\/div>\n\t\t<\/section>\n\t\t\t\t<section class=\"elementor-section elementor-top-section elementor-element elementor-element-5677e95 elementor-section-boxed elementor-section-height-default elementor-section-height-default\" data-id=\"5677e95\" data-element_type=\"section\" data-e-type=\"section\">\n\t\t\t\t\t\t<div class=\"elementor-container elementor-column-gap-default\">\n\t\t\t\t\t<div class=\"elementor-column elementor-col-100 elementor-top-column elementor-element elementor-element-04acf1b\" data-id=\"04acf1b\" data-element_type=\"column\" data-e-type=\"column\">\n\t\t\t<div class=\"elementor-widget-wrap elementor-element-populated\">\n\t\t\t\t\t\t<div class=\"elementor-element elementor-element-025966a elementor-position-left elementor-vertical-align-top elementor-widget elementor-widget-image-box\" data-id=\"025966a\" data-element_type=\"widget\" data-e-type=\"widget\" data-widget_type=\"image-box.default\">\n\t\t\t\t<div class=\"elementor-widget-container\">\n\t\t\t\t\t<div class=\"elementor-image-box-wrapper\"><figure class=\"elementor-image-box-img\"><a href=\"https:\/\/recarprofi.cz\/uvod\/zemedelska-technika\/picniny\/zaci-stroje\/diskove-unia\/\" tabindex=\"-1\"><img decoding=\"async\" width=\"1920\" height=\"1280\" src=\"https:\/\/recarprofi.cz\/wp-content\/uploads\/2018\/07\/unia-alka-cl.jpg\" class=\"attachment-full size-full wp-image-10631\" alt=\"\" srcset=\"https:\/\/recarprofi.cz\/wp-content\/uploads\/2018\/07\/unia-alka-cl.jpg 1920w, https:\/\/recarprofi.cz\/wp-content\/uploads\/2018\/07\/unia-alka-cl-600x400.jpg 600w\" sizes=\"(max-width: 1920px) 100vw, 1920px\" \/><\/a><\/figure><div class=\"elementor-image-box-content\"><h3 class=\"elementor-image-box-title\"><a href=\"https:\/\/recarprofi.cz\/uvod\/zemedelska-technika\/picniny\/zaci-stroje\/diskove-unia\/\">Diskov\u00e9 \u017eac\u00ed stroje Unia s centr\u00e1ln\u00edm zav\u011b\u0161en\u00edm<\/a><\/h3><p class=\"elementor-image-box-description\">Hydropneumatick\u00e9 odpru\u017een\u00ed, pracovn\u00ed z\u00e1b\u011br od 2,4 do 3,2m.<\/p><\/div><\/div>\t\t\t\t<\/div>\n\t\t\t\t<\/div>\n\t\t\t\t\t<\/div>\n\t\t<\/div>\n\t\t\t\t\t<\/div>\n\t\t<\/section>\n\t\t\t\t<section class=\"elementor-section elementor-top-section elementor-element elementor-element-9161a09 elementor-section-boxed elementor-section-height-default elementor-section-height-default\" data-id=\"9161a09\" data-element_type=\"section\" data-e-type=\"section\">\n\t\t\t\t\t\t<div class=\"elementor-container elementor-column-gap-default\">\n\t\t\t\t\t<div class=\"elementor-column elementor-col-100 elementor-top-column elementor-element elementor-element-83c3522\" data-id=\"83c3522\" data-element_type=\"column\" data-e-type=\"column\">\n\t\t\t<div class=\"elementor-widget-wrap elementor-element-populated\">\n\t\t\t\t\t\t<div class=\"elementor-element elementor-element-21fc526 elementor-position-left elementor-vertical-align-top elementor-widget elementor-widget-image-box\" data-id=\"21fc526\" data-element_type=\"widget\" data-e-type=\"widget\" data-widget_type=\"image-box.default\">\n\t\t\t\t<div class=\"elementor-widget-container\">\n\t\t\t\t\t<div class=\"elementor-image-box-wrapper\"><figure class=\"elementor-image-box-img\"><a href=\"https:\/\/recarprofi.cz\/uvod\/zemedelska-technika\/picniny\/zaci-stroje\/tazene-unia\/\" tabindex=\"-1\"><img loading=\"lazy\" decoding=\"async\" width=\"1080\" height=\"545\" src=\"https:\/\/recarprofi.cz\/wp-content\/uploads\/2018\/07\/unia-alka-xl5.png\" class=\"attachment-full size-full wp-image-10639\" alt=\"\" srcset=\"https:\/\/recarprofi.cz\/wp-content\/uploads\/2018\/07\/unia-alka-xl5.png 1080w, https:\/\/recarprofi.cz\/wp-content\/uploads\/2018\/07\/unia-alka-xl5-600x303.png 600w\" sizes=\"(max-width: 1080px) 100vw, 1080px\" \/><\/a><\/figure><div class=\"elementor-image-box-content\"><h3 class=\"elementor-image-box-title\"><a href=\"https:\/\/recarprofi.cz\/uvod\/zemedelska-technika\/picniny\/zaci-stroje\/tazene-unia\/\">Ta\u017een\u00e9 diskov\u00e9 \u017eac\u00ed stroje Unia<\/a><\/h3><p class=\"elementor-image-box-description\">Pracovn\u00ed z\u00e1b\u011br 3,2m.<\/p><\/div><\/div>\t\t\t\t<\/div>\n\t\t\t\t<\/div>\n\t\t\t\t\t<\/div>\n\t\t<\/div>\n\t\t\t\t\t<\/div>\n\t\t<\/section>\n\t\t\t\t<section class=\"elementor-section elementor-top-section elementor-element elementor-element-6b9b51a elementor-section-boxed elementor-section-height-default elementor-section-height-default\" data-id=\"6b9b51a\" data-element_type=\"section\" data-e-type=\"section\">\n\t\t\t\t\t\t<div class=\"elementor-container elementor-column-gap-default\">\n\t\t\t\t\t<div class=\"elementor-column elementor-col-100 elementor-top-column elementor-element elementor-element-789aa41\" data-id=\"789aa41\" data-element_type=\"column\" data-e-type=\"column\">\n\t\t\t<div class=\"elementor-widget-wrap elementor-element-populated\">\n\t\t\t\t\t\t<div class=\"elementor-element elementor-element-715782c elementor-position-left elementor-vertical-align-top elementor-widget elementor-widget-image-box\" data-id=\"715782c\" data-element_type=\"widget\" data-e-type=\"widget\" data-widget_type=\"image-box.default\">\n\t\t\t\t<div class=\"elementor-widget-container\">\n\t\t\t\t\t<div class=\"elementor-image-box-wrapper\"><figure class=\"elementor-image-box-img\"><a href=\"https:\/\/recarprofi.cz\/uvod\/zemedelska-technika\/picniny\/zaci-stroje\/bubnove-unia\/\" tabindex=\"-1\"><img loading=\"lazy\" decoding=\"async\" width=\"500\" height=\"491\" src=\"https:\/\/recarprofi.cz\/wp-content\/uploads\/2018\/07\/unia-mewa.jpg\" class=\"attachment-full size-full wp-image-10649\" alt=\"\" srcset=\"https:\/\/recarprofi.cz\/wp-content\/uploads\/2018\/07\/unia-mewa.jpg 500w, https:\/\/recarprofi.cz\/wp-content\/uploads\/2018\/07\/unia-mewa-416x409.jpg 416w, https:\/\/recarprofi.cz\/wp-content\/uploads\/2018\/07\/unia-mewa-420x412.jpg 420w\" sizes=\"(max-width: 500px) 100vw, 500px\" \/><\/a><\/figure><div class=\"elementor-image-box-content\"><h3 class=\"elementor-image-box-title\"><a href=\"https:\/\/recarprofi.cz\/uvod\/zemedelska-technika\/picniny\/zaci-stroje\/bubnove-unia\/\">Bubnov\u00e9 \u017eac\u00ed stroje Unia<\/a><\/h3><p class=\"elementor-image-box-description\">Pracovn\u00ed z\u00e1b\u011br od 1,65 do 2,1m.<\/p><\/div><\/div>\t\t\t\t<\/div>\n\t\t\t\t<\/div>\n\t\t\t\t\t<\/div>\n\t\t<\/div>\n\t\t\t\t\t<\/div>\n\t\t<\/section>\n\t\t\t\t<\/div>\n\t\t","protected":false},"excerpt":{"rendered":"<p>\u010celn\u00ed diskov\u00e9 \u017eac\u00ed stroje Unia Hydropneumatick\u00e9 odpru\u017een\u00ed, parcovn\u00ed z\u00e1b\u011br 3,2m. Diskov\u00e9 \u017eac\u00ed stroje Unia \u0159ady L Pracovn\u00ed z\u00e1ber od 2,1 do 2,8m. Diskov\u00e9 \u017eac\u00ed stroje Unia s centr\u00e1ln\u00edm zav\u011b\u0161en\u00edm Hydropneumatick\u00e9 odpru\u017een\u00ed, pracovn\u00ed z\u00e1b\u011br od 2,4&hellip;<\/p>\n","protected":false},"author":1,"featured_media":0,"parent":134,"menu_order":1,"comment_status":"closed","ping_status":"closed","template":"","meta":{"footnotes":""},"class_list":["post-2559","page","type-page","status-publish","hentry"],"_links":{"self":[{"href":"https:\/\/recarprofi.cz\/uvod\/wp-json\/wp\/v2\/pages\/2559","targetHints":{"allow":["GET"]}}],"collection":[{"href":"https:\/\/recarprofi.cz\/uvod\/wp-json\/wp\/v2\/pages"}],"about":[{"href":"https:\/\/recarprofi.cz\/uvod\/wp-json\/wp\/v2\/types\/page"}],"author":[{"embeddable":true,"href":"https:\/\/recarprofi.cz\/uvod\/wp-json\/wp\/v2\/users\/1"}],"replies":[{"embeddable":true,"href":"https:\/\/recarprofi.cz\/uvod\/wp-json\/wp\/v2\/comments?post=2559"}],"version-history":[{"count":77,"href":"https:\/\/recarprofi.cz\/uvod\/wp-json\/wp\/v2\/pages\/2559\/revisions"}],"predecessor-version":[{"id":32741,"href":"https:\/\/recarprofi.cz\/uvod\/wp-json\/wp\/v2\/pages\/2559\/revisions\/32741"}],"up":[{"embeddable":true,"href":"https:\/\/recarprofi.cz\/uvod\/wp-json\/wp\/v2\/pages\/134"}],"wp:attachment":[{"href":"https:\/\/recarprofi.cz\/uvod\/wp-json\/wp\/v2\/media?parent=2559"}],"curies":[{"name":"wp","href":"https:\/\/api.w.org\/{rel}","templated":true}]}}