{"id":2641,"date":"2013-02-21T16:43:12","date_gmt":"2013-02-21T15:43:12","guid":{"rendered":"http:\/\/recarprofi.cz\/?page_id=2641"},"modified":"2024-04-26T15:19:22","modified_gmt":"2024-04-26T13:19:22","slug":"diskove-unia","status":"publish","type":"page","link":"https:\/\/recarprofi.cz\/uvod\/zemedelska-technika\/picniny\/zaci-stroje\/diskove-unia\/","title":{"rendered":"Diskov\u00e9 \u017eac\u00ed stroje Unia s centr\u00e1ln\u00edm zav\u011b\u0161en\u00edm"},"content":{"rendered":"\t\t<div data-elementor-type=\"wp-page\" data-elementor-id=\"2641\" class=\"elementor elementor-2641\">\n\t\t\t\t\t\t<section class=\"elementor-section elementor-top-section elementor-element elementor-element-4a1ff44c elementor-section-boxed elementor-section-height-default elementor-section-height-default\" data-id=\"4a1ff44c\" data-element_type=\"section\" data-e-type=\"section\">\n\t\t\t\t\t\t<div class=\"elementor-container elementor-column-gap-default\">\n\t\t\t\t\t<div class=\"elementor-column elementor-col-100 elementor-top-column elementor-element elementor-element-4056ee1a\" data-id=\"4056ee1a\" data-element_type=\"column\" data-e-type=\"column\">\n\t\t\t<div class=\"elementor-widget-wrap elementor-element-populated\">\n\t\t\t\t\t\t<div class=\"elementor-element elementor-element-4c1fb81a elementor-widget elementor-widget-text-editor\" data-id=\"4c1fb81a\" data-element_type=\"widget\" data-e-type=\"widget\" data-widget_type=\"text-editor.default\">\n\t\t\t\t<div class=\"elementor-widget-container\">\n\t\t\t\t\t\t\t\t\t<p><a href=\"https:\/\/recarprofi.cz\/wp-content\/uploads\/2018\/07\/unia-alka-cl.jpg\"><img fetchpriority=\"high\" decoding=\"async\" class=\"aligncenter wp-image-10631 size-large\" src=\"https:\/\/recarprofi.cz\/wp-content\/uploads\/2018\/07\/unia-alka-cl-1200x800.jpg\" alt=\"\" width=\"1140\" height=\"760\" \/><\/a><\/p><p>ALKA CL je bo\u010dn\u00ed diskov\u00e1 seka\u010dka s centr\u00e1ln\u00edm zav\u011b\u0161en\u00edm tvo\u0159ena disky se dv\u011bmi no\u017ei, umo\u017e\u0148uj\u00edc\u00ed rychlou v\u00fdm\u011bnu. Stroj je nesen v t\u0159\u00ed bodov\u00e9m z\u00e1v\u011bsu traktoru, poh\u00e1n\u011bn kardanovou h\u0159\u00eddeli, m\u00e1 hydropneumatick\u00e9 odpru\u017een\u00ed,\u00a0 \u00a0 \u00a0 hydraulicky skl\u00e1d\u00e1na do p\u0159epravn\u00ed polohy.<\/p><p>ALKA CL je ve standardu vybavena:<\/p><ul><li>rychl\u00e1 v\u00fdm\u011bna no\u017e\u00edk\u016f<\/li><li>hydraulick\u00e9 skl\u00e1p\u011bn\u00ed pro transport<\/li><li>kondicion\u00e9r pro s\u00e9rii S<\/li><li>dva shrnova\u010de pokosu ALKA CL<\/li><li>veden\u00ed pro shrnut\u00ed \u0159\u00e1dku pro S<\/li><li>hydropneumatick\u00e9 odpru\u017een\u00ed<\/li><li>n\u00e1razov\u00e1 pojistka<\/li><li>komplet \u017eac\u00edch no\u017e\u00edk\u016f<\/li><li>kloubov\u00fd n\u00e1hon (6&#215;6, 460 Nm) s volnob\u011b\u017ekou a p\u0159et\u011b\u017eovac\u00ed spojkou (M=1450 Nm)<\/li><\/ul><p><strong>Technick\u00e9 parametry:<\/strong><\/p><table style=\"height: 624px;\" width=\"536\"><tbody><tr><td width=\"85\"><strong>Model<\/strong><\/td><td width=\"85\"><strong>Alka CL 2,4<\/strong><\/td><td width=\"85\"><strong>Alka CL 2,8<\/strong><\/td><td width=\"85\"><strong>Alka CL 2,8 S<\/strong><\/td><td width=\"85\"><strong>Alka CL 3,2<\/strong><\/td><td width=\"85\"><strong>Alka CL 3,2 S<\/strong><\/td><\/tr><tr><td width=\"85\">Pracovn\u00ed z\u00e1b\u011br (m)<\/td><td width=\"85\">2,4<\/td><td width=\"85\">2,8<\/td><td width=\"85\">2,8<\/td><td width=\"85\">3,2<\/td><td width=\"85\">3,2<\/td><\/tr><tr><td width=\"85\">Po\u010det disk\u016f (ks)<\/td><td width=\"85\">6<\/td><td width=\"85\">7<\/td><td width=\"85\">7<\/td><td width=\"85\">8<\/td><td width=\"85\">8<\/td><\/tr><tr><td width=\"85\">V\u00fd\u0161ka se\u010den\u00ed (mm)<\/td><td width=\"85\">40-60<\/td><td width=\"85\">40-60<\/td><td width=\"85\">40-60<\/td><td width=\"85\">40-60<\/td><td width=\"85\">40-60<\/td><\/tr><tr><td width=\"85\">Hodinov\u00e1 v\u00fdkonnost (h\/hod)<\/td><td width=\"85\">2,4<\/td><td width=\"85\">2,8<\/td><td width=\"85\">2,8<\/td><td width=\"85\">3,2<\/td><td width=\"85\">3,2<\/td><\/tr><tr><td width=\"85\">Hmotnost (kg)<\/td><td width=\"85\">570<\/td><td width=\"85\">700<\/td><td width=\"85\">880<\/td><td width=\"85\">820<\/td><td width=\"85\">1020<\/td><\/tr><tr><td width=\"85\">V\u00fdkon traktoru (k)<\/td><td width=\"85\">70<\/td><td width=\"85\">70<\/td><td width=\"85\">80<\/td><td width=\"85\">80<\/td><td width=\"85\">90<\/td><\/tr><tr><td width=\"85\">Ot\u00e1\u010dka kardanu (ot\/min)<\/td><td width=\"85\">540<\/td><td width=\"85\">540<\/td><td width=\"85\">540<\/td><td width=\"85\">540<\/td><td width=\"85\">540<\/td><\/tr><tr><td width=\"85\">Transportn\u00ed v\u00fd\u0161ka (m)<\/td><td width=\"85\">2,6<\/td><td width=\"85\">3,2<\/td><td width=\"85\">3,2<\/td><td width=\"85\">3,4<\/td><td width=\"85\">3,4<\/td><\/tr><tr><td width=\"85\">Kategorie z\u00e1v\u011bsu<\/td><td width=\"85\">II \/ III<\/td><td width=\"85\">II \/ III<\/td><td width=\"85\">II \/ III<\/td><td width=\"85\">II \/ III<\/td><td width=\"85\">II \/ III<\/td><\/tr><tr><td width=\"85\">\u0160\u00ed\u0159ka pokosu (m)<\/td><td width=\"85\">1,5<\/td><td width=\"85\">1,8<\/td><td width=\"85\">1<\/td><td width=\"85\">2,1<\/td><td width=\"85\">1<\/td><\/tr><tr><td width=\"85\">\u00a0<\/td><td width=\"85\">\u00a0<\/td><\/tr><\/tbody><\/table><p><a href=\"http:\/\/recarprofi.cz\/wp-content\/uploads\/2018\/07\/unia-alka-cl5.jpg\"><img decoding=\"async\" class=\"aligncenter wp-image-10632 size-full\" src=\"http:\/\/recarprofi.cz\/wp-content\/uploads\/2018\/07\/unia-alka-cl5.jpg\" alt=\"\" width=\"650\" height=\"394\" srcset=\"https:\/\/recarprofi.cz\/wp-content\/uploads\/2018\/07\/unia-alka-cl5.jpg 650w, https:\/\/recarprofi.cz\/wp-content\/uploads\/2018\/07\/unia-alka-cl5-600x364.jpg 600w, https:\/\/recarprofi.cz\/wp-content\/uploads\/2018\/07\/unia-alka-cl5-420x255.jpg 420w\" sizes=\"(max-width: 650px) 100vw, 650px\" \/><\/a><\/p><p><a href=\"http:\/\/recarprofi.cz\/wp-content\/uploads\/2018\/07\/unia-alka-cl4.jpg\"><img decoding=\"async\" class=\"aligncenter wp-image-10633 size-full\" src=\"http:\/\/recarprofi.cz\/wp-content\/uploads\/2018\/07\/unia-alka-cl4.jpg\" alt=\"\" width=\"500\" height=\"681\" srcset=\"https:\/\/recarprofi.cz\/wp-content\/uploads\/2018\/07\/unia-alka-cl4.jpg 500w, https:\/\/recarprofi.cz\/wp-content\/uploads\/2018\/07\/unia-alka-cl4-416x567.jpg 416w, https:\/\/recarprofi.cz\/wp-content\/uploads\/2018\/07\/unia-alka-cl4-420x572.jpg 420w\" sizes=\"(max-width: 500px) 100vw, 500px\" \/><\/a><\/p><p><a href=\"http:\/\/recarprofi.cz\/wp-content\/uploads\/2018\/07\/unia-alka-cl3.jpg\"><img loading=\"lazy\" decoding=\"async\" class=\"aligncenter wp-image-10635 size-full\" src=\"http:\/\/recarprofi.cz\/wp-content\/uploads\/2018\/07\/unia-alka-cl3.jpg\" alt=\"\" width=\"500\" height=\"387\" srcset=\"https:\/\/recarprofi.cz\/wp-content\/uploads\/2018\/07\/unia-alka-cl3.jpg 500w, https:\/\/recarprofi.cz\/wp-content\/uploads\/2018\/07\/unia-alka-cl3-416x322.jpg 416w, https:\/\/recarprofi.cz\/wp-content\/uploads\/2018\/07\/unia-alka-cl3-420x325.jpg 420w\" sizes=\"(max-width: 500px) 100vw, 500px\" \/><\/a><\/p><p>\u00a0<\/p><p><a href=\"https:\/\/recarprofi.cz\/wp-content\/uploads\/2018\/07\/unia-alka-xl4.jpg\"><img loading=\"lazy\" decoding=\"async\" class=\"aligncenter wp-image-10645 size-full\" src=\"https:\/\/recarprofi.cz\/wp-content\/uploads\/2018\/07\/unia-alka-xl4.jpg\" alt=\"\" width=\"500\" height=\"333\" srcset=\"https:\/\/recarprofi.cz\/wp-content\/uploads\/2018\/07\/unia-alka-xl4.jpg 500w, https:\/\/recarprofi.cz\/wp-content\/uploads\/2018\/07\/unia-alka-xl4-416x277.jpg 416w, https:\/\/recarprofi.cz\/wp-content\/uploads\/2018\/07\/unia-alka-xl4-420x280.jpg 420w\" sizes=\"(max-width: 500px) 100vw, 500px\" \/><\/a><\/p>\t\t\t\t\t\t\t\t<\/div>\n\t\t\t\t<\/div>\n\t\t\t\t\t<\/div>\n\t\t<\/div>\n\t\t\t\t\t<\/div>\n\t\t<\/section>\n\t\t\t\t<\/div>\n\t\t","protected":false},"excerpt":{"rendered":"<p>ALKA CL je bo\u010dn\u00ed diskov\u00e1 seka\u010dka s centr\u00e1ln\u00edm zav\u011b\u0161en\u00edm tvo\u0159ena disky se dv\u011bmi no\u017ei, umo\u017e\u0148uj\u00edc\u00ed rychlou v\u00fdm\u011bnu. Stroj je nesen v t\u0159\u00ed bodov\u00e9m z\u00e1v\u011bsu traktoru, poh\u00e1n\u011bn kardanovou h\u0159\u00eddeli, m\u00e1 hydropneumatick\u00e9 odpru\u017een\u00ed,\u00a0 \u00a0 \u00a0 hydraulicky skl\u00e1d\u00e1na&hellip;<\/p>\n","protected":false},"author":1,"featured_media":0,"parent":2559,"menu_order":4,"comment_status":"closed","ping_status":"closed","template":"","meta":{"footnotes":""},"class_list":["post-2641","page","type-page","status-publish","hentry"],"_links":{"self":[{"href":"https:\/\/recarprofi.cz\/uvod\/wp-json\/wp\/v2\/pages\/2641","targetHints":{"allow":["GET"]}}],"collection":[{"href":"https:\/\/recarprofi.cz\/uvod\/wp-json\/wp\/v2\/pages"}],"about":[{"href":"https:\/\/recarprofi.cz\/uvod\/wp-json\/wp\/v2\/types\/page"}],"author":[{"embeddable":true,"href":"https:\/\/recarprofi.cz\/uvod\/wp-json\/wp\/v2\/users\/1"}],"replies":[{"embeddable":true,"href":"https:\/\/recarprofi.cz\/uvod\/wp-json\/wp\/v2\/comments?post=2641"}],"version-history":[{"count":28,"href":"https:\/\/recarprofi.cz\/uvod\/wp-json\/wp\/v2\/pages\/2641\/revisions"}],"predecessor-version":[{"id":21326,"href":"https:\/\/recarprofi.cz\/uvod\/wp-json\/wp\/v2\/pages\/2641\/revisions\/21326"}],"up":[{"embeddable":true,"href":"https:\/\/recarprofi.cz\/uvod\/wp-json\/wp\/v2\/pages\/2559"}],"wp:attachment":[{"href":"https:\/\/recarprofi.cz\/uvod\/wp-json\/wp\/v2\/media?parent=2641"}],"curies":[{"name":"wp","href":"https:\/\/api.w.org\/{rel}","templated":true}]}}