{"id":26483,"date":"2023-07-20T13:05:59","date_gmt":"2023-07-20T11:05:59","guid":{"rendered":"https:\/\/recarprofi.cz\/uvod\/?page_id=26483"},"modified":"2026-01-08T12:40:04","modified_gmt":"2026-01-08T11:40:04","slug":"es-16-n02","status":"publish","type":"page","link":"https:\/\/recarprofi.cz\/uvod\/manipulacni-technika\/rucne-vedene-voziky-baoli\/es-16-n02\/","title":{"rendered":"Ru\u010dn\u011b veden\u00fd vysokozdvi\u017en\u00fd voz\u00edk Baoli ES 16-N02"},"content":{"rendered":"\t\t<div data-elementor-type=\"wp-page\" data-elementor-id=\"26483\" class=\"elementor elementor-26483\">\n\t\t\t\t\t\t<section class=\"elementor-section elementor-top-section elementor-element elementor-element-2b1075e elementor-section-boxed elementor-section-height-default elementor-section-height-default\" data-id=\"2b1075e\" data-element_type=\"section\" data-e-type=\"section\">\n\t\t\t\t\t\t<div class=\"elementor-container elementor-column-gap-default\">\n\t\t\t\t\t<div class=\"elementor-column elementor-col-100 elementor-top-column elementor-element elementor-element-d0c4e62\" data-id=\"d0c4e62\" data-element_type=\"column\" data-e-type=\"column\">\n\t\t\t<div class=\"elementor-widget-wrap elementor-element-populated\">\n\t\t\t\t\t\t<div class=\"elementor-element elementor-element-fd35ec7 elementor-widget elementor-widget-image\" data-id=\"fd35ec7\" data-element_type=\"widget\" data-e-type=\"widget\" data-widget_type=\"image.default\">\n\t\t\t\t<div class=\"elementor-widget-container\">\n\t\t\t\t\t\t\t\t\t\t\t\t\t\t\t<img fetchpriority=\"high\" decoding=\"async\" width=\"600\" height=\"401\" src=\"https:\/\/recarprofi.cz\/wp-content\/uploads\/2023\/07\/baoli-es12.jpg\" class=\"attachment-large size-large wp-image-26474\" alt=\"\" srcset=\"https:\/\/recarprofi.cz\/wp-content\/uploads\/2023\/07\/baoli-es12.jpg 600w, https:\/\/recarprofi.cz\/wp-content\/uploads\/2023\/07\/baoli-es12-420x281.jpg 420w, https:\/\/recarprofi.cz\/wp-content\/uploads\/2023\/07\/baoli-es12-90x60.jpg 90w\" sizes=\"(max-width: 600px) 100vw, 600px\" \/>\t\t\t\t\t\t\t\t\t\t\t\t\t\t\t<\/div>\n\t\t\t\t<\/div>\n\t\t\t\t\t<\/div>\n\t\t<\/div>\n\t\t\t\t\t<\/div>\n\t\t<\/section>\n\t\t\t\t<section class=\"elementor-section elementor-top-section elementor-element elementor-element-6a76c5b elementor-section-boxed elementor-section-height-default elementor-section-height-default\" data-id=\"6a76c5b\" data-element_type=\"section\" data-e-type=\"section\">\n\t\t\t\t\t\t<div class=\"elementor-container elementor-column-gap-default\">\n\t\t\t\t\t<div class=\"elementor-column elementor-col-100 elementor-top-column elementor-element elementor-element-48b8d56\" data-id=\"48b8d56\" data-element_type=\"column\" data-e-type=\"column\">\n\t\t\t<div class=\"elementor-widget-wrap elementor-element-populated\">\n\t\t\t\t\t\t<div class=\"elementor-element elementor-element-ca163c7 elementor-widget elementor-widget-button\" data-id=\"ca163c7\" data-element_type=\"widget\" data-e-type=\"widget\" data-widget_type=\"button.default\">\n\t\t\t\t<div class=\"elementor-widget-container\">\n\t\t\t\t\t\t\t\t\t<div class=\"elementor-button-wrapper\">\n\t\t\t\t\t<a class=\"elementor-button elementor-button-link elementor-size-sm\" href=\"https:\/\/recarprofi.cz\/uvod\/kategorie-produktu\/rucne-vedene-elektricke-voziky\/\">\n\t\t\t\t\t\t<span class=\"elementor-button-content-wrapper\">\n\t\t\t\t\t\t\t\t\t<span class=\"elementor-button-text\">Vstup do eshopu<\/span>\n\t\t\t\t\t<\/span>\n\t\t\t\t\t<\/a>\n\t\t\t\t<\/div>\n\t\t\t\t\t\t\t\t<\/div>\n\t\t\t\t<\/div>\n\t\t\t\t<div class=\"elementor-element elementor-element-0ae250d elementor-widget elementor-widget-text-editor\" data-id=\"0ae250d\" data-element_type=\"widget\" data-e-type=\"widget\" data-widget_type=\"text-editor.default\">\n\t\t\t\t<div class=\"elementor-widget-container\">\n\t\t\t\t\t\t\t\t\t<p><span>Paletov\u00e9 voz\u00edky Baoli ES 16-N02 jsou perfektn\u00ed pro p\u0159epravu a skladov\u00e1n\u00ed n\u00e1klad\u016f do 1600 kg.<\/span><\/p><p><span>ES16-N02 je vybaven bateri\u00ed s vy\u0161\u0161\u00ed kapacitou 24 V \/ 270 Ah.<\/span><\/p><p><span>D\u00edky citliv\u00e9mu ovl\u00e1d\u00e1n\u00ed a proporcion\u00e1ln\u00edmu ovl\u00e1d\u00e1n\u00ed zaji\u0161\u0165uj\u00ed tyto paletov\u00e9 zaklada\u010de vysokou efektivitu manipulace.<\/span><\/p><p><span>Dlouh\u00e1 oj zaji\u0161\u0165uje optim\u00e1ln\u00ed a vysoce ergonomick\u00e9 ovl\u00e1d\u00e1n\u00ed vozidla.\u00a0Vy\u017eaduje men\u0161\u00ed ovl\u00e1dac\u00ed s\u00edlu a umo\u017e\u0148uje \u0159idi\u010di v\u017edy udr\u017eovat optim\u00e1ln\u00ed vzd\u00e1lenost od vozidla.<\/span><\/p><p><span>Robustn\u00ed kvalita konstrukce a vysok\u00e9 technologick\u00e9 standardy d\u011blaj\u00ed z paletov\u00fdch voz\u00edk\u016f ES 16-N02 skute\u010dn\u00e9 m\u011b\u0159\u00edtko ve sv\u00e9m oboru. Tyto paletov\u00e9 zaklada\u010de p\u0159esv\u011bd\u010d\u00ed maxim\u00e1ln\u00ed efektivitou a sn\u00ed\u017een\u00fdmi n\u00e1klady na \u00fadr\u017ebu.<\/span><\/p>\t\t\t\t\t\t\t\t<\/div>\n\t\t\t\t<\/div>\n\t\t\t\t\t<\/div>\n\t\t<\/div>\n\t\t\t\t\t<\/div>\n\t\t<\/section>\n\t\t\t\t<section class=\"elementor-section elementor-top-section elementor-element elementor-element-544bf5b elementor-section-boxed elementor-section-height-default elementor-section-height-default\" data-id=\"544bf5b\" data-element_type=\"section\" data-e-type=\"section\">\n\t\t\t\t\t\t<div class=\"elementor-container elementor-column-gap-default\">\n\t\t\t\t\t<div class=\"elementor-column elementor-col-100 elementor-top-column elementor-element elementor-element-465833b\" data-id=\"465833b\" data-element_type=\"column\" data-e-type=\"column\">\n\t\t\t<div class=\"elementor-widget-wrap elementor-element-populated\">\n\t\t\t\t\t\t<div class=\"elementor-element elementor-element-4ed2a94 elementor-widget elementor-widget-text-editor\" data-id=\"4ed2a94\" data-element_type=\"widget\" data-e-type=\"widget\" data-widget_type=\"text-editor.default\">\n\t\t\t\t<div class=\"elementor-widget-container\">\n\t\t\t\t\t\t\t\t\t<div class=\"content-text-image__media-wrap\"><div class=\"content-text-image__img-lazy-wrap lazy-element lazy-element--rendered\"><img decoding=\"async\" class=\"content-text-image__img lazy-element__img\" src=\"https:\/\/data.still.de\/assets\/baoli\/Products\/Pallet_stackers\/ES_12_N03\/Baoli_Pallet-Stacker_ES_12-N03_Intro.jpg?w=1920&amp;fit=max&amp;s=02b83cedaa7e54afe42cd1aecf09dbd4\" sizes=\"(min-width: 1920px) 960px, (min-width: 768px) 50vw, 100vw\" srcset=\"https:\/\/data.still.de\/assets\/baoli\/Products\/Pallet_stackers\/ES_12_N03\/Baoli_Pallet-Stacker_ES_12-N03_Intro.jpg?w=320&amp;fit=max&amp;s=e481e84704e2345e3a72dc4671cd15fe 320w, https:\/\/data.still.de\/assets\/baoli\/Products\/Pallet_stackers\/ES_12_N03\/Baoli_Pallet-Stacker_ES_12-N03_Intro.jpg?w=640&amp;fit=max&amp;s=7e0cd0c03009be9f0db52a1208be138a 640w, https:\/\/data.still.de\/assets\/baoli\/Products\/Pallet_stackers\/ES_12_N03\/Baoli_Pallet-Stacker_ES_12-N03_Intro.jpg?w=768&amp;fit=max&amp;s=9c20d255d3ccf3e3ddefe114a6277013 768w, https:\/\/data.still.de\/assets\/baoli\/Products\/Pallet_stackers\/ES_12_N03\/Baoli_Pallet-Stacker_ES_12-N03_Intro.jpg?w=1200&amp;fit=max&amp;s=b68ec7f5cedb567f65a34b1832899e87 1200w, https:\/\/data.still.de\/assets\/baoli\/Products\/Pallet_stackers\/ES_12_N03\/Baoli_Pallet-Stacker_ES_12-N03_Intro.jpg?w=1600&amp;fit=max&amp;s=ba66fa6117ede3e0d0877175d183f508 1600w, https:\/\/data.still.de\/assets\/baoli\/Products\/Pallet_stackers\/ES_12_N03\/Baoli_Pallet-Stacker_ES_12-N03_Intro.jpg?w=1920&amp;fit=max&amp;s=02b83cedaa7e54afe42cd1aecf09dbd4 1920w\" alt=\"\" width=\"1280\" height=\"927\" \/><\/div><\/div><div class=\"content-text-image__body content-text-image__body__industrial-trucks col-sm-6\"><h2 class=\"content-text-image__body-headline\"><span>Technologie a funkce:<\/span><\/h2><ul><li>AC technologie<\/li><li>Vysoce kvalitn\u00ed komponenty<\/li><li>Elektronika chr\u00e1n\u011bn\u00e1 proti vod\u011b a ne\u010distot\u00e1m<\/li><li>Perfektn\u00ed modulace j\u00edzdy<\/li><li>Robustn\u00ed \u010dty\u0159bodov\u00fd podvozek<\/li><li>K dispozici dvou a t\u0159\u00edstup\u0148ov\u00e9 sto\u017e\u00e1ry<\/li><li>V\u00fd\u0161ka zdvihu a\u017e 4600 mm<\/li><li>K dispozici jsou vidlice s celkovou \u0161\u00ed\u0159kou 570 nebo 685 mm<\/li><li>N\u00edzko ulo\u017een\u00e1 oj pro men\u0161\u00ed n\u00e1mahu p\u0159i man\u00e9vrov\u00e1n\u00ed<\/li><li>Automatick\u00e9 zpomalen\u00ed zdvihu v maxim\u00e1ln\u00ed v\u00fd\u0161ce<\/li><\/ul><\/div>\t\t\t\t\t\t\t\t<\/div>\n\t\t\t\t<\/div>\n\t\t\t\t\t<\/div>\n\t\t<\/div>\n\t\t\t\t\t<\/div>\n\t\t<\/section>\n\t\t\t\t<\/div>\n\t\t","protected":false},"excerpt":{"rendered":"<p>Vstup do eshopu Paletov\u00e9 voz\u00edky Baoli ES 16-N02 jsou perfektn\u00ed pro p\u0159epravu a skladov\u00e1n\u00ed n\u00e1klad\u016f do 1600 kg. ES16-N02 je vybaven bateri\u00ed s vy\u0161\u0161\u00ed kapacitou 24 V \/ 270 Ah. D\u00edky citliv\u00e9mu ovl\u00e1d\u00e1n\u00ed a proporcion\u00e1ln\u00edmu&hellip;<\/p>\n","protected":false},"author":1,"featured_media":26474,"parent":25037,"menu_order":12,"comment_status":"closed","ping_status":"closed","template":"","meta":{"footnotes":""},"class_list":["post-26483","page","type-page","status-publish","has-post-thumbnail","hentry"],"_links":{"self":[{"href":"https:\/\/recarprofi.cz\/uvod\/wp-json\/wp\/v2\/pages\/26483","targetHints":{"allow":["GET"]}}],"collection":[{"href":"https:\/\/recarprofi.cz\/uvod\/wp-json\/wp\/v2\/pages"}],"about":[{"href":"https:\/\/recarprofi.cz\/uvod\/wp-json\/wp\/v2\/types\/page"}],"author":[{"embeddable":true,"href":"https:\/\/recarprofi.cz\/uvod\/wp-json\/wp\/v2\/users\/1"}],"replies":[{"embeddable":true,"href":"https:\/\/recarprofi.cz\/uvod\/wp-json\/wp\/v2\/comments?post=26483"}],"version-history":[{"count":12,"href":"https:\/\/recarprofi.cz\/uvod\/wp-json\/wp\/v2\/pages\/26483\/revisions"}],"predecessor-version":[{"id":32675,"href":"https:\/\/recarprofi.cz\/uvod\/wp-json\/wp\/v2\/pages\/26483\/revisions\/32675"}],"up":[{"embeddable":true,"href":"https:\/\/recarprofi.cz\/uvod\/wp-json\/wp\/v2\/pages\/25037"}],"wp:featuredmedia":[{"embeddable":true,"href":"https:\/\/recarprofi.cz\/uvod\/wp-json\/wp\/v2\/media\/26474"}],"wp:attachment":[{"href":"https:\/\/recarprofi.cz\/uvod\/wp-json\/wp\/v2\/media?parent=26483"}],"curies":[{"name":"wp","href":"https:\/\/api.w.org\/{rel}","templated":true}]}}