{"id":27676,"date":"2024-01-05T14:39:07","date_gmt":"2024-01-05T13:39:07","guid":{"rendered":"https:\/\/recarprofi.cz\/uvod\/?page_id=27676"},"modified":"2024-03-26T08:23:34","modified_gmt":"2024-03-26T07:23:34","slug":"traktory-kioti-ck-5030","status":"publish","type":"page","link":"https:\/\/recarprofi.cz\/uvod\/komunalni-technika\/traktory\/komunalni-traktory-kioti\/traktory-kioti-ck-5030\/","title":{"rendered":"Traktory Kioti CK 5030"},"content":{"rendered":"\t\t<div data-elementor-type=\"wp-page\" data-elementor-id=\"27676\" class=\"elementor elementor-27676\">\n\t\t\t\t\t\t<section class=\"elementor-section elementor-top-section elementor-element elementor-element-51a6e23 elementor-section-boxed elementor-section-height-default elementor-section-height-default\" data-id=\"51a6e23\" data-element_type=\"section\" data-e-type=\"section\">\n\t\t\t\t\t\t<div class=\"elementor-container elementor-column-gap-default\">\n\t\t\t\t\t<div class=\"elementor-column elementor-col-100 elementor-top-column elementor-element elementor-element-4cefb20\" data-id=\"4cefb20\" data-element_type=\"column\" data-e-type=\"column\">\n\t\t\t<div class=\"elementor-widget-wrap elementor-element-populated\">\n\t\t\t\t\t\t<div class=\"elementor-element elementor-element-4828d39 elementor-widget elementor-widget-video\" data-id=\"4828d39\" data-element_type=\"widget\" data-e-type=\"widget\" data-settings=\"{&quot;youtube_url&quot;:&quot;https:\\\/\\\/youtu.be\\\/jOEQ8fZ9A5I&quot;,&quot;video_type&quot;:&quot;youtube&quot;,&quot;controls&quot;:&quot;yes&quot;}\" data-widget_type=\"video.default\">\n\t\t\t\t<div class=\"elementor-widget-container\">\n\t\t\t\t\t\t\t<div class=\"elementor-wrapper elementor-open-inline\">\n\t\t\t<div class=\"elementor-video\"><\/div>\t\t<\/div>\n\t\t\t\t\t\t<\/div>\n\t\t\t\t<\/div>\n\t\t\t\t\t<\/div>\n\t\t<\/div>\n\t\t\t\t\t<\/div>\n\t\t<\/section>\n\t\t\t\t<section class=\"elementor-section elementor-top-section elementor-element elementor-element-ebbf725 elementor-section-boxed elementor-section-height-default elementor-section-height-default\" data-id=\"ebbf725\" data-element_type=\"section\" data-e-type=\"section\">\n\t\t\t\t\t\t<div class=\"elementor-container elementor-column-gap-default\">\n\t\t\t\t\t<div class=\"elementor-column elementor-col-100 elementor-top-column elementor-element elementor-element-1c1144f\" data-id=\"1c1144f\" data-element_type=\"column\" data-e-type=\"column\">\n\t\t\t<div class=\"elementor-widget-wrap elementor-element-populated\">\n\t\t\t\t\t\t<div class=\"elementor-element elementor-element-327f5f9 elementor-widget elementor-widget-button\" data-id=\"327f5f9\" data-element_type=\"widget\" data-e-type=\"widget\" data-widget_type=\"button.default\">\n\t\t\t\t<div class=\"elementor-widget-container\">\n\t\t\t\t\t\t\t\t\t<div class=\"elementor-button-wrapper\">\n\t\t\t\t\t<a class=\"elementor-button elementor-button-link elementor-size-sm\" href=\"https:\/\/recarprofi.cz\/uvod\/kategorie-produktu\/traktory-kioti\/\">\n\t\t\t\t\t\t<span class=\"elementor-button-content-wrapper\">\n\t\t\t\t\t\t\t\t\t<span class=\"elementor-button-text\">Vstup do eshopu<\/span>\n\t\t\t\t\t<\/span>\n\t\t\t\t\t<\/a>\n\t\t\t\t<\/div>\n\t\t\t\t\t\t\t\t<\/div>\n\t\t\t\t<\/div>\n\t\t\t\t<div class=\"elementor-element elementor-element-9dd979a elementor-widget elementor-widget-text-editor\" data-id=\"9dd979a\" data-element_type=\"widget\" data-e-type=\"widget\" data-widget_type=\"text-editor.default\">\n\t\t\t\t<div class=\"elementor-widget-container\">\n\t\t\t\t\t\t\t\t\t<div class=\"sortiment__text--text desktop\">Model CK5030 je n\u00e1stupce modelov\u00e9 \u0159ady CK10!<br \/>Stejn\u00e9 \u0161asi, vy\u0161\u0161\u00ed komfort, tov\u00e1rn\u00ed kabina s klimou!<\/div><div class=\"sortiment__text--list\"><ul><li>Dieselov\u00fd motor Daedong s v\u00fdkonem 50,3 HP<\/li><li>Mechanick\u00e1 nebo HST p\u0159evodovka<\/li><li><strong>HST linked pedal<\/strong>\u00a0&#8211; vazba propojen\u00ed ot\u00e1\u010dek motoru s polohou ped\u00e1lu pojezdu<\/li><li>Hydraulick\u00e9 \u010derpadlo s v\u00fdkonem 42,9\u00a0l\/min<\/li><li>P\u0159ipojiteln\u00fd pohon 4&#215;4<\/li><li>Tov\u00e1rn\u00ed kabina s klimou nebo sklopn\u00fd ochrann\u00fd r\u00e1m<\/li><li>Vyh\u0159\u00edvan\u00e9 zadn\u00ed okno<\/li><li>Polom\u011br ot\u00e1\u010den\u00ed 245 cm<\/li><li>Posilova\u010d \u0159\u00edzen\u00ed<\/li><li>Ovl\u00e1d\u00e1n\u00ed joysticku jednou p\u00e1kou + plovouc\u00ed poloha<\/li><\/ul><\/div>\t\t\t\t\t\t\t\t<\/div>\n\t\t\t\t<\/div>\n\t\t\t\t\t<\/div>\n\t\t<\/div>\n\t\t\t\t\t<\/div>\n\t\t<\/section>\n\t\t\t\t<section class=\"elementor-section elementor-top-section elementor-element elementor-element-d636125 elementor-section-boxed elementor-section-height-default elementor-section-height-default\" data-id=\"d636125\" data-element_type=\"section\" data-e-type=\"section\">\n\t\t\t\t\t\t<div class=\"elementor-container elementor-column-gap-default\">\n\t\t\t\t\t<div class=\"elementor-column elementor-col-100 elementor-top-column elementor-element elementor-element-97aeb44\" data-id=\"97aeb44\" data-element_type=\"column\" data-e-type=\"column\">\n\t\t\t<div class=\"elementor-widget-wrap elementor-element-populated\">\n\t\t\t\t\t\t<div class=\"elementor-element elementor-element-f022955 elementor-widget elementor-widget-image\" data-id=\"f022955\" data-element_type=\"widget\" data-e-type=\"widget\" data-widget_type=\"image.default\">\n\t\t\t\t<div class=\"elementor-widget-container\">\n\t\t\t\t\t\t\t\t\t\t\t\t\t\t\t<img fetchpriority=\"high\" decoding=\"async\" width=\"1140\" height=\"641\" src=\"https:\/\/recarprofi.cz\/wp-content\/uploads\/2024\/01\/kioti-ck2630.jpg\" class=\"attachment-large size-large wp-image-27658\" alt=\"\" srcset=\"https:\/\/recarprofi.cz\/wp-content\/uploads\/2024\/01\/kioti-ck2630.jpg 1200w, https:\/\/recarprofi.cz\/wp-content\/uploads\/2024\/01\/kioti-ck2630-744x419.jpg 744w, https:\/\/recarprofi.cz\/wp-content\/uploads\/2024\/01\/kioti-ck2630-420x236.jpg 420w, https:\/\/recarprofi.cz\/wp-content\/uploads\/2024\/01\/kioti-ck2630-768x432.jpg 768w, https:\/\/recarprofi.cz\/wp-content\/uploads\/2024\/01\/kioti-ck2630-1024x576.jpg 1024w, https:\/\/recarprofi.cz\/wp-content\/uploads\/2024\/01\/kioti-ck2630-600x338.jpg 600w\" sizes=\"(max-width: 1140px) 100vw, 1140px\" \/>\t\t\t\t\t\t\t\t\t\t\t\t\t\t\t<\/div>\n\t\t\t\t<\/div>\n\t\t\t\t\t<\/div>\n\t\t<\/div>\n\t\t\t\t\t<\/div>\n\t\t<\/section>\n\t\t\t\t<section class=\"elementor-section elementor-top-section elementor-element elementor-element-63c0233 elementor-section-boxed elementor-section-height-default elementor-section-height-default\" data-id=\"63c0233\" data-element_type=\"section\" data-e-type=\"section\">\n\t\t\t\t\t\t<div class=\"elementor-container elementor-column-gap-default\">\n\t\t\t\t\t<div class=\"elementor-column elementor-col-100 elementor-top-column elementor-element elementor-element-394bb6f\" data-id=\"394bb6f\" data-element_type=\"column\" data-e-type=\"column\">\n\t\t\t<div class=\"elementor-widget-wrap elementor-element-populated\">\n\t\t\t\t\t\t<div class=\"elementor-element elementor-element-a548d70 elementor-widget elementor-widget-text-editor\" data-id=\"a548d70\" data-element_type=\"widget\" data-e-type=\"widget\" data-widget_type=\"text-editor.default\">\n\t\t\t\t<div class=\"elementor-widget-container\">\n\t\t\t\t\t\t\t\t\t<ul><li><strong>Posilova\u010d \u0159\u00edzen\u00ed<\/strong><\/li><li>Posilova\u010d \u0159\u00edzen\u00ed sni\u017euje n\u00e1ro\u010dnost zat\u00e1\u010den\u00ed i v nejn\u00e1ro\u010dn\u011bj\u0161\u00edm ter\u00e9nu.<\/li><li>Pohodln\u00e9 sedadlo \u0159idi\u010de<\/li><li>Ergonomick\u00e1 a nastaviteln\u00e1 seda\u010dka \u0159idi\u010de umo\u017e\u0148uje \u0159idi\u010di komfortn\u00ed j\u00edzdu v jak\u00fdchkoliv podm\u00ednk\u00e1ch.<\/li><li><strong>Ovl\u00e1d\u00e1n\u00ed t\u0159et\u00edho bodu<\/strong><\/li><li>Ovlada\u010d t\u0159et\u00edho bodu umo\u017e\u0148uje zvednout nebo sn\u00ed\u017eit ramena p\u0159i agregaci s p\u0159\u00edslu\u0161enstv\u00edm.<\/li><li><strong>Sv\u011btl\u00e1 v\u00fd\u0161ka traktoru<\/strong><\/li><li>Minim\u00e1ln\u00ed sv\u011btl\u00e1 v\u00fd\u0161ka traktoru (368 mm) zvy\u0161uje pr\u016fchodnost traktoru v jak\u00e9mkoliv ter\u00e9nu.<\/li><li><strong>Madlo na blatn\u00edku<\/strong><\/li><li>Madlo typu ru\u010dn\u00ed op\u011brky na blatn\u00edku sn\u00ed\u017e\u00ed \u00fanavu zejm\u00e9na u \u0159idi\u010de, kter\u00fd stroj pou\u017e\u00edv\u00e1 po del\u0161\u00ed dobu.<\/li><li><strong>Pohon v\u0161ech 4 kol<\/strong><\/li><li>Pohon v\u0161ech 4 kol je standardem na v\u0161ech modelech a je jednodu\u0161e p\u0159ipojiteln\u00fd.<\/li><li><strong>Osv\u011btlen\u00fd p\u0159\u00edstrojov\u00fd panel<\/strong><\/li><li>Osv\u011btlen\u00fd p\u0159\u00edstrojov\u00fd panel zaji\u0161\u0165uje v\u00fdbornou viditelnost p\u0159i pr\u00e1ci ve dne i v noci.<\/li><li><strong>Uz\u00e1v\u011brka zadn\u00edho diferenci\u00e1lu<\/strong><\/li><li>Uz\u00e1v\u011brka zadn\u00edho diferenci\u00e1lu je jednodu\u0161e zap\u00ednateln\u00e1 patou a umo\u017e\u0148uje lep\u0161\u00ed pr\u016fjezd bahnit\u00fdm ter\u00e9nem.<\/li><li><strong>Zadn\u00ed nez\u00e1visl\u00e9 PTO<\/strong><\/li><li>PTO se jednodu\u0161e zapne oto\u010den\u00edm ovlada\u010de. V\u0161echny modely p\u0159ich\u00e1zej\u00ed s mo\u017enostmi automatick\u00e9ho nebo manu\u00e1ln\u00edho PTO. P\u0159i pr\u00e1ci se PTO automaticky vypne, kdy\u017e se zvedne t\u0159et\u00ed bod, to zaru\u010duje efektivitu a pr\u00e1ce a zaru\u010duje v\u011bt\u0161\u00ed bezpe\u010dnost p\u0159i pr\u00e1ci s p\u0159\u00edslu\u0161enstv\u00edm.<\/li><li><strong>Hydraulick\u00e9 okruhy<\/strong><\/li><li>Standardn\u011b 1 hydraulick\u00fd okruh pro verze bez kabiny, 2 hydraulick\u00e9 okruhy pro verzi s kabinou umo\u017e\u0148uj\u00ed \u0161irok\u00e9 vyu\u017eit\u00ed traktoru s r\u016fzn\u00fdm p\u0159\u00edslu\u0161enstv\u00edm.<\/li><li><strong>Modern\u00ed a elegantn\u00ed design<\/strong><\/li><li>Modern\u00ed a kompaktn\u00ed design traktor\u016f KIOTI d\u00e1v\u00e1 obsluze v\u00fdborn\u00fd v\u00fdhled a jednoduch\u00fd syst\u00e9m otev\u00edr\u00e1n\u00ed kapoty umo\u017e\u0148uje snadn\u00fd p\u0159\u00edstup k \u00fadr\u017eb\u011b traktoru.<\/li><li><strong>Siln\u00e1 HST p\u0159evodovka (HST model)<\/strong><\/li><li>Efektivn\u00ed HST p\u0159evodovka zaru\u010duje produktivitu pr\u00e1ce \u2013\u00a0 3 rozsahy p\u0159evodovky(rychl\u00e1\/st\u0159edn\u00ed\/pomal\u00e1) umo\u017e\u0148uj\u00ed zvolit p\u0159esn\u011b to, co pot\u0159ebujete.<\/li><li><strong>Dva HST ped\u00e1ly (HST)<\/strong><\/li><li>Dvouped\u00e1lov\u00fd syst\u00e9m pro modely HST s hladk\u00fdm chodem umo\u017e\u0148uje pohodln\u00e9 man\u00e9vrov\u00e1n\u00ed a kontrolu rychlosti dop\u0159edu a dozadu.<\/li><li><strong>Propojen\u00ed HST (HST)<\/strong><\/li><li>Doch\u00e1z\u00ed k propojen\u00ed HST ped\u00e1lu a oto\u010dek motoru. D\u00edky tomu kles\u00e1 spot\u0159eba motoru pro \u0159adu pou\u017eit\u00ed (nap\u0159. s \u010deln\u00edm naklada\u010dem).<\/li><li><strong>Joystick<\/strong><\/li><li>Ergonomick\u00fd joystick k \u010deln\u00edmu naklada\u010di je standardem.<\/li><li><strong>Tempomat PTO<\/strong><\/li><li>Vzhledem k motoru \u0159\u00edzen\u00e9mu jednotkou ECU lze ot\u00e1\u010dky v\u00fdvodov\u00e9ho h\u0159\u00eddele (ot\u00e1\u010dky motoru) udr\u017eovat na nastaven\u00e9 hodnot\u011b i v podm\u00ednk\u00e1ch m\u011bn\u00edc\u00edho se zat\u00ed\u017een\u00ed.<\/li><li><strong>Ekologicky \u0161etrn\u00fd dieselov\u00fd motor<\/strong><\/li><li>Nov\u00fd Common railov\u00fd motor (CRDI) sni\u017euje spot\u0159ebu a z\u00e1rove\u0148 sni\u017euje hluk. S t\u00edmto ekologicky \u0161etrn\u00fdm motorem nab\u00edz\u00ed \u0159ada CK tich\u00fd, hladk\u00fd, plynul\u00fd a z\u00e1rove\u0148 v\u00fdkonn\u00fd chod.<\/li><li><strong>Modern\u00ed klimatizovan\u00e1 kabina<\/strong><\/li><li>Modernizovan\u00e1 prostorn\u00e1 klimatizovan\u00e1 kabina zaji\u0161\u0165uje \u0159idi\u010di pohodl\u00ed p\u0159i pr\u00e1ci.<\/li><li><strong>Sk\u0159\u00ed\u0148ka na n\u00e1\u0159ad\u00ed<\/strong><\/li><li>Prostorn\u00e1 sk\u0159\u00ed\u0148ka na n\u00e1\u0159ad\u00ed je pohodln\u011b dosa\u017eiteln\u00e1 za sedadlem \u0159idi\u010de.<\/li><\/ul>\t\t\t\t\t\t\t\t<\/div>\n\t\t\t\t<\/div>\n\t\t\t\t\t<\/div>\n\t\t<\/div>\n\t\t\t\t\t<\/div>\n\t\t<\/section>\n\t\t\t\t<section class=\"elementor-section elementor-top-section elementor-element elementor-element-d58f84e elementor-section-boxed elementor-section-height-default elementor-section-height-default\" data-id=\"d58f84e\" data-element_type=\"section\" data-e-type=\"section\">\n\t\t\t\t\t\t<div class=\"elementor-container elementor-column-gap-default\">\n\t\t\t\t\t<div class=\"elementor-column elementor-col-100 elementor-top-column elementor-element elementor-element-dc3d381\" data-id=\"dc3d381\" data-element_type=\"column\" data-e-type=\"column\">\n\t\t\t<div class=\"elementor-widget-wrap elementor-element-populated\">\n\t\t\t\t\t\t<div class=\"elementor-element elementor-element-c0a34f5 elementor-widget elementor-widget-image-gallery\" data-id=\"c0a34f5\" data-element_type=\"widget\" data-e-type=\"widget\" data-widget_type=\"image-gallery.default\">\n\t\t\t\t<div class=\"elementor-widget-container\">\n\t\t\t\t\t\t\t<div class=\"elementor-image-gallery\">\n\t\t\t\n\t\t<style type=\"text\/css\">\n\t\t\t#gallery-1 {\n\t\t\t\tmargin: auto;\n\t\t\t}\n\t\t\t#gallery-1 .gallery-item {\n\t\t\t\tfloat: left;\n\t\t\t\tmargin-top: 10px;\n\t\t\t\ttext-align: center;\n\t\t\t\twidth: 25%;\n\t\t\t}\n\t\t\t#gallery-1 img {\n\t\t\t\tborder: 2px solid #cfcfcf;\n\t\t\t}\n\t\t\t#gallery-1 .gallery-caption {\n\t\t\t\tmargin-left: 0;\n\t\t\t}\n\t\t\t\/* see gallery_shortcode() in wp-includes\/media.php *\/\n\t\t<\/style>\n\t\t<div id='gallery-1' class='gallery galleryid-27676 gallery-columns-4 gallery-size-thumbnail'><dl class='gallery-item'>\n\t\t\t<dt class='gallery-icon landscape'>\n\t\t\t\t<a data-elementor-open-lightbox=\"yes\" data-elementor-lightbox-slideshow=\"c0a34f5\" data-elementor-lightbox-title=\"kioti ck5030\" data-e-action-hash=\"#elementor-action%3Aaction%3Dlightbox%26settings%3DeyJpZCI6Mjc2NDAsInVybCI6Imh0dHBzOlwvXC9yZWNhcnByb2ZpLmN6XC93cC1jb250ZW50XC91cGxvYWRzXC8yMDI0XC8wMVwva2lvdGktY2s1MDMwLTEuanBnIiwic2xpZGVzaG93IjoiYzBhMzRmNSJ9\" href='https:\/\/recarprofi.cz\/wp-content\/uploads\/2024\/01\/kioti-ck5030-1.jpg'><img decoding=\"async\" width=\"420\" height=\"420\" src=\"https:\/\/recarprofi.cz\/wp-content\/uploads\/2024\/01\/kioti-ck5030-1-420x420.jpg\" class=\"attachment-thumbnail size-thumbnail\" alt=\"\" srcset=\"https:\/\/recarprofi.cz\/wp-content\/uploads\/2024\/01\/kioti-ck5030-1-420x420.jpg 420w, https:\/\/recarprofi.cz\/wp-content\/uploads\/2024\/01\/kioti-ck5030-1-744x744.jpg 744w, https:\/\/recarprofi.cz\/wp-content\/uploads\/2024\/01\/kioti-ck5030-1-1200x1200.jpg 1200w, https:\/\/recarprofi.cz\/wp-content\/uploads\/2024\/01\/kioti-ck5030-1-768x768.jpg 768w, https:\/\/recarprofi.cz\/wp-content\/uploads\/2024\/01\/kioti-ck5030-1-1024x1024.jpg 1024w, https:\/\/recarprofi.cz\/wp-content\/uploads\/2024\/01\/kioti-ck5030-1-1080x1080.jpg 1080w, https:\/\/recarprofi.cz\/wp-content\/uploads\/2024\/01\/kioti-ck5030-1-600x600.jpg 600w, https:\/\/recarprofi.cz\/wp-content\/uploads\/2024\/01\/kioti-ck5030-1-100x100.jpg 100w, https:\/\/recarprofi.cz\/wp-content\/uploads\/2024\/01\/elementor\/thumbs\/kioti-ck5030-1-qhv2xf9p5tm4glohd654w71bryt21uc42otqybcsl4.jpg 300w, https:\/\/recarprofi.cz\/wp-content\/uploads\/2024\/01\/kioti-ck5030-1.jpg 1440w\" sizes=\"(max-width: 420px) 100vw, 420px\" \/><\/a>\n\t\t\t<\/dt><\/dl><dl class='gallery-item'>\n\t\t\t<dt class='gallery-icon landscape'>\n\t\t\t\t<a data-elementor-open-lightbox=\"yes\" data-elementor-lightbox-slideshow=\"c0a34f5\" data-elementor-lightbox-title=\"kioti ck4030\" data-e-action-hash=\"#elementor-action%3Aaction%3Dlightbox%26settings%3DeyJpZCI6Mjc2NTksInVybCI6Imh0dHBzOlwvXC9yZWNhcnByb2ZpLmN6XC93cC1jb250ZW50XC91cGxvYWRzXC8yMDI0XC8wMVwva2lvdGktY2s0MDMwLmpwZyIsInNsaWRlc2hvdyI6ImMwYTM0ZjUifQ%3D%3D\" href='https:\/\/recarprofi.cz\/wp-content\/uploads\/2024\/01\/kioti-ck4030.jpg'><img decoding=\"async\" width=\"420\" height=\"315\" src=\"https:\/\/recarprofi.cz\/wp-content\/uploads\/2024\/01\/kioti-ck4030-420x315.jpg\" class=\"attachment-thumbnail size-thumbnail\" alt=\"\" srcset=\"https:\/\/recarprofi.cz\/wp-content\/uploads\/2024\/01\/kioti-ck4030-420x315.jpg 420w, https:\/\/recarprofi.cz\/wp-content\/uploads\/2024\/01\/kioti-ck4030-744x558.jpg 744w, https:\/\/recarprofi.cz\/wp-content\/uploads\/2024\/01\/kioti-ck4030-768x576.jpg 768w, https:\/\/recarprofi.cz\/wp-content\/uploads\/2024\/01\/kioti-ck4030-1024x768.jpg 1024w, https:\/\/recarprofi.cz\/wp-content\/uploads\/2024\/01\/kioti-ck4030-600x450.jpg 600w, https:\/\/recarprofi.cz\/wp-content\/uploads\/2024\/01\/kioti-ck4030.jpg 1200w\" sizes=\"(max-width: 420px) 100vw, 420px\" \/><\/a>\n\t\t\t<\/dt><\/dl><dl class='gallery-item'>\n\t\t\t<dt class='gallery-icon landscape'>\n\t\t\t\t<a data-elementor-open-lightbox=\"yes\" data-elementor-lightbox-slideshow=\"c0a34f5\" data-elementor-lightbox-title=\"kioti cx25104\" data-e-action-hash=\"#elementor-action%3Aaction%3Dlightbox%26settings%3DeyJpZCI6Mjc1NzcsInVybCI6Imh0dHBzOlwvXC9yZWNhcnByb2ZpLmN6XC93cC1jb250ZW50XC91cGxvYWRzXC8yMDI0XC8wMVwva2lvdGktY3gyNTEwNC5qcGciLCJzbGlkZXNob3ciOiJjMGEzNGY1In0%3D\" href='https:\/\/recarprofi.cz\/wp-content\/uploads\/2024\/01\/kioti-cx25104.jpg'><img loading=\"lazy\" decoding=\"async\" width=\"420\" height=\"315\" src=\"https:\/\/recarprofi.cz\/wp-content\/uploads\/2024\/01\/kioti-cx25104-420x315.jpg\" class=\"attachment-thumbnail size-thumbnail\" alt=\"\" srcset=\"https:\/\/recarprofi.cz\/wp-content\/uploads\/2024\/01\/kioti-cx25104-420x315.jpg 420w, https:\/\/recarprofi.cz\/wp-content\/uploads\/2024\/01\/kioti-cx25104-744x558.jpg 744w, https:\/\/recarprofi.cz\/wp-content\/uploads\/2024\/01\/kioti-cx25104-768x576.jpg 768w, https:\/\/recarprofi.cz\/wp-content\/uploads\/2024\/01\/kioti-cx25104-1024x768.jpg 1024w, https:\/\/recarprofi.cz\/wp-content\/uploads\/2024\/01\/kioti-cx25104-600x450.jpg 600w, https:\/\/recarprofi.cz\/wp-content\/uploads\/2024\/01\/kioti-cx25104.jpg 1200w\" sizes=\"(max-width: 420px) 100vw, 420px\" \/><\/a>\n\t\t\t<\/dt><\/dl>\n\t\t\t<br style='clear: both' \/>\n\t\t<\/div>\n\t\t<\/div>\n\t\t\t\t\t\t<\/div>\n\t\t\t\t<\/div>\n\t\t\t\t\t<\/div>\n\t\t<\/div>\n\t\t\t\t\t<\/div>\n\t\t<\/section>\n\t\t\t\t<\/div>\n\t\t","protected":false},"excerpt":{"rendered":"<p>Vstup do eshopu Model CK5030 je n\u00e1stupce modelov\u00e9 \u0159ady CK10! Stejn\u00e9 \u0161asi, vy\u0161\u0161\u00ed komfort, tov\u00e1rn\u00ed kabina s klimou! Dieselov\u00fd motor Daedong s v\u00fdkonem 50,3 HP Mechanick\u00e1 nebo HST p\u0159evodovka HST linked pedal\u00a0&#8211; vazba propojen\u00ed ot\u00e1\u010dek&hellip;<\/p>\n","protected":false},"author":1,"featured_media":27660,"parent":27582,"menu_order":6,"comment_status":"closed","ping_status":"closed","template":"","meta":{"footnotes":""},"class_list":["post-27676","page","type-page","status-publish","has-post-thumbnail","hentry"],"_links":{"self":[{"href":"https:\/\/recarprofi.cz\/uvod\/wp-json\/wp\/v2\/pages\/27676","targetHints":{"allow":["GET"]}}],"collection":[{"href":"https:\/\/recarprofi.cz\/uvod\/wp-json\/wp\/v2\/pages"}],"about":[{"href":"https:\/\/recarprofi.cz\/uvod\/wp-json\/wp\/v2\/types\/page"}],"author":[{"embeddable":true,"href":"https:\/\/recarprofi.cz\/uvod\/wp-json\/wp\/v2\/users\/1"}],"replies":[{"embeddable":true,"href":"https:\/\/recarprofi.cz\/uvod\/wp-json\/wp\/v2\/comments?post=27676"}],"version-history":[{"count":8,"href":"https:\/\/recarprofi.cz\/uvod\/wp-json\/wp\/v2\/pages\/27676\/revisions"}],"predecessor-version":[{"id":28947,"href":"https:\/\/recarprofi.cz\/uvod\/wp-json\/wp\/v2\/pages\/27676\/revisions\/28947"}],"up":[{"embeddable":true,"href":"https:\/\/recarprofi.cz\/uvod\/wp-json\/wp\/v2\/pages\/27582"}],"wp:featuredmedia":[{"embeddable":true,"href":"https:\/\/recarprofi.cz\/uvod\/wp-json\/wp\/v2\/media\/27660"}],"wp:attachment":[{"href":"https:\/\/recarprofi.cz\/uvod\/wp-json\/wp\/v2\/media?parent=27676"}],"curies":[{"name":"wp","href":"https:\/\/api.w.org\/{rel}","templated":true}]}}