{"id":27829,"date":"2024-01-16T15:19:52","date_gmt":"2024-01-16T14:19:52","guid":{"rendered":"https:\/\/recarprofi.cz\/uvod\/?page_id=27829"},"modified":"2024-04-22T14:25:35","modified_gmt":"2024-04-22T12:25:35","slug":"sr-2010","status":"publish","type":"page","link":"https:\/\/recarprofi.cz\/uvod\/zemedelska-technika\/sklizeci-mlaticky\/sampo\/sr-2010\/","title":{"rendered":"Skl\u00edzec\u00ed ml\u00e1ti\u010dka Sampo SR 2010"},"content":{"rendered":"\t\t<div data-elementor-type=\"wp-page\" data-elementor-id=\"27829\" class=\"elementor elementor-27829\">\n\t\t\t\t\t\t<section class=\"elementor-section elementor-top-section elementor-element elementor-element-0bd953f elementor-section-boxed elementor-section-height-default elementor-section-height-default\" data-id=\"0bd953f\" data-element_type=\"section\" data-e-type=\"section\">\n\t\t\t\t\t\t<div class=\"elementor-container elementor-column-gap-default\">\n\t\t\t\t\t<div class=\"elementor-column elementor-col-100 elementor-top-column elementor-element elementor-element-2f38f1b\" data-id=\"2f38f1b\" data-element_type=\"column\" data-e-type=\"column\">\n\t\t\t<div class=\"elementor-widget-wrap elementor-element-populated\">\n\t\t\t\t\t\t<div class=\"elementor-element elementor-element-a687778 elementor-widget elementor-widget-image\" data-id=\"a687778\" data-element_type=\"widget\" data-e-type=\"widget\" data-widget_type=\"image.default\">\n\t\t\t\t<div class=\"elementor-widget-container\">\n\t\t\t\t\t\t\t\t\t\t\t\t\t\t\t<img fetchpriority=\"high\" decoding=\"async\" width=\"847\" height=\"565\" src=\"https:\/\/recarprofi.cz\/wp-content\/uploads\/2024\/01\/sampo-sr2010-1200x800.jpg\" class=\"attachment-large size-large wp-image-27830\" alt=\"\" srcset=\"https:\/\/recarprofi.cz\/wp-content\/uploads\/2024\/01\/sampo-sr2010-1200x800.jpg 1200w, https:\/\/recarprofi.cz\/wp-content\/uploads\/2024\/01\/sampo-sr2010-744x496.jpg 744w, https:\/\/recarprofi.cz\/wp-content\/uploads\/2024\/01\/sampo-sr2010-420x280.jpg 420w, https:\/\/recarprofi.cz\/wp-content\/uploads\/2024\/01\/sampo-sr2010-768x512.jpg 768w, https:\/\/recarprofi.cz\/wp-content\/uploads\/2024\/01\/sampo-sr2010-1536x1024.jpg 1536w, https:\/\/recarprofi.cz\/wp-content\/uploads\/2024\/01\/sampo-sr2010-2048x1366.jpg 2048w, https:\/\/recarprofi.cz\/wp-content\/uploads\/2024\/01\/sampo-sr2010-1024x683.jpg 1024w, https:\/\/recarprofi.cz\/wp-content\/uploads\/2024\/01\/sampo-sr2010-1620x1080.jpg 1620w, https:\/\/recarprofi.cz\/wp-content\/uploads\/2024\/01\/sampo-sr2010-600x400.jpg 600w\" sizes=\"(max-width: 847px) 100vw, 847px\" \/>\t\t\t\t\t\t\t\t\t\t\t\t\t\t\t<\/div>\n\t\t\t\t<\/div>\n\t\t\t\t\t<\/div>\n\t\t<\/div>\n\t\t\t\t\t<\/div>\n\t\t<\/section>\n\t\t\t\t<section class=\"elementor-section elementor-top-section elementor-element elementor-element-dcb2d9f elementor-section-boxed elementor-section-height-default elementor-section-height-default\" data-id=\"dcb2d9f\" data-element_type=\"section\" data-e-type=\"section\">\n\t\t\t\t\t\t<div class=\"elementor-container elementor-column-gap-default\">\n\t\t\t\t\t<div class=\"elementor-column elementor-col-50 elementor-top-column elementor-element elementor-element-03fe2e4\" data-id=\"03fe2e4\" data-element_type=\"column\" data-e-type=\"column\">\n\t\t\t<div class=\"elementor-widget-wrap elementor-element-populated\">\n\t\t\t\t\t\t<div class=\"elementor-element elementor-element-bff52f0 elementor-widget elementor-widget-image\" data-id=\"bff52f0\" data-element_type=\"widget\" data-e-type=\"widget\" data-widget_type=\"image.default\">\n\t\t\t\t<div class=\"elementor-widget-container\">\n\t\t\t\t\t\t\t\t\t\t\t\t\t\t\t<img decoding=\"async\" width=\"847\" height=\"565\" src=\"https:\/\/recarprofi.cz\/wp-content\/uploads\/2024\/01\/sampo-sr20101-1200x800.jpg\" class=\"attachment-large size-large wp-image-27831\" alt=\"\" srcset=\"https:\/\/recarprofi.cz\/wp-content\/uploads\/2024\/01\/sampo-sr20101-1200x800.jpg 1200w, https:\/\/recarprofi.cz\/wp-content\/uploads\/2024\/01\/sampo-sr20101-744x496.jpg 744w, https:\/\/recarprofi.cz\/wp-content\/uploads\/2024\/01\/sampo-sr20101-420x280.jpg 420w, https:\/\/recarprofi.cz\/wp-content\/uploads\/2024\/01\/sampo-sr20101-768x512.jpg 768w, https:\/\/recarprofi.cz\/wp-content\/uploads\/2024\/01\/sampo-sr20101-1536x1024.jpg 1536w, https:\/\/recarprofi.cz\/wp-content\/uploads\/2024\/01\/sampo-sr20101-2048x1366.jpg 2048w, https:\/\/recarprofi.cz\/wp-content\/uploads\/2024\/01\/sampo-sr20101-1024x683.jpg 1024w, https:\/\/recarprofi.cz\/wp-content\/uploads\/2024\/01\/sampo-sr20101-1620x1080.jpg 1620w, https:\/\/recarprofi.cz\/wp-content\/uploads\/2024\/01\/sampo-sr20101-600x400.jpg 600w\" sizes=\"(max-width: 847px) 100vw, 847px\" \/>\t\t\t\t\t\t\t\t\t\t\t\t\t\t\t<\/div>\n\t\t\t\t<\/div>\n\t\t\t\t\t<\/div>\n\t\t<\/div>\n\t\t\t\t<div class=\"elementor-column elementor-col-50 elementor-top-column elementor-element elementor-element-120c97b\" data-id=\"120c97b\" data-element_type=\"column\" data-e-type=\"column\">\n\t\t\t<div class=\"elementor-widget-wrap elementor-element-populated\">\n\t\t\t\t\t\t<div class=\"elementor-element elementor-element-33adfd1 elementor-widget elementor-widget-text-editor\" data-id=\"33adfd1\" data-element_type=\"widget\" data-e-type=\"widget\" data-widget_type=\"text-editor.default\">\n\t\t\t\t<div class=\"elementor-widget-container\">\n\t\t\t\t\t\t\t\t\t<p><span>Sampo SR 2010 je speci\u00e1ln\u011b navr\u017een pro \u0161lechtitelsk\u00e9 stanice. <\/span><span>Jedin\u00fdm nejd\u016fle\u017eit\u011bj\u0161\u00edm \u00fakolem p\u0159i sklizni je zajistit, aby v\u0161echna zrna poch\u00e1zela z ur\u010den\u00e9ho pole.<\/span><\/p><p><span>SR 2010 m\u00e1 t\u0159i obracec\u00ed vyt\u0159\u00e1sadla a jeden syst\u00e9m s\u00edt.<\/span><span> Pro dal\u0161\u00ed efektivitu lze na skl\u00edzec\u00ed ml\u00e1ti\u010dku namontovat voliteln\u00fd syst\u00e9m dvojit\u00e9ho s\u00edta.<\/span><span> Syst\u00e9m dvojit\u00e9ho s\u00edta zv\u011bt\u0161uje separa\u010dn\u00ed plochu a dod\u00e1v\u00e1 kombajnu se spr\u00e1vn\u00fdm zp\u011btn\u00fdm syst\u00e9mem. Syst\u00e9m op\u011btovn\u00e9ho v\u00fdmlatu jako u konven\u010dn\u00edch kombajn\u016f Sampo. Syst\u00e9m dvojit\u00fdch s\u00edt obsahuje 5 s\u00edt s kulat\u00fdmi otvory, 5, 8, 10, 12 a 16 mm.<\/span><\/p><p class=\"sisalto_leipateksti\"><span>SR2010 m\u00e1 velk\u00fd z\u00e1sobn\u00edk zrna s objemem 1700 l. Spodn\u00ed \u0161nek n\u00e1dr\u017ee lze vyjmout pro \u010di\u0161t\u011bn\u00ed. Vykl\u00e1dac\u00ed \u0161nek m\u00e1 dv\u011b r\u016fzn\u00e9 v\u00fd\u0161ky vykl\u00e1d\u00e1n\u00ed, 2,75 a 3,0 m. <\/span><span>Model 2010 m\u016f\u017ee b\u00fdt tak\u00e9 vybaven \u0159eza\u010dkou sl\u00e1my.\u00a0<\/span><\/p>\t\t\t\t\t\t\t\t<\/div>\n\t\t\t\t<\/div>\n\t\t\t\t\t<\/div>\n\t\t<\/div>\n\t\t\t\t\t<\/div>\n\t\t<\/section>\n\t\t\t\t<section class=\"elementor-section elementor-top-section elementor-element elementor-element-97506a5 elementor-section-boxed elementor-section-height-default elementor-section-height-default\" data-id=\"97506a5\" data-element_type=\"section\" data-e-type=\"section\">\n\t\t\t\t\t\t<div class=\"elementor-container elementor-column-gap-default\">\n\t\t\t\t\t<div class=\"elementor-column elementor-col-50 elementor-top-column elementor-element elementor-element-b9a7440\" data-id=\"b9a7440\" data-element_type=\"column\" data-e-type=\"column\">\n\t\t\t<div class=\"elementor-widget-wrap elementor-element-populated\">\n\t\t\t\t\t\t<div class=\"elementor-element elementor-element-e4599bb elementor-widget elementor-widget-text-editor\" data-id=\"e4599bb\" data-element_type=\"widget\" data-e-type=\"widget\" data-widget_type=\"text-editor.default\">\n\t\t\t\t<div class=\"elementor-widget-container\">\n\t\t\t\t\t\t\t\t\t<p class=\"sisalto_leipateksti\">Speci\u00e1ln\u011b vyroben\u00e1 kabina je \u0161irok\u00e1 a poskytuje pohodln\u00e9 pracovn\u00ed prost\u0159ed\u00ed pro dva oper\u00e1tory. Z kabiny m\u016f\u017eete prov\u00e1d\u011bt v\u0161echny z\u00e1kladn\u00ed \u00fapravy pro sklize\u0148. Z t\u00f3novan\u00fdch skel kabiny m\u00e1te dobr\u00fd v\u00fdhled. Klimatizace je k dispozici jako voliteln\u00e1 v\u00fdbava, ale topen\u00ed je standardn\u00ed.<\/p><p class=\"sisalto_leipateksti\">Standardn\u00ed pneumatiky na maj\u00ed velk\u00fd pr\u016fm\u011br. 12,4R24 jsou standardn\u00ed velikosti, ale m\u016f\u017eete si po\u0159\u00eddit 360\/70R24 jako mo\u017enost. Zadn\u00ed pneumatiky jsou 11,5 -15. Koncov\u00e9 p\u0159evody a p\u0159evodovka jsou robustn\u00ed. V minulosti byly pou\u017eity v jin\u00fdch konven\u010dn\u00edch kombajnech Sampo. P\u0159evodovka je hydrostatick\u00e1 a m\u016f\u017ee b\u00fdt vybavena 4WD. Motor je \u010dty\u0159v\u00e1lec 73 Hp.<\/p><p class=\"sisalto_leipateksti\">SR 2010 m\u016f\u017ee b\u00fdt vybaven kuku\u0159i\u010dn\u00fdm za\u0159\u00edzen\u00edm z v\u00fdroby. K dispozici je tak\u00e9 \u0159epkov\u00fd n\u00e1stavec pro obiln\u00fd adapt\u00e9r. Na 2010 lze namontovat tak\u00e9 v\u00e1\u017eic\u00ed syst\u00e9my.\u00a0<\/p>\t\t\t\t\t\t\t\t<\/div>\n\t\t\t\t<\/div>\n\t\t\t\t\t<\/div>\n\t\t<\/div>\n\t\t\t\t<div class=\"elementor-column elementor-col-50 elementor-top-column elementor-element elementor-element-b01909a\" data-id=\"b01909a\" data-element_type=\"column\" data-e-type=\"column\">\n\t\t\t<div class=\"elementor-widget-wrap elementor-element-populated\">\n\t\t\t\t\t\t<div class=\"elementor-element elementor-element-3d76c57 elementor-widget elementor-widget-image\" data-id=\"3d76c57\" data-element_type=\"widget\" data-e-type=\"widget\" data-widget_type=\"image.default\">\n\t\t\t\t<div class=\"elementor-widget-container\">\n\t\t\t\t\t\t\t\t\t\t\t\t\t\t\t<img decoding=\"async\" width=\"847\" height=\"565\" src=\"https:\/\/recarprofi.cz\/wp-content\/uploads\/2024\/01\/sampo-sr20104-1200x800.jpg\" class=\"attachment-large size-large wp-image-27832\" alt=\"\" srcset=\"https:\/\/recarprofi.cz\/wp-content\/uploads\/2024\/01\/sampo-sr20104-1200x800.jpg 1200w, https:\/\/recarprofi.cz\/wp-content\/uploads\/2024\/01\/sampo-sr20104-744x496.jpg 744w, https:\/\/recarprofi.cz\/wp-content\/uploads\/2024\/01\/sampo-sr20104-420x280.jpg 420w, https:\/\/recarprofi.cz\/wp-content\/uploads\/2024\/01\/sampo-sr20104-768x512.jpg 768w, https:\/\/recarprofi.cz\/wp-content\/uploads\/2024\/01\/sampo-sr20104-1536x1024.jpg 1536w, https:\/\/recarprofi.cz\/wp-content\/uploads\/2024\/01\/sampo-sr20104-2048x1366.jpg 2048w, https:\/\/recarprofi.cz\/wp-content\/uploads\/2024\/01\/sampo-sr20104-1024x683.jpg 1024w, https:\/\/recarprofi.cz\/wp-content\/uploads\/2024\/01\/sampo-sr20104-1620x1080.jpg 1620w, https:\/\/recarprofi.cz\/wp-content\/uploads\/2024\/01\/sampo-sr20104-600x400.jpg 600w\" sizes=\"(max-width: 847px) 100vw, 847px\" \/>\t\t\t\t\t\t\t\t\t\t\t\t\t\t\t<\/div>\n\t\t\t\t<\/div>\n\t\t\t\t\t<\/div>\n\t\t<\/div>\n\t\t\t\t\t<\/div>\n\t\t<\/section>\n\t\t\t\t<section class=\"elementor-section elementor-top-section elementor-element elementor-element-2caa19c elementor-section-boxed elementor-section-height-default elementor-section-height-default\" data-id=\"2caa19c\" data-element_type=\"section\" data-e-type=\"section\">\n\t\t\t\t\t\t<div class=\"elementor-container elementor-column-gap-default\">\n\t\t\t\t\t<div class=\"elementor-column elementor-col-100 elementor-top-column elementor-element elementor-element-0258740\" data-id=\"0258740\" data-element_type=\"column\" data-e-type=\"column\">\n\t\t\t<div class=\"elementor-widget-wrap elementor-element-populated\">\n\t\t\t\t\t\t<div class=\"elementor-element elementor-element-ce0c1b4 elementor-widget elementor-widget-image\" data-id=\"ce0c1b4\" data-element_type=\"widget\" data-e-type=\"widget\" data-widget_type=\"image.default\">\n\t\t\t\t<div class=\"elementor-widget-container\">\n\t\t\t\t\t\t\t\t\t\t\t\t\t\t\t<img loading=\"lazy\" decoding=\"async\" width=\"847\" height=\"565\" src=\"https:\/\/recarprofi.cz\/wp-content\/uploads\/2024\/01\/sampo-sr20103-1200x800.jpg\" class=\"attachment-large size-large wp-image-27834\" alt=\"\" srcset=\"https:\/\/recarprofi.cz\/wp-content\/uploads\/2024\/01\/sampo-sr20103-1200x800.jpg 1200w, https:\/\/recarprofi.cz\/wp-content\/uploads\/2024\/01\/sampo-sr20103-744x496.jpg 744w, https:\/\/recarprofi.cz\/wp-content\/uploads\/2024\/01\/sampo-sr20103-420x280.jpg 420w, https:\/\/recarprofi.cz\/wp-content\/uploads\/2024\/01\/sampo-sr20103-768x512.jpg 768w, https:\/\/recarprofi.cz\/wp-content\/uploads\/2024\/01\/sampo-sr20103-1536x1024.jpg 1536w, https:\/\/recarprofi.cz\/wp-content\/uploads\/2024\/01\/sampo-sr20103-2048x1366.jpg 2048w, https:\/\/recarprofi.cz\/wp-content\/uploads\/2024\/01\/sampo-sr20103-1024x683.jpg 1024w, https:\/\/recarprofi.cz\/wp-content\/uploads\/2024\/01\/sampo-sr20103-1620x1080.jpg 1620w, https:\/\/recarprofi.cz\/wp-content\/uploads\/2024\/01\/sampo-sr20103-600x400.jpg 600w\" sizes=\"(max-width: 847px) 100vw, 847px\" \/>\t\t\t\t\t\t\t\t\t\t\t\t\t\t\t<\/div>\n\t\t\t\t<\/div>\n\t\t\t\t\t<\/div>\n\t\t<\/div>\n\t\t\t\t\t<\/div>\n\t\t<\/section>\n\t\t\t\t<section class=\"elementor-section elementor-top-section elementor-element elementor-element-21c0877 elementor-section-boxed elementor-section-height-default elementor-section-height-default\" data-id=\"21c0877\" data-element_type=\"section\" data-e-type=\"section\">\n\t\t\t\t\t\t<div class=\"elementor-container elementor-column-gap-default\">\n\t\t\t\t\t<div class=\"elementor-column elementor-col-50 elementor-top-column elementor-element elementor-element-be5d367\" data-id=\"be5d367\" data-element_type=\"column\" data-e-type=\"column\">\n\t\t\t<div class=\"elementor-widget-wrap elementor-element-populated\">\n\t\t\t\t\t\t<div class=\"elementor-element elementor-element-ca1769c elementor-widget elementor-widget-text-editor\" data-id=\"ca1769c\" data-element_type=\"widget\" data-e-type=\"widget\" data-widget_type=\"text-editor.default\">\n\t\t\t\t<div class=\"elementor-widget-container\">\n\t\t\t\t\t\t\t\t\t<p><strong>\u017dac\u00ed li\u0161ta\u00a0\u00a0 \u00a0<\/strong><br \/>Typ\u00a0 \u00a0 \u00a0 \u00a0\u0161nekov\u00e1<br \/>\u0160\u00ed\u0159ka\u00a0 \u00a0 1,5\/2,0\/2,3 m<br \/>\u010cist\u011bn\u00ed\u00a0 vzduchem<br \/>P\u0159izp\u016fsoben\u00ed v\u00fd\u0161ky\u00a0 \u00a0 hydraulick\u00e9<br \/><strong>P\u0159ih\u00e1\u0148ky\u00a0<\/strong>\u00a0 \u00a0<br \/>Pr\u016fm\u011br\u00a0 \u00a0 1,05 m<br \/>Rychlostn\u00ed rozsah\u00a0 \u00a0 15-49 ot.\/min.<br \/>P\u0159izp\u016fsoben\u00ed rychlosti\u00a0 \u00a0 plynul\u00e9, elektrick\u00e9<br \/>Horizont\u00e1ln\u00ed p\u0159izp\u016fsoben\u00ed\u00a0 \u00a0 elektrick\u00e9<br \/><strong>Ml\u00e1t\u00edc\u00ed buben\u00a0\u00a0 \u00a0<\/strong><br \/>Pr\u016fm\u011br\u00a0 \u00a0 500 mm<br \/>\u0160\u00ed\u0159ka\u00a0 \u00a0 780 mm<br \/>Po\u010det mlatek\u00a0 \u00a0 7<br \/>Rychlostn\u00ed rozsah\u00a0 \u00a0 400 &#8211; 500 ot.\/ min<br \/>voliteln\u00fd\u00a0 \u00a0 300 &#8211; 700 ot.\/ min<br \/>P\u0159izp\u016fsoben\u00ed rychlosti\u00a0 \u00a0 plynul\u00e9, elektrick\u00e9<br \/><strong>Ml\u00e1t\u00edc\u00ed ko\u0161\u00a0<\/strong>\u00a0 \u00a0<br \/>Po\u010det mlatek\u00a0 \u00a0 12<br \/>D\u00e9lka\u00a0 \u00a0 490 mm<br \/>\u00dahel op\u00e1s\u00e1n\u00ed\u00a0 \u00a0 108 stup\u0148\u016f<br \/>P\u0159izp\u016fsoben\u00ed\u00a0 \u00a0 manu\u00e1ln\u00ed<br \/><strong>Vyt\u0159\u00e1sadla\u00a0\u00a0<\/strong>\u00a0\u00a0<br \/>Po\u010det vyt\u0159\u00e1sadel\u00a0 \u00a0 3<br \/>Plocha\u00a0\u00a0 \u00a01,4 m2<br \/><strong>Z\u00e1sobn\u00edk zrna\u00a0\u00a0\u00a0<\/strong>\u00a0<br \/>Kapacita\u00a0\u00a0 \u00a01,5 m3<br \/>V\u00fd\u0161ka vykl\u00e1d\u00e1n\u00ed\u00a0\u00a0 \u00a02,8 m<br \/>V\u00e1\u017eic\u00ed n\u00e1sypka\u00a0\u00a0 \u00a070 litru<\/p>\t\t\t\t\t\t\t\t<\/div>\n\t\t\t\t<\/div>\n\t\t\t\t\t<\/div>\n\t\t<\/div>\n\t\t\t\t<div class=\"elementor-column elementor-col-50 elementor-top-column elementor-element elementor-element-835f1fa\" data-id=\"835f1fa\" data-element_type=\"column\" data-e-type=\"column\">\n\t\t\t<div class=\"elementor-widget-wrap elementor-element-populated\">\n\t\t\t\t\t\t<div class=\"elementor-element elementor-element-bda856e elementor-widget elementor-widget-text-editor\" data-id=\"bda856e\" data-element_type=\"widget\" data-e-type=\"widget\" data-widget_type=\"text-editor.default\">\n\t\t\t\t<div class=\"elementor-widget-container\">\n\t\t\t\t\t\t\t\t\t<p><strong>Horn\u00ed s\u00edta\u00a0<\/strong>\u00a0 \u00a0<br \/>Plocha\u00a0\u00a0 \u00a00,7 m2<br \/>Typ\u00a0\u00a0 \u00a0nastaviteln\u00e1<br \/><strong>Motor\u00a0\u00a0\u00a0<\/strong>\u00a0<br \/>Typ\u00a0\u00a0 \u00a0VM-Motori, D754 TE3<br \/>V\u00fdkon\u00a0\u00a0 \u00a075 hp<br \/>V\u00e1lce\u00a0\u00a0 \u00a04<br \/>Palivov\u00e1 n\u00e1dr\u017e\u00a0\u00a0 \u00a0140 litru<br \/><strong>Transmise\u00a0<\/strong>\u00a0 \u00a0<br \/>Pohon\u00a0\u00a0 \u00a0hydrostatick\u00fd<br \/>Pojezdov\u00e9 rychlosti\u00a0\u00a0 \u00a0<br \/>1.\u00a0\u00a0 \u00a00 &#8211; 5 km\/h<br \/>2.\u00a0\u00a0 \u00a00 &#8211; 7,5 km\/h<br \/>3.\u00a0\u00a0 \u00a00 &#8211; 20 km\/h<br \/><strong>Pneumatiky\u00a0<\/strong>\u00a0 \u00a0<br \/>P\u0159edn\u00ed\u00a0\u00a0 \u00a012,4 R 24<br \/>Zadn\u00ed\u00a0\u00a0 \u00a011,5 &#8211; 15,3<br \/><strong>Rozm\u011bry<\/strong>\u00a0\u00a0 \u00a0<br \/>D\u00e9lka s p\u0159ipojenou li\u0161tou\u00a0\u00a0 \u00a06 400 mm<br \/>\u0160\u00ed\u0159ka\u00a0\u00a0 \u00a02 500 mm<br \/>V\u00fd\u0161ka s kabinou\u00a0\u00a0 \u00a03 300 mm<br \/>V\u00fd\u0161ka bez kabiny\u00a0\u00a0 \u00a03 100 mm<br \/>Sv\u011btl\u00e1 v\u00fd\u0161ka\u00a0\u00a0 \u00a0360 mm<br \/>Rozvor\u00a0\u00a0 \u00a01 900 mm<br \/>Rozchod vp\u0159edu\u00a0\u00a0 \u00a01 400\/1 570<br \/>Rozchod vzadu\u00a0\u00a0 \u00a01 265 mm<br \/>Polom\u011br ot\u00e1\u010den\u00ed\u00a0\u00a0 \u00a03 500 mm<br \/>Hmotnost* (z\u00e1le\u017e\u00ed na \u017eac\u00ed li\u0161te)\u00a0 \u00a0 cca 3 400 kg<\/p>\t\t\t\t\t\t\t\t<\/div>\n\t\t\t\t<\/div>\n\t\t\t\t\t<\/div>\n\t\t<\/div>\n\t\t\t\t\t<\/div>\n\t\t<\/section>\n\t\t\t\t<\/div>\n\t\t","protected":false},"excerpt":{"rendered":"<p>Sampo SR 2010 je speci\u00e1ln\u011b navr\u017een pro \u0161lechtitelsk\u00e9 stanice. Jedin\u00fdm nejd\u016fle\u017eit\u011bj\u0161\u00edm \u00fakolem p\u0159i sklizni je zajistit, aby v\u0161echna zrna poch\u00e1zela z ur\u010den\u00e9ho pole. SR 2010 m\u00e1 t\u0159i obracec\u00ed vyt\u0159\u00e1sadla a jeden syst\u00e9m s\u00edt. Pro dal\u0161\u00ed&hellip;<\/p>\n","protected":false},"author":1,"featured_media":27831,"parent":27839,"menu_order":1,"comment_status":"closed","ping_status":"closed","template":"","meta":{"footnotes":""},"class_list":["post-27829","page","type-page","status-publish","has-post-thumbnail","hentry"],"_links":{"self":[{"href":"https:\/\/recarprofi.cz\/uvod\/wp-json\/wp\/v2\/pages\/27829","targetHints":{"allow":["GET"]}}],"collection":[{"href":"https:\/\/recarprofi.cz\/uvod\/wp-json\/wp\/v2\/pages"}],"about":[{"href":"https:\/\/recarprofi.cz\/uvod\/wp-json\/wp\/v2\/types\/page"}],"author":[{"embeddable":true,"href":"https:\/\/recarprofi.cz\/uvod\/wp-json\/wp\/v2\/users\/1"}],"replies":[{"embeddable":true,"href":"https:\/\/recarprofi.cz\/uvod\/wp-json\/wp\/v2\/comments?post=27829"}],"version-history":[{"count":11,"href":"https:\/\/recarprofi.cz\/uvod\/wp-json\/wp\/v2\/pages\/27829\/revisions"}],"predecessor-version":[{"id":28245,"href":"https:\/\/recarprofi.cz\/uvod\/wp-json\/wp\/v2\/pages\/27829\/revisions\/28245"}],"up":[{"embeddable":true,"href":"https:\/\/recarprofi.cz\/uvod\/wp-json\/wp\/v2\/pages\/27839"}],"wp:featuredmedia":[{"embeddable":true,"href":"https:\/\/recarprofi.cz\/uvod\/wp-json\/wp\/v2\/media\/27831"}],"wp:attachment":[{"href":"https:\/\/recarprofi.cz\/uvod\/wp-json\/wp\/v2\/media?parent=27829"}],"curies":[{"name":"wp","href":"https:\/\/api.w.org\/{rel}","templated":true}]}}