{"id":27839,"date":"2024-01-16T15:21:25","date_gmt":"2024-01-16T14:21:25","guid":{"rendered":"https:\/\/recarprofi.cz\/uvod\/?page_id=27839"},"modified":"2024-04-22T14:41:12","modified_gmt":"2024-04-22T12:41:12","slug":"sampo","status":"publish","type":"page","link":"https:\/\/recarprofi.cz\/uvod\/zemedelska-technika\/sklizeci-mlaticky\/sampo\/","title":{"rendered":"Skl\u00edzec\u00ed ml\u00e1ti\u010dky Sampo"},"content":{"rendered":"\t\t<div data-elementor-type=\"wp-page\" data-elementor-id=\"27839\" class=\"elementor elementor-27839\">\n\t\t\t\t\t\t<section class=\"elementor-section elementor-top-section elementor-element elementor-element-66934ea elementor-section-boxed elementor-section-height-default elementor-section-height-default\" data-id=\"66934ea\" data-element_type=\"section\" data-e-type=\"section\">\n\t\t\t\t\t\t<div class=\"elementor-container elementor-column-gap-default\">\n\t\t\t\t\t<div class=\"elementor-column elementor-col-33 elementor-top-column elementor-element elementor-element-fcd47c9\" data-id=\"fcd47c9\" data-element_type=\"column\" data-e-type=\"column\">\n\t\t\t<div class=\"elementor-widget-wrap elementor-element-populated\">\n\t\t\t\t\t\t<div class=\"elementor-element elementor-element-d9ca1d6 elementor-position-top elementor-widget elementor-widget-image-box\" data-id=\"d9ca1d6\" data-element_type=\"widget\" data-e-type=\"widget\" data-widget_type=\"image-box.default\">\n\t\t\t\t<div class=\"elementor-widget-container\">\n\t\t\t\t\t<div class=\"elementor-image-box-wrapper\"><figure class=\"elementor-image-box-img\"><a href=\"https:\/\/recarprofi.cz\/uvod\/zemedelska-technika\/sklizeci-mlaticky\/sampo\/sr-2010\/\" tabindex=\"-1\"><img fetchpriority=\"high\" decoding=\"async\" width=\"2560\" height=\"1707\" src=\"https:\/\/recarprofi.cz\/wp-content\/uploads\/2024\/01\/sampo-sr20101-scaled.jpg\" class=\"attachment-full size-full wp-image-27831\" alt=\"\" srcset=\"https:\/\/recarprofi.cz\/wp-content\/uploads\/2024\/01\/sampo-sr20101-scaled.jpg 2560w, https:\/\/recarprofi.cz\/wp-content\/uploads\/2024\/01\/sampo-sr20101-744x496.jpg 744w, https:\/\/recarprofi.cz\/wp-content\/uploads\/2024\/01\/sampo-sr20101-1200x800.jpg 1200w, https:\/\/recarprofi.cz\/wp-content\/uploads\/2024\/01\/sampo-sr20101-420x280.jpg 420w, https:\/\/recarprofi.cz\/wp-content\/uploads\/2024\/01\/sampo-sr20101-768x512.jpg 768w, https:\/\/recarprofi.cz\/wp-content\/uploads\/2024\/01\/sampo-sr20101-1536x1024.jpg 1536w, https:\/\/recarprofi.cz\/wp-content\/uploads\/2024\/01\/sampo-sr20101-2048x1366.jpg 2048w, https:\/\/recarprofi.cz\/wp-content\/uploads\/2024\/01\/sampo-sr20101-1024x683.jpg 1024w, https:\/\/recarprofi.cz\/wp-content\/uploads\/2024\/01\/sampo-sr20101-1620x1080.jpg 1620w, https:\/\/recarprofi.cz\/wp-content\/uploads\/2024\/01\/sampo-sr20101-600x400.jpg 600w\" sizes=\"(max-width: 2560px) 100vw, 2560px\" \/><\/a><\/figure><div class=\"elementor-image-box-content\"><h3 class=\"elementor-image-box-title\"><a href=\"https:\/\/recarprofi.cz\/uvod\/zemedelska-technika\/sklizeci-mlaticky\/sampo\/sr-2010\/\">Sampo SR 2010<\/a><\/h3><p class=\"elementor-image-box-description\">Skl\u00edzec\u00ed ml\u00e1ti\u010dka pro \u0161lechtitelsk\u00e9 stanice.<\/p><\/div><\/div>\t\t\t\t<\/div>\n\t\t\t\t<\/div>\n\t\t\t\t\t<\/div>\n\t\t<\/div>\n\t\t\t\t<div class=\"elementor-column elementor-col-33 elementor-top-column elementor-element elementor-element-374557e\" data-id=\"374557e\" data-element_type=\"column\" data-e-type=\"column\">\n\t\t\t<div class=\"elementor-widget-wrap elementor-element-populated\">\n\t\t\t\t\t\t<div class=\"elementor-element elementor-element-1a6b723 elementor-position-top elementor-widget elementor-widget-image-box\" data-id=\"1a6b723\" data-element_type=\"widget\" data-e-type=\"widget\" data-widget_type=\"image-box.default\">\n\t\t\t\t<div class=\"elementor-widget-container\">\n\t\t\t\t\t<div class=\"elementor-image-box-wrapper\"><figure class=\"elementor-image-box-img\"><a href=\"https:\/\/recarprofi.cz\/uvod\/zemedelska-technika\/sklizeci-mlaticky\/sampo\/verrato-v4\/\" tabindex=\"-1\"><img decoding=\"async\" width=\"700\" height=\"467\" src=\"https:\/\/recarprofi.cz\/wp-content\/uploads\/2024\/01\/sampo-verato.jpg\" class=\"attachment-full size-full wp-image-27853\" alt=\"\" srcset=\"https:\/\/recarprofi.cz\/wp-content\/uploads\/2024\/01\/sampo-verato.jpg 700w, https:\/\/recarprofi.cz\/wp-content\/uploads\/2024\/01\/sampo-verato-420x280.jpg 420w, https:\/\/recarprofi.cz\/wp-content\/uploads\/2024\/01\/sampo-verato-600x400.jpg 600w\" sizes=\"(max-width: 700px) 100vw, 700px\" \/><\/a><\/figure><div class=\"elementor-image-box-content\"><h3 class=\"elementor-image-box-title\"><a href=\"https:\/\/recarprofi.cz\/uvod\/zemedelska-technika\/sklizeci-mlaticky\/sampo\/verrato-v4\/\">Sampo Verrato V4<\/a><\/h3><p class=\"elementor-image-box-description\">V\u00fdkon motoru 150 HP.<\/p><\/div><\/div>\t\t\t\t<\/div>\n\t\t\t\t<\/div>\n\t\t\t\t\t<\/div>\n\t\t<\/div>\n\t\t\t\t<div class=\"elementor-column elementor-col-33 elementor-top-column elementor-element elementor-element-5bdfc0f\" data-id=\"5bdfc0f\" data-element_type=\"column\" data-e-type=\"column\">\n\t\t\t<div class=\"elementor-widget-wrap elementor-element-populated\">\n\t\t\t\t\t\t<div class=\"elementor-element elementor-element-94f89b3 elementor-position-top elementor-widget elementor-widget-image-box\" data-id=\"94f89b3\" data-element_type=\"widget\" data-e-type=\"widget\" data-widget_type=\"image-box.default\">\n\t\t\t\t<div class=\"elementor-widget-container\">\n\t\t\t\t\t<div class=\"elementor-image-box-wrapper\"><figure class=\"elementor-image-box-img\"><a href=\"https:\/\/recarprofi.cz\/uvod\/zemedelska-technika\/sklizeci-mlaticky\/sampo\/comia-2-0-c6\/\" tabindex=\"-1\"><img decoding=\"async\" width=\"2560\" height=\"1707\" src=\"https:\/\/recarprofi.cz\/wp-content\/uploads\/2024\/01\/sampo-comia-scaled.jpg\" class=\"attachment-full size-full wp-image-27854\" alt=\"\" srcset=\"https:\/\/recarprofi.cz\/wp-content\/uploads\/2024\/01\/sampo-comia-scaled.jpg 2560w, https:\/\/recarprofi.cz\/wp-content\/uploads\/2024\/01\/sampo-comia-744x496.jpg 744w, https:\/\/recarprofi.cz\/wp-content\/uploads\/2024\/01\/sampo-comia-1200x800.jpg 1200w, https:\/\/recarprofi.cz\/wp-content\/uploads\/2024\/01\/sampo-comia-420x280.jpg 420w, https:\/\/recarprofi.cz\/wp-content\/uploads\/2024\/01\/sampo-comia-768x512.jpg 768w, https:\/\/recarprofi.cz\/wp-content\/uploads\/2024\/01\/sampo-comia-1536x1024.jpg 1536w, https:\/\/recarprofi.cz\/wp-content\/uploads\/2024\/01\/sampo-comia-2048x1366.jpg 2048w, https:\/\/recarprofi.cz\/wp-content\/uploads\/2024\/01\/sampo-comia-1024x683.jpg 1024w, https:\/\/recarprofi.cz\/wp-content\/uploads\/2024\/01\/sampo-comia-1620x1080.jpg 1620w, https:\/\/recarprofi.cz\/wp-content\/uploads\/2024\/01\/sampo-comia-600x400.jpg 600w\" sizes=\"(max-width: 2560px) 100vw, 2560px\" \/><\/a><\/figure><div class=\"elementor-image-box-content\"><h3 class=\"elementor-image-box-title\"><a href=\"https:\/\/recarprofi.cz\/uvod\/zemedelska-technika\/sklizeci-mlaticky\/sampo\/comia-2-0-c6\/\">Sampo Comia 2.0 C6<\/a><\/h3><p class=\"elementor-image-box-description\">V\u00fdkon motoru 185 HP.<\/p><\/div><\/div>\t\t\t\t<\/div>\n\t\t\t\t<\/div>\n\t\t\t\t\t<\/div>\n\t\t<\/div>\n\t\t\t\t\t<\/div>\n\t\t<\/section>\n\t\t\t\t<section class=\"elementor-section elementor-top-section elementor-element elementor-element-7ee0d39 elementor-section-boxed elementor-section-height-default elementor-section-height-default\" data-id=\"7ee0d39\" data-element_type=\"section\" data-e-type=\"section\">\n\t\t\t\t\t\t<div class=\"elementor-container elementor-column-gap-default\">\n\t\t\t\t\t<div class=\"elementor-column elementor-col-33 elementor-top-column elementor-element elementor-element-f850615\" data-id=\"f850615\" data-element_type=\"column\" data-e-type=\"column\">\n\t\t\t<div class=\"elementor-widget-wrap elementor-element-populated\">\n\t\t\t\t\t\t<div class=\"elementor-element elementor-element-9071954 elementor-position-top elementor-widget elementor-widget-image-box\" data-id=\"9071954\" data-element_type=\"widget\" data-e-type=\"widget\" data-widget_type=\"image-box.default\">\n\t\t\t\t<div class=\"elementor-widget-container\">\n\t\t\t\t\t<div class=\"elementor-image-box-wrapper\"><figure class=\"elementor-image-box-img\"><a href=\"https:\/\/recarprofi.cz\/uvod\/zemedelska-technika\/sklizeci-mlaticky\/sampo\/comia-2-0-c8\/\" tabindex=\"-1\"><img loading=\"lazy\" decoding=\"async\" width=\"2560\" height=\"1707\" src=\"https:\/\/recarprofi.cz\/wp-content\/uploads\/2024\/01\/sampo-comia-c8-scaled.jpg\" class=\"attachment-full size-full wp-image-27922\" alt=\"\" srcset=\"https:\/\/recarprofi.cz\/wp-content\/uploads\/2024\/01\/sampo-comia-c8-scaled.jpg 2560w, https:\/\/recarprofi.cz\/wp-content\/uploads\/2024\/01\/sampo-comia-c8-744x496.jpg 744w, https:\/\/recarprofi.cz\/wp-content\/uploads\/2024\/01\/sampo-comia-c8-1200x800.jpg 1200w, https:\/\/recarprofi.cz\/wp-content\/uploads\/2024\/01\/sampo-comia-c8-420x280.jpg 420w, https:\/\/recarprofi.cz\/wp-content\/uploads\/2024\/01\/sampo-comia-c8-768x512.jpg 768w, https:\/\/recarprofi.cz\/wp-content\/uploads\/2024\/01\/sampo-comia-c8-1536x1024.jpg 1536w, https:\/\/recarprofi.cz\/wp-content\/uploads\/2024\/01\/sampo-comia-c8-2048x1366.jpg 2048w, https:\/\/recarprofi.cz\/wp-content\/uploads\/2024\/01\/sampo-comia-c8-1024x683.jpg 1024w, https:\/\/recarprofi.cz\/wp-content\/uploads\/2024\/01\/sampo-comia-c8-1620x1080.jpg 1620w, https:\/\/recarprofi.cz\/wp-content\/uploads\/2024\/01\/sampo-comia-c8-600x400.jpg 600w\" sizes=\"(max-width: 2560px) 100vw, 2560px\" \/><\/a><\/figure><div class=\"elementor-image-box-content\"><h3 class=\"elementor-image-box-title\"><a href=\"https:\/\/recarprofi.cz\/uvod\/zemedelska-technika\/sklizeci-mlaticky\/sampo\/comia-2-0-c8\/\">Sampo Comia 2.0 C8<\/a><\/h3><p class=\"elementor-image-box-description\">V\u00fdkon motoru 210 HP.<\/p><\/div><\/div>\t\t\t\t<\/div>\n\t\t\t\t<\/div>\n\t\t\t\t\t<\/div>\n\t\t<\/div>\n\t\t\t\t<div class=\"elementor-column elementor-col-33 elementor-top-column elementor-element elementor-element-da3b7cc\" data-id=\"da3b7cc\" data-element_type=\"column\" data-e-type=\"column\">\n\t\t\t<div class=\"elementor-widget-wrap elementor-element-populated\">\n\t\t\t\t\t\t<div class=\"elementor-element elementor-element-b0cf879 elementor-position-top elementor-widget elementor-widget-image-box\" data-id=\"b0cf879\" data-element_type=\"widget\" data-e-type=\"widget\" data-widget_type=\"image-box.default\">\n\t\t\t\t<div class=\"elementor-widget-container\">\n\t\t\t\t\t<div class=\"elementor-image-box-wrapper\"><figure class=\"elementor-image-box-img\"><a href=\"https:\/\/recarprofi.cz\/uvod\/zemedelska-technika\/sklizeci-mlaticky\/sampo\/comia-2-0-c10\/\" tabindex=\"-1\"><img loading=\"lazy\" decoding=\"async\" width=\"600\" height=\"360\" src=\"https:\/\/recarprofi.cz\/wp-content\/uploads\/2024\/01\/sampo-comia-c102.jpg\" class=\"attachment-full size-full wp-image-27961\" alt=\"\" srcset=\"https:\/\/recarprofi.cz\/wp-content\/uploads\/2024\/01\/sampo-comia-c102.jpg 600w, https:\/\/recarprofi.cz\/wp-content\/uploads\/2024\/01\/sampo-comia-c102-420x252.jpg 420w\" sizes=\"(max-width: 600px) 100vw, 600px\" \/><\/a><\/figure><div class=\"elementor-image-box-content\"><h3 class=\"elementor-image-box-title\"><a href=\"https:\/\/recarprofi.cz\/uvod\/zemedelska-technika\/sklizeci-mlaticky\/sampo\/comia-2-0-c10\/\">Sampo Comia 2.0 C10<\/a><\/h3><p class=\"elementor-image-box-description\">V\u00fdkon motoru 238 HP.<\/p><\/div><\/div>\t\t\t\t<\/div>\n\t\t\t\t<\/div>\n\t\t\t\t\t<\/div>\n\t\t<\/div>\n\t\t\t\t<div class=\"elementor-column elementor-col-33 elementor-top-column elementor-element elementor-element-ec00524\" data-id=\"ec00524\" data-element_type=\"column\" data-e-type=\"column\">\n\t\t\t<div class=\"elementor-widget-wrap elementor-element-populated\">\n\t\t\t\t\t\t<div class=\"elementor-element elementor-element-97620b7 elementor-position-top elementor-widget elementor-widget-image-box\" data-id=\"97620b7\" data-element_type=\"widget\" data-e-type=\"widget\" data-widget_type=\"image-box.default\">\n\t\t\t\t<div class=\"elementor-widget-container\">\n\t\t\t\t\t<div class=\"elementor-image-box-wrapper\"><figure class=\"elementor-image-box-img\"><a href=\"https:\/\/recarprofi.cz\/uvod\/zemedelska-technika\/sklizeci-mlaticky\/sampo\/comia-2-0-c12\/\" tabindex=\"-1\"><img loading=\"lazy\" decoding=\"async\" width=\"2560\" height=\"1707\" src=\"https:\/\/recarprofi.cz\/wp-content\/uploads\/2024\/01\/sampo-comia-c121-scaled.jpg\" class=\"attachment-full size-full wp-image-27963\" alt=\"\" srcset=\"https:\/\/recarprofi.cz\/wp-content\/uploads\/2024\/01\/sampo-comia-c121-scaled.jpg 2560w, https:\/\/recarprofi.cz\/wp-content\/uploads\/2024\/01\/sampo-comia-c121-744x496.jpg 744w, https:\/\/recarprofi.cz\/wp-content\/uploads\/2024\/01\/sampo-comia-c121-1200x800.jpg 1200w, https:\/\/recarprofi.cz\/wp-content\/uploads\/2024\/01\/sampo-comia-c121-420x280.jpg 420w, https:\/\/recarprofi.cz\/wp-content\/uploads\/2024\/01\/sampo-comia-c121-768x512.jpg 768w, https:\/\/recarprofi.cz\/wp-content\/uploads\/2024\/01\/sampo-comia-c121-1536x1024.jpg 1536w, https:\/\/recarprofi.cz\/wp-content\/uploads\/2024\/01\/sampo-comia-c121-2048x1366.jpg 2048w, https:\/\/recarprofi.cz\/wp-content\/uploads\/2024\/01\/sampo-comia-c121-1024x683.jpg 1024w, https:\/\/recarprofi.cz\/wp-content\/uploads\/2024\/01\/sampo-comia-c121-1620x1080.jpg 1620w, https:\/\/recarprofi.cz\/wp-content\/uploads\/2024\/01\/sampo-comia-c121-600x400.jpg 600w\" sizes=\"(max-width: 2560px) 100vw, 2560px\" \/><\/a><\/figure><div class=\"elementor-image-box-content\"><h3 class=\"elementor-image-box-title\"><a href=\"https:\/\/recarprofi.cz\/uvod\/zemedelska-technika\/sklizeci-mlaticky\/sampo\/comia-2-0-c12\/\">Sampo Comia 2.0 C12<\/a><\/h3><p class=\"elementor-image-box-description\">V\u00fdkon motoru 300 HP.<\/p><\/div><\/div>\t\t\t\t<\/div>\n\t\t\t\t<\/div>\n\t\t\t\t\t<\/div>\n\t\t<\/div>\n\t\t\t\t\t<\/div>\n\t\t<\/section>\n\t\t\t\t<section class=\"elementor-section elementor-top-section elementor-element elementor-element-a2bcd38 elementor-section-boxed elementor-section-height-default elementor-section-height-default\" data-id=\"a2bcd38\" data-element_type=\"section\" data-e-type=\"section\">\n\t\t\t\t\t\t<div class=\"elementor-container elementor-column-gap-default\">\n\t\t\t\t\t<div class=\"elementor-column elementor-col-33 elementor-top-column elementor-element elementor-element-02599de\" data-id=\"02599de\" data-element_type=\"column\" data-e-type=\"column\">\n\t\t\t<div class=\"elementor-widget-wrap elementor-element-populated\">\n\t\t\t\t\t\t<div class=\"elementor-element elementor-element-26e5017 elementor-position-top elementor-widget elementor-widget-image-box\" data-id=\"26e5017\" data-element_type=\"widget\" data-e-type=\"widget\" data-widget_type=\"image-box.default\">\n\t\t\t\t<div class=\"elementor-widget-container\">\n\t\t\t\t\t<div class=\"elementor-image-box-wrapper\"><figure class=\"elementor-image-box-img\"><a href=\"https:\/\/recarprofi.cz\/uvod\/zemedelska-technika\/sklizeci-mlaticky\/sampo\/comia-c20-roto\/\" tabindex=\"-1\"><img loading=\"lazy\" decoding=\"async\" width=\"1920\" height=\"1180\" src=\"https:\/\/recarprofi.cz\/wp-content\/uploads\/2024\/01\/sampo-comia-c201.webp\" class=\"attachment-full size-full wp-image-28019\" alt=\"\" srcset=\"https:\/\/recarprofi.cz\/wp-content\/uploads\/2024\/01\/sampo-comia-c201.webp 1920w, https:\/\/recarprofi.cz\/wp-content\/uploads\/2024\/01\/sampo-comia-c201-744x457.webp 744w, https:\/\/recarprofi.cz\/wp-content\/uploads\/2024\/01\/sampo-comia-c201-1200x738.webp 1200w, https:\/\/recarprofi.cz\/wp-content\/uploads\/2024\/01\/sampo-comia-c201-420x258.webp 420w, https:\/\/recarprofi.cz\/wp-content\/uploads\/2024\/01\/sampo-comia-c201-768x472.webp 768w, https:\/\/recarprofi.cz\/wp-content\/uploads\/2024\/01\/sampo-comia-c201-1536x944.webp 1536w, https:\/\/recarprofi.cz\/wp-content\/uploads\/2024\/01\/sampo-comia-c201-1024x629.webp 1024w, https:\/\/recarprofi.cz\/wp-content\/uploads\/2024\/01\/sampo-comia-c201-1757x1080.webp 1757w, https:\/\/recarprofi.cz\/wp-content\/uploads\/2024\/01\/sampo-comia-c201-600x369.webp 600w\" sizes=\"(max-width: 1920px) 100vw, 1920px\" \/><\/a><\/figure><div class=\"elementor-image-box-content\"><h3 class=\"elementor-image-box-title\"><a href=\"https:\/\/recarprofi.cz\/uvod\/zemedelska-technika\/sklizeci-mlaticky\/sampo\/comia-c20-roto\/\">Sampo Comia C20 Roto<\/a><\/h3><p class=\"elementor-image-box-description\">V\u00fdkon motoru 300 HP.<\/p><\/div><\/div>\t\t\t\t<\/div>\n\t\t\t\t<\/div>\n\t\t\t\t\t<\/div>\n\t\t<\/div>\n\t\t\t\t<div class=\"elementor-column elementor-col-33 elementor-top-column elementor-element elementor-element-88c9c49\" data-id=\"88c9c49\" data-element_type=\"column\" data-e-type=\"column\">\n\t\t\t<div class=\"elementor-widget-wrap elementor-element-populated\">\n\t\t\t\t\t\t<div class=\"elementor-element elementor-element-ba48b62 elementor-position-top elementor-widget elementor-widget-image-box\" data-id=\"ba48b62\" data-element_type=\"widget\" data-e-type=\"widget\" data-widget_type=\"image-box.default\">\n\t\t\t\t<div class=\"elementor-widget-container\">\n\t\t\t\t\t<div class=\"elementor-image-box-wrapper\"><figure class=\"elementor-image-box-img\"><a href=\"https:\/\/recarprofi.cz\/uvod\/zemedelska-technika\/sklizeci-mlaticky\/sampo\/comia-c22-roto\/\" tabindex=\"-1\"><img loading=\"lazy\" decoding=\"async\" width=\"1920\" height=\"1180\" src=\"https:\/\/recarprofi.cz\/wp-content\/uploads\/2024\/01\/sampo-comia-c201-1.webp\" class=\"attachment-full size-full wp-image-28026\" alt=\"\" srcset=\"https:\/\/recarprofi.cz\/wp-content\/uploads\/2024\/01\/sampo-comia-c201-1.webp 1920w, https:\/\/recarprofi.cz\/wp-content\/uploads\/2024\/01\/sampo-comia-c201-1-744x457.webp 744w, https:\/\/recarprofi.cz\/wp-content\/uploads\/2024\/01\/sampo-comia-c201-1-1200x738.webp 1200w, https:\/\/recarprofi.cz\/wp-content\/uploads\/2024\/01\/sampo-comia-c201-1-420x258.webp 420w, https:\/\/recarprofi.cz\/wp-content\/uploads\/2024\/01\/sampo-comia-c201-1-768x472.webp 768w, https:\/\/recarprofi.cz\/wp-content\/uploads\/2024\/01\/sampo-comia-c201-1-1536x944.webp 1536w, https:\/\/recarprofi.cz\/wp-content\/uploads\/2024\/01\/sampo-comia-c201-1-1024x629.webp 1024w, https:\/\/recarprofi.cz\/wp-content\/uploads\/2024\/01\/sampo-comia-c201-1-1757x1080.webp 1757w, https:\/\/recarprofi.cz\/wp-content\/uploads\/2024\/01\/sampo-comia-c201-1-600x369.webp 600w\" sizes=\"(max-width: 1920px) 100vw, 1920px\" \/><\/a><\/figure><div class=\"elementor-image-box-content\"><h3 class=\"elementor-image-box-title\"><a href=\"https:\/\/recarprofi.cz\/uvod\/zemedelska-technika\/sklizeci-mlaticky\/sampo\/comia-c22-roto\/\">Sampo Comia C22 Roto<\/a><\/h3><p class=\"elementor-image-box-description\">V\u00fdkon motoru 300 HP.<\/p><\/div><\/div>\t\t\t\t<\/div>\n\t\t\t\t<\/div>\n\t\t\t\t\t<\/div>\n\t\t<\/div>\n\t\t\t\t<div class=\"elementor-column elementor-col-33 elementor-top-column elementor-element elementor-element-804f00c\" data-id=\"804f00c\" data-element_type=\"column\" data-e-type=\"column\">\n\t\t\t<div class=\"elementor-widget-wrap elementor-element-populated\">\n\t\t\t\t\t\t<div class=\"elementor-element elementor-element-4c8a558 elementor-position-top elementor-widget elementor-widget-image-box\" data-id=\"4c8a558\" data-element_type=\"widget\" data-e-type=\"widget\" data-widget_type=\"image-box.default\">\n\t\t\t\t<div class=\"elementor-widget-container\">\n\t\t\t\t\t<div class=\"elementor-image-box-wrapper\"><figure class=\"elementor-image-box-img\"><a href=\"https:\/\/recarprofi.cz\/uvod\/zemedelska-technika\/sklizeci-mlaticky\/sampo\/comia-c24-roto\/\" tabindex=\"-1\"><img loading=\"lazy\" decoding=\"async\" width=\"1920\" height=\"1180\" src=\"https:\/\/recarprofi.cz\/wp-content\/uploads\/2024\/01\/sampo-comia-c201-1.webp\" class=\"attachment-full size-full wp-image-28026\" alt=\"\" srcset=\"https:\/\/recarprofi.cz\/wp-content\/uploads\/2024\/01\/sampo-comia-c201-1.webp 1920w, https:\/\/recarprofi.cz\/wp-content\/uploads\/2024\/01\/sampo-comia-c201-1-744x457.webp 744w, https:\/\/recarprofi.cz\/wp-content\/uploads\/2024\/01\/sampo-comia-c201-1-1200x738.webp 1200w, https:\/\/recarprofi.cz\/wp-content\/uploads\/2024\/01\/sampo-comia-c201-1-420x258.webp 420w, https:\/\/recarprofi.cz\/wp-content\/uploads\/2024\/01\/sampo-comia-c201-1-768x472.webp 768w, https:\/\/recarprofi.cz\/wp-content\/uploads\/2024\/01\/sampo-comia-c201-1-1536x944.webp 1536w, https:\/\/recarprofi.cz\/wp-content\/uploads\/2024\/01\/sampo-comia-c201-1-1024x629.webp 1024w, https:\/\/recarprofi.cz\/wp-content\/uploads\/2024\/01\/sampo-comia-c201-1-1757x1080.webp 1757w, https:\/\/recarprofi.cz\/wp-content\/uploads\/2024\/01\/sampo-comia-c201-1-600x369.webp 600w\" sizes=\"(max-width: 1920px) 100vw, 1920px\" \/><\/a><\/figure><div class=\"elementor-image-box-content\"><h3 class=\"elementor-image-box-title\"><a href=\"https:\/\/recarprofi.cz\/uvod\/zemedelska-technika\/sklizeci-mlaticky\/sampo\/comia-c24-roto\/\">Sampo Comia C24 Roto<\/a><\/h3><p class=\"elementor-image-box-description\">V\u00fdkon motoru 300 HP.<\/p><\/div><\/div>\t\t\t\t<\/div>\n\t\t\t\t<\/div>\n\t\t\t\t\t<\/div>\n\t\t<\/div>\n\t\t\t\t\t<\/div>\n\t\t<\/section>\n\t\t\t\t<\/div>\n\t\t","protected":false},"excerpt":{"rendered":"<p>Sampo SR 2010 Skl\u00edzec\u00ed ml\u00e1ti\u010dka pro \u0161lechtitelsk\u00e9 stanice. Sampo Verrato V4 V\u00fdkon motoru 150 HP. Sampo Comia 2.0 C6 V\u00fdkon motoru 185 HP. Sampo Comia 2.0 C8 V\u00fdkon motoru 210 HP. Sampo Comia 2.0 C10&hellip;<\/p>\n","protected":false},"author":1,"featured_media":27843,"parent":26427,"menu_order":1,"comment_status":"closed","ping_status":"closed","template":"","meta":{"footnotes":""},"class_list":["post-27839","page","type-page","status-publish","has-post-thumbnail","hentry"],"_links":{"self":[{"href":"https:\/\/recarprofi.cz\/uvod\/wp-json\/wp\/v2\/pages\/27839","targetHints":{"allow":["GET"]}}],"collection":[{"href":"https:\/\/recarprofi.cz\/uvod\/wp-json\/wp\/v2\/pages"}],"about":[{"href":"https:\/\/recarprofi.cz\/uvod\/wp-json\/wp\/v2\/types\/page"}],"author":[{"embeddable":true,"href":"https:\/\/recarprofi.cz\/uvod\/wp-json\/wp\/v2\/users\/1"}],"replies":[{"embeddable":true,"href":"https:\/\/recarprofi.cz\/uvod\/wp-json\/wp\/v2\/comments?post=27839"}],"version-history":[{"count":199,"href":"https:\/\/recarprofi.cz\/uvod\/wp-json\/wp\/v2\/pages\/27839\/revisions"}],"predecessor-version":[{"id":30420,"href":"https:\/\/recarprofi.cz\/uvod\/wp-json\/wp\/v2\/pages\/27839\/revisions\/30420"}],"up":[{"embeddable":true,"href":"https:\/\/recarprofi.cz\/uvod\/wp-json\/wp\/v2\/pages\/26427"}],"wp:featuredmedia":[{"embeddable":true,"href":"https:\/\/recarprofi.cz\/uvod\/wp-json\/wp\/v2\/media\/27843"}],"wp:attachment":[{"href":"https:\/\/recarprofi.cz\/uvod\/wp-json\/wp\/v2\/media?parent=27839"}],"curies":[{"name":"wp","href":"https:\/\/api.w.org\/{rel}","templated":true}]}}