{"id":27945,"date":"2024-01-17T10:33:09","date_gmt":"2024-01-17T09:33:09","guid":{"rendered":"https:\/\/recarprofi.cz\/uvod\/?page_id=27945"},"modified":"2024-04-22T14:30:43","modified_gmt":"2024-04-22T12:30:43","slug":"comia-2-0-c8","status":"publish","type":"page","link":"https:\/\/recarprofi.cz\/uvod\/zemedelska-technika\/sklizeci-mlaticky\/sampo\/comia-2-0-c8\/","title":{"rendered":"Skl\u00edzec\u00ed ml\u00e1ti\u010dka Sampo Comia 2.0 C8"},"content":{"rendered":"\t\t<div data-elementor-type=\"wp-page\" data-elementor-id=\"27945\" class=\"elementor elementor-27945\">\n\t\t\t\t\t\t<section class=\"elementor-section elementor-top-section elementor-element elementor-element-c716609 elementor-section-boxed elementor-section-height-default elementor-section-height-default\" data-id=\"c716609\" data-element_type=\"section\" data-e-type=\"section\">\n\t\t\t\t\t\t<div class=\"elementor-container elementor-column-gap-default\">\n\t\t\t\t\t<div class=\"elementor-column elementor-col-100 elementor-top-column elementor-element elementor-element-1fe3f7d\" data-id=\"1fe3f7d\" data-element_type=\"column\" data-e-type=\"column\">\n\t\t\t<div class=\"elementor-widget-wrap elementor-element-populated\">\n\t\t\t\t\t\t<div class=\"elementor-element elementor-element-74253ba elementor-widget elementor-widget-image\" data-id=\"74253ba\" data-element_type=\"widget\" data-e-type=\"widget\" data-widget_type=\"image.default\">\n\t\t\t\t<div class=\"elementor-widget-container\">\n\t\t\t\t\t\t\t\t\t\t\t\t\t\t\t<img fetchpriority=\"high\" decoding=\"async\" width=\"847\" height=\"565\" src=\"https:\/\/recarprofi.cz\/wp-content\/uploads\/2024\/01\/sampo-comia-c8-1200x800.jpg\" class=\"attachment-large size-large wp-image-27922\" alt=\"\" srcset=\"https:\/\/recarprofi.cz\/wp-content\/uploads\/2024\/01\/sampo-comia-c8-1200x800.jpg 1200w, https:\/\/recarprofi.cz\/wp-content\/uploads\/2024\/01\/sampo-comia-c8-744x496.jpg 744w, https:\/\/recarprofi.cz\/wp-content\/uploads\/2024\/01\/sampo-comia-c8-420x280.jpg 420w, https:\/\/recarprofi.cz\/wp-content\/uploads\/2024\/01\/sampo-comia-c8-768x512.jpg 768w, https:\/\/recarprofi.cz\/wp-content\/uploads\/2024\/01\/sampo-comia-c8-1536x1024.jpg 1536w, https:\/\/recarprofi.cz\/wp-content\/uploads\/2024\/01\/sampo-comia-c8-2048x1366.jpg 2048w, https:\/\/recarprofi.cz\/wp-content\/uploads\/2024\/01\/sampo-comia-c8-1024x683.jpg 1024w, https:\/\/recarprofi.cz\/wp-content\/uploads\/2024\/01\/sampo-comia-c8-1620x1080.jpg 1620w, https:\/\/recarprofi.cz\/wp-content\/uploads\/2024\/01\/sampo-comia-c8-600x400.jpg 600w\" sizes=\"(max-width: 847px) 100vw, 847px\" \/>\t\t\t\t\t\t\t\t\t\t\t\t\t\t\t<\/div>\n\t\t\t\t<\/div>\n\t\t\t\t\t<\/div>\n\t\t<\/div>\n\t\t\t\t\t<\/div>\n\t\t<\/section>\n\t\t\t\t<section class=\"elementor-section elementor-top-section elementor-element elementor-element-082046b elementor-section-boxed elementor-section-height-default elementor-section-height-default\" data-id=\"082046b\" data-element_type=\"section\" data-e-type=\"section\">\n\t\t\t\t\t\t<div class=\"elementor-container elementor-column-gap-default\">\n\t\t\t\t\t<div class=\"elementor-column elementor-col-100 elementor-top-column elementor-element elementor-element-9ed362f\" data-id=\"9ed362f\" data-element_type=\"column\" data-e-type=\"column\">\n\t\t\t<div class=\"elementor-widget-wrap elementor-element-populated\">\n\t\t\t\t\t\t<div class=\"elementor-element elementor-element-25b16a5 elementor-widget elementor-widget-text-editor\" data-id=\"25b16a5\" data-element_type=\"widget\" data-e-type=\"widget\" data-widget_type=\"text-editor.default\">\n\t\t\t\t<div class=\"elementor-widget-container\">\n\t\t\t\t\t\t\t\t\t<p>Skl\u00edzec\u00ed ml\u00e1ti\u010dka Sampo Rosenlew COMIA 2.0 \u00a0C8 \u00a0je dal\u0161\u00ed z \u201emal\u00fdch\u201c model\u016f \u0159ady Comia. Kombajn Sampo C8 je ur\u010den sp\u00ed\u0161e st\u0159edn\u00ed farmy a vych\u00e1z\u00ed z dlouhodob\u00fdch zku\u0161enost\u00ed \u0159ady 2000 a 3000 kter\u00e1 byla na trhu v\u00edce ne\u017e 20let.\u00a0<br \/><br \/>Prostorn\u00e1 kabina nab\u00edz\u00ed dostatek komfortu a jedine\u010dn\u00fd v\u00fdhled na skl\u00edzen\u00fd porost. Sou\u010d\u00e1st\u00ed komfortn\u00ed seda\u010dky je loketn\u00ed op\u011brka konstruovan\u00e1 p\u0159\u00edmo na z\u00e1klad\u011b po\u017eadavk\u016f z\u00e1kazn\u00edk\u016f a 12,3\u201c dotykov\u00fd monitor. U modelu C8 najdete 5 vyt\u0159asadel, p\u0159ed ml\u00e1t\u00edc\u00ed buben, ml\u00e1t\u00edc\u00ed buben, domlace\u010d a \u010dechra\u010d. Ve v\u011bt\u0161in\u011b p\u0159\u00edpad\u016f je stroj osazen \u0161esti v\u00e1lcov\u00fdm motorem o v\u00fdkonu 210HP. Z\u00e1kazn\u00edk si m\u016f\u017ee zvolit li\u0161tu v rozm\u011brech 3,9-5,1m, kterou jde osadit \u0159epkov\u00fdm prodlou\u017een\u00edm, pop\u0159. nahradit vario li\u0161tou. Na p\u0159\u00e1n\u00ed je mo\u017eno stroj dovybavit pohonem 4&#215;4.<\/p>\t\t\t\t\t\t\t\t<\/div>\n\t\t\t\t<\/div>\n\t\t\t\t\t<\/div>\n\t\t<\/div>\n\t\t\t\t\t<\/div>\n\t\t<\/section>\n\t\t\t\t<section class=\"elementor-section elementor-top-section elementor-element elementor-element-1691ef5 elementor-section-boxed elementor-section-height-default elementor-section-height-default\" data-id=\"1691ef5\" data-element_type=\"section\" data-e-type=\"section\">\n\t\t\t\t\t\t<div class=\"elementor-container elementor-column-gap-default\">\n\t\t\t\t\t<div class=\"elementor-column elementor-col-100 elementor-top-column elementor-element elementor-element-3936616\" data-id=\"3936616\" data-element_type=\"column\" data-e-type=\"column\">\n\t\t\t<div class=\"elementor-widget-wrap elementor-element-populated\">\n\t\t\t\t\t\t<div class=\"elementor-element elementor-element-31a6462 elementor-widget elementor-widget-image-gallery\" data-id=\"31a6462\" data-element_type=\"widget\" data-e-type=\"widget\" data-widget_type=\"image-gallery.default\">\n\t\t\t\t<div class=\"elementor-widget-container\">\n\t\t\t\t\t\t\t<div class=\"elementor-image-gallery\">\n\t\t\t\n\t\t<style type=\"text\/css\">\n\t\t\t#gallery-1 {\n\t\t\t\tmargin: auto;\n\t\t\t}\n\t\t\t#gallery-1 .gallery-item {\n\t\t\t\tfloat: left;\n\t\t\t\tmargin-top: 10px;\n\t\t\t\ttext-align: center;\n\t\t\t\twidth: 25%;\n\t\t\t}\n\t\t\t#gallery-1 img {\n\t\t\t\tborder: 2px solid #cfcfcf;\n\t\t\t}\n\t\t\t#gallery-1 .gallery-caption {\n\t\t\t\tmargin-left: 0;\n\t\t\t}\n\t\t\t\/* see gallery_shortcode() in wp-includes\/media.php *\/\n\t\t<\/style>\n\t\t<div id='gallery-1' class='gallery galleryid-27945 gallery-columns-4 gallery-size-thumbnail'><dl class='gallery-item'>\n\t\t\t<dt class='gallery-icon landscape'>\n\t\t\t\t<a data-elementor-open-lightbox=\"yes\" data-elementor-lightbox-slideshow=\"31a6462\" data-elementor-lightbox-title=\"sampo comia c62\" data-e-action-hash=\"#elementor-action%3Aaction%3Dlightbox%26settings%3DeyJpZCI6Mjc5MzAsInVybCI6Imh0dHBzOlwvXC9yZWNhcnByb2ZpLmN6XC93cC1jb250ZW50XC91cGxvYWRzXC8yMDI0XC8wMVwvc2FtcG8tY29taWEtYzYyLmpwZyIsInNsaWRlc2hvdyI6IjMxYTY0NjIifQ%3D%3D\" href='https:\/\/recarprofi.cz\/wp-content\/uploads\/2024\/01\/sampo-comia-c62.jpg'><img decoding=\"async\" width=\"420\" height=\"404\" src=\"https:\/\/recarprofi.cz\/wp-content\/uploads\/2024\/01\/sampo-comia-c62-420x404.jpg\" class=\"attachment-thumbnail size-thumbnail\" alt=\"\" srcset=\"https:\/\/recarprofi.cz\/wp-content\/uploads\/2024\/01\/sampo-comia-c62-420x404.jpg 420w, https:\/\/recarprofi.cz\/wp-content\/uploads\/2024\/01\/sampo-comia-c62-744x716.jpg 744w, https:\/\/recarprofi.cz\/wp-content\/uploads\/2024\/01\/sampo-comia-c62-768x739.jpg 768w, https:\/\/recarprofi.cz\/wp-content\/uploads\/2024\/01\/sampo-comia-c62-600x577.jpg 600w, https:\/\/recarprofi.cz\/wp-content\/uploads\/2024\/01\/sampo-comia-c62.jpg 1024w\" sizes=\"(max-width: 420px) 100vw, 420px\" \/><\/a>\n\t\t\t<\/dt><\/dl><dl class='gallery-item'>\n\t\t\t<dt class='gallery-icon landscape'>\n\t\t\t\t<a data-elementor-open-lightbox=\"yes\" data-elementor-lightbox-slideshow=\"31a6462\" data-elementor-lightbox-title=\"sampo comia c63\" data-e-action-hash=\"#elementor-action%3Aaction%3Dlightbox%26settings%3DeyJpZCI6Mjc5MzEsInVybCI6Imh0dHBzOlwvXC9yZWNhcnByb2ZpLmN6XC93cC1jb250ZW50XC91cGxvYWRzXC8yMDI0XC8wMVwvc2FtcG8tY29taWEtYzYzLXNjYWxlZC5qcGciLCJzbGlkZXNob3ciOiIzMWE2NDYyIn0%3D\" href='https:\/\/recarprofi.cz\/wp-content\/uploads\/2024\/01\/sampo-comia-c63-scaled.jpg'><img decoding=\"async\" width=\"420\" height=\"280\" src=\"https:\/\/recarprofi.cz\/wp-content\/uploads\/2024\/01\/sampo-comia-c63-420x280.jpg\" class=\"attachment-thumbnail size-thumbnail\" alt=\"\" srcset=\"https:\/\/recarprofi.cz\/wp-content\/uploads\/2024\/01\/sampo-comia-c63-420x280.jpg 420w, https:\/\/recarprofi.cz\/wp-content\/uploads\/2024\/01\/sampo-comia-c63-744x496.jpg 744w, https:\/\/recarprofi.cz\/wp-content\/uploads\/2024\/01\/sampo-comia-c63-1200x800.jpg 1200w, https:\/\/recarprofi.cz\/wp-content\/uploads\/2024\/01\/sampo-comia-c63-768x512.jpg 768w, https:\/\/recarprofi.cz\/wp-content\/uploads\/2024\/01\/sampo-comia-c63-1536x1024.jpg 1536w, https:\/\/recarprofi.cz\/wp-content\/uploads\/2024\/01\/sampo-comia-c63-2048x1366.jpg 2048w, https:\/\/recarprofi.cz\/wp-content\/uploads\/2024\/01\/sampo-comia-c63-1024x683.jpg 1024w, https:\/\/recarprofi.cz\/wp-content\/uploads\/2024\/01\/sampo-comia-c63-1620x1080.jpg 1620w, https:\/\/recarprofi.cz\/wp-content\/uploads\/2024\/01\/sampo-comia-c63-600x400.jpg 600w\" sizes=\"(max-width: 420px) 100vw, 420px\" \/><\/a>\n\t\t\t<\/dt><\/dl><dl class='gallery-item'>\n\t\t\t<dt class='gallery-icon landscape'>\n\t\t\t\t<a data-elementor-open-lightbox=\"yes\" data-elementor-lightbox-slideshow=\"31a6462\" data-elementor-lightbox-title=\"sampo comia c8\" data-e-action-hash=\"#elementor-action%3Aaction%3Dlightbox%26settings%3DeyJpZCI6Mjc5NDYsInVybCI6Imh0dHBzOlwvXC9yZWNhcnByb2ZpLmN6XC93cC1jb250ZW50XC91cGxvYWRzXC8yMDI0XC8wMVwvc2FtcG8tY29taWEtYzgtMS1zY2FsZWQuanBnIiwic2xpZGVzaG93IjoiMzFhNjQ2MiJ9\" href='https:\/\/recarprofi.cz\/wp-content\/uploads\/2024\/01\/sampo-comia-c8-1-scaled.jpg'><img loading=\"lazy\" decoding=\"async\" width=\"420\" height=\"280\" src=\"https:\/\/recarprofi.cz\/wp-content\/uploads\/2024\/01\/sampo-comia-c8-1-420x280.jpg\" class=\"attachment-thumbnail size-thumbnail\" alt=\"\" srcset=\"https:\/\/recarprofi.cz\/wp-content\/uploads\/2024\/01\/sampo-comia-c8-1-420x280.jpg 420w, https:\/\/recarprofi.cz\/wp-content\/uploads\/2024\/01\/sampo-comia-c8-1-744x496.jpg 744w, https:\/\/recarprofi.cz\/wp-content\/uploads\/2024\/01\/sampo-comia-c8-1-1200x800.jpg 1200w, https:\/\/recarprofi.cz\/wp-content\/uploads\/2024\/01\/sampo-comia-c8-1-768x512.jpg 768w, https:\/\/recarprofi.cz\/wp-content\/uploads\/2024\/01\/sampo-comia-c8-1-1536x1024.jpg 1536w, https:\/\/recarprofi.cz\/wp-content\/uploads\/2024\/01\/sampo-comia-c8-1-2048x1366.jpg 2048w, https:\/\/recarprofi.cz\/wp-content\/uploads\/2024\/01\/sampo-comia-c8-1-1024x683.jpg 1024w, https:\/\/recarprofi.cz\/wp-content\/uploads\/2024\/01\/sampo-comia-c8-1-1620x1080.jpg 1620w, https:\/\/recarprofi.cz\/wp-content\/uploads\/2024\/01\/sampo-comia-c8-1-600x400.jpg 600w\" sizes=\"(max-width: 420px) 100vw, 420px\" \/><\/a>\n\t\t\t<\/dt><\/dl><dl class='gallery-item'>\n\t\t\t<dt class='gallery-icon landscape'>\n\t\t\t\t<a data-elementor-open-lightbox=\"yes\" data-elementor-lightbox-slideshow=\"31a6462\" data-elementor-lightbox-title=\"sampo comia c81\" data-e-action-hash=\"#elementor-action%3Aaction%3Dlightbox%26settings%3DeyJpZCI6Mjc5NDcsInVybCI6Imh0dHBzOlwvXC9yZWNhcnByb2ZpLmN6XC93cC1jb250ZW50XC91cGxvYWRzXC8yMDI0XC8wMVwvc2FtcG8tY29taWEtYzgxLXNjYWxlZC5qcGciLCJzbGlkZXNob3ciOiIzMWE2NDYyIn0%3D\" href='https:\/\/recarprofi.cz\/wp-content\/uploads\/2024\/01\/sampo-comia-c81-scaled.jpg'><img loading=\"lazy\" decoding=\"async\" width=\"420\" height=\"280\" src=\"https:\/\/recarprofi.cz\/wp-content\/uploads\/2024\/01\/sampo-comia-c81-420x280.jpg\" class=\"attachment-thumbnail size-thumbnail\" alt=\"\" srcset=\"https:\/\/recarprofi.cz\/wp-content\/uploads\/2024\/01\/sampo-comia-c81-420x280.jpg 420w, https:\/\/recarprofi.cz\/wp-content\/uploads\/2024\/01\/sampo-comia-c81-744x496.jpg 744w, https:\/\/recarprofi.cz\/wp-content\/uploads\/2024\/01\/sampo-comia-c81-1200x800.jpg 1200w, https:\/\/recarprofi.cz\/wp-content\/uploads\/2024\/01\/sampo-comia-c81-768x512.jpg 768w, https:\/\/recarprofi.cz\/wp-content\/uploads\/2024\/01\/sampo-comia-c81-1536x1024.jpg 1536w, https:\/\/recarprofi.cz\/wp-content\/uploads\/2024\/01\/sampo-comia-c81-2048x1366.jpg 2048w, https:\/\/recarprofi.cz\/wp-content\/uploads\/2024\/01\/sampo-comia-c81-1024x683.jpg 1024w, https:\/\/recarprofi.cz\/wp-content\/uploads\/2024\/01\/sampo-comia-c81-1620x1080.jpg 1620w, https:\/\/recarprofi.cz\/wp-content\/uploads\/2024\/01\/sampo-comia-c81-600x400.jpg 600w\" sizes=\"(max-width: 420px) 100vw, 420px\" \/><\/a>\n\t\t\t<\/dt><\/dl><br style=\"clear: both\" \/>\n\t\t<\/div>\n\t\t<\/div>\n\t\t\t\t\t\t<\/div>\n\t\t\t\t<\/div>\n\t\t\t\t\t<\/div>\n\t\t<\/div>\n\t\t\t\t\t<\/div>\n\t\t<\/section>\n\t\t\t\t<section class=\"elementor-section elementor-top-section elementor-element elementor-element-ae12eca elementor-section-boxed elementor-section-height-default elementor-section-height-default\" data-id=\"ae12eca\" data-element_type=\"section\" data-e-type=\"section\">\n\t\t\t\t\t\t<div class=\"elementor-container elementor-column-gap-default\">\n\t\t\t\t\t<div class=\"elementor-column elementor-col-50 elementor-top-column elementor-element elementor-element-aecc6b5\" data-id=\"aecc6b5\" data-element_type=\"column\" data-e-type=\"column\">\n\t\t\t<div class=\"elementor-widget-wrap elementor-element-populated\">\n\t\t\t\t\t\t<div class=\"elementor-element elementor-element-af823ca elementor-widget elementor-widget-text-editor\" data-id=\"af823ca\" data-element_type=\"widget\" data-e-type=\"widget\" data-widget_type=\"text-editor.default\">\n\t\t\t\t<div class=\"elementor-widget-container\">\n\t\t\t\t\t\t\t\t\t<p><strong>Obiln\u00e1 \u017eac\u00ed li\u0161ta\u00a0\u00a0 \u00a0\u00a0\u00a0\u00a0<\/strong>\u00a0<br \/>Standartn\u00ed \u0161\u00ed\u0159ka\u00a0\u00a0 \u00a04,5 m<br \/>Voliteln\u00e1 \u0161\u00ed\u0159ka\u00a0\u00a0 \u00a04,2-5,1 m<br \/>Rychlost kosy\u00a0\u00a0 \u00a01020 \u0159ez\u016f\/min<br \/>Revers li\u0161ty\u00a0\u00a0 \u00a0hydro\u00a0 typ<br \/><strong>P\u0159ihan\u011b\u010d\u00a0<\/strong>\u00a0 \u00a0\u00a0\u00a0 \u00a0<br \/>Pr\u016fm\u011br\u00a0\u00a0 \u00a01,05 m<br \/>Rychlostn\u00ed rozsah\u00a0\u00a0 \u00a015\u202649 ot\/min<br \/>P\u0159izp\u016fsoben\u00ed rychlosti\u00a0\u00a0 \u00a0el.\u00a0 m2<br \/><strong>P\u0159edml\u00e1t\u00edc\u00ed buben\u00a0\u00a0\u00a0<\/strong>\u00a0\u00a0\u00a0 \u00a0<br \/>\u0160\u00ed\u0159ka\u00a0\u00a0 \u00a01,11 m<br \/>Pr\u016fm\u011br\u00a0\u00a0 \u00a00,4 m<br \/>Rychlost\u00a0\u00a0 \u00a0600\u20261300 ot\/min<br \/>Plocha p\u0159edml\u00e1t\u00edc\u00edho ko\u0161e\u00a0\u00a0 \u00a00,34 m2<br \/><strong>Ml\u00e1t\u00edc\u00ed buben\u00a0\u00a0 \u00a0<\/strong>\u00a0\u00a0 \u00a0<br \/>\u0161\u00ed\u0159ka\u00a0\u00a0 \u00a01,11 m<br \/>pr\u016fm\u011br\u00a0\u00a0 \u00a00,5 m<br \/>HD-buben\u00a0\u00a0 \u00a0standart\u00a0\u00a0 \u00a0<br \/>Po\u010det mlatek\u00a0\u00a0 \u00a08 ks<br \/>Typ mlatek\u00a0\u00a0 \u00a0v\u00fdm\u011bnn\u00e9\u00a0\u00a0 \u00a0<br \/>Rychlostn\u00ed rozsah\u00a0\u00a0 \u00a0600\u20261300 ot\/min<br \/>Voliteln\u00fd rozsah\u00a0\u00a0 \u00a0400\u20261150\u00a0\u00a0 \u00a0<br \/>P\u0159izp\u016fsoben\u00ed rychlosti\u00a0\u00a0 \u00a0el.\u00a0\u00a0 \u00a0<br \/><strong>Ml\u00e1t\u00edc\u00ed ko\u0161\u00a0\u00a0 \u00a0<\/strong>\u00a0\u00a0 \u00a0<br \/>Plocha\u00a0\u00a0 \u00a00,51 m2<br \/>\u00dahel op\u00e1s\u00e1n\u00ed\u00a0\u00a0 \u00a0105 stupn\u011b<br \/>Po\u010det li\u0161t\u00a0\u00a0 \u00a012 ks<br \/>Plynul\u00e9 p\u0159izp\u016fsoben\u00ed mezery\u00a0\u00a0 \u00a06\u202642 mm<br \/><strong>Vyt\u0159\u00e1sadla\u00a0\u00a0 \u00a0<\/strong>\u00a0\u00a0 \u00a0<br \/>Po\u010det\u00a0\u00a0 \u00a05 ks<br \/>Celkov\u00e1 separa\u010dn\u00ed plocha\u00a0\u00a0 \u00a04,8 m2<br \/>CSP-buben\u00a0\u00a0 \u00a0standart\u00a0\u00a0\u00a0<\/p>\t\t\t\t\t\t\t\t<\/div>\n\t\t\t\t<\/div>\n\t\t\t\t\t<\/div>\n\t\t<\/div>\n\t\t\t\t<div class=\"elementor-column elementor-col-50 elementor-top-column elementor-element elementor-element-6229913\" data-id=\"6229913\" data-element_type=\"column\" data-e-type=\"column\">\n\t\t\t<div class=\"elementor-widget-wrap elementor-element-populated\">\n\t\t\t\t\t\t<div class=\"elementor-element elementor-element-61ed284 elementor-widget elementor-widget-text-editor\" data-id=\"61ed284\" data-element_type=\"widget\" data-e-type=\"widget\" data-widget_type=\"text-editor.default\">\n\t\t\t\t<div class=\"elementor-widget-container\">\n\t\t\t\t\t\t\t\t\t<p><strong>S\u00edta\u00a0\u00a0<\/strong>\u00a0\u00a0\u00a0\u00a0 \u00a0<br \/>Horn\u00ed s\u00edto + prodlou\u017een\u00ed\u00a0\u00a0 \u00a01,74+0,33 m2<br \/>Spodn\u00ed s\u00edto\u00a0\u00a0 \u00a01,33 m2<br \/>Celkov\u00e1 plocha\u00a0\u00a0 \u00a03,4 m2<br \/>P\u0159izp\u016fsoben\u00ed proudu vzduchu\u00a0\u00a0 \u00a0el.\u00a0\u00a0 \u00a0<br \/>Drti\u010d sl\u00e1my REKORD\u00a0\u00a0 \u00a0\u00a0\u00a0 \u00a0<br \/>Z\u00e1kladn\u00ed drti\u010d\u00a0\u00a0 \u00a0\u00a0\u00a0 \u00a0<br \/>Vysokorychlostn\u00ed drti\u010d\u00a0\u00a0 \u00a0standart\u00a0\u00a0 \u00a0<br \/><strong>Z\u00e1sobn\u00edk zrna\u00a0\u00a0\u00a0<\/strong>\u00a0\u00a0\u00a0 \u00a0<br \/>Kapacita\u00a0\u00a0 \u00a05,4 m3<br \/>V\u00fd\u0161ka vyprazd\u0148ov\u00e1n\u00ed\u00a0\u00a0 \u00a03,4-4 m<br \/><strong>Motor\u00a0\u00a0\u00a0<\/strong>\u00a0\u00a0\u00a0 \u00a0<br \/>Typ \u00a0\u00a0 \u00a0AGCO SISU\u00a0\u00a0 \u00a0<br \/>V\u00fdkon\u00a0\u00a0 \u00a0154\/210 kW\/hp<br \/>Ot\u00e1\u010dky\u00a0\u00a0 \u00a02000\u00a0\u00a0 \u00a0<br \/>V\u00e1lce\u00a0\u00a0 \u00a06V\u00a0\u00a0 \u00a0<br \/>Objem palivov\u00e9 n\u00e1dr\u017ee\u00a0\u00a0 \u00a0350\u00a0\u00a0 \u00a0<br \/>Transmise\u00a0\u00a0 \u00a0\u00a0\u00a0 \u00a0<br \/>Pohon\u00a0\u00a0 \u00a0hydro\u00a0\u00a0 \u00a0<br \/>Uzav\u0159en\u00fd koncov\u00fd p\u0159evod\u00a0\u00a0 \u00a0standart\u00a0\u00a0 \u00a0<br \/><strong>Pneu standart\u00a0\u00a0\u00a0<\/strong>\u00a0\u00a0\u00a0 \u00a0<br \/>P\u0159edn\u00ed\u00a0\u00a0 \u00a0750\/65 R26\u00a0\u00a0 \u00a0<br \/>Zadn\u00ed\u00a0\u00a0 \u00a0420\/65 R20\u00a0\u00a0 \u00a0<br \/><strong>Kabina\u00a0\u00a0 \u00a0<\/strong>\u00a0\u00a0 \u00a0<br \/>Typ\u00a0\u00a0 \u00a0Avara\u00a0\u00a0 \u00a0<br \/>Seda\u010dka \u00a0\u00a0 \u00a0Grammer\u00a0\u00a0 \u00a0<br \/>Seda\u010dka spolujezdce\u00a0\u00a0 \u00a0standart\u00a0\u00a0 \u00a0<br \/>3-rychlostn\u00ed ventil\u00e1tor\u00a0\u00a0 \u00a0standart\u00a0\u00a0 \u00a0<br \/>Topen\u00ed\u00a0\u00a0 \u00a0standart\u00a0\u00a0 \u00a0<br \/>Klimatizace\u00a0\u00a0 \u00a0standart\u00a0\u00a0 \u00a0<br \/>R\u00e1dio\u00a0\u00a0 \u00a0standart\u00a0\u00a0 \u00a0<br \/>Monitor ztr\u00e1t\u00a0\u00a0 \u00a0standart\u00a0\u00a0 \u00a0<br \/><strong>Rozm\u011bry\u00a0<\/strong>\u00a0 \u00a0\u00a0\u00a0 \u00a0<br \/>Celkov\u00e1 d\u00e9lka\u00a0\u00a0 \u00a09,1 m<br \/>P\u0159epravn\u00ed v\u00fd\u0161ka\u00a0\u00a0 \u00a03,65 m<br \/>Sv\u011btl\u00e1 v\u00fd\u0161ka\u00a0\u00a0 \u00a00,43 m<br \/>\u0160\u00ed\u0159ka na standart kolech bez li\u0161ty\u00a0\u00a0 \u00a03 063\u00a0 mm<br \/>Hmotnost s \u017eac\u00ed li\u0161tou a drti\u010dem\u00a0\u00a0 \u00a09 000 kg<\/p>\t\t\t\t\t\t\t\t<\/div>\n\t\t\t\t<\/div>\n\t\t\t\t\t<\/div>\n\t\t<\/div>\n\t\t\t\t\t<\/div>\n\t\t<\/section>\n\t\t\t\t<\/div>\n\t\t","protected":false},"excerpt":{"rendered":"<p>Skl\u00edzec\u00ed ml\u00e1ti\u010dka Sampo Rosenlew COMIA 2.0 \u00a0C8 \u00a0je dal\u0161\u00ed z \u201emal\u00fdch\u201c model\u016f \u0159ady Comia. Kombajn Sampo C8 je ur\u010den sp\u00ed\u0161e st\u0159edn\u00ed farmy a vych\u00e1z\u00ed z dlouhodob\u00fdch zku\u0161enost\u00ed \u0159ady 2000 a 3000 kter\u00e1 byla na trhu&hellip;<\/p>\n","protected":false},"author":1,"featured_media":27930,"parent":27839,"menu_order":4,"comment_status":"closed","ping_status":"closed","template":"","meta":{"footnotes":""},"class_list":["post-27945","page","type-page","status-publish","has-post-thumbnail","hentry"],"_links":{"self":[{"href":"https:\/\/recarprofi.cz\/uvod\/wp-json\/wp\/v2\/pages\/27945","targetHints":{"allow":["GET"]}}],"collection":[{"href":"https:\/\/recarprofi.cz\/uvod\/wp-json\/wp\/v2\/pages"}],"about":[{"href":"https:\/\/recarprofi.cz\/uvod\/wp-json\/wp\/v2\/types\/page"}],"author":[{"embeddable":true,"href":"https:\/\/recarprofi.cz\/uvod\/wp-json\/wp\/v2\/users\/1"}],"replies":[{"embeddable":true,"href":"https:\/\/recarprofi.cz\/uvod\/wp-json\/wp\/v2\/comments?post=27945"}],"version-history":[{"count":5,"href":"https:\/\/recarprofi.cz\/uvod\/wp-json\/wp\/v2\/pages\/27945\/revisions"}],"predecessor-version":[{"id":28248,"href":"https:\/\/recarprofi.cz\/uvod\/wp-json\/wp\/v2\/pages\/27945\/revisions\/28248"}],"up":[{"embeddable":true,"href":"https:\/\/recarprofi.cz\/uvod\/wp-json\/wp\/v2\/pages\/27839"}],"wp:featuredmedia":[{"embeddable":true,"href":"https:\/\/recarprofi.cz\/uvod\/wp-json\/wp\/v2\/media\/27930"}],"wp:attachment":[{"href":"https:\/\/recarprofi.cz\/uvod\/wp-json\/wp\/v2\/media?parent=27945"}],"curies":[{"name":"wp","href":"https:\/\/api.w.org\/{rel}","templated":true}]}}