{"id":27967,"date":"2024-01-23T12:44:08","date_gmt":"2024-01-23T11:44:08","guid":{"rendered":"https:\/\/recarprofi.cz\/uvod\/?page_id=27967"},"modified":"2024-04-22T14:32:01","modified_gmt":"2024-04-22T12:32:01","slug":"comia-2-0-c10","status":"publish","type":"page","link":"https:\/\/recarprofi.cz\/uvod\/zemedelska-technika\/sklizeci-mlaticky\/sampo\/comia-2-0-c10\/","title":{"rendered":"Skl\u00edzec\u00ed ml\u00e1ti\u010dka Sampo Comia 2.0 C10"},"content":{"rendered":"\t\t<div data-elementor-type=\"wp-page\" data-elementor-id=\"27967\" class=\"elementor elementor-27967\">\n\t\t\t\t\t\t<section class=\"elementor-section elementor-top-section elementor-element elementor-element-d9a4164 elementor-section-boxed elementor-section-height-default elementor-section-height-default\" data-id=\"d9a4164\" data-element_type=\"section\" data-e-type=\"section\">\n\t\t\t\t\t\t<div class=\"elementor-container elementor-column-gap-default\">\n\t\t\t\t\t<div class=\"elementor-column elementor-col-100 elementor-top-column elementor-element elementor-element-56889bd\" data-id=\"56889bd\" data-element_type=\"column\" data-e-type=\"column\">\n\t\t\t<div class=\"elementor-widget-wrap elementor-element-populated\">\n\t\t\t\t\t\t<div class=\"elementor-element elementor-element-43e1c80 elementor-widget elementor-widget-image\" data-id=\"43e1c80\" data-element_type=\"widget\" data-e-type=\"widget\" data-widget_type=\"image.default\">\n\t\t\t\t<div class=\"elementor-widget-container\">\n\t\t\t\t\t\t\t\t\t\t\t\t\t\t\t<img fetchpriority=\"high\" decoding=\"async\" width=\"847\" height=\"565\" src=\"https:\/\/recarprofi.cz\/wp-content\/uploads\/2024\/01\/sampo-comia-c12.jpg\" class=\"attachment-large size-large wp-image-27968\" alt=\"\" srcset=\"https:\/\/recarprofi.cz\/wp-content\/uploads\/2024\/01\/sampo-comia-c12.jpg 1024w, https:\/\/recarprofi.cz\/wp-content\/uploads\/2024\/01\/sampo-comia-c12-744x496.jpg 744w, https:\/\/recarprofi.cz\/wp-content\/uploads\/2024\/01\/sampo-comia-c12-420x280.jpg 420w, https:\/\/recarprofi.cz\/wp-content\/uploads\/2024\/01\/sampo-comia-c12-768x512.jpg 768w, https:\/\/recarprofi.cz\/wp-content\/uploads\/2024\/01\/sampo-comia-c12-600x400.jpg 600w\" sizes=\"(max-width: 847px) 100vw, 847px\" \/>\t\t\t\t\t\t\t\t\t\t\t\t\t\t\t<\/div>\n\t\t\t\t<\/div>\n\t\t\t\t\t<\/div>\n\t\t<\/div>\n\t\t\t\t\t<\/div>\n\t\t<\/section>\n\t\t\t\t<section class=\"elementor-section elementor-top-section elementor-element elementor-element-ff1ea82 elementor-section-boxed elementor-section-height-default elementor-section-height-default\" data-id=\"ff1ea82\" data-element_type=\"section\" data-e-type=\"section\">\n\t\t\t\t\t\t<div class=\"elementor-container elementor-column-gap-default\">\n\t\t\t\t\t<div class=\"elementor-column elementor-col-100 elementor-top-column elementor-element elementor-element-5fb7600\" data-id=\"5fb7600\" data-element_type=\"column\" data-e-type=\"column\">\n\t\t\t<div class=\"elementor-widget-wrap elementor-element-populated\">\n\t\t\t\t\t\t<div class=\"elementor-element elementor-element-33779c6 elementor-widget elementor-widget-text-editor\" data-id=\"33779c6\" data-element_type=\"widget\" data-e-type=\"widget\" data-widget_type=\"text-editor.default\">\n\t\t\t\t<div class=\"elementor-widget-container\">\n\t\t\t\t\t\t\t\t\t<p>Skl\u00edzec\u00ed ml\u00e1ti\u010dka Sampo Rosenlew COMIA 2.0 C10 \u00a0posunuje \u0159adu Comia zase o kus d\u00e1le . Kombajn Sampo C10 je ur\u010den sp\u00ed\u0161e pro st\u0159edn\u00ed a v\u011bt\u0161\u00ed farmy a vych\u00e1z\u00ed z dlouhodob\u00fdch zku\u0161enost\u00ed \u0159ady 3000 kter\u00e1 byla na trhu v\u00edce ne\u017e 20let.<br \/><br \/>Prostorn\u00e1 kabina Avara nab\u00edz\u00ed dostatek komfortu a jedine\u010dn\u00fd v\u00fdhled na skl\u00edzen\u00fd porost. Sou\u010d\u00e1st\u00ed komfortn\u00ed seda\u010dky je loketn\u00ed op\u011brka konstruovan\u00e1 p\u0159\u00edmo na z\u00e1klad\u011b po\u017eadavk\u016f z\u00e1kazn\u00edk\u016f a 12,3\u201c dotykov\u00fd monitor. U modelu C10 najdete 6 vyt\u0159asadel, ml\u00e1t\u00edc\u00ed buben, domlace\u010d a \u010dechra\u010d. Ve v\u011bt\u0161in\u011b p\u0159\u00edpad\u016f je stroj osazen \u0161esti v\u00e1lcov\u00fdm motorem o v\u00fdkonu 238hp. Z\u00e1kazn\u00edk si m\u016f\u017ee zvolit li\u0161tu v rozm\u011brech 5,1-6,5m, kterou jde osadit \u0159epkov\u00fdm prodlou\u017een\u00edm, pop\u0159 nahradit vario li\u0161tou. Na p\u0159\u00e1n\u00ed je mo\u017eno stroj dovybavit pohonem 4&#215;4.<\/p>\t\t\t\t\t\t\t\t<\/div>\n\t\t\t\t<\/div>\n\t\t\t\t\t<\/div>\n\t\t<\/div>\n\t\t\t\t\t<\/div>\n\t\t<\/section>\n\t\t\t\t<section class=\"elementor-section elementor-top-section elementor-element elementor-element-4cc1971 elementor-section-boxed elementor-section-height-default elementor-section-height-default\" data-id=\"4cc1971\" data-element_type=\"section\" data-e-type=\"section\">\n\t\t\t\t\t\t<div class=\"elementor-container elementor-column-gap-default\">\n\t\t\t\t\t<div class=\"elementor-column elementor-col-100 elementor-top-column elementor-element elementor-element-2523ab3\" data-id=\"2523ab3\" data-element_type=\"column\" data-e-type=\"column\">\n\t\t\t<div class=\"elementor-widget-wrap elementor-element-populated\">\n\t\t\t\t\t\t<div class=\"elementor-element elementor-element-9c33838 elementor-widget elementor-widget-image-gallery\" data-id=\"9c33838\" data-element_type=\"widget\" data-e-type=\"widget\" data-widget_type=\"image-gallery.default\">\n\t\t\t\t<div class=\"elementor-widget-container\">\n\t\t\t\t\t\t\t<div class=\"elementor-image-gallery\">\n\t\t\t\n\t\t<style type=\"text\/css\">\n\t\t\t#gallery-1 {\n\t\t\t\tmargin: auto;\n\t\t\t}\n\t\t\t#gallery-1 .gallery-item {\n\t\t\t\tfloat: left;\n\t\t\t\tmargin-top: 10px;\n\t\t\t\ttext-align: center;\n\t\t\t\twidth: 25%;\n\t\t\t}\n\t\t\t#gallery-1 img {\n\t\t\t\tborder: 2px solid #cfcfcf;\n\t\t\t}\n\t\t\t#gallery-1 .gallery-caption {\n\t\t\t\tmargin-left: 0;\n\t\t\t}\n\t\t\t\/* see gallery_shortcode() in wp-includes\/media.php *\/\n\t\t<\/style>\n\t\t<div id='gallery-1' class='gallery galleryid-27967 gallery-columns-4 gallery-size-thumbnail'><dl class='gallery-item'>\n\t\t\t<dt class='gallery-icon landscape'>\n\t\t\t\t<a data-elementor-open-lightbox=\"yes\" data-elementor-lightbox-slideshow=\"9c33838\" data-elementor-lightbox-title=\"sampo comia c62\" data-e-action-hash=\"#elementor-action%3Aaction%3Dlightbox%26settings%3DeyJpZCI6Mjc5MzAsInVybCI6Imh0dHBzOlwvXC9yZWNhcnByb2ZpLmN6XC93cC1jb250ZW50XC91cGxvYWRzXC8yMDI0XC8wMVwvc2FtcG8tY29taWEtYzYyLmpwZyIsInNsaWRlc2hvdyI6IjljMzM4MzgifQ%3D%3D\" href='https:\/\/recarprofi.cz\/wp-content\/uploads\/2024\/01\/sampo-comia-c62.jpg'><img decoding=\"async\" width=\"420\" height=\"404\" src=\"https:\/\/recarprofi.cz\/wp-content\/uploads\/2024\/01\/sampo-comia-c62-420x404.jpg\" class=\"attachment-thumbnail size-thumbnail\" alt=\"\" srcset=\"https:\/\/recarprofi.cz\/wp-content\/uploads\/2024\/01\/sampo-comia-c62-420x404.jpg 420w, https:\/\/recarprofi.cz\/wp-content\/uploads\/2024\/01\/sampo-comia-c62-744x716.jpg 744w, https:\/\/recarprofi.cz\/wp-content\/uploads\/2024\/01\/sampo-comia-c62-768x739.jpg 768w, https:\/\/recarprofi.cz\/wp-content\/uploads\/2024\/01\/sampo-comia-c62-600x577.jpg 600w, https:\/\/recarprofi.cz\/wp-content\/uploads\/2024\/01\/sampo-comia-c62.jpg 1024w\" sizes=\"(max-width: 420px) 100vw, 420px\" \/><\/a>\n\t\t\t<\/dt><\/dl><dl class='gallery-item'>\n\t\t\t<dt class='gallery-icon landscape'>\n\t\t\t\t<a data-elementor-open-lightbox=\"yes\" data-elementor-lightbox-slideshow=\"9c33838\" data-elementor-lightbox-title=\"sampo comia c101\" data-e-action-hash=\"#elementor-action%3Aaction%3Dlightbox%26settings%3DeyJpZCI6Mjc5NzYsInVybCI6Imh0dHBzOlwvXC9yZWNhcnByb2ZpLmN6XC93cC1jb250ZW50XC91cGxvYWRzXC8yMDI0XC8wMVwvc2FtcG8tY29taWEtYzEwMS1zY2FsZWQuanBnIiwic2xpZGVzaG93IjoiOWMzMzgzOCJ9\" href='https:\/\/recarprofi.cz\/wp-content\/uploads\/2024\/01\/sampo-comia-c101-scaled.jpg'><img decoding=\"async\" width=\"420\" height=\"280\" src=\"https:\/\/recarprofi.cz\/wp-content\/uploads\/2024\/01\/sampo-comia-c101-420x280.jpg\" class=\"attachment-thumbnail size-thumbnail\" alt=\"\" srcset=\"https:\/\/recarprofi.cz\/wp-content\/uploads\/2024\/01\/sampo-comia-c101-420x280.jpg 420w, https:\/\/recarprofi.cz\/wp-content\/uploads\/2024\/01\/sampo-comia-c101-744x496.jpg 744w, https:\/\/recarprofi.cz\/wp-content\/uploads\/2024\/01\/sampo-comia-c101-1200x800.jpg 1200w, https:\/\/recarprofi.cz\/wp-content\/uploads\/2024\/01\/sampo-comia-c101-768x512.jpg 768w, https:\/\/recarprofi.cz\/wp-content\/uploads\/2024\/01\/sampo-comia-c101-1536x1024.jpg 1536w, https:\/\/recarprofi.cz\/wp-content\/uploads\/2024\/01\/sampo-comia-c101-2048x1366.jpg 2048w, https:\/\/recarprofi.cz\/wp-content\/uploads\/2024\/01\/sampo-comia-c101-1024x683.jpg 1024w, https:\/\/recarprofi.cz\/wp-content\/uploads\/2024\/01\/sampo-comia-c101-1620x1080.jpg 1620w, https:\/\/recarprofi.cz\/wp-content\/uploads\/2024\/01\/sampo-comia-c101-600x400.jpg 600w\" sizes=\"(max-width: 420px) 100vw, 420px\" \/><\/a>\n\t\t\t<\/dt><\/dl><dl class='gallery-item'>\n\t\t\t<dt class='gallery-icon landscape'>\n\t\t\t\t<a data-elementor-open-lightbox=\"yes\" data-elementor-lightbox-slideshow=\"9c33838\" data-elementor-lightbox-title=\"sampo comia c10\" data-e-action-hash=\"#elementor-action%3Aaction%3Dlightbox%26settings%3DeyJpZCI6Mjc5NzcsInVybCI6Imh0dHBzOlwvXC9yZWNhcnByb2ZpLmN6XC93cC1jb250ZW50XC91cGxvYWRzXC8yMDI0XC8wMVwvc2FtcG8tY29taWEtYzEwLmpwZyIsInNsaWRlc2hvdyI6IjljMzM4MzgifQ%3D%3D\" href='https:\/\/recarprofi.cz\/wp-content\/uploads\/2024\/01\/sampo-comia-c10.jpg'><img loading=\"lazy\" decoding=\"async\" width=\"420\" height=\"280\" src=\"https:\/\/recarprofi.cz\/wp-content\/uploads\/2024\/01\/sampo-comia-c10-420x280.jpg\" class=\"attachment-thumbnail size-thumbnail\" alt=\"\" srcset=\"https:\/\/recarprofi.cz\/wp-content\/uploads\/2024\/01\/sampo-comia-c10-420x280.jpg 420w, https:\/\/recarprofi.cz\/wp-content\/uploads\/2024\/01\/sampo-comia-c10-600x400.jpg 600w, https:\/\/recarprofi.cz\/wp-content\/uploads\/2024\/01\/sampo-comia-c10.jpg 700w\" sizes=\"(max-width: 420px) 100vw, 420px\" \/><\/a>\n\t\t\t<\/dt><\/dl><dl class='gallery-item'>\n\t\t\t<dt class='gallery-icon landscape'>\n\t\t\t\t<a data-elementor-open-lightbox=\"yes\" data-elementor-lightbox-slideshow=\"9c33838\" data-elementor-lightbox-title=\"sampo comia c122\" data-e-action-hash=\"#elementor-action%3Aaction%3Dlightbox%26settings%3DeyJpZCI6Mjc5NzgsInVybCI6Imh0dHBzOlwvXC9yZWNhcnByb2ZpLmN6XC93cC1jb250ZW50XC91cGxvYWRzXC8yMDI0XC8wMVwvc2FtcG8tY29taWEtYzEyMi5qcGciLCJzbGlkZXNob3ciOiI5YzMzODM4In0%3D\" href='https:\/\/recarprofi.cz\/wp-content\/uploads\/2024\/01\/sampo-comia-c122.jpg'><img loading=\"lazy\" decoding=\"async\" width=\"420\" height=\"374\" src=\"https:\/\/recarprofi.cz\/wp-content\/uploads\/2024\/01\/sampo-comia-c122-420x374.jpg\" class=\"attachment-thumbnail size-thumbnail\" alt=\"\" srcset=\"https:\/\/recarprofi.cz\/wp-content\/uploads\/2024\/01\/sampo-comia-c122-420x374.jpg 420w, https:\/\/recarprofi.cz\/wp-content\/uploads\/2024\/01\/sampo-comia-c122-744x663.jpg 744w, https:\/\/recarprofi.cz\/wp-content\/uploads\/2024\/01\/sampo-comia-c122-768x685.jpg 768w, https:\/\/recarprofi.cz\/wp-content\/uploads\/2024\/01\/sampo-comia-c122-600x535.jpg 600w, https:\/\/recarprofi.cz\/wp-content\/uploads\/2024\/01\/sampo-comia-c122.jpg 1024w\" sizes=\"(max-width: 420px) 100vw, 420px\" \/><\/a>\n\t\t\t<\/dt><\/dl><br style=\"clear: both\" \/>\n\t\t<\/div>\n\t\t<\/div>\n\t\t\t\t\t\t<\/div>\n\t\t\t\t<\/div>\n\t\t\t\t\t<\/div>\n\t\t<\/div>\n\t\t\t\t\t<\/div>\n\t\t<\/section>\n\t\t\t\t<section class=\"elementor-section elementor-top-section elementor-element elementor-element-4a21d3f elementor-section-boxed elementor-section-height-default elementor-section-height-default\" data-id=\"4a21d3f\" data-element_type=\"section\" data-e-type=\"section\">\n\t\t\t\t\t\t<div class=\"elementor-container elementor-column-gap-default\">\n\t\t\t\t\t<div class=\"elementor-column elementor-col-50 elementor-top-column elementor-element elementor-element-100e256\" data-id=\"100e256\" data-element_type=\"column\" data-e-type=\"column\">\n\t\t\t<div class=\"elementor-widget-wrap elementor-element-populated\">\n\t\t\t\t\t\t<div class=\"elementor-element elementor-element-6a2e3e4 elementor-widget elementor-widget-text-editor\" data-id=\"6a2e3e4\" data-element_type=\"widget\" data-e-type=\"widget\" data-widget_type=\"text-editor.default\">\n\t\t\t\t<div class=\"elementor-widget-container\">\n\t\t\t\t\t\t\t\t\t<p><strong>Obiln\u00e1 \u017eac\u00ed li\u0161ta\u00a0<\/strong>\u00a0 \u00a0\u00a0\u00a0 \u00a0<br \/>Standartn\u00ed \u0161\u00ed\u0159ka\u00a0\u00a0 \u00a05,1 m<br \/>Voliteln\u00e1 \u0161\u00ed\u0159ka\u00a0\u00a0 \u00a04,8-5,1 m<br \/>Rychlost kosy\u00a0\u00a0 \u00a01020 \u0159ez\u016f\/min<br \/>Revers li\u0161ty\u00a0\u00a0 \u00a0hydro typ<br \/><strong>P\u0159ihan\u011b\u010d\u00a0\u00a0 \u00a0\u00a0\u00a0<\/strong>\u00a0\u00a0<br \/>Pr\u016fm\u011br\u00a0\u00a0 \u00a01,05 m<br \/>Rychlostn\u00ed rozsah\u00a0\u00a0 \u00a00\u202650 ot\/min<br \/>P\u0159izp\u016fsoben\u00ed rychlosti\u00a0\u00a0 \u00a0hydro\u00a0 m2<br \/>P\u0159edml\u00e1t\u00edc\u00ed buben\u00a0\u00a0 \u00a0\u00a0\u00a0 \u00a0<br \/>\u0160\u00ed\u0159ka\u00a0\u00a0 \u00a0&#8211;\u00a0\u00a0 \u00a0m<br \/>Pr\u016fm\u011br\u00a0\u00a0 \u00a0&#8211;\u00a0\u00a0 \u00a0m<br \/>Rychlost\u00a0\u00a0 \u00a0&#8211;\u00a0\u00a0 \u00a0ot\/min<br \/>Plocha p\u0159edml\u00e1t\u00edc\u00edho ko\u0161e\u00a0\u00a0 \u00a0&#8211;\u00a0 m2<br \/><strong>Ml\u00e1t\u00edc\u00ed buben\u00a0\u00a0<\/strong>\u00a0\u00a0\u00a0\u00a0 \u00a0<br \/>\u0161\u00ed\u0159ka\u00a0\u00a0 \u00a01,33 m<br \/>pr\u016fm\u011br\u00a0\u00a0 \u00a00,5 m<br \/>HD-buben\u00a0\u00a0 \u00a0standart\u00a0\u00a0 \u00a0<br \/>Po\u010det mlatek\u00a0\u00a0 \u00a08 ks<br \/>Typ mlatek\u00a0\u00a0 \u00a0v\u00fdm\u011bnn\u00e9\u00a0\u00a0 \u00a0<br \/>Rychlostn\u00ed rozsah\u00a0\u00a0 \u00a0600\u20261300 ot\/min<br \/>Voliteln\u00fd rozsah\u00a0\u00a0 \u00a0600\u20261300\u00a0\u00a0 \u00a0<br \/>P\u0159izp\u016fsoben\u00ed rychlosti\u00a0\u00a0 \u00a0el.\u00a0\u00a0 \u00a0<br \/><strong>Ml\u00e1t\u00edc\u00ed ko\u0161<\/strong>\u00a0\u00a0 \u00a0\u00a0\u00a0 \u00a0<br \/>Plocha\u00a0\u00a0 \u00a00,51 m2<br \/>\u00dahel op\u00e1s\u00e1n\u00ed\u00a0\u00a0 \u00a0105 stupn\u011b<br \/>Po\u010det li\u0161t\u00a0\u00a0 \u00a012 ks<br \/>Plynul\u00e9 p\u0159izp\u016fsoben\u00ed mezery\u00a0\u00a0 \u00a06\u202642\u00a0 mm<br \/><strong>Vyt\u0159\u00e1sadla<\/strong>\u00a0\u00a0 \u00a0\u00a0\u00a0 \u00a0<br \/>Po\u010det\u00a0\u00a0 \u00a06 ks<br \/>Celkov\u00e1 separa\u010dn\u00ed plocha\u00a0\u00a0 \u00a06,3 m2<br \/>CSP-buben\u00a0\u00a0 \u00a0standart\u00a0\u00a0\u00a0<\/p>\t\t\t\t\t\t\t\t<\/div>\n\t\t\t\t<\/div>\n\t\t\t\t\t<\/div>\n\t\t<\/div>\n\t\t\t\t<div class=\"elementor-column elementor-col-50 elementor-top-column elementor-element elementor-element-e574124\" data-id=\"e574124\" data-element_type=\"column\" data-e-type=\"column\">\n\t\t\t<div class=\"elementor-widget-wrap elementor-element-populated\">\n\t\t\t\t\t\t<div class=\"elementor-element elementor-element-c8eb958 elementor-widget elementor-widget-text-editor\" data-id=\"c8eb958\" data-element_type=\"widget\" data-e-type=\"widget\" data-widget_type=\"text-editor.default\">\n\t\t\t\t<div class=\"elementor-widget-container\">\n\t\t\t\t\t\t\t\t\t<p><strong>S\u00edta\u00a0\u00a0<\/strong>\u00a0\u00a0\u00a0\u00a0 \u00a0<br \/>Horn\u00ed s\u00edto + prodlou\u017een\u00ed\u00a0\u00a0 \u00a02,3+0,4 m2<br \/>Spodn\u00ed s\u00edto\u00a0\u00a0 \u00a01,8 m2<br \/>Celkov\u00e1 plocha\u00a0\u00a0 \u00a04,5 m2<br \/>P\u0159izp\u016fsoben\u00ed proudu vzduchu\u00a0\u00a0 \u00a0el.\u00a0\u00a0 \u00a0<br \/>Drti\u010d sl\u00e1my REKORD\u00a0\u00a0 \u00a0\u00a0\u00a0 \u00a0<br \/>Z\u00e1kladn\u00ed drti\u010d\u00a0\u00a0 \u00a0\u00a0\u00a0 \u00a0<br \/>Vysokorychlostn\u00ed drti\u010d\u00a0\u00a0 \u00a0standart\u00a0\u00a0 \u00a0<br \/>Z\u00e1sobn\u00edk zrna\u00a0\u00a0 \u00a0\u00a0\u00a0 \u00a0<br \/>Kapacita\u00a0\u00a0 \u00a06 m3<br \/>V\u00fd\u0161ka vyprazd\u0148ov\u00e1n\u00ed\u00a0\u00a0 \u00a04-4,4 m<br \/><strong>Motor\u00a0\u00a0\u00a0<\/strong>\u00a0\u00a0\u00a0 \u00a0<br \/>Typ \u00a0\u00a0 \u00a0AGCO SISU\u00a0\u00a0 \u00a0<br \/>V\u00fdkon\u00a0\u00a0 \u00a0175\/238\u00a0 kW\/hp<br \/>Ot\u00e1\u010dky\u00a0\u00a0 \u00a02000\u00a0\u00a0 \u00a0<br \/>V\u00e1lce\u00a0\u00a0 \u00a06V\u00a0\u00a0 \u00a0<br \/>Objem palivov\u00e9 n\u00e1dr\u017ee\u00a0\u00a0 \u00a0350\u00a0\u00a0 \u00a0<br \/>Transmise\u00a0\u00a0 \u00a0\u00a0\u00a0 \u00a0<br \/>Pohon\u00a0\u00a0 \u00a0hydro\u00a0\u00a0 \u00a0<br \/>Uzav\u0159en\u00fd koncov\u00fd p\u0159evod\u00a0\u00a0 \u00a0standart\u00a0\u00a0 \u00a0<br \/><strong>Pneu standart\u00a0\u00a0<\/strong>\u00a0\u00a0\u00a0\u00a0 \u00a0<br \/>P\u0159edn\u00ed\u00a0\u00a0 \u00a0800\/65 R32\u00a0\u00a0 \u00a0<br \/>Zadn\u00ed\u00a0\u00a0 \u00a0480\/65 R24\u00a0\u00a0 \u00a0<br \/><strong>Kabina\u00a0<\/strong>\u00a0 \u00a0\u00a0\u00a0 \u00a0<br \/>Typ\u00a0\u00a0 \u00a0Avara\u00a0\u00a0 \u00a0<br \/>Seda\u010dka \u00a0\u00a0 \u00a0Grammer\u00a0\u00a0 \u00a0<br \/>Seda\u010dka spolujezdce\u00a0\u00a0 \u00a0standart\u00a0\u00a0 \u00a0<br \/>3-rychlostn\u00ed ventil\u00e1tor\u00a0\u00a0 \u00a0standart\u00a0\u00a0 \u00a0<br \/>Topen\u00ed\u00a0\u00a0 \u00a0standart\u00a0\u00a0 \u00a0<br \/>Klimatizace\u00a0\u00a0 \u00a0standart\u00a0\u00a0 \u00a0<br \/>R\u00e1dio\u00a0\u00a0 \u00a0standart\u00a0\u00a0 \u00a0<br \/>Monitor ztr\u00e1t\u00a0\u00a0 \u00a0standart\u00a0\u00a0 \u00a0<br \/><strong>Rozm\u011bry\u00a0\u00a0<\/strong>\u00a0\u00a0\u00a0\u00a0 \u00a0<br \/>Celkov\u00e1 d\u00e9lka\u00a0\u00a0 \u00a08,68 m<br \/>P\u0159epravn\u00ed v\u00fd\u0161ka\u00a0\u00a0 \u00a03,65 m<br \/>Sv\u011btl\u00e1 v\u00fd\u0161ka\u00a0\u00a0 \u00a00,43 m<br \/>\u0160\u00ed\u0159ka na standart kolech bez li\u0161ty\u00a0\u00a0 \u00a03,12 m<br \/>Hmotnost s \u017eac\u00ed li\u0161tou a drti\u010dem\u00a0\u00a0 \u00a011 700 kg<\/p>\t\t\t\t\t\t\t\t<\/div>\n\t\t\t\t<\/div>\n\t\t\t\t\t<\/div>\n\t\t<\/div>\n\t\t\t\t\t<\/div>\n\t\t<\/section>\n\t\t\t\t<\/div>\n\t\t","protected":false},"excerpt":{"rendered":"<p>Skl\u00edzec\u00ed ml\u00e1ti\u010dka Sampo Rosenlew COMIA 2.0 C10 \u00a0posunuje \u0159adu Comia zase o kus d\u00e1le . Kombajn Sampo C10 je ur\u010den sp\u00ed\u0161e pro st\u0159edn\u00ed a v\u011bt\u0161\u00ed farmy a vych\u00e1z\u00ed z dlouhodob\u00fdch zku\u0161enost\u00ed \u0159ady 3000 kter\u00e1 byla&hellip;<\/p>\n","protected":false},"author":1,"featured_media":27961,"parent":27839,"menu_order":5,"comment_status":"closed","ping_status":"closed","template":"","meta":{"footnotes":""},"class_list":["post-27967","page","type-page","status-publish","has-post-thumbnail","hentry"],"_links":{"self":[{"href":"https:\/\/recarprofi.cz\/uvod\/wp-json\/wp\/v2\/pages\/27967","targetHints":{"allow":["GET"]}}],"collection":[{"href":"https:\/\/recarprofi.cz\/uvod\/wp-json\/wp\/v2\/pages"}],"about":[{"href":"https:\/\/recarprofi.cz\/uvod\/wp-json\/wp\/v2\/types\/page"}],"author":[{"embeddable":true,"href":"https:\/\/recarprofi.cz\/uvod\/wp-json\/wp\/v2\/users\/1"}],"replies":[{"embeddable":true,"href":"https:\/\/recarprofi.cz\/uvod\/wp-json\/wp\/v2\/comments?post=27967"}],"version-history":[{"count":10,"href":"https:\/\/recarprofi.cz\/uvod\/wp-json\/wp\/v2\/pages\/27967\/revisions"}],"predecessor-version":[{"id":30390,"href":"https:\/\/recarprofi.cz\/uvod\/wp-json\/wp\/v2\/pages\/27967\/revisions\/30390"}],"up":[{"embeddable":true,"href":"https:\/\/recarprofi.cz\/uvod\/wp-json\/wp\/v2\/pages\/27839"}],"wp:featuredmedia":[{"embeddable":true,"href":"https:\/\/recarprofi.cz\/uvod\/wp-json\/wp\/v2\/media\/27961"}],"wp:attachment":[{"href":"https:\/\/recarprofi.cz\/uvod\/wp-json\/wp\/v2\/media?parent=27967"}],"curies":[{"name":"wp","href":"https:\/\/api.w.org\/{rel}","templated":true}]}}