{"id":28049,"date":"2024-01-23T14:41:36","date_gmt":"2024-01-23T13:41:36","guid":{"rendered":"https:\/\/recarprofi.cz\/uvod\/?page_id=28049"},"modified":"2024-04-22T14:36:32","modified_gmt":"2024-04-22T12:36:32","slug":"comia-c24-roto","status":"publish","type":"page","link":"https:\/\/recarprofi.cz\/uvod\/zemedelska-technika\/sklizeci-mlaticky\/sampo\/comia-c24-roto\/","title":{"rendered":"Skl\u00edzec\u00ed ml\u00e1ti\u010dka Sampo Comia C24 Roto"},"content":{"rendered":"\t\t<div data-elementor-type=\"wp-page\" data-elementor-id=\"28049\" class=\"elementor elementor-28049\">\n\t\t\t\t\t\t<section class=\"elementor-section elementor-top-section elementor-element elementor-element-d0750e0 elementor-section-boxed elementor-section-height-default elementor-section-height-default\" data-id=\"d0750e0\" data-element_type=\"section\" data-e-type=\"section\">\n\t\t\t\t\t\t<div class=\"elementor-container elementor-column-gap-default\">\n\t\t\t\t\t<div class=\"elementor-column elementor-col-100 elementor-top-column elementor-element elementor-element-e8c78d6\" data-id=\"e8c78d6\" data-element_type=\"column\" data-e-type=\"column\">\n\t\t\t<div class=\"elementor-widget-wrap elementor-element-populated\">\n\t\t\t\t\t\t<div class=\"elementor-element elementor-element-9eaad0b elementor-widget elementor-widget-image\" data-id=\"9eaad0b\" data-element_type=\"widget\" data-e-type=\"widget\" data-widget_type=\"image.default\">\n\t\t\t\t<div class=\"elementor-widget-container\">\n\t\t\t\t\t\t\t\t\t\t\t\t\t\t\t<img fetchpriority=\"high\" decoding=\"async\" width=\"847\" height=\"935\" src=\"https:\/\/recarprofi.cz\/wp-content\/uploads\/2024\/01\/sampo-comia-c203-1200x1325.jpg\" class=\"attachment-large size-large wp-image-28021\" alt=\"\" srcset=\"https:\/\/recarprofi.cz\/wp-content\/uploads\/2024\/01\/sampo-comia-c203-1200x1325.jpg 1200w, https:\/\/recarprofi.cz\/wp-content\/uploads\/2024\/01\/sampo-comia-c203-744x822.jpg 744w, https:\/\/recarprofi.cz\/wp-content\/uploads\/2024\/01\/sampo-comia-c203-420x464.jpg 420w, https:\/\/recarprofi.cz\/wp-content\/uploads\/2024\/01\/sampo-comia-c203-768x848.jpg 768w, https:\/\/recarprofi.cz\/wp-content\/uploads\/2024\/01\/sampo-comia-c203-1391x1536.jpg 1391w, https:\/\/recarprofi.cz\/wp-content\/uploads\/2024\/01\/sampo-comia-c203-1854x2048.jpg 1854w, https:\/\/recarprofi.cz\/wp-content\/uploads\/2024\/01\/sampo-comia-c203-1024x1131.jpg 1024w, https:\/\/recarprofi.cz\/wp-content\/uploads\/2024\/01\/sampo-comia-c203-978x1080.jpg 978w, https:\/\/recarprofi.cz\/wp-content\/uploads\/2024\/01\/sampo-comia-c203-600x663.jpg 600w\" sizes=\"(max-width: 847px) 100vw, 847px\" \/>\t\t\t\t\t\t\t\t\t\t\t\t\t\t\t<\/div>\n\t\t\t\t<\/div>\n\t\t\t\t\t<\/div>\n\t\t<\/div>\n\t\t\t\t\t<\/div>\n\t\t<\/section>\n\t\t\t\t<section class=\"elementor-section elementor-top-section elementor-element elementor-element-24ecf09 elementor-section-boxed elementor-section-height-default elementor-section-height-default\" data-id=\"24ecf09\" data-element_type=\"section\" data-e-type=\"section\">\n\t\t\t\t\t\t<div class=\"elementor-container elementor-column-gap-default\">\n\t\t\t\t\t<div class=\"elementor-column elementor-col-100 elementor-top-column elementor-element elementor-element-0f5d677\" data-id=\"0f5d677\" data-element_type=\"column\" data-e-type=\"column\">\n\t\t\t<div class=\"elementor-widget-wrap elementor-element-populated\">\n\t\t\t\t\t\t<div class=\"elementor-element elementor-element-d63c1e9 elementor-widget elementor-widget-text-editor\" data-id=\"d63c1e9\" data-element_type=\"widget\" data-e-type=\"widget\" data-widget_type=\"text-editor.default\">\n\t\t\t\t<div class=\"elementor-widget-container\">\n\t\t\t\t\t\t\t\t\t<p>Prostorn\u00e1 kabina Avara nab\u00edz\u00ed dostatek komfortu a jedine\u010dn\u00fd v\u00fdhled na skl\u00edzen\u00fd porost. Sou\u010d\u00e1st\u00ed komfortn\u00ed seda\u010dky je loketn\u00ed op\u011brka konstruovan\u00e1 p\u0159\u00edmo na z\u00e1klad\u011b po\u017eadavk\u016f z\u00e1kazn\u00edk\u016f a 12,3\u201c dotykov\u00fd monitor. U modelu C24 najdete <strong>p\u0159edml\u00e1t\u00edc\u00ed buben, ml\u00e1t\u00edc\u00ed buben, dva pod\u00e9ln\u011b ulo\u017een\u00e9 rotory, domlace\u010d a \u010dechra\u010d<\/strong>. Ve v\u011bt\u0161in\u011b p\u0159\u00edpad\u016f je stroj osazen \u0161esti v\u00e1lcov\u00fdm motorem o v\u00fdkonu 300hp. Z\u00e1kazn\u00edk si m\u016f\u017ee zvolit pevnou \u010di vario li\u0161tu v rozm\u011brech 6,3 \u2013 7,5m. Na p\u0159\u00e1n\u00ed je mo\u017eno stroj dovybavit nap\u0159. kuku\u0159i\u010dnou v\u00fdbavou nebo pohonem 4&#215;4<br \/><br \/>Skl\u00edzec\u00ed ml\u00e1ti\u010dka Sampo Rosenlew COMIA 2.0 C24 je nejv\u011bt\u0161\u00ed a nejv\u00fdkonn\u011bj\u0161\u00ed hybridn\u00ed skl\u00edzec\u00ed kombajn Sampo v historii. Kombajn Sampo C24 je ur\u010den sp\u00ed\u0161e pro v\u011bt\u0161\u00ed farmy a slu\u017eba\u0159e.<\/p>\t\t\t\t\t\t\t\t<\/div>\n\t\t\t\t<\/div>\n\t\t\t\t\t<\/div>\n\t\t<\/div>\n\t\t\t\t\t<\/div>\n\t\t<\/section>\n\t\t\t\t<section class=\"elementor-section elementor-top-section elementor-element elementor-element-bf5dc6e elementor-section-boxed elementor-section-height-default elementor-section-height-default\" data-id=\"bf5dc6e\" data-element_type=\"section\" data-e-type=\"section\">\n\t\t\t\t\t\t<div class=\"elementor-container elementor-column-gap-default\">\n\t\t\t\t\t<div class=\"elementor-column elementor-col-100 elementor-top-column elementor-element elementor-element-6a9cdf9\" data-id=\"6a9cdf9\" data-element_type=\"column\" data-e-type=\"column\">\n\t\t\t<div class=\"elementor-widget-wrap elementor-element-populated\">\n\t\t\t\t\t\t<div class=\"elementor-element elementor-element-da8157f elementor-widget elementor-widget-image-gallery\" data-id=\"da8157f\" data-element_type=\"widget\" data-e-type=\"widget\" data-widget_type=\"image-gallery.default\">\n\t\t\t\t<div class=\"elementor-widget-container\">\n\t\t\t\t\t\t\t<div class=\"elementor-image-gallery\">\n\t\t\t\n\t\t<style type=\"text\/css\">\n\t\t\t#gallery-1 {\n\t\t\t\tmargin: auto;\n\t\t\t}\n\t\t\t#gallery-1 .gallery-item {\n\t\t\t\tfloat: left;\n\t\t\t\tmargin-top: 10px;\n\t\t\t\ttext-align: center;\n\t\t\t\twidth: 25%;\n\t\t\t}\n\t\t\t#gallery-1 img {\n\t\t\t\tborder: 2px solid #cfcfcf;\n\t\t\t}\n\t\t\t#gallery-1 .gallery-caption {\n\t\t\t\tmargin-left: 0;\n\t\t\t}\n\t\t\t\/* see gallery_shortcode() in wp-includes\/media.php *\/\n\t\t<\/style>\n\t\t<div id='gallery-1' class='gallery galleryid-28049 gallery-columns-4 gallery-size-thumbnail'><dl class='gallery-item'>\n\t\t\t<dt class='gallery-icon landscape'>\n\t\t\t\t<a data-elementor-open-lightbox=\"yes\" data-elementor-lightbox-slideshow=\"da8157f\" data-elementor-lightbox-title=\"sampo comia c201\" data-e-action-hash=\"#elementor-action%3Aaction%3Dlightbox%26settings%3DeyJpZCI6MjgwMjYsInVybCI6Imh0dHBzOlwvXC9yZWNhcnByb2ZpLmN6XC93cC1jb250ZW50XC91cGxvYWRzXC8yMDI0XC8wMVwvc2FtcG8tY29taWEtYzIwMS0xLndlYnAiLCJzbGlkZXNob3ciOiJkYTgxNTdmIn0%3D\" href='https:\/\/recarprofi.cz\/wp-content\/uploads\/2024\/01\/sampo-comia-c201-1.webp'><img decoding=\"async\" width=\"420\" height=\"258\" src=\"https:\/\/recarprofi.cz\/wp-content\/uploads\/2024\/01\/sampo-comia-c201-1-420x258.webp\" class=\"attachment-thumbnail size-thumbnail\" alt=\"\" srcset=\"https:\/\/recarprofi.cz\/wp-content\/uploads\/2024\/01\/sampo-comia-c201-1-420x258.webp 420w, https:\/\/recarprofi.cz\/wp-content\/uploads\/2024\/01\/sampo-comia-c201-1-744x457.webp 744w, https:\/\/recarprofi.cz\/wp-content\/uploads\/2024\/01\/sampo-comia-c201-1-1200x738.webp 1200w, https:\/\/recarprofi.cz\/wp-content\/uploads\/2024\/01\/sampo-comia-c201-1-768x472.webp 768w, https:\/\/recarprofi.cz\/wp-content\/uploads\/2024\/01\/sampo-comia-c201-1-1536x944.webp 1536w, https:\/\/recarprofi.cz\/wp-content\/uploads\/2024\/01\/sampo-comia-c201-1-1024x629.webp 1024w, https:\/\/recarprofi.cz\/wp-content\/uploads\/2024\/01\/sampo-comia-c201-1-1757x1080.webp 1757w, https:\/\/recarprofi.cz\/wp-content\/uploads\/2024\/01\/sampo-comia-c201-1-600x369.webp 600w, https:\/\/recarprofi.cz\/wp-content\/uploads\/2024\/01\/sampo-comia-c201-1.webp 1920w\" sizes=\"(max-width: 420px) 100vw, 420px\" \/><\/a>\n\t\t\t<\/dt><\/dl><dl class='gallery-item'>\n\t\t\t<dt class='gallery-icon portrait'>\n\t\t\t\t<a data-elementor-open-lightbox=\"yes\" data-elementor-lightbox-slideshow=\"da8157f\" data-elementor-lightbox-title=\"sampo comia c243\" data-e-action-hash=\"#elementor-action%3Aaction%3Dlightbox%26settings%3DeyJpZCI6MjgwMjksInVybCI6Imh0dHBzOlwvXC9yZWNhcnByb2ZpLmN6XC93cC1jb250ZW50XC91cGxvYWRzXC8yMDI0XC8wMVwvc2FtcG8tY29taWEtYzI0My5qcGciLCJzbGlkZXNob3ciOiJkYTgxNTdmIn0%3D\" href='https:\/\/recarprofi.cz\/wp-content\/uploads\/2024\/01\/sampo-comia-c243.jpg'><img decoding=\"async\" width=\"420\" height=\"628\" src=\"https:\/\/recarprofi.cz\/wp-content\/uploads\/2024\/01\/sampo-comia-c243-420x628.jpg\" class=\"attachment-thumbnail size-thumbnail\" alt=\"\" srcset=\"https:\/\/recarprofi.cz\/wp-content\/uploads\/2024\/01\/sampo-comia-c243-420x628.jpg 420w, https:\/\/recarprofi.cz\/wp-content\/uploads\/2024\/01\/sampo-comia-c243-744x1112.jpg 744w, https:\/\/recarprofi.cz\/wp-content\/uploads\/2024\/01\/sampo-comia-c243-768x1148.jpg 768w, https:\/\/recarprofi.cz\/wp-content\/uploads\/2024\/01\/sampo-comia-c243-723x1080.jpg 723w, https:\/\/recarprofi.cz\/wp-content\/uploads\/2024\/01\/sampo-comia-c243-600x897.jpg 600w, https:\/\/recarprofi.cz\/wp-content\/uploads\/2024\/01\/sampo-comia-c243.jpg 803w\" sizes=\"(max-width: 420px) 100vw, 420px\" \/><\/a>\n\t\t\t<\/dt><\/dl><dl class='gallery-item'>\n\t\t\t<dt class='gallery-icon landscape'>\n\t\t\t\t<a data-elementor-open-lightbox=\"yes\" data-elementor-lightbox-slideshow=\"da8157f\" data-elementor-lightbox-title=\"sampo comia c224\" data-e-action-hash=\"#elementor-action%3Aaction%3Dlightbox%26settings%3DeyJpZCI6MjgwMjcsInVybCI6Imh0dHBzOlwvXC9yZWNhcnByb2ZpLmN6XC93cC1jb250ZW50XC91cGxvYWRzXC8yMDI0XC8wMVwvc2FtcG8tY29taWEtYzIyNC1zY2FsZWQuanBnIiwic2xpZGVzaG93IjoiZGE4MTU3ZiJ9\" href='https:\/\/recarprofi.cz\/wp-content\/uploads\/2024\/01\/sampo-comia-c224-scaled.jpg'><img loading=\"lazy\" decoding=\"async\" width=\"420\" height=\"236\" src=\"https:\/\/recarprofi.cz\/wp-content\/uploads\/2024\/01\/sampo-comia-c224-420x236.jpg\" class=\"attachment-thumbnail size-thumbnail\" alt=\"\" srcset=\"https:\/\/recarprofi.cz\/wp-content\/uploads\/2024\/01\/sampo-comia-c224-420x236.jpg 420w, https:\/\/recarprofi.cz\/wp-content\/uploads\/2024\/01\/sampo-comia-c224-744x419.jpg 744w, https:\/\/recarprofi.cz\/wp-content\/uploads\/2024\/01\/sampo-comia-c224-1200x675.jpg 1200w, https:\/\/recarprofi.cz\/wp-content\/uploads\/2024\/01\/sampo-comia-c224-768x432.jpg 768w, https:\/\/recarprofi.cz\/wp-content\/uploads\/2024\/01\/sampo-comia-c224-1536x864.jpg 1536w, https:\/\/recarprofi.cz\/wp-content\/uploads\/2024\/01\/sampo-comia-c224-2048x1152.jpg 2048w, https:\/\/recarprofi.cz\/wp-content\/uploads\/2024\/01\/sampo-comia-c224-1024x576.jpg 1024w, https:\/\/recarprofi.cz\/wp-content\/uploads\/2024\/01\/sampo-comia-c224-1920x1080.jpg 1920w, https:\/\/recarprofi.cz\/wp-content\/uploads\/2024\/01\/sampo-comia-c224-600x338.jpg 600w\" sizes=\"(max-width: 420px) 100vw, 420px\" \/><\/a>\n\t\t\t<\/dt><\/dl><dl class='gallery-item'>\n\t\t\t<dt class='gallery-icon landscape'>\n\t\t\t\t<a data-elementor-open-lightbox=\"yes\" data-elementor-lightbox-slideshow=\"da8157f\" data-elementor-lightbox-title=\"sampo comia c24\" data-e-action-hash=\"#elementor-action%3Aaction%3Dlightbox%26settings%3DeyJpZCI6MjgwMjgsInVybCI6Imh0dHBzOlwvXC9yZWNhcnByb2ZpLmN6XC93cC1jb250ZW50XC91cGxvYWRzXC8yMDI0XC8wMVwvc2FtcG8tY29taWEtYzI0LmpwZyIsInNsaWRlc2hvdyI6ImRhODE1N2YifQ%3D%3D\" href='https:\/\/recarprofi.cz\/wp-content\/uploads\/2024\/01\/sampo-comia-c24.jpg'><img loading=\"lazy\" decoding=\"async\" width=\"258\" height=\"195\" src=\"https:\/\/recarprofi.cz\/wp-content\/uploads\/2024\/01\/sampo-comia-c24.jpg\" class=\"attachment-thumbnail size-thumbnail\" alt=\"\" \/><\/a>\n\t\t\t<\/dt><\/dl><br style=\"clear: both\" \/>\n\t\t<\/div>\n\t\t<\/div>\n\t\t\t\t\t\t<\/div>\n\t\t\t\t<\/div>\n\t\t\t\t\t<\/div>\n\t\t<\/div>\n\t\t\t\t\t<\/div>\n\t\t<\/section>\n\t\t\t\t<section class=\"elementor-section elementor-top-section elementor-element elementor-element-754492c elementor-section-boxed elementor-section-height-default elementor-section-height-default\" data-id=\"754492c\" data-element_type=\"section\" data-e-type=\"section\">\n\t\t\t\t\t\t<div class=\"elementor-container elementor-column-gap-default\">\n\t\t\t\t\t<div class=\"elementor-column elementor-col-50 elementor-top-column elementor-element elementor-element-7a8f2bf\" data-id=\"7a8f2bf\" data-element_type=\"column\" data-e-type=\"column\">\n\t\t\t<div class=\"elementor-widget-wrap elementor-element-populated\">\n\t\t\t\t\t\t<div class=\"elementor-element elementor-element-ff850c7 elementor-widget elementor-widget-text-editor\" data-id=\"ff850c7\" data-element_type=\"widget\" data-e-type=\"widget\" data-widget_type=\"text-editor.default\">\n\t\t\t\t<div class=\"elementor-widget-container\">\n\t\t\t\t\t\t\t\t\t<p><strong>Obiln\u00e1 \u017eac\u00ed li\u0161ta\u00a0\u00a0\u00a0<\/strong>\u00a0\u00a0\u00a0 \u00a0<br \/>Standartn\u00ed \u0161\u00ed\u0159ka\u00a0 \u00a0 6,3\u00a0 \u00a0 m<br \/>Voliteln\u00e1 \u0161\u00ed\u0159ka\u00a0 \u00a0 6,3-7,5\u00a0 \u00a0 m<br \/>Rychlost kosy\u00a0\u00a0 \u00a01020\u00a0\u00a0 \u00a0\u0159ez\u016f\/min<br \/>Revers li\u0161ty\u00a0\u00a0 \u00a0hydro\u00a0\u00a0 \u00a0typ<br \/><strong>P\u0159ihan\u011b\u010d<\/strong>\u00a0\u00a0 \u00a0\u00a0\u00a0 \u00a0<br \/>Pr\u016fm\u011br\u00a0\u00a0 \u00a01,05\u00a0\u00a0 \u00a0m<br \/>Rychlostn\u00ed rozsah\u00a0\u00a0 \u00a00\u202650\u00a0\u00a0 \u00a0ot\/min<br \/>P\u0159izp\u016fsoben\u00ed rychlosti\u00a0\u00a0 \u00a0hydro\u00a0\u00a0 \u00a0m2<br \/><strong>P\u0159edml\u00e1t\u00edc\u00ed buben<\/strong>\u00a0\u00a0 \u00a0\u00a0\u00a0 \u00a0<br \/>\u0160\u00ed\u0159ka\u00a0\u00a0 \u00a01,33\u00a0\u00a0 \u00a0m<br \/>Pr\u016fm\u011br\u00a0\u00a0 \u00a00,4\u00a0\u00a0 \u00a0m<br \/>Rychlost\u00a0 \u00a0 420\u20261200\u00a0\u00a0 \u00a0ot\/min<br \/>Plocha p\u0159edml\u00e1t\u00edc\u00edho ko\u0161e\u00a0\u00a0 \u00a00,41\u00a0\u00a0 \u00a0m2<br \/><strong>Ml\u00e1t\u00edc\u00ed buben\u00a0<\/strong>\u00a0 \u00a0\u00a0\u00a0 \u00a0<br \/>\u0161\u00ed\u0159ka\u00a0\u00a0 \u00a01,33\u00a0\u00a0 \u00a0m<br \/>pr\u016fm\u011br\u00a0\u00a0 \u00a00,5\u00a0\u00a0 \u00a0m<br \/>HD-buben\u00a0\u00a0 \u00a0standart\u00a0\u00a0 \u00a0<br \/>Po\u010det mlatek\u00a0\u00a0 \u00a08\u00a0\u00a0 \u00a0ks<br \/>Typ mlatek\u00a0\u00a0 \u00a0v\u00fdm\u011bnn\u00e9\u00a0\u00a0 \u00a0<br \/>Rychlostn\u00ed rozsah\u00a0 \u00a0 420\u20261200\u00a0\u00a0 \u00a0ot\/min<br \/>Voliteln\u00fd rozsah\u00a0 \u00a0 420\u20261200\u00a0\u00a0 \u00a0<br \/>P\u0159izp\u016fsoben\u00ed rychlosti\u00a0\u00a0 \u00a0el.\u00a0\u00a0 \u00a0<br \/><strong>Ml\u00e1t\u00edc\u00ed ko\u0161\u00a0<\/strong>\u00a0 \u00a0\u00a0\u00a0 \u00a0<br \/>Plocha\u00a0\u00a0 \u00a00,62\u00a0 \u00a0 m2<br \/>\u00dahel op\u00e1s\u00e1n\u00ed\u00a0\u00a0 \u00a0105\u00a0\u00a0 \u00a0stupn\u011b<br \/>Po\u010det li\u0161t\u00a0 \u00a0 9\u00a0 \u00a0 ks<br \/>Plynul\u00e9 p\u0159izp\u016fsoben\u00ed mezery\u00a0\u00a0 \u00a06\u202642\u00a0\u00a0 \u00a0mm<br \/><strong>Separa\u010dn\u00ed rotory\u00a0<\/strong>\u00a0 \u00a0\u00a0\u00a0 \u00a0<br \/>Po\u010det\u00a0 \u00a0 2\u00a0 \u00a0 ks<br \/>Celkov\u00e1 separa\u010dn\u00ed plocha\u00a0 \u00a0 3,1\u00a0 \u00a0 m2<\/p>\t\t\t\t\t\t\t\t<\/div>\n\t\t\t\t<\/div>\n\t\t\t\t\t<\/div>\n\t\t<\/div>\n\t\t\t\t<div class=\"elementor-column elementor-col-50 elementor-top-column elementor-element elementor-element-988d556\" data-id=\"988d556\" data-element_type=\"column\" data-e-type=\"column\">\n\t\t\t<div class=\"elementor-widget-wrap elementor-element-populated\">\n\t\t\t\t\t\t<div class=\"elementor-element elementor-element-a2bc4ab elementor-widget elementor-widget-text-editor\" data-id=\"a2bc4ab\" data-element_type=\"widget\" data-e-type=\"widget\" data-widget_type=\"text-editor.default\">\n\t\t\t\t<div class=\"elementor-widget-container\">\n\t\t\t\t\t\t\t\t\t<p><strong>S\u00edta<\/strong>\u00a0\u00a0 \u00a0\u00a0\u00a0 \u00a0<br \/>Horn\u00ed s\u00edto + prodlou\u017een\u00ed\u00a0\u00a0 \u00a02,3+0,4\u00a0\u00a0 \u00a0m2<br \/>Spodn\u00ed s\u00edto\u00a0\u00a0 \u00a01,8\u00a0\u00a0 \u00a0m2<br \/>Celkov\u00e1 plocha\u00a0\u00a0 \u00a04,5\u00a0\u00a0 \u00a0m2<br \/><strong>Z\u00e1sobn\u00edk zrna<\/strong>\u00a0\u00a0 \u00a0\u00a0\u00a0 \u00a0<br \/>Kapacita\u00a0 \u00a0 10\u00a0 m3<br \/>V\u00fd\u0161ka vyprazd\u0148ov\u00e1n\u00ed\u00a0\u00a0 \u00a04,4\u00a0\u00a0 \u00a0m<br \/><strong>Motor\u00a0\u00a0<\/strong>\u00a0\u00a0\u00a0\u00a0 \u00a0<br \/>Typ \u00a0\u00a0 \u00a0AGCO SISU\u00a0\u00a0 \u00a0<br \/>V\u00fdkon\u00a0\u00a0 \u00a0221\/300\u00a0\u00a0 \u00a0kW\/hp<br \/>Ot\u00e1\u010dky\u00a0\u00a0 \u00a02000\u00a0\u00a0 \u00a0<br \/>V\u00e1lce\u00a0\u00a0 \u00a06V\u00a0\u00a0 \u00a0<br \/>Objem palivov\u00e9 n\u00e1dr\u017ee\u00a0\u00a0 \u00a0450\u00a0\u00a0 \u00a0<br \/>Transmise\u00a0\u00a0 \u00a0\u00a0\u00a0 \u00a0<br \/>Pohon\u00a0\u00a0 \u00a0hydro\u00a0\u00a0 \u00a0<br \/>Uzav\u0159en\u00fd koncov\u00fd p\u0159evod\u00a0\u00a0 \u00a0standart\u00a0\u00a0 \u00a0<br \/>Pneu standart\u00a0\u00a0 \u00a0\u00a0\u00a0 \u00a0<br \/>P\u0159edn\u00ed\u00a0\u00a0 \u00a0800\/65 R32\u00a0\u00a0 \u00a0<br \/>Zadn\u00ed\u00a0 \u00a0 500\/70 R24\u00a0\u00a0 \u00a0<br \/><strong>Kabina\u00a0<\/strong>\u00a0 \u00a0\u00a0\u00a0 \u00a0<br \/>Typ\u00a0\u00a0 \u00a0Avara\u00a0\u00a0 \u00a0<br \/>Seda\u010dka \u00a0\u00a0 \u00a0Grammer\u00a0\u00a0 \u00a0<br \/>Seda\u010dka spolujezdce\u00a0\u00a0 \u00a0standart\u00a0\u00a0 \u00a0<br \/>3-rychlostn\u00ed ventil\u00e1tor\u00a0\u00a0 \u00a0standart\u00a0\u00a0 \u00a0<br \/>Topen\u00ed\u00a0\u00a0 \u00a0standart\u00a0\u00a0 \u00a0<br \/>Klimatizace\u00a0\u00a0 \u00a0standart\u00a0\u00a0 \u00a0<br \/>R\u00e1dio\u00a0\u00a0 \u00a0standart\u00a0\u00a0 \u00a0<br \/>Monitor ztr\u00e1t\u00a0\u00a0 \u00a0standart\u00a0\u00a0 \u00a0<br \/><strong>Rozm\u011bry\u00a0<\/strong>\u00a0 \u00a0\u00a0\u00a0 \u00a0<br \/>Celkov\u00e1 d\u00e9lka\u00a0 \u00a0 7,83\u00a0 \u00a0 m<br \/>P\u0159epravn\u00ed v\u00fd\u0161ka\u00a0\u00a0 \u00a03,99\u00a0 \u00a0 m<br \/>\u0160\u00ed\u0159ka na standart kolech bez li\u0161ty\u00a0\u00a0 \u00a03,7\u00a0 \u00a0 m<br \/>Hmotnost s \u017eac\u00ed li\u0161tou a drti\u010dem\u00a0\u00a0 \u00a014 570\u00a0\u00a0 \u00a0kg<\/p>\t\t\t\t\t\t\t\t<\/div>\n\t\t\t\t<\/div>\n\t\t\t\t\t<\/div>\n\t\t<\/div>\n\t\t\t\t\t<\/div>\n\t\t<\/section>\n\t\t\t\t<\/div>\n\t\t","protected":false},"excerpt":{"rendered":"<p>Prostorn\u00e1 kabina Avara nab\u00edz\u00ed dostatek komfortu a jedine\u010dn\u00fd v\u00fdhled na skl\u00edzen\u00fd porost. Sou\u010d\u00e1st\u00ed komfortn\u00ed seda\u010dky je loketn\u00ed op\u011brka konstruovan\u00e1 p\u0159\u00edmo na z\u00e1klad\u011b po\u017eadavk\u016f z\u00e1kazn\u00edk\u016f a 12,3\u201c dotykov\u00fd monitor. U modelu C24 najdete p\u0159edml\u00e1t\u00edc\u00ed buben, ml\u00e1t\u00edc\u00ed&hellip;<\/p>\n","protected":false},"author":1,"featured_media":28020,"parent":27839,"menu_order":9,"comment_status":"closed","ping_status":"closed","template":"","meta":{"footnotes":""},"class_list":["post-28049","page","type-page","status-publish","has-post-thumbnail","hentry"],"_links":{"self":[{"href":"https:\/\/recarprofi.cz\/uvod\/wp-json\/wp\/v2\/pages\/28049","targetHints":{"allow":["GET"]}}],"collection":[{"href":"https:\/\/recarprofi.cz\/uvod\/wp-json\/wp\/v2\/pages"}],"about":[{"href":"https:\/\/recarprofi.cz\/uvod\/wp-json\/wp\/v2\/types\/page"}],"author":[{"embeddable":true,"href":"https:\/\/recarprofi.cz\/uvod\/wp-json\/wp\/v2\/users\/1"}],"replies":[{"embeddable":true,"href":"https:\/\/recarprofi.cz\/uvod\/wp-json\/wp\/v2\/comments?post=28049"}],"version-history":[{"count":5,"href":"https:\/\/recarprofi.cz\/uvod\/wp-json\/wp\/v2\/pages\/28049\/revisions"}],"predecessor-version":[{"id":28253,"href":"https:\/\/recarprofi.cz\/uvod\/wp-json\/wp\/v2\/pages\/28049\/revisions\/28253"}],"up":[{"embeddable":true,"href":"https:\/\/recarprofi.cz\/uvod\/wp-json\/wp\/v2\/pages\/27839"}],"wp:featuredmedia":[{"embeddable":true,"href":"https:\/\/recarprofi.cz\/uvod\/wp-json\/wp\/v2\/media\/28020"}],"wp:attachment":[{"href":"https:\/\/recarprofi.cz\/uvod\/wp-json\/wp\/v2\/media?parent=28049"}],"curies":[{"name":"wp","href":"https:\/\/api.w.org\/{rel}","templated":true}]}}