{"id":28085,"date":"2024-01-25T08:47:08","date_gmt":"2024-01-25T07:47:08","guid":{"rendered":"https:\/\/recarprofi.cz\/uvod\/?page_id=28085"},"modified":"2024-04-22T15:07:31","modified_gmt":"2024-04-22T13:07:31","slug":"big-x480-630","status":"publish","type":"page","link":"https:\/\/recarprofi.cz\/uvod\/zemedelska-technika\/sklizeci-rezacky\/krone\/big-x480-630\/","title":{"rendered":"Skl\u00edzec\u00ed \u0159eza\u010dky Krone BiG X480-530-580-630"},"content":{"rendered":"\t\t<div data-elementor-type=\"wp-page\" data-elementor-id=\"28085\" class=\"elementor elementor-28085\">\n\t\t\t\t\t\t<section class=\"elementor-section elementor-top-section elementor-element elementor-element-a16dc80 elementor-section-boxed elementor-section-height-default elementor-section-height-default\" data-id=\"a16dc80\" data-element_type=\"section\" data-e-type=\"section\">\n\t\t\t\t\t\t<div class=\"elementor-container elementor-column-gap-default\">\n\t\t\t\t\t<div class=\"elementor-column elementor-col-100 elementor-top-column elementor-element elementor-element-4c9f674\" data-id=\"4c9f674\" data-element_type=\"column\" data-e-type=\"column\">\n\t\t\t<div class=\"elementor-widget-wrap elementor-element-populated\">\n\t\t\t\t\t\t<div class=\"elementor-element elementor-element-7c53edc elementor-widget elementor-widget-image\" data-id=\"7c53edc\" data-element_type=\"widget\" data-e-type=\"widget\" data-widget_type=\"image.default\">\n\t\t\t\t<div class=\"elementor-widget-container\">\n\t\t\t\t\t\t\t\t\t\t\t\t\t\t\t<img fetchpriority=\"high\" decoding=\"async\" width=\"847\" height=\"565\" src=\"https:\/\/recarprofi.cz\/wp-content\/uploads\/2024\/01\/krone-bix-480.jpg\" class=\"attachment-large size-large wp-image-28076\" alt=\"\" srcset=\"https:\/\/recarprofi.cz\/wp-content\/uploads\/2024\/01\/krone-bix-480.jpg 1000w, https:\/\/recarprofi.cz\/wp-content\/uploads\/2024\/01\/krone-bix-480-744x496.jpg 744w, https:\/\/recarprofi.cz\/wp-content\/uploads\/2024\/01\/krone-bix-480-420x280.jpg 420w, https:\/\/recarprofi.cz\/wp-content\/uploads\/2024\/01\/krone-bix-480-768x512.jpg 768w, https:\/\/recarprofi.cz\/wp-content\/uploads\/2024\/01\/krone-bix-480-600x400.jpg 600w\" sizes=\"(max-width: 847px) 100vw, 847px\" \/>\t\t\t\t\t\t\t\t\t\t\t\t\t\t\t<\/div>\n\t\t\t\t<\/div>\n\t\t\t\t\t<\/div>\n\t\t<\/div>\n\t\t\t\t\t<\/div>\n\t\t<\/section>\n\t\t\t\t<section class=\"elementor-section elementor-top-section elementor-element elementor-element-64d5d98 elementor-section-boxed elementor-section-height-default elementor-section-height-default\" data-id=\"64d5d98\" data-element_type=\"section\" data-e-type=\"section\">\n\t\t\t\t\t\t<div class=\"elementor-container elementor-column-gap-default\">\n\t\t\t\t\t<div class=\"elementor-column elementor-col-100 elementor-top-column elementor-element elementor-element-89710d8\" data-id=\"89710d8\" data-element_type=\"column\" data-e-type=\"column\">\n\t\t\t<div class=\"elementor-widget-wrap elementor-element-populated\">\n\t\t\t\t\t\t<div class=\"elementor-element elementor-element-452846f elementor-widget elementor-widget-text-editor\" data-id=\"452846f\" data-element_type=\"widget\" data-e-type=\"widget\" data-widget_type=\"text-editor.default\">\n\t\t\t\t<div class=\"elementor-widget-container\">\n\t\t\t\t\t\t\t\t\t<p>Kompaktn\u00ed skl\u00edzec\u00ed \u0159eza\u010dky od KRONE s v\u00fdkonem od 490 do 626 HP. Spl\u0148uj\u00ed nejvy\u0161\u0161\u00ed po\u017eadavky na kvalitu \u0159ezanky, v\u00fdkonnost, snadnou manipulaci a komfort.<\/p><ul class=\"ce-bullets\"><li>Dlouhodob\u00fd v\u00fdkon motoru 490 a\u017e\u00a0626 PS<\/li><li>Bezpe\u010dnost a\u00a0kvalitn\u00ed \u0159ezanka d\u00edky 6 vkl\u00e1dac\u00edm v\u00e1lc\u016fm<\/li><li>\u0158ezac\u00ed buben MaxFlow s\u00a020, 28 nebo 36 no\u017ei, buben se\u00a040 no\u017ei pro\u00a0produkci bioplynu<\/li><li>KRONE VariQuick: rychl\u00e1 p\u0159estavba pro\u00a0pr\u00e1ci s\u00a0drti\u010dem zrna nebo bez\u00a0n\u011bj<\/li><li>V\u00e1lcov\u00e9 a\u00a0diskov\u00e9 drti\u010de zrna pro\u00a0jakoukoli oblast pou\u017eit\u00ed<\/li><li>KRONE VariLOC pro\u00a0flexibilitu p\u0159i\u00a0volb\u011b kr\u00e1tk\u00e9 nebo dlouh\u00e9 \u0159ezanky<\/li><li>KRONE VariStream: kontinu\u00e1ln\u00ed proud p\u00edce d\u00edky odpru\u017een\u00e9mu dnu\u00a0\u0159ezac\u00edho bubnu a\u00a0zadn\u00ed st\u011bny meta\u010de<\/li><li>Snadn\u00e1 instalace skliz\u0148ov\u00fdch adapt\u00e9r\u016f d\u00edky zav\u011b\u0161en\u00ed pomoc\u00ed obloukov\u00e9ho trubkov\u00e9ho r\u00e1mu<\/li><li>Za maxim\u00e1ln\u00ed obratnost vd\u011b\u010d\u00ed stroj i\u00a0samostatn\u00e9mu zav\u011b\u0161en\u00ed jednotliv\u00fdch kol\u00a0s\u00a0motory<\/li><li>Na p\u0159\u00e1n\u00ed s\u00a0pohonem v\u0161ech kol<\/li><li>Ide\u00e1ln\u00ed i na silnici: \u0161\u00ed\u0159ka \u0159eza\u010dky 3 m podle pneumatik<\/li><\/ul>\t\t\t\t\t\t\t\t<\/div>\n\t\t\t\t<\/div>\n\t\t\t\t\t<\/div>\n\t\t<\/div>\n\t\t\t\t\t<\/div>\n\t\t<\/section>\n\t\t\t\t<section class=\"elementor-section elementor-top-section elementor-element elementor-element-0681087 elementor-section-boxed elementor-section-height-default elementor-section-height-default\" data-id=\"0681087\" data-element_type=\"section\" data-e-type=\"section\">\n\t\t\t\t\t\t<div class=\"elementor-container elementor-column-gap-default\">\n\t\t\t\t\t<div class=\"elementor-column elementor-col-100 elementor-top-column elementor-element elementor-element-7dda700\" data-id=\"7dda700\" data-element_type=\"column\" data-e-type=\"column\">\n\t\t\t<div class=\"elementor-widget-wrap elementor-element-populated\">\n\t\t\t\t\t\t<div class=\"elementor-element elementor-element-fbfc1fc elementor-widget elementor-widget-image-gallery\" data-id=\"fbfc1fc\" data-element_type=\"widget\" data-e-type=\"widget\" data-widget_type=\"image-gallery.default\">\n\t\t\t\t<div class=\"elementor-widget-container\">\n\t\t\t\t\t\t\t<div class=\"elementor-image-gallery\">\n\t\t\t\n\t\t<style type=\"text\/css\">\n\t\t\t#gallery-1 {\n\t\t\t\tmargin: auto;\n\t\t\t}\n\t\t\t#gallery-1 .gallery-item {\n\t\t\t\tfloat: left;\n\t\t\t\tmargin-top: 10px;\n\t\t\t\ttext-align: center;\n\t\t\t\twidth: 25%;\n\t\t\t}\n\t\t\t#gallery-1 img {\n\t\t\t\tborder: 2px solid #cfcfcf;\n\t\t\t}\n\t\t\t#gallery-1 .gallery-caption {\n\t\t\t\tmargin-left: 0;\n\t\t\t}\n\t\t\t\/* see gallery_shortcode() in wp-includes\/media.php *\/\n\t\t<\/style>\n\t\t<div id='gallery-1' class='gallery galleryid-28085 gallery-columns-4 gallery-size-thumbnail'><dl class='gallery-item'>\n\t\t\t<dt class='gallery-icon landscape'>\n\t\t\t\t<a data-elementor-open-lightbox=\"yes\" data-elementor-lightbox-slideshow=\"fbfc1fc\" data-elementor-lightbox-title=\"krone bix 4801\" data-e-action-hash=\"#elementor-action%3Aaction%3Dlightbox%26settings%3DeyJpZCI6MjgwODYsInVybCI6Imh0dHBzOlwvXC9yZWNhcnByb2ZpLmN6XC93cC1jb250ZW50XC91cGxvYWRzXC8yMDI0XC8wMVwva3JvbmUtYml4LTQ4MDEucG5nIiwic2xpZGVzaG93IjoiZmJmYzFmYyJ9\" href='https:\/\/recarprofi.cz\/wp-content\/uploads\/2024\/01\/krone-bix-4801.png'><img decoding=\"async\" width=\"420\" height=\"392\" src=\"https:\/\/recarprofi.cz\/wp-content\/uploads\/2024\/01\/krone-bix-4801-420x392.png\" class=\"attachment-thumbnail size-thumbnail\" alt=\"\" srcset=\"https:\/\/recarprofi.cz\/wp-content\/uploads\/2024\/01\/krone-bix-4801-420x392.png 420w, https:\/\/recarprofi.cz\/wp-content\/uploads\/2024\/01\/krone-bix-4801-744x695.png 744w, https:\/\/recarprofi.cz\/wp-content\/uploads\/2024\/01\/krone-bix-4801-768x717.png 768w, https:\/\/recarprofi.cz\/wp-content\/uploads\/2024\/01\/krone-bix-4801-600x560.png 600w, https:\/\/recarprofi.cz\/wp-content\/uploads\/2024\/01\/krone-bix-4801.png 1000w\" sizes=\"(max-width: 420px) 100vw, 420px\" \/><\/a>\n\t\t\t<\/dt><\/dl><dl class='gallery-item'>\n\t\t\t<dt class='gallery-icon landscape'>\n\t\t\t\t<a data-elementor-open-lightbox=\"yes\" data-elementor-lightbox-slideshow=\"fbfc1fc\" data-elementor-lightbox-title=\"krone bix 580\" data-e-action-hash=\"#elementor-action%3Aaction%3Dlightbox%26settings%3DeyJpZCI6MjgwODcsInVybCI6Imh0dHBzOlwvXC9yZWNhcnByb2ZpLmN6XC93cC1jb250ZW50XC91cGxvYWRzXC8yMDI0XC8wMVwva3JvbmUtYml4LTU4MC5wbmciLCJzbGlkZXNob3ciOiJmYmZjMWZjIn0%3D\" href='https:\/\/recarprofi.cz\/wp-content\/uploads\/2024\/01\/krone-bix-580.png'><img decoding=\"async\" width=\"420\" height=\"410\" src=\"https:\/\/recarprofi.cz\/wp-content\/uploads\/2024\/01\/krone-bix-580-420x410.png\" class=\"attachment-thumbnail size-thumbnail\" alt=\"\" srcset=\"https:\/\/recarprofi.cz\/wp-content\/uploads\/2024\/01\/krone-bix-580-420x410.png 420w, https:\/\/recarprofi.cz\/wp-content\/uploads\/2024\/01\/krone-bix-580.png 600w\" sizes=\"(max-width: 420px) 100vw, 420px\" \/><\/a>\n\t\t\t<\/dt><\/dl><dl class='gallery-item'>\n\t\t\t<dt class='gallery-icon landscape'>\n\t\t\t\t<a data-elementor-open-lightbox=\"yes\" data-elementor-lightbox-slideshow=\"fbfc1fc\" data-elementor-lightbox-title=\"krone bix 5301\" data-e-action-hash=\"#elementor-action%3Aaction%3Dlightbox%26settings%3DeyJpZCI6MjgwODgsInVybCI6Imh0dHBzOlwvXC9yZWNhcnByb2ZpLmN6XC93cC1jb250ZW50XC91cGxvYWRzXC8yMDI0XC8wMVwva3JvbmUtYml4LTUzMDEuanBnIiwic2xpZGVzaG93IjoiZmJmYzFmYyJ9\" href='https:\/\/recarprofi.cz\/wp-content\/uploads\/2024\/01\/krone-bix-5301.jpg'><img loading=\"lazy\" decoding=\"async\" width=\"420\" height=\"365\" src=\"https:\/\/recarprofi.cz\/wp-content\/uploads\/2024\/01\/krone-bix-5301-420x365.jpg\" class=\"attachment-thumbnail size-thumbnail\" alt=\"\" srcset=\"https:\/\/recarprofi.cz\/wp-content\/uploads\/2024\/01\/krone-bix-5301-420x365.jpg 420w, https:\/\/recarprofi.cz\/wp-content\/uploads\/2024\/01\/krone-bix-5301.jpg 600w\" sizes=\"(max-width: 420px) 100vw, 420px\" \/><\/a>\n\t\t\t<\/dt><\/dl><dl class='gallery-item'>\n\t\t\t<dt class='gallery-icon landscape'>\n\t\t\t\t<a data-elementor-open-lightbox=\"yes\" data-elementor-lightbox-slideshow=\"fbfc1fc\" data-elementor-lightbox-title=\"krone bix 530\" data-e-action-hash=\"#elementor-action%3Aaction%3Dlightbox%26settings%3DeyJpZCI6MjgwODksInVybCI6Imh0dHBzOlwvXC9yZWNhcnByb2ZpLmN6XC93cC1jb250ZW50XC91cGxvYWRzXC8yMDI0XC8wMVwva3JvbmUtYml4LTUzMC0xLmpwZyIsInNsaWRlc2hvdyI6ImZiZmMxZmMifQ%3D%3D\" href='https:\/\/recarprofi.cz\/wp-content\/uploads\/2024\/01\/krone-bix-530-1.jpg'><img loading=\"lazy\" decoding=\"async\" width=\"420\" height=\"280\" src=\"https:\/\/recarprofi.cz\/wp-content\/uploads\/2024\/01\/krone-bix-530-1-420x280.jpg\" class=\"attachment-thumbnail size-thumbnail\" alt=\"\" srcset=\"https:\/\/recarprofi.cz\/wp-content\/uploads\/2024\/01\/krone-bix-530-1-420x280.jpg 420w, https:\/\/recarprofi.cz\/wp-content\/uploads\/2024\/01\/krone-bix-530-1-744x496.jpg 744w, https:\/\/recarprofi.cz\/wp-content\/uploads\/2024\/01\/krone-bix-530-1-768x512.jpg 768w, https:\/\/recarprofi.cz\/wp-content\/uploads\/2024\/01\/krone-bix-530-1-600x400.jpg 600w, https:\/\/recarprofi.cz\/wp-content\/uploads\/2024\/01\/krone-bix-530-1.jpg 800w\" sizes=\"(max-width: 420px) 100vw, 420px\" \/><\/a>\n\t\t\t<\/dt><\/dl><br style=\"clear: both\" \/>\n\t\t<\/div>\n\t\t<\/div>\n\t\t\t\t\t\t<\/div>\n\t\t\t\t<\/div>\n\t\t\t\t\t<\/div>\n\t\t<\/div>\n\t\t\t\t\t<\/div>\n\t\t<\/section>\n\t\t\t\t<section class=\"elementor-section elementor-top-section elementor-element elementor-element-fd48213 elementor-section-boxed elementor-section-height-default elementor-section-height-default\" data-id=\"fd48213\" data-element_type=\"section\" data-e-type=\"section\">\n\t\t\t\t\t\t<div class=\"elementor-container elementor-column-gap-default\">\n\t\t\t\t\t<div class=\"elementor-column elementor-col-100 elementor-top-column elementor-element elementor-element-c6fa00c\" data-id=\"c6fa00c\" data-element_type=\"column\" data-e-type=\"column\">\n\t\t\t<div class=\"elementor-widget-wrap elementor-element-populated\">\n\t\t\t\t\t\t<div class=\"elementor-element elementor-element-25b93ed elementor-widget elementor-widget-text-editor\" data-id=\"25b93ed\" data-element_type=\"widget\" data-e-type=\"widget\" data-widget_type=\"text-editor.default\">\n\t\t\t\t<div class=\"elementor-widget-container\">\n\t\t\t\t\t\t\t\t\t<p>Model\u00a0 \u00a0 \u00a0 \u00a0 \u00a0 \u00a0 \u00a0 \u00a0 \u00a0 \u00a0 \u00a0 \u00a0 \u00a0 \u00a0 \u00a0 \u00a0 \u00a0 \u00a0 \u00a0 \u00a0 \u00a0 \u00a0 \u00a0 \u00a0 \u00a0 \u00a0 \u00a0 \u00a0 \u00a0 \u00a0 \u00a0 \u00a0 \u00a0 \u00a0 \u00a0 \u00a0 \u00a0 \u00a0 \u00a0 \u00a0 \u00a0 \u00a0 \u00a0 \u00a0 \u00a0 \u00a0 \u00a0 \u00a0 \u00a0 \u00a0 \u00a0 \u00a0 \u00a0 BiG X 480\u00a0 \u00a0 \u00a0 \u00a0 \u00a0 \u00a0 \u00a0 \u00a0 \u00a0 \u00a0 \u00a0 \u00a0 \u00a0 \u00a0BiG X 530\u00a0 \u00a0 \u00a0 \u00a0 \u00a0 \u00a0 \u00a0 \u00a0 \u00a0 \u00a0 \u00a0 \u00a0 \u00a0 BiG X 580\u00a0 \u00a0 \u00a0 \u00a0 \u00a0 \u00a0 \u00a0 \u00a0 \u00a0 \u00a0 \u00a0 \u00a0 \u00a0 BiG X 630<\/p><table><tbody><tr><td data-label=\"Motor\"><span class=\"mobiletitle\">Motor<\/span><\/td><td data-label=\"BiG X 480\">MTU 6R 1300<\/td><td data-label=\"BiG X 530\">MTU 6R 1300<\/td><td data-label=\"BiG X 580\">MTU 6R 1500<\/td><td data-label=\"BiG X 630\"><p>MTU 6R 1500<\/p><\/td><\/tr><tr><td data-label=\"Po\u010det v\u00e1lc\u016f\"><span class=\"mobiletitle\">Po\u010det v\u00e1lc\u016f<\/span><\/td><td data-label=\"BiG X 480\">6<\/td><td data-label=\"BiG X 530\">6<\/td><td data-label=\"BiG X 580\">6<\/td><td data-label=\"BiG X 630\">6<\/td><\/tr><tr><td data-label=\"Zdvihov\u00fd objem (l)\"><span class=\"mobiletitle\">Zdvihov\u00fd objem (l)<\/span><\/td><td data-label=\"BiG X 480\">12,80<\/td><td data-label=\"BiG X 530\">12,80<\/td><td data-label=\"BiG X 580\">15,60<\/td><td data-label=\"BiG X 630\">15,60<\/td><\/tr><tr><td data-label=\"Trval\u00fd v\u00fdkon motoru (kW\/HP)\"><span class=\"mobiletitle\">Trval\u00fd v\u00fdkon motoru (kW\/HP)<\/span><\/td><td data-label=\"BiG X 480\">360 \/ 490<\/td><td data-label=\"BiG X 530\">390 \/ 530<\/td><td data-label=\"BiG X 580\">436 \/ 593<\/td><td data-label=\"BiG X 630\">480 \/ 653<\/td><\/tr><tr><td data-label=\"Max. trval\u00fd v\u00fdkon \u0159eza\u010dky X Power (kW\/HP)\"><span class=\"mobiletitle\">Max. trval\u00fd v\u00fdkon \u0159eza\u010dky X Power (kW\/HP)<\/span><\/td><td data-label=\"BiG X 480\">338 \/ 460<\/td><td data-label=\"BiG X 530\">368 \/ 500<\/td><td data-label=\"BiG X 580\">408 \/ 555<\/td><td data-label=\"BiG X 630\">452 \/ 615<\/td><\/tr><tr><td data-label=\"Max. trval\u00fd v\u00fdkon \u0159eza\u010dky Eco Power (kW\/HP)\"><span class=\"mobiletitle\">Max. trval\u00fd v\u00fdkon \u0159eza\u010dky Eco Power (kW\/HP)<\/span><\/td><td data-label=\"BiG X 480\">&#8211;<\/td><td data-label=\"BiG X 530\">&#8211;<\/td><td data-label=\"BiG X 580\">338 \/ 460<\/td><td data-label=\"BiG X 630\">338 \/ 460<\/td><\/tr><\/tbody><\/table>\t\t\t\t\t\t\t\t<\/div>\n\t\t\t\t<\/div>\n\t\t\t\t\t<\/div>\n\t\t<\/div>\n\t\t\t\t\t<\/div>\n\t\t<\/section>\n\t\t\t\t<\/div>\n\t\t","protected":false},"excerpt":{"rendered":"<p>Kompaktn\u00ed skl\u00edzec\u00ed \u0159eza\u010dky od KRONE s v\u00fdkonem od 490 do 626 HP. Spl\u0148uj\u00ed nejvy\u0161\u0161\u00ed po\u017eadavky na kvalitu \u0159ezanky, v\u00fdkonnost, snadnou manipulaci a komfort. Dlouhodob\u00fd v\u00fdkon motoru 490 a\u017e\u00a0626 PS Bezpe\u010dnost a\u00a0kvalitn\u00ed \u0159ezanka d\u00edky 6 vkl\u00e1dac\u00edm&hellip;<\/p>\n","protected":false},"author":1,"featured_media":28089,"parent":28075,"menu_order":1,"comment_status":"closed","ping_status":"closed","template":"","meta":{"footnotes":""},"class_list":["post-28085","page","type-page","status-publish","has-post-thumbnail","hentry"],"_links":{"self":[{"href":"https:\/\/recarprofi.cz\/uvod\/wp-json\/wp\/v2\/pages\/28085","targetHints":{"allow":["GET"]}}],"collection":[{"href":"https:\/\/recarprofi.cz\/uvod\/wp-json\/wp\/v2\/pages"}],"about":[{"href":"https:\/\/recarprofi.cz\/uvod\/wp-json\/wp\/v2\/types\/page"}],"author":[{"embeddable":true,"href":"https:\/\/recarprofi.cz\/uvod\/wp-json\/wp\/v2\/users\/1"}],"replies":[{"embeddable":true,"href":"https:\/\/recarprofi.cz\/uvod\/wp-json\/wp\/v2\/comments?post=28085"}],"version-history":[{"count":13,"href":"https:\/\/recarprofi.cz\/uvod\/wp-json\/wp\/v2\/pages\/28085\/revisions"}],"predecessor-version":[{"id":30474,"href":"https:\/\/recarprofi.cz\/uvod\/wp-json\/wp\/v2\/pages\/28085\/revisions\/30474"}],"up":[{"embeddable":true,"href":"https:\/\/recarprofi.cz\/uvod\/wp-json\/wp\/v2\/pages\/28075"}],"wp:featuredmedia":[{"embeddable":true,"href":"https:\/\/recarprofi.cz\/uvod\/wp-json\/wp\/v2\/media\/28089"}],"wp:attachment":[{"href":"https:\/\/recarprofi.cz\/uvod\/wp-json\/wp\/v2\/media?parent=28085"}],"curies":[{"name":"wp","href":"https:\/\/api.w.org\/{rel}","templated":true}]}}