{"id":28111,"date":"2024-01-25T09:19:20","date_gmt":"2024-01-25T08:19:20","guid":{"rendered":"https:\/\/recarprofi.cz\/uvod\/?page_id=28111"},"modified":"2024-04-22T15:10:30","modified_gmt":"2024-04-22T13:10:30","slug":"big-x680-1180","status":"publish","type":"page","link":"https:\/\/recarprofi.cz\/uvod\/zemedelska-technika\/sklizeci-rezacky\/krone\/big-x680-1180\/","title":{"rendered":"Skl\u00edzec\u00ed \u0159eza\u010dky Krone BiG X680-780-880-980-1080-1180"},"content":{"rendered":"\t\t<div data-elementor-type=\"wp-page\" data-elementor-id=\"28111\" class=\"elementor elementor-28111\">\n\t\t\t\t\t\t<section class=\"elementor-section elementor-top-section elementor-element elementor-element-b4fc8ea elementor-section-boxed elementor-section-height-default elementor-section-height-default\" data-id=\"b4fc8ea\" data-element_type=\"section\" data-e-type=\"section\">\n\t\t\t\t\t\t<div class=\"elementor-container elementor-column-gap-default\">\n\t\t\t\t\t<div class=\"elementor-column elementor-col-100 elementor-top-column elementor-element elementor-element-eff4170\" data-id=\"eff4170\" data-element_type=\"column\" data-e-type=\"column\">\n\t\t\t<div class=\"elementor-widget-wrap elementor-element-populated\">\n\t\t\t\t\t\t<div class=\"elementor-element elementor-element-47b781c elementor-widget elementor-widget-image\" data-id=\"47b781c\" data-element_type=\"widget\" data-e-type=\"widget\" data-widget_type=\"image.default\">\n\t\t\t\t<div class=\"elementor-widget-container\">\n\t\t\t\t\t\t\t\t\t\t\t\t\t\t\t<img fetchpriority=\"high\" decoding=\"async\" width=\"847\" height=\"476\" src=\"https:\/\/recarprofi.cz\/wp-content\/uploads\/2024\/01\/krone-big1-1200x675.png\" class=\"attachment-large size-large wp-image-28112\" alt=\"\" srcset=\"https:\/\/recarprofi.cz\/wp-content\/uploads\/2024\/01\/krone-big1-1200x675.png 1200w, https:\/\/recarprofi.cz\/wp-content\/uploads\/2024\/01\/krone-big1-744x419.png 744w, https:\/\/recarprofi.cz\/wp-content\/uploads\/2024\/01\/krone-big1-420x236.png 420w, https:\/\/recarprofi.cz\/wp-content\/uploads\/2024\/01\/krone-big1-768x432.png 768w, https:\/\/recarprofi.cz\/wp-content\/uploads\/2024\/01\/krone-big1-1536x864.png 1536w, https:\/\/recarprofi.cz\/wp-content\/uploads\/2024\/01\/krone-big1-1024x576.png 1024w, https:\/\/recarprofi.cz\/wp-content\/uploads\/2024\/01\/krone-big1-600x338.png 600w, https:\/\/recarprofi.cz\/wp-content\/uploads\/2024\/01\/krone-big1.png 1920w\" sizes=\"(max-width: 847px) 100vw, 847px\" \/>\t\t\t\t\t\t\t\t\t\t\t\t\t\t\t<\/div>\n\t\t\t\t<\/div>\n\t\t\t\t\t<\/div>\n\t\t<\/div>\n\t\t\t\t\t<\/div>\n\t\t<\/section>\n\t\t\t\t<section class=\"elementor-section elementor-top-section elementor-element elementor-element-aabfecb elementor-section-boxed elementor-section-height-default elementor-section-height-default\" data-id=\"aabfecb\" data-element_type=\"section\" data-e-type=\"section\">\n\t\t\t\t\t\t<div class=\"elementor-container elementor-column-gap-default\">\n\t\t\t\t\t<div class=\"elementor-column elementor-col-100 elementor-top-column elementor-element elementor-element-398232c\" data-id=\"398232c\" data-element_type=\"column\" data-e-type=\"column\">\n\t\t\t<div class=\"elementor-widget-wrap elementor-element-populated\">\n\t\t\t\t\t\t<div class=\"elementor-element elementor-element-4f452ed elementor-widget elementor-widget-text-editor\" data-id=\"4f452ed\" data-element_type=\"widget\" data-e-type=\"widget\" data-widget_type=\"text-editor.default\">\n\t\t\t\t<div class=\"elementor-widget-container\">\n\t\t\t\t\t\t\t\t\t<p>Extra siln\u00e9 skl\u00edzec\u00ed \u0159eza\u010dky od KRONE s v\u00fdkonem od 687 do 1156 PS. P\u0159esv\u011bd\u010d\u00ed nejen vysokou v\u00fdkonnost\u00ed a kvalitou \u0159ezanky, ale tak\u00e9 komfortn\u00ed obsluhou a snadnou manipulac\u00ed.<\/p><ul class=\"ce-bullets\"><li>V\u00fdkonn\u00e9 motory s\u00a0n\u00edzk\u00fdmi emisemi od\u00a0687 do\u00a01156\u00a0PS<\/li><li>Spolehlivost a\u00a0kvalitn\u00ed \u0159ezanka d\u00edky 6\u00a0vkl\u00e1dac\u00edm v\u00e1lc\u016fm<\/li><li>Univerz\u00e1ln\u00ed \u0159ezac\u00ed buben MaxFlow s\u00a020, 28, 36\u00a0no\u017ei, \u0159ezac\u00ed buben pro\u00a0materi\u00e1l na\u00a0bioplyn se\u00a040 a\u00a048\u00a0no\u017ei<\/li><li>V\u00e1lcov\u00e9 a\u00a0diskov\u00e9 drti\u010de zrna pro\u00a0jakoukoli oblast pou\u017eit\u00ed<\/li><li>KRONE VariLOC pro\u00a0flexibilitu p\u0159i\u00a0volb\u011b kr\u00e1tk\u00e9 nebo\u00a0dlouh\u00e9 \u0159ezanky<\/li><li>KRONE VariQuick pro\u00a0rychlou p\u0159estavbu na\u00a0pr\u00e1ci s\u00a0drti\u010dem zrna nebo bez\u00a0n\u011bj<\/li><li>Pohodln\u00e9 p\u0159ipojov\u00e1n\u00ed skliz\u0148ov\u00fdch adapt\u00e9r\u016f d\u00edky uchycen\u00ed pomoc\u00ed obloukov\u00e9ho r\u00e1mu<\/li><li>Samostatn\u00e9 zav\u011b\u0161en\u00ed kol\u00a0p\u0159in\u00e1\u0161\u00ed \u00fa\u017easnou obratnost<\/li><li>V\u00fd\u0161kov\u011b nastaviteln\u00e1 kabina zajist\u00ed optim\u00e1ln\u00ed v\u00fdhled<\/li><\/ul>\t\t\t\t\t\t\t\t<\/div>\n\t\t\t\t<\/div>\n\t\t\t\t\t<\/div>\n\t\t<\/div>\n\t\t\t\t\t<\/div>\n\t\t<\/section>\n\t\t\t\t<section class=\"elementor-section elementor-top-section elementor-element elementor-element-46d94ee elementor-section-boxed elementor-section-height-default elementor-section-height-default\" data-id=\"46d94ee\" data-element_type=\"section\" data-e-type=\"section\">\n\t\t\t\t\t\t<div class=\"elementor-container elementor-column-gap-default\">\n\t\t\t\t\t<div class=\"elementor-column elementor-col-100 elementor-top-column elementor-element elementor-element-a0e3c73\" data-id=\"a0e3c73\" data-element_type=\"column\" data-e-type=\"column\">\n\t\t\t<div class=\"elementor-widget-wrap elementor-element-populated\">\n\t\t\t\t\t\t<div class=\"elementor-element elementor-element-44db07a elementor-widget elementor-widget-image-gallery\" data-id=\"44db07a\" data-element_type=\"widget\" data-e-type=\"widget\" data-widget_type=\"image-gallery.default\">\n\t\t\t\t<div class=\"elementor-widget-container\">\n\t\t\t\t\t\t\t<div class=\"elementor-image-gallery\">\n\t\t\t\n\t\t<style type=\"text\/css\">\n\t\t\t#gallery-1 {\n\t\t\t\tmargin: auto;\n\t\t\t}\n\t\t\t#gallery-1 .gallery-item {\n\t\t\t\tfloat: left;\n\t\t\t\tmargin-top: 10px;\n\t\t\t\ttext-align: center;\n\t\t\t\twidth: 25%;\n\t\t\t}\n\t\t\t#gallery-1 img {\n\t\t\t\tborder: 2px solid #cfcfcf;\n\t\t\t}\n\t\t\t#gallery-1 .gallery-caption {\n\t\t\t\tmargin-left: 0;\n\t\t\t}\n\t\t\t\/* see gallery_shortcode() in wp-includes\/media.php *\/\n\t\t<\/style>\n\t\t<div id='gallery-1' class='gallery galleryid-28111 gallery-columns-4 gallery-size-thumbnail'><dl class='gallery-item'>\n\t\t\t<dt class='gallery-icon landscape'>\n\t\t\t\t<a data-elementor-open-lightbox=\"yes\" data-elementor-lightbox-slideshow=\"44db07a\" data-elementor-lightbox-title=\"krone bix 5301\" data-e-action-hash=\"#elementor-action%3Aaction%3Dlightbox%26settings%3DeyJpZCI6MjgwODgsInVybCI6Imh0dHBzOlwvXC9yZWNhcnByb2ZpLmN6XC93cC1jb250ZW50XC91cGxvYWRzXC8yMDI0XC8wMVwva3JvbmUtYml4LTUzMDEuanBnIiwic2xpZGVzaG93IjoiNDRkYjA3YSJ9\" href='https:\/\/recarprofi.cz\/wp-content\/uploads\/2024\/01\/krone-bix-5301.jpg'><img decoding=\"async\" width=\"420\" height=\"365\" src=\"https:\/\/recarprofi.cz\/wp-content\/uploads\/2024\/01\/krone-bix-5301-420x365.jpg\" class=\"attachment-thumbnail size-thumbnail\" alt=\"\" srcset=\"https:\/\/recarprofi.cz\/wp-content\/uploads\/2024\/01\/krone-bix-5301-420x365.jpg 420w, https:\/\/recarprofi.cz\/wp-content\/uploads\/2024\/01\/krone-bix-5301.jpg 600w\" sizes=\"(max-width: 420px) 100vw, 420px\" \/><\/a>\n\t\t\t<\/dt><\/dl><dl class='gallery-item'>\n\t\t\t<dt class='gallery-icon landscape'>\n\t\t\t\t<a data-elementor-open-lightbox=\"yes\" data-elementor-lightbox-slideshow=\"44db07a\" data-elementor-lightbox-title=\"krone big2\" data-e-action-hash=\"#elementor-action%3Aaction%3Dlightbox%26settings%3DeyJpZCI6MjgxMTMsInVybCI6Imh0dHBzOlwvXC9yZWNhcnByb2ZpLmN6XC93cC1jb250ZW50XC91cGxvYWRzXC8yMDI0XC8wMVwva3JvbmUtYmlnMi5wbmciLCJzbGlkZXNob3ciOiI0NGRiMDdhIn0%3D\" href='https:\/\/recarprofi.cz\/wp-content\/uploads\/2024\/01\/krone-big2.png'><img decoding=\"async\" width=\"420\" height=\"236\" src=\"https:\/\/recarprofi.cz\/wp-content\/uploads\/2024\/01\/krone-big2-420x236.png\" class=\"attachment-thumbnail size-thumbnail\" alt=\"\" srcset=\"https:\/\/recarprofi.cz\/wp-content\/uploads\/2024\/01\/krone-big2-420x236.png 420w, https:\/\/recarprofi.cz\/wp-content\/uploads\/2024\/01\/krone-big2-744x419.png 744w, https:\/\/recarprofi.cz\/wp-content\/uploads\/2024\/01\/krone-big2-1200x676.png 1200w, https:\/\/recarprofi.cz\/wp-content\/uploads\/2024\/01\/krone-big2-768x432.png 768w, https:\/\/recarprofi.cz\/wp-content\/uploads\/2024\/01\/krone-big2-1536x865.png 1536w, https:\/\/recarprofi.cz\/wp-content\/uploads\/2024\/01\/krone-big2-1024x577.png 1024w, https:\/\/recarprofi.cz\/wp-content\/uploads\/2024\/01\/krone-big2-1918x1080.png 1918w, https:\/\/recarprofi.cz\/wp-content\/uploads\/2024\/01\/krone-big2-600x338.png 600w, https:\/\/recarprofi.cz\/wp-content\/uploads\/2024\/01\/krone-big2.png 1920w\" sizes=\"(max-width: 420px) 100vw, 420px\" \/><\/a>\n\t\t\t<\/dt><\/dl><dl class='gallery-item'>\n\t\t\t<dt class='gallery-icon landscape'>\n\t\t\t\t<a data-elementor-open-lightbox=\"yes\" data-elementor-lightbox-slideshow=\"44db07a\" data-elementor-lightbox-title=\"krone big3\" data-e-action-hash=\"#elementor-action%3Aaction%3Dlightbox%26settings%3DeyJpZCI6MjgxMTQsInVybCI6Imh0dHBzOlwvXC9yZWNhcnByb2ZpLmN6XC93cC1jb250ZW50XC91cGxvYWRzXC8yMDI0XC8wMVwva3JvbmUtYmlnMy5wbmciLCJzbGlkZXNob3ciOiI0NGRiMDdhIn0%3D\" href='https:\/\/recarprofi.cz\/wp-content\/uploads\/2024\/01\/krone-big3.png'><img loading=\"lazy\" decoding=\"async\" width=\"420\" height=\"236\" src=\"https:\/\/recarprofi.cz\/wp-content\/uploads\/2024\/01\/krone-big3-420x236.png\" class=\"attachment-thumbnail size-thumbnail\" alt=\"\" srcset=\"https:\/\/recarprofi.cz\/wp-content\/uploads\/2024\/01\/krone-big3-420x236.png 420w, https:\/\/recarprofi.cz\/wp-content\/uploads\/2024\/01\/krone-big3-744x419.png 744w, https:\/\/recarprofi.cz\/wp-content\/uploads\/2024\/01\/krone-big3-1200x675.png 1200w, https:\/\/recarprofi.cz\/wp-content\/uploads\/2024\/01\/krone-big3-768x432.png 768w, https:\/\/recarprofi.cz\/wp-content\/uploads\/2024\/01\/krone-big3-1536x864.png 1536w, https:\/\/recarprofi.cz\/wp-content\/uploads\/2024\/01\/krone-big3-1024x576.png 1024w, https:\/\/recarprofi.cz\/wp-content\/uploads\/2024\/01\/krone-big3-1920x1080.png 1920w, https:\/\/recarprofi.cz\/wp-content\/uploads\/2024\/01\/krone-big3-600x338.png 600w, https:\/\/recarprofi.cz\/wp-content\/uploads\/2024\/01\/krone-big3.png 1996w\" sizes=\"(max-width: 420px) 100vw, 420px\" \/><\/a>\n\t\t\t<\/dt><\/dl><dl class='gallery-item'>\n\t\t\t<dt class='gallery-icon landscape'>\n\t\t\t\t<a data-elementor-open-lightbox=\"yes\" data-elementor-lightbox-slideshow=\"44db07a\" data-elementor-lightbox-title=\"krone bix 480\" data-e-action-hash=\"#elementor-action%3Aaction%3Dlightbox%26settings%3DeyJpZCI6MjgwNzYsInVybCI6Imh0dHBzOlwvXC9yZWNhcnByb2ZpLmN6XC93cC1jb250ZW50XC91cGxvYWRzXC8yMDI0XC8wMVwva3JvbmUtYml4LTQ4MC5qcGciLCJzbGlkZXNob3ciOiI0NGRiMDdhIn0%3D\" href='https:\/\/recarprofi.cz\/wp-content\/uploads\/2024\/01\/krone-bix-480.jpg'><img loading=\"lazy\" decoding=\"async\" width=\"420\" height=\"280\" src=\"https:\/\/recarprofi.cz\/wp-content\/uploads\/2024\/01\/krone-bix-480-420x280.jpg\" class=\"attachment-thumbnail size-thumbnail\" alt=\"\" srcset=\"https:\/\/recarprofi.cz\/wp-content\/uploads\/2024\/01\/krone-bix-480-420x280.jpg 420w, https:\/\/recarprofi.cz\/wp-content\/uploads\/2024\/01\/krone-bix-480-744x496.jpg 744w, https:\/\/recarprofi.cz\/wp-content\/uploads\/2024\/01\/krone-bix-480-768x512.jpg 768w, https:\/\/recarprofi.cz\/wp-content\/uploads\/2024\/01\/krone-bix-480-600x400.jpg 600w, https:\/\/recarprofi.cz\/wp-content\/uploads\/2024\/01\/krone-bix-480.jpg 1000w\" sizes=\"(max-width: 420px) 100vw, 420px\" \/><\/a>\n\t\t\t<\/dt><\/dl><br style=\"clear: both\" \/><dl class='gallery-item'>\n\t\t\t<dt class='gallery-icon landscape'>\n\t\t\t\t<a data-elementor-open-lightbox=\"yes\" data-elementor-lightbox-slideshow=\"44db07a\" data-elementor-lightbox-title=\"krone bix 1180\" data-e-action-hash=\"#elementor-action%3Aaction%3Dlightbox%26settings%3DeyJpZCI6MjgxMTUsInVybCI6Imh0dHBzOlwvXC9yZWNhcnByb2ZpLmN6XC93cC1jb250ZW50XC91cGxvYWRzXC8yMDI0XC8wMVwva3JvbmUtYml4LTExODAucG5nIiwic2xpZGVzaG93IjoiNDRkYjA3YSJ9\" href='https:\/\/recarprofi.cz\/wp-content\/uploads\/2024\/01\/krone-bix-1180.png'><img loading=\"lazy\" decoding=\"async\" width=\"420\" height=\"392\" src=\"https:\/\/recarprofi.cz\/wp-content\/uploads\/2024\/01\/krone-bix-1180-420x392.png\" class=\"attachment-thumbnail size-thumbnail\" alt=\"\" srcset=\"https:\/\/recarprofi.cz\/wp-content\/uploads\/2024\/01\/krone-bix-1180-420x392.png 420w, https:\/\/recarprofi.cz\/wp-content\/uploads\/2024\/01\/krone-bix-1180-744x695.png 744w, https:\/\/recarprofi.cz\/wp-content\/uploads\/2024\/01\/krone-bix-1180-768x717.png 768w, https:\/\/recarprofi.cz\/wp-content\/uploads\/2024\/01\/krone-bix-1180-600x560.png 600w, https:\/\/recarprofi.cz\/wp-content\/uploads\/2024\/01\/krone-bix-1180.png 1000w\" sizes=\"(max-width: 420px) 100vw, 420px\" \/><\/a>\n\t\t\t<\/dt><\/dl><dl class='gallery-item'>\n\t\t\t<dt class='gallery-icon landscape'>\n\t\t\t\t<a data-elementor-open-lightbox=\"yes\" data-elementor-lightbox-slideshow=\"44db07a\" data-elementor-lightbox-title=\"krone bix 580\" data-e-action-hash=\"#elementor-action%3Aaction%3Dlightbox%26settings%3DeyJpZCI6MjgwODcsInVybCI6Imh0dHBzOlwvXC9yZWNhcnByb2ZpLmN6XC93cC1jb250ZW50XC91cGxvYWRzXC8yMDI0XC8wMVwva3JvbmUtYml4LTU4MC5wbmciLCJzbGlkZXNob3ciOiI0NGRiMDdhIn0%3D\" href='https:\/\/recarprofi.cz\/wp-content\/uploads\/2024\/01\/krone-bix-580.png'><img loading=\"lazy\" decoding=\"async\" width=\"420\" height=\"410\" src=\"https:\/\/recarprofi.cz\/wp-content\/uploads\/2024\/01\/krone-bix-580-420x410.png\" class=\"attachment-thumbnail size-thumbnail\" alt=\"\" srcset=\"https:\/\/recarprofi.cz\/wp-content\/uploads\/2024\/01\/krone-bix-580-420x410.png 420w, https:\/\/recarprofi.cz\/wp-content\/uploads\/2024\/01\/krone-bix-580.png 600w\" sizes=\"(max-width: 420px) 100vw, 420px\" \/><\/a>\n\t\t\t<\/dt><\/dl><dl class='gallery-item'>\n\t\t\t<dt class='gallery-icon landscape'>\n\t\t\t\t<a data-elementor-open-lightbox=\"yes\" data-elementor-lightbox-slideshow=\"44db07a\" data-elementor-lightbox-title=\"krone big4\" data-e-action-hash=\"#elementor-action%3Aaction%3Dlightbox%26settings%3DeyJpZCI6MjgxNzUsInVybCI6Imh0dHBzOlwvXC9yZWNhcnByb2ZpLmN6XC93cC1jb250ZW50XC91cGxvYWRzXC8yMDI0XC8wMVwva3JvbmUtYmlnNC5wbmciLCJzbGlkZXNob3ciOiI0NGRiMDdhIn0%3D\" href='https:\/\/recarprofi.cz\/wp-content\/uploads\/2024\/01\/krone-big4.png'><img loading=\"lazy\" decoding=\"async\" width=\"420\" height=\"220\" src=\"https:\/\/recarprofi.cz\/wp-content\/uploads\/2024\/01\/krone-big4-420x220.png\" class=\"attachment-thumbnail size-thumbnail\" alt=\"\" srcset=\"https:\/\/recarprofi.cz\/wp-content\/uploads\/2024\/01\/krone-big4-420x220.png 420w, https:\/\/recarprofi.cz\/wp-content\/uploads\/2024\/01\/krone-big4-744x390.png 744w, https:\/\/recarprofi.cz\/wp-content\/uploads\/2024\/01\/krone-big4-768x402.png 768w, https:\/\/recarprofi.cz\/wp-content\/uploads\/2024\/01\/krone-big4-1024x536.png 1024w, https:\/\/recarprofi.cz\/wp-content\/uploads\/2024\/01\/krone-big4-600x314.png 600w, https:\/\/recarprofi.cz\/wp-content\/uploads\/2024\/01\/krone-big4.png 1050w\" sizes=\"(max-width: 420px) 100vw, 420px\" \/><\/a>\n\t\t\t<\/dt><\/dl>\n\t\t\t<br style='clear: both' \/>\n\t\t<\/div>\n\t\t<\/div>\n\t\t\t\t\t\t<\/div>\n\t\t\t\t<\/div>\n\t\t\t\t\t<\/div>\n\t\t<\/div>\n\t\t\t\t\t<\/div>\n\t\t<\/section>\n\t\t\t\t<section class=\"elementor-section elementor-top-section elementor-element elementor-element-d8d951c elementor-section-boxed elementor-section-height-default elementor-section-height-default\" data-id=\"d8d951c\" data-element_type=\"section\" data-e-type=\"section\">\n\t\t\t\t\t\t<div class=\"elementor-container elementor-column-gap-default\">\n\t\t\t\t\t<div class=\"elementor-column elementor-col-100 elementor-top-column elementor-element elementor-element-e543a70\" data-id=\"e543a70\" data-element_type=\"column\" data-e-type=\"column\">\n\t\t\t<div class=\"elementor-widget-wrap elementor-element-populated\">\n\t\t\t\t\t\t<div class=\"elementor-element elementor-element-2b0a17a elementor-widget elementor-widget-text-editor\" data-id=\"2b0a17a\" data-element_type=\"widget\" data-e-type=\"widget\" data-widget_type=\"text-editor.default\">\n\t\t\t\t<div class=\"elementor-widget-container\">\n\t\t\t\t\t\t\t\t\t<p>Model\u00a0 \u00a0 \u00a0 \u00a0 \u00a0 \u00a0 \u00a0 \u00a0 \u00a0 \u00a0 \u00a0 \u00a0 \u00a0 \u00a0 \u00a0 \u00a0 \u00a0 \u00a0 \u00a0 \u00a0 \u00a0 \u00a0 \u00a0 \u00a0 \u00a0 \u00a0 \u00a0 \u00a0 \u00a0 \u00a0 \u00a0 \u00a0 \u00a0 \u00a0 \u00a0 \u00a0 BiG X 680\u00a0 \u00a0 \u00a0 \u00a0 \u00a0 \u00a0 \u00a0 \u00a0 \u00a0BiG X 780\u00a0 \u00a0 \u00a0 \u00a0 \u00a0 \u00a0 \u00a0 \u00a0 \u00a0BiG X 880\u00a0 \u00a0 \u00a0 \u00a0 \u00a0 \u00a0 \u00a0 \u00a0 \u00a0BiG X 980\u00a0 \u00a0 \u00a0 \u00a0 \u00a0 \u00a0 \u00a0 \u00a0 \u00a0BiG X 1080\u00a0 \u00a0 \u00a0 \u00a0 \u00a0 \u00a0 \u00a0 BiG X 1180<\/p><table><tbody><tr><td data-label=\"Motor\"><span class=\"mobiletitle\">Motor<\/span><\/td><td data-label=\"BiG X 680\">Liebherr D 9508<\/td><td data-label=\"BiG X 780\">Liebherr D 9508<\/td><td data-label=\"BiG X 880\">Liebherr D 9508<\/td><td data-label=\"BiG X 980\">Liebherr D 9512<\/td><td data-label=\"BiG X 1080\">Liebherr D 9512<\/td><td data-label=\"BiG X 1180\">Liebherr D 9512<\/td><\/tr><tr><td data-label=\"Po\u010det v\u00e1lc\u016f\"><span class=\"mobiletitle\">Po\u010det v\u00e1lc\u016f<\/span><\/td><td data-label=\"BiG X 680\">8<\/td><td data-label=\"BiG X 780\">8<\/td><td data-label=\"BiG X 880\">8<\/td><td data-label=\"BiG X 980\">12<\/td><td data-label=\"BiG X 1080\">12<\/td><td data-label=\"BiG X 1180\">12<\/td><\/tr><tr><td data-label=\"Zdvihov\u00fd objem (l)\"><span class=\"mobiletitle\">Zdvihov\u00fd objem (l)<\/span><\/td><td data-label=\"BiG X 680\">16,16<\/td><td data-label=\"BiG X 780\">16,16<\/td><td data-label=\"BiG X 880\">16,16<\/td><td data-label=\"BiG X 980\">24,24<\/td><td data-label=\"BiG X 1080\">24,24<\/td><td data-label=\"BiG X 1180\">24,24<\/td><\/tr><tr><td data-label=\"Trval\u00fd v\u00fdkon motoru (kW\/HP)\"><span class=\"mobiletitle\">Trval\u00fd v\u00fdkon motoru (kW\/HP)<\/span><\/td><td data-label=\"BiG X 680\">505 \/ 687<\/td><td data-label=\"BiG X 780\">570 \/ 775<\/td><td data-label=\"BiG X 880\">660 \/ 898<\/td><td data-label=\"BiG X 980\">720 \/ 979<\/td><td data-label=\"BiG X 1080\">790 \/ 1074<\/td><td data-label=\"BiG X 1180\">850 \/ 1156<\/td><\/tr><tr><td data-label=\"Max. trval\u00fd v\u00fdkon \u0159eza\u010dky X Power (kW\/HP)\"><span class=\"mobiletitle\">Max. trval\u00fd v\u00fdkon \u0159eza\u010dky X Power (kW\/HP)<\/span><\/td><td data-label=\"BiG X 680\">487 \/ 662<\/td><td data-label=\"BiG X 780\">550 \/ 748<\/td><td data-label=\"BiG X 880\">632 \/ 860<\/td><td data-label=\"BiG X 980\">688 \/ 936<\/td><td data-label=\"BiG X 1080\">758 \/ 1031<\/td><td data-label=\"BiG X 1180\">818 \/ 1112<\/td><\/tr><tr><td data-label=\"Max. trval\u00fd v\u00fdkon \u0159eza\u010dky Eco Power (kW\/HP)\"><span class=\"mobiletitle\">Max. trval\u00fd v\u00fdkon \u0159eza\u010dky Eco Power (kW\/HP)<\/span><\/td><td data-label=\"BiG X 680\">368 \/ 500<\/td><td data-label=\"BiG X 780\">368 \/ 500<\/td><td data-label=\"BiG X 880\">441 \/ 600<\/td><td data-label=\"BiG X 980\">441 \/ 600<\/td><td data-label=\"BiG X 1080\">441 \/ 600<\/td><td data-label=\"BiG X 1180\">441 \/ 600<\/td><\/tr><\/tbody><\/table>\t\t\t\t\t\t\t\t<\/div>\n\t\t\t\t<\/div>\n\t\t\t\t\t<\/div>\n\t\t<\/div>\n\t\t\t\t\t<\/div>\n\t\t<\/section>\n\t\t\t\t<\/div>\n\t\t","protected":false},"excerpt":{"rendered":"<p>Extra siln\u00e9 skl\u00edzec\u00ed \u0159eza\u010dky od KRONE s v\u00fdkonem od 687 do 1156 PS. P\u0159esv\u011bd\u010d\u00ed nejen vysokou v\u00fdkonnost\u00ed a kvalitou \u0159ezanky, ale tak\u00e9 komfortn\u00ed obsluhou a snadnou manipulac\u00ed. V\u00fdkonn\u00e9 motory s\u00a0n\u00edzk\u00fdmi emisemi od\u00a0687 do\u00a01156\u00a0PS Spolehlivost a\u00a0kvalitn\u00ed&hellip;<\/p>\n","protected":false},"author":1,"featured_media":28112,"parent":28075,"menu_order":2,"comment_status":"closed","ping_status":"closed","template":"","meta":{"footnotes":""},"class_list":["post-28111","page","type-page","status-publish","has-post-thumbnail","hentry"],"_links":{"self":[{"href":"https:\/\/recarprofi.cz\/uvod\/wp-json\/wp\/v2\/pages\/28111","targetHints":{"allow":["GET"]}}],"collection":[{"href":"https:\/\/recarprofi.cz\/uvod\/wp-json\/wp\/v2\/pages"}],"about":[{"href":"https:\/\/recarprofi.cz\/uvod\/wp-json\/wp\/v2\/types\/page"}],"author":[{"embeddable":true,"href":"https:\/\/recarprofi.cz\/uvod\/wp-json\/wp\/v2\/users\/1"}],"replies":[{"embeddable":true,"href":"https:\/\/recarprofi.cz\/uvod\/wp-json\/wp\/v2\/comments?post=28111"}],"version-history":[{"count":8,"href":"https:\/\/recarprofi.cz\/uvod\/wp-json\/wp\/v2\/pages\/28111\/revisions"}],"predecessor-version":[{"id":30479,"href":"https:\/\/recarprofi.cz\/uvod\/wp-json\/wp\/v2\/pages\/28111\/revisions\/30479"}],"up":[{"embeddable":true,"href":"https:\/\/recarprofi.cz\/uvod\/wp-json\/wp\/v2\/pages\/28075"}],"wp:featuredmedia":[{"embeddable":true,"href":"https:\/\/recarprofi.cz\/uvod\/wp-json\/wp\/v2\/media\/28112"}],"wp:attachment":[{"href":"https:\/\/recarprofi.cz\/uvod\/wp-json\/wp\/v2\/media?parent=28111"}],"curies":[{"name":"wp","href":"https:\/\/api.w.org\/{rel}","templated":true}]}}