{"id":28143,"date":"2024-01-25T14:12:29","date_gmt":"2024-01-25T13:12:29","guid":{"rendered":"https:\/\/recarprofi.cz\/uvod\/?page_id=28143"},"modified":"2024-04-22T14:47:41","modified_gmt":"2024-04-22T12:47:41","slug":"tc","status":"publish","type":"page","link":"https:\/\/recarprofi.cz\/uvod\/zemedelska-technika\/sklizeci-mlaticky\/new-holland\/tc\/","title":{"rendered":"Sklizec\u00ed ml\u00e1ti\u010dky New Holland TC"},"content":{"rendered":"\t\t<div data-elementor-type=\"wp-page\" data-elementor-id=\"28143\" class=\"elementor elementor-28143\">\n\t\t\t\t\t\t<section class=\"elementor-section elementor-top-section elementor-element elementor-element-12749c9 elementor-section-boxed elementor-section-height-default elementor-section-height-default\" data-id=\"12749c9\" data-element_type=\"section\" data-e-type=\"section\">\n\t\t\t\t\t\t<div class=\"elementor-container elementor-column-gap-default\">\n\t\t\t\t\t<div class=\"elementor-column elementor-col-100 elementor-top-column elementor-element elementor-element-852fe66\" data-id=\"852fe66\" data-element_type=\"column\" data-e-type=\"column\">\n\t\t\t<div class=\"elementor-widget-wrap elementor-element-populated\">\n\t\t\t\t\t\t<div class=\"elementor-element elementor-element-3b92edf elementor-widget elementor-widget-image\" data-id=\"3b92edf\" data-element_type=\"widget\" data-e-type=\"widget\" data-widget_type=\"image.default\">\n\t\t\t\t<div class=\"elementor-widget-container\">\n\t\t\t\t\t\t\t\t\t\t\t\t\t\t\t<img fetchpriority=\"high\" decoding=\"async\" width=\"847\" height=\"648\" src=\"https:\/\/recarprofi.cz\/wp-content\/uploads\/2024\/01\/new-holland-tc.webp\" class=\"attachment-large size-large wp-image-28125\" alt=\"\" srcset=\"https:\/\/recarprofi.cz\/wp-content\/uploads\/2024\/01\/new-holland-tc.webp 1004w, https:\/\/recarprofi.cz\/wp-content\/uploads\/2024\/01\/new-holland-tc-744x569.webp 744w, https:\/\/recarprofi.cz\/wp-content\/uploads\/2024\/01\/new-holland-tc-420x321.webp 420w, https:\/\/recarprofi.cz\/wp-content\/uploads\/2024\/01\/new-holland-tc-768x587.webp 768w, https:\/\/recarprofi.cz\/wp-content\/uploads\/2024\/01\/new-holland-tc-600x459.webp 600w\" sizes=\"(max-width: 847px) 100vw, 847px\" \/>\t\t\t\t\t\t\t\t\t\t\t\t\t\t\t<\/div>\n\t\t\t\t<\/div>\n\t\t\t\t\t<\/div>\n\t\t<\/div>\n\t\t\t\t\t<\/div>\n\t\t<\/section>\n\t\t\t\t<section class=\"elementor-section elementor-top-section elementor-element elementor-element-f364782 elementor-section-boxed elementor-section-height-default elementor-section-height-default\" data-id=\"f364782\" data-element_type=\"section\" data-e-type=\"section\">\n\t\t\t\t\t\t<div class=\"elementor-container elementor-column-gap-default\">\n\t\t\t\t\t<div class=\"elementor-column elementor-col-100 elementor-top-column elementor-element elementor-element-1799ede\" data-id=\"1799ede\" data-element_type=\"column\" data-e-type=\"column\">\n\t\t\t<div class=\"elementor-widget-wrap elementor-element-populated\">\n\t\t\t\t\t\t<div class=\"elementor-element elementor-element-50bb861 elementor-widget elementor-widget-text-editor\" data-id=\"50bb861\" data-element_type=\"widget\" data-e-type=\"widget\" data-widget_type=\"text-editor.default\">\n\t\t\t\t<div class=\"elementor-widget-container\">\n\t\t\t\t\t\t\t\t\t<p><span>Nov\u00e1 \u0159ada skl\u00edzec\u00edch ml\u00e1ti\u010dek TC poskytuje spolehliv\u00fd v\u00fdkon v r\u016fzn\u00fdch plodin\u00e1ch a podm\u00ednk\u00e1ch.\u00a0<\/span><span>Nab\u00edz\u00ed tak\u00e9 skv\u011bl\u00fd v\u00fdkon, ani\u017e by byla ohro\u017eena kvalita sl\u00e1my nebo vzorku.\u00a0<\/span><span>Pak je tu zcela nov\u00e1 kabina Harvest Suite\u2122 Comfort Cab.\u00a0<\/span><span>To nastavuje novou a \u0161pi\u010dkovou \u00farove\u0148 komfortu a viditelnosti.\u00a0<\/span><span>Stejn\u011b d\u016fle\u017eit\u00e9 je, \u017ee \u0161irok\u00fd v\u00fdb\u011br specifikac\u00ed znamen\u00e1, \u017ee existuje model, kter\u00fd odpov\u00edd\u00e1 va\u0161im specifick\u00fdm pot\u0159eb\u00e1m.<\/span><\/p>\t\t\t\t\t\t\t\t<\/div>\n\t\t\t\t<\/div>\n\t\t\t\t\t<\/div>\n\t\t<\/div>\n\t\t\t\t\t<\/div>\n\t\t<\/section>\n\t\t\t\t<section class=\"elementor-section elementor-top-section elementor-element elementor-element-b9c3788 elementor-section-boxed elementor-section-height-default elementor-section-height-default\" data-id=\"b9c3788\" data-element_type=\"section\" data-e-type=\"section\">\n\t\t\t\t\t\t<div class=\"elementor-container elementor-column-gap-default\">\n\t\t\t\t\t<div class=\"elementor-column elementor-col-100 elementor-top-column elementor-element elementor-element-338ee84\" data-id=\"338ee84\" data-element_type=\"column\" data-e-type=\"column\">\n\t\t\t<div class=\"elementor-widget-wrap elementor-element-populated\">\n\t\t\t\t\t\t<div class=\"elementor-element elementor-element-3739fe0 elementor-widget elementor-widget-image-gallery\" data-id=\"3739fe0\" data-element_type=\"widget\" data-e-type=\"widget\" data-widget_type=\"image-gallery.default\">\n\t\t\t\t<div class=\"elementor-widget-container\">\n\t\t\t\t\t\t\t<div class=\"elementor-image-gallery\">\n\t\t\t\n\t\t<style type=\"text\/css\">\n\t\t\t#gallery-1 {\n\t\t\t\tmargin: auto;\n\t\t\t}\n\t\t\t#gallery-1 .gallery-item {\n\t\t\t\tfloat: left;\n\t\t\t\tmargin-top: 10px;\n\t\t\t\ttext-align: center;\n\t\t\t\twidth: 25%;\n\t\t\t}\n\t\t\t#gallery-1 img {\n\t\t\t\tborder: 2px solid #cfcfcf;\n\t\t\t}\n\t\t\t#gallery-1 .gallery-caption {\n\t\t\t\tmargin-left: 0;\n\t\t\t}\n\t\t\t\/* see gallery_shortcode() in wp-includes\/media.php *\/\n\t\t<\/style>\n\t\t<div id='gallery-1' class='gallery galleryid-28143 gallery-columns-4 gallery-size-thumbnail'><dl class='gallery-item'>\n\t\t\t<dt class='gallery-icon landscape'>\n\t\t\t\t<a data-elementor-open-lightbox=\"yes\" data-elementor-lightbox-slideshow=\"3739fe0\" data-elementor-lightbox-title=\"new holland tc1\" data-e-action-hash=\"#elementor-action%3Aaction%3Dlightbox%26settings%3DeyJpZCI6MjgxNDQsInVybCI6Imh0dHBzOlwvXC9yZWNhcnByb2ZpLmN6XC93cC1jb250ZW50XC91cGxvYWRzXC8yMDI0XC8wMVwvbmV3LWhvbGxhbmQtdGMxLmpwZyIsInNsaWRlc2hvdyI6IjM3MzlmZTAifQ%3D%3D\" href='https:\/\/recarprofi.cz\/wp-content\/uploads\/2024\/01\/new-holland-tc1.jpg'><img decoding=\"async\" width=\"420\" height=\"285\" src=\"https:\/\/recarprofi.cz\/wp-content\/uploads\/2024\/01\/new-holland-tc1-420x285.jpg\" class=\"attachment-thumbnail size-thumbnail\" alt=\"\" srcset=\"https:\/\/recarprofi.cz\/wp-content\/uploads\/2024\/01\/new-holland-tc1-420x285.jpg 420w, https:\/\/recarprofi.cz\/wp-content\/uploads\/2024\/01\/new-holland-tc1-744x504.jpg 744w, https:\/\/recarprofi.cz\/wp-content\/uploads\/2024\/01\/new-holland-tc1-768x521.jpg 768w, https:\/\/recarprofi.cz\/wp-content\/uploads\/2024\/01\/new-holland-tc1-600x407.jpg 600w, https:\/\/recarprofi.cz\/wp-content\/uploads\/2024\/01\/new-holland-tc1.jpg 900w\" sizes=\"(max-width: 420px) 100vw, 420px\" \/><\/a>\n\t\t\t<\/dt><\/dl><dl class='gallery-item'>\n\t\t\t<dt class='gallery-icon landscape'>\n\t\t\t\t<a data-elementor-open-lightbox=\"yes\" data-elementor-lightbox-slideshow=\"3739fe0\" data-elementor-lightbox-title=\"new holland tc2\" data-e-action-hash=\"#elementor-action%3Aaction%3Dlightbox%26settings%3DeyJpZCI6MjgxNDUsInVybCI6Imh0dHBzOlwvXC9yZWNhcnByb2ZpLmN6XC93cC1jb250ZW50XC91cGxvYWRzXC8yMDI0XC8wMVwvbmV3LWhvbGxhbmQtdGMyLmpwZyIsInNsaWRlc2hvdyI6IjM3MzlmZTAifQ%3D%3D\" href='https:\/\/recarprofi.cz\/wp-content\/uploads\/2024\/01\/new-holland-tc2.jpg'><img decoding=\"async\" width=\"275\" height=\"183\" src=\"https:\/\/recarprofi.cz\/wp-content\/uploads\/2024\/01\/new-holland-tc2.jpg\" class=\"attachment-thumbnail size-thumbnail\" alt=\"\" \/><\/a>\n\t\t\t<\/dt><\/dl><dl class='gallery-item'>\n\t\t\t<dt class='gallery-icon landscape'>\n\t\t\t\t<a data-elementor-open-lightbox=\"yes\" data-elementor-lightbox-slideshow=\"3739fe0\" data-elementor-lightbox-title=\"new holland tc4\" data-e-action-hash=\"#elementor-action%3Aaction%3Dlightbox%26settings%3DeyJpZCI6MjgxNDYsInVybCI6Imh0dHBzOlwvXC9yZWNhcnByb2ZpLmN6XC93cC1jb250ZW50XC91cGxvYWRzXC8yMDI0XC8wMVwvbmV3LWhvbGxhbmQtdGM0LmpwZyIsInNsaWRlc2hvdyI6IjM3MzlmZTAifQ%3D%3D\" href='https:\/\/recarprofi.cz\/wp-content\/uploads\/2024\/01\/new-holland-tc4.jpg'><img loading=\"lazy\" decoding=\"async\" width=\"420\" height=\"285\" src=\"https:\/\/recarprofi.cz\/wp-content\/uploads\/2024\/01\/new-holland-tc4-420x285.jpg\" class=\"attachment-thumbnail size-thumbnail\" alt=\"\" srcset=\"https:\/\/recarprofi.cz\/wp-content\/uploads\/2024\/01\/new-holland-tc4-420x285.jpg 420w, https:\/\/recarprofi.cz\/wp-content\/uploads\/2024\/01\/new-holland-tc4-744x504.jpg 744w, https:\/\/recarprofi.cz\/wp-content\/uploads\/2024\/01\/new-holland-tc4-768x521.jpg 768w, https:\/\/recarprofi.cz\/wp-content\/uploads\/2024\/01\/new-holland-tc4-600x407.jpg 600w, https:\/\/recarprofi.cz\/wp-content\/uploads\/2024\/01\/new-holland-tc4.jpg 900w\" sizes=\"(max-width: 420px) 100vw, 420px\" \/><\/a>\n\t\t\t<\/dt><\/dl><dl class='gallery-item'>\n\t\t\t<dt class='gallery-icon landscape'>\n\t\t\t\t<a data-elementor-open-lightbox=\"yes\" data-elementor-lightbox-slideshow=\"3739fe0\" data-elementor-lightbox-title=\"new holland tc5\" data-e-action-hash=\"#elementor-action%3Aaction%3Dlightbox%26settings%3DeyJpZCI6MjgxNDcsInVybCI6Imh0dHBzOlwvXC9yZWNhcnByb2ZpLmN6XC93cC1jb250ZW50XC91cGxvYWRzXC8yMDI0XC8wMVwvbmV3LWhvbGxhbmQtdGM1LmpwZyIsInNsaWRlc2hvdyI6IjM3MzlmZTAifQ%3D%3D\" href='https:\/\/recarprofi.cz\/wp-content\/uploads\/2024\/01\/new-holland-tc5.jpg'><img loading=\"lazy\" decoding=\"async\" width=\"420\" height=\"227\" src=\"https:\/\/recarprofi.cz\/wp-content\/uploads\/2024\/01\/new-holland-tc5-420x227.jpg\" class=\"attachment-thumbnail size-thumbnail\" alt=\"\" srcset=\"https:\/\/recarprofi.cz\/wp-content\/uploads\/2024\/01\/new-holland-tc5-420x227.jpg 420w, https:\/\/recarprofi.cz\/wp-content\/uploads\/2024\/01\/new-holland-tc5-744x403.jpg 744w, https:\/\/recarprofi.cz\/wp-content\/uploads\/2024\/01\/new-holland-tc5-768x416.jpg 768w, https:\/\/recarprofi.cz\/wp-content\/uploads\/2024\/01\/new-holland-tc5-600x325.jpg 600w, https:\/\/recarprofi.cz\/wp-content\/uploads\/2024\/01\/new-holland-tc5.jpg 898w\" sizes=\"(max-width: 420px) 100vw, 420px\" \/><\/a>\n\t\t\t<\/dt><\/dl><br style=\"clear: both\" \/>\n\t\t<\/div>\n\t\t<\/div>\n\t\t\t\t\t\t<\/div>\n\t\t\t\t<\/div>\n\t\t\t\t\t<\/div>\n\t\t<\/div>\n\t\t\t\t\t<\/div>\n\t\t<\/section>\n\t\t\t\t<section class=\"elementor-section elementor-top-section elementor-element elementor-element-1895f64 elementor-section-boxed elementor-section-height-default elementor-section-height-default\" data-id=\"1895f64\" data-element_type=\"section\" data-e-type=\"section\">\n\t\t\t\t\t\t<div class=\"elementor-container elementor-column-gap-default\">\n\t\t\t\t\t<div class=\"elementor-column elementor-col-100 elementor-top-column elementor-element elementor-element-e47ea61\" data-id=\"e47ea61\" data-element_type=\"column\" data-e-type=\"column\">\n\t\t\t<div class=\"elementor-widget-wrap elementor-element-populated\">\n\t\t\t\t\t\t<div class=\"elementor-element elementor-element-6cd9d59 elementor-widget elementor-widget-text-editor\" data-id=\"6cd9d59\" data-element_type=\"widget\" data-e-type=\"widget\" data-widget_type=\"text-editor.default\">\n\t\t\t\t<div class=\"elementor-widget-container\">\n\t\t\t\t\t\t\t\t\t<p>Model\u00a0 \u00a0 \u00a0 \u00a0 \u00a0 \u00a0 \u00a0 \u00a0 \u00a0 \u00a0 \u00a0 \u00a0 \u00a0 \u00a0 \u00a0 \u00a0 \u00a0 \u00a0 \u00a0 \u00a0 \u00a0 \u00a0 \u00a0 \u00a0 \u00a0 \u00a0 \u00a0 \u00a0 \u00a0 \u00a0 \u00a0 \u00a0 \u00a0 \u00a0 \u00a0 \u00a0 \u00a0 \u00a0 \u00a0 \u00a0 \u00a0 \u00a0 \u00a0 \u00a0 \u00a0 \u00a0 \u00a0 \u00a0 \u00a0 \u00a0 \u00a0 \u00a0 \u00a0 \u00a0 \u00a0 \u00a0 \u00a0 \u00a0 \u00a0 \u00a0 \u00a0 \u00a0 \u00a0 TC 4,90\u00a0 \u00a0 \u00a0 \u00a0 \u00a0 \u00a0 \u00a0 \u00a0 \u00a0 \u00a0 \u00a0 \u00a0 \u00a0 \u00a0 \u00a0 \u00a0 \u00a0 \u00a0 \u00a0 TC 5,70\u00a0 \u00a0 \u00a0 \u00a0 \u00a0 \u00a0 \u00a0 \u00a0 \u00a0 \u00a0 \u00a0 \u00a0 \u00a0 \u00a0 \u00a0 \u00a0 \u00a0 \u00a0 \u00a0TC 5,90<\/p><table class=\"model-detail-specification-table__table-tag\" cellspacing=\"0\" cellpadding=\"0\"><tbody><tr><td class=\"model-detail-specification-table__left-most-cell \n            \n          \"><div class=\"\n                model-detail-specification-table__left-side-accordion-spec-title\n                \n                model-detail-specification-table__cell-animation\n                \n                \n                \n            \"><span>Typ motoru<\/span><\/div><\/td><td class=\"\n        model-detail-specification-table__table-cell\n        model-detail-specification-table__table-cell--even\n        \n      \"><div class=\"\n          model-detail-specification-table__spec \n          rich-text \n          model-detail-specification-table__cell-animation\n          \n          \"><span>4 v\u00e1lec Nef (4,5 l)*<\/span><\/div><\/td><td class=\"\n        model-detail-specification-table__table-cell\n        model-detail-specification-table__table-cell--odd\n        \n      \"><div class=\"\n          model-detail-specification-table__spec \n          rich-text \n          model-detail-specification-table__cell-animation\n          \n          \"><span>4 v\u00e1lec Nef (4,5 l)*<\/span><\/div><\/td><td class=\"\n        model-detail-specification-table__table-cell\n        model-detail-specification-table__table-cell--even\n        \n      \"><div class=\"\n          model-detail-specification-table__spec \n          rich-text \n          model-detail-specification-table__cell-animation\n          \n          \"><span>6v\u00e1lcov\u00fd Nef (6,7L)*<\/span><\/div><\/td><\/tr><tr><td class=\"model-detail-specification-table__left-most-cell \n            \n          \"><div class=\"\n                model-detail-specification-table__left-side-accordion-spec-title\n                \n                model-detail-specification-table__cell-animation\n                \n                \n                \n            \"><span>Dodr\u017eov\u00e1n\u00ed \u00farovn\u011b emis\u00ed<\/span><\/div><\/td><td class=\"\n        model-detail-specification-table__table-cell\n        model-detail-specification-table__table-cell--even\n        \n      \"><div class=\"\n          model-detail-specification-table__spec \n          rich-text \n          model-detail-specification-table__cell-animation\n          \n          \"><span>Stage V<\/span><\/div><\/td><td class=\"\n        model-detail-specification-table__table-cell\n        model-detail-specification-table__table-cell--odd\n        \n      \"><div class=\"\n          model-detail-specification-table__spec \n          rich-text \n          model-detail-specification-table__cell-animation\n          \n          \"><span>Stage V<\/span><\/div><\/td><td class=\"\n        model-detail-specification-table__table-cell\n        model-detail-specification-table__table-cell--even\n        \n      \"><div class=\"\n          model-detail-specification-table__spec \n          rich-text \n          model-detail-specification-table__cell-animation\n          \n          \"><span>Stage V<\/span><\/div><\/td><\/tr><tr><td class=\"model-detail-specification-table__left-most-cell \n            \n          \"><div class=\"\n                model-detail-specification-table__left-side-accordion-spec-title\n                \n                model-detail-specification-table__cell-animation\n                \n                \n                \n            \"><span>Syst\u00e9m ECOBlue\u2122 HI-eSCR 2 (selektivn\u00ed katalytick\u00e1 redukce)<\/span><\/div><\/td><td class=\"\n        model-detail-specification-table__table-cell\n        model-detail-specification-table__table-cell--even\n        \n      \"><div class=\"\n          model-detail-specification-table__spec \n          rich-text \n          model-detail-specification-table__cell-animation\n          \n          \"><span>Standard<\/span><\/div><\/td><td class=\"\n        model-detail-specification-table__table-cell\n        model-detail-specification-table__table-cell--odd\n        \n      \"><div class=\"\n          model-detail-specification-table__spec \n          rich-text \n          model-detail-specification-table__cell-animation\n          \n          \"><span>Standard<\/span><\/div><\/td><td class=\"\n        model-detail-specification-table__table-cell\n        model-detail-specification-table__table-cell--even\n        \n      \"><div class=\"\n          model-detail-specification-table__spec \n          rich-text \n          model-detail-specification-table__cell-animation\n          \n          \"><span>Standard<\/span><\/div><\/td><\/tr><tr><td class=\"model-detail-specification-table__left-most-cell \n            \n          \"><div class=\"\n                model-detail-specification-table__left-side-accordion-spec-title\n                \n                model-detail-specification-table__cell-animation\n                \n                \n                \n            \"><span>Schv\u00e1len\u00e1 sm\u011bs bionafty<\/span><\/div><\/td><td class=\"\n        model-detail-specification-table__table-cell\n        model-detail-specification-table__table-cell--even\n        \n      \"><div class=\"\n          model-detail-specification-table__spec \n          rich-text \n          model-detail-specification-table__cell-animation\n          \n          \"><span>B7**<\/span><\/div><\/td><td class=\"\n        model-detail-specification-table__table-cell\n        model-detail-specification-table__table-cell--odd\n        \n      \"><div class=\"\n          model-detail-specification-table__spec \n          rich-text \n          model-detail-specification-table__cell-animation\n          \n          \"><span>B7**<\/span><\/div><\/td><td class=\"\n        model-detail-specification-table__table-cell\n        model-detail-specification-table__table-cell--even\n        \n      \"><div class=\"\n          model-detail-specification-table__spec \n          rich-text \n          model-detail-specification-table__cell-animation\n          \n          \"><span>B7**<\/span><\/div><\/td><\/tr><tr><td class=\"model-detail-specification-table__left-most-cell \n            \n          \"><div class=\"\n                model-detail-specification-table__left-side-accordion-spec-title\n                \n                model-detail-specification-table__cell-animation\n                \n                \n                \n            \"><span>Vst\u0159ikovac\u00ed syst\u00e9m<\/span><\/div><\/td><td class=\"\n        model-detail-specification-table__table-cell\n        model-detail-specification-table__table-cell--even\n        \n      \"><div class=\"\n          model-detail-specification-table__spec \n          rich-text \n          model-detail-specification-table__cell-animation\n          \n          \"><span>Common Rail<\/span><\/div><\/td><td class=\"\n        model-detail-specification-table__table-cell\n        model-detail-specification-table__table-cell--odd\n        \n      \"><div class=\"\n          model-detail-specification-table__spec \n          rich-text \n          model-detail-specification-table__cell-animation\n          \n          \"><span>Common Rail<\/span><\/div><\/td><td class=\"\n        model-detail-specification-table__table-cell\n        model-detail-specification-table__table-cell--even\n        \n      \">Common Rail<\/td><\/tr><tr><td class=\"model-detail-specification-table__left-most-cell \n            \n          \"><div class=\"\n                model-detail-specification-table__left-side-accordion-spec-title\n                \n                model-detail-specification-table__cell-animation\n                \n                \n                \n            \"><span>Hrub\u00fd v\u00fdkon ECE R120 (2100 ot.\/min) [kW\/hp(CV)]<\/span><\/div><\/td><td class=\"\n        model-detail-specification-table__table-cell\n        model-detail-specification-table__table-cell--even\n        \n      \"><div class=\"\n          model-detail-specification-table__spec \n          rich-text \n          model-detail-specification-table__cell-animation\n          \n          \"><span>125\/170<\/span><\/div><\/td><td class=\"\n        model-detail-specification-table__table-cell\n        model-detail-specification-table__table-cell--odd\n        \n      \"><div class=\"\n          model-detail-specification-table__spec \n          rich-text \n          model-detail-specification-table__cell-animation\n          \n          \"><span>125\/170<\/span><\/div><\/td><td class=\"\n        model-detail-specification-table__table-cell\n        model-detail-specification-table__table-cell--even\n        \n      \"><div class=\"\n          model-detail-specification-table__spec \n          rich-text \n          model-detail-specification-table__cell-animation\n          \n          \"><span>175\/238<\/span><\/div><\/td><\/tr><tr><td class=\"model-detail-specification-table__left-most-cell \n            \n          \"><div class=\"\n                model-detail-specification-table__left-side-accordion-spec-title\n                \n                model-detail-specification-table__cell-animation\n                \n                \n                \n            \"><span>Maxim\u00e1ln\u00ed v\u00fdkon ECE R120 (2000 ot.\/min) [kW\/hp(CV)]<\/span><\/div><\/td><td class=\"\n        model-detail-specification-table__table-cell\n        model-detail-specification-table__table-cell--even\n        \n      \"><div class=\"\n          model-detail-specification-table__spec \n          rich-text \n          model-detail-specification-table__cell-animation\n          \n          \"><span>129\/175<\/span><\/div><\/td><td class=\"\n        model-detail-specification-table__table-cell\n        model-detail-specification-table__table-cell--odd\n        \n      \"><div class=\"\n          model-detail-specification-table__spec \n          rich-text \n          model-detail-specification-table__cell-animation\n          \n          \"><span>129\/175<\/span><\/div><\/td><td class=\"\n        model-detail-specification-table__table-cell\n        model-detail-specification-table__table-cell--even\n        \n      \"><div class=\"\n          model-detail-specification-table__spec \n          rich-text \n          model-detail-specification-table__cell-animation\n          \n          \"><span>190\/258<\/span><\/div><\/td><\/tr><tr><td class=\"model-detail-specification-table__left-most-cell \n            model-detail-specification-table__left-most-cell--border-hidden\n          \"><div class=\"\n                model-detail-specification-table__left-side-accordion-spec-title\n                model-detail-specification-table__left-side-accordion-spec-title--border-hidden\n                model-detail-specification-table__cell-animation\n                \n                \n                \n            \"><span>Sada vzduchov\u00e9ho kompresoru<\/span><\/div><\/td><td class=\"\n        model-detail-specification-table__table-cell\n        model-detail-specification-table__table-cell--even\n        model-detail-specification-table__table-cell--border-hidden\n      \"><div class=\"\n          model-detail-specification-table__spec \n          rich-text \n          model-detail-specification-table__cell-animation\n          \n          \"><span>\u2013<\/span><\/div><\/td><td class=\"\n        model-detail-specification-table__table-cell\n        model-detail-specification-table__table-cell--odd\n        model-detail-specification-table__table-cell--border-hidden\n      \"><div class=\"\n          model-detail-specification-table__spec \n          rich-text \n          model-detail-specification-table__cell-animation\n          \n          \"><span>\u2013<\/span><\/div><\/td><td class=\"\n        model-detail-specification-table__table-cell\n        model-detail-specification-table__table-cell--even\n        model-detail-specification-table__table-cell--border-hidden\n      \"><div class=\"\n          model-detail-specification-table__spec \n          rich-text \n          model-detail-specification-table__cell-animation\n          \n          \"><span>Voliteln\u00fd<\/span><\/div><\/td><\/tr><\/tbody><\/table>\t\t\t\t\t\t\t\t<\/div>\n\t\t\t\t<\/div>\n\t\t\t\t\t<\/div>\n\t\t<\/div>\n\t\t\t\t\t<\/div>\n\t\t<\/section>\n\t\t\t\t<\/div>\n\t\t","protected":false},"excerpt":{"rendered":"<p>Nov\u00e1 \u0159ada skl\u00edzec\u00edch ml\u00e1ti\u010dek TC poskytuje spolehliv\u00fd v\u00fdkon v r\u016fzn\u00fdch plodin\u00e1ch a podm\u00ednk\u00e1ch.\u00a0Nab\u00edz\u00ed tak\u00e9 skv\u011bl\u00fd v\u00fdkon, ani\u017e by byla ohro\u017eena kvalita sl\u00e1my nebo vzorku.\u00a0Pak je tu zcela nov\u00e1 kabina Harvest Suite&#x2122; Comfort Cab.\u00a0To nastavuje novou&hellip;<\/p>\n","protected":false},"author":1,"featured_media":28144,"parent":28124,"menu_order":1,"comment_status":"closed","ping_status":"closed","template":"","meta":{"footnotes":""},"class_list":["post-28143","page","type-page","status-publish","has-post-thumbnail","hentry"],"_links":{"self":[{"href":"https:\/\/recarprofi.cz\/uvod\/wp-json\/wp\/v2\/pages\/28143","targetHints":{"allow":["GET"]}}],"collection":[{"href":"https:\/\/recarprofi.cz\/uvod\/wp-json\/wp\/v2\/pages"}],"about":[{"href":"https:\/\/recarprofi.cz\/uvod\/wp-json\/wp\/v2\/types\/page"}],"author":[{"embeddable":true,"href":"https:\/\/recarprofi.cz\/uvod\/wp-json\/wp\/v2\/users\/1"}],"replies":[{"embeddable":true,"href":"https:\/\/recarprofi.cz\/uvod\/wp-json\/wp\/v2\/comments?post=28143"}],"version-history":[{"count":5,"href":"https:\/\/recarprofi.cz\/uvod\/wp-json\/wp\/v2\/pages\/28143\/revisions"}],"predecessor-version":[{"id":30438,"href":"https:\/\/recarprofi.cz\/uvod\/wp-json\/wp\/v2\/pages\/28143\/revisions\/30438"}],"up":[{"embeddable":true,"href":"https:\/\/recarprofi.cz\/uvod\/wp-json\/wp\/v2\/pages\/28124"}],"wp:featuredmedia":[{"embeddable":true,"href":"https:\/\/recarprofi.cz\/uvod\/wp-json\/wp\/v2\/media\/28144"}],"wp:attachment":[{"href":"https:\/\/recarprofi.cz\/uvod\/wp-json\/wp\/v2\/media?parent=28143"}],"curies":[{"name":"wp","href":"https:\/\/api.w.org\/{rel}","templated":true}]}}