{"id":28218,"date":"2024-01-30T15:37:55","date_gmt":"2024-01-30T14:37:55","guid":{"rendered":"https:\/\/recarprofi.cz\/uvod\/?page_id=28218"},"modified":"2024-04-22T14:54:06","modified_gmt":"2024-04-22T12:54:06","slug":"cr","status":"publish","type":"page","link":"https:\/\/recarprofi.cz\/uvod\/zemedelska-technika\/sklizeci-mlaticky\/new-holland\/cr\/","title":{"rendered":"Skl\u00edzec\u00ed ml\u00e1ti\u010dky New Holland CR"},"content":{"rendered":"\t\t<div data-elementor-type=\"wp-page\" data-elementor-id=\"28218\" class=\"elementor elementor-28218\">\n\t\t\t\t\t\t<section class=\"elementor-section elementor-top-section elementor-element elementor-element-213a945 elementor-section-boxed elementor-section-height-default elementor-section-height-default\" data-id=\"213a945\" data-element_type=\"section\" data-e-type=\"section\">\n\t\t\t\t\t\t<div class=\"elementor-container elementor-column-gap-default\">\n\t\t\t\t\t<div class=\"elementor-column elementor-col-100 elementor-top-column elementor-element elementor-element-08af658\" data-id=\"08af658\" data-element_type=\"column\" data-e-type=\"column\">\n\t\t\t<div class=\"elementor-widget-wrap elementor-element-populated\">\n\t\t\t\t\t\t<div class=\"elementor-element elementor-element-012f756 elementor-widget elementor-widget-image\" data-id=\"012f756\" data-element_type=\"widget\" data-e-type=\"widget\" data-widget_type=\"image.default\">\n\t\t\t\t<div class=\"elementor-widget-container\">\n\t\t\t\t\t\t\t\t\t\t\t\t\t\t\t<img fetchpriority=\"high\" decoding=\"async\" width=\"847\" height=\"574\" src=\"https:\/\/recarprofi.cz\/wp-content\/uploads\/2024\/01\/new-holland-cr-1.png\" class=\"attachment-large size-large wp-image-28219\" alt=\"\" srcset=\"https:\/\/recarprofi.cz\/wp-content\/uploads\/2024\/01\/new-holland-cr-1.png 900w, https:\/\/recarprofi.cz\/wp-content\/uploads\/2024\/01\/new-holland-cr-1-744x504.png 744w, https:\/\/recarprofi.cz\/wp-content\/uploads\/2024\/01\/new-holland-cr-1-420x285.png 420w, https:\/\/recarprofi.cz\/wp-content\/uploads\/2024\/01\/new-holland-cr-1-768x521.png 768w, https:\/\/recarprofi.cz\/wp-content\/uploads\/2024\/01\/new-holland-cr-1-600x407.png 600w\" sizes=\"(max-width: 847px) 100vw, 847px\" \/>\t\t\t\t\t\t\t\t\t\t\t\t\t\t\t<\/div>\n\t\t\t\t<\/div>\n\t\t\t\t\t<\/div>\n\t\t<\/div>\n\t\t\t\t\t<\/div>\n\t\t<\/section>\n\t\t\t\t<section class=\"elementor-section elementor-top-section elementor-element elementor-element-3c2b791 elementor-section-boxed elementor-section-height-default elementor-section-height-default\" data-id=\"3c2b791\" data-element_type=\"section\" data-e-type=\"section\">\n\t\t\t\t\t\t<div class=\"elementor-container elementor-column-gap-default\">\n\t\t\t\t\t<div class=\"elementor-column elementor-col-100 elementor-top-column elementor-element elementor-element-c4e4be8\" data-id=\"c4e4be8\" data-element_type=\"column\" data-e-type=\"column\">\n\t\t\t<div class=\"elementor-widget-wrap elementor-element-populated\">\n\t\t\t\t\t\t<div class=\"elementor-element elementor-element-e620e61 elementor-widget elementor-widget-text-editor\" data-id=\"e620e61\" data-element_type=\"widget\" data-e-type=\"widget\" data-widget_type=\"text-editor.default\">\n\t\t\t\t<div class=\"elementor-widget-container\">\n\t\t\t\t\t\t\t\t\t<p><span>\u00a0<\/span><span>Dne\u0161n\u00ed nejnov\u011bj\u0161\u00ed generace skl\u00edzec\u00edch ml\u00e1ti\u010dek CR Revelation pokra\u010duje v \u010dist\u00e9 rota\u010dn\u00ed krevn\u00ed linii a nab\u00edz\u00ed sv\u011btov\u00fdm farm\u00e1\u0159\u016fm \u0161pi\u010dkovou kvalitu obil\u00ed a sl\u00e1my d\u00edky jemn\u00e9mu v\u00edcepr\u016fchodov\u00e9mu p\u016fsoben\u00ed.\u00a0<\/span><span>\u0160pi\u010dkov\u00fd model CR10.90 je dosud nejv\u00fdkonn\u011bj\u0161\u00ed a nejproduktivn\u011bj\u0161\u00ed CR Revelation a nyn\u00ed m\u00e1 k dispozici a\u017e 700 kon\u00ed.\u00a0<\/span><span>Inovativn\u00ed funkce, jako je nov\u00fd oce\u0148ovan\u00fd syst\u00e9m automatizace kombajnu IntelliSense\u2122, d\u00e1lkov\u011b nastaviteln\u00e9 lopatky rotoru Dynamic Flow Control\u2122, konk\u00e1vn\u00ed reset, technologie Dynamic Feed Roll\u2122 .<\/span><\/p>\t\t\t\t\t\t\t\t<\/div>\n\t\t\t\t<\/div>\n\t\t\t\t\t<\/div>\n\t\t<\/div>\n\t\t\t\t\t<\/div>\n\t\t<\/section>\n\t\t\t\t<section class=\"elementor-section elementor-top-section elementor-element elementor-element-3a6a38b elementor-section-boxed elementor-section-height-default elementor-section-height-default\" data-id=\"3a6a38b\" data-element_type=\"section\" data-e-type=\"section\">\n\t\t\t\t\t\t<div class=\"elementor-container elementor-column-gap-default\">\n\t\t\t\t\t<div class=\"elementor-column elementor-col-100 elementor-top-column elementor-element elementor-element-0ba8cd4\" data-id=\"0ba8cd4\" data-element_type=\"column\" data-e-type=\"column\">\n\t\t\t<div class=\"elementor-widget-wrap elementor-element-populated\">\n\t\t\t\t\t\t<div class=\"elementor-element elementor-element-08068ce elementor-widget elementor-widget-image-gallery\" data-id=\"08068ce\" data-element_type=\"widget\" data-e-type=\"widget\" data-widget_type=\"image-gallery.default\">\n\t\t\t\t<div class=\"elementor-widget-container\">\n\t\t\t\t\t\t\t<div class=\"elementor-image-gallery\">\n\t\t\t\n\t\t<style type=\"text\/css\">\n\t\t\t#gallery-1 {\n\t\t\t\tmargin: auto;\n\t\t\t}\n\t\t\t#gallery-1 .gallery-item {\n\t\t\t\tfloat: left;\n\t\t\t\tmargin-top: 10px;\n\t\t\t\ttext-align: center;\n\t\t\t\twidth: 25%;\n\t\t\t}\n\t\t\t#gallery-1 img {\n\t\t\t\tborder: 2px solid #cfcfcf;\n\t\t\t}\n\t\t\t#gallery-1 .gallery-caption {\n\t\t\t\tmargin-left: 0;\n\t\t\t}\n\t\t\t\/* see gallery_shortcode() in wp-includes\/media.php *\/\n\t\t<\/style>\n\t\t<div id='gallery-1' class='gallery galleryid-28218 gallery-columns-4 gallery-size-thumbnail'><dl class='gallery-item'>\n\t\t\t<dt class='gallery-icon landscape'>\n\t\t\t\t<a data-elementor-open-lightbox=\"yes\" data-elementor-lightbox-slideshow=\"08068ce\" data-elementor-lightbox-title=\"new holland cr2\" data-e-action-hash=\"#elementor-action%3Aaction%3Dlightbox%26settings%3DeyJpZCI6MjgyMjAsInVybCI6Imh0dHBzOlwvXC9yZWNhcnByb2ZpLmN6XC93cC1jb250ZW50XC91cGxvYWRzXC8yMDI0XC8wMVwvbmV3LWhvbGxhbmQtY3IyLmpwZyIsInNsaWRlc2hvdyI6IjA4MDY4Y2UifQ%3D%3D\" href='https:\/\/recarprofi.cz\/wp-content\/uploads\/2024\/01\/new-holland-cr2.jpg'><img decoding=\"async\" width=\"420\" height=\"236\" src=\"https:\/\/recarprofi.cz\/wp-content\/uploads\/2024\/01\/new-holland-cr2-420x236.jpg\" class=\"attachment-thumbnail size-thumbnail\" alt=\"\" srcset=\"https:\/\/recarprofi.cz\/wp-content\/uploads\/2024\/01\/new-holland-cr2-420x236.jpg 420w, https:\/\/recarprofi.cz\/wp-content\/uploads\/2024\/01\/new-holland-cr2-744x419.jpg 744w, https:\/\/recarprofi.cz\/wp-content\/uploads\/2024\/01\/new-holland-cr2-1200x675.jpg 1200w, https:\/\/recarprofi.cz\/wp-content\/uploads\/2024\/01\/new-holland-cr2-768x432.jpg 768w, https:\/\/recarprofi.cz\/wp-content\/uploads\/2024\/01\/new-holland-cr2-1536x864.jpg 1536w, https:\/\/recarprofi.cz\/wp-content\/uploads\/2024\/01\/new-holland-cr2-1024x576.jpg 1024w, https:\/\/recarprofi.cz\/wp-content\/uploads\/2024\/01\/new-holland-cr2-600x338.jpg 600w, https:\/\/recarprofi.cz\/wp-content\/uploads\/2024\/01\/new-holland-cr2.jpg 1920w\" sizes=\"(max-width: 420px) 100vw, 420px\" \/><\/a>\n\t\t\t<\/dt><\/dl><dl class='gallery-item'>\n\t\t\t<dt class='gallery-icon landscape'>\n\t\t\t\t<a data-elementor-open-lightbox=\"yes\" data-elementor-lightbox-slideshow=\"08068ce\" data-elementor-lightbox-title=\"new holland cr5\" data-e-action-hash=\"#elementor-action%3Aaction%3Dlightbox%26settings%3DeyJpZCI6MjgyMjEsInVybCI6Imh0dHBzOlwvXC9yZWNhcnByb2ZpLmN6XC93cC1jb250ZW50XC91cGxvYWRzXC8yMDI0XC8wMVwvbmV3LWhvbGxhbmQtY3I1LmpwZyIsInNsaWRlc2hvdyI6IjA4MDY4Y2UifQ%3D%3D\" href='https:\/\/recarprofi.cz\/wp-content\/uploads\/2024\/01\/new-holland-cr5.jpg'><img decoding=\"async\" width=\"420\" height=\"268\" src=\"https:\/\/recarprofi.cz\/wp-content\/uploads\/2024\/01\/new-holland-cr5-420x268.jpg\" class=\"attachment-thumbnail size-thumbnail\" alt=\"\" srcset=\"https:\/\/recarprofi.cz\/wp-content\/uploads\/2024\/01\/new-holland-cr5-420x268.jpg 420w, https:\/\/recarprofi.cz\/wp-content\/uploads\/2024\/01\/new-holland-cr5-744x474.jpg 744w, https:\/\/recarprofi.cz\/wp-content\/uploads\/2024\/01\/new-holland-cr5-768x490.jpg 768w, https:\/\/recarprofi.cz\/wp-content\/uploads\/2024\/01\/new-holland-cr5-600x383.jpg 600w, https:\/\/recarprofi.cz\/wp-content\/uploads\/2024\/01\/new-holland-cr5.jpg 800w\" sizes=\"(max-width: 420px) 100vw, 420px\" \/><\/a>\n\t\t\t<\/dt><\/dl><dl class='gallery-item'>\n\t\t\t<dt class='gallery-icon landscape'>\n\t\t\t\t<a data-elementor-open-lightbox=\"yes\" data-elementor-lightbox-slideshow=\"08068ce\" data-elementor-lightbox-title=\"new holland cr1\" data-e-action-hash=\"#elementor-action%3Aaction%3Dlightbox%26settings%3DeyJpZCI6MjgyMjIsInVybCI6Imh0dHBzOlwvXC9yZWNhcnByb2ZpLmN6XC93cC1jb250ZW50XC91cGxvYWRzXC8yMDI0XC8wMVwvbmV3LWhvbGxhbmQtY3IxLmpwZyIsInNsaWRlc2hvdyI6IjA4MDY4Y2UifQ%3D%3D\" href='https:\/\/recarprofi.cz\/wp-content\/uploads\/2024\/01\/new-holland-cr1.jpg'><img loading=\"lazy\" decoding=\"async\" width=\"420\" height=\"236\" src=\"https:\/\/recarprofi.cz\/wp-content\/uploads\/2024\/01\/new-holland-cr1-420x236.jpg\" class=\"attachment-thumbnail size-thumbnail\" alt=\"\" srcset=\"https:\/\/recarprofi.cz\/wp-content\/uploads\/2024\/01\/new-holland-cr1-420x236.jpg 420w, https:\/\/recarprofi.cz\/wp-content\/uploads\/2024\/01\/new-holland-cr1-744x419.jpg 744w, https:\/\/recarprofi.cz\/wp-content\/uploads\/2024\/01\/new-holland-cr1-768x432.jpg 768w, https:\/\/recarprofi.cz\/wp-content\/uploads\/2024\/01\/new-holland-cr1-1024x576.jpg 1024w, https:\/\/recarprofi.cz\/wp-content\/uploads\/2024\/01\/new-holland-cr1-600x338.jpg 600w, https:\/\/recarprofi.cz\/wp-content\/uploads\/2024\/01\/new-holland-cr1.jpg 1072w\" sizes=\"(max-width: 420px) 100vw, 420px\" \/><\/a>\n\t\t\t<\/dt><\/dl><dl class='gallery-item'>\n\t\t\t<dt class='gallery-icon landscape'>\n\t\t\t\t<a data-elementor-open-lightbox=\"yes\" data-elementor-lightbox-slideshow=\"08068ce\" data-elementor-lightbox-title=\"new holland cr4\" data-e-action-hash=\"#elementor-action%3Aaction%3Dlightbox%26settings%3DeyJpZCI6MjgyMjMsInVybCI6Imh0dHBzOlwvXC9yZWNhcnByb2ZpLmN6XC93cC1jb250ZW50XC91cGxvYWRzXC8yMDI0XC8wMVwvbmV3LWhvbGxhbmQtY3I0LmpwZyIsInNsaWRlc2hvdyI6IjA4MDY4Y2UifQ%3D%3D\" href='https:\/\/recarprofi.cz\/wp-content\/uploads\/2024\/01\/new-holland-cr4.jpg'><img loading=\"lazy\" decoding=\"async\" width=\"420\" height=\"331\" src=\"https:\/\/recarprofi.cz\/wp-content\/uploads\/2024\/01\/new-holland-cr4-420x331.jpg\" class=\"attachment-thumbnail size-thumbnail\" alt=\"\" srcset=\"https:\/\/recarprofi.cz\/wp-content\/uploads\/2024\/01\/new-holland-cr4-420x331.jpg 420w, https:\/\/recarprofi.cz\/wp-content\/uploads\/2024\/01\/new-holland-cr4-744x586.jpg 744w, https:\/\/recarprofi.cz\/wp-content\/uploads\/2024\/01\/new-holland-cr4-1200x946.jpg 1200w, https:\/\/recarprofi.cz\/wp-content\/uploads\/2024\/01\/new-holland-cr4-768x605.jpg 768w, https:\/\/recarprofi.cz\/wp-content\/uploads\/2024\/01\/new-holland-cr4-1024x807.jpg 1024w, https:\/\/recarprofi.cz\/wp-content\/uploads\/2024\/01\/new-holland-cr4-600x473.jpg 600w, https:\/\/recarprofi.cz\/wp-content\/uploads\/2024\/01\/new-holland-cr4.jpg 1280w\" sizes=\"(max-width: 420px) 100vw, 420px\" \/><\/a>\n\t\t\t<\/dt><\/dl><br style=\"clear: both\" \/>\n\t\t<\/div>\n\t\t<\/div>\n\t\t\t\t\t\t<\/div>\n\t\t\t\t<\/div>\n\t\t\t\t\t<\/div>\n\t\t<\/div>\n\t\t\t\t\t<\/div>\n\t\t<\/section>\n\t\t\t\t<section class=\"elementor-section elementor-top-section elementor-element elementor-element-3e919ec elementor-section-boxed elementor-section-height-default elementor-section-height-default\" data-id=\"3e919ec\" data-element_type=\"section\" data-e-type=\"section\">\n\t\t\t\t\t\t<div class=\"elementor-container elementor-column-gap-default\">\n\t\t\t\t\t<div class=\"elementor-column elementor-col-33 elementor-top-column elementor-element elementor-element-cabc017\" data-id=\"cabc017\" data-element_type=\"column\" data-e-type=\"column\">\n\t\t\t<div class=\"elementor-widget-wrap elementor-element-populated\">\n\t\t\t\t\t\t<div class=\"elementor-element elementor-element-868dc55 elementor-widget elementor-widget-text-editor\" data-id=\"868dc55\" data-element_type=\"widget\" data-e-type=\"widget\" data-widget_type=\"text-editor.default\">\n\t\t\t\t<div class=\"elementor-widget-container\">\n\t\t\t\t\t\t\t\t\t<h3 class=\"model-listing-card__title\">CR 7,80<\/h3><ul><li class=\"model-listing-card__title\">\u017dac\u00ed li\u0161ta (m) 5.18 &#8211; 9.15<\/li><li>Kapacita z\u00e1sobn\u00edku(L) 10.500<\/li><li>V\u00fdkon motoru (kW\/HP)\u00a0 275\/374<\/li><li>N\u00e1dr\u017e paliva\/Ad Blue (L) 750\/160<\/li><\/ul>\t\t\t\t\t\t\t\t<\/div>\n\t\t\t\t<\/div>\n\t\t\t\t\t<\/div>\n\t\t<\/div>\n\t\t\t\t<div class=\"elementor-column elementor-col-33 elementor-top-column elementor-element elementor-element-23526c6\" data-id=\"23526c6\" data-element_type=\"column\" data-e-type=\"column\">\n\t\t\t<div class=\"elementor-widget-wrap elementor-element-populated\">\n\t\t\t\t\t\t<div class=\"elementor-element elementor-element-dcd78a7 elementor-widget elementor-widget-text-editor\" data-id=\"dcd78a7\" data-element_type=\"widget\" data-e-type=\"widget\" data-widget_type=\"text-editor.default\">\n\t\t\t\t<div class=\"elementor-widget-container\">\n\t\t\t\t\t\t\t\t\t<h3 class=\"model-listing-card__title\">CR 7,90<\/h3><ul><li class=\"model-listing-card__title\">\u017dac\u00ed li\u0161ta (m) 5.18 &#8211; 9.15<\/li><li>Kapacita z\u00e1sobn\u00edku(L) 11.500<\/li><li>V\u00fdkon motoru (kW\/HP)\u00a0 308\/419<\/li><li>N\u00e1dr\u017e paliva\/Ad Blue (L) 1000\/160<\/li><\/ul>\t\t\t\t\t\t\t\t<\/div>\n\t\t\t\t<\/div>\n\t\t\t\t\t<\/div>\n\t\t<\/div>\n\t\t\t\t<div class=\"elementor-column elementor-col-33 elementor-top-column elementor-element elementor-element-10592cc\" data-id=\"10592cc\" data-element_type=\"column\" data-e-type=\"column\">\n\t\t\t<div class=\"elementor-widget-wrap elementor-element-populated\">\n\t\t\t\t\t\t<div class=\"elementor-element elementor-element-4bb7241 elementor-widget elementor-widget-text-editor\" data-id=\"4bb7241\" data-element_type=\"widget\" data-e-type=\"widget\" data-widget_type=\"text-editor.default\">\n\t\t\t\t<div class=\"elementor-widget-container\">\n\t\t\t\t\t\t\t\t\t<h3 class=\"model-listing-card__title\">CR 8,80<\/h3><ul><li class=\"model-listing-card__title\">\u017dac\u00ed li\u0161ta (m) 6.10 &#8211; 9.15<\/li><li>Kapacita z\u00e1sobn\u00edku(L) 12.500<\/li><li>V\u00fdkon motoru (kW\/HP)\u00a0 345\/469<\/li><li>N\u00e1dr\u017e paliva\/Ad Blue (L) 1000\/160<\/li><\/ul>\t\t\t\t\t\t\t\t<\/div>\n\t\t\t\t<\/div>\n\t\t\t\t\t<\/div>\n\t\t<\/div>\n\t\t\t\t\t<\/div>\n\t\t<\/section>\n\t\t\t\t<section class=\"elementor-section elementor-top-section elementor-element elementor-element-4cc2dc2 elementor-section-boxed elementor-section-height-default elementor-section-height-default\" data-id=\"4cc2dc2\" data-element_type=\"section\" data-e-type=\"section\">\n\t\t\t\t\t\t<div class=\"elementor-container elementor-column-gap-default\">\n\t\t\t\t\t<div class=\"elementor-column elementor-col-33 elementor-top-column elementor-element elementor-element-94c3132\" data-id=\"94c3132\" data-element_type=\"column\" data-e-type=\"column\">\n\t\t\t<div class=\"elementor-widget-wrap elementor-element-populated\">\n\t\t\t\t\t\t<div class=\"elementor-element elementor-element-258d85a elementor-widget elementor-widget-text-editor\" data-id=\"258d85a\" data-element_type=\"widget\" data-e-type=\"widget\" data-widget_type=\"text-editor.default\">\n\t\t\t\t<div class=\"elementor-widget-container\">\n\t\t\t\t\t\t\t\t\t<h3 class=\"model-listing-card__title\">CR 8,90<\/h3><ul><li class=\"model-listing-card__title\">\u017dac\u00ed li\u0161ta (m) 5.18 &#8211; 9.15<\/li><li>Kapacita z\u00e1sobn\u00edku(L) 12.500<\/li><li>V\u00fdkon motoru (kW\/HP)\u00a0 365\/496<\/li><li>N\u00e1dr\u017e paliva\/Ad Blue (L) 1300\/160<\/li><\/ul>\t\t\t\t\t\t\t\t<\/div>\n\t\t\t\t<\/div>\n\t\t\t\t\t<\/div>\n\t\t<\/div>\n\t\t\t\t<div class=\"elementor-column elementor-col-33 elementor-top-column elementor-element elementor-element-e87cbc9\" data-id=\"e87cbc9\" data-element_type=\"column\" data-e-type=\"column\">\n\t\t\t<div class=\"elementor-widget-wrap elementor-element-populated\">\n\t\t\t\t\t\t<div class=\"elementor-element elementor-element-1ff91d1 elementor-widget elementor-widget-text-editor\" data-id=\"1ff91d1\" data-element_type=\"widget\" data-e-type=\"widget\" data-widget_type=\"text-editor.default\">\n\t\t\t\t<div class=\"elementor-widget-container\">\n\t\t\t\t\t\t\t\t\t<h3 class=\"model-listing-card__title\">CR 9,90<\/h3><ul><li class=\"model-listing-card__title\">\u017dac\u00ed li\u0161ta (m) 6.10 &#8211; 9.15<\/li><li>Kapacita z\u00e1sobn\u00edku(L) 12.500<\/li><li>V\u00fdkon motoru (kW\/HP)\u00a0 400\/544<\/li><li>N\u00e1dr\u017e paliva\/Ad Blue (L) 1300\/160<\/li><\/ul>\t\t\t\t\t\t\t\t<\/div>\n\t\t\t\t<\/div>\n\t\t\t\t\t<\/div>\n\t\t<\/div>\n\t\t\t\t<div class=\"elementor-column elementor-col-33 elementor-top-column elementor-element elementor-element-872ab7c\" data-id=\"872ab7c\" data-element_type=\"column\" data-e-type=\"column\">\n\t\t\t<div class=\"elementor-widget-wrap elementor-element-populated\">\n\t\t\t\t\t\t<div class=\"elementor-element elementor-element-34e1ce7 elementor-widget elementor-widget-text-editor\" data-id=\"34e1ce7\" data-element_type=\"widget\" data-e-type=\"widget\" data-widget_type=\"text-editor.default\">\n\t\t\t\t<div class=\"elementor-widget-container\">\n\t\t\t\t\t\t\t\t\t<h3 class=\"model-listing-card__title\">CR 10,90<\/h3><ul><li class=\"model-listing-card__title\">\u017dac\u00ed li\u0161ta (m) 6.10 &#8211; 9.15<\/li><li>Kapacita z\u00e1sobn\u00edku(L) 14.500<\/li><li>V\u00fdkon motoru (kW\/HP)\u00a0 470\/640<\/li><li>N\u00e1dr\u017e paliva\/Ad Blue (L) 1300\/160<\/li><\/ul>\t\t\t\t\t\t\t\t<\/div>\n\t\t\t\t<\/div>\n\t\t\t\t\t<\/div>\n\t\t<\/div>\n\t\t\t\t\t<\/div>\n\t\t<\/section>\n\t\t\t\t<\/div>\n\t\t","protected":false},"excerpt":{"rendered":"<p>Dne\u0161n\u00ed nejnov\u011bj\u0161\u00ed generace skl\u00edzec\u00edch ml\u00e1ti\u010dek CR Revelation pokra\u010duje v \u010dist\u00e9 rota\u010dn\u00ed krevn\u00ed linii a nab\u00edz\u00ed sv\u011btov\u00fdm farm\u00e1\u0159\u016fm \u0161pi\u010dkovou kvalitu obil\u00ed a sl\u00e1my d\u00edky jemn\u00e9mu v\u00edcepr\u016fchodov\u00e9mu p\u016fsoben\u00ed.\u00a0\u0160pi\u010dkov\u00fd model CR10.90 je dosud nejv\u00fdkonn\u011bj\u0161\u00ed a nejproduktivn\u011bj\u0161\u00ed CR Revelation&hellip;<\/p>\n","protected":false},"author":1,"featured_media":28220,"parent":28124,"menu_order":4,"comment_status":"closed","ping_status":"closed","template":"","meta":{"footnotes":""},"class_list":["post-28218","page","type-page","status-publish","has-post-thumbnail","hentry"],"_links":{"self":[{"href":"https:\/\/recarprofi.cz\/uvod\/wp-json\/wp\/v2\/pages\/28218","targetHints":{"allow":["GET"]}}],"collection":[{"href":"https:\/\/recarprofi.cz\/uvod\/wp-json\/wp\/v2\/pages"}],"about":[{"href":"https:\/\/recarprofi.cz\/uvod\/wp-json\/wp\/v2\/types\/page"}],"author":[{"embeddable":true,"href":"https:\/\/recarprofi.cz\/uvod\/wp-json\/wp\/v2\/users\/1"}],"replies":[{"embeddable":true,"href":"https:\/\/recarprofi.cz\/uvod\/wp-json\/wp\/v2\/comments?post=28218"}],"version-history":[{"count":5,"href":"https:\/\/recarprofi.cz\/uvod\/wp-json\/wp\/v2\/pages\/28218\/revisions"}],"predecessor-version":[{"id":30441,"href":"https:\/\/recarprofi.cz\/uvod\/wp-json\/wp\/v2\/pages\/28218\/revisions\/30441"}],"up":[{"embeddable":true,"href":"https:\/\/recarprofi.cz\/uvod\/wp-json\/wp\/v2\/pages\/28124"}],"wp:featuredmedia":[{"embeddable":true,"href":"https:\/\/recarprofi.cz\/uvod\/wp-json\/wp\/v2\/media\/28220"}],"wp:attachment":[{"href":"https:\/\/recarprofi.cz\/uvod\/wp-json\/wp\/v2\/media?parent=28218"}],"curies":[{"name":"wp","href":"https:\/\/api.w.org\/{rel}","templated":true}]}}