{"id":28838,"date":"2024-03-22T14:01:34","date_gmt":"2024-03-22T13:01:34","guid":{"rendered":"https:\/\/recarprofi.cz\/uvod\/?page_id=28838"},"modified":"2024-04-17T15:08:43","modified_gmt":"2024-04-17T13:08:43","slug":"kbs-12","status":"publish","type":"page","link":"https:\/\/recarprofi.cz\/uvod\/manipulacni-technika\/rucne-vedene-voziky-baoli\/kbs-12\/","title":{"rendered":"Ru\u010dn\u011b veden\u00fd vysokozdvi\u017en\u00fd voz\u00edk Baoli KBS-12"},"content":{"rendered":"\t\t<div data-elementor-type=\"wp-page\" data-elementor-id=\"28838\" class=\"elementor elementor-28838\">\n\t\t\t\t\t\t<section class=\"elementor-section elementor-top-section elementor-element elementor-element-43be61b elementor-section-boxed elementor-section-height-default elementor-section-height-default\" data-id=\"43be61b\" data-element_type=\"section\" data-e-type=\"section\">\n\t\t\t\t\t\t<div class=\"elementor-container elementor-column-gap-default\">\n\t\t\t\t\t<div class=\"elementor-column elementor-col-100 elementor-top-column elementor-element elementor-element-5cf7bb0\" data-id=\"5cf7bb0\" data-element_type=\"column\" data-e-type=\"column\">\n\t\t\t<div class=\"elementor-widget-wrap elementor-element-populated\">\n\t\t\t\t\t\t<div class=\"elementor-element elementor-element-e680539 elementor-widget elementor-widget-image\" data-id=\"e680539\" data-element_type=\"widget\" data-e-type=\"widget\" data-widget_type=\"image.default\">\n\t\t\t\t<div class=\"elementor-widget-container\">\n\t\t\t\t\t\t\t\t\t\t\t\t\t\t\t<img fetchpriority=\"high\" decoding=\"async\" width=\"847\" height=\"847\" src=\"https:\/\/recarprofi.cz\/wp-content\/uploads\/2024\/03\/baoli-kbs121.webp\" class=\"attachment-large size-large wp-image-28778\" alt=\"\" srcset=\"https:\/\/recarprofi.cz\/wp-content\/uploads\/2024\/03\/baoli-kbs121.webp 1024w, https:\/\/recarprofi.cz\/wp-content\/uploads\/2024\/03\/baoli-kbs121-744x744.webp 744w, https:\/\/recarprofi.cz\/wp-content\/uploads\/2024\/03\/baoli-kbs121-420x420.webp 420w, https:\/\/recarprofi.cz\/wp-content\/uploads\/2024\/03\/baoli-kbs121-768x768.webp 768w, https:\/\/recarprofi.cz\/wp-content\/uploads\/2024\/03\/baoli-kbs121-600x600.webp 600w, https:\/\/recarprofi.cz\/wp-content\/uploads\/2024\/03\/baoli-kbs121-100x100.webp 100w, https:\/\/recarprofi.cz\/wp-content\/uploads\/2024\/03\/elementor\/thumbs\/baoli-kbs121-qlkxfr8ulprfmxwx72sxwy9zqn0jaltxnmojd9dkrg.webp 150w, https:\/\/recarprofi.cz\/wp-content\/uploads\/2024\/03\/elementor\/thumbs\/baoli-kbs121-qlkxfr8uhbvsh53jr6ptpce5mwldffid2g80r4burc.webp 140w\" sizes=\"(max-width: 847px) 100vw, 847px\" \/>\t\t\t\t\t\t\t\t\t\t\t\t\t\t\t<\/div>\n\t\t\t\t<\/div>\n\t\t\t\t\t<\/div>\n\t\t<\/div>\n\t\t\t\t\t<\/div>\n\t\t<\/section>\n\t\t\t\t<section class=\"elementor-section elementor-top-section elementor-element elementor-element-4d4ab81 elementor-section-boxed elementor-section-height-default elementor-section-height-default\" data-id=\"4d4ab81\" data-element_type=\"section\" data-e-type=\"section\">\n\t\t\t\t\t\t<div class=\"elementor-container elementor-column-gap-default\">\n\t\t\t\t\t<div class=\"elementor-column elementor-col-100 elementor-top-column elementor-element elementor-element-0b50d33\" data-id=\"0b50d33\" data-element_type=\"column\" data-e-type=\"column\">\n\t\t\t<div class=\"elementor-widget-wrap elementor-element-populated\">\n\t\t\t\t\t\t<div class=\"elementor-element elementor-element-88ad8c5 elementor-widget elementor-widget-button\" data-id=\"88ad8c5\" data-element_type=\"widget\" data-e-type=\"widget\" data-widget_type=\"button.default\">\n\t\t\t\t<div class=\"elementor-widget-container\">\n\t\t\t\t\t\t\t\t\t<div class=\"elementor-button-wrapper\">\n\t\t\t\t\t<a class=\"elementor-button elementor-button-link elementor-size-sm\" href=\"https:\/\/recarprofi.cz\/uvod\/kategorie-produktu\/rucne-vedene-elektricke-voziky\/\">\n\t\t\t\t\t\t<span class=\"elementor-button-content-wrapper\">\n\t\t\t\t\t\t\t\t\t<span class=\"elementor-button-text\">Vstup do eshopu<\/span>\n\t\t\t\t\t<\/span>\n\t\t\t\t\t<\/a>\n\t\t\t\t<\/div>\n\t\t\t\t\t\t\t\t<\/div>\n\t\t\t\t<\/div>\n\t\t\t\t<div class=\"elementor-element elementor-element-1ae68ea elementor-widget elementor-widget-text-editor\" data-id=\"1ae68ea\" data-element_type=\"widget\" data-e-type=\"widget\" data-widget_type=\"text-editor.default\">\n\t\t\t\t<div class=\"elementor-widget-container\">\n\t\t\t\t\t\t\t\t\t<p><span>KBS 12 je z\u00e1kladn\u00edm modelem v na\u0161\u00ed \u0159ad\u011b elektrick\u00fdch zaklada\u010d\u016f palet.<\/span><\/p><p><span>Voz\u00edk s nosnost\u00ed 1,2 tuny je k dispozici s jednostup\u0148ov\u00fdm a dvoustup\u0148ov\u00fdm teleskopick\u00fdm sto\u017e\u00e1rem a v\u00fd\u0161kou zdvihu a\u017e 3 600 mm.\u00a0Vidlice jsou k dispozici s celkovou \u0161\u00ed\u0159kou 570 nebo 685 mm pro r\u016fzn\u00e9 standardy n\u00e1kladov\u00fdch jednotek.\u00a0Stabilitu zaru\u010duje \u010dty\u0159kolov\u00fd podvozek.<\/span><\/p><p><span>KBS 12 je perfektn\u00ed volbou pro nen\u00e1ro\u010dn\u00e9 aplikace v mal\u00fdch a st\u0159edn\u011b velk\u00fdch skladech.<\/span><\/p><p><span>\u0158adu KBS 12 lze pou\u017e\u00edt pro stohov\u00e1n\u00ed palet, p\u0159epravu zbo\u017e\u00ed a n\u00edzko\u00farov\u0148ov\u00e9 vychyst\u00e1v\u00e1n\u00ed.<\/span><\/p><p><span>D\u00edky sv\u00fdm kompaktn\u00edm rozm\u011br\u016fm pracuje KBS 12 i v neju\u017e\u0161\u00edch pracovn\u00edch prostorech a \u00fazk\u00fdch uli\u010dk\u00e1ch;\u00a0krom\u011b toho m\u016f\u017ee \u0159idi\u010d snadno man\u00e9vrovat s voz\u00edkem ve st\u00edsn\u011bn\u00fdch oblastech se zvednutou oj\u00ed ve svisl\u00e9 poloze.<\/span><\/p><p><span>KBS 12 je prvn\u00ed zaklada\u010d Baoli vybaven\u00fd bez\u00fadr\u017ebovou lithium-iontovou bateri\u00ed.<\/span><\/p><p><span>Lithium-iontov\u00e1 baterie a vestav\u011bn\u00e1 nab\u00edje\u010dka umo\u017e\u0148uj\u00ed snadn\u00e9 mezinab\u00edjen\u00ed a zaji\u0161\u0165uj\u00ed vysokou dostupnost a flexibilitu;\u00a0Baterii lze dob\u00edjet v jak\u00e9koli 230V z\u00e1suvce.<\/span><\/p><p><span>Funkce pojezdu a zved\u00e1n\u00ed se ovl\u00e1daj\u00ed pomoc\u00ed ergonomick\u00e9 rukojeti oje, kter\u00e1 se snadno ovl\u00e1d\u00e1 ob\u011bma rukama.<\/span><\/p><p><span>Multifunk\u010dn\u00ed displej na oji zobrazuje po\u010d\u00edtadlo motohodin, stav nabit\u00ed baterie a servisn\u00ed informace.\u00a0P\u0159\u00edstup pomoc\u00ed PIN k\u00f3du zaji\u0161\u0165uje ochranu p\u0159ed neopr\u00e1vn\u011bn\u00fdm pou\u017eit\u00edm a p\u0159edch\u00e1z\u00ed probl\u00e9mu ztr\u00e1ty kl\u00ed\u010d\u016f.<\/span><\/p><p><span>Dlouh\u00e9 oj zaji\u0161\u0165uje ergonomick\u00e9 ovl\u00e1d\u00e1n\u00ed voz\u00edku;\u00a0k \u0159\u00edzen\u00ed voz\u00edku je pot\u0159eba men\u0161\u00ed s\u00edly a \u0159idi\u010d je v bezpe\u010dn\u00e9 vzd\u00e1lenosti od vozidla.<\/span><\/p><p><span>St\u0159edov\u00e1 oj a profil sto\u017e\u00e1ru zaji\u0161\u0165uj\u00ed vynikaj\u00edc\u00ed v\u00fdhled na vidlice a n\u00e1klad.<\/span><\/p><p><span>Panel p\u0159ed sto\u017e\u00e1rem zabra\u0148uje zran\u011bn\u00ed \u0159idi\u010de.<\/span><\/p>\t\t\t\t\t\t\t\t<\/div>\n\t\t\t\t<\/div>\n\t\t\t\t\t<\/div>\n\t\t<\/div>\n\t\t\t\t\t<\/div>\n\t\t<\/section>\n\t\t\t\t<section class=\"elementor-section elementor-top-section elementor-element elementor-element-25823b0 elementor-section-boxed elementor-section-height-default elementor-section-height-default\" data-id=\"25823b0\" data-element_type=\"section\" data-e-type=\"section\">\n\t\t\t\t\t\t<div class=\"elementor-container elementor-column-gap-default\">\n\t\t\t\t\t<div class=\"elementor-column elementor-col-100 elementor-top-column elementor-element elementor-element-784a9f1\" data-id=\"784a9f1\" data-element_type=\"column\" data-e-type=\"column\">\n\t\t\t<div class=\"elementor-widget-wrap elementor-element-populated\">\n\t\t\t\t\t\t<div class=\"elementor-element elementor-element-4e1813b elementor-widget elementor-widget-video\" data-id=\"4e1813b\" data-element_type=\"widget\" data-e-type=\"widget\" data-settings=\"{&quot;youtube_url&quot;:&quot;https:\\\/\\\/youtu.be\\\/av94c2XKhcg&quot;,&quot;video_type&quot;:&quot;youtube&quot;,&quot;controls&quot;:&quot;yes&quot;}\" data-widget_type=\"video.default\">\n\t\t\t\t<div class=\"elementor-widget-container\">\n\t\t\t\t\t\t\t<div class=\"elementor-wrapper elementor-open-inline\">\n\t\t\t<div class=\"elementor-video\"><\/div>\t\t<\/div>\n\t\t\t\t\t\t<\/div>\n\t\t\t\t<\/div>\n\t\t\t\t\t<\/div>\n\t\t<\/div>\n\t\t\t\t\t<\/div>\n\t\t<\/section>\n\t\t\t\t<section class=\"elementor-section elementor-top-section elementor-element elementor-element-b4cc0aa elementor-section-boxed elementor-section-height-default elementor-section-height-default\" data-id=\"b4cc0aa\" data-element_type=\"section\" data-e-type=\"section\">\n\t\t\t\t\t\t<div class=\"elementor-container elementor-column-gap-default\">\n\t\t\t\t\t<div class=\"elementor-column elementor-col-100 elementor-top-column elementor-element elementor-element-f5f37c3\" data-id=\"f5f37c3\" data-element_type=\"column\" data-e-type=\"column\">\n\t\t\t<div class=\"elementor-widget-wrap elementor-element-populated\">\n\t\t\t\t\t\t<div class=\"elementor-element elementor-element-e67e2f4 elementor-widget elementor-widget-image\" data-id=\"e67e2f4\" data-element_type=\"widget\" data-e-type=\"widget\" data-widget_type=\"image.default\">\n\t\t\t\t<div class=\"elementor-widget-container\">\n\t\t\t\t\t\t\t\t\t\t\t\t\t\t\t<img decoding=\"async\" width=\"847\" height=\"1312\" src=\"https:\/\/recarprofi.cz\/wp-content\/uploads\/2024\/04\/baoli-kbs1-1200x1859.jpg\" class=\"attachment-large size-large wp-image-30094\" alt=\"\" srcset=\"https:\/\/recarprofi.cz\/wp-content\/uploads\/2024\/04\/baoli-kbs1-1200x1859.jpg 1200w, https:\/\/recarprofi.cz\/wp-content\/uploads\/2024\/04\/baoli-kbs1-744x1153.jpg 744w, https:\/\/recarprofi.cz\/wp-content\/uploads\/2024\/04\/baoli-kbs1-420x651.jpg 420w, https:\/\/recarprofi.cz\/wp-content\/uploads\/2024\/04\/baoli-kbs1-768x1190.jpg 768w, https:\/\/recarprofi.cz\/wp-content\/uploads\/2024\/04\/baoli-kbs1-992x1536.jpg 992w, https:\/\/recarprofi.cz\/wp-content\/uploads\/2024\/04\/baoli-kbs1-1322x2048.jpg 1322w, https:\/\/recarprofi.cz\/wp-content\/uploads\/2024\/04\/baoli-kbs1-1024x1586.jpg 1024w, https:\/\/recarprofi.cz\/wp-content\/uploads\/2024\/04\/baoli-kbs1-697x1080.jpg 697w, https:\/\/recarprofi.cz\/wp-content\/uploads\/2024\/04\/baoli-kbs1-600x930.jpg 600w, https:\/\/recarprofi.cz\/wp-content\/uploads\/2024\/04\/baoli-kbs1-scaled.jpg 1653w\" sizes=\"(max-width: 847px) 100vw, 847px\" \/>\t\t\t\t\t\t\t\t\t\t\t\t\t\t\t<\/div>\n\t\t\t\t<\/div>\n\t\t\t\t\t<\/div>\n\t\t<\/div>\n\t\t\t\t\t<\/div>\n\t\t<\/section>\n\t\t\t\t<\/div>\n\t\t","protected":false},"excerpt":{"rendered":"<p>Vstup do eshopu KBS 12 je z\u00e1kladn\u00edm modelem v na\u0161\u00ed \u0159ad\u011b elektrick\u00fdch zaklada\u010d\u016f palet. Voz\u00edk s nosnost\u00ed 1,2 tuny je k dispozici s jednostup\u0148ov\u00fdm a dvoustup\u0148ov\u00fdm teleskopick\u00fdm sto\u017e\u00e1rem a v\u00fd\u0161kou zdvihu a\u017e 3 600 mm.\u00a0Vidlice&hellip;<\/p>\n","protected":false},"author":1,"featured_media":0,"parent":25037,"menu_order":9,"comment_status":"closed","ping_status":"closed","template":"","meta":{"footnotes":""},"class_list":["post-28838","page","type-page","status-publish","hentry"],"_links":{"self":[{"href":"https:\/\/recarprofi.cz\/uvod\/wp-json\/wp\/v2\/pages\/28838","targetHints":{"allow":["GET"]}}],"collection":[{"href":"https:\/\/recarprofi.cz\/uvod\/wp-json\/wp\/v2\/pages"}],"about":[{"href":"https:\/\/recarprofi.cz\/uvod\/wp-json\/wp\/v2\/types\/page"}],"author":[{"embeddable":true,"href":"https:\/\/recarprofi.cz\/uvod\/wp-json\/wp\/v2\/users\/1"}],"replies":[{"embeddable":true,"href":"https:\/\/recarprofi.cz\/uvod\/wp-json\/wp\/v2\/comments?post=28838"}],"version-history":[{"count":12,"href":"https:\/\/recarprofi.cz\/uvod\/wp-json\/wp\/v2\/pages\/28838\/revisions"}],"predecessor-version":[{"id":30098,"href":"https:\/\/recarprofi.cz\/uvod\/wp-json\/wp\/v2\/pages\/28838\/revisions\/30098"}],"up":[{"embeddable":true,"href":"https:\/\/recarprofi.cz\/uvod\/wp-json\/wp\/v2\/pages\/25037"}],"wp:attachment":[{"href":"https:\/\/recarprofi.cz\/uvod\/wp-json\/wp\/v2\/media?parent=28838"}],"curies":[{"name":"wp","href":"https:\/\/api.w.org\/{rel}","templated":true}]}}