{"id":28856,"date":"2024-03-22T14:22:41","date_gmt":"2024-03-22T13:22:41","guid":{"rendered":"https:\/\/recarprofi.cz\/uvod\/?page_id=28856"},"modified":"2024-04-17T15:17:03","modified_gmt":"2024-04-17T13:17:03","slug":"kbsi-12","status":"publish","type":"page","link":"https:\/\/recarprofi.cz\/uvod\/manipulacni-technika\/rucne-vedene-voziky-baoli\/kbsi-12\/","title":{"rendered":"Ru\u010dn\u011b veden\u00fd vysokozdvi\u017en\u00fd voz\u00edk Baoli KBSI-12"},"content":{"rendered":"\t\t<div data-elementor-type=\"wp-page\" data-elementor-id=\"28856\" class=\"elementor elementor-28856\">\n\t\t\t\t\t\t<section class=\"elementor-section elementor-top-section elementor-element elementor-element-889f68f elementor-section-boxed elementor-section-height-default elementor-section-height-default\" data-id=\"889f68f\" data-element_type=\"section\" data-e-type=\"section\">\n\t\t\t\t\t\t<div class=\"elementor-container elementor-column-gap-default\">\n\t\t\t\t\t<div class=\"elementor-column elementor-col-100 elementor-top-column elementor-element elementor-element-2cf5ac4\" data-id=\"2cf5ac4\" data-element_type=\"column\" data-e-type=\"column\">\n\t\t\t<div class=\"elementor-widget-wrap elementor-element-populated\">\n\t\t\t\t\t\t<div class=\"elementor-element elementor-element-79f7417 elementor-widget elementor-widget-image\" data-id=\"79f7417\" data-element_type=\"widget\" data-e-type=\"widget\" data-widget_type=\"image.default\">\n\t\t\t\t<div class=\"elementor-widget-container\">\n\t\t\t\t\t\t\t\t\t\t\t\t\t\t\t<img fetchpriority=\"high\" decoding=\"async\" width=\"1033\" height=\"1536\" src=\"https:\/\/recarprofi.cz\/wp-content\/uploads\/2024\/03\/baoli-kbsi-1033x1536.jpg\" class=\"attachment-1536x1536 size-1536x1536 wp-image-28783\" alt=\"\" srcset=\"https:\/\/recarprofi.cz\/wp-content\/uploads\/2024\/03\/baoli-kbsi-1033x1536.jpg 1033w, https:\/\/recarprofi.cz\/wp-content\/uploads\/2024\/03\/baoli-kbsi-744x1106.jpg 744w, https:\/\/recarprofi.cz\/wp-content\/uploads\/2024\/03\/baoli-kbsi-1200x1785.jpg 1200w, https:\/\/recarprofi.cz\/wp-content\/uploads\/2024\/03\/baoli-kbsi-420x625.jpg 420w, https:\/\/recarprofi.cz\/wp-content\/uploads\/2024\/03\/baoli-kbsi-768x1142.jpg 768w, https:\/\/recarprofi.cz\/wp-content\/uploads\/2024\/03\/baoli-kbsi-1377x2048.jpg 1377w, https:\/\/recarprofi.cz\/wp-content\/uploads\/2024\/03\/baoli-kbsi-1024x1523.jpg 1024w, https:\/\/recarprofi.cz\/wp-content\/uploads\/2024\/03\/baoli-kbsi-726x1080.jpg 726w, https:\/\/recarprofi.cz\/wp-content\/uploads\/2024\/03\/baoli-kbsi-600x892.jpg 600w, https:\/\/recarprofi.cz\/wp-content\/uploads\/2024\/03\/baoli-kbsi.jpg 1482w\" sizes=\"(max-width: 1033px) 100vw, 1033px\" \/>\t\t\t\t\t\t\t\t\t\t\t\t\t\t\t<\/div>\n\t\t\t\t<\/div>\n\t\t\t\t\t<\/div>\n\t\t<\/div>\n\t\t\t\t\t<\/div>\n\t\t<\/section>\n\t\t\t\t<section class=\"elementor-section elementor-top-section elementor-element elementor-element-47b04d1 elementor-section-boxed elementor-section-height-default elementor-section-height-default\" data-id=\"47b04d1\" data-element_type=\"section\" data-e-type=\"section\">\n\t\t\t\t\t\t<div class=\"elementor-container elementor-column-gap-default\">\n\t\t\t\t\t<div class=\"elementor-column elementor-col-100 elementor-top-column elementor-element elementor-element-57bb6ed\" data-id=\"57bb6ed\" data-element_type=\"column\" data-e-type=\"column\">\n\t\t\t<div class=\"elementor-widget-wrap elementor-element-populated\">\n\t\t\t\t\t\t<div class=\"elementor-element elementor-element-b511c0b elementor-widget elementor-widget-button\" data-id=\"b511c0b\" data-element_type=\"widget\" data-e-type=\"widget\" data-widget_type=\"button.default\">\n\t\t\t\t<div class=\"elementor-widget-container\">\n\t\t\t\t\t\t\t\t\t<div class=\"elementor-button-wrapper\">\n\t\t\t\t\t<a class=\"elementor-button elementor-button-link elementor-size-sm\" href=\"https:\/\/recarprofi.cz\/uvod\/kategorie-produktu\/rucne-vedene-elektricke-voziky\/\">\n\t\t\t\t\t\t<span class=\"elementor-button-content-wrapper\">\n\t\t\t\t\t\t\t\t\t<span class=\"elementor-button-text\">Vstup do eshopu<\/span>\n\t\t\t\t\t<\/span>\n\t\t\t\t\t<\/a>\n\t\t\t\t<\/div>\n\t\t\t\t\t\t\t\t<\/div>\n\t\t\t\t<\/div>\n\t\t\t\t<div class=\"elementor-element elementor-element-f99102c elementor-widget elementor-widget-text-editor\" data-id=\"f99102c\" data-element_type=\"widget\" data-e-type=\"widget\" data-widget_type=\"text-editor.default\">\n\t\t\t\t<div class=\"elementor-widget-container\">\n\t\t\t\t\t\t\t\t\t<p>Voz\u00edk s nosnost\u00ed 1,2 tuny je k dispozici s dvoustup\u0148ov\u00fdm teleskopick\u00fdm sto\u017e\u00e1rem, funkc\u00ed po\u010d\u00e1te\u010dn\u00edho zdvihu a v\u00fd\u0161kou zdvihu 3 600 mm. Vidlice jsou k dispozici s celkovou \u0161\u00ed\u0159kou 570 mm pro r\u016fzn\u00e9 standardy n\u00e1kladov\u00fdch jednotek. Stabilitu zaru\u010duje \u010dty\u0159kolov\u00fd podvozek.<\/p><p>KBSI 12 je perfektn\u00ed volbou pro nen\u00e1ro\u010dn\u00e9 aplikace v mal\u00fdch a st\u0159edn\u011b velk\u00fdch skladech.<\/p><p>\u0158adu KBSI 12 lze pou\u017e\u00edt pro stohov\u00e1n\u00ed palet, p\u0159epravu zbo\u017e\u00ed a n\u00edzko\u00farov\u0148ov\u00e9 vychyst\u00e1v\u00e1n\u00ed.<\/p><p>D\u00edky sv\u00fdm kompaktn\u00edm rozm\u011br\u016fm pracuje KBSI 12 i v neju\u017e\u0161\u00edch pracovn\u00edch prostorech a \u00fazk\u00fdch uli\u010dk\u00e1ch; krom\u011b toho m\u016f\u017ee \u0159idi\u010d snadno man\u00e9vrovat s voz\u00edkem ve st\u00edsn\u011bn\u00fdch oblastech se zvednutou oj\u00ed ve svisl\u00e9 poloze.<\/p><p>Lithium-iontov\u00e1 baterie a vestav\u011bn\u00e1 nab\u00edje\u010dka umo\u017e\u0148uj\u00ed snadn\u00e9 mezinab\u00edjen\u00ed a zaji\u0161\u0165uj\u00ed vysokou dostupnost a flexibilitu;\u00a0Baterii lze dob\u00edjet v jak\u00e9koli 230V z\u00e1suvce.<\/p><p>Funkce pojezdu a zved\u00e1n\u00ed se ovl\u00e1daj\u00ed pomoc\u00ed ergonomick\u00e9 rukojeti oje, kter\u00e1 se snadno ovl\u00e1d\u00e1 ob\u011bma rukama.<\/p><p>Multifunk\u010dn\u00ed displej na oji zobrazuje po\u010d\u00edtadlo motohodin, stav nabit\u00ed baterie a servisn\u00ed informace.\u00a0P\u0159\u00edstup pomoc\u00ed PIN k\u00f3du zaji\u0161\u0165uje ochranu p\u0159ed neopr\u00e1vn\u011bn\u00fdm pou\u017eit\u00edm a p\u0159edch\u00e1z\u00ed probl\u00e9mu ztr\u00e1ty kl\u00ed\u010d\u016f.<\/p><p>Dlouh\u00e9 oj zaji\u0161\u0165uje ergonomick\u00e9 ovl\u00e1d\u00e1n\u00ed voz\u00edku;\u00a0k \u0159\u00edzen\u00ed voz\u00edku je pot\u0159eba men\u0161\u00ed s\u00edly a \u0159idi\u010d je v bezpe\u010dn\u00e9 vzd\u00e1lenosti od vozidla.<\/p><p>St\u0159edov\u00e1 oj a profil sto\u017e\u00e1ru zaji\u0161\u0165uj\u00ed vynikaj\u00edc\u00ed v\u00fdhled na vidlice a n\u00e1klad.<\/p><p>Panel p\u0159ed sto\u017e\u00e1rem zabra\u0148uje zran\u011bn\u00ed \u0159idi\u010de.<\/p><p><strong>Voz\u00edk m\u00e1 tak\u00e9 k dispozici funkc\u00ed po\u010d\u00e1te\u010dn\u00edho zdvihu.<\/strong><\/p><p><strong>Po\u010d\u00e1te\u010dn\u00ed zdvih nab\u00edz\u00ed v\u00fdhodu t\u00edm, \u017ee poskytuje vy\u0161\u0161\u00ed sv\u011btlou v\u00fd\u0161ku pro lep\u0161\u00ed manipulaci na lehk\u00fdch ramp\u00e1ch a nerovnostech podlahy.<\/strong><\/p>\t\t\t\t\t\t\t\t<\/div>\n\t\t\t\t<\/div>\n\t\t\t\t\t<\/div>\n\t\t<\/div>\n\t\t\t\t\t<\/div>\n\t\t<\/section>\n\t\t\t\t<section class=\"elementor-section elementor-top-section elementor-element elementor-element-677d8dc elementor-section-boxed elementor-section-height-default elementor-section-height-default\" data-id=\"677d8dc\" data-element_type=\"section\" data-e-type=\"section\">\n\t\t\t\t\t\t<div class=\"elementor-container elementor-column-gap-default\">\n\t\t\t\t\t<div class=\"elementor-column elementor-col-100 elementor-top-column elementor-element elementor-element-e16c586\" data-id=\"e16c586\" data-element_type=\"column\" data-e-type=\"column\">\n\t\t\t<div class=\"elementor-widget-wrap elementor-element-populated\">\n\t\t\t\t\t\t<div class=\"elementor-element elementor-element-005a4dd elementor-widget elementor-widget-video\" data-id=\"005a4dd\" data-element_type=\"widget\" data-e-type=\"widget\" data-settings=\"{&quot;youtube_url&quot;:&quot;https:\\\/\\\/youtu.be\\\/av94c2XKhcg&quot;,&quot;video_type&quot;:&quot;youtube&quot;,&quot;controls&quot;:&quot;yes&quot;}\" data-widget_type=\"video.default\">\n\t\t\t\t<div class=\"elementor-widget-container\">\n\t\t\t\t\t\t\t<div class=\"elementor-wrapper elementor-open-inline\">\n\t\t\t<div class=\"elementor-video\"><\/div>\t\t<\/div>\n\t\t\t\t\t\t<\/div>\n\t\t\t\t<\/div>\n\t\t\t\t\t<\/div>\n\t\t<\/div>\n\t\t\t\t\t<\/div>\n\t\t<\/section>\n\t\t\t\t<section class=\"elementor-section elementor-top-section elementor-element elementor-element-3142bf7 elementor-section-boxed elementor-section-height-default elementor-section-height-default\" data-id=\"3142bf7\" data-element_type=\"section\" data-e-type=\"section\">\n\t\t\t\t\t\t<div class=\"elementor-container elementor-column-gap-default\">\n\t\t\t\t\t<div class=\"elementor-column elementor-col-100 elementor-top-column elementor-element elementor-element-8309078\" data-id=\"8309078\" data-element_type=\"column\" data-e-type=\"column\">\n\t\t\t<div class=\"elementor-widget-wrap elementor-element-populated\">\n\t\t\t\t\t\t<div class=\"elementor-element elementor-element-44b1aba elementor-widget elementor-widget-image\" data-id=\"44b1aba\" data-element_type=\"widget\" data-e-type=\"widget\" data-widget_type=\"image.default\">\n\t\t\t\t<div class=\"elementor-widget-container\">\n\t\t\t\t\t\t\t\t\t\t\t\t\t\t\t<img decoding=\"async\" width=\"847\" height=\"1312\" src=\"https:\/\/recarprofi.cz\/wp-content\/uploads\/2024\/04\/baoli-kbs1-1200x1859.jpg\" class=\"attachment-large size-large wp-image-30094\" alt=\"\" srcset=\"https:\/\/recarprofi.cz\/wp-content\/uploads\/2024\/04\/baoli-kbs1-1200x1859.jpg 1200w, https:\/\/recarprofi.cz\/wp-content\/uploads\/2024\/04\/baoli-kbs1-744x1153.jpg 744w, https:\/\/recarprofi.cz\/wp-content\/uploads\/2024\/04\/baoli-kbs1-420x651.jpg 420w, https:\/\/recarprofi.cz\/wp-content\/uploads\/2024\/04\/baoli-kbs1-768x1190.jpg 768w, https:\/\/recarprofi.cz\/wp-content\/uploads\/2024\/04\/baoli-kbs1-992x1536.jpg 992w, https:\/\/recarprofi.cz\/wp-content\/uploads\/2024\/04\/baoli-kbs1-1322x2048.jpg 1322w, https:\/\/recarprofi.cz\/wp-content\/uploads\/2024\/04\/baoli-kbs1-1024x1586.jpg 1024w, https:\/\/recarprofi.cz\/wp-content\/uploads\/2024\/04\/baoli-kbs1-697x1080.jpg 697w, https:\/\/recarprofi.cz\/wp-content\/uploads\/2024\/04\/baoli-kbs1-600x930.jpg 600w, https:\/\/recarprofi.cz\/wp-content\/uploads\/2024\/04\/baoli-kbs1-scaled.jpg 1653w\" sizes=\"(max-width: 847px) 100vw, 847px\" \/>\t\t\t\t\t\t\t\t\t\t\t\t\t\t\t<\/div>\n\t\t\t\t<\/div>\n\t\t\t\t\t<\/div>\n\t\t<\/div>\n\t\t\t\t\t<\/div>\n\t\t<\/section>\n\t\t\t\t<\/div>\n\t\t","protected":false},"excerpt":{"rendered":"<p>Vstup do eshopu Voz\u00edk s nosnost\u00ed 1,2 tuny je k dispozici s dvoustup\u0148ov\u00fdm teleskopick\u00fdm sto\u017e\u00e1rem, funkc\u00ed po\u010d\u00e1te\u010dn\u00edho zdvihu a v\u00fd\u0161kou zdvihu 3 600 mm. Vidlice jsou k dispozici s celkovou \u0161\u00ed\u0159kou 570 mm pro r\u016fzn\u00e9&hellip;<\/p>\n","protected":false},"author":1,"featured_media":0,"parent":25037,"menu_order":11,"comment_status":"closed","ping_status":"closed","template":"","meta":{"footnotes":""},"class_list":["post-28856","page","type-page","status-publish","hentry"],"_links":{"self":[{"href":"https:\/\/recarprofi.cz\/uvod\/wp-json\/wp\/v2\/pages\/28856","targetHints":{"allow":["GET"]}}],"collection":[{"href":"https:\/\/recarprofi.cz\/uvod\/wp-json\/wp\/v2\/pages"}],"about":[{"href":"https:\/\/recarprofi.cz\/uvod\/wp-json\/wp\/v2\/types\/page"}],"author":[{"embeddable":true,"href":"https:\/\/recarprofi.cz\/uvod\/wp-json\/wp\/v2\/users\/1"}],"replies":[{"embeddable":true,"href":"https:\/\/recarprofi.cz\/uvod\/wp-json\/wp\/v2\/comments?post=28856"}],"version-history":[{"count":8,"href":"https:\/\/recarprofi.cz\/uvod\/wp-json\/wp\/v2\/pages\/28856\/revisions"}],"predecessor-version":[{"id":30114,"href":"https:\/\/recarprofi.cz\/uvod\/wp-json\/wp\/v2\/pages\/28856\/revisions\/30114"}],"up":[{"embeddable":true,"href":"https:\/\/recarprofi.cz\/uvod\/wp-json\/wp\/v2\/pages\/25037"}],"wp:attachment":[{"href":"https:\/\/recarprofi.cz\/uvod\/wp-json\/wp\/v2\/media?parent=28856"}],"curies":[{"name":"wp","href":"https:\/\/api.w.org\/{rel}","templated":true}]}}