{"id":30027,"date":"2024-04-17T13:40:38","date_gmt":"2024-04-17T11:40:38","guid":{"rendered":"https:\/\/recarprofi.cz\/uvod\/?page_id=30027"},"modified":"2024-04-19T12:11:52","modified_gmt":"2024-04-19T10:11:52","slug":"kbp-15l","status":"publish","type":"page","link":"https:\/\/recarprofi.cz\/uvod\/manipulacni-technika\/rucne-vedene-voziky-baoli\/kbp-15l\/","title":{"rendered":"N\u00edzkozdvi\u017en\u00e9 voz\u00edky Baoli KBP-15L"},"content":{"rendered":"\t\t<div data-elementor-type=\"wp-page\" data-elementor-id=\"30027\" class=\"elementor elementor-30027\">\n\t\t\t\t\t\t<section class=\"elementor-section elementor-top-section elementor-element elementor-element-888ebd9 elementor-section-boxed elementor-section-height-default elementor-section-height-default\" data-id=\"888ebd9\" data-element_type=\"section\" data-e-type=\"section\">\n\t\t\t\t\t\t<div class=\"elementor-container elementor-column-gap-default\">\n\t\t\t\t\t<div class=\"elementor-column elementor-col-100 elementor-top-column elementor-element elementor-element-4b31a13\" data-id=\"4b31a13\" data-element_type=\"column\" data-e-type=\"column\">\n\t\t\t<div class=\"elementor-widget-wrap elementor-element-populated\">\n\t\t\t\t\t\t<div class=\"elementor-element elementor-element-6121d67 elementor-widget elementor-widget-image\" data-id=\"6121d67\" data-element_type=\"widget\" data-e-type=\"widget\" data-widget_type=\"image.default\">\n\t\t\t\t<div class=\"elementor-widget-container\">\n\t\t\t\t\t\t\t\t\t\t\t\t\t\t\t<img fetchpriority=\"high\" decoding=\"async\" width=\"770\" height=\"770\" src=\"https:\/\/recarprofi.cz\/wp-content\/uploads\/2024\/04\/baoli-kbp-15.jpg\" class=\"attachment-large size-large wp-image-29979\" alt=\"\" srcset=\"https:\/\/recarprofi.cz\/wp-content\/uploads\/2024\/04\/baoli-kbp-15.jpg 770w, https:\/\/recarprofi.cz\/wp-content\/uploads\/2024\/04\/baoli-kbp-15-744x744.jpg 744w, https:\/\/recarprofi.cz\/wp-content\/uploads\/2024\/04\/baoli-kbp-15-420x420.jpg 420w, https:\/\/recarprofi.cz\/wp-content\/uploads\/2024\/04\/baoli-kbp-15-768x768.jpg 768w, https:\/\/recarprofi.cz\/wp-content\/uploads\/2024\/04\/baoli-kbp-15-600x600.jpg 600w, https:\/\/recarprofi.cz\/wp-content\/uploads\/2024\/04\/baoli-kbp-15-100x100.jpg 100w, https:\/\/recarprofi.cz\/wp-content\/uploads\/2024\/04\/elementor\/thumbs\/baoli-kbp-15-qmua85p4mdp7me3nxq9tof7oknwbsky87ls5ih38m4.jpg 150w\" sizes=\"(max-width: 770px) 100vw, 770px\" \/>\t\t\t\t\t\t\t\t\t\t\t\t\t\t\t<\/div>\n\t\t\t\t<\/div>\n\t\t\t\t\t<\/div>\n\t\t<\/div>\n\t\t\t\t\t<\/div>\n\t\t<\/section>\n\t\t\t\t<section class=\"elementor-section elementor-top-section elementor-element elementor-element-62e79cf6 elementor-section-boxed elementor-section-height-default elementor-section-height-default\" data-id=\"62e79cf6\" data-element_type=\"section\" data-e-type=\"section\">\n\t\t\t\t\t\t<div class=\"elementor-container elementor-column-gap-default\">\n\t\t\t\t\t<div class=\"elementor-column elementor-col-100 elementor-top-column elementor-element elementor-element-5190ffd2\" data-id=\"5190ffd2\" data-element_type=\"column\" data-e-type=\"column\">\n\t\t\t<div class=\"elementor-widget-wrap elementor-element-populated\">\n\t\t\t\t\t\t<div class=\"elementor-element elementor-element-f019e22 elementor-widget elementor-widget-button\" data-id=\"f019e22\" data-element_type=\"widget\" data-e-type=\"widget\" data-widget_type=\"button.default\">\n\t\t\t\t<div class=\"elementor-widget-container\">\n\t\t\t\t\t\t\t\t\t<div class=\"elementor-button-wrapper\">\n\t\t\t\t\t<a class=\"elementor-button elementor-button-link elementor-size-sm\" href=\"https:\/\/recarprofi.cz\/uvod\/kategorie-produktu\/rucne-vedene-elektricke-voziky\/\">\n\t\t\t\t\t\t<span class=\"elementor-button-content-wrapper\">\n\t\t\t\t\t\t\t\t\t<span class=\"elementor-button-text\">Vstup do eshopu<\/span>\n\t\t\t\t\t<\/span>\n\t\t\t\t\t<\/a>\n\t\t\t\t<\/div>\n\t\t\t\t\t\t\t\t<\/div>\n\t\t\t\t<\/div>\n\t\t\t\t<div class=\"elementor-element elementor-element-fa2c80b elementor-widget elementor-widget-text-editor\" data-id=\"fa2c80b\" data-element_type=\"widget\" data-e-type=\"widget\" data-widget_type=\"text-editor.default\">\n\t\t\t\t<div class=\"elementor-widget-container\">\n\t\t\t\t\t\t\t\t\t<p>KBP 15L s nosnost\u00ed 1 500 kg a kompaktn\u00ed velikost\u00ed pouh\u00fdch 400 mm k p\u0159edn\u00ed stran\u011b vidlic je paletov\u00fd voz\u00edk Baoli pro pou\u017eit\u00ed ve skladech, logistice a pr\u016fmyslu.<\/p><p>Dlouh\u00e1 oj poskytuje optim\u00e1ln\u00ed a vysoce ergonomick\u00e9 ovl\u00e1d\u00e1n\u00ed vozidla pravou nebo levou rukou, vy\u017eaduje men\u0161\u00ed ovl\u00e1dac\u00ed s\u00edlu a umo\u017e\u0148uje \u0159idi\u010di udr\u017eovat optim\u00e1ln\u00ed vzd\u00e1lenost od vozidla.<\/p><p>KBP 15L je nab\u00edzen s lithium-iontovou bateri\u00ed 24 V \/ 30 Ah a s palubn\u00ed nab\u00edje\u010dkou: to umo\u017e\u0148uje vy\u0161\u0161\u00ed dostupnost voz\u00edku d\u00edky snadn\u00e9mu mezinab\u00edjen\u00ed v jak\u00e9koli standardn\u00ed elektrick\u00e9 z\u00e1suvce. Baterie nab\u00edz\u00ed p\u0159ibli\u017en\u011b 4 hodiny provozu a bude mo\u017en\u00e9 zvl\u00e1dnout cel\u00fd pracovn\u00ed cyklus s vyu\u017eit\u00edm prozat\u00edmn\u00edch nabit\u00ed, kter\u00e9 nab\u00edz\u00ed lithiov\u00e1 technologie.<\/p><p>Voz\u00edk je mo\u017en\u00e9 objednat s druhou n\u00e1hradn\u00ed bateri\u00ed a extern\u00ed nab\u00edje\u010dkou.<\/p><p>Mo\u017enosti r\u016fzn\u00fdch d\u00e9lek a \u0161\u00ed\u0159ek vidlic, tla\u010d\u00edtko \u017eelvy pro provoz v \u00fazk\u00fdch prostorech a velmi dobr\u00e9 v\u00fdkony na svaz\u00edch dopl\u0148uj\u00ed vlastnosti KBP 15L zaru\u010duj\u00edc\u00ed velmi vysokou \u00fa\u010dinnost za jak\u00fdchkoli podm\u00ednek.<\/p><p>\u00a0<\/p>\t\t\t\t\t\t\t\t<\/div>\n\t\t\t\t<\/div>\n\t\t\t\t\t<\/div>\n\t\t<\/div>\n\t\t\t\t\t<\/div>\n\t\t<\/section>\n\t\t\t\t<section class=\"elementor-section elementor-top-section elementor-element elementor-element-8c8733e elementor-section-boxed elementor-section-height-default elementor-section-height-default\" data-id=\"8c8733e\" data-element_type=\"section\" data-e-type=\"section\">\n\t\t\t\t\t\t<div class=\"elementor-container elementor-column-gap-default\">\n\t\t\t\t\t<div class=\"elementor-column elementor-col-100 elementor-top-column elementor-element elementor-element-4c719f2\" data-id=\"4c719f2\" data-element_type=\"column\" data-e-type=\"column\">\n\t\t\t<div class=\"elementor-widget-wrap elementor-element-populated\">\n\t\t\t\t\t\t<div class=\"elementor-element elementor-element-6f92216 elementor-widget elementor-widget-video\" data-id=\"6f92216\" data-element_type=\"widget\" data-e-type=\"widget\" data-settings=\"{&quot;youtube_url&quot;:&quot;https:\\\/\\\/youtu.be\\\/yTt4-0qSzr8&quot;,&quot;video_type&quot;:&quot;youtube&quot;,&quot;controls&quot;:&quot;yes&quot;}\" data-widget_type=\"video.default\">\n\t\t\t\t<div class=\"elementor-widget-container\">\n\t\t\t\t\t\t\t<div class=\"elementor-wrapper elementor-open-inline\">\n\t\t\t<div class=\"elementor-video\"><\/div>\t\t<\/div>\n\t\t\t\t\t\t<\/div>\n\t\t\t\t<\/div>\n\t\t\t\t\t<\/div>\n\t\t<\/div>\n\t\t\t\t\t<\/div>\n\t\t<\/section>\n\t\t\t\t<section class=\"elementor-section elementor-top-section elementor-element elementor-element-8311b14 elementor-section-boxed elementor-section-height-default elementor-section-height-default\" data-id=\"8311b14\" data-element_type=\"section\" data-e-type=\"section\">\n\t\t\t\t\t\t<div class=\"elementor-container elementor-column-gap-default\">\n\t\t\t\t\t<div class=\"elementor-column elementor-col-100 elementor-top-column elementor-element elementor-element-a2bf099\" data-id=\"a2bf099\" data-element_type=\"column\" data-e-type=\"column\">\n\t\t\t<div class=\"elementor-widget-wrap elementor-element-populated\">\n\t\t\t\t\t\t<div class=\"elementor-element elementor-element-2b56ebe elementor-widget elementor-widget-image-gallery\" data-id=\"2b56ebe\" data-element_type=\"widget\" data-e-type=\"widget\" data-widget_type=\"image-gallery.default\">\n\t\t\t\t<div class=\"elementor-widget-container\">\n\t\t\t\t\t\t\t<div class=\"elementor-image-gallery\">\n\t\t\t\n\t\t<style type=\"text\/css\">\n\t\t\t#gallery-1 {\n\t\t\t\tmargin: auto;\n\t\t\t}\n\t\t\t#gallery-1 .gallery-item {\n\t\t\t\tfloat: left;\n\t\t\t\tmargin-top: 10px;\n\t\t\t\ttext-align: center;\n\t\t\t\twidth: 25%;\n\t\t\t}\n\t\t\t#gallery-1 img {\n\t\t\t\tborder: 2px solid #cfcfcf;\n\t\t\t}\n\t\t\t#gallery-1 .gallery-caption {\n\t\t\t\tmargin-left: 0;\n\t\t\t}\n\t\t\t\/* see gallery_shortcode() in wp-includes\/media.php *\/\n\t\t<\/style>\n\t\t<div id='gallery-1' class='gallery galleryid-30027 gallery-columns-4 gallery-size-thumbnail'><dl class='gallery-item'>\n\t\t\t<dt class='gallery-icon portrait'>\n\t\t\t\t<a data-elementor-open-lightbox=\"yes\" data-elementor-lightbox-slideshow=\"2b56ebe\" data-elementor-lightbox-title=\"baoli kbp 151\" data-e-action-hash=\"#elementor-action%3Aaction%3Dlightbox%26settings%3DeyJpZCI6MzAwMzIsInVybCI6Imh0dHBzOlwvXC9yZWNhcnByb2ZpLmN6XC93cC1jb250ZW50XC91cGxvYWRzXC8yMDI0XC8wNFwvYmFvbGkta2JwLTE1MS5qcGciLCJzbGlkZXNob3ciOiIyYjU2ZWJlIn0%3D\" href='https:\/\/recarprofi.cz\/wp-content\/uploads\/2024\/04\/baoli-kbp-151.jpg'><img decoding=\"async\" width=\"381\" height=\"636\" src=\"https:\/\/recarprofi.cz\/wp-content\/uploads\/2024\/04\/baoli-kbp-151.jpg\" class=\"attachment-thumbnail size-thumbnail\" alt=\"\" \/><\/a>\n\t\t\t<\/dt><\/dl><dl class='gallery-item'>\n\t\t\t<dt class='gallery-icon landscape'>\n\t\t\t\t<a data-elementor-open-lightbox=\"yes\" data-elementor-lightbox-slideshow=\"2b56ebe\" data-elementor-lightbox-title=\"baoli kbp 152\" data-e-action-hash=\"#elementor-action%3Aaction%3Dlightbox%26settings%3DeyJpZCI6MzAwMzQsInVybCI6Imh0dHBzOlwvXC9yZWNhcnByb2ZpLmN6XC93cC1jb250ZW50XC91cGxvYWRzXC8yMDI0XC8wNFwvYmFvbGkta2JwLTE1Mi1zY2FsZWQuanBnIiwic2xpZGVzaG93IjoiMmI1NmViZSJ9\" href='https:\/\/recarprofi.cz\/wp-content\/uploads\/2024\/04\/baoli-kbp-152-scaled.jpg'><img decoding=\"async\" width=\"420\" height=\"280\" src=\"https:\/\/recarprofi.cz\/wp-content\/uploads\/2024\/04\/baoli-kbp-152-420x280.jpg\" class=\"attachment-thumbnail size-thumbnail\" alt=\"\" srcset=\"https:\/\/recarprofi.cz\/wp-content\/uploads\/2024\/04\/baoli-kbp-152-420x280.jpg 420w, https:\/\/recarprofi.cz\/wp-content\/uploads\/2024\/04\/baoli-kbp-152-744x496.jpg 744w, https:\/\/recarprofi.cz\/wp-content\/uploads\/2024\/04\/baoli-kbp-152-1200x800.jpg 1200w, https:\/\/recarprofi.cz\/wp-content\/uploads\/2024\/04\/baoli-kbp-152-768x512.jpg 768w, https:\/\/recarprofi.cz\/wp-content\/uploads\/2024\/04\/baoli-kbp-152-1536x1024.jpg 1536w, https:\/\/recarprofi.cz\/wp-content\/uploads\/2024\/04\/baoli-kbp-152-2048x1365.jpg 2048w, https:\/\/recarprofi.cz\/wp-content\/uploads\/2024\/04\/baoli-kbp-152-1024x683.jpg 1024w, https:\/\/recarprofi.cz\/wp-content\/uploads\/2024\/04\/baoli-kbp-152-1620x1080.jpg 1620w, https:\/\/recarprofi.cz\/wp-content\/uploads\/2024\/04\/baoli-kbp-152-600x400.jpg 600w\" sizes=\"(max-width: 420px) 100vw, 420px\" \/><\/a>\n\t\t\t<\/dt><\/dl><dl class='gallery-item'>\n\t\t\t<dt class='gallery-icon landscape'>\n\t\t\t\t<a data-elementor-open-lightbox=\"yes\" data-elementor-lightbox-slideshow=\"2b56ebe\" data-elementor-lightbox-title=\"baoli kbp 153\" data-e-action-hash=\"#elementor-action%3Aaction%3Dlightbox%26settings%3DeyJpZCI6MzAwMzUsInVybCI6Imh0dHBzOlwvXC9yZWNhcnByb2ZpLmN6XC93cC1jb250ZW50XC91cGxvYWRzXC8yMDI0XC8wNFwvYmFvbGkta2JwLTE1My1zY2FsZWQuanBnIiwic2xpZGVzaG93IjoiMmI1NmViZSJ9\" href='https:\/\/recarprofi.cz\/wp-content\/uploads\/2024\/04\/baoli-kbp-153-scaled.jpg'><img loading=\"lazy\" decoding=\"async\" width=\"420\" height=\"280\" src=\"https:\/\/recarprofi.cz\/wp-content\/uploads\/2024\/04\/baoli-kbp-153-420x280.jpg\" class=\"attachment-thumbnail size-thumbnail\" alt=\"\" srcset=\"https:\/\/recarprofi.cz\/wp-content\/uploads\/2024\/04\/baoli-kbp-153-420x280.jpg 420w, https:\/\/recarprofi.cz\/wp-content\/uploads\/2024\/04\/baoli-kbp-153-744x496.jpg 744w, https:\/\/recarprofi.cz\/wp-content\/uploads\/2024\/04\/baoli-kbp-153-1200x800.jpg 1200w, https:\/\/recarprofi.cz\/wp-content\/uploads\/2024\/04\/baoli-kbp-153-768x512.jpg 768w, https:\/\/recarprofi.cz\/wp-content\/uploads\/2024\/04\/baoli-kbp-153-1536x1024.jpg 1536w, https:\/\/recarprofi.cz\/wp-content\/uploads\/2024\/04\/baoli-kbp-153-2048x1365.jpg 2048w, https:\/\/recarprofi.cz\/wp-content\/uploads\/2024\/04\/baoli-kbp-153-1024x683.jpg 1024w, https:\/\/recarprofi.cz\/wp-content\/uploads\/2024\/04\/baoli-kbp-153-1620x1080.jpg 1620w, https:\/\/recarprofi.cz\/wp-content\/uploads\/2024\/04\/baoli-kbp-153-600x400.jpg 600w\" sizes=\"(max-width: 420px) 100vw, 420px\" \/><\/a>\n\t\t\t<\/dt><\/dl><dl class='gallery-item'>\n\t\t\t<dt class='gallery-icon landscape'>\n\t\t\t\t<a data-elementor-open-lightbox=\"yes\" data-elementor-lightbox-slideshow=\"2b56ebe\" data-elementor-lightbox-title=\"baoli kbp 155\" data-e-action-hash=\"#elementor-action%3Aaction%3Dlightbox%26settings%3DeyJpZCI6MzAwMzYsInVybCI6Imh0dHBzOlwvXC9yZWNhcnByb2ZpLmN6XC93cC1jb250ZW50XC91cGxvYWRzXC8yMDI0XC8wNFwvYmFvbGkta2JwLTE1NS5wbmciLCJzbGlkZXNob3ciOiIyYjU2ZWJlIn0%3D\" href='https:\/\/recarprofi.cz\/wp-content\/uploads\/2024\/04\/baoli-kbp-155.png'><img loading=\"lazy\" decoding=\"async\" width=\"420\" height=\"378\" src=\"https:\/\/recarprofi.cz\/wp-content\/uploads\/2024\/04\/baoli-kbp-155-420x378.png\" class=\"attachment-thumbnail size-thumbnail\" alt=\"\" srcset=\"https:\/\/recarprofi.cz\/wp-content\/uploads\/2024\/04\/baoli-kbp-155-420x378.png 420w, https:\/\/recarprofi.cz\/wp-content\/uploads\/2024\/04\/baoli-kbp-155-744x670.png 744w, https:\/\/recarprofi.cz\/wp-content\/uploads\/2024\/04\/baoli-kbp-155-1200x1081.png 1200w, https:\/\/recarprofi.cz\/wp-content\/uploads\/2024\/04\/baoli-kbp-155-768x692.png 768w, https:\/\/recarprofi.cz\/wp-content\/uploads\/2024\/04\/baoli-kbp-155-1024x923.png 1024w, https:\/\/recarprofi.cz\/wp-content\/uploads\/2024\/04\/baoli-kbp-155-1198x1080.png 1198w, https:\/\/recarprofi.cz\/wp-content\/uploads\/2024\/04\/baoli-kbp-155-600x541.png 600w, https:\/\/recarprofi.cz\/wp-content\/uploads\/2024\/04\/baoli-kbp-155.png 1285w\" sizes=\"(max-width: 420px) 100vw, 420px\" \/><\/a>\n\t\t\t<\/dt><\/dl><br style=\"clear: both\" \/><dl class='gallery-item'>\n\t\t\t<dt class='gallery-icon landscape'>\n\t\t\t\t<a data-elementor-open-lightbox=\"yes\" data-elementor-lightbox-slideshow=\"2b56ebe\" data-elementor-lightbox-title=\"baoli kbp 157\" data-e-action-hash=\"#elementor-action%3Aaction%3Dlightbox%26settings%3DeyJpZCI6MzAwMzcsInVybCI6Imh0dHBzOlwvXC9yZWNhcnByb2ZpLmN6XC93cC1jb250ZW50XC91cGxvYWRzXC8yMDI0XC8wNFwvYmFvbGkta2JwLTE1Ny1zY2FsZWQuanBnIiwic2xpZGVzaG93IjoiMmI1NmViZSJ9\" href='https:\/\/recarprofi.cz\/wp-content\/uploads\/2024\/04\/baoli-kbp-157-scaled.jpg'><img loading=\"lazy\" decoding=\"async\" width=\"420\" height=\"346\" src=\"https:\/\/recarprofi.cz\/wp-content\/uploads\/2024\/04\/baoli-kbp-157-420x346.jpg\" class=\"attachment-thumbnail size-thumbnail\" alt=\"\" srcset=\"https:\/\/recarprofi.cz\/wp-content\/uploads\/2024\/04\/baoli-kbp-157-420x346.jpg 420w, https:\/\/recarprofi.cz\/wp-content\/uploads\/2024\/04\/baoli-kbp-157-744x613.jpg 744w, https:\/\/recarprofi.cz\/wp-content\/uploads\/2024\/04\/baoli-kbp-157-1200x988.jpg 1200w, https:\/\/recarprofi.cz\/wp-content\/uploads\/2024\/04\/baoli-kbp-157-768x633.jpg 768w, https:\/\/recarprofi.cz\/wp-content\/uploads\/2024\/04\/baoli-kbp-157-1536x1265.jpg 1536w, https:\/\/recarprofi.cz\/wp-content\/uploads\/2024\/04\/baoli-kbp-157-2048x1687.jpg 2048w, https:\/\/recarprofi.cz\/wp-content\/uploads\/2024\/04\/baoli-kbp-157-1024x843.jpg 1024w, https:\/\/recarprofi.cz\/wp-content\/uploads\/2024\/04\/baoli-kbp-157-1311x1080.jpg 1311w, https:\/\/recarprofi.cz\/wp-content\/uploads\/2024\/04\/baoli-kbp-157-600x494.jpg 600w\" sizes=\"(max-width: 420px) 100vw, 420px\" \/><\/a>\n\t\t\t<\/dt><\/dl>\n\t\t\t<br style='clear: both' \/>\n\t\t<\/div>\n\t\t<\/div>\n\t\t\t\t\t\t<\/div>\n\t\t\t\t<\/div>\n\t\t\t\t\t<\/div>\n\t\t<\/div>\n\t\t\t\t\t<\/div>\n\t\t<\/section>\n\t\t\t\t<\/div>\n\t\t","protected":false},"excerpt":{"rendered":"<p>Vstup do eshopu KBP 15L s nosnost\u00ed 1 500 kg a kompaktn\u00ed velikost\u00ed pouh\u00fdch 400 mm k p\u0159edn\u00ed stran\u011b vidlic je paletov\u00fd voz\u00edk Baoli pro pou\u017eit\u00ed ve skladech, logistice a pr\u016fmyslu. Dlouh\u00e1 oj poskytuje optim\u00e1ln\u00ed&hellip;<\/p>\n","protected":false},"author":1,"featured_media":30034,"parent":25037,"menu_order":2,"comment_status":"closed","ping_status":"closed","template":"","meta":{"footnotes":""},"class_list":["post-30027","page","type-page","status-publish","has-post-thumbnail","hentry"],"_links":{"self":[{"href":"https:\/\/recarprofi.cz\/uvod\/wp-json\/wp\/v2\/pages\/30027","targetHints":{"allow":["GET"]}}],"collection":[{"href":"https:\/\/recarprofi.cz\/uvod\/wp-json\/wp\/v2\/pages"}],"about":[{"href":"https:\/\/recarprofi.cz\/uvod\/wp-json\/wp\/v2\/types\/page"}],"author":[{"embeddable":true,"href":"https:\/\/recarprofi.cz\/uvod\/wp-json\/wp\/v2\/users\/1"}],"replies":[{"embeddable":true,"href":"https:\/\/recarprofi.cz\/uvod\/wp-json\/wp\/v2\/comments?post=30027"}],"version-history":[{"count":17,"href":"https:\/\/recarprofi.cz\/uvod\/wp-json\/wp\/v2\/pages\/30027\/revisions"}],"predecessor-version":[{"id":30221,"href":"https:\/\/recarprofi.cz\/uvod\/wp-json\/wp\/v2\/pages\/30027\/revisions\/30221"}],"up":[{"embeddable":true,"href":"https:\/\/recarprofi.cz\/uvod\/wp-json\/wp\/v2\/pages\/25037"}],"wp:featuredmedia":[{"embeddable":true,"href":"https:\/\/recarprofi.cz\/uvod\/wp-json\/wp\/v2\/media\/30034"}],"wp:attachment":[{"href":"https:\/\/recarprofi.cz\/uvod\/wp-json\/wp\/v2\/media?parent=30027"}],"curies":[{"name":"wp","href":"https:\/\/api.w.org\/{rel}","templated":true}]}}