{"id":30179,"date":"2024-04-18T15:26:18","date_gmt":"2024-04-18T13:26:18","guid":{"rendered":"https:\/\/recarprofi.cz\/uvod\/?page_id=30179"},"modified":"2024-04-19T13:25:43","modified_gmt":"2024-04-19T11:25:43","slug":"kbo-01l","status":"publish","type":"page","link":"https:\/\/recarprofi.cz\/uvod\/manipulacni-technika\/skladova-technika-baoli\/kbo-01l\/","title":{"rendered":"Vychyst\u00e1vac\u00ed voz\u00edk Baoli KBO 01L"},"content":{"rendered":"\t\t<div data-elementor-type=\"wp-page\" data-elementor-id=\"30179\" class=\"elementor elementor-30179\">\n\t\t\t\t\t\t<section class=\"elementor-section elementor-top-section elementor-element elementor-element-85d44da elementor-section-boxed elementor-section-height-default elementor-section-height-default\" data-id=\"85d44da\" data-element_type=\"section\" data-e-type=\"section\">\n\t\t\t\t\t\t<div class=\"elementor-container elementor-column-gap-default\">\n\t\t\t\t\t<div class=\"elementor-column elementor-col-100 elementor-top-column elementor-element elementor-element-a2579f3\" data-id=\"a2579f3\" data-element_type=\"column\" data-e-type=\"column\">\n\t\t\t<div class=\"elementor-widget-wrap elementor-element-populated\">\n\t\t\t\t\t\t<div class=\"elementor-element elementor-element-ef4a1f1 elementor-widget elementor-widget-image\" data-id=\"ef4a1f1\" data-element_type=\"widget\" data-e-type=\"widget\" data-widget_type=\"image.default\">\n\t\t\t\t<div class=\"elementor-widget-container\">\n\t\t\t\t\t\t\t\t\t\t\t\t\t\t\t<img fetchpriority=\"high\" decoding=\"async\" width=\"847\" height=\"627\" src=\"https:\/\/recarprofi.cz\/wp-content\/uploads\/2024\/04\/baoli-kbo-013-1200x888.jpg\" class=\"attachment-large size-large wp-image-30124\" alt=\"\" srcset=\"https:\/\/recarprofi.cz\/wp-content\/uploads\/2024\/04\/baoli-kbo-013-1200x888.jpg 1200w, https:\/\/recarprofi.cz\/wp-content\/uploads\/2024\/04\/baoli-kbo-013-744x551.jpg 744w, https:\/\/recarprofi.cz\/wp-content\/uploads\/2024\/04\/baoli-kbo-013-420x311.jpg 420w, https:\/\/recarprofi.cz\/wp-content\/uploads\/2024\/04\/baoli-kbo-013-768x568.jpg 768w, https:\/\/recarprofi.cz\/wp-content\/uploads\/2024\/04\/baoli-kbo-013-1536x1137.jpg 1536w, https:\/\/recarprofi.cz\/wp-content\/uploads\/2024\/04\/baoli-kbo-013-2048x1515.jpg 2048w, https:\/\/recarprofi.cz\/wp-content\/uploads\/2024\/04\/baoli-kbo-013-1024x758.jpg 1024w, https:\/\/recarprofi.cz\/wp-content\/uploads\/2024\/04\/baoli-kbo-013-1460x1080.jpg 1460w, https:\/\/recarprofi.cz\/wp-content\/uploads\/2024\/04\/baoli-kbo-013-600x444.jpg 600w\" sizes=\"(max-width: 847px) 100vw, 847px\" \/>\t\t\t\t\t\t\t\t\t\t\t\t\t\t\t<\/div>\n\t\t\t\t<\/div>\n\t\t\t\t\t<\/div>\n\t\t<\/div>\n\t\t\t\t\t<\/div>\n\t\t<\/section>\n\t\t\t\t<section class=\"elementor-section elementor-top-section elementor-element elementor-element-2fe5f11b elementor-section-boxed elementor-section-height-default elementor-section-height-default\" data-id=\"2fe5f11b\" data-element_type=\"section\" data-e-type=\"section\">\n\t\t\t\t\t\t<div class=\"elementor-container elementor-column-gap-default\">\n\t\t\t\t\t<div class=\"elementor-column elementor-col-100 elementor-top-column elementor-element elementor-element-7580ea67\" data-id=\"7580ea67\" data-element_type=\"column\" data-e-type=\"column\">\n\t\t\t<div class=\"elementor-widget-wrap elementor-element-populated\">\n\t\t\t\t\t\t<div class=\"elementor-element elementor-element-60386f48 elementor-widget elementor-widget-text-editor\" data-id=\"60386f48\" data-element_type=\"widget\" data-e-type=\"widget\" data-widget_type=\"text-editor.default\">\n\t\t\t\t<div class=\"elementor-widget-container\">\n\t\t\t\t\t\t\t\t\t<p>KBO 01L je nov\u00fd multifunk\u010dn\u00ed vychyst\u00e1vac\u00ed voz\u00edk, kter\u00fd p\u0159edstavuje novou generaci.\u00a0 Ve srovn\u00e1n\u00ed se sv\u00fdmi konkurenty vynik\u00e1 KBO 01L opravdu intuitivn\u00edm rozhran\u00edm. Nam\u00edsto slo\u017eit\u00fdch syst\u00e9m\u016f zat\u00e1\u010den\u00ed nab\u00edz\u00ed n\u00e1\u0161 voz\u00edk velmi jednoduch\u00fd volant, kter\u00fd velmi snadno a p\u0159esn\u011b umo\u017e\u0148uje pohyby v u\u017e\u0161\u00edch uli\u010dk\u00e1ch a zat\u00e1\u010dk\u00e1ch. To zna\u010dn\u011b zvy\u0161uje bezpe\u010dnost obsluhy p\u0159i zachov\u00e1n\u00ed zbo\u017e\u00ed. D\u00edky velmi kompaktn\u00edmu designu a n\u00edzk\u00e9 hmotnosti byl tento voz\u00edk navr\u017een pro velmi \u00fazk\u00e9 uli\u010dky a je opravdu perfektn\u00ed pro ka\u017ed\u00e9 maloobchodn\u00ed prost\u0159ed\u00ed. S v\u00fd\u0161kou vychyst\u00e1v\u00e1n\u00ed a\u017e 5,0 m a nosnost\u00ed 90 kg zaru\u010duje KBO v\u017edy velmi dobrou efektivitu, kdy\u017e je pot\u0159eba zbo\u017e\u00ed vychyst\u00e1vat nebo skladovat v reg\u00e1lech. Bezpe\u010dnost je na prvn\u00edm m\u00edst\u011b, jako obvykle pro Baoli. Sn\u00ed\u017een\u00e1 rychlost pojezdu a automaticky zamknut\u00e9 dve\u0159e p\u0159i zvednut\u00ed plo\u0161iny \u0159idi\u010de, senzory na rukojeti pro detekci spr\u00e1vn\u00e9 polohy \u0159idi\u010de p\u0159i \u0159\u00edzen\u00ed, nouzov\u00e9 ovl\u00e1d\u00e1n\u00ed funkce zved\u00e1n\u00ed a nouzov\u00fd ventil pro spou\u0161t\u011bn\u00ed plo\u0161iny \u0159idi\u010de jsou skute\u010dn\u00fdmi bezpe\u010dnostn\u00edmi faktory. S t\u00edmto voz\u00edkem je v\u0161e snadn\u00e9, ani\u017e by se zapom\u00ednalo na pohodl\u00ed obsluhy: optimalizovan\u00e9 m\u00edsto \u0159idi\u010de s pohodlnou plo\u0161inou, odkl\u00e1dac\u00edmi p\u0159ihr\u00e1dkami a ji\u017e zm\u00edn\u011bn\u00fdmi u\u017eivatelsky p\u0159\u00edjemn\u00fdmi ovl\u00e1dac\u00edmi prvky umo\u017e\u0148uje m\u00e9n\u011b \u00fasil\u00ed b\u011bhem pracovn\u00edho dne. Proporcion\u00e1ln\u00ed ovl\u00e1d\u00e1n\u00ed pohonu umo\u017e\u0148uje dokonale ovl\u00e1dat trak\u010dn\u00ed funkce a elektrickou zvedac\u00ed plo\u0161inu voz\u00edku. Bez\u00fadr\u017ebov\u00e1 lithium-iontov\u00e1 baterie a vestaven\u00e1 nab\u00edje\u010dka zaru\u010duj\u00ed mo\u017enost\u00ed nabit\u00ed voz\u00edku v oby\u010dejn\u011b z\u00e1suvce.<\/p>\t\t\t\t\t\t\t\t<\/div>\n\t\t\t\t<\/div>\n\t\t\t\t\t<\/div>\n\t\t<\/div>\n\t\t\t\t\t<\/div>\n\t\t<\/section>\n\t\t\t\t<section class=\"elementor-section elementor-top-section elementor-element elementor-element-2807e47 elementor-section-boxed elementor-section-height-default elementor-section-height-default\" data-id=\"2807e47\" data-element_type=\"section\" data-e-type=\"section\">\n\t\t\t\t\t\t<div class=\"elementor-container elementor-column-gap-default\">\n\t\t\t\t\t<div class=\"elementor-column elementor-col-100 elementor-top-column elementor-element elementor-element-c807977\" data-id=\"c807977\" data-element_type=\"column\" data-e-type=\"column\">\n\t\t\t<div class=\"elementor-widget-wrap elementor-element-populated\">\n\t\t\t\t\t\t<div class=\"elementor-element elementor-element-03011f0 elementor-widget elementor-widget-video\" data-id=\"03011f0\" data-element_type=\"widget\" data-e-type=\"widget\" data-settings=\"{&quot;youtube_url&quot;:&quot;https:\\\/\\\/youtu.be\\\/O3j0R_efHTM&quot;,&quot;video_type&quot;:&quot;youtube&quot;,&quot;controls&quot;:&quot;yes&quot;}\" data-widget_type=\"video.default\">\n\t\t\t\t<div class=\"elementor-widget-container\">\n\t\t\t\t\t\t\t<div class=\"elementor-wrapper elementor-open-inline\">\n\t\t\t<div class=\"elementor-video\"><\/div>\t\t<\/div>\n\t\t\t\t\t\t<\/div>\n\t\t\t\t<\/div>\n\t\t\t\t\t<\/div>\n\t\t<\/div>\n\t\t\t\t\t<\/div>\n\t\t<\/section>\n\t\t\t\t<section class=\"elementor-section elementor-top-section elementor-element elementor-element-8cc9327 elementor-section-boxed elementor-section-height-default elementor-section-height-default\" data-id=\"8cc9327\" data-element_type=\"section\" data-e-type=\"section\">\n\t\t\t\t\t\t<div class=\"elementor-container elementor-column-gap-default\">\n\t\t\t\t\t<div class=\"elementor-column elementor-col-100 elementor-top-column elementor-element elementor-element-60ad0c2\" data-id=\"60ad0c2\" data-element_type=\"column\" data-e-type=\"column\">\n\t\t\t<div class=\"elementor-widget-wrap elementor-element-populated\">\n\t\t\t\t\t\t<div class=\"elementor-element elementor-element-e3fe2b8 elementor-widget elementor-widget-image-gallery\" data-id=\"e3fe2b8\" data-element_type=\"widget\" data-e-type=\"widget\" data-widget_type=\"image-gallery.default\">\n\t\t\t\t<div class=\"elementor-widget-container\">\n\t\t\t\t\t\t\t<div class=\"elementor-image-gallery\">\n\t\t\t\n\t\t<style type=\"text\/css\">\n\t\t\t#gallery-1 {\n\t\t\t\tmargin: auto;\n\t\t\t}\n\t\t\t#gallery-1 .gallery-item {\n\t\t\t\tfloat: left;\n\t\t\t\tmargin-top: 10px;\n\t\t\t\ttext-align: center;\n\t\t\t\twidth: 25%;\n\t\t\t}\n\t\t\t#gallery-1 img {\n\t\t\t\tborder: 2px solid #cfcfcf;\n\t\t\t}\n\t\t\t#gallery-1 .gallery-caption {\n\t\t\t\tmargin-left: 0;\n\t\t\t}\n\t\t\t\/* see gallery_shortcode() in wp-includes\/media.php *\/\n\t\t<\/style>\n\t\t<div id='gallery-1' class='gallery galleryid-30179 gallery-columns-4 gallery-size-thumbnail'><dl class='gallery-item'>\n\t\t\t<dt class='gallery-icon landscape'>\n\t\t\t\t<a data-elementor-open-lightbox=\"yes\" data-elementor-lightbox-slideshow=\"e3fe2b8\" data-elementor-lightbox-title=\"baoli kbo 011\" data-e-action-hash=\"#elementor-action%3Aaction%3Dlightbox%26settings%3DeyJpZCI6MzAxODAsInVybCI6Imh0dHBzOlwvXC9yZWNhcnByb2ZpLmN6XC93cC1jb250ZW50XC91cGxvYWRzXC8yMDI0XC8wNFwvYmFvbGkta2JvLTAxMS5wbmciLCJzbGlkZXNob3ciOiJlM2ZlMmI4In0%3D\" href='https:\/\/recarprofi.cz\/wp-content\/uploads\/2024\/04\/baoli-kbo-011.png'><img decoding=\"async\" width=\"420\" height=\"292\" src=\"https:\/\/recarprofi.cz\/wp-content\/uploads\/2024\/04\/baoli-kbo-011-420x292.png\" class=\"attachment-thumbnail size-thumbnail\" alt=\"\" srcset=\"https:\/\/recarprofi.cz\/wp-content\/uploads\/2024\/04\/baoli-kbo-011-420x292.png 420w, https:\/\/recarprofi.cz\/wp-content\/uploads\/2024\/04\/baoli-kbo-011-744x517.png 744w, https:\/\/recarprofi.cz\/wp-content\/uploads\/2024\/04\/baoli-kbo-011-1200x834.png 1200w, https:\/\/recarprofi.cz\/wp-content\/uploads\/2024\/04\/baoli-kbo-011-768x534.png 768w, https:\/\/recarprofi.cz\/wp-content\/uploads\/2024\/04\/baoli-kbo-011-1536x1068.png 1536w, https:\/\/recarprofi.cz\/wp-content\/uploads\/2024\/04\/baoli-kbo-011-2048x1424.png 2048w, https:\/\/recarprofi.cz\/wp-content\/uploads\/2024\/04\/baoli-kbo-011-1024x712.png 1024w, https:\/\/recarprofi.cz\/wp-content\/uploads\/2024\/04\/baoli-kbo-011-1553x1080.png 1553w, https:\/\/recarprofi.cz\/wp-content\/uploads\/2024\/04\/baoli-kbo-011-600x417.png 600w\" sizes=\"(max-width: 420px) 100vw, 420px\" \/><\/a>\n\t\t\t<\/dt><\/dl><dl class='gallery-item'>\n\t\t\t<dt class='gallery-icon landscape'>\n\t\t\t\t<a data-elementor-open-lightbox=\"yes\" data-elementor-lightbox-slideshow=\"e3fe2b8\" data-elementor-lightbox-title=\"baoli kbo 012\" data-e-action-hash=\"#elementor-action%3Aaction%3Dlightbox%26settings%3DeyJpZCI6MzAxODIsInVybCI6Imh0dHBzOlwvXC9yZWNhcnByb2ZpLmN6XC93cC1jb250ZW50XC91cGxvYWRzXC8yMDI0XC8wNFwvYmFvbGkta2JvLTAxMi5wbmciLCJzbGlkZXNob3ciOiJlM2ZlMmI4In0%3D\" href='https:\/\/recarprofi.cz\/wp-content\/uploads\/2024\/04\/baoli-kbo-012.png'><img decoding=\"async\" width=\"420\" height=\"292\" src=\"https:\/\/recarprofi.cz\/wp-content\/uploads\/2024\/04\/baoli-kbo-012-420x292.png\" class=\"attachment-thumbnail size-thumbnail\" alt=\"\" srcset=\"https:\/\/recarprofi.cz\/wp-content\/uploads\/2024\/04\/baoli-kbo-012-420x292.png 420w, https:\/\/recarprofi.cz\/wp-content\/uploads\/2024\/04\/baoli-kbo-012-744x517.png 744w, https:\/\/recarprofi.cz\/wp-content\/uploads\/2024\/04\/baoli-kbo-012-1200x834.png 1200w, https:\/\/recarprofi.cz\/wp-content\/uploads\/2024\/04\/baoli-kbo-012-768x534.png 768w, https:\/\/recarprofi.cz\/wp-content\/uploads\/2024\/04\/baoli-kbo-012-1536x1068.png 1536w, https:\/\/recarprofi.cz\/wp-content\/uploads\/2024\/04\/baoli-kbo-012-2048x1424.png 2048w, https:\/\/recarprofi.cz\/wp-content\/uploads\/2024\/04\/baoli-kbo-012-1024x712.png 1024w, https:\/\/recarprofi.cz\/wp-content\/uploads\/2024\/04\/baoli-kbo-012-1553x1080.png 1553w, https:\/\/recarprofi.cz\/wp-content\/uploads\/2024\/04\/baoli-kbo-012-600x417.png 600w\" sizes=\"(max-width: 420px) 100vw, 420px\" \/><\/a>\n\t\t\t<\/dt><\/dl><dl class='gallery-item'>\n\t\t\t<dt class='gallery-icon landscape'>\n\t\t\t\t<a data-elementor-open-lightbox=\"yes\" data-elementor-lightbox-slideshow=\"e3fe2b8\" data-elementor-lightbox-title=\"baoli kbo 01\" data-e-action-hash=\"#elementor-action%3Aaction%3Dlightbox%26settings%3DeyJpZCI6MzAxODMsInVybCI6Imh0dHBzOlwvXC9yZWNhcnByb2ZpLmN6XC93cC1jb250ZW50XC91cGxvYWRzXC8yMDI0XC8wNFwvYmFvbGkta2JvLTAxLnBuZyIsInNsaWRlc2hvdyI6ImUzZmUyYjgifQ%3D%3D\" href='https:\/\/recarprofi.cz\/wp-content\/uploads\/2024\/04\/baoli-kbo-01.png'><img loading=\"lazy\" decoding=\"async\" width=\"420\" height=\"292\" src=\"https:\/\/recarprofi.cz\/wp-content\/uploads\/2024\/04\/baoli-kbo-01-420x292.png\" class=\"attachment-thumbnail size-thumbnail\" alt=\"\" srcset=\"https:\/\/recarprofi.cz\/wp-content\/uploads\/2024\/04\/baoli-kbo-01-420x292.png 420w, https:\/\/recarprofi.cz\/wp-content\/uploads\/2024\/04\/baoli-kbo-01-744x517.png 744w, https:\/\/recarprofi.cz\/wp-content\/uploads\/2024\/04\/baoli-kbo-01-1200x834.png 1200w, https:\/\/recarprofi.cz\/wp-content\/uploads\/2024\/04\/baoli-kbo-01-768x534.png 768w, https:\/\/recarprofi.cz\/wp-content\/uploads\/2024\/04\/baoli-kbo-01-1536x1068.png 1536w, https:\/\/recarprofi.cz\/wp-content\/uploads\/2024\/04\/baoli-kbo-01-2048x1424.png 2048w, https:\/\/recarprofi.cz\/wp-content\/uploads\/2024\/04\/baoli-kbo-01-1024x712.png 1024w, https:\/\/recarprofi.cz\/wp-content\/uploads\/2024\/04\/baoli-kbo-01-1553x1080.png 1553w, https:\/\/recarprofi.cz\/wp-content\/uploads\/2024\/04\/baoli-kbo-01-600x417.png 600w\" sizes=\"(max-width: 420px) 100vw, 420px\" \/><\/a>\n\t\t\t<\/dt><\/dl><dl class='gallery-item'>\n\t\t\t<dt class='gallery-icon landscape'>\n\t\t\t\t<a data-elementor-open-lightbox=\"yes\" data-elementor-lightbox-slideshow=\"e3fe2b8\" data-elementor-lightbox-title=\"baoli kbo 014\" data-e-action-hash=\"#elementor-action%3Aaction%3Dlightbox%26settings%3DeyJpZCI6MzAxODQsInVybCI6Imh0dHBzOlwvXC9yZWNhcnByb2ZpLmN6XC93cC1jb250ZW50XC91cGxvYWRzXC8yMDI0XC8wNFwvYmFvbGkta2JvLTAxNC1zY2FsZWQuanBnIiwic2xpZGVzaG93IjoiZTNmZTJiOCJ9\" href='https:\/\/recarprofi.cz\/wp-content\/uploads\/2024\/04\/baoli-kbo-014-scaled.jpg'><img loading=\"lazy\" decoding=\"async\" width=\"420\" height=\"279\" src=\"https:\/\/recarprofi.cz\/wp-content\/uploads\/2024\/04\/baoli-kbo-014-420x279.jpg\" class=\"attachment-thumbnail size-thumbnail\" alt=\"\" srcset=\"https:\/\/recarprofi.cz\/wp-content\/uploads\/2024\/04\/baoli-kbo-014-420x279.jpg 420w, https:\/\/recarprofi.cz\/wp-content\/uploads\/2024\/04\/baoli-kbo-014-744x494.jpg 744w, https:\/\/recarprofi.cz\/wp-content\/uploads\/2024\/04\/baoli-kbo-014-1200x797.jpg 1200w, https:\/\/recarprofi.cz\/wp-content\/uploads\/2024\/04\/baoli-kbo-014-768x510.jpg 768w, https:\/\/recarprofi.cz\/wp-content\/uploads\/2024\/04\/baoli-kbo-014-1536x1020.jpg 1536w, https:\/\/recarprofi.cz\/wp-content\/uploads\/2024\/04\/baoli-kbo-014-2048x1360.jpg 2048w, https:\/\/recarprofi.cz\/wp-content\/uploads\/2024\/04\/baoli-kbo-014-1024x680.jpg 1024w, https:\/\/recarprofi.cz\/wp-content\/uploads\/2024\/04\/baoli-kbo-014-1626x1080.jpg 1626w, https:\/\/recarprofi.cz\/wp-content\/uploads\/2024\/04\/baoli-kbo-014-600x399.jpg 600w\" sizes=\"(max-width: 420px) 100vw, 420px\" \/><\/a>\n\t\t\t<\/dt><\/dl><br style=\"clear: both\" \/><dl class='gallery-item'>\n\t\t\t<dt class='gallery-icon landscape'>\n\t\t\t\t<a data-elementor-open-lightbox=\"yes\" data-elementor-lightbox-slideshow=\"e3fe2b8\" data-elementor-lightbox-title=\"baoli kbo 016\" data-e-action-hash=\"#elementor-action%3Aaction%3Dlightbox%26settings%3DeyJpZCI6MzAxODUsInVybCI6Imh0dHBzOlwvXC9yZWNhcnByb2ZpLmN6XC93cC1jb250ZW50XC91cGxvYWRzXC8yMDI0XC8wNFwvYmFvbGkta2JvLTAxNi1zY2FsZWQuanBnIiwic2xpZGVzaG93IjoiZTNmZTJiOCJ9\" href='https:\/\/recarprofi.cz\/wp-content\/uploads\/2024\/04\/baoli-kbo-016-scaled.jpg'><img loading=\"lazy\" decoding=\"async\" width=\"420\" height=\"292\" src=\"https:\/\/recarprofi.cz\/wp-content\/uploads\/2024\/04\/baoli-kbo-016-420x292.jpg\" class=\"attachment-thumbnail size-thumbnail\" alt=\"\" srcset=\"https:\/\/recarprofi.cz\/wp-content\/uploads\/2024\/04\/baoli-kbo-016-420x292.jpg 420w, https:\/\/recarprofi.cz\/wp-content\/uploads\/2024\/04\/baoli-kbo-016-744x517.jpg 744w, https:\/\/recarprofi.cz\/wp-content\/uploads\/2024\/04\/baoli-kbo-016-1200x834.jpg 1200w, https:\/\/recarprofi.cz\/wp-content\/uploads\/2024\/04\/baoli-kbo-016-768x534.jpg 768w, https:\/\/recarprofi.cz\/wp-content\/uploads\/2024\/04\/baoli-kbo-016-1536x1068.jpg 1536w, https:\/\/recarprofi.cz\/wp-content\/uploads\/2024\/04\/baoli-kbo-016-2048x1424.jpg 2048w, https:\/\/recarprofi.cz\/wp-content\/uploads\/2024\/04\/baoli-kbo-016-1024x712.jpg 1024w, https:\/\/recarprofi.cz\/wp-content\/uploads\/2024\/04\/baoli-kbo-016-1553x1080.jpg 1553w, https:\/\/recarprofi.cz\/wp-content\/uploads\/2024\/04\/baoli-kbo-016-600x417.jpg 600w\" sizes=\"(max-width: 420px) 100vw, 420px\" \/><\/a>\n\t\t\t<\/dt><\/dl><dl class='gallery-item'>\n\t\t\t<dt class='gallery-icon landscape'>\n\t\t\t\t<a data-elementor-open-lightbox=\"yes\" data-elementor-lightbox-slideshow=\"e3fe2b8\" data-elementor-lightbox-title=\"baoli kbo 015\" data-e-action-hash=\"#elementor-action%3Aaction%3Dlightbox%26settings%3DeyJpZCI6MzAxODYsInVybCI6Imh0dHBzOlwvXC9yZWNhcnByb2ZpLmN6XC93cC1jb250ZW50XC91cGxvYWRzXC8yMDI0XC8wNFwvYmFvbGkta2JvLTAxNS1zY2FsZWQuanBnIiwic2xpZGVzaG93IjoiZTNmZTJiOCJ9\" href='https:\/\/recarprofi.cz\/wp-content\/uploads\/2024\/04\/baoli-kbo-015-scaled.jpg'><img loading=\"lazy\" decoding=\"async\" width=\"420\" height=\"279\" src=\"https:\/\/recarprofi.cz\/wp-content\/uploads\/2024\/04\/baoli-kbo-015-420x279.jpg\" class=\"attachment-thumbnail size-thumbnail\" alt=\"\" srcset=\"https:\/\/recarprofi.cz\/wp-content\/uploads\/2024\/04\/baoli-kbo-015-420x279.jpg 420w, https:\/\/recarprofi.cz\/wp-content\/uploads\/2024\/04\/baoli-kbo-015-744x494.jpg 744w, https:\/\/recarprofi.cz\/wp-content\/uploads\/2024\/04\/baoli-kbo-015-1200x797.jpg 1200w, https:\/\/recarprofi.cz\/wp-content\/uploads\/2024\/04\/baoli-kbo-015-768x510.jpg 768w, https:\/\/recarprofi.cz\/wp-content\/uploads\/2024\/04\/baoli-kbo-015-1536x1020.jpg 1536w, https:\/\/recarprofi.cz\/wp-content\/uploads\/2024\/04\/baoli-kbo-015-2048x1360.jpg 2048w, https:\/\/recarprofi.cz\/wp-content\/uploads\/2024\/04\/baoli-kbo-015-1024x680.jpg 1024w, https:\/\/recarprofi.cz\/wp-content\/uploads\/2024\/04\/baoli-kbo-015-1626x1080.jpg 1626w, https:\/\/recarprofi.cz\/wp-content\/uploads\/2024\/04\/baoli-kbo-015-600x399.jpg 600w\" sizes=\"(max-width: 420px) 100vw, 420px\" \/><\/a>\n\t\t\t<\/dt><\/dl>\n\t\t\t<br style='clear: both' \/>\n\t\t<\/div>\n\t\t<\/div>\n\t\t\t\t\t\t<\/div>\n\t\t\t\t<\/div>\n\t\t\t\t\t<\/div>\n\t\t<\/div>\n\t\t\t\t\t<\/div>\n\t\t<\/section>\n\t\t\t\t<\/div>\n\t\t","protected":false},"excerpt":{"rendered":"<p>KBO 01L je nov\u00fd multifunk\u010dn\u00ed vychyst\u00e1vac\u00ed voz\u00edk, kter\u00fd p\u0159edstavuje novou generaci.\u00a0 Ve srovn\u00e1n\u00ed se sv\u00fdmi konkurenty vynik\u00e1 KBO 01L opravdu intuitivn\u00edm rozhran\u00edm. Nam\u00edsto slo\u017eit\u00fdch syst\u00e9m\u016f zat\u00e1\u010den\u00ed nab\u00edz\u00ed n\u00e1\u0161 voz\u00edk velmi jednoduch\u00fd volant, kter\u00fd velmi snadno&hellip;<\/p>\n","protected":false},"author":1,"featured_media":30185,"parent":151,"menu_order":2,"comment_status":"closed","ping_status":"closed","template":"","meta":{"footnotes":""},"class_list":["post-30179","page","type-page","status-publish","has-post-thumbnail","hentry"],"_links":{"self":[{"href":"https:\/\/recarprofi.cz\/uvod\/wp-json\/wp\/v2\/pages\/30179","targetHints":{"allow":["GET"]}}],"collection":[{"href":"https:\/\/recarprofi.cz\/uvod\/wp-json\/wp\/v2\/pages"}],"about":[{"href":"https:\/\/recarprofi.cz\/uvod\/wp-json\/wp\/v2\/types\/page"}],"author":[{"embeddable":true,"href":"https:\/\/recarprofi.cz\/uvod\/wp-json\/wp\/v2\/users\/1"}],"replies":[{"embeddable":true,"href":"https:\/\/recarprofi.cz\/uvod\/wp-json\/wp\/v2\/comments?post=30179"}],"version-history":[{"count":14,"href":"https:\/\/recarprofi.cz\/uvod\/wp-json\/wp\/v2\/pages\/30179\/revisions"}],"predecessor-version":[{"id":30230,"href":"https:\/\/recarprofi.cz\/uvod\/wp-json\/wp\/v2\/pages\/30179\/revisions\/30230"}],"up":[{"embeddable":true,"href":"https:\/\/recarprofi.cz\/uvod\/wp-json\/wp\/v2\/pages\/151"}],"wp:featuredmedia":[{"embeddable":true,"href":"https:\/\/recarprofi.cz\/uvod\/wp-json\/wp\/v2\/media\/30185"}],"wp:attachment":[{"href":"https:\/\/recarprofi.cz\/uvod\/wp-json\/wp\/v2\/media?parent=30179"}],"curies":[{"name":"wp","href":"https:\/\/api.w.org\/{rel}","templated":true}]}}