{"id":30200,"date":"2024-04-19T11:01:16","date_gmt":"2024-04-19T09:01:16","guid":{"rendered":"https:\/\/recarprofi.cz\/uvod\/?page_id=30200"},"modified":"2024-04-19T14:26:17","modified_gmt":"2024-04-19T12:26:17","slug":"kbr-14-20","status":"publish","type":"page","link":"https:\/\/recarprofi.cz\/uvod\/manipulacni-technika\/skladova-technika-baoli\/kbr-14-20\/","title":{"rendered":"Retraky Baoli KBR 14-20"},"content":{"rendered":"\t\t<div data-elementor-type=\"wp-page\" data-elementor-id=\"30200\" class=\"elementor elementor-30200\">\n\t\t\t\t\t\t<section class=\"elementor-section elementor-top-section elementor-element elementor-element-50524be elementor-section-boxed elementor-section-height-default elementor-section-height-default\" data-id=\"50524be\" data-element_type=\"section\" data-e-type=\"section\">\n\t\t\t\t\t\t<div class=\"elementor-container elementor-column-gap-default\">\n\t\t\t\t\t<div class=\"elementor-column elementor-col-100 elementor-top-column elementor-element elementor-element-c1c7d28\" data-id=\"c1c7d28\" data-element_type=\"column\" data-e-type=\"column\">\n\t\t\t<div class=\"elementor-widget-wrap elementor-element-populated\">\n\t\t\t\t\t\t<div class=\"elementor-element elementor-element-210a0f5 elementor-widget elementor-widget-image\" data-id=\"210a0f5\" data-element_type=\"widget\" data-e-type=\"widget\" data-widget_type=\"image.default\">\n\t\t\t\t<div class=\"elementor-widget-container\">\n\t\t\t\t\t\t\t\t\t\t\t\t\t\t\t<img fetchpriority=\"high\" decoding=\"async\" width=\"847\" height=\"927\" src=\"https:\/\/recarprofi.cz\/wp-content\/uploads\/2024\/04\/baoli-kbr-1200x1314.jpg\" class=\"attachment-large size-large wp-image-30150\" alt=\"\" srcset=\"https:\/\/recarprofi.cz\/wp-content\/uploads\/2024\/04\/baoli-kbr-1200x1314.jpg 1200w, https:\/\/recarprofi.cz\/wp-content\/uploads\/2024\/04\/baoli-kbr-744x815.jpg 744w, https:\/\/recarprofi.cz\/wp-content\/uploads\/2024\/04\/baoli-kbr-420x460.jpg 420w, https:\/\/recarprofi.cz\/wp-content\/uploads\/2024\/04\/baoli-kbr-768x841.jpg 768w, https:\/\/recarprofi.cz\/wp-content\/uploads\/2024\/04\/baoli-kbr-1403x1536.jpg 1403w, https:\/\/recarprofi.cz\/wp-content\/uploads\/2024\/04\/baoli-kbr-1870x2048.jpg 1870w, https:\/\/recarprofi.cz\/wp-content\/uploads\/2024\/04\/baoli-kbr-1024x1121.jpg 1024w, https:\/\/recarprofi.cz\/wp-content\/uploads\/2024\/04\/baoli-kbr-986x1080.jpg 986w, https:\/\/recarprofi.cz\/wp-content\/uploads\/2024\/04\/baoli-kbr-600x657.jpg 600w\" sizes=\"(max-width: 847px) 100vw, 847px\" \/>\t\t\t\t\t\t\t\t\t\t\t\t\t\t\t<\/div>\n\t\t\t\t<\/div>\n\t\t\t\t\t<\/div>\n\t\t<\/div>\n\t\t\t\t\t<\/div>\n\t\t<\/section>\n\t\t\t\t<section class=\"elementor-section elementor-top-section elementor-element elementor-element-8a773b4 elementor-section-boxed elementor-section-height-default elementor-section-height-default\" data-id=\"8a773b4\" data-element_type=\"section\" data-e-type=\"section\">\n\t\t\t\t\t\t<div class=\"elementor-container elementor-column-gap-default\">\n\t\t\t\t\t<div class=\"elementor-column elementor-col-100 elementor-top-column elementor-element elementor-element-b44d941\" data-id=\"b44d941\" data-element_type=\"column\" data-e-type=\"column\">\n\t\t\t<div class=\"elementor-widget-wrap elementor-element-populated\">\n\t\t\t\t\t\t<div class=\"elementor-element elementor-element-4fe1307 elementor-widget elementor-widget-text-editor\" data-id=\"4fe1307\" data-element_type=\"widget\" data-e-type=\"widget\" data-widget_type=\"text-editor.default\">\n\t\t\t\t<div class=\"elementor-widget-container\">\n\t\t\t\t\t\t\t\t\t<ul><li>\u0158adu retraku Baoli tvo\u0159\u00ed KBR 14 s nosnost\u00ed 1 400 kg, KBR 16L s nosnost\u00ed 1 600 kg a v\u00fd\u0161kou zdvihu a\u017e 9,4 metru.<\/li><li>\u0158adu dopl\u0148uj\u00ed KBR 16 a KBR 20, kter\u00e9 jsou navr\u017eeny pro manipulaci s b\u0159emeny o hmotnosti 1 600 kg a 2 000 kg s v\u00fd\u0161kou zdvihu a\u017e 10,6 metr\u016f.<\/li><li>\u0158ada KBR 14-20, navr\u017een\u00e1 tak, aby vyhovovala pot\u0159eb\u00e1m sklad\u016f a distribu\u010dn\u00edch center, dosahuje roz\u0161\u00ed\u0159en\u00e9 autonomie pomoc\u00ed 48V bateri\u00ed s kapacitou a\u017e 700 Ah.<\/li><li>Bezpe\u010dnost a stabilitu zaji\u0161\u0165uje robustn\u00ed podvozek.<\/li><li>Dostupnost mnoha mo\u017enost\u00ed v\u00fdstra\u017en\u00fdch za\u0159\u00edzen\u00ed a sv\u011btel zvy\u0161uje celkovou bezpe\u010dnost.<\/li><li>Pohodl\u00ed a p\u0159\u00edstupnost obsluhy jsou \u00fast\u0159edn\u00edm bodem designu KBR s ergonomick\u00fdmi ovl\u00e1dac\u00edmi prvky a uspo\u0159\u00e1d\u00e1n\u00edm kabiny zam\u011b\u0159en\u00fdm na u\u017eivatele.<\/li><li>Konstrukce zvedac\u00edho za\u0159\u00edzen\u00ed a ochrann\u00e9 st\u0159echy spolu s integrovan\u00fdm bo\u010dn\u00edm posuvem zaji\u0161\u0165uje obsluze viditelnost vidlic a n\u00e1kladu pro bezpe\u010dnou a efektivn\u00ed manipulaci se zbo\u017e\u00edm.<\/li><li>Hydraulick\u00e9 funkce jsou ovl\u00e1d\u00e1ny mini p\u00e1\u010dkami a kompaktn\u00ed elektrick\u00e9 ovl\u00e1d\u00e1n\u00ed \u0159\u00edzen\u00ed zlep\u0161uje man\u00e9vrovatelnost.<\/li><li>Sedadlo a konzola \u0159\u00edzen\u00ed jsou pln\u011b nastaviteln\u00e9 pro \u0159idi\u010de r\u016fzn\u00fdch velikost\u00ed.<\/li><li>Syst\u00e9m \u0159\u00edzen\u00ed nab\u00edz\u00ed \u010dty\u0159i mo\u017enosti p\u0159izp\u016fsoben\u00ed r\u016fzn\u00fdm preferenc\u00edm \u0159idi\u010de: 180\u00b0 \/ 360\u00b0 v kombinaci se standardn\u00edm \/ inverzn\u00edm \u0159\u00edzen\u00edm.<\/li><li>\u0158idi\u010d je nav\u00edc podporov\u00e1n ukazatelem v\u00fd\u0161ky a voli\u010dem v\u00fd\u0161ky, co\u017e p\u0159isp\u00edv\u00e1 ke zv\u00fd\u0161en\u00ed pohodl\u00ed \u0159idi\u010de a bezpe\u010dn\u00e9 a efektivn\u00ed manipulaci se zbo\u017e\u00edm.<\/li><li>Nejmodern\u011bj\u0161\u00ed elektronick\u00fd ovlada\u010d \u0159\u00edd\u00ed v\u0161echny elektrick\u00e9 a hydraulick\u00e9 funkce a zaji\u0161\u0165uje bezpe\u010dn\u00fd a tich\u00fd provoz v kombinaci s energetickou \u00fa\u010dinnost\u00ed.<\/li><\/ul><h4 class=\"content-text-image__body-headline\">Technika:<\/h4><div class=\"content-text-image__body-text content-text-image__body-text__industrial-trucks\"><ul><li>Nosi\u010d vidlice s integrovan\u00fdm bo\u010dn\u00edm posuvem pro efektivn\u00ed manipulaci se zbo\u017e\u00edm<\/li><li>Mo\u017enosti bateri\u00ed pro ka\u017ed\u00fd typ aplikace: 48V baterie s kapacitou od 465 Ah do 700 Ah<\/li><li>Hnac\u00ed a zdvihov\u00e9 motory s AC technologi\u00ed zaji\u0161\u0165uj\u00ed bez\u00fadr\u017ebov\u00fd provoz<\/li><li>K dispozici je \u0161irok\u00e1 \u0161k\u00e1la v\u00fdstra\u017en\u00fdch za\u0159\u00edzen\u00ed a sv\u011btel pro zv\u00fd\u0161en\u00ed bezpe\u010dnosti<\/li><\/ul><h4 class=\"content-text-image__body-headline\">Ergonomie a pracovi\u0161t\u011b:<\/h4><div class=\"content-text-image__body-text content-text-image__body-text__industrial-trucks\"><ul><li>Ergonomick\u00fd prostor pro \u0159idi\u010de s nastaviteln\u00fdm sedadlem a polohou konzoly \u0159\u00edzen\u00ed.<\/li><li>Barevn\u00fd displej pro rychl\u00fd p\u0159\u00edstup ke kl\u00ed\u010dov\u00fdm informac\u00edm o stavu voz\u00edku.<\/li><li>Konstrukce zvedac\u00edho za\u0159\u00edzen\u00ed a ochrann\u00e9 st\u0159echy zaji\u0161\u0165uje v\u00fdhled na vidlice a n\u00e1klad.<\/li><li>Elektronick\u00fd p\u0159ep\u00edna\u010d vp\u0159ed\/vzad pro rychlou a snadnou zm\u011bnu sm\u011bru j\u00edzdy<\/li><li>Hydraulick\u00e9 mini p\u00e1ky snadn\u00e9 a intuitivn\u00ed na ovl\u00e1d\u00e1n\u00ed<\/li><li>Elektrick\u00fd syst\u00e9m \u0159\u00edzen\u00ed, kter\u00fd se p\u0159izp\u016fsobuje r\u016fzn\u00fdm preferenc\u00edm \u0159idi\u010de.<\/li><li>Ukazatel v\u00fd\u0161ky a voli\u010d pro v\u011bt\u0161\u00ed pohodl\u00ed \u0159idi\u010de, bezpe\u010dn\u011bj\u0161\u00ed a rychlej\u0161\u00ed manipulaci se zbo\u017e\u00edm.<\/li><\/ul><\/div><\/div>\t\t\t\t\t\t\t\t<\/div>\n\t\t\t\t<\/div>\n\t\t\t\t\t<\/div>\n\t\t<\/div>\n\t\t\t\t\t<\/div>\n\t\t<\/section>\n\t\t\t\t<section class=\"elementor-section elementor-top-section elementor-element elementor-element-9630cbf elementor-section-boxed elementor-section-height-default elementor-section-height-default\" data-id=\"9630cbf\" data-element_type=\"section\" data-e-type=\"section\">\n\t\t\t\t\t\t<div class=\"elementor-container elementor-column-gap-default\">\n\t\t\t\t\t<div class=\"elementor-column elementor-col-100 elementor-top-column elementor-element elementor-element-8c2b105\" data-id=\"8c2b105\" data-element_type=\"column\" data-e-type=\"column\">\n\t\t\t<div class=\"elementor-widget-wrap elementor-element-populated\">\n\t\t\t\t\t\t<div class=\"elementor-element elementor-element-e330afa elementor-widget elementor-widget-image-gallery\" data-id=\"e330afa\" data-element_type=\"widget\" data-e-type=\"widget\" data-widget_type=\"image-gallery.default\">\n\t\t\t\t<div class=\"elementor-widget-container\">\n\t\t\t\t\t\t\t<div class=\"elementor-image-gallery\">\n\t\t\t\n\t\t<style type=\"text\/css\">\n\t\t\t#gallery-1 {\n\t\t\t\tmargin: auto;\n\t\t\t}\n\t\t\t#gallery-1 .gallery-item {\n\t\t\t\tfloat: left;\n\t\t\t\tmargin-top: 10px;\n\t\t\t\ttext-align: center;\n\t\t\t\twidth: 25%;\n\t\t\t}\n\t\t\t#gallery-1 img {\n\t\t\t\tborder: 2px solid #cfcfcf;\n\t\t\t}\n\t\t\t#gallery-1 .gallery-caption {\n\t\t\t\tmargin-left: 0;\n\t\t\t}\n\t\t\t\/* see gallery_shortcode() in wp-includes\/media.php *\/\n\t\t<\/style>\n\t\t<div id='gallery-1' class='gallery galleryid-30200 gallery-columns-4 gallery-size-thumbnail'><dl class='gallery-item'>\n\t\t\t<dt class='gallery-icon portrait'>\n\t\t\t\t<a data-elementor-open-lightbox=\"yes\" data-elementor-lightbox-slideshow=\"e330afa\" data-elementor-lightbox-title=\"baoli kbr1\" data-e-action-hash=\"#elementor-action%3Aaction%3Dlightbox%26settings%3DeyJpZCI6MzAyMDIsInVybCI6Imh0dHBzOlwvXC9yZWNhcnByb2ZpLmN6XC93cC1jb250ZW50XC91cGxvYWRzXC8yMDI0XC8wNFwvYmFvbGkta2JyMS5wbmciLCJzbGlkZXNob3ciOiJlMzMwYWZhIn0%3D\" href='https:\/\/recarprofi.cz\/wp-content\/uploads\/2024\/04\/baoli-kbr1.png'><img decoding=\"async\" width=\"420\" height=\"460\" src=\"https:\/\/recarprofi.cz\/wp-content\/uploads\/2024\/04\/baoli-kbr1-420x460.png\" class=\"attachment-thumbnail size-thumbnail\" alt=\"\" srcset=\"https:\/\/recarprofi.cz\/wp-content\/uploads\/2024\/04\/baoli-kbr1-420x460.png 420w, https:\/\/recarprofi.cz\/wp-content\/uploads\/2024\/04\/baoli-kbr1-744x815.png 744w, https:\/\/recarprofi.cz\/wp-content\/uploads\/2024\/04\/baoli-kbr1-1200x1314.png 1200w, https:\/\/recarprofi.cz\/wp-content\/uploads\/2024\/04\/baoli-kbr1-768x841.png 768w, https:\/\/recarprofi.cz\/wp-content\/uploads\/2024\/04\/baoli-kbr1-1403x1536.png 1403w, https:\/\/recarprofi.cz\/wp-content\/uploads\/2024\/04\/baoli-kbr1-1870x2048.png 1870w, https:\/\/recarprofi.cz\/wp-content\/uploads\/2024\/04\/baoli-kbr1-1024x1121.png 1024w, https:\/\/recarprofi.cz\/wp-content\/uploads\/2024\/04\/baoli-kbr1-986x1080.png 986w, https:\/\/recarprofi.cz\/wp-content\/uploads\/2024\/04\/baoli-kbr1-600x657.png 600w\" sizes=\"(max-width: 420px) 100vw, 420px\" \/><\/a>\n\t\t\t<\/dt><\/dl><dl class='gallery-item'>\n\t\t\t<dt class='gallery-icon portrait'>\n\t\t\t\t<a data-elementor-open-lightbox=\"yes\" data-elementor-lightbox-slideshow=\"e330afa\" data-elementor-lightbox-title=\"baoli kbr2\" data-e-action-hash=\"#elementor-action%3Aaction%3Dlightbox%26settings%3DeyJpZCI6MzAyMDMsInVybCI6Imh0dHBzOlwvXC9yZWNhcnByb2ZpLmN6XC93cC1jb250ZW50XC91cGxvYWRzXC8yMDI0XC8wNFwvYmFvbGkta2JyMi5qcGciLCJzbGlkZXNob3ciOiJlMzMwYWZhIn0%3D\" href='https:\/\/recarprofi.cz\/wp-content\/uploads\/2024\/04\/baoli-kbr2.jpg'><img decoding=\"async\" width=\"420\" height=\"600\" src=\"https:\/\/recarprofi.cz\/wp-content\/uploads\/2024\/04\/baoli-kbr2-420x600.jpg\" class=\"attachment-thumbnail size-thumbnail\" alt=\"\" srcset=\"https:\/\/recarprofi.cz\/wp-content\/uploads\/2024\/04\/baoli-kbr2-420x600.jpg 420w, https:\/\/recarprofi.cz\/wp-content\/uploads\/2024\/04\/baoli-kbr2-744x1063.jpg 744w, https:\/\/recarprofi.cz\/wp-content\/uploads\/2024\/04\/baoli-kbr2-1200x1715.jpg 1200w, https:\/\/recarprofi.cz\/wp-content\/uploads\/2024\/04\/baoli-kbr2-768x1097.jpg 768w, https:\/\/recarprofi.cz\/wp-content\/uploads\/2024\/04\/baoli-kbr2-1075x1536.jpg 1075w, https:\/\/recarprofi.cz\/wp-content\/uploads\/2024\/04\/baoli-kbr2-1433x2048.jpg 1433w, https:\/\/recarprofi.cz\/wp-content\/uploads\/2024\/04\/baoli-kbr2-1024x1463.jpg 1024w, https:\/\/recarprofi.cz\/wp-content\/uploads\/2024\/04\/baoli-kbr2-756x1080.jpg 756w, https:\/\/recarprofi.cz\/wp-content\/uploads\/2024\/04\/baoli-kbr2-600x857.jpg 600w, https:\/\/recarprofi.cz\/wp-content\/uploads\/2024\/04\/baoli-kbr2.jpg 1702w\" sizes=\"(max-width: 420px) 100vw, 420px\" \/><\/a>\n\t\t\t<\/dt><\/dl><dl class='gallery-item'>\n\t\t\t<dt class='gallery-icon portrait'>\n\t\t\t\t<a data-elementor-open-lightbox=\"yes\" data-elementor-lightbox-slideshow=\"e330afa\" data-elementor-lightbox-title=\"baoli kbr3\" data-e-action-hash=\"#elementor-action%3Aaction%3Dlightbox%26settings%3DeyJpZCI6MzAyMDQsInVybCI6Imh0dHBzOlwvXC9yZWNhcnByb2ZpLmN6XC93cC1jb250ZW50XC91cGxvYWRzXC8yMDI0XC8wNFwvYmFvbGkta2JyMy5wbmciLCJzbGlkZXNob3ciOiJlMzMwYWZhIn0%3D\" href='https:\/\/recarprofi.cz\/wp-content\/uploads\/2024\/04\/baoli-kbr3.png'><img loading=\"lazy\" decoding=\"async\" width=\"420\" height=\"564\" src=\"https:\/\/recarprofi.cz\/wp-content\/uploads\/2024\/04\/baoli-kbr3-420x564.png\" class=\"attachment-thumbnail size-thumbnail\" alt=\"\" srcset=\"https:\/\/recarprofi.cz\/wp-content\/uploads\/2024\/04\/baoli-kbr3-420x564.png 420w, https:\/\/recarprofi.cz\/wp-content\/uploads\/2024\/04\/baoli-kbr3-600x806.png 600w, https:\/\/recarprofi.cz\/wp-content\/uploads\/2024\/04\/baoli-kbr3.png 656w\" sizes=\"(max-width: 420px) 100vw, 420px\" \/><\/a>\n\t\t\t<\/dt><\/dl><dl class='gallery-item'>\n\t\t\t<dt class='gallery-icon portrait'>\n\t\t\t\t<a data-elementor-open-lightbox=\"yes\" data-elementor-lightbox-slideshow=\"e330afa\" data-elementor-lightbox-title=\"baoli kbr5\" data-e-action-hash=\"#elementor-action%3Aaction%3Dlightbox%26settings%3DeyJpZCI6MzAyMDYsInVybCI6Imh0dHBzOlwvXC9yZWNhcnByb2ZpLmN6XC93cC1jb250ZW50XC91cGxvYWRzXC8yMDI0XC8wNFwvYmFvbGkta2JyNS5wbmciLCJzbGlkZXNob3ciOiJlMzMwYWZhIn0%3D\" href='https:\/\/recarprofi.cz\/wp-content\/uploads\/2024\/04\/baoli-kbr5.png'><img loading=\"lazy\" decoding=\"async\" width=\"420\" height=\"566\" src=\"https:\/\/recarprofi.cz\/wp-content\/uploads\/2024\/04\/baoli-kbr5-420x566.png\" class=\"attachment-thumbnail size-thumbnail\" alt=\"\" srcset=\"https:\/\/recarprofi.cz\/wp-content\/uploads\/2024\/04\/baoli-kbr5-420x566.png 420w, https:\/\/recarprofi.cz\/wp-content\/uploads\/2024\/04\/baoli-kbr5-744x1003.png 744w, https:\/\/recarprofi.cz\/wp-content\/uploads\/2024\/04\/baoli-kbr5-1200x1617.png 1200w, https:\/\/recarprofi.cz\/wp-content\/uploads\/2024\/04\/baoli-kbr5-768x1035.png 768w, https:\/\/recarprofi.cz\/wp-content\/uploads\/2024\/04\/baoli-kbr5-1140x1536.png 1140w, https:\/\/recarprofi.cz\/wp-content\/uploads\/2024\/04\/baoli-kbr5-1519x2048.png 1519w, https:\/\/recarprofi.cz\/wp-content\/uploads\/2024\/04\/baoli-kbr5-1024x1380.png 1024w, https:\/\/recarprofi.cz\/wp-content\/uploads\/2024\/04\/baoli-kbr5-801x1080.png 801w, https:\/\/recarprofi.cz\/wp-content\/uploads\/2024\/04\/baoli-kbr5-600x809.png 600w, https:\/\/recarprofi.cz\/wp-content\/uploads\/2024\/04\/baoli-kbr5.png 2018w\" sizes=\"(max-width: 420px) 100vw, 420px\" \/><\/a>\n\t\t\t<\/dt><\/dl><br style=\"clear: both\" \/>\n\t\t<\/div>\n\t\t<\/div>\n\t\t\t\t\t\t<\/div>\n\t\t\t\t<\/div>\n\t\t\t\t\t<\/div>\n\t\t<\/div>\n\t\t\t\t\t<\/div>\n\t\t<\/section>\n\t\t\t\t<\/div>\n\t\t","protected":false},"excerpt":{"rendered":"<p>\u0158adu retraku Baoli tvo\u0159\u00ed KBR 14 s nosnost\u00ed 1 400 kg, KBR 16L s nosnost\u00ed 1 600 kg a v\u00fd\u0161kou zdvihu a\u017e 9,4 metru. \u0158adu dopl\u0148uj\u00ed KBR 16 a KBR 20, kter\u00e9 jsou navr\u017eeny pro&hellip;<\/p>\n","protected":false},"author":1,"featured_media":30204,"parent":151,"menu_order":1,"comment_status":"closed","ping_status":"closed","template":"","meta":{"footnotes":""},"class_list":["post-30200","page","type-page","status-publish","has-post-thumbnail","hentry"],"_links":{"self":[{"href":"https:\/\/recarprofi.cz\/uvod\/wp-json\/wp\/v2\/pages\/30200","targetHints":{"allow":["GET"]}}],"collection":[{"href":"https:\/\/recarprofi.cz\/uvod\/wp-json\/wp\/v2\/pages"}],"about":[{"href":"https:\/\/recarprofi.cz\/uvod\/wp-json\/wp\/v2\/types\/page"}],"author":[{"embeddable":true,"href":"https:\/\/recarprofi.cz\/uvod\/wp-json\/wp\/v2\/users\/1"}],"replies":[{"embeddable":true,"href":"https:\/\/recarprofi.cz\/uvod\/wp-json\/wp\/v2\/comments?post=30200"}],"version-history":[{"count":20,"href":"https:\/\/recarprofi.cz\/uvod\/wp-json\/wp\/v2\/pages\/30200\/revisions"}],"predecessor-version":[{"id":30249,"href":"https:\/\/recarprofi.cz\/uvod\/wp-json\/wp\/v2\/pages\/30200\/revisions\/30249"}],"up":[{"embeddable":true,"href":"https:\/\/recarprofi.cz\/uvod\/wp-json\/wp\/v2\/pages\/151"}],"wp:featuredmedia":[{"embeddable":true,"href":"https:\/\/recarprofi.cz\/uvod\/wp-json\/wp\/v2\/media\/30204"}],"wp:attachment":[{"href":"https:\/\/recarprofi.cz\/uvod\/wp-json\/wp\/v2\/media?parent=30200"}],"curies":[{"name":"wp","href":"https:\/\/api.w.org\/{rel}","templated":true}]}}