{"id":3072,"date":"2013-03-11T15:46:38","date_gmt":"2013-03-11T14:46:38","guid":{"rendered":"http:\/\/recarprofi.cz\/?page_id=3072"},"modified":"2024-04-26T15:04:12","modified_gmt":"2024-04-26T13:04:12","slug":"shrnovace","status":"publish","type":"page","link":"https:\/\/recarprofi.cz\/uvod\/zemedelska-technika\/picniny\/shrnovace\/","title":{"rendered":"Shrnova\u010de p\u00edce"},"content":{"rendered":"\t\t<div data-elementor-type=\"wp-page\" data-elementor-id=\"3072\" class=\"elementor elementor-3072\">\n\t\t\t\t\t\t<section class=\"elementor-section elementor-top-section elementor-element elementor-element-a16a4fa elementor-section-boxed elementor-section-height-default elementor-section-height-default\" data-id=\"a16a4fa\" data-element_type=\"section\" data-e-type=\"section\">\n\t\t\t\t\t\t<div class=\"elementor-container elementor-column-gap-default\">\n\t\t\t\t\t<div class=\"elementor-column elementor-col-100 elementor-top-column elementor-element elementor-element-8dee7c6\" data-id=\"8dee7c6\" data-element_type=\"column\" data-e-type=\"column\">\n\t\t\t<div class=\"elementor-widget-wrap elementor-element-populated\">\n\t\t\t\t\t\t<div class=\"elementor-element elementor-element-f84c89a elementor-position-left elementor-vertical-align-top elementor-widget elementor-widget-image-box\" data-id=\"f84c89a\" data-element_type=\"widget\" data-e-type=\"widget\" data-widget_type=\"image-box.default\">\n\t\t\t\t<div class=\"elementor-widget-container\">\n\t\t\t\t\t<div class=\"elementor-image-box-wrapper\"><figure class=\"elementor-image-box-img\"><a href=\"https:\/\/recarprofi.cz\/uvod\/zemedelska-technika\/picniny\/shrnovace\/jednorotorove-unia\/\" tabindex=\"-1\"><img fetchpriority=\"high\" decoding=\"async\" width=\"800\" height=\"345\" src=\"https:\/\/recarprofi.cz\/wp-content\/uploads\/2018\/07\/unia-rak1.jpeg\" class=\"attachment-full size-full wp-image-10802\" alt=\"\" srcset=\"https:\/\/recarprofi.cz\/wp-content\/uploads\/2018\/07\/unia-rak1.jpeg 800w, https:\/\/recarprofi.cz\/wp-content\/uploads\/2018\/07\/unia-rak1-600x259.jpeg 600w\" sizes=\"(max-width: 800px) 100vw, 800px\" \/><\/a><\/figure><div class=\"elementor-image-box-content\"><h3 class=\"elementor-image-box-title\"><a href=\"https:\/\/recarprofi.cz\/uvod\/zemedelska-technika\/picniny\/shrnovace\/jednorotorove-unia\/\">Jednorotorov\u00e9 shrnova\u010de Unia<\/a><\/h3><p class=\"elementor-image-box-description\">Pracovn\u00ed z\u00e1b\u011br od 3,4 do 4,3m.<\/p><\/div><\/div>\t\t\t\t<\/div>\n\t\t\t\t<\/div>\n\t\t\t\t\t<\/div>\n\t\t<\/div>\n\t\t\t\t\t<\/div>\n\t\t<\/section>\n\t\t\t\t<section class=\"elementor-section elementor-top-section elementor-element elementor-element-319c113 elementor-section-boxed elementor-section-height-default elementor-section-height-default\" data-id=\"319c113\" data-element_type=\"section\" data-e-type=\"section\">\n\t\t\t\t\t\t<div class=\"elementor-container elementor-column-gap-default\">\n\t\t\t\t\t<div class=\"elementor-column elementor-col-100 elementor-top-column elementor-element elementor-element-29dfce3\" data-id=\"29dfce3\" data-element_type=\"column\" data-e-type=\"column\">\n\t\t\t<div class=\"elementor-widget-wrap elementor-element-populated\">\n\t\t\t\t\t\t<div class=\"elementor-element elementor-element-3bdfd64 elementor-position-left elementor-vertical-align-top elementor-widget elementor-widget-image-box\" data-id=\"3bdfd64\" data-element_type=\"widget\" data-e-type=\"widget\" data-widget_type=\"image-box.default\">\n\t\t\t\t<div class=\"elementor-widget-container\">\n\t\t\t\t\t<div class=\"elementor-image-box-wrapper\"><figure class=\"elementor-image-box-img\"><a href=\"https:\/\/recarprofi.cz\/uvod\/zemedelska-technika\/picniny\/shrnovace\/dvourotorovy-unia\/\" tabindex=\"-1\"><img decoding=\"async\" width=\"1000\" height=\"421\" src=\"https:\/\/recarprofi.cz\/wp-content\/uploads\/2018\/07\/unia-rak2.jpg\" class=\"attachment-full size-full wp-image-10809\" alt=\"\" srcset=\"https:\/\/recarprofi.cz\/wp-content\/uploads\/2018\/07\/unia-rak2.jpg 1000w, https:\/\/recarprofi.cz\/wp-content\/uploads\/2018\/07\/unia-rak2-600x253.jpg 600w, https:\/\/recarprofi.cz\/wp-content\/uploads\/2018\/07\/unia-rak2-420x177.jpg 420w, https:\/\/recarprofi.cz\/wp-content\/uploads\/2018\/07\/unia-rak2-744x313.jpg 744w, https:\/\/recarprofi.cz\/wp-content\/uploads\/2018\/07\/unia-rak2-768x323.jpg 768w\" sizes=\"(max-width: 1000px) 100vw, 1000px\" \/><\/a><\/figure><div class=\"elementor-image-box-content\"><h3 class=\"elementor-image-box-title\"><a href=\"https:\/\/recarprofi.cz\/uvod\/zemedelska-technika\/picniny\/shrnovace\/dvourotorovy-unia\/\">Dvourotorov\u00fd shrnova\u010d Unia<\/a><\/h3><p class=\"elementor-image-box-description\">Pracovn\u00ed z\u00e1b\u011br 7,4m.<\/p><\/div><\/div>\t\t\t\t<\/div>\n\t\t\t\t<\/div>\n\t\t\t\t\t<\/div>\n\t\t<\/div>\n\t\t\t\t\t<\/div>\n\t\t<\/section>\n\t\t\t\t<\/div>\n\t\t","protected":false},"excerpt":{"rendered":"<p>Jednorotorov\u00e9 shrnova\u010de Unia Pracovn\u00ed z\u00e1b\u011br od 3,4 do 4,3m. Dvourotorov\u00fd shrnova\u010d Unia Pracovn\u00ed z\u00e1b\u011br 7,4m.<\/p>\n","protected":false},"author":1,"featured_media":0,"parent":134,"menu_order":3,"comment_status":"closed","ping_status":"closed","template":"","meta":{"footnotes":""},"class_list":["post-3072","page","type-page","status-publish","hentry"],"_links":{"self":[{"href":"https:\/\/recarprofi.cz\/uvod\/wp-json\/wp\/v2\/pages\/3072","targetHints":{"allow":["GET"]}}],"collection":[{"href":"https:\/\/recarprofi.cz\/uvod\/wp-json\/wp\/v2\/pages"}],"about":[{"href":"https:\/\/recarprofi.cz\/uvod\/wp-json\/wp\/v2\/types\/page"}],"author":[{"embeddable":true,"href":"https:\/\/recarprofi.cz\/uvod\/wp-json\/wp\/v2\/users\/1"}],"replies":[{"embeddable":true,"href":"https:\/\/recarprofi.cz\/uvod\/wp-json\/wp\/v2\/comments?post=3072"}],"version-history":[{"count":32,"href":"https:\/\/recarprofi.cz\/uvod\/wp-json\/wp\/v2\/pages\/3072\/revisions"}],"predecessor-version":[{"id":31378,"href":"https:\/\/recarprofi.cz\/uvod\/wp-json\/wp\/v2\/pages\/3072\/revisions\/31378"}],"up":[{"embeddable":true,"href":"https:\/\/recarprofi.cz\/uvod\/wp-json\/wp\/v2\/pages\/134"}],"wp:attachment":[{"href":"https:\/\/recarprofi.cz\/uvod\/wp-json\/wp\/v2\/media?parent=3072"}],"curies":[{"name":"wp","href":"https:\/\/api.w.org\/{rel}","templated":true}]}}