{"id":3080,"date":"2013-03-11T15:51:39","date_gmt":"2013-03-11T14:51:39","guid":{"rendered":"http:\/\/recarprofi.cz\/?page_id=3080"},"modified":"2024-04-26T15:04:37","modified_gmt":"2024-04-26T13:04:37","slug":"jednorotorove-unia","status":"publish","type":"page","link":"https:\/\/recarprofi.cz\/uvod\/zemedelska-technika\/picniny\/shrnovace\/jednorotorove-unia\/","title":{"rendered":"Jednorotorov\u00e9 shrnova\u010de  Unia"},"content":{"rendered":"\t\t<div data-elementor-type=\"wp-page\" data-elementor-id=\"3080\" class=\"elementor elementor-3080\">\n\t\t\t\t\t\t<section class=\"elementor-section elementor-top-section elementor-element elementor-element-56685c15 elementor-section-boxed elementor-section-height-default elementor-section-height-default\" data-id=\"56685c15\" data-element_type=\"section\" data-e-type=\"section\">\n\t\t\t\t\t\t<div class=\"elementor-container elementor-column-gap-default\">\n\t\t\t\t\t<div class=\"elementor-column elementor-col-100 elementor-top-column elementor-element elementor-element-397947db\" data-id=\"397947db\" data-element_type=\"column\" data-e-type=\"column\">\n\t\t\t<div class=\"elementor-widget-wrap elementor-element-populated\">\n\t\t\t\t\t\t<div class=\"elementor-element elementor-element-767d0913 elementor-widget elementor-widget-text-editor\" data-id=\"767d0913\" data-element_type=\"widget\" data-e-type=\"widget\" data-widget_type=\"text-editor.default\">\n\t\t\t\t<div class=\"elementor-widget-container\">\n\t\t\t\t\t\t\t\t\t<p><a href=\"https:\/\/recarprofi.cz\/wp-content\/uploads\/2018\/07\/unia-rak.jpg\"><img fetchpriority=\"high\" decoding=\"async\" class=\"aligncenter wp-image-10804 size-full\" src=\"https:\/\/recarprofi.cz\/wp-content\/uploads\/2018\/07\/unia-rak.jpg\" alt=\"\" width=\"1000\" height=\"410\" srcset=\"https:\/\/recarprofi.cz\/wp-content\/uploads\/2018\/07\/unia-rak.jpg 1000w, https:\/\/recarprofi.cz\/wp-content\/uploads\/2018\/07\/unia-rak-600x246.jpg 600w, https:\/\/recarprofi.cz\/wp-content\/uploads\/2018\/07\/unia-rak-420x172.jpg 420w, https:\/\/recarprofi.cz\/wp-content\/uploads\/2018\/07\/unia-rak-744x305.jpg 744w, https:\/\/recarprofi.cz\/wp-content\/uploads\/2018\/07\/unia-rak-768x315.jpg 768w\" sizes=\"(max-width: 1000px) 100vw, 1000px\" \/><\/a><\/p><p><strong>RAK 1<\/strong> je jednorotorov\u00fd shrnova\u010d p\u00edce na jednoduch\u00e9m podvozku. Do standardn\u00ed v\u00fdbavy pat\u0159\u00ed:<\/p><p>\u00a0<\/p><ul><li>regulace v\u00fd\u0161ky shrnov\u00e1n\u00ed<\/li><li>bo\u010dn\u00ed doletov\u00e1 plachta<\/li><li>bez\u00fadr\u017ebov\u00e1 p\u0159evodovka<\/li><li>kardan s volnob\u011b\u017enou spojkou<\/li><li>pracovn\u00ed z\u00e1b\u011br\u00a0 3,4 m<\/li><li>\u0161\u00ed\u0159ka shrnut\u00e9ho \u0159\u00e1dku 0,6 &#8211; 0,9 m<\/li><li>po\u010det rotor\u016f \u00a01<\/li><li>pr\u016fm\u011br rotoru \u00a02,7 m<\/li><li>po\u010det ramen rotoru \u00a09<\/li><li>v\u00fdkonnost \u00a03,4 ha\/hod<\/li><li>ta\u017en\u00fd prost\u0159edek \u00a045 Hp<\/li><li>hmotnost \u00a0320 kg<\/li><\/ul><p><a href=\"https:\/\/recarprofi.cz\/wp-content\/uploads\/2018\/07\/unia-rak1.jpeg\"><img decoding=\"async\" class=\"aligncenter wp-image-10802 size-full\" src=\"https:\/\/recarprofi.cz\/wp-content\/uploads\/2018\/07\/unia-rak1.jpeg\" alt=\"\" width=\"800\" height=\"345\" srcset=\"https:\/\/recarprofi.cz\/wp-content\/uploads\/2018\/07\/unia-rak1.jpeg 800w, https:\/\/recarprofi.cz\/wp-content\/uploads\/2018\/07\/unia-rak1-600x259.jpeg 600w\" sizes=\"(max-width: 800px) 100vw, 800px\" \/><\/a><\/p><p><strong>RAK 1,12<\/strong> je jednorotorov\u00fd shrnova\u010d p\u00edce na tandemov\u00e9m podvozku. Do standardn\u00ed v\u00fdbavy pat\u0159\u00ed:<\/p><ul><li>regulace v\u00fd\u0161ky shrnov\u00e1n\u00ed<\/li><li>oto\u010dn\u00fd r\u00e1m, srd\u00ed\u010dkov\u00e9 ulo\u017een\u00ed<\/li><li>bo\u010dn\u00ed doletov\u00e1 plachta<\/li><li>bez\u00fadr\u017ebov\u00e1 p\u0159evodovka<\/li><li>kardan s volnob\u011b\u017enou spojkou<\/li><li>pracovn\u00ed z\u00e1b\u011br \u00a04,3 m<\/li><li>\u0161\u00ed\u0159ka shrnut\u00e9ho \u0159\u00e1dku 0,7 m<\/li><li>po\u010det rotor\u016f \u00a01<\/li><li>pr\u016fm\u011br rotoru \u00a03,35 m<\/li><li>po\u010det ramen rotoru \u00a012<\/li><li>v\u00fdkonnost \u00a04,7 ha\/hod<\/li><li>ta\u017en\u00fd prost\u0159edek \u00a045 Hp<\/li><li>hmotnost \u00a0490 kg<\/li><li>dopl\u0148kov\u00e1 v\u00fdbava p\u0159edn\u00ed kop\u00edrovac\u00ed kolo<\/li><\/ul>\t\t\t\t\t\t\t\t<\/div>\n\t\t\t\t<\/div>\n\t\t\t\t\t<\/div>\n\t\t<\/div>\n\t\t\t\t\t<\/div>\n\t\t<\/section>\n\t\t\t\t<\/div>\n\t\t","protected":false},"excerpt":{"rendered":"<p>RAK 1 je jednorotorov\u00fd shrnova\u010d p\u00edce na jednoduch\u00e9m podvozku. Do standardn\u00ed v\u00fdbavy pat\u0159\u00ed: regulace v\u00fd\u0161ky shrnov\u00e1n\u00ed bo\u010dn\u00ed doletov\u00e1 plachta bez\u00fadr\u017ebov\u00e1 p\u0159evodovka kardan s volnob\u011b\u017enou spojkou pracovn\u00ed z\u00e1b\u011br\u00a0 3,4 m \u0161\u00ed\u0159ka shrnut\u00e9ho \u0159\u00e1dku 0,6 &#8211; 0,9&hellip;<\/p>\n","protected":false},"author":1,"featured_media":0,"parent":3072,"menu_order":1,"comment_status":"closed","ping_status":"closed","template":"","meta":{"footnotes":""},"class_list":["post-3080","page","type-page","status-publish","hentry"],"_links":{"self":[{"href":"https:\/\/recarprofi.cz\/uvod\/wp-json\/wp\/v2\/pages\/3080","targetHints":{"allow":["GET"]}}],"collection":[{"href":"https:\/\/recarprofi.cz\/uvod\/wp-json\/wp\/v2\/pages"}],"about":[{"href":"https:\/\/recarprofi.cz\/uvod\/wp-json\/wp\/v2\/types\/page"}],"author":[{"embeddable":true,"href":"https:\/\/recarprofi.cz\/uvod\/wp-json\/wp\/v2\/users\/1"}],"replies":[{"embeddable":true,"href":"https:\/\/recarprofi.cz\/uvod\/wp-json\/wp\/v2\/comments?post=3080"}],"version-history":[{"count":24,"href":"https:\/\/recarprofi.cz\/uvod\/wp-json\/wp\/v2\/pages\/3080\/revisions"}],"predecessor-version":[{"id":31371,"href":"https:\/\/recarprofi.cz\/uvod\/wp-json\/wp\/v2\/pages\/3080\/revisions\/31371"}],"up":[{"embeddable":true,"href":"https:\/\/recarprofi.cz\/uvod\/wp-json\/wp\/v2\/pages\/3072"}],"wp:attachment":[{"href":"https:\/\/recarprofi.cz\/uvod\/wp-json\/wp\/v2\/media?parent=3080"}],"curies":[{"name":"wp","href":"https:\/\/api.w.org\/{rel}","templated":true}]}}