{"id":3184,"date":"2013-03-12T12:31:48","date_gmt":"2013-03-12T11:31:48","guid":{"rendered":"http:\/\/recarprofi.cz\/?page_id=3184"},"modified":"2024-04-26T14:56:48","modified_gmt":"2024-04-26T12:56:48","slug":"tazene-unia","status":"publish","type":"page","link":"https:\/\/recarprofi.cz\/uvod\/zemedelska-technika\/picniny\/balicky\/tazene-unia\/","title":{"rendered":"Ta\u017een\u00e9 bali\u010dky na kulat\u00e9 bal\u00edky Unia"},"content":{"rendered":"\t\t<div data-elementor-type=\"wp-page\" data-elementor-id=\"3184\" class=\"elementor elementor-3184\">\n\t\t\t\t\t\t<section class=\"elementor-section elementor-top-section elementor-element elementor-element-358a58e0 elementor-section-boxed elementor-section-height-default elementor-section-height-default\" data-id=\"358a58e0\" data-element_type=\"section\" data-e-type=\"section\">\n\t\t\t\t\t\t<div class=\"elementor-container elementor-column-gap-default\">\n\t\t\t\t\t<div class=\"elementor-column elementor-col-100 elementor-top-column elementor-element elementor-element-6fd33372\" data-id=\"6fd33372\" data-element_type=\"column\" data-e-type=\"column\">\n\t\t\t<div class=\"elementor-widget-wrap elementor-element-populated\">\n\t\t\t\t\t\t<div class=\"elementor-element elementor-element-621135b6 elementor-widget elementor-widget-text-editor\" data-id=\"621135b6\" data-element_type=\"widget\" data-e-type=\"widget\" data-widget_type=\"text-editor.default\">\n\t\t\t\t<div class=\"elementor-widget-container\">\n\t\t\t\t\t\t\t\t\t<p><a href=\"https:\/\/recarprofi.cz\/wp-content\/uploads\/2018\/07\/unia-gucio5.png\"><img fetchpriority=\"high\" decoding=\"async\" class=\"aligncenter wp-image-10778 size-full\" src=\"https:\/\/recarprofi.cz\/wp-content\/uploads\/2018\/07\/unia-gucio5.png\" alt=\"\" width=\"700\" height=\"700\" srcset=\"https:\/\/recarprofi.cz\/wp-content\/uploads\/2018\/07\/unia-gucio5.png 700w, https:\/\/recarprofi.cz\/wp-content\/uploads\/2018\/07\/unia-gucio5-100x100.png 100w, https:\/\/recarprofi.cz\/wp-content\/uploads\/2018\/07\/unia-gucio5-600x600.png 600w, https:\/\/recarprofi.cz\/wp-content\/uploads\/2018\/07\/unia-gucio5-420x420.png 420w\" sizes=\"(max-width: 700px) 100vw, 700px\" \/><\/a><\/p><p><strong>GUCIO H \/ E<\/strong><\/p><p>Ta\u017een\u00e1 ov\u00edje\u010dka UNIA GUCIO\u00a0 pracuje syst\u00e9mem \u201ezep\u0159edu-dozadu&#8220; , tak\u017ee se po poli pohybuje stejn\u00fdm sm\u011brem jako lis (ve sm\u011bru lisov\u00e1n\u00ed a ne nap\u0159\u00ed\u010d). D\u00edky vybaven\u00ed speci\u00e1ln\u00edm hydraulick\u00fdm stav\u011bc\u00edm za\u0159\u00edzen\u00edm se bal\u00edky stav\u011bj\u00ed na \u010delo, co\u017e v\u00fdznamn\u011b sni\u017euje riziko po\u0161kozen\u00ed f\u00f3lie a ve sva\u017eit\u00e9m ter\u00e9nu nedoch\u00e1z\u00ed k\u00a0jejich odkut\u00e1len\u00ed. Bal\u00edky je mo\u017eno rovn\u011b\u017e vykl\u00e1dat standardn\u011b, tzn. vyklopit dozadu.<\/p><p><strong>Technick\u00e9 parametry:<\/strong><\/p><table><tbody><tr><td width=\"85\"><strong>Model<\/strong><\/td><td width=\"85\"><strong>Gucio E<\/strong><\/td><td width=\"85\"><strong>Gucio H<\/strong><\/td><\/tr><tr><td width=\"85\">Ovlada\u010d<\/td><td width=\"85\">Pilot<\/td><td width=\"85\">Mechanick\u00fd rozvad\u011b\u010d<\/td><\/tr><tr><td width=\"85\">Podava\u010d folie mm<\/td><td width=\"85\">500 \/ 750<\/td><td width=\"85\">500 \/ 750<\/td><\/tr><tr><td width=\"85\">Kola<\/td><td width=\"85\">400\/60-15,5<\/td><td width=\"85\">400\/60-15,5<\/td><\/tr><tr><td width=\"85\">Nakl\u00e1dka bal\u00edku<\/td><td width=\"85\">\u010deln\u00ed<\/td><td width=\"85\">\u010deln\u00ed<\/td><\/tr><tr><td width=\"85\">Pr\u016fm\u011br bal\u00edku (m)<\/td><td width=\"85\">1,2-1,5<\/td><td width=\"85\">1,2-1,5<\/td><\/tr><tr><td width=\"85\">Max. hmotnost bal\u00edku (kg)<\/td><td width=\"85\">1.200<\/td><td width=\"85\">1.200<\/td><\/tr><tr><td width=\"85\">V\u00fdkon traktoru (k)<\/td><td width=\"85\">40<\/td><td width=\"85\">40<\/td><\/tr><tr><td width=\"85\">Ovl\u00e1d\u00e1n\u00ed<\/td><td width=\"85\">elektronick\u00fd<\/td><td width=\"85\">mechanick\u00fd<\/td><\/tr><tr><td width=\"85\">Dr\u017e\u00e1ky folie (ks)<\/td><td width=\"85\">2<\/td><td width=\"85\">2<\/td><\/tr><tr><td width=\"85\">Stav\u011b\u010d bal\u00edk\u016f<\/td><td width=\"85\">ano<\/td><td width=\"85\">ano<\/td><\/tr><tr><td width=\"85\">Oto\u010dn\u00fd st\u016fl ov\u00edjen\u00ed<\/td><td width=\"85\">ano<\/td><td width=\"85\">ano<\/td><\/tr><tr><td width=\"85\">Olejov\u00fd filtr<\/td><td width=\"85\">ano<\/td><td width=\"85\">ano<\/td><\/tr><tr><td width=\"85\">Rozm\u011bry (m)<\/td><td width=\"85\">4,41&#215;2,72&#215;2,24<\/td><td width=\"85\">4,41&#215;2,72&#215;2,24<\/td><\/tr><tr><td width=\"85\">Hmotnost (kg)<\/td><td width=\"85\">1.250<\/td><td width=\"85\">1,250<\/td><\/tr><\/tbody><\/table><p>\u00a0<\/p><p>\u00a0<\/p><p><a href=\"https:\/\/recarprofi.cz\/wp-content\/uploads\/2018\/07\/unia-twister5.jpg\"><img decoding=\"async\" class=\"aligncenter wp-image-10780 size-full\" src=\"https:\/\/recarprofi.cz\/wp-content\/uploads\/2018\/07\/unia-twister5.jpg\" alt=\"\" width=\"538\" height=\"424\" srcset=\"https:\/\/recarprofi.cz\/wp-content\/uploads\/2018\/07\/unia-twister5.jpg 538w, https:\/\/recarprofi.cz\/wp-content\/uploads\/2018\/07\/unia-twister5-416x328.jpg 416w, https:\/\/recarprofi.cz\/wp-content\/uploads\/2018\/07\/unia-twister5-420x331.jpg 420w\" sizes=\"(max-width: 538px) 100vw, 538px\" \/><\/a><\/p><p><strong>UNIA TWISTER\u00a0 H \/ E<\/strong><\/p><p>Ta\u017een\u00e1 ov\u00edje\u010dka UNIA TWISTER pracuje syst\u00e9mem \u201ezep\u0159edu-dozadu&#8220; , tak\u017ee se po poli pohybuje stejn\u00fdm sm\u011brem jako lis (ve sm\u011bru lisov\u00e1n\u00ed a ne nap\u0159\u00ed\u010d). Dva podava\u010de f\u00f3lie na ob\u011b\u017en\u00fdch ramenech se pohybuj\u00ed okolo bal\u00edku. St\u016fl stoj\u00ed. D\u00edky vybaven\u00ed speci\u00e1ln\u00edm hydraulick\u00fdm stav\u011bc\u00edm za\u0159\u00edzen\u00edm se bal\u00edky stav\u011bj\u00ed na \u010delo, co\u017e v\u00fdznamn\u011b sni\u017euje riziko po\u0161kozen\u00ed f\u00f3lie a ve sva\u017eit\u00e9m ter\u00e9nu nedoch\u00e1z\u00ed k\u00a0jejich odkut\u00e1len\u00ed. Bal\u00edky je mo\u017eno rovn\u011b\u017e vykl\u00e1dat standardn\u011b, tzn. vyklopit dozadu.<\/p><p><strong>Technick\u00e9 parametry:<\/strong><\/p><table><tbody><tr><td width=\"85\"><strong>Model<\/strong><\/td><td width=\"85\"><strong>Twister E<\/strong><\/td><td width=\"85\"><strong>Twister H<\/strong><\/td><\/tr><tr><td width=\"85\">Ovlada\u010d<\/td><td width=\"85\">Pilot<\/td><td width=\"85\">Mechanick\u00fd rozvad\u011b\u010d<\/td><\/tr><tr><td width=\"85\">Podava\u010d folie (mm)<\/td><td width=\"85\">750<\/td><td width=\"85\">750<\/td><\/tr><tr><td width=\"85\">Kola<\/td><td width=\"85\">340\/55-16<\/td><td width=\"85\">340\/55-16<\/td><\/tr><tr><td width=\"85\">Nakl\u00e1dka bal\u00edku<\/td><td width=\"85\">\u010deln\u00ed<\/td><td width=\"85\">\u010deln\u00ed<\/td><\/tr><tr><td width=\"85\">Pr\u016fm\u011br bal\u00edku (m)<\/td><td width=\"85\">1-1,5<\/td><td width=\"85\">1-1,5<\/td><\/tr><tr><td width=\"85\">Max.hmotnost bal\u00edku (kg)<\/td><td width=\"85\">1.200<\/td><td width=\"85\">1.200<\/td><\/tr><tr><td width=\"85\">V\u00fdkon traktoru (k)<\/td><td width=\"85\">45<\/td><td width=\"85\">45<\/td><\/tr><tr><td width=\"85\">Ovl\u00e1d\u00e1n\u00ed<\/td><td width=\"85\">elektronick\u00e9<\/td><td width=\"85\">mechanick\u00e9<\/td><\/tr><tr><td width=\"85\">Dr\u017e\u00e1ky folie (ks)<\/td><td width=\"85\">2<\/td><td width=\"85\">2<\/td><\/tr><tr><td width=\"85\">Stav\u011b\u010d balik\u016f<\/td><td width=\"85\">ano<\/td><td width=\"85\">ano<\/td><\/tr><tr><td width=\"85\">Oto\u010dn\u00fd st\u016fl nav\u00edjen\u00ed<\/td><td width=\"85\">ne<\/td><td width=\"85\">ne<\/td><\/tr><tr><td width=\"85\">Olejov\u00fd filtr<\/td><td width=\"85\">ano<\/td><td width=\"85\">ano<\/td><\/tr><tr><td width=\"85\">Rozm\u011bry (m)<\/td><td width=\"85\">4,65&#215;2,6&#215;2,83<\/td><td width=\"85\">4,65&#215;2,6&#215;2,83<\/td><\/tr><tr><td width=\"85\">Hmotnost (kg)<\/td><td width=\"85\">1.400<\/td><td width=\"85\">1.320<\/td><\/tr><\/tbody><\/table><p><a href=\"http:\/\/recarprofi.cz\/wp-content\/uploads\/2018\/07\/unia-gucio.jpg\"><img decoding=\"async\" class=\"aligncenter wp-image-10774 size-large\" src=\"https:\/\/recarprofi.cz\/wp-content\/uploads\/2018\/07\/unia-gucio-1200x675.jpg\" alt=\"\" width=\"1140\" height=\"641\" srcset=\"https:\/\/recarprofi.cz\/wp-content\/uploads\/2018\/07\/unia-gucio-1200x675.jpg 1200w, https:\/\/recarprofi.cz\/wp-content\/uploads\/2018\/07\/unia-gucio-600x338.jpg 600w, https:\/\/recarprofi.cz\/wp-content\/uploads\/2018\/07\/unia-gucio-420x236.jpg 420w, https:\/\/recarprofi.cz\/wp-content\/uploads\/2018\/07\/unia-gucio-744x419.jpg 744w, https:\/\/recarprofi.cz\/wp-content\/uploads\/2018\/07\/unia-gucio-768x432.jpg 768w, https:\/\/recarprofi.cz\/wp-content\/uploads\/2018\/07\/unia-gucio.jpg 1920w\" sizes=\"(max-width: 1140px) 100vw, 1140px\" \/><\/a><\/p><p><a href=\"https:\/\/recarprofi.cz\/wp-content\/uploads\/2016\/05\/unia-twister.jpg\"><img loading=\"lazy\" decoding=\"async\" class=\"aligncenter wp-image-7669 size-large\" src=\"https:\/\/recarprofi.cz\/wp-content\/uploads\/2016\/05\/unia-twister-1024x428.jpg\" alt=\"\" width=\"1024\" height=\"428\" srcset=\"https:\/\/recarprofi.cz\/wp-content\/uploads\/2016\/05\/unia-twister-1024x428.jpg 1024w, https:\/\/recarprofi.cz\/wp-content\/uploads\/2016\/05\/unia-twister-600x251.jpg 600w, https:\/\/recarprofi.cz\/wp-content\/uploads\/2016\/05\/unia-twister-300x125.jpg 300w, https:\/\/recarprofi.cz\/wp-content\/uploads\/2016\/05\/unia-twister-768x321.jpg 768w, https:\/\/recarprofi.cz\/wp-content\/uploads\/2016\/05\/unia-twister-938x392.jpg 938w, https:\/\/recarprofi.cz\/wp-content\/uploads\/2016\/05\/unia-twister.jpg 1100w\" sizes=\"(max-width: 1024px) 100vw, 1024px\" \/><\/a><\/p><p><a href=\"https:\/\/recarprofi.cz\/wp-content\/uploads\/2018\/07\/unia-twister1.jpg\"><img loading=\"lazy\" decoding=\"async\" class=\"aligncenter wp-image-10766 size-full\" src=\"https:\/\/recarprofi.cz\/wp-content\/uploads\/2018\/07\/unia-twister1.jpg\" alt=\"\" width=\"800\" height=\"600\" srcset=\"https:\/\/recarprofi.cz\/wp-content\/uploads\/2018\/07\/unia-twister1.jpg 800w, https:\/\/recarprofi.cz\/wp-content\/uploads\/2018\/07\/unia-twister1-600x450.jpg 600w, https:\/\/recarprofi.cz\/wp-content\/uploads\/2018\/07\/unia-twister1-420x315.jpg 420w, https:\/\/recarprofi.cz\/wp-content\/uploads\/2018\/07\/unia-twister1-744x558.jpg 744w, https:\/\/recarprofi.cz\/wp-content\/uploads\/2018\/07\/unia-twister1-768x576.jpg 768w\" sizes=\"(max-width: 800px) 100vw, 800px\" \/><\/a><\/p>\t\t\t\t\t\t\t\t<\/div>\n\t\t\t\t<\/div>\n\t\t\t\t\t<\/div>\n\t\t<\/div>\n\t\t\t\t\t<\/div>\n\t\t<\/section>\n\t\t\t\t<\/div>\n\t\t","protected":false},"excerpt":{"rendered":"<p>GUCIO H \/ E Ta\u017een\u00e1 ov\u00edje\u010dka UNIA GUCIO\u00a0 pracuje syst\u00e9mem \u201ezep\u0159edu-dozadu&#8220; , tak\u017ee se po poli pohybuje stejn\u00fdm sm\u011brem jako lis (ve sm\u011bru lisov\u00e1n\u00ed a ne nap\u0159\u00ed\u010d). D\u00edky vybaven\u00ed speci\u00e1ln\u00edm hydraulick\u00fdm stav\u011bc\u00edm za\u0159\u00edzen\u00edm se bal\u00edky&hellip;<\/p>\n","protected":false},"author":1,"featured_media":0,"parent":3064,"menu_order":2,"comment_status":"closed","ping_status":"closed","template":"","meta":{"footnotes":""},"class_list":["post-3184","page","type-page","status-publish","hentry"],"_links":{"self":[{"href":"https:\/\/recarprofi.cz\/uvod\/wp-json\/wp\/v2\/pages\/3184","targetHints":{"allow":["GET"]}}],"collection":[{"href":"https:\/\/recarprofi.cz\/uvod\/wp-json\/wp\/v2\/pages"}],"about":[{"href":"https:\/\/recarprofi.cz\/uvod\/wp-json\/wp\/v2\/types\/page"}],"author":[{"embeddable":true,"href":"https:\/\/recarprofi.cz\/uvod\/wp-json\/wp\/v2\/users\/1"}],"replies":[{"embeddable":true,"href":"https:\/\/recarprofi.cz\/uvod\/wp-json\/wp\/v2\/comments?post=3184"}],"version-history":[{"count":28,"href":"https:\/\/recarprofi.cz\/uvod\/wp-json\/wp\/v2\/pages\/3184\/revisions"}],"predecessor-version":[{"id":21391,"href":"https:\/\/recarprofi.cz\/uvod\/wp-json\/wp\/v2\/pages\/3184\/revisions\/21391"}],"up":[{"embeddable":true,"href":"https:\/\/recarprofi.cz\/uvod\/wp-json\/wp\/v2\/pages\/3064"}],"wp:attachment":[{"href":"https:\/\/recarprofi.cz\/uvod\/wp-json\/wp\/v2\/media?parent=3184"}],"curies":[{"name":"wp","href":"https:\/\/api.w.org\/{rel}","templated":true}]}}