{"id":32223,"date":"2024-12-13T14:15:03","date_gmt":"2024-12-13T13:15:03","guid":{"rendered":"https:\/\/recarprofi.cz\/uvod\/?page_id=32223"},"modified":"2026-02-25T11:44:46","modified_gmt":"2026-02-25T10:44:46","slug":"svahove-mulcovace","status":"publish","type":"page","link":"https:\/\/recarprofi.cz\/uvod\/komunalni-technika\/svahove-mulcovace\/","title":{"rendered":"Svahov\u00e9 mul\u010dova\u010de"},"content":{"rendered":"\t\t<div data-elementor-type=\"wp-page\" data-elementor-id=\"32223\" class=\"elementor elementor-32223\">\n\t\t\t\t\t\t<section class=\"elementor-section elementor-top-section elementor-element elementor-element-7778899 elementor-section-boxed elementor-section-height-default elementor-section-height-default\" data-id=\"7778899\" data-element_type=\"section\" data-e-type=\"section\">\n\t\t\t\t\t\t<div class=\"elementor-container elementor-column-gap-default\">\n\t\t\t\t\t<div class=\"elementor-column elementor-col-33 elementor-top-column elementor-element elementor-element-5117108\" data-id=\"5117108\" data-element_type=\"column\" data-e-type=\"column\">\n\t\t\t<div class=\"elementor-widget-wrap elementor-element-populated\">\n\t\t\t\t\t\t<div class=\"elementor-element elementor-element-fea830f elementor-position-top elementor-widget elementor-widget-image-box\" data-id=\"fea830f\" data-element_type=\"widget\" data-e-type=\"widget\" data-widget_type=\"image-box.default\">\n\t\t\t\t<div class=\"elementor-widget-container\">\n\t\t\t\t\t<div class=\"elementor-image-box-wrapper\"><figure class=\"elementor-image-box-img\"><a href=\"https:\/\/recarprofi.cz\/uvod\/komunalni-technika\/svahove-mulcovace\/green-climber-f-23\/\" tabindex=\"-1\"><img decoding=\"async\" width=\"100\" height=\"100\" src=\"https:\/\/recarprofi.cz\/wp-content\/uploads\/2024\/12\/gren-climber-f23-100x100.jpg\" class=\"attachment-woocommerce_gallery_thumbnail size-woocommerce_gallery_thumbnail wp-image-32224\" alt=\"\" \/><\/a><\/figure><div class=\"elementor-image-box-content\"><h3 class=\"elementor-image-box-title\"><a href=\"https:\/\/recarprofi.cz\/uvod\/komunalni-technika\/svahove-mulcovace\/green-climber-f-23\/\">Green Climber F23<\/a><\/h3><p class=\"elementor-image-box-description\">Hmotnost 470 kg, svah 60\u00b0<\/p><\/div><\/div>\t\t\t\t<\/div>\n\t\t\t\t<\/div>\n\t\t\t\t\t<\/div>\n\t\t<\/div>\n\t\t\t\t<div class=\"elementor-column elementor-col-33 elementor-top-column elementor-element elementor-element-ab388f4\" data-id=\"ab388f4\" data-element_type=\"column\" data-e-type=\"column\">\n\t\t\t<div class=\"elementor-widget-wrap elementor-element-populated\">\n\t\t\t\t\t\t<div class=\"elementor-element elementor-element-7d76694 elementor-position-top elementor-widget elementor-widget-image-box\" data-id=\"7d76694\" data-element_type=\"widget\" data-e-type=\"widget\" data-widget_type=\"image-box.default\">\n\t\t\t\t<div class=\"elementor-widget-container\">\n\t\t\t\t\t<div class=\"elementor-image-box-wrapper\"><figure class=\"elementor-image-box-img\"><a href=\"https:\/\/recarprofi.cz\/uvod\/komunalni-technika\/svahove-mulcovace\/stella-urs-85\/\" tabindex=\"-1\"><img decoding=\"async\" width=\"100\" height=\"100\" src=\"https:\/\/recarprofi.cz\/wp-content\/uploads\/2024\/12\/stella-1-100x100.jpg\" class=\"attachment-woocommerce_gallery_thumbnail size-woocommerce_gallery_thumbnail wp-image-32225\" alt=\"\" \/><\/a><\/figure><div class=\"elementor-image-box-content\"><h3 class=\"elementor-image-box-title\"><a href=\"https:\/\/recarprofi.cz\/uvod\/komunalni-technika\/svahove-mulcovace\/stella-urs-85\/\">Stella URS 85<\/a><\/h3><p class=\"elementor-image-box-description\">Hmotnost 600 kg, svah 60\u00b0<\/p><\/div><\/div>\t\t\t\t<\/div>\n\t\t\t\t<\/div>\n\t\t\t\t\t<\/div>\n\t\t<\/div>\n\t\t\t\t<div class=\"elementor-column elementor-col-33 elementor-top-column elementor-element elementor-element-d278129\" data-id=\"d278129\" data-element_type=\"column\" data-e-type=\"column\">\n\t\t\t<div class=\"elementor-widget-wrap elementor-element-populated\">\n\t\t\t\t\t\t<div class=\"elementor-element elementor-element-2b69cdb elementor-position-top elementor-widget elementor-widget-image-box\" data-id=\"2b69cdb\" data-element_type=\"widget\" data-e-type=\"widget\" data-widget_type=\"image-box.default\">\n\t\t\t\t<div class=\"elementor-widget-container\">\n\t\t\t\t\t<div class=\"elementor-image-box-wrapper\"><figure class=\"elementor-image-box-img\"><a href=\"https:\/\/recarprofi.cz\/uvod\/komunalni-technika\/svahove-mulcovace\/stella-urs-100\/\" tabindex=\"-1\"><img decoding=\"async\" width=\"100\" height=\"100\" src=\"https:\/\/recarprofi.cz\/wp-content\/uploads\/2024\/12\/stella-100-100x100.jpg\" class=\"attachment-woocommerce_gallery_thumbnail size-woocommerce_gallery_thumbnail wp-image-32226\" alt=\"\" srcset=\"https:\/\/recarprofi.cz\/wp-content\/uploads\/2024\/12\/stella-100-100x100.jpg 100w, https:\/\/recarprofi.cz\/wp-content\/uploads\/2024\/12\/stella-100.jpg 225w\" sizes=\"(max-width: 100px) 100vw, 100px\" \/><\/a><\/figure><div class=\"elementor-image-box-content\"><h3 class=\"elementor-image-box-title\"><a href=\"https:\/\/recarprofi.cz\/uvod\/komunalni-technika\/svahove-mulcovace\/stella-urs-100\/\">Stella URS 100<\/a><\/h3><p class=\"elementor-image-box-description\">Hmotnost 640 kg, svah 60\u00b0<\/p><\/div><\/div>\t\t\t\t<\/div>\n\t\t\t\t<\/div>\n\t\t\t\t\t<\/div>\n\t\t<\/div>\n\t\t\t\t\t<\/div>\n\t\t<\/section>\n\t\t\t\t<\/div>\n\t\t","protected":false},"excerpt":{"rendered":"<p>Green Climber F23 Hmotnost 470 kg, svah 60\u00b0 Stella URS 85 Hmotnost 600 kg, svah 60\u00b0 Stella URS 100 Hmotnost 640 kg, svah 60\u00b0<\/p>\n","protected":false},"author":1,"featured_media":32230,"parent":6072,"menu_order":13,"comment_status":"closed","ping_status":"closed","template":"","meta":{"footnotes":""},"class_list":["post-32223","page","type-page","status-publish","has-post-thumbnail","hentry"],"_links":{"self":[{"href":"https:\/\/recarprofi.cz\/uvod\/wp-json\/wp\/v2\/pages\/32223","targetHints":{"allow":["GET"]}}],"collection":[{"href":"https:\/\/recarprofi.cz\/uvod\/wp-json\/wp\/v2\/pages"}],"about":[{"href":"https:\/\/recarprofi.cz\/uvod\/wp-json\/wp\/v2\/types\/page"}],"author":[{"embeddable":true,"href":"https:\/\/recarprofi.cz\/uvod\/wp-json\/wp\/v2\/users\/1"}],"replies":[{"embeddable":true,"href":"https:\/\/recarprofi.cz\/uvod\/wp-json\/wp\/v2\/comments?post=32223"}],"version-history":[{"count":22,"href":"https:\/\/recarprofi.cz\/uvod\/wp-json\/wp\/v2\/pages\/32223\/revisions"}],"predecessor-version":[{"id":32843,"href":"https:\/\/recarprofi.cz\/uvod\/wp-json\/wp\/v2\/pages\/32223\/revisions\/32843"}],"up":[{"embeddable":true,"href":"https:\/\/recarprofi.cz\/uvod\/wp-json\/wp\/v2\/pages\/6072"}],"wp:featuredmedia":[{"embeddable":true,"href":"https:\/\/recarprofi.cz\/uvod\/wp-json\/wp\/v2\/media\/32230"}],"wp:attachment":[{"href":"https:\/\/recarprofi.cz\/uvod\/wp-json\/wp\/v2\/media?parent=32223"}],"curies":[{"name":"wp","href":"https:\/\/api.w.org\/{rel}","templated":true}]}}