{"id":32791,"date":"2026-02-20T14:48:13","date_gmt":"2026-02-20T13:48:13","guid":{"rendered":"https:\/\/recarprofi.cz\/uvod\/?page_id=32791"},"modified":"2026-02-20T14:55:32","modified_gmt":"2026-02-20T13:55:32","slug":"green-climber-f-23","status":"publish","type":"page","link":"https:\/\/recarprofi.cz\/uvod\/komunalni-technika\/svahove-mulcovace\/green-climber-f-23\/","title":{"rendered":"Green Climber F-23"},"content":{"rendered":"\t\t<div data-elementor-type=\"wp-page\" data-elementor-id=\"32791\" class=\"elementor elementor-32791\">\n\t\t\t\t\t\t<section class=\"elementor-section elementor-top-section elementor-element elementor-element-e06fb77 elementor-section-boxed elementor-section-height-default elementor-section-height-default\" data-id=\"e06fb77\" data-element_type=\"section\" data-e-type=\"section\">\n\t\t\t\t\t\t<div class=\"elementor-container elementor-column-gap-default\">\n\t\t\t\t\t<div class=\"elementor-column elementor-col-100 elementor-top-column elementor-element elementor-element-980b5f4\" data-id=\"980b5f4\" data-element_type=\"column\" data-e-type=\"column\">\n\t\t\t<div class=\"elementor-widget-wrap elementor-element-populated\">\n\t\t\t\t\t\t<div class=\"elementor-element elementor-element-ec3807c elementor-widget elementor-widget-image\" data-id=\"ec3807c\" data-element_type=\"widget\" data-e-type=\"widget\" data-widget_type=\"image.default\">\n\t\t\t\t<div class=\"elementor-widget-container\">\n\t\t\t\t\t\t\t\t\t\t\t\t\t\t\t<img fetchpriority=\"high\" decoding=\"async\" width=\"800\" height=\"600\" src=\"https:\/\/recarprofi.cz\/wp-content\/uploads\/2026\/02\/green-climber-f236.jpg\" class=\"attachment-large size-large wp-image-32792\" alt=\"\" srcset=\"https:\/\/recarprofi.cz\/wp-content\/uploads\/2026\/02\/green-climber-f236.jpg 800w, https:\/\/recarprofi.cz\/wp-content\/uploads\/2026\/02\/green-climber-f236-744x558.jpg 744w, https:\/\/recarprofi.cz\/wp-content\/uploads\/2026\/02\/green-climber-f236-420x315.jpg 420w, https:\/\/recarprofi.cz\/wp-content\/uploads\/2026\/02\/green-climber-f236-768x576.jpg 768w, https:\/\/recarprofi.cz\/wp-content\/uploads\/2026\/02\/green-climber-f236-600x450.jpg 600w\" sizes=\"(max-width: 800px) 100vw, 800px\" \/>\t\t\t\t\t\t\t\t\t\t\t\t\t\t\t<\/div>\n\t\t\t\t<\/div>\n\t\t\t\t\t<\/div>\n\t\t<\/div>\n\t\t\t\t\t<\/div>\n\t\t<\/section>\n\t\t\t\t<section class=\"elementor-section elementor-top-section elementor-element elementor-element-941509e elementor-section-boxed elementor-section-height-default elementor-section-height-default\" data-id=\"941509e\" data-element_type=\"section\" data-e-type=\"section\">\n\t\t\t\t\t\t<div class=\"elementor-container elementor-column-gap-default\">\n\t\t\t\t\t<div class=\"elementor-column elementor-col-100 elementor-top-column elementor-element elementor-element-de39c4f\" data-id=\"de39c4f\" data-element_type=\"column\" data-e-type=\"column\">\n\t\t\t<div class=\"elementor-widget-wrap elementor-element-populated\">\n\t\t\t\t\t\t<div class=\"elementor-element elementor-element-af0903c elementor-widget elementor-widget-text-editor\" data-id=\"af0903c\" data-element_type=\"widget\" data-e-type=\"widget\" data-widget_type=\"text-editor.default\">\n\t\t\t\t<div class=\"elementor-widget-container\">\n\t\t\t\t\t\t\t\t\t<ul class=\"properties\"><li>d\u00e1lkov\u011b ovl\u00e1dan\u00e1 p\u00e1sov\u00e1 seka\u010dka<\/li><li>\u00fadr\u017eba travnat\u00fdch ploch, krajnic, n\u00e1sp\u016f<\/li><li>extr\u00e9mn\u00ed ter\u00e9ny a svahy a\u017e do 60\u00b0<\/li><li>d\u00e1lkov\u011b nastaviteln\u00e1 v\u00fd\u0161ka se\u010den\u00ed<\/li><li>hmotnost 470 kg<\/li><li>vysok\u00e1 produktivita a n\u00edzk\u00e9 provozn\u00ed n\u00e1klady<\/li><li>V\u0161echny pohyby stroje jsou d\u00e1lkov\u011b ovl\u00e1dan\u00e9, a to z bezpe\u010dn\u00e9 vzd\u00e1lenosti a\u017e 100 m.<\/li><li>Pohyby vp\u0159ed\/vzad\/vlevo\/vpravo jsou ovl\u00e1dan\u00e9 jedin\u00fdm joystickem, to umo\u017e\u0148uje m\u00edt v\u017edy volnou ruku pro dal\u0161\u00ed \u0159\u00edzen\u00ed stoje.<\/li><\/ul>\t\t\t\t\t\t\t\t<\/div>\n\t\t\t\t<\/div>\n\t\t\t\t\t<\/div>\n\t\t<\/div>\n\t\t\t\t\t<\/div>\n\t\t<\/section>\n\t\t\t\t<section class=\"elementor-section elementor-top-section elementor-element elementor-element-210cdaf elementor-section-boxed elementor-section-height-default elementor-section-height-default\" data-id=\"210cdaf\" data-element_type=\"section\" data-e-type=\"section\">\n\t\t\t\t\t\t<div class=\"elementor-container elementor-column-gap-default\">\n\t\t\t\t\t<div class=\"elementor-column elementor-col-50 elementor-top-column elementor-element elementor-element-4a62e28\" data-id=\"4a62e28\" data-element_type=\"column\" data-e-type=\"column\">\n\t\t\t<div class=\"elementor-widget-wrap elementor-element-populated\">\n\t\t\t\t\t\t<div class=\"elementor-element elementor-element-c49a38c elementor-widget elementor-widget-image\" data-id=\"c49a38c\" data-element_type=\"widget\" data-e-type=\"widget\" data-widget_type=\"image.default\">\n\t\t\t\t<div class=\"elementor-widget-container\">\n\t\t\t\t\t\t\t\t\t\t\t\t\t\t\t<img decoding=\"async\" width=\"847\" height=\"565\" src=\"https:\/\/recarprofi.cz\/wp-content\/uploads\/2026\/02\/green-climber-f231-1-1200x800.webp\" class=\"attachment-large size-large wp-image-32793\" alt=\"\" srcset=\"https:\/\/recarprofi.cz\/wp-content\/uploads\/2026\/02\/green-climber-f231-1-1200x800.webp 1200w, https:\/\/recarprofi.cz\/wp-content\/uploads\/2026\/02\/green-climber-f231-1-744x496.webp 744w, https:\/\/recarprofi.cz\/wp-content\/uploads\/2026\/02\/green-climber-f231-1-420x280.webp 420w, https:\/\/recarprofi.cz\/wp-content\/uploads\/2026\/02\/green-climber-f231-1-768x512.webp 768w, https:\/\/recarprofi.cz\/wp-content\/uploads\/2026\/02\/green-climber-f231-1-1536x1024.webp 1536w, https:\/\/recarprofi.cz\/wp-content\/uploads\/2026\/02\/green-climber-f231-1-600x400.webp 600w, https:\/\/recarprofi.cz\/wp-content\/uploads\/2026\/02\/green-climber-f231-1.webp 1920w\" sizes=\"(max-width: 847px) 100vw, 847px\" \/>\t\t\t\t\t\t\t\t\t\t\t\t\t\t\t<\/div>\n\t\t\t\t<\/div>\n\t\t\t\t\t<\/div>\n\t\t<\/div>\n\t\t\t\t<div class=\"elementor-column elementor-col-50 elementor-top-column elementor-element elementor-element-a571267\" data-id=\"a571267\" data-element_type=\"column\" data-e-type=\"column\">\n\t\t\t<div class=\"elementor-widget-wrap elementor-element-populated\">\n\t\t\t\t\t\t<div class=\"elementor-element elementor-element-143bf5e elementor-widget elementor-widget-image\" data-id=\"143bf5e\" data-element_type=\"widget\" data-e-type=\"widget\" data-widget_type=\"image.default\">\n\t\t\t\t<div class=\"elementor-widget-container\">\n\t\t\t\t\t\t\t\t\t\t\t\t\t\t\t<img decoding=\"async\" width=\"650\" height=\"430\" src=\"https:\/\/recarprofi.cz\/wp-content\/uploads\/2026\/02\/gren-climber-f235-650x430.jpg\" class=\"attachment-envo-royal-img size-envo-royal-img wp-image-32796\" alt=\"\" \/>\t\t\t\t\t\t\t\t\t\t\t\t\t\t\t<\/div>\n\t\t\t\t<\/div>\n\t\t\t\t\t<\/div>\n\t\t<\/div>\n\t\t\t\t\t<\/div>\n\t\t<\/section>\n\t\t\t\t<section class=\"elementor-section elementor-top-section elementor-element elementor-element-bd897b8 elementor-section-boxed elementor-section-height-default elementor-section-height-default\" data-id=\"bd897b8\" data-element_type=\"section\" data-e-type=\"section\">\n\t\t\t\t\t\t<div class=\"elementor-container elementor-column-gap-default\">\n\t\t\t\t\t<div class=\"elementor-column elementor-col-100 elementor-top-column elementor-element elementor-element-d1e40b5\" data-id=\"d1e40b5\" data-element_type=\"column\" data-e-type=\"column\">\n\t\t\t<div class=\"elementor-widget-wrap elementor-element-populated\">\n\t\t\t\t\t\t<div class=\"elementor-element elementor-element-98135c7 elementor-widget elementor-widget-text-editor\" data-id=\"98135c7\" data-element_type=\"widget\" data-e-type=\"widget\" data-widget_type=\"text-editor.default\">\n\t\t\t\t<div class=\"elementor-widget-container\">\n\t\t\t\t\t\t\t\t\t<ul><li>P\u00e1sov\u00fd syst\u00e9m, n\u00edzk\u00e1 hmotnost a n\u00edzk\u00e9 t\u011b\u017ei\u0161t\u011b zaru\u010duje perfektn\u00ed p\u0159ilnavost v n\u00e1ro\u010dn\u00fdch ter\u00e9nech a svaz\u00edch a\u017e do 60\u00b0 sklonu.<\/li><li>P\u00e1sy maj\u00ed vysok\u00fd profil pro trakci v n\u00e1ro\u010dn\u00fdch svaz\u00edch a pro del\u0161\u00ed \u017eivotnost.<\/li><li>P\u00e1sov\u00fd podvozek je nav\u00edc velmi \u0161etrn\u00fd k podlo\u017e\u00ed a p\u0159i j\u00edzd\u011b neni\u010d\u00ed p\u016fdu.<\/li><li>Na panelu zjist\u00edte po\u010det MTH, ot\u00e1\u010dky za minutu a \u00farove\u0148 paliva nebo upozorn\u011bn\u00ed na p\u0159eh\u0159\u00e1t\u00ed a n\u00edzkou hladinu oleje.<\/li><li>Rota\u010dn\u00ed \u017eac\u00ed \u00fastroj\u00ed je konstruov\u00e1no pro obousm\u011brn\u00e9 pou\u017eit\u00ed &#8211; stroj se tak nemus\u00ed p\u0159i pr\u00e1ci ot\u00e1\u010det, co\u017e zaji\u0161\u0165uje \u00fasporu \u010dasu i \u0161etrnost k podlo\u017e\u00ed.<\/li><\/ul>\t\t\t\t\t\t\t\t<\/div>\n\t\t\t\t<\/div>\n\t\t\t\t\t<\/div>\n\t\t<\/div>\n\t\t\t\t\t<\/div>\n\t\t<\/section>\n\t\t\t\t<section class=\"elementor-section elementor-top-section elementor-element elementor-element-0cad809 elementor-section-boxed elementor-section-height-default elementor-section-height-default\" data-id=\"0cad809\" data-element_type=\"section\" data-e-type=\"section\">\n\t\t\t\t\t\t<div class=\"elementor-container elementor-column-gap-default\">\n\t\t\t\t\t<div class=\"elementor-column elementor-col-100 elementor-top-column elementor-element elementor-element-de89972\" data-id=\"de89972\" data-element_type=\"column\" data-e-type=\"column\">\n\t\t\t<div class=\"elementor-widget-wrap elementor-element-populated\">\n\t\t\t\t\t\t<div class=\"elementor-element elementor-element-79bd36c elementor-widget elementor-widget-video\" data-id=\"79bd36c\" data-element_type=\"widget\" data-e-type=\"widget\" data-settings=\"{&quot;youtube_url&quot;:&quot;https:\\\/\\\/youtu.be\\\/8X5Q3FXMH6c&quot;,&quot;video_type&quot;:&quot;youtube&quot;,&quot;controls&quot;:&quot;yes&quot;}\" data-widget_type=\"video.default\">\n\t\t\t\t<div class=\"elementor-widget-container\">\n\t\t\t\t\t\t\t<div class=\"elementor-wrapper elementor-open-inline\">\n\t\t\t<div class=\"elementor-video\"><\/div>\t\t<\/div>\n\t\t\t\t\t\t<\/div>\n\t\t\t\t<\/div>\n\t\t\t\t\t<\/div>\n\t\t<\/div>\n\t\t\t\t\t<\/div>\n\t\t<\/section>\n\t\t\t\t<section class=\"elementor-section elementor-top-section elementor-element elementor-element-4f3b228 elementor-section-boxed elementor-section-height-default elementor-section-height-default\" data-id=\"4f3b228\" data-element_type=\"section\" data-e-type=\"section\">\n\t\t\t\t\t\t<div class=\"elementor-container elementor-column-gap-default\">\n\t\t\t\t\t<div class=\"elementor-column elementor-col-33 elementor-top-column elementor-element elementor-element-959d93f\" data-id=\"959d93f\" data-element_type=\"column\" data-e-type=\"column\">\n\t\t\t<div class=\"elementor-widget-wrap elementor-element-populated\">\n\t\t\t\t\t\t<div class=\"elementor-element elementor-element-8be6116 elementor-widget elementor-widget-image\" data-id=\"8be6116\" data-element_type=\"widget\" data-e-type=\"widget\" data-widget_type=\"image.default\">\n\t\t\t\t<div class=\"elementor-widget-container\">\n\t\t\t\t\t\t\t\t\t\t\t\t\t\t\t<img loading=\"lazy\" decoding=\"async\" width=\"300\" height=\"300\" src=\"https:\/\/recarprofi.cz\/wp-content\/uploads\/2026\/02\/green-climber-f233-300x300.webp\" class=\"attachment-post-thumbnail size-post-thumbnail wp-image-32797\" alt=\"\" srcset=\"https:\/\/recarprofi.cz\/wp-content\/uploads\/2026\/02\/green-climber-f233-300x300.webp 300w, https:\/\/recarprofi.cz\/wp-content\/uploads\/2026\/02\/green-climber-f233-100x100.webp 100w\" sizes=\"(max-width: 300px) 100vw, 300px\" \/>\t\t\t\t\t\t\t\t\t\t\t\t\t\t\t<\/div>\n\t\t\t\t<\/div>\n\t\t\t\t\t<\/div>\n\t\t<\/div>\n\t\t\t\t<div class=\"elementor-column elementor-col-33 elementor-top-column elementor-element elementor-element-9792bb4\" data-id=\"9792bb4\" data-element_type=\"column\" data-e-type=\"column\">\n\t\t\t<div class=\"elementor-widget-wrap elementor-element-populated\">\n\t\t\t\t\t\t<div class=\"elementor-element elementor-element-e0152b3 elementor-widget elementor-widget-image\" data-id=\"e0152b3\" data-element_type=\"widget\" data-e-type=\"widget\" data-widget_type=\"image.default\">\n\t\t\t\t<div class=\"elementor-widget-container\">\n\t\t\t\t\t\t\t\t\t\t\t\t\t\t\t<img loading=\"lazy\" decoding=\"async\" width=\"300\" height=\"300\" src=\"https:\/\/recarprofi.cz\/wp-content\/uploads\/2026\/02\/green-climber-f234-300x300.webp\" class=\"attachment-post-thumbnail size-post-thumbnail wp-image-32798\" alt=\"\" srcset=\"https:\/\/recarprofi.cz\/wp-content\/uploads\/2026\/02\/green-climber-f234-300x300.webp 300w, https:\/\/recarprofi.cz\/wp-content\/uploads\/2026\/02\/green-climber-f234-100x100.webp 100w\" sizes=\"(max-width: 300px) 100vw, 300px\" \/>\t\t\t\t\t\t\t\t\t\t\t\t\t\t\t<\/div>\n\t\t\t\t<\/div>\n\t\t\t\t\t<\/div>\n\t\t<\/div>\n\t\t\t\t<div class=\"elementor-column elementor-col-33 elementor-top-column elementor-element elementor-element-29d7221\" data-id=\"29d7221\" data-element_type=\"column\" data-e-type=\"column\">\n\t\t\t<div class=\"elementor-widget-wrap elementor-element-populated\">\n\t\t\t\t\t\t<div class=\"elementor-element elementor-element-bb64257 elementor-widget elementor-widget-image\" data-id=\"bb64257\" data-element_type=\"widget\" data-e-type=\"widget\" data-widget_type=\"image.default\">\n\t\t\t\t<div class=\"elementor-widget-container\">\n\t\t\t\t\t\t\t\t\t\t\t\t\t\t\t<img loading=\"lazy\" decoding=\"async\" width=\"300\" height=\"300\" src=\"https:\/\/recarprofi.cz\/wp-content\/uploads\/2026\/02\/green-climber-f235-300x300.webp\" class=\"attachment-post-thumbnail size-post-thumbnail wp-image-32799\" alt=\"\" srcset=\"https:\/\/recarprofi.cz\/wp-content\/uploads\/2026\/02\/green-climber-f235-300x300.webp 300w, https:\/\/recarprofi.cz\/wp-content\/uploads\/2026\/02\/green-climber-f235-100x100.webp 100w\" sizes=\"(max-width: 300px) 100vw, 300px\" \/>\t\t\t\t\t\t\t\t\t\t\t\t\t\t\t<\/div>\n\t\t\t\t<\/div>\n\t\t\t\t\t<\/div>\n\t\t<\/div>\n\t\t\t\t\t<\/div>\n\t\t<\/section>\n\t\t\t\t<section class=\"elementor-section elementor-top-section elementor-element elementor-element-c2196a2 elementor-section-boxed elementor-section-height-default elementor-section-height-default\" data-id=\"c2196a2\" data-element_type=\"section\" data-e-type=\"section\">\n\t\t\t\t\t\t<div class=\"elementor-container elementor-column-gap-default\">\n\t\t\t\t\t<div class=\"elementor-column elementor-col-100 elementor-top-column elementor-element elementor-element-f76c29e\" data-id=\"f76c29e\" data-element_type=\"column\" data-e-type=\"column\">\n\t\t\t<div class=\"elementor-widget-wrap elementor-element-populated\">\n\t\t\t\t\t\t<div class=\"elementor-element elementor-element-366e35c elementor-widget elementor-widget-image\" data-id=\"366e35c\" data-element_type=\"widget\" data-e-type=\"widget\" data-widget_type=\"image.default\">\n\t\t\t\t<div class=\"elementor-widget-container\">\n\t\t\t\t\t\t\t\t\t\t\t\t\t\t\t<img loading=\"lazy\" decoding=\"async\" width=\"721\" height=\"545\" src=\"https:\/\/recarprofi.cz\/wp-content\/uploads\/2026\/02\/gren-climber-f233.webp\" class=\"attachment-large size-large wp-image-32800\" alt=\"\" srcset=\"https:\/\/recarprofi.cz\/wp-content\/uploads\/2026\/02\/gren-climber-f233.webp 721w, https:\/\/recarprofi.cz\/wp-content\/uploads\/2026\/02\/gren-climber-f233-420x317.webp 420w, https:\/\/recarprofi.cz\/wp-content\/uploads\/2026\/02\/gren-climber-f233-600x454.webp 600w\" sizes=\"(max-width: 721px) 100vw, 721px\" \/>\t\t\t\t\t\t\t\t\t\t\t\t\t\t\t<\/div>\n\t\t\t\t<\/div>\n\t\t\t\t\t<\/div>\n\t\t<\/div>\n\t\t\t\t\t<\/div>\n\t\t<\/section>\n\t\t\t\t<section class=\"elementor-section elementor-top-section elementor-element elementor-element-8ffb65c elementor-section-boxed elementor-section-height-default elementor-section-height-default\" data-id=\"8ffb65c\" data-element_type=\"section\" data-e-type=\"section\">\n\t\t\t\t\t\t<div class=\"elementor-container elementor-column-gap-default\">\n\t\t\t\t\t<div class=\"elementor-column elementor-col-100 elementor-top-column elementor-element elementor-element-4c97737\" data-id=\"4c97737\" data-element_type=\"column\" data-e-type=\"column\">\n\t\t\t<div class=\"elementor-widget-wrap elementor-element-populated\">\n\t\t\t\t\t\t<div class=\"elementor-element elementor-element-cb56233 elementor-widget elementor-widget-image\" data-id=\"cb56233\" data-element_type=\"widget\" data-e-type=\"widget\" data-widget_type=\"image.default\">\n\t\t\t\t<div class=\"elementor-widget-container\">\n\t\t\t\t\t\t\t\t\t\t\t\t\t\t\t<img loading=\"lazy\" decoding=\"async\" width=\"700\" height=\"700\" src=\"https:\/\/recarprofi.cz\/wp-content\/uploads\/2026\/02\/gren-climber-f236.webp\" class=\"attachment-large size-large wp-image-32801\" alt=\"\" srcset=\"https:\/\/recarprofi.cz\/wp-content\/uploads\/2026\/02\/gren-climber-f236.webp 700w, https:\/\/recarprofi.cz\/wp-content\/uploads\/2026\/02\/gren-climber-f236-420x420.webp 420w, https:\/\/recarprofi.cz\/wp-content\/uploads\/2026\/02\/gren-climber-f236-300x300.webp 300w, https:\/\/recarprofi.cz\/wp-content\/uploads\/2026\/02\/gren-climber-f236-600x600.webp 600w, https:\/\/recarprofi.cz\/wp-content\/uploads\/2026\/02\/gren-climber-f236-100x100.webp 100w\" sizes=\"(max-width: 700px) 100vw, 700px\" \/>\t\t\t\t\t\t\t\t\t\t\t\t\t\t\t<\/div>\n\t\t\t\t<\/div>\n\t\t\t\t\t<\/div>\n\t\t<\/div>\n\t\t\t\t\t<\/div>\n\t\t<\/section>\n\t\t\t\t<section class=\"elementor-section elementor-top-section elementor-element elementor-element-f4cc987 elementor-section-boxed elementor-section-height-default elementor-section-height-default\" data-id=\"f4cc987\" data-element_type=\"section\" data-e-type=\"section\">\n\t\t\t\t\t\t<div class=\"elementor-container elementor-column-gap-default\">\n\t\t\t\t\t<div class=\"elementor-column elementor-col-100 elementor-top-column elementor-element elementor-element-14badd2\" data-id=\"14badd2\" data-element_type=\"column\" data-e-type=\"column\">\n\t\t\t<div class=\"elementor-widget-wrap elementor-element-populated\">\n\t\t\t\t\t\t<div class=\"elementor-element elementor-element-b71798f elementor-widget elementor-widget-image\" data-id=\"b71798f\" data-element_type=\"widget\" data-e-type=\"widget\" data-widget_type=\"image.default\">\n\t\t\t\t<div class=\"elementor-widget-container\">\n\t\t\t\t\t\t\t\t\t\t\t\t\t\t\t<img loading=\"lazy\" decoding=\"async\" width=\"847\" height=\"278\" src=\"https:\/\/recarprofi.cz\/wp-content\/uploads\/2026\/02\/gren-climber-f234.jpg\" class=\"attachment-large size-large wp-image-32802\" alt=\"\" srcset=\"https:\/\/recarprofi.cz\/wp-content\/uploads\/2026\/02\/gren-climber-f234.jpg 1089w, https:\/\/recarprofi.cz\/wp-content\/uploads\/2026\/02\/gren-climber-f234-744x245.jpg 744w, https:\/\/recarprofi.cz\/wp-content\/uploads\/2026\/02\/gren-climber-f234-420x138.jpg 420w, https:\/\/recarprofi.cz\/wp-content\/uploads\/2026\/02\/gren-climber-f234-768x252.jpg 768w, https:\/\/recarprofi.cz\/wp-content\/uploads\/2026\/02\/gren-climber-f234-600x197.jpg 600w\" sizes=\"(max-width: 847px) 100vw, 847px\" \/>\t\t\t\t\t\t\t\t\t\t\t\t\t\t\t<\/div>\n\t\t\t\t<\/div>\n\t\t\t\t\t<\/div>\n\t\t<\/div>\n\t\t\t\t\t<\/div>\n\t\t<\/section>\n\t\t\t\t<\/div>\n\t\t","protected":false},"excerpt":{"rendered":"<p>d\u00e1lkov\u011b ovl\u00e1dan\u00e1 p\u00e1sov\u00e1 seka\u010dka \u00fadr\u017eba travnat\u00fdch ploch, krajnic, n\u00e1sp\u016f extr\u00e9mn\u00ed ter\u00e9ny a svahy a\u017e do 60\u00b0 d\u00e1lkov\u011b nastaviteln\u00e1 v\u00fd\u0161ka se\u010den\u00ed hmotnost 470 kg vysok\u00e1 produktivita a n\u00edzk\u00e9 provozn\u00ed n\u00e1klady V\u0161echny pohyby stroje jsou d\u00e1lkov\u011b ovl\u00e1dan\u00e9,&hellip;<\/p>\n","protected":false},"author":1,"featured_media":32793,"parent":32223,"menu_order":1,"comment_status":"closed","ping_status":"closed","template":"","meta":{"footnotes":""},"class_list":["post-32791","page","type-page","status-publish","has-post-thumbnail","hentry"],"_links":{"self":[{"href":"https:\/\/recarprofi.cz\/uvod\/wp-json\/wp\/v2\/pages\/32791","targetHints":{"allow":["GET"]}}],"collection":[{"href":"https:\/\/recarprofi.cz\/uvod\/wp-json\/wp\/v2\/pages"}],"about":[{"href":"https:\/\/recarprofi.cz\/uvod\/wp-json\/wp\/v2\/types\/page"}],"author":[{"embeddable":true,"href":"https:\/\/recarprofi.cz\/uvod\/wp-json\/wp\/v2\/users\/1"}],"replies":[{"embeddable":true,"href":"https:\/\/recarprofi.cz\/uvod\/wp-json\/wp\/v2\/comments?post=32791"}],"version-history":[{"count":4,"href":"https:\/\/recarprofi.cz\/uvod\/wp-json\/wp\/v2\/pages\/32791\/revisions"}],"predecessor-version":[{"id":32806,"href":"https:\/\/recarprofi.cz\/uvod\/wp-json\/wp\/v2\/pages\/32791\/revisions\/32806"}],"up":[{"embeddable":true,"href":"https:\/\/recarprofi.cz\/uvod\/wp-json\/wp\/v2\/pages\/32223"}],"wp:featuredmedia":[{"embeddable":true,"href":"https:\/\/recarprofi.cz\/uvod\/wp-json\/wp\/v2\/media\/32793"}],"wp:attachment":[{"href":"https:\/\/recarprofi.cz\/uvod\/wp-json\/wp\/v2\/media?parent=32791"}],"curies":[{"name":"wp","href":"https:\/\/api.w.org\/{rel}","templated":true}]}}