{"id":4030,"date":"2013-04-10T13:34:14","date_gmt":"2013-04-10T11:34:14","guid":{"rendered":"http:\/\/recarprofi.cz\/?page_id=4030"},"modified":"2020-03-26T13:55:18","modified_gmt":"2020-03-26T12:55:18","slug":"rozmetadla-mineralnich-hnojiv-tazena-rcw","status":"publish","type":"page","link":"https:\/\/recarprofi.cz\/uvod\/zemedelska-technika\/hnojeni\/rozmetadla-mineralnich-hnojiv-tazena-rcw\/","title":{"rendered":"Rozmetadla miner\u00e1ln\u00edch hnojiv ta\u017een\u00e1 Unia"},"content":{"rendered":"\t\t<div data-elementor-type=\"wp-page\" data-elementor-id=\"4030\" class=\"elementor elementor-4030\">\n\t\t\t\t\t\t<section class=\"elementor-section elementor-top-section elementor-element elementor-element-e223ca8 elementor-section-boxed elementor-section-height-default elementor-section-height-default\" data-id=\"e223ca8\" data-element_type=\"section\" data-e-type=\"section\">\n\t\t\t\t\t\t<div class=\"elementor-container elementor-column-gap-default\">\n\t\t\t\t\t<div class=\"elementor-column elementor-col-100 elementor-top-column elementor-element elementor-element-6619b5ae\" data-id=\"6619b5ae\" data-element_type=\"column\" data-e-type=\"column\">\n\t\t\t<div class=\"elementor-widget-wrap elementor-element-populated\">\n\t\t\t\t\t\t<div class=\"elementor-element elementor-element-659d572c elementor-widget elementor-widget-text-editor\" data-id=\"659d572c\" data-element_type=\"widget\" data-e-type=\"widget\" data-widget_type=\"text-editor.default\">\n\t\t\t\t<div class=\"elementor-widget-container\">\n\t\t\t\t\t\t\t\t\t<p><span style=\"color: #993366;\"><em><strong><br \/><a href=\"http:\/\/recarprofi.cz\/wp-content\/uploads\/2013\/04\/unia-rcw-plus.jpg\"><img fetchpriority=\"high\" decoding=\"async\" class=\"aligncenter wp-image-8706 size-full\" src=\"https:\/\/recarprofi.cz\/wp-content\/uploads\/2013\/04\/unia-rcw-plus.jpg\" alt=\"\" width=\"700\" height=\"500\" srcset=\"https:\/\/recarprofi.cz\/wp-content\/uploads\/2013\/04\/unia-rcw-plus.jpg 700w, https:\/\/recarprofi.cz\/wp-content\/uploads\/2013\/04\/unia-rcw-plus-600x429.jpg 600w, https:\/\/recarprofi.cz\/wp-content\/uploads\/2013\/04\/unia-rcw-plus-300x214.jpg 300w\" sizes=\"(max-width: 700px) 100vw, 700px\" \/><\/a><\/strong><\/em><\/span><\/p><p><strong>RCW<\/strong> &#8211; \u00a0pro v\u00e1pno \u010di granulovan\u00e9 hnojiva a miner\u00e1ly, v\u00e1pno v\u00a0rozmez\u00ed 8 a\u017e 16 metr\u016f, granul\u00e1t\u016f 10 a\u017e 36 metr\u016f, nastaven\u00ed \u0161\u00ed\u0159e rozhozu zm\u011bnou \u00fahlu lopatek, pr\u016fm\u011br rozmetac\u00edch kotou\u010d\u016f 600 mm pracuj\u00edc\u00edch p\u0159i 700 ot\u00e1\u010dk\u00e1ch za minutu, p\u00e1sov\u00fd nebo \u0159et\u011bzov\u00fd dopravn\u00edk, pohon dopravn\u00edku od ostruhov\u00e9ho kola, bezestup\u0148ov\u00e1 clona d\u00e1vky, rozmetac\u00ed kotou\u010de a lopatky z\u00a0nerezu poh\u00e1n\u011bn\u00e9 mechanicky od n\u00e1honu traktoru, sv\u011bteln\u00e1 instalace,pneumatick\u00e1 brzdov\u00e1 soustava, horn\u00ed \u010di spodn\u00ed z\u00e1v\u011bs s\u00a0podp\u016frnou nohou a kotou\u010d pro krajn\u00ed rozmet\u00e1n\u00ed.<\/p><p>V objemech 5.500 a 8.200 l lze na velk\u00fdch kolech se staviteln\u00fdm rozchodem, tyto modely jen gumov\u00fd podlahov\u00fd dopravn\u00edk, hnan\u00fd hydraulicky. 10.000 litrov\u00e1 verze m\u00e1 tandemovou odpru\u017eenou n\u00e1pravu.<a href=\"http:\/\/recarprofi.cz\/wp-content\/uploads\/2013\/04\/unia-rcw.jpg\"><img decoding=\"async\" class=\"aligncenter wp-image-8708 size-full\" src=\"https:\/\/recarprofi.cz\/wp-content\/uploads\/2013\/04\/unia-rcw.jpg\" alt=\"\" width=\"800\" height=\"600\" srcset=\"https:\/\/recarprofi.cz\/wp-content\/uploads\/2013\/04\/unia-rcw.jpg 800w, https:\/\/recarprofi.cz\/wp-content\/uploads\/2013\/04\/unia-rcw-600x450.jpg 600w, https:\/\/recarprofi.cz\/wp-content\/uploads\/2013\/04\/unia-rcw-300x225.jpg 300w, https:\/\/recarprofi.cz\/wp-content\/uploads\/2013\/04\/unia-rcw-768x576.jpg 768w\" sizes=\"(max-width: 800px) 100vw, 800px\" \/><\/a><a href=\"http:\/\/recarprofi.cz\/wp-content\/uploads\/2013\/04\/unia-rcw-premium.jpg\"><img decoding=\"async\" class=\"aligncenter wp-image-8707 size-full\" src=\"https:\/\/recarprofi.cz\/wp-content\/uploads\/2013\/04\/unia-rcw-premium.jpg\" alt=\"\" width=\"673\" height=\"387\" srcset=\"https:\/\/recarprofi.cz\/wp-content\/uploads\/2013\/04\/unia-rcw-premium.jpg 673w, https:\/\/recarprofi.cz\/wp-content\/uploads\/2013\/04\/unia-rcw-premium-600x345.jpg 600w, https:\/\/recarprofi.cz\/wp-content\/uploads\/2013\/04\/unia-rcw-premium-300x173.jpg 300w\" sizes=\"(max-width: 673px) 100vw, 673px\" \/><\/a><\/p><table border=\"0\"><tbody><tr><td><strong>TYP<\/strong><\/td><td>\u00a0<\/td><td><strong>RCW 3000<\/strong><\/td><td><strong>RCW 5500<\/strong><\/td><td><strong>RCW 8200<\/strong><\/td><td><strong>RCW 10000 (TANDEM)<\/strong><\/td><td><strong>RCW PLUS 5500<\/strong><\/td><td><strong>RCW PLUS 8200<\/strong><\/td><td><strong>RCW PREMIUM 8200\u00a0<\/strong><\/td><\/tr><tr><td>OBJEM<\/td><td>l<\/td><td>\u00a03000<\/td><td>\u00a05500<\/td><td>\u00a08200<\/td><td>10000<\/td><td>5500<\/td><td>\u00a08200<\/td><td>\u00a08200<\/td><\/tr><tr><td>KOLA<\/td><td>\u00a0<\/td><td>\u00a0385\/65-22,5<\/td><td>\u00a0500\/50-17PR<\/td><td>\u00a0550\/60 &#8211; 22,5 16PR<\/td><td>\u00a0500\/60 &#8211; 22,5<\/td><td>\u00a0340\/85 \u00a0R48<\/td><td>\u00a020,8 R 42<\/td><td>\u00a023,1 R 26<\/td><\/tr><tr><td>ROZM\u011aR d\u00e9lka<\/td><td>m<\/td><td>4,95<\/td><td>\u00a05,70<\/td><td>\u00a05,7<\/td><td>\u00a06,8<\/td><td>\u00a05,7<\/td><td>\u00a05,7<\/td><td>\u00a05,7<\/td><\/tr><tr><td>ROZM\u011aR \u0161\u00ed\u0159ka<\/td><td>m<\/td><td>2,12<\/td><td>\u00a02,2<\/td><td>\u00a02,2<\/td><td>\u00a02,35<\/td><td>\u00a02,29<\/td><td>\u00a02,55<\/td><td>\u00a02,55<\/td><\/tr><tr><td>ROZM\u011aR v\u00fd\u0161ka<\/td><td>m<\/td><td>1,95<\/td><td>\u00a02,23<\/td><td>\u00a02,23<\/td><td>\u00a02,56<\/td><td>\u00a02,45<\/td><td>\u00a02,72<\/td><td>\u00a02,72<\/td><\/tr><tr><td>HMOTNOST s p\u00e1sem<\/td><td>kg<\/td><td>\u00a02140<\/td><td>\u00a02540<\/td><td>\u00a02540<\/td><td>\u00a03960<\/td><td>\u00a02845<\/td><td>\u00a03100<\/td><td>\u00a03150<\/td><\/tr><tr><td>HMOTNOST s \u0159et\u011bzem<\/td><td>kg<\/td><td>2170<\/td><td>\u00a02600<\/td><td>\u00a02620<\/td><td>\u00a03985<\/td><td>\u00a0<\/td><td>\u00a0<\/td><td>\u00a0<\/td><\/tr><tr><td>TRAKTOR<\/td><td>hp<\/td><td>\u00a040 &#8211; 50<\/td><td>\u00a060 &#8211; 70<\/td><td>\u00a080 &#8211; 90<\/td><td>\u00a090 &#8211; 120<\/td><td>\u00a060 &#8211; 70<\/td><td>\u00a080 &#8211; 90<\/td><td>\u00a080 &#8211; 90<\/td><\/tr><tr><td>POD\u00c1VAC\u00cd MECHANIZMUS<\/td><td>\u00a0<\/td><td colspan=\"7\">\u00a0p\u00e1s<\/td><\/tr><tr><td>ROZHOZ v\u00e1pno<\/td><td>m<\/td><td colspan=\"7\">\u00a08 &#8211; 16\u00a0\u00a0\u00a0\u00a08 &#8211; 16<\/td><\/tr><tr><td>ROZHOZ granul\u00e1t<\/td><td>m<\/td><td colspan=\"4\">\u00a012 &#8211; 36<\/td><td colspan=\"3\">\u00a010 &#8211; 36<\/td><\/tr><tr><td>POHON KOTOU\u010c\u016e<\/td><td>\u00a0<\/td><td colspan=\"7\">\u00a0mechanicky<\/td><\/tr><tr><td>POHON P\u00c1SU<\/td><td>\u00a0<\/td><td colspan=\"4\">\u00a0mechanicky od pojezdov\u00e9ho kola<\/td><td colspan=\"2\">\u00a0hydraulicky<\/td><td>\u00a0mechanicky<\/td><\/tr><\/tbody><\/table><p><strong>MXL &#8211;\u00a0<a href=\"http:\/\/recarprofi.cz\/wp-content\/uploads\/2013\/04\/unia-mxl-5500.jpg\"><img loading=\"lazy\" decoding=\"async\" class=\"aligncenter wp-image-8709 size-full\" src=\"https:\/\/recarprofi.cz\/wp-content\/uploads\/2013\/04\/unia-mxl-5500.jpg\" alt=\"\" width=\"1024\" height=\"635\" srcset=\"https:\/\/recarprofi.cz\/wp-content\/uploads\/2013\/04\/unia-mxl-5500.jpg 1024w, https:\/\/recarprofi.cz\/wp-content\/uploads\/2013\/04\/unia-mxl-5500-600x372.jpg 600w\" sizes=\"(max-width: 1024px) 100vw, 1024px\" \/><\/a><\/strong><\/p><table border=\"0\"><tbody><tr><td><strong>TYP<\/strong><\/td><td>\u00a0<\/td><td><strong>MXL 5500<\/strong><\/td><td><strong>MXL 8200<br \/><\/strong><\/td><\/tr><tr><td>OBJEM Z\u00c1SOBN\u00cdKU<\/td><td>dm<sup>3<\/sup><\/td><td>5 500<\/td><td>8 200<\/td><\/tr><tr><td>AGREGACE<\/td><td>\u00a0<\/td><td colspan=\"2\">ta\u017een\u00fd<\/td><\/tr><tr><td>PRACOVN\u00cd Z\u00c1B\u011aR<\/td><td>m<\/td><td colspan=\"2\">10\u00f736<\/td><\/tr><tr><td>D\u00c9LKA<\/td><td>m<\/td><td colspan=\"2\">5,7<\/td><\/tr><tr><td>\u0160\u00cd\u0158KA<\/td><td>m<\/td><td>2,29<\/td><td>2,55<\/td><\/tr><tr><td>V\u00dd\u0160KA N\u00c1KLADKY<\/td><td>m<\/td><td>2,47<\/td><td>2,72<\/td><\/tr><tr><td>HMOTNOST<\/td><td>kg<\/td><td>2 895<\/td><td>3 155<\/td><\/tr><tr><td>KOLA<\/td><td>\u00a0<\/td><td>340 \/ 85 R48<\/td><td>20,8 R42<\/td><\/tr><tr><td>TA\u017dN\u00dd PROST\u0158EDEK<\/td><td>k<\/td><td>60\u00f770<\/td><td>80\u00f790<\/td><\/tr><tr><td>STANDARDN\u00cd V\u00ddBAVA<\/td><td>\u00a0<\/td><td colspan=\"2\">automatick\u00e9 nastaven\u00ed d\u00e1vky hnojen\u00ed nez\u00e1visle na pojezdov\u00e9 rychlosti &#8211; po\u010d\u00edta\u010d UTS, jednon\u00e1pravov\u00e9 rozmetadlo, hydraulick\u00fd pohon podlahov\u00e9ho p\u00e1sov\u00e9ho dopravn\u00edku i rozmetac\u00edho \u00fastroj\u00ed, mechanick\u00fd pohon rozmetac\u00edch kotou\u010d\u016f, horn\u00ed z\u00e1v\u011bs, mechanick\u00e1 podp\u016frn\u00e1 noha, s\u00edta z\u00e1sobn\u00edku, 1 hadicov\u00e1 pneumatick\u00e1 brzda, parkovac\u00ed brzda, sv\u011bteln\u00e1 instalace, rozmetac\u00ed kotou\u010de z nerezu &#8211; kloubov\u00fd n\u00e1hon<\/td><\/tr><\/tbody><\/table><p><a href=\"http:\/\/recarprofi.cz\/wp-content\/uploads\/2013\/04\/unia-mxl-5501.jpg\"><img loading=\"lazy\" decoding=\"async\" class=\"aligncenter wp-image-8711 size-large\" src=\"https:\/\/recarprofi.cz\/wp-content\/uploads\/2013\/04\/unia-mxl-5501-1024x611.jpg\" alt=\"\" width=\"1024\" height=\"611\" srcset=\"https:\/\/recarprofi.cz\/wp-content\/uploads\/2013\/04\/unia-mxl-5501.jpg 1024w, https:\/\/recarprofi.cz\/wp-content\/uploads\/2013\/04\/unia-mxl-5501-600x358.jpg 600w, https:\/\/recarprofi.cz\/wp-content\/uploads\/2013\/04\/unia-mxl-5501-300x179.jpg 300w, https:\/\/recarprofi.cz\/wp-content\/uploads\/2013\/04\/unia-mxl-5501-768x458.jpg 768w\" sizes=\"(max-width: 1024px) 100vw, 1024px\" \/><\/a><\/p>\t\t\t\t\t\t\t\t<\/div>\n\t\t\t\t<\/div>\n\t\t\t\t\t<\/div>\n\t\t<\/div>\n\t\t\t\t\t<\/div>\n\t\t<\/section>\n\t\t\t\t<\/div>\n\t\t","protected":false},"excerpt":{"rendered":"<p>RCW &#8211; \u00a0pro v\u00e1pno \u010di granulovan\u00e9 hnojiva a miner\u00e1ly, v\u00e1pno v\u00a0rozmez\u00ed 8 a\u017e 16 metr\u016f, granul\u00e1t\u016f 10 a\u017e 36 metr\u016f, nastaven\u00ed \u0161\u00ed\u0159e rozhozu zm\u011bnou \u00fahlu lopatek, pr\u016fm\u011br rozmetac\u00edch kotou\u010d\u016f 600 mm pracuj\u00edc\u00edch p\u0159i 700 ot\u00e1\u010dk\u00e1ch&hellip;<\/p>\n","protected":false},"author":1,"featured_media":0,"parent":3893,"menu_order":4,"comment_status":"closed","ping_status":"closed","template":"","meta":{"footnotes":""},"class_list":["post-4030","page","type-page","status-publish","hentry"],"_links":{"self":[{"href":"https:\/\/recarprofi.cz\/uvod\/wp-json\/wp\/v2\/pages\/4030","targetHints":{"allow":["GET"]}}],"collection":[{"href":"https:\/\/recarprofi.cz\/uvod\/wp-json\/wp\/v2\/pages"}],"about":[{"href":"https:\/\/recarprofi.cz\/uvod\/wp-json\/wp\/v2\/types\/page"}],"author":[{"embeddable":true,"href":"https:\/\/recarprofi.cz\/uvod\/wp-json\/wp\/v2\/users\/1"}],"replies":[{"embeddable":true,"href":"https:\/\/recarprofi.cz\/uvod\/wp-json\/wp\/v2\/comments?post=4030"}],"version-history":[{"count":16,"href":"https:\/\/recarprofi.cz\/uvod\/wp-json\/wp\/v2\/pages\/4030\/revisions"}],"predecessor-version":[{"id":21406,"href":"https:\/\/recarprofi.cz\/uvod\/wp-json\/wp\/v2\/pages\/4030\/revisions\/21406"}],"up":[{"embeddable":true,"href":"https:\/\/recarprofi.cz\/uvod\/wp-json\/wp\/v2\/pages\/3893"}],"wp:attachment":[{"href":"https:\/\/recarprofi.cz\/uvod\/wp-json\/wp\/v2\/media?parent=4030"}],"curies":[{"name":"wp","href":"https:\/\/api.w.org\/{rel}","templated":true}]}}