{"id":424,"date":"2013-02-03T11:51:45","date_gmt":"2013-02-03T10:51:45","guid":{"rendered":"http:\/\/recarprofi.cz\/?page_id=424"},"modified":"2024-04-10T09:12:39","modified_gmt":"2024-04-10T07:12:39","slug":"15l-20l-7m","status":"publish","type":"page","link":"https:\/\/recarprofi.cz\/uvod\/manipulacni-technika\/vysokozdvizne-voziky-hyundai\/plynove\/15l-20l-7m\/","title":{"rendered":"Vysokozdvi\u017en\u00e9 voz\u00edky Hyundai 15L\/20L-7m"},"content":{"rendered":"\t\t<div data-elementor-type=\"wp-page\" data-elementor-id=\"424\" class=\"elementor elementor-424\">\n\t\t\t\t\t\t<section class=\"elementor-section elementor-top-section elementor-element elementor-element-7d8aac55 elementor-section-boxed elementor-section-height-default elementor-section-height-default\" data-id=\"7d8aac55\" data-element_type=\"section\" data-e-type=\"section\">\n\t\t\t\t\t\t<div class=\"elementor-container elementor-column-gap-default\">\n\t\t\t\t\t<div class=\"elementor-column elementor-col-100 elementor-top-column elementor-element elementor-element-57a7e2d4\" data-id=\"57a7e2d4\" data-element_type=\"column\" data-e-type=\"column\">\n\t\t\t<div class=\"elementor-widget-wrap elementor-element-populated\">\n\t\t\t\t\t\t<div class=\"elementor-element elementor-element-4a3df641 elementor-widget elementor-widget-text-editor\" data-id=\"4a3df641\" data-element_type=\"widget\" data-e-type=\"widget\" data-widget_type=\"text-editor.default\">\n\t\t\t\t<div class=\"elementor-widget-container\">\n\t\t\t\t\t\t\t\t\t<p><a href=\"http:\/\/recarprofi.cz\/wp-content\/uploads\/2019\/03\/hyundai-15l-7.1.jpg\"><img fetchpriority=\"high\" decoding=\"async\" class=\"aligncenter wp-image-11735 size-full\" src=\"https:\/\/recarprofi.cz\/wp-content\/uploads\/2019\/03\/hyundai-15l-7.1.jpg\" alt=\"\" width=\"500\" height=\"456\" srcset=\"https:\/\/recarprofi.cz\/wp-content\/uploads\/2019\/03\/hyundai-15l-7.1.jpg 500w, https:\/\/recarprofi.cz\/wp-content\/uploads\/2019\/03\/hyundai-15l-7.1-416x379.jpg 416w, https:\/\/recarprofi.cz\/wp-content\/uploads\/2019\/03\/hyundai-15l-7.1-420x383.jpg 420w\" sizes=\"(max-width: 500px) 100vw, 500px\" \/><\/a><\/p><p><span style=\"color: #0000ff;\"><strong><em>Vysokozdvi\u017en\u00e9 voz\u00edky Hyundai na plynov\u00fd pohon, nosnosti od 1,5 do 2t.<\/em><\/strong><\/span><\/p><p><strong>Hyundai p\u0159edstavuje novou \u0159adu vysokozdvi\u017en\u00fdch voz\u00edk\u016f s\u00e9rie 7m s pohonem na zkapaln\u011bn\u00fd plyn LPG. Ergonomick\u00fd navr\u017een\u00fd pracovn\u00ed prostor pro obsluhu umo\u017e\u0148uje \u0159idi\u010di proveden\u00ed volby nejpohodln\u011bj\u0161\u00ed pracovn\u00ed polohy. R\u00e1m voz\u00edku se zesilenou konstrukc\u00ed je tvo\u0159en\u00fd jedn\u00edm d\u00edlem a zaru\u010duje\u00a0trvanlivost a bezpe\u010dnost provozu.\u00a0<\/strong><\/p><p><span style=\"color: #0000ff;\"><strong><em>Parametry:<\/em><\/strong><\/span><\/p><table border=\"1\" cellspacing=\"0\" cellpadding=\"0\"><tbody><tr><td valign=\"top\"><span style=\"color: #0000ff;\"><strong><em>Typ voz\u00edku<\/em><\/strong><\/span><\/td><td valign=\"top\"><span style=\"color: #0000ff;\"><strong><em>15L-7m<\/em><\/strong><\/span><\/td><td valign=\"top\"><span style=\"color: #0000ff;\"><strong><em>18L-7m<\/em><\/strong><\/span><\/td><td valign=\"top\"><span style=\"color: #0000ff;\"><strong><em>20L-7m<\/em><\/strong><\/span><\/td><\/tr><tr><td valign=\"top\"><strong><em>Pohon<\/em><\/strong><\/td><td valign=\"top\">LPG<\/td><td valign=\"top\">LPG<\/td><td valign=\"top\">LPG<\/td><\/tr><tr><td valign=\"top\"><em><strong>Nosnost<\/strong><\/em><\/td><td valign=\"top\">1500 kg<\/td><td valign=\"top\">1750 kg<\/td><td valign=\"top\">2000 kg<\/td><\/tr><tr><td valign=\"top\"><em><strong>Vylo\u017een\u00ed t\u011b\u017ei\u0161t\u011b<\/strong><\/em><\/td><td valign=\"top\">500 mm<\/td><td valign=\"top\">500 mm<\/td><td valign=\"top\">500 mm<\/td><\/tr><tr><td valign=\"top\"><em><strong>Vlastn\u00ed hmotnost<\/strong><\/em><\/td><td valign=\"top\">2690 kg<\/td><td valign=\"top\">2861 kg<\/td><td valign=\"top\">3045 kg<\/td><\/tr><tr><td valign=\"top\"><em><strong>Pneumatiky p\u0159edn\u00ed<\/strong><\/em><\/td><td valign=\"top\">6.50-10<\/td><td valign=\"top\">6.50-10<\/td><td valign=\"top\">6.50-10<\/td><\/tr><tr><td valign=\"top\"><em><strong>Pneumatiky zadn\u00ed<\/strong><\/em><\/td><td valign=\"top\">5.00-8<\/td><td valign=\"top\">5.00-8<\/td><td valign=\"top\">5.00-8<\/td><\/tr><tr><td valign=\"top\"><strong><em>Rychlost pojezdu<\/em><\/strong><\/td><td valign=\"top\">20,1 km\/h<\/td><td valign=\"top\">20,1 km\/h<\/td><td valign=\"top\">20,1 km\/h<\/td><\/tr><tr><td valign=\"top\"><em><strong>Motor<\/strong><\/em><\/td><td valign=\"top\">L4KB<\/td><td valign=\"top\">L4KB<\/td><td valign=\"top\">L4KB<\/td><\/tr><tr><td valign=\"top\"><strong><em>V\u00fdkon motoru<\/em><\/strong><\/td><td valign=\"top\">50 PS<\/td><td valign=\"top\">50 PS<\/td><td valign=\"top\">50PS<strong>\u00a0 \u00a0 \u00a0 \u00a0 \u00a0 \u00a0 \u00a0 \u00a0 \u00a0 \u00a0 \u00a0 \u00a0 \u00a0\u00a0<\/strong><\/td><\/tr><\/tbody><\/table><p><strong><br \/>Prospekt:<\/strong>\u00a0\u00a0 <span style=\"text-decoration: underline;\"><span style=\"color: #0000ff; text-decoration: underline;\"><strong>H<a href=\"http:\/\/recarprofi.cz\/wp-content\/uploads\/2013\/02\/hyundai-15-20L-7m.pdf\"><span style=\"color: #0000ff; text-decoration: underline;\">yundai 15L-18L-20L-7m<\/span><\/a><\/strong><\/span><\/span><\/p><p><span style=\"color: #0000ff;\"><a href=\"http:\/\/recarprofi.cz\/wp-content\/uploads\/2013\/02\/hyundai-15.jpg\"><span style=\"color: #0000ff;\"><img decoding=\"async\" class=\"aligncenter wp-image-430 size-full\" title=\"hyundai 15\" src=\"https:\/\/recarprofi.cz\/wp-content\/uploads\/2013\/02\/hyundai-15.jpg\" alt=\"\" width=\"1544\" height=\"1000\" \/><\/span><\/a><\/span><a href=\"http:\/\/recarprofi.cz\/wp-content\/uploads\/2013\/02\/hyundai-15l-7.jpg\"><img decoding=\"async\" class=\"aligncenter wp-image-431 size-full\" title=\"hyundai 15l-7\" src=\"https:\/\/recarprofi.cz\/wp-content\/uploads\/2013\/02\/hyundai-15l-7.jpg\" alt=\"\" width=\"990\" height=\"730\" \/><\/a><\/p>\t\t\t\t\t\t\t\t<\/div>\n\t\t\t\t<\/div>\n\t\t\t\t\t<\/div>\n\t\t<\/div>\n\t\t\t\t\t<\/div>\n\t\t<\/section>\n\t\t\t\t<\/div>\n\t\t","protected":false},"excerpt":{"rendered":"<p>Vysokozdvi\u017en\u00e9 voz\u00edky Hyundai na plynov\u00fd pohon, nosnosti od 1,5 do 2t. Hyundai p\u0159edstavuje novou \u0159adu vysokozdvi\u017en\u00fdch voz\u00edk\u016f s\u00e9rie 7m s pohonem na zkapaln\u011bn\u00fd plyn LPG. Ergonomick\u00fd navr\u017een\u00fd pracovn\u00ed prostor pro obsluhu umo\u017e\u0148uje \u0159idi\u010di proveden\u00ed volby&hellip;<\/p>\n","protected":false},"author":1,"featured_media":9964,"parent":411,"menu_order":1,"comment_status":"closed","ping_status":"closed","template":"","meta":{"footnotes":""},"class_list":["post-424","page","type-page","status-publish","has-post-thumbnail","hentry"],"_links":{"self":[{"href":"https:\/\/recarprofi.cz\/uvod\/wp-json\/wp\/v2\/pages\/424","targetHints":{"allow":["GET"]}}],"collection":[{"href":"https:\/\/recarprofi.cz\/uvod\/wp-json\/wp\/v2\/pages"}],"about":[{"href":"https:\/\/recarprofi.cz\/uvod\/wp-json\/wp\/v2\/types\/page"}],"author":[{"embeddable":true,"href":"https:\/\/recarprofi.cz\/uvod\/wp-json\/wp\/v2\/users\/1"}],"replies":[{"embeddable":true,"href":"https:\/\/recarprofi.cz\/uvod\/wp-json\/wp\/v2\/comments?post=424"}],"version-history":[{"count":36,"href":"https:\/\/recarprofi.cz\/uvod\/wp-json\/wp\/v2\/pages\/424\/revisions"}],"predecessor-version":[{"id":20447,"href":"https:\/\/recarprofi.cz\/uvod\/wp-json\/wp\/v2\/pages\/424\/revisions\/20447"}],"up":[{"embeddable":true,"href":"https:\/\/recarprofi.cz\/uvod\/wp-json\/wp\/v2\/pages\/411"}],"wp:featuredmedia":[{"embeddable":true,"href":"https:\/\/recarprofi.cz\/uvod\/wp-json\/wp\/v2\/media\/9964"}],"wp:attachment":[{"href":"https:\/\/recarprofi.cz\/uvod\/wp-json\/wp\/v2\/media?parent=424"}],"curies":[{"name":"wp","href":"https:\/\/api.w.org\/{rel}","templated":true}]}}