{"id":439,"date":"2013-02-03T12:15:16","date_gmt":"2013-02-03T11:15:16","guid":{"rendered":"http:\/\/recarprofi.cz\/?page_id=439"},"modified":"2024-04-10T09:15:30","modified_gmt":"2024-04-10T07:15:30","slug":"25l-33l-7a","status":"publish","type":"page","link":"https:\/\/recarprofi.cz\/uvod\/manipulacni-technika\/vysokozdvizne-voziky-hyundai\/plynove\/25l-33l-7a\/","title":{"rendered":"Vysokozdvi\u017en\u00e9 voz\u00edky Hyundai 25L\/33L-7A"},"content":{"rendered":"\t\t<div data-elementor-type=\"wp-page\" data-elementor-id=\"439\" class=\"elementor elementor-439\">\n\t\t\t\t\t\t<section class=\"elementor-section elementor-top-section elementor-element elementor-element-2122fc83 elementor-section-boxed elementor-section-height-default elementor-section-height-default\" data-id=\"2122fc83\" data-element_type=\"section\" data-e-type=\"section\">\n\t\t\t\t\t\t<div class=\"elementor-container elementor-column-gap-default\">\n\t\t\t\t\t<div class=\"elementor-column elementor-col-100 elementor-top-column elementor-element elementor-element-2d4cab8\" data-id=\"2d4cab8\" data-element_type=\"column\" data-e-type=\"column\">\n\t\t\t<div class=\"elementor-widget-wrap elementor-element-populated\">\n\t\t\t\t\t\t<div class=\"elementor-element elementor-element-27b15fd7 elementor-widget elementor-widget-text-editor\" data-id=\"27b15fd7\" data-element_type=\"widget\" data-e-type=\"widget\" data-widget_type=\"text-editor.default\">\n\t\t\t\t<div class=\"elementor-widget-container\">\n\t\t\t\t\t\t\t\t\t<p><a href=\"http:\/\/recarprofi.cz\/wp-content\/uploads\/2019\/03\/hyundai-33l-7a.jpg\"><img fetchpriority=\"high\" decoding=\"async\" class=\"aligncenter wp-image-11738 size-large\" src=\"https:\/\/recarprofi.cz\/wp-content\/uploads\/2019\/03\/hyundai-33l-7a-1200x946.jpg\" alt=\"\" width=\"1140\" height=\"899\" srcset=\"https:\/\/recarprofi.cz\/wp-content\/uploads\/2019\/03\/hyundai-33l-7a-1200x946.jpg 1200w, https:\/\/recarprofi.cz\/wp-content\/uploads\/2019\/03\/hyundai-33l-7a-scaled-600x473.jpg 600w, https:\/\/recarprofi.cz\/wp-content\/uploads\/2019\/03\/hyundai-33l-7a-420x331.jpg 420w, https:\/\/recarprofi.cz\/wp-content\/uploads\/2019\/03\/hyundai-33l-7a-744x587.jpg 744w, https:\/\/recarprofi.cz\/wp-content\/uploads\/2019\/03\/hyundai-33l-7a-768x606.jpg 768w\" sizes=\"(max-width: 1140px) 100vw, 1140px\" \/><\/a><\/p><p><span style=\"color: #0000ff;\"><em><strong>Vysokozdvi\u017en\u00e9 voz\u00edky Hyundai na plynov\u00fd pohon, s nosnosti od 2,5 do 3,3t.<\/strong><\/em><\/span><\/p><p><em><strong>Nov\u00e9 motory Hyundai L4KB zajist\u00ed dostate\u010dn\u00fd v\u00fdkon a malou spot\u0159ebu paliva.\u00a0Syst\u00e9m OPSS provede kontrolu p\u0159\u00edtomnost\u00ed obsluhy v\u00a0sedadle. V\u00a0p\u0159\u00edpad\u011b opu\u0161t\u011bn\u00ed sedadla obsluhou syst\u00e9m zablokuje ur\u010dit\u00e9 funkce voz\u00edku.\u00a0\u00a0<\/strong><\/em><\/p><table border=\"1\" cellspacing=\"0\" cellpadding=\"0\"><tbody><tr><td valign=\"top\"><span style=\"color: #0000ff;\"><strong><em>Typ voz\u00edku<\/em><\/strong><\/span><\/td><td valign=\"top\"><span style=\"color: #0000ff;\"><strong><em>25L-7A<\/em><\/strong><\/span><\/td><td valign=\"top\"><span style=\"color: #0000ff;\"><strong><em>30L-7A<\/em><\/strong><\/span><\/td><td valign=\"top\"><span style=\"color: #0000ff;\"><strong><em>33L-7A<\/em><\/strong><\/span><\/td><\/tr><tr><td valign=\"top\"><strong><em>Pohon<\/em><\/strong><\/td><td valign=\"top\">LPG<\/td><td valign=\"top\">LPG<\/td><td valign=\"top\">LPG<\/td><\/tr><tr><td valign=\"top\"><strong><em>Nosnost<\/em><\/strong><\/td><td valign=\"top\">2500 kg<\/td><td valign=\"top\">3000 kg<\/td><td valign=\"top\">3300 kg<\/td><\/tr><tr><td valign=\"top\"><strong><em>Vylo\u017een\u00ed t\u011b\u017ei\u0161t\u011b<\/em><\/strong><\/td><td valign=\"top\">500 mm<\/td><td valign=\"top\">500 mm<\/td><td valign=\"top\">500 mm<\/td><\/tr><tr><td valign=\"top\"><strong><em>Vlastn\u00ed hmotnost<\/em><\/strong><\/td><td valign=\"top\">3706 kg<\/td><td valign=\"top\">4196 kg<\/td><td valign=\"top\">4439 kg<\/td><\/tr><tr><td valign=\"top\"><strong><em>Pneumatiky p\u0159edn\u00ed<\/em><\/strong><\/td><td valign=\"top\">7.00-12<\/td><td valign=\"top\">8.15-15<\/td><td valign=\"top\">8.15-15<\/td><\/tr><tr><td valign=\"top\"><em><strong>Pneumatiky zadn\u00ed<\/strong><\/em><\/td><td valign=\"top\">6.00-9<\/td><td valign=\"top\">6.50-10<\/td><td valign=\"top\">6.50-10<\/td><\/tr><tr><td valign=\"top\"><em><strong>Rychlost pojezdu<\/strong><\/em><\/td><td valign=\"top\">17,7 km\/h<\/td><td valign=\"top\">18,6 km\/h<\/td><td valign=\"top\">18,6 km\/h<\/td><\/tr><tr><td valign=\"top\"><em><strong>Motor<\/strong><\/em><\/td><td valign=\"top\">HMC L4KB<\/td><td valign=\"top\">HMC L4KB<\/td><td valign=\"top\">HMC L4KB<\/td><\/tr><tr><td valign=\"top\"><em><strong>V\u00fdkon motoru<\/strong><\/em><\/td><td valign=\"top\">44 kW<\/td><td valign=\"top\">44 kW<\/td><td valign=\"top\">44 kW<\/td><\/tr><\/tbody><\/table><p><strong><span style=\"color: #000000;\"><br \/>Prospekt:<\/span><\/strong>\u00a0\u00a0\u00a0 <span style=\"color: #0000ff;\"><strong><a href=\"http:\/\/recarprofi.cz\/wp-content\/uploads\/2013\/02\/hyundai-25l-7a.pdf\"><span style=\"color: #0000ff;\">Hyundai 25L-30L-33L-7A<\/span><\/a><\/strong><\/span><\/p><p>\u00a0<\/p><p><a href=\"http:\/\/recarprofi.cz\/wp-content\/uploads\/2013\/02\/hyundai-25-L-7.jpg\"><img decoding=\"async\" class=\"aligncenter wp-image-448 size-full\" title=\"hyundai 25 L-7\" src=\"https:\/\/recarprofi.cz\/wp-content\/uploads\/2013\/02\/hyundai-25-L-7.jpg\" alt=\"\" width=\"640\" height=\"480\" \/><\/a><a href=\"http:\/\/recarprofi.cz\/wp-content\/uploads\/2013\/02\/hyundai-33l-7a.jpg\"><img decoding=\"async\" class=\"alignleft wp-image-450 size-full\" title=\"hyundai 33l-7a\" src=\"https:\/\/recarprofi.cz\/wp-content\/uploads\/2013\/02\/hyundai-33l-7a.jpg\" alt=\"\" width=\"768\" height=\"765\" \/><\/a><\/p>\t\t\t\t\t\t\t\t<\/div>\n\t\t\t\t<\/div>\n\t\t\t\t\t<\/div>\n\t\t<\/div>\n\t\t\t\t\t<\/div>\n\t\t<\/section>\n\t\t\t\t<\/div>\n\t\t","protected":false},"excerpt":{"rendered":"<p>Vysokozdvi\u017en\u00e9 voz\u00edky Hyundai na plynov\u00fd pohon, s nosnosti od 2,5 do 3,3t. Nov\u00e9 motory Hyundai L4KB zajist\u00ed dostate\u010dn\u00fd v\u00fdkon a malou spot\u0159ebu paliva.\u00a0Syst\u00e9m OPSS provede kontrolu p\u0159\u00edtomnost\u00ed obsluhy v\u00a0sedadle. V\u00a0p\u0159\u00edpad\u011b opu\u0161t\u011bn\u00ed sedadla obsluhou syst\u00e9m zablokuje&hellip;<\/p>\n","protected":false},"author":1,"featured_media":9955,"parent":411,"menu_order":2,"comment_status":"closed","ping_status":"closed","template":"","meta":{"footnotes":""},"class_list":["post-439","page","type-page","status-publish","has-post-thumbnail","hentry"],"_links":{"self":[{"href":"https:\/\/recarprofi.cz\/uvod\/wp-json\/wp\/v2\/pages\/439","targetHints":{"allow":["GET"]}}],"collection":[{"href":"https:\/\/recarprofi.cz\/uvod\/wp-json\/wp\/v2\/pages"}],"about":[{"href":"https:\/\/recarprofi.cz\/uvod\/wp-json\/wp\/v2\/types\/page"}],"author":[{"embeddable":true,"href":"https:\/\/recarprofi.cz\/uvod\/wp-json\/wp\/v2\/users\/1"}],"replies":[{"embeddable":true,"href":"https:\/\/recarprofi.cz\/uvod\/wp-json\/wp\/v2\/comments?post=439"}],"version-history":[{"count":29,"href":"https:\/\/recarprofi.cz\/uvod\/wp-json\/wp\/v2\/pages\/439\/revisions"}],"predecessor-version":[{"id":20450,"href":"https:\/\/recarprofi.cz\/uvod\/wp-json\/wp\/v2\/pages\/439\/revisions\/20450"}],"up":[{"embeddable":true,"href":"https:\/\/recarprofi.cz\/uvod\/wp-json\/wp\/v2\/pages\/411"}],"wp:featuredmedia":[{"embeddable":true,"href":"https:\/\/recarprofi.cz\/uvod\/wp-json\/wp\/v2\/media\/9955"}],"wp:attachment":[{"href":"https:\/\/recarprofi.cz\/uvod\/wp-json\/wp\/v2\/media?parent=439"}],"curies":[{"name":"wp","href":"https:\/\/api.w.org\/{rel}","templated":true}]}}