{"id":6091,"date":"2014-05-22T13:39:43","date_gmt":"2014-05-22T11:39:43","guid":{"rendered":"http:\/\/recarprofi.cz\/?page_id=6091"},"modified":"2024-08-19T14:05:33","modified_gmt":"2024-08-19T12:05:33","slug":"snehove-radlice-celni","status":"publish","type":"page","link":"https:\/\/recarprofi.cz\/uvod\/komunalni-technika\/snehove-radlice-celni\/","title":{"rendered":"Sn\u011bhov\u00e9 radlice  \u010deln\u00ed"},"content":{"rendered":"\t\t<div data-elementor-type=\"wp-page\" data-elementor-id=\"6091\" class=\"elementor elementor-6091\">\n\t\t\t\t\t\t<section class=\"elementor-section elementor-top-section elementor-element elementor-element-26119ff0 elementor-section-boxed elementor-section-height-default elementor-section-height-default\" data-id=\"26119ff0\" data-element_type=\"section\" data-e-type=\"section\">\n\t\t\t\t\t\t<div class=\"elementor-container elementor-column-gap-default\">\n\t\t\t\t\t<div class=\"elementor-column elementor-col-100 elementor-top-column elementor-element elementor-element-7f191496\" data-id=\"7f191496\" data-element_type=\"column\" data-e-type=\"column\">\n\t\t\t<div class=\"elementor-widget-wrap elementor-element-populated\">\n\t\t\t\t\t\t<div class=\"elementor-element elementor-element-13ee933 elementor-widget elementor-widget-button\" data-id=\"13ee933\" data-element_type=\"widget\" data-e-type=\"widget\" data-widget_type=\"button.default\">\n\t\t\t\t<div class=\"elementor-widget-container\">\n\t\t\t\t\t\t\t\t\t<div class=\"elementor-button-wrapper\">\n\t\t\t\t\t<a class=\"elementor-button elementor-button-link elementor-size-sm\" href=\"https:\/\/recarprofi.cz\/uvod\/kategorie-produktu\/snehove-radlice\/\">\n\t\t\t\t\t\t<span class=\"elementor-button-content-wrapper\">\n\t\t\t\t\t\t\t\t\t<span class=\"elementor-button-text\">Vstup do eshopu<\/span>\n\t\t\t\t\t<\/span>\n\t\t\t\t\t<\/a>\n\t\t\t\t<\/div>\n\t\t\t\t\t\t\t\t<\/div>\n\t\t\t\t<\/div>\n\t\t\t\t<div class=\"elementor-element elementor-element-6261d04e elementor-widget elementor-widget-text-editor\" data-id=\"6261d04e\" data-element_type=\"widget\" data-e-type=\"widget\" data-widget_type=\"text-editor.default\">\n\t\t\t\t<div class=\"elementor-widget-container\">\n\t\t\t\t\t\t\t\t\t<p style=\"text-align: justify;\"><strong><a href=\"http:\/\/recarprofi.cz\/wp-content\/uploads\/2014\/05\/pronar-pu-1800.jpg\"><img fetchpriority=\"high\" decoding=\"async\" class=\"aligncenter wp-image-6096 size-full\" src=\"https:\/\/recarprofi.cz\/wp-content\/uploads\/2014\/05\/pronar-pu-1800.jpg\" alt=\"pronar pu 1800\" width=\"600\" height=\"398\" \/><\/a>Sn\u011bhov\u00e9 radlice PRONAR PU a PUV .<\/strong><\/p><p style=\"text-align: justify;\">\u010celn\u00ed agregace k t\u0159\u00edbodov\u00e9mu z\u00e1v\u011bsu traktoru, s mo\u017enost\u00ed aplikace jak\u00e9koliv radlice na \u010deln\u00ed naklada\u010d, \u010di jin\u00e9 strojn\u00ed za\u0159\u00edzen\u00ed osazen\u00e9 EURO z\u00e1v\u011bsy. Pry\u017eov\u00fd nebo kovov\u00fd v\u00fdchyln\u00fd b\u0159it. Hydraulick\u00e9 nastaven\u00ed tri nebo \u010dty\u0159 pracovn\u00edch poloh, elektromagnetick\u00e9 ovl\u00e1d\u00e1n\u00ed z kabiny traktoru. U radlic od 2,6 m mo\u017eno bantamov\u00e9 podp\u016frn\u00e9 kola nebo kluzy s ot\u011bruvzdorn\u00e9 oceli Hardox. Ji\u0161t\u011bn\u00ed v\u00fdkyvn\u00e9ho b\u0159itu radlic pomoc\u00ed sady pru\u017ein. Standard odstavn\u00e1 noha a sv\u011bteln\u00e1 instalace.<\/p><table border=\"0\"><tbody><tr><td><strong>TYP RADLICE<\/strong><\/td><td style=\"text-align: center;\"><strong>PU 1700\u00a0<\/strong><\/td><td style=\"text-align: center;\"><strong>PU 2100<\/strong><\/td><td style=\"text-align: center;\"><strong>PU 1400\u00a0<\/strong><\/td><td style=\"text-align: center;\"><strong>PU 2200E\u00a0<\/strong><\/td><td style=\"text-align: center;\"><strong>\u00a0PU 2600<\/strong><\/td><td style=\"text-align: center;\"><strong>PU 3300\u00a0<\/strong><\/td><\/tr><tr><td><strong>PRACOVN\u00cd Z\u00c1B\u011aR<\/strong> [mm]<\/td><td style=\"text-align: center;\">\u00a01680-1930<\/td><td style=\"text-align: center;\">1920-2210<\/td><td style=\"text-align: center;\">\u00a01260-1485<\/td><td style=\"text-align: center;\">1930-2190<\/td><td style=\"text-align: center;\">\u00a02300-2500<\/td><td style=\"text-align: center;\">2700-2900<\/td><\/tr><tr><td><strong>V\u00dd\u0160KA RADLICE <\/strong>[mm]<\/td><td style=\"text-align: center;\">\u00a0900<\/td><td style=\"text-align: center;\">900<\/td><td style=\"text-align: center;\">\u00a0<\/td><td style=\"text-align: center;\">\u00a0<\/td><td style=\"text-align: center;\">\u00a01040<\/td><td style=\"text-align: center;\">\u00a01040<\/td><\/tr><tr><td><strong>PO\u010cET PRAC. POLOH<\/strong><\/td><td style=\"text-align: center;\">4<\/td><td style=\"text-align: center;\">4<\/td><td style=\"text-align: center;\">2<\/td><td style=\"text-align: center;\">2<\/td><td style=\"text-align: center;\">2<\/td><td style=\"text-align: center;\">2<\/td><\/tr><tr><td><strong>PRACOVN\u00cd POLOHY<\/strong><\/td><td style=\"text-align: center;\">\u00a0\/, \\, Y, \/\\<\/td><td style=\"text-align: center;\">\u00a0\u00a0\/, \\, Y, \/\\<\/td><td style=\"text-align: center;\">\u00a0\/, \\<\/td><td style=\"text-align: center;\">\/, \\<\/td><td style=\"text-align: center;\">\u00a0\/, \\<\/td><td style=\"text-align: center;\">\u00a0\/, \\<\/td><\/tr><tr><td><strong>HMOTNOST <\/strong>[kg]<\/td><td style=\"text-align: center;\">\u00a0250<\/td><td style=\"text-align: center;\">260<\/td><td style=\"text-align: center;\">\u00a0150<\/td><td style=\"text-align: center;\">230<\/td><td style=\"text-align: center;\">\u00a0660<\/td><td style=\"text-align: center;\">680<\/td><\/tr><tr><td><strong>B\u0158ITY <\/strong>(GUMA, KOV)<\/td><td style=\"text-align: center;\">\u00a0G (K var)<\/td><td style=\"text-align: center;\">G (K var)<\/td><td style=\"text-align: center;\">\u00a0G (K pr)<\/td><td style=\"text-align: center;\">G (K pr)<\/td><td style=\"text-align: center;\">\u00a0G (K var)<\/td><td style=\"text-align: center;\">\u00a0G (K var)<\/td><\/tr><tr><td><strong>PODPORA <\/strong>(KOLA, KLUZY)<\/td><td style=\"text-align: center;\">\u00a0p\u0159\u00edplatek<\/td><td style=\"text-align: center;\">\u00a0p\u0159\u00edplatek<\/td><td style=\"text-align: center;\">p\u0159\u00edplatek<\/td><td style=\"text-align: center;\">\u00a0p\u0159\u00edplatek<\/td><td style=\"text-align: center;\">\u00a0\u00a0p\u0159\u00edplatek<\/td><td style=\"text-align: center;\">\u00a0\u00a0p\u0159\u00edplatek<\/td><\/tr><tr><td><strong>PRACOVN\u00cd RYCHLOST <\/strong>[km\/h]<\/td><td style=\"text-align: center;\">\u00a010<\/td><td style=\"text-align: center;\">10<\/td><td style=\"text-align: center;\">\u00a0<\/td><td style=\"text-align: center;\">\u00a0<\/td><td style=\"text-align: center;\">\u00a010<\/td><td style=\"text-align: center;\">10<\/td><\/tr><tr><td><strong>TRAKTOR <\/strong>[hp]<\/td><td style=\"text-align: center;\">25-55<\/td><td style=\"text-align: center;\">25-55<\/td><td style=\"text-align: center;\">30<\/td><td style=\"text-align: center;\">60<\/td><td style=\"text-align: center;\">80-150<\/td><td style=\"text-align: center;\">80-150<\/td><\/tr><\/tbody><\/table><p><a href=\"http:\/\/recarprofi.cz\/wp-content\/uploads\/2014\/05\/pronar-pu-1400.png\"><img decoding=\"async\" class=\"aligncenter wp-image-6098 size-full\" src=\"https:\/\/recarprofi.cz\/wp-content\/uploads\/2014\/05\/pronar-pu-1400.png\" alt=\"pronar pu 1400\" width=\"600\" height=\"475\" \/><\/a><\/p><p><a href=\"http:\/\/recarprofi.cz\/wp-content\/uploads\/2014\/05\/pronar-puv-2800.jpg\"><img decoding=\"async\" class=\"aligncenter wp-image-6102 size-full\" src=\"https:\/\/recarprofi.cz\/wp-content\/uploads\/2014\/05\/pronar-puv-2800.jpg\" alt=\"pronar puv 2800\" width=\"600\" height=\"450\" \/><\/a><\/p><table border=\"0\"><tbody><tr><td><strong>TYP RADLICE<\/strong><\/td><td style=\"text-align: center;\"><strong>PUV 1400\u00a0<\/strong><\/td><td style=\"text-align: center;\"><strong>PUV 1600\u00a0<\/strong><\/td><td style=\"text-align: center;\"><strong>PUV 2600\u00a0<\/strong><\/td><td style=\"text-align: center;\"><strong>PUV 2800<\/strong><\/td><td style=\"text-align: center;\"><strong>PUV 3000<\/strong><\/td><td style=\"text-align: center;\"><strong>PUV 3300<\/strong><\/td><\/tr><tr><td><strong>PRACOVN\u00cd Z\u00c1B\u011aR <\/strong>[mm]<\/td><td style=\"text-align: center;\">1280<\/td><td style=\"text-align: center;\">1390-1400<\/td><td style=\"text-align: center;\">\u00a01930-2360<\/td><td style=\"text-align: center;\">\u00a02490<\/td><td style=\"text-align: center;\">\u00a02710<\/td><td style=\"text-align: center;\">\u00a02930<\/td><\/tr><tr><td><strong>V\u00dd\u0160KA RADLICE <\/strong>[mm]<\/td><td style=\"text-align: center;\">\u00a0<\/td><td style=\"text-align: center;\">\u00a0<\/td><td style=\"text-align: center;\">\u00a0835<\/td><td style=\"text-align: center;\">835<\/td><td style=\"text-align: center;\">\u00a0935<\/td><td style=\"text-align: center;\">\u00a0935<\/td><\/tr><tr><td><strong>PO\u010cET PRAC. POLOH<\/strong><\/td><td style=\"text-align: center;\">4<\/td><td style=\"text-align: center;\">4<\/td><td style=\"text-align: center;\">\u00a04<\/td><td style=\"text-align: center;\">4<\/td><td style=\"text-align: center;\">\u00a04<\/td><td style=\"text-align: center;\">\u00a04<\/td><\/tr><tr><td><strong>PRACOVN\u00cd POLOHY<\/strong><\/td><td style=\"text-align: center;\">\u00a0\u00a0\/, \\, Y, \/\\<\/td><td style=\"text-align: center;\">\u00a0\u00a0\/, \\, Y, \/\\<\/td><td style=\"text-align: center;\">\u00a0\u00a0\/, \\, Y, \/\\<\/td><td style=\"text-align: center;\">\u00a0\/, \\, Y, \/\\<\/td><td style=\"text-align: center;\">\u00a0\/, \\, Y, \/\\<\/td><td style=\"text-align: center;\">\/, \\, Y, \/\\<\/td><\/tr><tr><td><strong>HMOTNOST <\/strong>[kg]<\/td><td style=\"text-align: center;\">170<\/td><td style=\"text-align: center;\">180<\/td><td style=\"text-align: center;\">\u00a0565-650<\/td><td style=\"text-align: center;\">595-680<\/td><td style=\"text-align: center;\">\u00a0755-860<\/td><td style=\"text-align: center;\">\u00a0800-895<\/td><\/tr><tr><td><strong>B\u0158ITY <\/strong>(GUMA, KOV)<\/td><td style=\"text-align: center;\">G (K pr)<\/td><td style=\"text-align: center;\">G (K pr)<\/td><td style=\"text-align: center;\">\u00a0G (K pr)<\/td><td style=\"text-align: center;\">\u00a0G (K pr)<\/td><td style=\"text-align: center;\">\u00a0G (K pr)<\/td><td style=\"text-align: center;\">G (K pr)<\/td><\/tr><tr><td><strong>PODPORA <\/strong>(KOLA, KLUZY)<\/td><td style=\"text-align: center;\">\u00a0p\u0159\u00edplatek<\/td><td style=\"text-align: center;\">\u00a0p\u0159\u00edplatek<\/td><td style=\"text-align: center;\">\u00a0kola p\u0159<\/td><td style=\"text-align: center;\">kola p\u0159<\/td><td style=\"text-align: center;\">kola p\u0159<\/td><td style=\"text-align: center;\">kola p\u0159<\/td><\/tr><tr><td><strong>PRACOVN\u00cd RYCHLOST<\/strong> [km\/h]<\/td><td style=\"text-align: center;\">10<\/td><td style=\"text-align: center;\">10<\/td><td style=\"text-align: center;\">\u00a010<\/td><td style=\"text-align: center;\">10<\/td><td style=\"text-align: center;\">\u00a010<\/td><td style=\"text-align: center;\">10<\/td><\/tr><tr><td><strong>TRAKTOR <\/strong>[hp]<\/td><td style=\"text-align: center;\">30<\/td><td style=\"text-align: center;\">25-55<\/td><td style=\"text-align: center;\">\u00a070<\/td><td style=\"text-align: center;\">80<\/td><td style=\"text-align: center;\">\u00a0100-200<\/td><td style=\"text-align: center;\">100-200<\/td><\/tr><\/tbody><\/table><p><a href=\"http:\/\/recarprofi.cz\/wp-content\/uploads\/2014\/05\/pronar-pu-3300.jpg\"><img loading=\"lazy\" decoding=\"async\" class=\"aligncenter wp-image-6100 size-full\" src=\"https:\/\/recarprofi.cz\/wp-content\/uploads\/2014\/05\/pronar-pu-3300.jpg\" alt=\"pronar pu 3300\" width=\"600\" height=\"398\" \/><\/a><\/p>\t\t\t\t\t\t\t\t<\/div>\n\t\t\t\t<\/div>\n\t\t\t\t\t<\/div>\n\t\t<\/div>\n\t\t\t\t\t<\/div>\n\t\t<\/section>\n\t\t\t\t<\/div>\n\t\t","protected":false},"excerpt":{"rendered":"<p>Vstup do eshopu Sn\u011bhov\u00e9 radlice PRONAR PU a PUV . \u010celn\u00ed agregace k t\u0159\u00edbodov\u00e9mu z\u00e1v\u011bsu traktoru, s mo\u017enost\u00ed aplikace jak\u00e9koliv radlice na \u010deln\u00ed naklada\u010d, \u010di jin\u00e9 strojn\u00ed za\u0159\u00edzen\u00ed osazen\u00e9 EURO z\u00e1v\u011bsy. Pry\u017eov\u00fd nebo kovov\u00fd v\u00fdchyln\u00fd&hellip;<\/p>\n","protected":false},"author":1,"featured_media":0,"parent":6072,"menu_order":10,"comment_status":"closed","ping_status":"closed","template":"","meta":{"footnotes":""},"class_list":["post-6091","page","type-page","status-publish","hentry"],"_links":{"self":[{"href":"https:\/\/recarprofi.cz\/uvod\/wp-json\/wp\/v2\/pages\/6091","targetHints":{"allow":["GET"]}}],"collection":[{"href":"https:\/\/recarprofi.cz\/uvod\/wp-json\/wp\/v2\/pages"}],"about":[{"href":"https:\/\/recarprofi.cz\/uvod\/wp-json\/wp\/v2\/types\/page"}],"author":[{"embeddable":true,"href":"https:\/\/recarprofi.cz\/uvod\/wp-json\/wp\/v2\/users\/1"}],"replies":[{"embeddable":true,"href":"https:\/\/recarprofi.cz\/uvod\/wp-json\/wp\/v2\/comments?post=6091"}],"version-history":[{"count":16,"href":"https:\/\/recarprofi.cz\/uvod\/wp-json\/wp\/v2\/pages\/6091\/revisions"}],"predecessor-version":[{"id":31545,"href":"https:\/\/recarprofi.cz\/uvod\/wp-json\/wp\/v2\/pages\/6091\/revisions\/31545"}],"up":[{"embeddable":true,"href":"https:\/\/recarprofi.cz\/uvod\/wp-json\/wp\/v2\/pages\/6072"}],"wp:attachment":[{"href":"https:\/\/recarprofi.cz\/uvod\/wp-json\/wp\/v2\/media?parent=6091"}],"curies":[{"name":"wp","href":"https:\/\/api.w.org\/{rel}","templated":true}]}}