{"id":6830,"date":"2015-07-01T12:31:48","date_gmt":"2015-07-01T10:31:48","guid":{"rendered":"http:\/\/recarprofi.cz\/?page_id=6830"},"modified":"2024-04-29T10:53:05","modified_gmt":"2024-04-29T08:53:05","slug":"ochrana-rostlin","status":"publish","type":"page","link":"https:\/\/recarprofi.cz\/uvod\/zemedelska-technika\/ochrana-rostlin\/","title":{"rendered":"Ochrana rostlin"},"content":{"rendered":"\t\t<div data-elementor-type=\"wp-page\" data-elementor-id=\"6830\" class=\"elementor elementor-6830\">\n\t\t\t\t\t\t<section class=\"elementor-section elementor-top-section elementor-element elementor-element-b8954dd elementor-section-boxed elementor-section-height-default elementor-section-height-default\" data-id=\"b8954dd\" data-element_type=\"section\" data-e-type=\"section\">\n\t\t\t\t\t\t<div class=\"elementor-container elementor-column-gap-default\">\n\t\t\t\t\t<div class=\"elementor-column elementor-col-100 elementor-top-column elementor-element elementor-element-2b9a10f\" data-id=\"2b9a10f\" data-element_type=\"column\" data-e-type=\"column\">\n\t\t\t<div class=\"elementor-widget-wrap elementor-element-populated\">\n\t\t\t\t\t\t<div class=\"elementor-element elementor-element-b043d84 elementor-position-left elementor-vertical-align-top elementor-widget elementor-widget-image-box\" data-id=\"b043d84\" data-element_type=\"widget\" data-e-type=\"widget\" data-widget_type=\"image-box.default\">\n\t\t\t\t<div class=\"elementor-widget-container\">\n\t\t\t\t\t<div class=\"elementor-image-box-wrapper\"><figure class=\"elementor-image-box-img\"><a href=\"https:\/\/recarprofi.cz\/uvod\/zemedelska-technika\/ochrana-rostlin\/nesene-polni-postrikovace-unia\/\" tabindex=\"-1\"><img fetchpriority=\"high\" decoding=\"async\" width=\"600\" height=\"399\" src=\"https:\/\/recarprofi.cz\/wp-content\/uploads\/2015\/07\/unia1.jpg\" class=\"attachment-full size-full wp-image-6839\" alt=\"\" srcset=\"https:\/\/recarprofi.cz\/wp-content\/uploads\/2015\/07\/unia1.jpg 600w, https:\/\/recarprofi.cz\/wp-content\/uploads\/2015\/07\/unia1-416x277.jpg 416w, https:\/\/recarprofi.cz\/wp-content\/uploads\/2015\/07\/unia1-300x200.jpg 300w\" sizes=\"(max-width: 600px) 100vw, 600px\" \/><\/a><\/figure><div class=\"elementor-image-box-content\"><h3 class=\"elementor-image-box-title\"><a href=\"https:\/\/recarprofi.cz\/uvod\/zemedelska-technika\/ochrana-rostlin\/nesene-polni-postrikovace-unia\/\">Nesen\u00e9 poln\u00ed post\u0159ikova\u010de Unia<\/a><\/h3><\/div><\/div>\t\t\t\t<\/div>\n\t\t\t\t<\/div>\n\t\t\t\t\t<\/div>\n\t\t<\/div>\n\t\t\t\t\t<\/div>\n\t\t<\/section>\n\t\t\t\t<section class=\"elementor-section elementor-top-section elementor-element elementor-element-6ddd34a elementor-section-boxed elementor-section-height-default elementor-section-height-default\" data-id=\"6ddd34a\" data-element_type=\"section\" data-e-type=\"section\">\n\t\t\t\t\t\t<div class=\"elementor-container elementor-column-gap-default\">\n\t\t\t\t\t<div class=\"elementor-column elementor-col-100 elementor-top-column elementor-element elementor-element-d0b6cac\" data-id=\"d0b6cac\" data-element_type=\"column\" data-e-type=\"column\">\n\t\t\t<div class=\"elementor-widget-wrap elementor-element-populated\">\n\t\t\t\t\t\t<div class=\"elementor-element elementor-element-ee4b94a elementor-position-left elementor-vertical-align-top elementor-widget elementor-widget-image-box\" data-id=\"ee4b94a\" data-element_type=\"widget\" data-e-type=\"widget\" data-widget_type=\"image-box.default\">\n\t\t\t\t<div class=\"elementor-widget-container\">\n\t\t\t\t\t<div class=\"elementor-image-box-wrapper\"><figure class=\"elementor-image-box-img\"><a href=\"https:\/\/recarprofi.cz\/uvod\/zemedelska-technika\/ochrana-rostlin\/tazene-polni-postrikovace-unia\/\" tabindex=\"-1\"><img decoding=\"async\" width=\"1024\" height=\"659\" src=\"https:\/\/recarprofi.cz\/wp-content\/uploads\/2016\/09\/unia-plus1.jpg\" class=\"attachment-full size-full wp-image-7757\" alt=\"\" srcset=\"https:\/\/recarprofi.cz\/wp-content\/uploads\/2016\/09\/unia-plus1.jpg 1024w, https:\/\/recarprofi.cz\/wp-content\/uploads\/2016\/09\/unia-plus1-600x386.jpg 600w, https:\/\/recarprofi.cz\/wp-content\/uploads\/2016\/09\/unia-plus1-300x193.jpg 300w, https:\/\/recarprofi.cz\/wp-content\/uploads\/2016\/09\/unia-plus1-768x494.jpg 768w, https:\/\/recarprofi.cz\/wp-content\/uploads\/2016\/09\/unia-plus1-750x483.jpg 750w\" sizes=\"(max-width: 1024px) 100vw, 1024px\" \/><\/a><\/figure><div class=\"elementor-image-box-content\"><h3 class=\"elementor-image-box-title\"><a href=\"https:\/\/recarprofi.cz\/uvod\/zemedelska-technika\/ochrana-rostlin\/tazene-polni-postrikovace-unia\/\">Ta\u017een\u00e9 poln\u00ed pos\u0159ikova\u010de Unia<\/a><\/h3><\/div><\/div>\t\t\t\t<\/div>\n\t\t\t\t<\/div>\n\t\t\t\t\t<\/div>\n\t\t<\/div>\n\t\t\t\t\t<\/div>\n\t\t<\/section>\n\t\t\t\t<section class=\"elementor-section elementor-top-section elementor-element elementor-element-336418e elementor-section-boxed elementor-section-height-default elementor-section-height-default\" data-id=\"336418e\" data-element_type=\"section\" data-e-type=\"section\">\n\t\t\t\t\t\t<div class=\"elementor-container elementor-column-gap-default\">\n\t\t\t\t\t<div class=\"elementor-column elementor-col-100 elementor-top-column elementor-element elementor-element-4b2581d\" data-id=\"4b2581d\" data-element_type=\"column\" data-e-type=\"column\">\n\t\t\t<div class=\"elementor-widget-wrap elementor-element-populated\">\n\t\t\t\t\t\t<div class=\"elementor-element elementor-element-0c5a4ae elementor-position-left elementor-vertical-align-top elementor-widget elementor-widget-image-box\" data-id=\"0c5a4ae\" data-element_type=\"widget\" data-e-type=\"widget\" data-widget_type=\"image-box.default\">\n\t\t\t\t<div class=\"elementor-widget-container\">\n\t\t\t\t\t<div class=\"elementor-image-box-wrapper\"><figure class=\"elementor-image-box-img\"><a href=\"https:\/\/recarprofi.cz\/uvod\/zemedelska-technika\/ochrana-rostlin\/sadove-postrikovace-unia\/\" tabindex=\"-1\"><img decoding=\"async\" width=\"1600\" height=\"1067\" src=\"https:\/\/recarprofi.cz\/wp-content\/uploads\/2018\/09\/unia-sleza1.jpg\" class=\"attachment-full size-full wp-image-11327\" alt=\"\" srcset=\"https:\/\/recarprofi.cz\/wp-content\/uploads\/2018\/09\/unia-sleza1.jpg 1600w, https:\/\/recarprofi.cz\/wp-content\/uploads\/2018\/09\/unia-sleza1-600x400.jpg 600w, https:\/\/recarprofi.cz\/wp-content\/uploads\/2018\/09\/unia-sleza1-420x280.jpg 420w, https:\/\/recarprofi.cz\/wp-content\/uploads\/2018\/09\/unia-sleza1-744x496.jpg 744w, https:\/\/recarprofi.cz\/wp-content\/uploads\/2018\/09\/unia-sleza1-768x512.jpg 768w, https:\/\/recarprofi.cz\/wp-content\/uploads\/2018\/09\/unia-sleza1-1200x800.jpg 1200w\" sizes=\"(max-width: 1600px) 100vw, 1600px\" \/><\/a><\/figure><div class=\"elementor-image-box-content\"><h3 class=\"elementor-image-box-title\"><a href=\"https:\/\/recarprofi.cz\/uvod\/zemedelska-technika\/ochrana-rostlin\/sadove-postrikovace-unia\/\">Sadov\u00e9 post\u0159ikova\u010de Unia<\/a><\/h3><\/div><\/div>\t\t\t\t<\/div>\n\t\t\t\t<\/div>\n\t\t\t\t\t<\/div>\n\t\t<\/div>\n\t\t\t\t\t<\/div>\n\t\t<\/section>\n\t\t\t\t<\/div>\n\t\t","protected":false},"excerpt":{"rendered":"<p>Nesen\u00e9 poln\u00ed post\u0159ikova\u010de Unia Ta\u017een\u00e9 poln\u00ed pos\u0159ikova\u010de Unia Sadov\u00e9 post\u0159ikova\u010de Unia<\/p>\n","protected":false},"author":1,"featured_media":12086,"parent":77,"menu_order":9,"comment_status":"closed","ping_status":"closed","template":"","meta":{"footnotes":""},"class_list":["post-6830","page","type-page","status-publish","has-post-thumbnail","hentry"],"_links":{"self":[{"href":"https:\/\/recarprofi.cz\/uvod\/wp-json\/wp\/v2\/pages\/6830","targetHints":{"allow":["GET"]}}],"collection":[{"href":"https:\/\/recarprofi.cz\/uvod\/wp-json\/wp\/v2\/pages"}],"about":[{"href":"https:\/\/recarprofi.cz\/uvod\/wp-json\/wp\/v2\/types\/page"}],"author":[{"embeddable":true,"href":"https:\/\/recarprofi.cz\/uvod\/wp-json\/wp\/v2\/users\/1"}],"replies":[{"embeddable":true,"href":"https:\/\/recarprofi.cz\/uvod\/wp-json\/wp\/v2\/comments?post=6830"}],"version-history":[{"count":26,"href":"https:\/\/recarprofi.cz\/uvod\/wp-json\/wp\/v2\/pages\/6830\/revisions"}],"predecessor-version":[{"id":31461,"href":"https:\/\/recarprofi.cz\/uvod\/wp-json\/wp\/v2\/pages\/6830\/revisions\/31461"}],"up":[{"embeddable":true,"href":"https:\/\/recarprofi.cz\/uvod\/wp-json\/wp\/v2\/pages\/77"}],"wp:featuredmedia":[{"embeddable":true,"href":"https:\/\/recarprofi.cz\/uvod\/wp-json\/wp\/v2\/media\/12086"}],"wp:attachment":[{"href":"https:\/\/recarprofi.cz\/uvod\/wp-json\/wp\/v2\/media?parent=6830"}],"curies":[{"name":"wp","href":"https:\/\/api.w.org\/{rel}","templated":true}]}}