{"id":6842,"date":"2015-07-01T14:00:26","date_gmt":"2015-07-01T12:00:26","guid":{"rendered":"http:\/\/recarprofi.cz\/?page_id=6842"},"modified":"2023-08-14T07:54:46","modified_gmt":"2023-08-14T05:54:46","slug":"tazene-polni-postrikovace-unia","status":"publish","type":"page","link":"https:\/\/recarprofi.cz\/uvod\/zemedelska-technika\/ochrana-rostlin\/tazene-polni-postrikovace-unia\/","title":{"rendered":"Ta\u017een\u00e9 poln\u00ed post\u0159ikova\u010de Unia"},"content":{"rendered":"\t\t<div data-elementor-type=\"wp-page\" data-elementor-id=\"6842\" class=\"elementor elementor-6842\">\n\t\t\t\t\t\t<section class=\"elementor-section elementor-top-section elementor-element elementor-element-effbd97 elementor-section-boxed elementor-section-height-default elementor-section-height-default\" data-id=\"effbd97\" data-element_type=\"section\" data-e-type=\"section\">\n\t\t\t\t\t\t<div class=\"elementor-container elementor-column-gap-default\">\n\t\t\t\t\t<div class=\"elementor-column elementor-col-100 elementor-top-column elementor-element elementor-element-266e8bde\" data-id=\"266e8bde\" data-element_type=\"column\" data-e-type=\"column\">\n\t\t\t<div class=\"elementor-widget-wrap elementor-element-populated\">\n\t\t\t\t\t\t<div class=\"elementor-element elementor-element-40ab5b1b elementor-widget elementor-widget-text-editor\" data-id=\"40ab5b1b\" data-element_type=\"widget\" data-e-type=\"widget\" data-widget_type=\"text-editor.default\">\n\t\t\t\t<div class=\"elementor-widget-container\">\n\t\t\t\t\t\t\t\t\t<p><strong>\u0158ada Plus.<a href=\"http:\/\/recarprofi.cz\/wp-content\/uploads\/2015\/07\/unia-plus1.jpg\"><img fetchpriority=\"high\" decoding=\"async\" class=\"aligncenter wp-image-6843 size-large\" src=\"https:\/\/recarprofi.cz\/wp-content\/uploads\/2015\/07\/unia-plus1-1024x659.jpg\" alt=\"unia plus1\" width=\"1024\" height=\"659\" srcset=\"https:\/\/recarprofi.cz\/wp-content\/uploads\/2015\/07\/unia-plus1.jpg 1024w, https:\/\/recarprofi.cz\/wp-content\/uploads\/2015\/07\/unia-plus1-600x386.jpg 600w, https:\/\/recarprofi.cz\/wp-content\/uploads\/2015\/07\/unia-plus1-300x193.jpg 300w, https:\/\/recarprofi.cz\/wp-content\/uploads\/2015\/07\/unia-plus1-938x604.jpg 938w\" sizes=\"(max-width: 1024px) 100vw, 1024px\" \/><\/a><\/strong><\/p><p>Hydraulicky skl\u00e1dan\u00e1 ramena s hydraulick\u00fdm zdvihem od 0,5 do 2,1 metru, slo\u017eena pod\u00e9l n\u00e1dr\u017ee, v\u00fdchyln\u00e1 krajn\u00ed \u010d\u00e1st ramen, 1 600l polietyl\u00e9nov\u00e1 n\u00e1dr\u017e, ostatn\u00ed objemy z poliesteru, s n\u00e1dr\u017e\u00ed na \u010distou vodu a n\u00e1dr\u017ekou na umyt\u00ed, vnit\u0159n\u00ed proplach od 2 000l, vnit\u0159n\u00ed \u0159edi\u010d chemick\u00fdch prost\u0159edk\u016f, membr\u00e1nov\u00e9 \u010derpadlo Udor, automatick\u00fd rozv\u00e1d\u011b\u010d ZTS, vahadlov\u00e1 stabilizace ramen s amortizac\u00ed, mechanick\u00e9 pod\u00e9ln\u00e9 vych\u00fdlen\u00ed ramen, nerez armatura, spodn\u00ed pevn\u00fd z\u00e1v\u011bs 50mm, (pro 1 600.2 000l oto\u010dn\u00fd) Pneu brzda jednohadicov\u00e1, od 2 000 l i parkovac\u00ed ru\u010dn\u00ed brzda. Plynule nastaviteln\u00fd rozchod kol.<\/p><div class=\"page\"><div class=\"page-clanek\"><div class=\"page-content\"><div class=\"item-page\"><div id=\"tabber_container_1____323___\" class=\"tabber_container tabber_container_1_ rounded\"><div id=\"tabber_content_1____323___\" class=\"tabber_content tabber_count_1 tabber_item_active\"><div id=\"tabber_item_1____323___-1\" class=\"tabber_item tabber_count_1 tabber_item_active\"><table border=\"0\" cellspacing=\"0\" cellpadding=\"0\"><tbody><tr><td valign=\"top\" width=\"85\">typ<\/td><td valign=\"top\" width=\"87\"><p align=\"center\">objem v\u00a0l<\/p><\/td><td valign=\"top\" width=\"90\"><p align=\"center\">ramena v\u00a0m<\/p><\/td><td valign=\"top\" width=\"83\"><p align=\"center\">kola<\/p><\/td><td valign=\"top\" width=\"91\"><p align=\"center\">rozchod kol<\/p><\/td><td valign=\"top\" width=\"92\"><p align=\"center\">\u010derpadlo<\/p><\/td><\/tr><tr><td valign=\"top\" width=\"85\"><strong>P 1215 \u00a0 \u00a0 \u00a0 \u00a0 \u00a0 \u00a0 \u00a0\u00a0<\/strong><\/td><td rowspan=\"2\" width=\"87\"><p align=\"center\">1.200<\/p><\/td><td valign=\"top\" width=\"90\"><p align=\"center\">15<\/p><\/td><td rowspan=\"2\" width=\"83\"><p align=\"center\">9.5 x 24\u201c<\/p><\/td><td rowspan=\"4\" width=\"91\"><p align=\"center\">1.35-1.8<\/p><\/td><td valign=\"top\" width=\"92\"><p align=\"center\">RO 130<\/p><\/td><\/tr><tr><td valign=\"top\" width=\"85\"><strong>P 1218\u00a0<\/strong><\/td><td valign=\"top\" width=\"90\"><p align=\"center\">18<\/p><\/td><td rowspan=\"3\" width=\"92\"><p align=\"center\">RO 160<\/p><\/td><\/tr><tr><td valign=\"top\" width=\"85\"><strong>P 1615\u00a0<\/strong><\/td><td rowspan=\"2\" width=\"87\"><p align=\"center\">1.600<\/p><\/td><td valign=\"top\" width=\"90\"><p align=\"center\">15<\/p><\/td><td rowspan=\"2\" width=\"83\"><p align=\"center\">9.5 x 36\u201c<\/p><\/td><\/tr><tr><td valign=\"top\" width=\"85\"><strong>P 1618\u00a0<\/strong><\/td><td valign=\"top\" width=\"90\"><p align=\"center\">18<\/p><\/td><\/tr><tr><td valign=\"top\" width=\"85\"><strong>P 2015\u00a0<\/strong><\/td><td rowspan=\"4\" width=\"87\"><p align=\"center\">2.000<\/p><\/td><td valign=\"top\" width=\"90\"><p align=\"center\">15<\/p><\/td><td rowspan=\"7\" width=\"83\"><p align=\"center\">9.5 x 44\u201c<\/p><\/td><td rowspan=\"7\" width=\"91\"><p align=\"center\">1.5 \u2013 2.0<\/p><\/td><td rowspan=\"10\" width=\"92\"><p align=\"center\">RO 260<\/p><\/td><\/tr><tr><td valign=\"top\" width=\"85\"><strong>P 2018\u00a0<\/strong><\/td><td valign=\"top\" width=\"90\"><p align=\"center\">18<\/p><\/td><\/tr><tr><td valign=\"top\" width=\"85\"><strong>P 2020\u00a0<\/strong><\/td><td valign=\"top\" width=\"90\"><p align=\"center\">20<\/p><\/td><\/tr><tr><td valign=\"top\" width=\"85\"><strong>P 2021\u00a0<\/strong><\/td><td valign=\"top\" width=\"90\"><p align=\"center\">21<\/p><\/td><\/tr><tr><td valign=\"top\" width=\"85\"><strong>P 2518\u00a0<\/strong><\/td><td rowspan=\"3\" width=\"87\"><p align=\"center\">2.500<\/p><\/td><td valign=\"top\" width=\"90\"><p align=\"center\">18<\/p><\/td><\/tr><tr><td valign=\"top\" width=\"85\"><strong>P 2520\u00a0<\/strong><\/td><td valign=\"top\" width=\"90\"><p align=\"center\">20<\/p><\/td><\/tr><tr><td valign=\"top\" width=\"85\"><strong>P 2521\u00a0<\/strong><\/td><td valign=\"top\" width=\"90\"><p align=\"center\">21<\/p><\/td><\/tr><tr><td valign=\"top\" width=\"85\"><strong>P 3018\u00a0<\/strong><\/td><td rowspan=\"3\" width=\"87\"><p align=\"center\">3.000<\/p><\/td><td valign=\"top\" width=\"90\"><p align=\"center\">18<\/p><\/td><td rowspan=\"3\" width=\"83\"><p align=\"center\">11.2 x 44\u201c<\/p><\/td><td rowspan=\"3\" width=\"91\"><p align=\"center\">1.8 \u2013 2.25<\/p><\/td><\/tr><tr><td valign=\"top\" width=\"85\"><strong>P 3020<\/strong><\/td><td valign=\"top\" width=\"90\"><p align=\"center\">20<\/p><\/td><\/tr><tr><td valign=\"top\" width=\"85\"><strong>P 3021<\/strong><\/td><td valign=\"top\" width=\"90\"><p align=\"center\">21<\/p><\/td><\/tr><\/tbody><\/table><\/div><\/div><p><strong>\u0158ada\u00a0Europa II.<a href=\"http:\/\/recarprofi.cz\/wp-content\/uploads\/2015\/07\/unia-europa.jpg\"><img decoding=\"async\" class=\"aligncenter wp-image-6844 size-full\" src=\"https:\/\/recarprofi.cz\/wp-content\/uploads\/2015\/07\/unia-europa.jpg\" alt=\"unia europa\" width=\"571\" height=\"342\" srcset=\"https:\/\/recarprofi.cz\/wp-content\/uploads\/2015\/07\/unia-europa.jpg 571w, https:\/\/recarprofi.cz\/wp-content\/uploads\/2015\/07\/unia-europa-416x249.jpg 416w\" sizes=\"(max-width: 571px) 100vw, 571px\" \/><\/a><\/strong><\/p><p>hydraulicky skl\u00e1dan\u00e9 ramena s hydraulick\u00fdm zdvihem od 0.5 do 2.3 metru, slo\u017eena pod\u00e9ln\u011b kolem z\u00e1sobn\u00edku, s mo\u017enost\u00ed jednostrann\u00e9ho rozlo\u017een\u00ed ramene, z\u00e1sobn\u00edk z poliesteru, s n\u00e1dr\u017e\u00ed na \u010distou vodu a n\u00e1dr\u017ekou na omyt\u00ed, vnit\u0159n\u00ed proplach, vn\u011bj\u0161\u00ed \u0159edi\u010d chemick\u00fdch prost\u0159edk\u016f (40 l), membr\u00e1nov\u00e9 \u010derpadlo Udor RO 260, automatick\u00fd elektroventil, vahadlov\u00e1 stabilizace ramen s amortizac\u00ed p\u0159\u00ed\u010dnou i pod\u00e9lnou, p\u0159\u00ed\u010dn\u00fd sklon ramen pomoc\u00ed p\u00edstu, nerez armatura, \u010dty\u0159pozi\u010dn\u00ed oto\u010dn\u00e9 hlavice, pevn\u00fd horn\u00ed z\u00e1v\u011bs 40 mm, pneumatick\u00e1 brzda dvouhadicov\u00e1, parkovac\u00ed ru\u010dn\u00ed, plynn\u011b staviteln\u00fd rozchod kol v rozmez\u00ed 1.8 a\u017e 2.25 m, kola 13.6 x 48\u201c v\u010detn\u011b blatn\u00edk\u016f = sv\u011btlost 80 cm,\u00a0 po\u010det sekc\u00ed ramen 5 a od z\u00e1b\u011bru 24 metr\u016f sekc\u00ed\u00a0 7, silni\u010dn\u00ed a no\u010dn\u00ed osv\u011btlen\u00ed.<\/p><\/div><\/div><\/div><\/div><\/div><div class=\"page\"><div class=\"page-clanek\"><div class=\"page-content\"><div class=\"item-page\"><div id=\"tabber_container_1____323___\" class=\"tabber_container tabber_container_1_ rounded\"><table border=\"0\" cellspacing=\"0\" cellpadding=\"0\"><tbody><tr><td valign=\"top\" width=\"151\">typ<\/td><td valign=\"top\" width=\"154\"><p align=\"center\">objem n\u00e1dr\u017ee v\u00a0l<\/p><\/td><td valign=\"top\" width=\"158\"><p align=\"center\">ramena v\u00a0metrech<\/p><\/td><\/tr><tr><td valign=\"top\" width=\"151\"><strong>E 2518\u00a0<\/strong><\/td><td rowspan=\"6\" width=\"154\"><p align=\"center\">2.500<\/p><\/td><td valign=\"top\" width=\"158\"><p align=\"center\">18<\/p><\/td><\/tr><tr><td valign=\"top\" width=\"151\"><strong>E 2520\u00a0<\/strong><\/td><td valign=\"top\" width=\"158\"><p align=\"center\">20<\/p><\/td><\/tr><tr><td valign=\"top\" width=\"151\"><strong>E 2521\u00a0<\/strong><\/td><td valign=\"top\" width=\"158\"><p align=\"center\">21<\/p><\/td><\/tr><tr><td valign=\"top\" width=\"151\"><strong>E 2524\u00a0<\/strong><\/td><td valign=\"top\" width=\"158\"><p align=\"center\">24<\/p><\/td><\/tr><tr><td valign=\"top\" width=\"151\"><strong>E 2527\u00a0<\/strong><\/td><td valign=\"top\" width=\"158\"><p align=\"center\">27<\/p><\/td><\/tr><tr><td valign=\"top\" width=\"151\"><strong>E 2528\u00a0<\/strong><\/td><td valign=\"top\" width=\"158\"><p align=\"center\">28<\/p><\/td><\/tr><tr><td valign=\"top\" width=\"151\"><strong>E 3018\u00a0<\/strong><\/td><td rowspan=\"6\" width=\"154\"><p align=\"center\">3.000<\/p><\/td><td valign=\"top\" width=\"158\"><p align=\"center\">18<\/p><\/td><\/tr><tr><td valign=\"top\" width=\"151\"><strong>E 3020\u00a0<\/strong><\/td><td valign=\"top\" width=\"158\"><p align=\"center\">20<\/p><\/td><\/tr><tr><td valign=\"top\" width=\"151\"><strong>E 3021\u00a0<\/strong><\/td><td valign=\"top\" width=\"158\"><p align=\"center\">21<\/p><\/td><\/tr><tr><td valign=\"top\" width=\"151\"><strong>E 3024\u00a0<\/strong><\/td><td valign=\"top\" width=\"158\"><p align=\"center\">24<\/p><\/td><\/tr><tr><td valign=\"top\" width=\"151\"><strong>E 3027\u00a0<\/strong><\/td><td valign=\"top\" width=\"158\"><p align=\"center\">27<\/p><\/td><\/tr><tr><td valign=\"top\" width=\"151\"><strong>E 3028\u00a0<\/strong><\/td><td valign=\"top\" width=\"158\"><p align=\"center\">28<\/p><\/td><\/tr><tr><td valign=\"top\" width=\"151\"><strong>E 4018\u00a0<\/strong><\/td><td rowspan=\"6\" width=\"154\"><p align=\"center\">4.000<\/p><\/td><td valign=\"top\" width=\"158\"><p align=\"center\">18<\/p><\/td><\/tr><tr><td valign=\"top\" width=\"151\"><strong>E 4020\u00a0<\/strong><\/td><td valign=\"top\" width=\"158\"><p align=\"center\">20<\/p><\/td><\/tr><tr><td valign=\"top\" width=\"151\"><strong>E 4021\u00a0<\/strong><\/td><td valign=\"top\" width=\"158\"><p align=\"center\">21<\/p><\/td><\/tr><tr><td valign=\"top\" width=\"151\"><strong>E 4024\u00a0<\/strong><\/td><td valign=\"top\" width=\"158\"><p align=\"center\">24<\/p><\/td><\/tr><tr><td valign=\"top\" width=\"151\"><strong>E 4027\u00a0<\/strong><\/td><td valign=\"top\" width=\"158\"><p align=\"center\">27<\/p><\/td><\/tr><tr><td valign=\"top\" width=\"151\"><strong>E 4028\u00a0<\/strong><\/td><td valign=\"top\" width=\"158\"><p align=\"center\">28<\/p><\/td><\/tr><\/tbody><\/table><\/div><\/div><\/div><p><a href=\"http:\/\/recarprofi.cz\/wp-content\/uploads\/2019\/04\/unia-europa2.jpg\"><img decoding=\"async\" class=\"aligncenter wp-image-12085 size-full\" src=\"https:\/\/recarprofi.cz\/wp-content\/uploads\/2019\/04\/unia-europa2.jpg\" alt=\"\" width=\"800\" height=\"600\" srcset=\"https:\/\/recarprofi.cz\/wp-content\/uploads\/2019\/04\/unia-europa2.jpg 800w, https:\/\/recarprofi.cz\/wp-content\/uploads\/2019\/04\/unia-europa2-600x450.jpg 600w, https:\/\/recarprofi.cz\/wp-content\/uploads\/2019\/04\/unia-europa2-420x315.jpg 420w, https:\/\/recarprofi.cz\/wp-content\/uploads\/2019\/04\/unia-europa2-744x558.jpg 744w, https:\/\/recarprofi.cz\/wp-content\/uploads\/2019\/04\/unia-europa2-768x576.jpg 768w\" sizes=\"(max-width: 800px) 100vw, 800px\" \/><\/a><\/p><\/div><\/div><p><a href=\"http:\/\/recarprofi.cz\/wp-content\/uploads\/2019\/04\/unia-europa5.jpg\"><img loading=\"lazy\" decoding=\"async\" class=\"aligncenter wp-image-12086 size-large\" src=\"https:\/\/recarprofi.cz\/wp-content\/uploads\/2019\/04\/unia-europa5-1200x675.jpg\" alt=\"\" width=\"1140\" height=\"641\" \/><\/a><\/p>\t\t\t\t\t\t\t\t<\/div>\n\t\t\t\t<\/div>\n\t\t\t\t\t<\/div>\n\t\t<\/div>\n\t\t\t\t\t<\/div>\n\t\t<\/section>\n\t\t\t\t<\/div>\n\t\t","protected":false},"excerpt":{"rendered":"<p>\u0158ada Plus. Hydraulicky skl\u00e1dan\u00e1 ramena s hydraulick\u00fdm zdvihem od 0,5 do 2,1 metru, slo\u017eena pod\u00e9l n\u00e1dr\u017ee, v\u00fdchyln\u00e1 krajn\u00ed \u010d\u00e1st ramen, 1 600l polietyl\u00e9nov\u00e1 n\u00e1dr\u017e, ostatn\u00ed objemy z poliesteru, s n\u00e1dr\u017e\u00ed na \u010distou vodu a n\u00e1dr\u017ekou&hellip;<\/p>\n","protected":false},"author":1,"featured_media":11341,"parent":6830,"menu_order":2,"comment_status":"closed","ping_status":"closed","template":"","meta":{"footnotes":""},"class_list":["post-6842","page","type-page","status-publish","has-post-thumbnail","hentry"],"_links":{"self":[{"href":"https:\/\/recarprofi.cz\/uvod\/wp-json\/wp\/v2\/pages\/6842","targetHints":{"allow":["GET"]}}],"collection":[{"href":"https:\/\/recarprofi.cz\/uvod\/wp-json\/wp\/v2\/pages"}],"about":[{"href":"https:\/\/recarprofi.cz\/uvod\/wp-json\/wp\/v2\/types\/page"}],"author":[{"embeddable":true,"href":"https:\/\/recarprofi.cz\/uvod\/wp-json\/wp\/v2\/users\/1"}],"replies":[{"embeddable":true,"href":"https:\/\/recarprofi.cz\/uvod\/wp-json\/wp\/v2\/comments?post=6842"}],"version-history":[{"count":14,"href":"https:\/\/recarprofi.cz\/uvod\/wp-json\/wp\/v2\/pages\/6842\/revisions"}],"predecessor-version":[{"id":26698,"href":"https:\/\/recarprofi.cz\/uvod\/wp-json\/wp\/v2\/pages\/6842\/revisions\/26698"}],"up":[{"embeddable":true,"href":"https:\/\/recarprofi.cz\/uvod\/wp-json\/wp\/v2\/pages\/6830"}],"wp:featuredmedia":[{"embeddable":true,"href":"https:\/\/recarprofi.cz\/uvod\/wp-json\/wp\/v2\/media\/11341"}],"wp:attachment":[{"href":"https:\/\/recarprofi.cz\/uvod\/wp-json\/wp\/v2\/media?parent=6842"}],"curies":[{"name":"wp","href":"https:\/\/api.w.org\/{rel}","templated":true}]}}