{"id":7550,"date":"2016-02-29T13:47:24","date_gmt":"2016-02-29T12:47:24","guid":{"rendered":"http:\/\/recarprofi.cz\/?page_id=7550"},"modified":"2020-03-26T13:51:34","modified_gmt":"2020-03-26T12:51:34","slug":"rozmetadla-mineralnich-hnojiv-nesena-unia","status":"publish","type":"page","link":"https:\/\/recarprofi.cz\/uvod\/zemedelska-technika\/hnojeni\/rozmetadla-mineralnich-hnojiv-nesena-unia\/","title":{"rendered":"Rozmetadla miner\u00e1ln\u00edch hnojiv nesen\u00e1 Unia"},"content":{"rendered":"\t\t<div data-elementor-type=\"wp-page\" data-elementor-id=\"7550\" class=\"elementor elementor-7550\">\n\t\t\t\t\t\t<section class=\"elementor-section elementor-top-section elementor-element elementor-element-604a815a elementor-section-boxed elementor-section-height-default elementor-section-height-default\" data-id=\"604a815a\" data-element_type=\"section\" data-e-type=\"section\">\n\t\t\t\t\t\t<div class=\"elementor-container elementor-column-gap-default\">\n\t\t\t\t\t<div class=\"elementor-column elementor-col-100 elementor-top-column elementor-element elementor-element-660e0b98\" data-id=\"660e0b98\" data-element_type=\"column\" data-e-type=\"column\">\n\t\t\t<div class=\"elementor-widget-wrap elementor-element-populated\">\n\t\t\t\t\t\t<div class=\"elementor-element elementor-element-4ad6c7bd elementor-widget elementor-widget-text-editor\" data-id=\"4ad6c7bd\" data-element_type=\"widget\" data-e-type=\"widget\" data-widget_type=\"text-editor.default\">\n\t\t\t\t<div class=\"elementor-widget-container\">\n\t\t\t\t\t\t\t\t\t<p>Dvoukotou\u010dov\u00e9 nesen\u00e9 rozmetadlo pr\u016fmyslov\u00fdch hnojiv typu MXL je ur\u010deno k rozmet\u00e1n\u00ed pr\u00e1\u0161kov\u00fdch a granulovan\u00fdch hnojiv.Je uzp\u016fsobeno k agregaci s traktory vybaven\u00fdmi t\u0159\u00edbodov\u00fdm z\u00e1v\u011bsem kategorie 2 ISO. Kotou\u010dov\u00e9 odst\u0159ediv\u00e9 rozmetac\u00ed \u00fastroj\u00ed poh\u00e1n\u011bn\u00e9 od v\u00fdvodov\u00e9 h\u0159\u00eddele traktoru zaji\u0161\u0165uje rozhoz od 12 do 36 m. Pro toto rozmetadlo je charakteristick\u00e1 vysok\u00e1 kvalita proveden\u00ed, p\u0159esnost rozhozu a dlouhodob\u00e9 provozn\u00ed vyu\u017eit\u00ed. \u0160\u00ed\u0159ka rozmet\u00e1n\u00ed se se\u0159izuje mechanicky, nastaven\u00edm v\u00fd\u0161ky a sklonu rozmetac\u00edho kotou\u010de. Stroj standardn\u011b osazen \u010didlem ot\u00e1\u010dek pod\u00e1vac\u00edho \u0161neku, dvoud\u00edln\u00fdm s\u00edtem sk\u0159\u00edn\u011b z\u00e1sobn\u00edku, ukazatelem vych\u00fdlen\u00ed rozmetadla a tabulkou rozhozu a v\u00fdsevu. Hydraulick\u00e9 d\u00e1vkovan\u00ed v doln\u00ed \u010d\u00e1sti rozmetadla umo\u017e\u0148uje variabiln\u00ed nastaven\u00ed d\u00e1vky rozmet\u00e1n\u00ed. Z\u00e1kladn\u00ed syst\u00e9m SDS zaru\u010duje stabiln\u00ed d\u00e1vku pomoc\u00ed \u0159\u00edd\u00edc\u00ed jednotky s hydraulickou regulac\u00ed ot\u00e1\u010dek pod\u00e1vac\u00edho \u0161neku a jeho ode\u010dtem na elektronick\u00e9m displeji v traktoru a porovn\u00e1n\u00edm s tabulkou. Dal\u0161\u00ed mo\u017enost\u00ed je dvoufunk\u010dn\u00ed jednotka,kter\u00e1 ode\u010d\u00edt\u00e1 i pojezdovou rychlost a nebo multifunk\u010dn\u00ed jednotka, kde je automatick\u00e9 udr\u017een\u00ed d\u00e1vky na hektar nez\u00e1visle na pojezdov\u00e9 rychlosti. N\u00e1sledn\u011b dok\u00e1\u017ee \u0159\u00edd\u00edc\u00ed jednotka dle pot\u0159eby rychle zm\u011bnit d\u00e1vku skokov\u011b o 10%, kontinu\u00e1ln\u011b sleduje pomoc\u00ed \u010didel v\u0161echny parametry pr\u00e1ce a neprodlen\u011b signalizuje p\u0159\u00edpadn\u00e9 zm\u011bny \u2013 stav hnojiva v z\u00e1sobn\u00edku, kontrola rychlosti ot\u00e1\u010dek rozmetac\u00edch kotou\u010d\u016f. Zp\u011btn\u011b dok\u00e1\u017ee vyhodnotit obd\u011blan\u00e9 mno\u017estv\u00ed plochy s p\u0159esnost\u00ed 1 m2. Toto dvoukotou\u010dov\u00e9 rozmetadlo jako jedna z m\u00e1la(ne-li jedin\u00e1) na trhu, d\u00edky \u0161nekov\u00e9mu m\u00edchadlu lze bez probl\u00e9mu pou\u017e\u00edt pro v\u00e1pn\u011bn\u00ed, tedy pou\u017eit\u00ed negranulovan\u00fdch hnojiv. K standardn\u00ed v\u00fdbav\u011b stroje pat\u0159\u00ed \u010didlo ot\u00e1\u010dek \u0161neku, s\u00edto sk\u0159\u00edn\u011b, ukazatel vertik\u00e1ln\u00edho vych\u00fdlen\u00ed rozmetadla, tabulka nastaven\u00ed,krajov\u00fd kotou\u010d, kardan, \u0159\u00edd\u00edc\u00ed jednotka.<\/p><p><a href=\"http:\/\/recarprofi.cz\/wp-content\/uploads\/2016\/02\/unia-mxl-1600.jpg\"><img fetchpriority=\"high\" decoding=\"async\" class=\"aligncenter wp-image-7551 size-full\" src=\"https:\/\/recarprofi.cz\/wp-content\/uploads\/2016\/02\/unia-mxl-1600.jpg\" alt=\"\" width=\"1000\" height=\"619\" srcset=\"https:\/\/recarprofi.cz\/wp-content\/uploads\/2016\/02\/unia-mxl-1600.jpg 1000w, https:\/\/recarprofi.cz\/wp-content\/uploads\/2016\/02\/unia-mxl-1600-600x371.jpg 600w, https:\/\/recarprofi.cz\/wp-content\/uploads\/2016\/02\/unia-mxl-1600-300x186.jpg 300w, https:\/\/recarprofi.cz\/wp-content\/uploads\/2016\/02\/unia-mxl-1600-768x475.jpg 768w, https:\/\/recarprofi.cz\/wp-content\/uploads\/2016\/02\/unia-mxl-1600-938x581.jpg 938w\" sizes=\"(max-width: 1000px) 100vw, 1000px\" \/><\/a><\/p><table border=\"\" cellspacing=\"0\" cellpadding=\"0\"><tbody><tr><td valign=\"top\" width=\"92\">TYP<\/td><td valign=\"top\" width=\"110\"><p align=\"center\"><strong>MS 500<\/strong><\/p><\/td><td valign=\"top\" width=\"104\"><p align=\"center\"><strong>MXL 1200<\/strong><\/p><\/td><td valign=\"top\" width=\"104\"><p align=\"center\"><strong>MXL 1600<\/strong><\/p><\/td><td valign=\"top\" width=\"104\"><p align=\"center\"><strong>MXL 2100<\/strong><\/p><\/td><td valign=\"top\" width=\"104\"><p align=\"center\"><strong>MXL 3000<\/strong><\/p><\/td><\/tr><tr><td valign=\"top\" width=\"92\">z\u00e1sobn\u00edk l<\/td><td valign=\"top\" width=\"110\"><p align=\"center\">500<\/p><\/td><td valign=\"top\" width=\"104\"><p align=\"center\">1.200<\/p><\/td><td valign=\"top\" width=\"104\"><p align=\"center\">1.600<\/p><\/td><td valign=\"top\" width=\"104\"><p align=\"center\">2.100<\/p><\/td><td valign=\"top\" width=\"104\"><p align=\"center\">3.000<\/p><\/td><\/tr><tr><td valign=\"top\" width=\"92\">z\u00e1b\u011br m<\/td><td valign=\"top\" width=\"110\"><p align=\"center\">10-24<\/p><\/td><td colspan=\"2\" valign=\"top\" width=\"208\"><p align=\"center\">10-24<\/p><\/td><td colspan=\"2\" valign=\"top\" width=\"208\"><p align=\"center\">12-36<\/p><\/td><\/tr><tr><td valign=\"top\" width=\"92\">d\u00e9lka m<\/td><td valign=\"top\" width=\"110\"><p align=\"center\">0.94<\/p><\/td><td valign=\"top\" width=\"104\"><p align=\"center\">1.55<\/p><\/td><td valign=\"top\" width=\"104\"><p align=\"center\">2.20<\/p><\/td><td valign=\"top\" width=\"104\"><p align=\"center\">2.67<\/p><\/td><td valign=\"top\" width=\"104\"><p align=\"center\">2.67<\/p><\/td><\/tr><tr><td valign=\"top\" width=\"92\">\u0161\u00ed\u0159ka m<\/td><td valign=\"top\" width=\"110\"><p align=\"center\">1.65<\/p><\/td><td valign=\"top\" width=\"104\"><p align=\"center\">2.20<\/p><\/td><td valign=\"top\" width=\"104\"><p align=\"center\">2.20<\/p><\/td><td valign=\"top\" width=\"104\"><p align=\"center\">2.67<\/p><\/td><td valign=\"top\" width=\"104\"><p align=\"center\">2.67<\/p><\/td><\/tr><tr><td valign=\"top\" width=\"92\">v\u00fd\u0161ka \u00a0m<\/td><td valign=\"top\" width=\"110\"><p align=\"center\">1.05<\/p><\/td><td valign=\"top\" width=\"104\"><p align=\"center\">1.25<\/p><\/td><td valign=\"top\" width=\"104\"><p align=\"center\">1.41<\/p><\/td><td valign=\"top\" width=\"104\"><p align=\"center\">1.42<\/p><\/td><td valign=\"top\" width=\"104\"><p align=\"center\">1.62<\/p><\/td><\/tr><tr><td valign=\"top\" width=\"92\">hmotnost kg<\/td><td valign=\"top\" width=\"110\"><p align=\"center\">230<\/p><\/td><td valign=\"top\" width=\"104\"><p align=\"center\">370<\/p><\/td><td valign=\"top\" width=\"104\"><p align=\"center\">380<\/p><\/td><td valign=\"top\" width=\"104\"><p align=\"center\">635<\/p><\/td><td valign=\"top\" width=\"104\"><p align=\"center\">690<\/p><\/td><\/tr><tr><td valign=\"top\" width=\"92\">kon\u011b k<\/td><td valign=\"top\" width=\"110\"><p align=\"center\">50<\/p><\/td><td valign=\"top\" width=\"104\"><p align=\"center\">80<\/p><\/td><td valign=\"top\" width=\"104\"><p align=\"center\">90<\/p><\/td><td valign=\"top\" width=\"104\"><p align=\"center\">120<\/p><\/td><td valign=\"top\" width=\"104\"><p align=\"center\">180<\/p><\/td><\/tr><\/tbody><\/table><p><a href=\"http:\/\/recarprofi.cz\/wp-content\/uploads\/2019\/04\/unia-mxl-3000.jpg\"><img decoding=\"async\" class=\"aligncenter wp-image-12060 size-full\" src=\"https:\/\/recarprofi.cz\/wp-content\/uploads\/2019\/04\/unia-mxl-3000.jpg\" alt=\"\" width=\"1000\" height=\"750\" srcset=\"https:\/\/recarprofi.cz\/wp-content\/uploads\/2019\/04\/unia-mxl-3000.jpg 1000w, https:\/\/recarprofi.cz\/wp-content\/uploads\/2019\/04\/unia-mxl-3000-600x450.jpg 600w, https:\/\/recarprofi.cz\/wp-content\/uploads\/2019\/04\/unia-mxl-3000-420x315.jpg 420w, https:\/\/recarprofi.cz\/wp-content\/uploads\/2019\/04\/unia-mxl-3000-744x558.jpg 744w, https:\/\/recarprofi.cz\/wp-content\/uploads\/2019\/04\/unia-mxl-3000-768x576.jpg 768w\" sizes=\"(max-width: 1000px) 100vw, 1000px\" \/><\/a><\/p><p><a href=\"http:\/\/recarprofi.cz\/wp-content\/uploads\/2019\/04\/unia-mxl-3001.jpg\"><img decoding=\"async\" class=\"aligncenter wp-image-12061 size-full\" src=\"https:\/\/recarprofi.cz\/wp-content\/uploads\/2019\/04\/unia-mxl-3001.jpg\" alt=\"\" width=\"1000\" height=\"750\" srcset=\"https:\/\/recarprofi.cz\/wp-content\/uploads\/2019\/04\/unia-mxl-3001.jpg 1000w, https:\/\/recarprofi.cz\/wp-content\/uploads\/2019\/04\/unia-mxl-3001-600x450.jpg 600w, https:\/\/recarprofi.cz\/wp-content\/uploads\/2019\/04\/unia-mxl-3001-420x315.jpg 420w, https:\/\/recarprofi.cz\/wp-content\/uploads\/2019\/04\/unia-mxl-3001-744x558.jpg 744w, https:\/\/recarprofi.cz\/wp-content\/uploads\/2019\/04\/unia-mxl-3001-768x576.jpg 768w\" sizes=\"(max-width: 1000px) 100vw, 1000px\" \/><\/a><a href=\"http:\/\/recarprofi.cz\/wp-content\/uploads\/2019\/04\/unia-mxl-3003.jpg\"><img loading=\"lazy\" decoding=\"async\" class=\"aligncenter wp-image-12062 size-full\" src=\"https:\/\/recarprofi.cz\/wp-content\/uploads\/2019\/04\/unia-mxl-3003.jpg\" alt=\"\" width=\"1000\" height=\"750\" srcset=\"https:\/\/recarprofi.cz\/wp-content\/uploads\/2019\/04\/unia-mxl-3003.jpg 1000w, https:\/\/recarprofi.cz\/wp-content\/uploads\/2019\/04\/unia-mxl-3003-600x450.jpg 600w, https:\/\/recarprofi.cz\/wp-content\/uploads\/2019\/04\/unia-mxl-3003-420x315.jpg 420w, https:\/\/recarprofi.cz\/wp-content\/uploads\/2019\/04\/unia-mxl-3003-744x558.jpg 744w, https:\/\/recarprofi.cz\/wp-content\/uploads\/2019\/04\/unia-mxl-3003-768x576.jpg 768w\" sizes=\"(max-width: 1000px) 100vw, 1000px\" \/><\/a><\/p><p><a href=\"http:\/\/recarprofi.cz\/wp-content\/uploads\/2019\/04\/unia-mxl-3002.jpg\"><img loading=\"lazy\" decoding=\"async\" class=\"aligncenter wp-image-12063 size-full\" src=\"https:\/\/recarprofi.cz\/wp-content\/uploads\/2019\/04\/unia-mxl-3002.jpg\" alt=\"\" width=\"1000\" height=\"750\" srcset=\"https:\/\/recarprofi.cz\/wp-content\/uploads\/2019\/04\/unia-mxl-3002.jpg 1000w, https:\/\/recarprofi.cz\/wp-content\/uploads\/2019\/04\/unia-mxl-3002-600x450.jpg 600w, https:\/\/recarprofi.cz\/wp-content\/uploads\/2019\/04\/unia-mxl-3002-420x315.jpg 420w, https:\/\/recarprofi.cz\/wp-content\/uploads\/2019\/04\/unia-mxl-3002-744x558.jpg 744w, https:\/\/recarprofi.cz\/wp-content\/uploads\/2019\/04\/unia-mxl-3002-768x576.jpg 768w\" sizes=\"(max-width: 1000px) 100vw, 1000px\" \/><\/a><a href=\"http:\/\/recarprofi.cz\/wp-content\/uploads\/2019\/04\/unia-mxl-3004.jpg\"><img loading=\"lazy\" decoding=\"async\" class=\"aligncenter wp-image-12064 size-full\" src=\"https:\/\/recarprofi.cz\/wp-content\/uploads\/2019\/04\/unia-mxl-3004.jpg\" alt=\"\" width=\"1000\" height=\"750\" srcset=\"https:\/\/recarprofi.cz\/wp-content\/uploads\/2019\/04\/unia-mxl-3004.jpg 1000w, https:\/\/recarprofi.cz\/wp-content\/uploads\/2019\/04\/unia-mxl-3004-600x450.jpg 600w, https:\/\/recarprofi.cz\/wp-content\/uploads\/2019\/04\/unia-mxl-3004-420x315.jpg 420w, https:\/\/recarprofi.cz\/wp-content\/uploads\/2019\/04\/unia-mxl-3004-744x558.jpg 744w, https:\/\/recarprofi.cz\/wp-content\/uploads\/2019\/04\/unia-mxl-3004-768x576.jpg 768w\" sizes=\"(max-width: 1000px) 100vw, 1000px\" \/><\/a><\/p>\t\t\t\t\t\t\t\t<\/div>\n\t\t\t\t<\/div>\n\t\t\t\t\t<\/div>\n\t\t<\/div>\n\t\t\t\t\t<\/div>\n\t\t<\/section>\n\t\t\t\t<\/div>\n\t\t","protected":false},"excerpt":{"rendered":"<p>Dvoukotou\u010dov\u00e9 nesen\u00e9 rozmetadlo pr\u016fmyslov\u00fdch hnojiv typu MXL je ur\u010deno k rozmet\u00e1n\u00ed pr\u00e1\u0161kov\u00fdch a granulovan\u00fdch hnojiv.Je uzp\u016fsobeno k agregaci s traktory vybaven\u00fdmi t\u0159\u00edbodov\u00fdm z\u00e1v\u011bsem kategorie 2 ISO. Kotou\u010dov\u00e9 odst\u0159ediv\u00e9 rozmetac\u00ed \u00fastroj\u00ed poh\u00e1n\u011bn\u00e9 od v\u00fdvodov\u00e9 h\u0159\u00eddele traktoru&hellip;<\/p>\n","protected":false},"author":1,"featured_media":0,"parent":3893,"menu_order":3,"comment_status":"closed","ping_status":"closed","template":"","meta":{"footnotes":""},"class_list":["post-7550","page","type-page","status-publish","hentry"],"_links":{"self":[{"href":"https:\/\/recarprofi.cz\/uvod\/wp-json\/wp\/v2\/pages\/7550","targetHints":{"allow":["GET"]}}],"collection":[{"href":"https:\/\/recarprofi.cz\/uvod\/wp-json\/wp\/v2\/pages"}],"about":[{"href":"https:\/\/recarprofi.cz\/uvod\/wp-json\/wp\/v2\/types\/page"}],"author":[{"embeddable":true,"href":"https:\/\/recarprofi.cz\/uvod\/wp-json\/wp\/v2\/users\/1"}],"replies":[{"embeddable":true,"href":"https:\/\/recarprofi.cz\/uvod\/wp-json\/wp\/v2\/comments?post=7550"}],"version-history":[{"count":6,"href":"https:\/\/recarprofi.cz\/uvod\/wp-json\/wp\/v2\/pages\/7550\/revisions"}],"predecessor-version":[{"id":21403,"href":"https:\/\/recarprofi.cz\/uvod\/wp-json\/wp\/v2\/pages\/7550\/revisions\/21403"}],"up":[{"embeddable":true,"href":"https:\/\/recarprofi.cz\/uvod\/wp-json\/wp\/v2\/pages\/3893"}],"wp:attachment":[{"href":"https:\/\/recarprofi.cz\/uvod\/wp-json\/wp\/v2\/media?parent=7550"}],"curies":[{"name":"wp","href":"https:\/\/api.w.org\/{rel}","templated":true}]}}