{"id":8714,"date":"2017-02-07T13:46:24","date_gmt":"2017-02-07T12:46:24","guid":{"rendered":"http:\/\/recarprofi.cz\/?page_id=8714"},"modified":"2020-03-26T13:57:55","modified_gmt":"2020-03-26T12:57:55","slug":"rozmetadla-mineralnich-hnojiv-tazena-pomot","status":"publish","type":"page","link":"https:\/\/recarprofi.cz\/uvod\/zemedelska-technika\/hnojeni\/rozmetadla-mineralnich-hnojiv-tazena-pomot\/","title":{"rendered":"Rozmetadla miner\u00e1ln\u00edch hnojiv ta\u017een\u00e1 Pomot"},"content":{"rendered":"\t\t<div data-elementor-type=\"wp-page\" data-elementor-id=\"8714\" class=\"elementor elementor-8714\">\n\t\t\t\t\t\t<section class=\"elementor-section elementor-top-section elementor-element elementor-element-6ef8dabb elementor-section-boxed elementor-section-height-default elementor-section-height-default\" data-id=\"6ef8dabb\" data-element_type=\"section\" data-e-type=\"section\">\n\t\t\t\t\t\t<div class=\"elementor-container elementor-column-gap-default\">\n\t\t\t\t\t<div class=\"elementor-column elementor-col-100 elementor-top-column elementor-element elementor-element-4f22966a\" data-id=\"4f22966a\" data-element_type=\"column\" data-e-type=\"column\">\n\t\t\t<div class=\"elementor-widget-wrap elementor-element-populated\">\n\t\t\t\t\t\t<div class=\"elementor-element elementor-element-18c853cf elementor-widget elementor-widget-text-editor\" data-id=\"18c853cf\" data-element_type=\"widget\" data-e-type=\"widget\" data-widget_type=\"text-editor.default\">\n\t\t\t\t<div class=\"elementor-widget-container\">\n\t\t\t\t\t\t\t\t\t<p><a href=\"https:\/\/recarprofi.cz\/wp-content\/uploads\/2017\/01\/pomot-upr.jpg\"><img fetchpriority=\"high\" decoding=\"async\" class=\"aligncenter wp-image-8425 size-large\" src=\"https:\/\/recarprofi.cz\/wp-content\/uploads\/2017\/01\/pomot-upr-1024x768.jpg\" alt=\"\" width=\"1024\" height=\"768\" srcset=\"https:\/\/recarprofi.cz\/wp-content\/uploads\/2017\/01\/pomot-upr-1024x768.jpg 1024w, https:\/\/recarprofi.cz\/wp-content\/uploads\/2017\/01\/pomot-upr-600x450.jpg 600w, https:\/\/recarprofi.cz\/wp-content\/uploads\/2017\/01\/pomot-upr-300x225.jpg 300w, https:\/\/recarprofi.cz\/wp-content\/uploads\/2017\/01\/pomot-upr-768x576.jpg 768w, https:\/\/recarprofi.cz\/wp-content\/uploads\/2017\/01\/pomot-upr.jpg 1500w\" sizes=\"(max-width: 1024px) 100vw, 1024px\" \/><\/a><\/p><p><strong>UPR &#8211; <\/strong>Licence od Novoz\u00e9landsk\u00e9 spole\u010dnosti (www.transpread.com)<strong>TRANSPREAD<\/strong>, kter\u00e1 vyr\u00e1b\u00ed rozmetadla od roku 1951. Ro\u010dn\u011b je vyrobeno p\u0159es 2000 kus\u016f rozmetadel.<br \/>Z\u00e1sobn\u00edk je vyroben z oceli o tlou\u0161\u0165ce <strong>3 mm<\/strong> z d\u016fvodu sn\u00ed\u017een\u00ed v\u00e1hy stroje a povrchov\u011b upraven n\u00e1t\u011brem. Na dne z\u00e1sobn\u00edku je 12mm <strong>plastov\u00fd povrch<\/strong>, na kter\u00e9m <strong>nedoch\u00e1z\u00ed k uchycen\u00ed rozmetan\u00e9ho materi\u00e1lu<\/strong>. Profilovan\u00e1 r\u00e1mov\u00e1 konstrukce, horn\u00ed z\u00e1v\u011bs 40mm, ru\u010dn\u00ed brzda, 2 okruhov\u00e9 brzdy se z\u00e1t\u011b\u017eov\u00fdm regul\u00e1torem, podp\u016frn\u00e9 kolo, konstruk\u010dn\u00ed rychlost 40 km\/h,\u00a0<strong>\u0161\u00ed\u0159ka \u0159et\u011bzov\u00e9ho dopravn\u00edku 500 (730)mm<\/strong>, \u0159et\u011bz se posouv\u00e1 <strong>po plastov\u00e9 podlo\u017ece s\u00edly 12mm<\/strong>,\u00a0mechanick\u00fd t\u0159\u00edrychlostn\u00ed pohon \u0159et\u011bzov\u00e9ho dopravn\u00edku ostruhov\u00fdm kolem,\u00a036 kg\/ha &#8211; 5000 kg\/ha dle pracovn\u00edho nastaven\u00ed, <strong>rozmetac\u00ed kotou\u010de z 3mm oceli RA EX 400<\/strong>, kter\u00e1 se pou\u017e\u00edv\u00e1 na v\u00fdrobu zimn\u00edch radlic,<strong> pr\u016fm\u011br tal\u00ed\u0159\u016f 62 (72) cm<\/strong>, tal\u00ed\u0159e jsou poh\u00e1n\u011bn\u00e9 hydraulicky, hydraulick\u00fd pohon rozmetac\u00edch kotou\u010d\u016f s mechanicko-hydraulickou regulac\u00ed v rozmez\u00ed ot\u00e1\u010dek 0 a\u017e 1600 ot\/min s mo\u017enost\u00ed nastaven\u00ed rychlosti ka\u017ed\u00e9ho kotou\u010de zvl\u00e1\u0161\u0165. Uz\u00e1v\u011br p\u0159i hrani\u010dn\u00edm rozmet\u00e1n\u00ed,\u00a0<strong>mechanick\u00e9 d\u00e1vkov\u00e1n\u00ed v 150 mo\u017enostech od 2 do 300 mm<\/strong>, 2 okruhy z traktoru, tachometr, sv\u011bteln\u00e1 instalace.<\/p><table border=\"0\"><tbody><tr><td><strong>TYP ROZMETADLA<\/strong><\/td><td><strong>\u00a0<\/strong><\/td><td><strong>UPR 4\u00a0<\/strong><\/td><td><strong>UPR 7\u00a0<\/strong><\/td><td><strong>UPR 10\u00a0<\/strong><\/td><td><strong>UPR 12,5\u00a0<\/strong><\/td><\/tr><tr><td>OBJEM<\/td><td>\u00a0l<\/td><td>\u00a03200<\/td><td>\u00a05500<\/td><td>\u00a07900<\/td><td>\u00a010500<\/td><\/tr><tr><td>OBJEM S NADSTAVKAMA<\/td><td>\u00a0l<\/td><td>\u00a04600<\/td><td>\u00a06800<\/td><td colspan=\"2\">&#8211;<\/td><\/tr><tr><td>NOSNOST<\/td><td>\u00a0kg<\/td><td>\u00a04000<\/td><td>\u00a07000<\/td><td>\u00a010000<\/td><td>\u00a012500<\/td><\/tr><tr><td>CELKOV\u00c1 D\u00c9LKA<\/td><td>\u00a0m<\/td><td>\u00a04,91<\/td><td>\u00a05,38<\/td><td>\u00a05,82<\/td><td>\u00a06,65<\/td><\/tr><tr><td>CELKOV\u00c1 \u0160\u00cd\u0158KA<\/td><td>\u00a0m<\/td><td colspan=\"2\">\u00a02,45<\/td><td colspan=\"2\">\u00a02,55<\/td><\/tr><tr><td>CELKOV\u00c1 V\u00dd\u0160KA<\/td><td>\u00a0m<\/td><td>\u00a02,13<\/td><td>\u00a02,32<\/td><td>\u00a02,6<\/td><td>\u00a02,7<\/td><\/tr><tr><td>V\u00dd\u0160KA S NADSTAVKAMI<\/td><td>\u00a0m<\/td><td>\u00a02,43<\/td><td>\u00a02,52<\/td><td colspan=\"2\">\u00a0&#8211;<\/td><\/tr><tr><td>VLASTN\u00cd HMOTNOST<\/td><td>\u00a0kg<\/td><td>\u00a01500<\/td><td>\u00a01620<\/td><td>\u00a02440<\/td><td>\u00a02500<\/td><\/tr><tr><td>PO\u010cET N\u00c1PRAV<\/td><td>\u00a0&#8211;<\/td><td>\u00a01<\/td><td>\u00a01<\/td><td>\u00a01<\/td><td>\u00a02<\/td><\/tr><tr><td>PROFIL N\u00c1PRAVY<\/td><td>\u00a0mm<\/td><td>90<\/td><td>\u00a090<\/td><td>\u00a0100<\/td><td>\u00a090<\/td><\/tr><tr><td>STANDARDN\u00cd KOLA<\/td><td>\u00a0<\/td><td colspan=\"2\">\u00a0400 R x 22,5<\/td><td colspan=\"2\">\u00a0550\/60 x 22,5<\/td><\/tr><tr><td>RYCHLOST<\/td><td>\u00a0km\/h<\/td><td colspan=\"4\">\u00a040<\/td><\/tr><tr><td>BRZDY<\/td><td>\u00a0<\/td><td colspan=\"4\">\u00a02 okruhov\u00e9 pneumatick\u00e9<\/td><\/tr><tr><td>ROZMETAC\u00cd \u0160\u00cd\u0158KA miner\u00e1l<\/td><td>\u00a0m<\/td><td colspan=\"4\">\u00a010 &#8211; 36<\/td><\/tr><tr><td>ROZMETAC\u00cd \u0160\u00cd\u0158KA v\u00e1pno<\/td><td>\u00a0m<\/td><td colspan=\"4\">\u00a02,5 &#8211; 18<\/td><\/tr><tr><td>ROZMETAC\u00cd \u0160\u00cd\u0158KA ostatn\u00ed<\/td><td>\u00a0m<\/td><td colspan=\"4\">\u00a02,5 &#8211; 40<\/td><\/tr><tr><td>\u0160\u00cd\u0158KA \u0158E\u0164EZOV\u00c9HO DOPRAVN\u00cdKU<\/td><td>\u00a0m<\/td><td colspan=\"2\">\u00a00,5<\/td><td colspan=\"2\">\u00a00,73<\/td><\/tr><tr><td>TRAKTOR<\/td><td>\u00a0hp<\/td><td>\u00a050<\/td><td>\u00a065<\/td><td>\u00a070<\/td><td>\u00a0100<\/td><\/tr><tr><td>OLEJ<\/td><td>\u00a0l<\/td><td colspan=\"2\">\u00a048<\/td><td>\u00a085<\/td><td>\u00a070<\/td><\/tr><\/tbody><\/table><p><a href=\"http:\/\/recarprofi.cz\/wp-content\/uploads\/2017\/02\/pomot-44.jpg\"><img decoding=\"async\" class=\"aligncenter wp-image-8718 size-full\" src=\"https:\/\/recarprofi.cz\/wp-content\/uploads\/2017\/02\/pomot-44.jpg\" alt=\"\" width=\"600\" height=\"450\" srcset=\"https:\/\/recarprofi.cz\/wp-content\/uploads\/2017\/02\/pomot-44.jpg 600w, https:\/\/recarprofi.cz\/wp-content\/uploads\/2017\/02\/pomot-44-416x312.jpg 416w, https:\/\/recarprofi.cz\/wp-content\/uploads\/2017\/02\/pomot-44-300x225.jpg 300w\" sizes=\"(max-width: 600px) 100vw, 600px\" \/><\/a><a href=\"http:\/\/recarprofi.cz\/wp-content\/uploads\/2017\/02\/pomot-4.jpg\"><img decoding=\"async\" class=\"aligncenter wp-image-8717 size-full\" src=\"https:\/\/recarprofi.cz\/wp-content\/uploads\/2017\/02\/pomot-4.jpg\" alt=\"\" width=\"600\" height=\"450\" srcset=\"https:\/\/recarprofi.cz\/wp-content\/uploads\/2017\/02\/pomot-4.jpg 600w, https:\/\/recarprofi.cz\/wp-content\/uploads\/2017\/02\/pomot-4-416x312.jpg 416w, https:\/\/recarprofi.cz\/wp-content\/uploads\/2017\/02\/pomot-4-300x225.jpg 300w\" sizes=\"(max-width: 600px) 100vw, 600px\" \/><\/a><\/p>\t\t\t\t\t\t\t\t<\/div>\n\t\t\t\t<\/div>\n\t\t\t\t\t<\/div>\n\t\t<\/div>\n\t\t\t\t\t<\/div>\n\t\t<\/section>\n\t\t\t\t<\/div>\n\t\t","protected":false},"excerpt":{"rendered":"<p>UPR &#8211; Licence od Novoz\u00e9landsk\u00e9 spole\u010dnosti (www.transpread.com)TRANSPREAD, kter\u00e1 vyr\u00e1b\u00ed rozmetadla od roku 1951. Ro\u010dn\u011b je vyrobeno p\u0159es 2000 kus\u016f rozmetadel. Z\u00e1sobn\u00edk je vyroben z oceli o tlou\u0161\u0165ce 3 mm z d\u016fvodu sn\u00ed\u017een\u00ed v\u00e1hy stroje a&hellip;<\/p>\n","protected":false},"author":1,"featured_media":0,"parent":3893,"menu_order":5,"comment_status":"closed","ping_status":"closed","template":"","meta":{"footnotes":""},"class_list":["post-8714","page","type-page","status-publish","hentry"],"_links":{"self":[{"href":"https:\/\/recarprofi.cz\/uvod\/wp-json\/wp\/v2\/pages\/8714","targetHints":{"allow":["GET"]}}],"collection":[{"href":"https:\/\/recarprofi.cz\/uvod\/wp-json\/wp\/v2\/pages"}],"about":[{"href":"https:\/\/recarprofi.cz\/uvod\/wp-json\/wp\/v2\/types\/page"}],"author":[{"embeddable":true,"href":"https:\/\/recarprofi.cz\/uvod\/wp-json\/wp\/v2\/users\/1"}],"replies":[{"embeddable":true,"href":"https:\/\/recarprofi.cz\/uvod\/wp-json\/wp\/v2\/comments?post=8714"}],"version-history":[{"count":6,"href":"https:\/\/recarprofi.cz\/uvod\/wp-json\/wp\/v2\/pages\/8714\/revisions"}],"predecessor-version":[{"id":21409,"href":"https:\/\/recarprofi.cz\/uvod\/wp-json\/wp\/v2\/pages\/8714\/revisions\/21409"}],"up":[{"embeddable":true,"href":"https:\/\/recarprofi.cz\/uvod\/wp-json\/wp\/v2\/pages\/3893"}],"wp:attachment":[{"href":"https:\/\/recarprofi.cz\/uvod\/wp-json\/wp\/v2\/media?parent=8714"}],"curies":[{"name":"wp","href":"https:\/\/api.w.org\/{rel}","templated":true}]}}