{"id":8726,"date":"2017-02-07T14:31:54","date_gmt":"2017-02-07T13:31:54","guid":{"rendered":"http:\/\/recarprofi.cz\/?page_id=8726"},"modified":"2020-05-11T13:44:10","modified_gmt":"2020-05-11T11:44:10","slug":"rozmetadla-organickych-hnojiv-unia","status":"publish","type":"page","link":"https:\/\/recarprofi.cz\/uvod\/zemedelska-technika\/hnojeni\/rozmetadla-organickych-hnojiv-unia\/","title":{"rendered":"Rozmetadla organick\u00fdch hnojiv Unia"},"content":{"rendered":"\t\t<div data-elementor-type=\"wp-page\" data-elementor-id=\"8726\" class=\"elementor elementor-8726\">\n\t\t\t\t\t\t<section class=\"elementor-section elementor-top-section elementor-element elementor-element-2e9ab1b5 elementor-section-boxed elementor-section-height-default elementor-section-height-default\" data-id=\"2e9ab1b5\" data-element_type=\"section\" data-e-type=\"section\">\n\t\t\t\t\t\t<div class=\"elementor-container elementor-column-gap-default\">\n\t\t\t\t\t<div class=\"elementor-column elementor-col-100 elementor-top-column elementor-element elementor-element-11f98269\" data-id=\"11f98269\" data-element_type=\"column\" data-e-type=\"column\">\n\t\t\t<div class=\"elementor-widget-wrap elementor-element-populated\">\n\t\t\t\t\t\t<div class=\"elementor-element elementor-element-7a4abe1 elementor-widget elementor-widget-text-editor\" data-id=\"7a4abe1\" data-element_type=\"widget\" data-e-type=\"widget\" data-widget_type=\"text-editor.default\">\n\t\t\t\t<div class=\"elementor-widget-container\">\n\t\t\t\t\t\t\t\t\t<p><strong>Apollo<a href=\"http:\/\/recarprofi.cz\/wp-content\/uploads\/2017\/02\/unia-apollo.jpg\"><img fetchpriority=\"high\" decoding=\"async\" class=\"aligncenter wp-image-8727 size-full\" src=\"https:\/\/recarprofi.cz\/wp-content\/uploads\/2017\/02\/unia-apollo.jpg\" alt=\"\" width=\"600\" height=\"449\" srcset=\"https:\/\/recarprofi.cz\/wp-content\/uploads\/2017\/02\/unia-apollo.jpg 600w, https:\/\/recarprofi.cz\/wp-content\/uploads\/2017\/02\/unia-apollo-416x311.jpg 416w, https:\/\/recarprofi.cz\/wp-content\/uploads\/2017\/02\/unia-apollo-300x225.jpg 300w\" sizes=\"(max-width: 600px) 100vw, 600px\" \/><\/a><\/strong><br \/>Rozmetadla chl\u00e9vsk\u00e9 mrvy, kompostu a ostatn\u00edch statkov\u00fdch hnojiv. Jedna pevn\u00e1 n\u00e1prava s\u00a0pevn\u00fdmi koly pro pr\u016fjezd i podm\u00e1\u010den\u00fdm ter\u00e9nem. Listov\u011b odpru\u017een\u00e1 oj pro vy\u0161\u0161\u00ed komfort j\u00edzdy. Pohon rozmetac\u00edch v\u00e1lc\u016f pomoc\u00ed v\u00fdvodov\u00e9 h\u0159\u00eddele, pohon dopravn\u00edku pomoc\u00ed hydromotor\u016f s\u00a0plynul\u00fdm nastaven\u00edm rychlosti. Ji\u0161t\u011bn\u00ed proti p\u0159et\u00ed\u017een\u00ed. V\u00edce variant pracovn\u00edch adapt\u00e9r\u016f. Mo\u017enost gilot\u00edny, \u010di zadn\u00ed clony.<\/p><table style=\"height: 1016px;\" border=\"0\" width=\"661\"><tbody><tr><td>TYP<\/td><td>\u00a0<\/td><td><strong>APOLLO 6<\/strong><\/td><td><strong>APOLLO 8<\/strong><\/td><td><strong>APOLLO 10<\/strong><\/td><td><strong>APOLLO 11<\/strong><\/td><td><strong>APOLLO 14<\/strong><\/td><td><p style=\"text-align: left;\"><strong>APOLLO<\/strong><\/p><p style=\"text-align: left;\"><strong>16<\/strong><\/p><\/td><td><strong>APOLLO 24<\/strong><\/td><\/tr><tr><td>OBJEM KORBY<\/td><td>m<sup>3<\/sup><\/td><td>\u00a06<\/td><td>\u00a07,5<\/td><td>\u00a010<\/td><td>11<\/td><td>13<\/td><td>16,5<\/td><td>\u00a020<\/td><\/tr><tr><td>NOSNOST<\/td><td>t<\/td><td>\u00a05<\/td><td>\u00a06,5<\/td><td>\u00a08<\/td><td>\u00a09<\/td><td>\u00a011<\/td><td>\u00a013<\/td><td>\u00a018<\/td><\/tr><tr><td>PRACOVN\u00cd \u0160\u00cd\u0158E<\/td><td>m<\/td><td>\u00a08-12<\/td><td>\u00a08-12<\/td><td>\u00a08-12<\/td><td>\u00a08-12<\/td><td>\u00a08-12<\/td><td>\u00a08-12<\/td><td>\u00a08-12<\/td><\/tr><tr><td>CELKOV\u00c9 ROZM\u011aRY<\/td><td>\u00a0<\/td><td>\u00a0<\/td><td>\u00a0<\/td><td>\u00a0<\/td><td>\u00a0<\/td><td>\u00a0<\/td><td>\u00a0<\/td><td>\u00a0<\/td><\/tr><tr><td>\u0160\u00cd\u0158KA<\/td><td>m<\/td><td>6,95<\/td><td>7,1<\/td><td>7,1<\/td><td>\u00a07,6<\/td><td>\u00a08,25<\/td><td>\u00a08,25<\/td><td>\u00a08,95<\/td><\/tr><tr><td>D\u00c9LKA<\/td><td>m<\/td><td>2,57<\/td><td>2,55<\/td><td>\u00a02,55<\/td><td>\u00a02,8<\/td><td>\u00a03,09<\/td><td>\u00a03,05<\/td><td>\u00a02,6<\/td><\/tr><tr><td>V\u00dd\u0160KA<\/td><td>m<\/td><td>2,6<\/td><td>2,7<\/td><td>\u00a02,8<\/td><td>\u00a02,8<\/td><td>\u00a02,95<\/td><td>\u00a03,06<\/td><td>\u00a03<\/td><\/tr><tr><td>ROZM\u011aR KORBY<\/td><td>m<\/td><td>\u00a0<\/td><td>\u00a0<\/td><td>\u00a0<\/td><td>\u00a0<\/td><td>\u00a0<\/td><td>\u00a0<\/td><td>\u00a0<\/td><\/tr><tr><td>\u0160\u00cd\u0158KA<\/td><td>m<\/td><td>4,34<\/td><td>\u00a04,34<\/td><td>\u00a04,34<\/td><td>\u00a04,48<\/td><td>\u00a05,48<\/td><td>\u00a05,48<\/td><td>\u00a06,2<\/td><\/tr><tr><td>D\u00c9LKA<\/td><td>m<\/td><td>1,46-1,96<\/td><td>1,46-1,96<\/td><td>\u00a01,46-1,96<\/td><td>\u00a01,56-1,96<\/td><td>\u00a01,5-2,3<\/td><td>\u00a015-2,3<\/td><td>\u00a01,5-2,3<\/td><\/tr><tr><td>V\u00dd\u0160KA<\/td><td>m<\/td><td>0,98<\/td><td>1,04<\/td><td>\u00a01,37<\/td><td>\u00a01,29<\/td><td>\u00a01,4<\/td><td>\u00a01,73<\/td><td>\u00a01,83<\/td><\/tr><tr><td>KOLA<\/td><td>&#8211;<\/td><td>18,4&#215;30<\/td><td>18,4&#215;34<\/td><td>\u00a018,4&#215;38<\/td><td>\u00a023,1xR26<\/td><td>\u00a028,1 R26<\/td><td>\u00a0650\/75R32<\/td><td>\u00a023,1R26<\/td><\/tr><tr><td>HMOTNOST<\/td><td>\u00a0kg<\/td><td>\u00a03 400<\/td><td>\u00a04 040<\/td><td>\u00a04 090<\/td><td>\u00a04 500<\/td><td>\u00a05 730<\/td><td>\u00a05 780<\/td><td>\u00a05 650<\/td><\/tr><tr><td>TRAKTOR<\/td><td>\u00a0hp<\/td><td>\u00a050-60<\/td><td>\u00a070-80<\/td><td>\u00a075-90<\/td><td>\u00a080-100<\/td><td>\u00a0100-115<\/td><td>\u00a0120-130<\/td><td>120-130<\/td><\/tr><\/tbody><\/table><p><a href=\"http:\/\/recarprofi.cz\/wp-content\/uploads\/2017\/02\/unia-apollo-8.jpg\"><img decoding=\"async\" class=\"aligncenter wp-image-8745 size-full\" src=\"https:\/\/recarprofi.cz\/wp-content\/uploads\/2017\/02\/unia-apollo-8.jpg\" alt=\"\" width=\"1100\" height=\"460\" srcset=\"https:\/\/recarprofi.cz\/wp-content\/uploads\/2017\/02\/unia-apollo-8.jpg 1100w, https:\/\/recarprofi.cz\/wp-content\/uploads\/2017\/02\/unia-apollo-8-600x251.jpg 600w, https:\/\/recarprofi.cz\/wp-content\/uploads\/2017\/02\/unia-apollo-8-300x125.jpg 300w, https:\/\/recarprofi.cz\/wp-content\/uploads\/2017\/02\/unia-apollo-8-768x321.jpg 768w, https:\/\/recarprofi.cz\/wp-content\/uploads\/2017\/02\/unia-apollo-8-1024x428.jpg 1024w\" sizes=\"(max-width: 1100px) 100vw, 1100px\" \/><\/a><\/p><table border=\"0\"><tbody><tr><td><strong>APOLLO PREMIUM<\/strong><\/td><td>\u00a0<\/td><td><strong>8<\/strong><\/td><td><strong>10<\/strong><\/td><td><strong>11<\/strong><\/td><td><strong>13<\/strong><\/td><td><strong>14<\/strong><\/td><td><strong>16<\/strong><\/td><\/tr><tr><td>OBJEM KORBY<\/td><td>m<sup>3<\/sup><\/td><td>7,5<\/td><td>10<\/td><td>11<\/td><td>12<\/td><td>14<\/td><td>16,5<\/td><\/tr><tr><td>NOSNOST<\/td><td>t<\/td><td>6,5<\/td><td>8<\/td><td>9<\/td><td>10<\/td><td>11<\/td><td>13<\/td><\/tr><tr><td>PRACOVN\u00cd \u0160\u00cd\u0158E<\/td><td>m<\/td><td>8-12<\/td><td>8-12<\/td><td>8-24<\/td><td>8-24<\/td><td>8-24<\/td><td>8-24<\/td><\/tr><tr><td>CELKOV\u00c9 ROZM\u011aRY<\/td><td>\u00a0<\/td><td>\u00a0<\/td><td>\u00a0<\/td><td>\u00a0<\/td><td>\u00a0<\/td><td>\u00a0<\/td><td>\u00a0<\/td><\/tr><tr><td>\u0160\u00cd\u0158KA<\/td><td>m<\/td><td>2,55<\/td><td>2,55<\/td><td>2,8<\/td><td>2,8<\/td><td>3,09<\/td><td>3,09<\/td><\/tr><tr><td>D\u00c9LKA<\/td><td>m<\/td><td>7,1<\/td><td>7,6<\/td><td>7,6<\/td><td>7,6<\/td><td>8,25<\/td><td>8,25<\/td><\/tr><tr><td>V\u00dd\u0160KA<\/td><td>m<\/td><td>2,7<\/td><td>2,8<\/td><td>2,8<\/td><td>2,9<\/td><td>5,48<\/td><td>5,48<\/td><\/tr><tr><td>\u00a0ROZM\u011aR KORBY<\/td><td>\u00a0<\/td><td>\u00a0<\/td><td>\u00a0<\/td><td>\u00a0<\/td><td>\u00a0<\/td><td>\u00a0<\/td><td>\u00a0<\/td><\/tr><tr><td>\u00a0\u0160\u00cd\u0158KA<\/td><td>m<\/td><td>1,46-1,96<\/td><td>1,46-1,96<\/td><td>1,50-2,3<\/td><td>1,50-2,3<\/td><td>1,50-2,3<\/td><td>1,50-2,3<\/td><\/tr><tr><td>\u00a0D\u00c9LKA<\/td><td>m<\/td><td>4,34<\/td><td>4,34<\/td><td>4,48<\/td><td>4,48<\/td><td>5,48<\/td><td>5,48<\/td><\/tr><tr><td>\u00a0V\u00dd\u0160KA<\/td><td>m<\/td><td>1,18<\/td><td>1,37<\/td><td>1,29<\/td><td>1,59<\/td><td>1,4<\/td><td>1,73<\/td><\/tr><tr><td>\u00a0KOLA<\/td><td>\u00a0<\/td><td>18,4&#215;34<\/td><td>18,4&#215;38<\/td><td>23,1 R26<\/td><td>580\/70R38<\/td><td>28,1 R26<\/td><td>650\/75 R32<\/td><\/tr><tr><td>\u00a0HMOTNOST<\/td><td>\u00a0kg<\/td><td>4 100<\/td><td>4 200<\/td><td>4 500<\/td><td>4 800<\/td><td>5 730<\/td><td>5 880<\/td><\/tr><tr><td>\u00a0TRAKTOR<\/td><td>\u00a0hp<\/td><td>\u00a080<\/td><td>90<\/td><td>80-100<\/td><td>80-120<\/td><td>100-120<\/td><td>120-150<\/td><\/tr><\/tbody><\/table><p><a href=\"http:\/\/recarprofi.cz\/wp-content\/uploads\/2017\/02\/unia-titan3-2.jpg\"><br \/><\/a><a href=\"http:\/\/recarprofi.cz\/wp-content\/uploads\/2017\/02\/unia-titan3-2.jpg\"><img decoding=\"async\" class=\"aligncenter wp-image-8748 size-full\" src=\"https:\/\/recarprofi.cz\/wp-content\/uploads\/2017\/02\/unia-titan3-2.jpg\" alt=\"\" width=\"1100\" height=\"460\" srcset=\"https:\/\/recarprofi.cz\/wp-content\/uploads\/2017\/02\/unia-titan3-2.jpg 1100w, https:\/\/recarprofi.cz\/wp-content\/uploads\/2017\/02\/unia-titan3-2-600x251.jpg 600w, https:\/\/recarprofi.cz\/wp-content\/uploads\/2017\/02\/unia-titan3-2-300x125.jpg 300w, https:\/\/recarprofi.cz\/wp-content\/uploads\/2017\/02\/unia-titan3-2-768x321.jpg 768w, https:\/\/recarprofi.cz\/wp-content\/uploads\/2017\/02\/unia-titan3-2-1024x428.jpg 1024w\" sizes=\"(max-width: 1100px) 100vw, 1100px\" \/><\/a><\/p><p><strong>Tytan<\/strong><br \/>Rozmetadla chl\u00e9vsk\u00e9 mrvy na tandemov\u00e9 n\u00e1prav\u011b, vyjma men\u0161\u00edch objem\u016f. Gilot\u00edna, pohon podlahov\u00e9ho dopravn\u00edku plynul\u00fd, pomoc\u00ed hydromotor\u016f, pohon rozmetac\u00edho \u00fastroj\u00ed v\u00fdvodovou h\u0159\u00eddel\u00ed, mechanick\u00e1 podp\u016frn\u00e1 noha, kardan. Vhodn\u00e1 n\u00e1hrada za ji\u017e dosluhuj\u00edc\u00ed rozmetadla RUR 5<\/p><table border=\"0\"><tbody><tr><td><strong>TYTAN<\/strong><\/td><td>\u00a0<\/td><td><strong>20<\/strong><\/td><td><strong>24<\/strong><\/td><td><strong>30<\/strong><\/td><td><strong>36<\/strong><\/td><\/tr><tr><td>OBJEM KORBY<\/td><td>m<sup>3<\/sup><\/td><td>19<\/td><td>22<\/td><td>25<\/td><td>30<\/td><\/tr><tr><td>NOSNOST<\/td><td>kg<\/td><td>16 000<\/td><td>20 000<\/td><td>22 000<\/td><td>24 000<\/td><\/tr><tr><td>PRACOVN\u00cd \u0160\u00cd\u0158E<\/td><td>m<\/td><td>8-24<\/td><td>8-24<\/td><td>8-24<\/td><td>8-24<\/td><\/tr><tr><td>CELKOV\u00c9 ROZM\u011aRY<\/td><td>\u00a0<\/td><td>\u00a0<\/td><td>\u00a0<\/td><td>\u00a0<\/td><td>\u00a0<\/td><\/tr><tr><td>D\u00c9LKA<\/td><td>m<\/td><td>7,93<\/td><td>9,43<\/td><td>7,93<\/td><td>11<\/td><\/tr><tr><td>\u0160\u00cd\u0158KA<\/td><td>m<\/td><td>2,6<\/td><td>2,6<\/td><td>2,6<\/td><td>2,75\/2,91<\/td><\/tr><tr><td>V\u00dd\u0160KA<\/td><td>m<\/td><td>3,13<\/td><td>3,24<\/td><td>3,13<\/td><td>3,67<\/td><\/tr><tr><td>ROZM\u011aR KORBY<\/td><td>\u00a0<\/td><td>\u00a0<\/td><td>\u00a0<\/td><td>\u00a0<\/td><td>\u00a0<\/td><\/tr><tr><td>D\u00c9LKA<\/td><td>m<\/td><td>4,85<\/td><td>6,35<\/td><td>4,85<\/td><td>7,05<\/td><\/tr><tr><td>\u0160\u00cd\u0158KA<\/td><td>m<\/td><td>2-2,35<\/td><td>2-2,35<\/td><td>2<\/td><td>2,32<\/td><\/tr><tr><td>V\u00dd\u0160KA<\/td><td>m<\/td><td>1,25<\/td><td>1,25<\/td><td>1,75<\/td><td>1,75<\/td><\/tr><tr><td>KOLA<\/td><td>\u00a0<\/td><td>550\/60&#215;22,5<\/td><td>600\/55&#215;26,5<\/td><td>550\/60&#215;22,5<\/td><td>60\/55&#215;26,5<\/td><\/tr><tr><td>HMOTNOST<\/td><td>t<\/td><td>6,5<\/td><td>8,2<\/td><td>9,8<\/td><td>12,3<\/td><\/tr><tr><td>TRAKTOR<\/td><td>hp<\/td><td>120-150<\/td><td>od 190<\/td><td>od 280<\/td><td>od 280<\/td><\/tr><tr><td>\u00a0<\/td><td>\u00a0<\/td><td>\u00a0<\/td><td>\u00a0<\/td><td>\u00a0<\/td><td>\u00a0<\/td><\/tr><\/tbody><\/table><p><a href=\"http:\/\/recarprofi.cz\/wp-content\/uploads\/2017\/02\/tytan-24.jpg\"><img loading=\"lazy\" decoding=\"async\" class=\"aligncenter wp-image-8753 size-full\" src=\"https:\/\/recarprofi.cz\/wp-content\/uploads\/2017\/02\/tytan-24.jpg\" alt=\"\" width=\"1200\" height=\"900\" srcset=\"https:\/\/recarprofi.cz\/wp-content\/uploads\/2017\/02\/tytan-24.jpg 1200w, https:\/\/recarprofi.cz\/wp-content\/uploads\/2017\/02\/tytan-24-600x450.jpg 600w, https:\/\/recarprofi.cz\/wp-content\/uploads\/2017\/02\/tytan-24-300x225.jpg 300w, https:\/\/recarprofi.cz\/wp-content\/uploads\/2017\/02\/tytan-24-768x576.jpg 768w, https:\/\/recarprofi.cz\/wp-content\/uploads\/2017\/02\/tytan-24-1024x768.jpg 1024w\" sizes=\"(max-width: 1200px) 100vw, 1200px\" \/><\/a><\/p><table border=\"0\"><tbody><tr><td><strong>TYTAN PREMIUM<\/strong><\/td><td>\u00a0<\/td><td><strong>7\/7 TD<\/strong><\/td><td><strong>8\/8 TD<\/strong><\/td><td><strong>10\/10 TD<\/strong><\/td><\/tr><tr><td>OBJEM KORBY<\/td><td>m<sup>3<\/sup><\/td><td>5,5<\/td><td>7,0<\/td><td>9,0<\/td><\/tr><tr><td>NOSNOST<\/td><td>kg<\/td><td>5 500<\/td><td>6 500<\/td><td>8 000<\/td><\/tr><tr><td>PRACOVN\u00cd \u0160\u00cd\u0158E<\/td><td>m<\/td><td>4-24<\/td><td>4-24<\/td><td>4-24<\/td><\/tr><tr><td>CELKOV\u00c9 ROZM\u011aRY<\/td><td>\u00a0<\/td><td>\u00a0<\/td><td>\u00a0<\/td><td>\u00a0<\/td><\/tr><tr><td>D\u00c9LKA<\/td><td>m<\/td><td>6,75<\/td><td>6,75<\/td><td>6,75<\/td><\/tr><tr><td>\u0160\u00cd\u0158KA<\/td><td>m<\/td><td>2,30<\/td><td>2,30<\/td><td>2,30<\/td><\/tr><tr><td>V\u00dd\u0160KA<\/td><td>m<\/td><td>2,64<\/td><td>2,64<\/td><td>2,64<\/td><\/tr><tr><td>ROZM\u011aR KORY<\/td><td>\u00a0<\/td><td>\u00a0<\/td><td>\u00a0<\/td><td>\u00a0<\/td><\/tr><tr><td>D\u00c9LKA<\/td><td>m<\/td><td>4,35<\/td><td>4,35<\/td><td>4,35<\/td><\/tr><tr><td>\u0160\u00cd\u0158KA<\/td><td>m<\/td><td>1,8<\/td><td>1,8<\/td><td>1,8<\/td><\/tr><tr><td>V\u00dd\u0160KA<\/td><td>m<\/td><td>0,75<\/td><td>1,0<\/td><td>1,25<\/td><\/tr><tr><td>KOLA<\/td><td>\u00a0<\/td><td>500\/50 x 17 \/ 400\/60 x 15,5<\/td><td>500\/50 x 17 \/ 400\/60 x 15,5<\/td><td>550\/45 x 22,5 \/ 500\/50 x 17<\/td><\/tr><tr><td>HMOTNOST<\/td><td>t<\/td><td>a\u017e 3,3<\/td><td>a\u017e 3,4<\/td><td>a\u017e 3,5<\/td><\/tr><tr><td>TRAKTOR<\/td><td>hp<\/td><td>60-70<\/td><td>70-80<\/td><td>90-100<\/td><\/tr><tr><td>\u00a0<\/td><td>\u00a0<\/td><td>\u00a0<\/td><td>\u00a0<\/td><td>\u00a0<\/td><\/tr><\/tbody><\/table><p><a href=\"http:\/\/recarprofi.cz\/wp-content\/uploads\/2017\/02\/unia-titan-1.jpg\"><img loading=\"lazy\" decoding=\"async\" class=\"aligncenter wp-image-8749 size-full\" src=\"https:\/\/recarprofi.cz\/wp-content\/uploads\/2017\/02\/unia-titan-1.jpg\" alt=\"\" width=\"1024\" height=\"697\" srcset=\"https:\/\/recarprofi.cz\/wp-content\/uploads\/2017\/02\/unia-titan-1.jpg 1024w, https:\/\/recarprofi.cz\/wp-content\/uploads\/2017\/02\/unia-titan-1-600x408.jpg 600w, https:\/\/recarprofi.cz\/wp-content\/uploads\/2017\/02\/unia-titan-1-300x204.jpg 300w, https:\/\/recarprofi.cz\/wp-content\/uploads\/2017\/02\/unia-titan-1-768x523.jpg 768w\" sizes=\"(max-width: 1024px) 100vw, 1024px\" \/><\/a><\/p><table border=\"0\"><tbody><tr><td>\u00a0<strong>TYTAN PREMIUM &#8211; TANDEM<\/strong><\/td><td>\u00a0<\/td><td><strong>11 TD<\/strong><\/td><td><strong>13 TD<\/strong><\/td><td><strong>18 TD<\/strong><\/td><\/tr><tr><td>OBJEM KORBY<\/td><td>m<sup>3<\/sup><\/td><td>10<\/td><td>11<\/td><td>13,5<\/td><\/tr><tr><td>NOSNOST<\/td><td>kg<\/td><td>9 000<\/td><td>10 000<\/td><td>14 000<\/td><\/tr><tr><td>PRACOVN\u00cd \u0160\u00cd\u0158E<\/td><td>m<\/td><td>8-24<\/td><td>8-24<\/td><td>8-24<\/td><\/tr><tr><td>CELKOV\u00c9 ROZM\u011aRY<\/td><td>\u00a0<\/td><td>\u00a0<\/td><td>\u00a0<\/td><td>\u00a0<\/td><\/tr><tr><td>D\u00c9LKA<\/td><td>m<\/td><td>6,75<\/td><td>6,75<\/td><td>6,75<\/td><\/tr><tr><td>\u0160\u00cd\u0158KA<\/td><td>m<\/td><td>2,5<\/td><td>2,65<\/td><td>2,65<\/td><\/tr><tr><td>V\u00dd\u0160KA<\/td><td>m<\/td><td>2,76<\/td><td>2,85<\/td><td>2,95<\/td><\/tr><tr><td>ROZM\u011aR KORY<\/td><td>\u00a0<\/td><td>\u00a0<\/td><td>\u00a0<\/td><td>\u00a0<\/td><\/tr><tr><td>D\u00c9LKA<\/td><td>m<\/td><td>4,35<\/td><td>4,35<\/td><td>4,35<\/td><\/tr><tr><td>\u0160\u00cd\u0158KA<\/td><td>m<\/td><td>2,0<\/td><td>2,0<\/td><td>2,0<\/td><\/tr><tr><td>V\u00dd\u0160KA<\/td><td>m<\/td><td>1,0<\/td><td>1,25<\/td><td>1,5<\/td><\/tr><tr><td>KOLA<\/td><td>\u00a0<\/td><td>400\/60 x 22,5<\/td><td>500\/6 x 22,5<\/td><td>550\/60 x 22,5<\/td><\/tr><tr><td>HMOTNOST<\/td><td>t<\/td><td>do 4,7<\/td><td>do 5,3<\/td><td>do 5,5<\/td><\/tr><tr><td>TRAKTOR<\/td><td>hp<\/td><td>100-110<\/td><td>110-120<\/td><td>130-150<\/td><\/tr><\/tbody><\/table>\t\t\t\t\t\t\t\t<\/div>\n\t\t\t\t<\/div>\n\t\t\t\t\t<\/div>\n\t\t<\/div>\n\t\t\t\t\t<\/div>\n\t\t<\/section>\n\t\t\t\t<\/div>\n\t\t","protected":false},"excerpt":{"rendered":"<p>ApolloRozmetadla chl\u00e9vsk\u00e9 mrvy, kompostu a ostatn\u00edch statkov\u00fdch hnojiv. Jedna pevn\u00e1 n\u00e1prava s\u00a0pevn\u00fdmi koly pro pr\u016fjezd i podm\u00e1\u010den\u00fdm ter\u00e9nem. Listov\u011b odpru\u017een\u00e1 oj pro vy\u0161\u0161\u00ed komfort j\u00edzdy. Pohon rozmetac\u00edch v\u00e1lc\u016f pomoc\u00ed v\u00fdvodov\u00e9 h\u0159\u00eddele, pohon dopravn\u00edku pomoc\u00ed hydromotor\u016f&hellip;<\/p>\n","protected":false},"author":1,"featured_media":0,"parent":3893,"menu_order":7,"comment_status":"closed","ping_status":"closed","template":"","meta":{"footnotes":""},"class_list":["post-8726","page","type-page","status-publish","hentry"],"_links":{"self":[{"href":"https:\/\/recarprofi.cz\/uvod\/wp-json\/wp\/v2\/pages\/8726","targetHints":{"allow":["GET"]}}],"collection":[{"href":"https:\/\/recarprofi.cz\/uvod\/wp-json\/wp\/v2\/pages"}],"about":[{"href":"https:\/\/recarprofi.cz\/uvod\/wp-json\/wp\/v2\/types\/page"}],"author":[{"embeddable":true,"href":"https:\/\/recarprofi.cz\/uvod\/wp-json\/wp\/v2\/users\/1"}],"replies":[{"embeddable":true,"href":"https:\/\/recarprofi.cz\/uvod\/wp-json\/wp\/v2\/comments?post=8726"}],"version-history":[{"count":21,"href":"https:\/\/recarprofi.cz\/uvod\/wp-json\/wp\/v2\/pages\/8726\/revisions"}],"predecessor-version":[{"id":21670,"href":"https:\/\/recarprofi.cz\/uvod\/wp-json\/wp\/v2\/pages\/8726\/revisions\/21670"}],"up":[{"embeddable":true,"href":"https:\/\/recarprofi.cz\/uvod\/wp-json\/wp\/v2\/pages\/3893"}],"wp:attachment":[{"href":"https:\/\/recarprofi.cz\/uvod\/wp-json\/wp\/v2\/media?parent=8726"}],"curies":[{"name":"wp","href":"https:\/\/api.w.org\/{rel}","templated":true}]}}